{"id":1671,"date":"2022-10-26T14:33:37","date_gmt":"2022-10-26T12:33:37","guid":{"rendered":"https:\/\/parier-presidentielle.com\/?page_id=1671"},"modified":"2022-10-26T21:53:57","modified_gmt":"2022-10-26T19:53:57","slug":"cotes-bookmakers-second-tour-elections-bresiliennes-lula-bolsonaro","status":"publish","type":"page","link":"https:\/\/parier-presidentielle.com\/ar\/%d8%a7%d8%ad%d8%aa%d9%85%d8%a7%d9%84%d8%a7%d8%aa-%d8%a7%d9%84%d9%85%d8%b1%d8%a7%d9%87%d9%86%d8%a7%d8%aa-%d8%a7%d9%84%d8%ac%d9%88%d9%84%d8%a9-%d8%a7%d9%84%d8%ab%d8%a7%d9%86%d9%8a%d8%a9-%d8%a7%d9%84\/","title":{"rendered":"\u0627\u062d\u062a\u0645\u0627\u0644\u0627\u062a \u0648\u0643\u0644\u0627\u0621 \u0627\u0644\u0645\u0631\u0627\u0647\u0646\u0627\u062a \u0644\u0644\u062c\u0648\u0644\u0629 \u0627\u0644\u062b\u0627\u0646\u064a\u0629 \u0645\u0646 \u0627\u0644\u0627\u0646\u062a\u062e\u0627\u0628\u0627\u062a \u0627\u0644\u0628\u0631\u0627\u0632\u064a\u0644\u064a\u0629 \u0628\u064a\u0646 \u0644\u0648\u0644\u0627 \u0648\u0628\u0648\u0644\u0633\u0648\u0646\u0627\u0631\u0648"},"content":{"rendered":"<figure class=\"wp-block-image size-large is-style-default\"><img decoding=\"async\" loading=\"lazy\" width=\"1024\" height=\"512\" src=\"https:\/\/parier-presidentielle.com\/wp-content\/uploads\/2022\/10\/lula-bolsonaro-1024x512.jpg\" alt=\"\u0627\u0644\u0631\u0626\u064a\u0633 \u0627\u0644\u0628\u0631\u0627\u0632\u064a\u0644\u064a \u0627\u0644\u0633\u0627\u0628\u0642 \u060c \u0627\u0644\u0630\u064a \u064a\u0631\u0634\u062d \u0646\u0641\u0633\u0647 \u0644\u0625\u0639\u0627\u062f\u0629 \u0627\u0646\u062a\u062e\u0627\u0628\u0647 \u060c \u0644\u0648\u064a\u0632 \u0625\u064a\u0646\u0627\u0633\u064a\u0648 \u0644\u0648\u0644\u0627 \u062f\u0627 \u0633\u064a\u0644\u0641\u0627 \u060c \u064a\u0633\u0627\u0631 \u060c \u064a\u0638\u0647\u0631 \u0641\u064a \u0633\u0627\u0648 \u0628\u0627\u0648\u0644\u0648 \u060c \u0627\u0644\u0628\u0631\u0627\u0632\u064a\u0644 \u060c 3 \u064a\u0648\u0644\u064a\u0648 \u060c 2022 \u060c \u0648\u064a\u062d\u0636\u0631 \u0627\u0644\u0631\u0626\u064a\u0633 \u0627\u0644\u0628\u0631\u0627\u0632\u064a\u0644\u064a \u062c\u0627\u064a\u0631 \u0628\u0648\u0644\u0633\u0648\u0646\u0627\u0631\u0648 \u060c \u0625\u0644\u0649 \u0627\u0644\u064a\u0645\u064a\u0646 \u060c \u0627\u062c\u062a\u0645\u0627\u0639\u064b\u0627 \u0641\u064a 9 \u064a\u0648\u0646\u064a\u0648 2022 \u0641\u064a \u0644\u0648\u0633 \u0623\u0646\u062c\u064a\u0644\u064a\u0633. \u0633\u064a\u0630\u0647\u0628 \u0627\u0644\u0628\u0631\u0627\u0632\u064a\u0644\u064a\u0648\u0646 \u0625\u0644\u0649 \u0635\u0646\u0627\u062f\u064a\u0642 \u0627\u0644\u0627\u0642\u062a\u0631\u0627\u0639 \u0641\u064a \u0623\u0643\u062a\u0648\u0628\u0631 \u0648\u0633\u064a\u0643\u0648\u0646 \u0644\u062f\u064a\u0647\u0645 \u0627\u0644\u0627\u062e\u062a\u064a\u0627\u0631 \u0628\u064a\u0646 \u0625\u0639\u0627\u062f\u0629 \u0627\u0646\u062a\u062e\u0627\u0628 \u0628\u0648\u0644\u0633\u0648\u0646\u0627\u0631\u0648 \u0623\u0648 \u0625\u0639\u0627\u062f\u0629 \u0627\u0644\u0631\u0626\u064a\u0633 \u0627\u0644\u0633\u0627\u0628\u0642 \u062f\u0627 \u0633\u064a\u0644\u0641\u0627.\" class=\"wp-image-1675\" srcset=\"https:\/\/parier-presidentielle.com\/wp-content\/uploads\/2022\/10\/lula-bolsonaro-1024x512.jpg 1024w, https:\/\/parier-presidentielle.com\/wp-content\/uploads\/2022\/10\/lula-bolsonaro-300x150.jpg 300w, https:\/\/parier-presidentielle.com\/wp-content\/uploads\/2022\/10\/lula-bolsonaro-768x384.jpg 768w, https:\/\/parier-presidentielle.com\/wp-content\/uploads\/2022\/10\/lula-bolsonaro-18x9.jpg 18w, https:\/\/parier-presidentielle.com\/wp-content\/uploads\/2022\/10\/lula-bolsonaro.jpg 1440w\" sizes=\"(max-width: 1024px) 100vw, 1024px\" \/><\/figure>\n\n\n\n<p><\/p>\n\n\n\n<h2 class=\"wp-block-heading\">\u0631\u0627\u0647\u0646 \u0639\u0644\u0649 \u0627\u0644\u0641\u0648\u0632 \u0641\u064a \u0627\u0644\u062c\u0648\u0644\u0629 \u0627\u0644\u062b\u0627\u0646\u064a\u0629 \u0644\u0648\u0644\u0627 \u0623\u0648 \u0628\u0648\u0644\u0633\u0648\u0646\u0627\u0631\u0648<\/h2>\n\n\n\n<p><br>\u062e\u0644\u0627\u0644 \u0647\u0630\u0647 \u0627\u0644\u0627\u0646\u062a\u062e\u0627\u0628\u0627\u062a\u060c \u0633\u0645\u062d \u0627\u0644\u0639\u062f\u064a\u062f \u0645\u0646 \u0648\u0643\u0644\u0627\u0621 \u0627\u0644\u0645\u0631\u0627\u0647\u0646\u0627\u062a \u0639\u0628\u0631 \u0627\u0644\u0625\u0646\u062a\u0631\u0646\u062a \u0627\u0644\u0645\u0633\u062c\u0644\u064a\u0646 \u0641\u064a \u0627\u0644\u062e\u0627\u0631\u062c \u0644\u0644\u0623\u0634\u062e\u0627\u0635 \u0628\u0627\u0644\u0645\u0631\u0627\u0647\u0646\u0629 \u0628\u0645\u0628\u0627\u0644\u063a \u064a\u0639\u062a\u0642\u062f\u0648\u0646 \u0623\u0646 \u0645\u0631\u0634\u062d\u064b\u0627 \u0645\u0639\u064a\u0646\u064b\u0627 \u0633\u064a\u0641\u0648\u0632 \u0628\u0647\u0627 \u0641\u064a \u0627\u0644\u0627\u0646\u062a\u062e\u0627\u0628\u0627\u062a \u0627\u0644\u0631\u0626\u0627\u0633\u064a\u0629 \u0627\u0644\u0628\u0631\u0627\u0632\u064a\u0644\u064a\u0629\u060c \u0648\u0625\u0630\u0627 \u0643\u0627\u0646\u0648\u0627 \u0639\u0644\u0649 \u062d\u0642\u060c \u0641\u064a\u0645\u0643\u0646 \u0623\u0646 \u064a\u0641\u0648\u0632\u0648\u0627 \u0628\u0639\u0627\u0626\u062f \u0645\u0627\u0644\u064a \u0639\u0644\u0649 \u0627\u0644\u0645\u0628\u0644\u063a \u0627\u0644\u0630\u064a \u062a\u0645 \u0627\u0644\u0631\u0647\u0627\u0646 \u0639\u0644\u064a\u0647. \u0648\u0628\u0645\u0627 \u0623\u0646 \u0623\u0645\u0648\u0627\u0644 \u0647\u0630\u0647 \u0627\u0644\u0634\u0631\u0643\u0627\u062a \u0645\u0639\u0631\u0636\u0629 \u0644\u0644\u062e\u0637\u0631\u060c \u0641\u0625\u0646 \u062d\u0633\u0627\u0628\u0627\u062a\u0647\u0627 \u0644\u0639\u0648\u0627\u0626\u062f \u0627\u0644\u0631\u0647\u0627\u0646 \u0645\u0639\u0642\u062f\u0629 \u0648\u062a\u0623\u062e\u0630 \u0641\u064a \u0627\u0644\u0627\u0639\u062a\u0628\u0627\u0631 \u0639\u062f\u0629 \u0639\u0648\u0627\u0645\u0644 \u064a\u0645\u0643\u0646 \u0623\u0646 \u062a\u0642\u0644\u0644 \u0627\u0644\u062e\u0633\u0627\u0626\u0631.<\/p>\n\n\n\n<p>\u0623\u062c\u0631\u062a VEJA \u062f\u0631\u0627\u0633\u0629 \u0627\u0633\u062a\u0642\u0635\u0627\u0626\u064a\u0629 \u0644\u0633\u062a \u0634\u0631\u0643\u0627\u062a \u0623\u0644\u0639\u0627\u0628 \u0628\u0645\u0633\u0627\u0639\u062f\u0629 \u0627\u0644\u0628\u0631\u0648\u0641\u064a\u0633\u0648\u0631 \u0641\u0627\u0628\u064a\u0648 \u0645\u0627\u062a\u0634\u0627\u062f\u0648\u060c \u0631\u0626\u064a\u0633 \u0642\u0633\u0645 \u0627\u0644\u0625\u062d\u0635\u0627\u0621 \u0641\u064a \u0645\u0639\u0647\u062f USP \u0644\u0644\u0631\u064a\u0627\u0636\u064a\u0627\u062a \u0648\u0627\u0644\u0625\u062d\u0635\u0627\u0621\u060c \u0648\u0627\u0644\u0628\u064a\u0627\u0646\u0627\u062a \u0645\u062a\u0627\u062d\u0629 \u0639\u0644\u0649 \u0627\u0644\u0645\u0648\u0642\u0639 \u0627\u0644\u0625\u0644\u0643\u062a\u0631\u0648\u0646\u064a \u0647\u0630\u0627 \u0627\u0644\u0623\u0631\u0628\u0639\u0627\u0621 \u0645\u0646 5 \u0625\u0644\u0649 11 \u0633\u0627\u0639\u0629\u060c \u062a\u0648\u0636\u062d \u0646\u0633\u0628\u0629 \u0627\u0644\u0641\u0631\u0635\u0629 \u0627\u0644\u062a\u0642\u0631\u064a\u0628\u064a\u0629 \u0644\u0643\u0644 \u0645\u0631\u0634\u062d. \u0648\u0647\u0630\u0627 \u064a\u0648\u0636\u062d \u0623\u0646\u0647 \u0641\u064a \u0627\u0644\u0645\u062a\u0648\u0633\u0637\u060c \u064a\u0639\u062a\u0642\u062f\u0648\u0646 \u0623\u0646 \u0644\u0648\u064a\u0632 \u0625\u064a\u0646\u0627\u0633\u064a\u0648 \u0644\u0648\u0644\u0627 \u062f\u0627 \u0633\u064a\u0644\u0641\u0627 \u0644\u062f\u064a\u0647 \u0641\u0631\u0635\u0629 69.3 % \u0644\u0644\u0641\u0648\u0632 \u0641\u064a \u062c\u0648\u0644\u0629 \u0627\u0644\u0625\u0639\u0627\u062f\u0629\u060c \u0641\u064a \u062d\u064a\u0646 \u0623\u0646 \u062c\u0627\u064a\u064a\u0631 \u0628\u0648\u0644\u0633\u0648\u0646\u0627\u0631\u0648 \u0644\u062f\u064a\u0647 \u0641\u0631\u0635\u0629 30.6 % \u0644\u0644\u0641\u0648\u0632 \u0641\u064a \u062c\u0648\u0644\u0629 \u0627\u0644\u0625\u0639\u0627\u062f\u0629.<\/p>\n\n\n\n<p>\u062a\u0633\u062a\u062e\u062f\u0645 \u0627\u0644\u0643\u0627\u0632\u064a\u0646\u0648\u0647\u0627\u062a \u0637\u0631\u064a\u0642\u0629 \u0644\u062d\u0633\u0627\u0628 \u0627\u0644\u0631\u0647\u0627\u0646\u0627\u062a \u064a\u0637\u0644\u0642\u0648\u0646 \u0639\u0644\u064a\u0647\u0627 \u0627\u0633\u0645 &quot;\u0627\u0644\u0627\u062d\u062a\u0645\u0627\u0644\u0627\u062a&quot;\u060c \u0648\u0647\u064a \u0641\u064a \u0627\u0644\u062d\u0642\u064a\u0642\u0629 \u0644\u064a\u0633\u062a \u0623\u0643\u062b\u0631 \u0645\u0646 \u0645\u062c\u0631\u062f \u0645\u0636\u0627\u0639\u0641 \u064a\u0624\u062b\u0631 \u0639\u0644\u0649 \u0645\u0642\u062f\u0627\u0631 \u0627\u0644\u0631\u0647\u0627\u0646 \u0639\u0646\u062f\u0645\u0627 \u062a\u0636\u0631\u0628 \u0627\u0644\u0643\u0631\u0629. \u0641\u064a Unibet \u0639\u0644\u0649 \u0633\u0628\u064a\u0644 \u0627\u0644\u0645\u062b\u0627\u0644\u060c \u0645\u0642\u0627\u0628\u0644 \u0643\u0644 1 \u064a\u0648\u0631\u0648 \u0631\u0647\u0627\u0646 \u0639\u0644\u0649 \u0641\u0648\u0632 \u0627\u0644\u0645\u0631\u0634\u062d \u0644\u0648\u0644\u0627\u060c \u064a\u0641\u0648\u0632 \u0627\u0644\u0645\u0631\u0627\u0647\u0646 \u0628\u0640 1.33 \u064a\u0648\u0631\u0648 \u0625\u0630\u0627 \u0641\u0627\u0632 \u0641\u064a \u0627\u0644\u0627\u0646\u062a\u062e\u0627\u0628\u0627\u062a \u06483.25 \u064a\u0648\u0631\u0648 \u0641\u064a \u062d\u0627\u0644\u0629 \u0627\u0644\u0631\u0647\u0627\u0646 \u0648\u0628\u0648\u0644\u0633\u0648\u0646\u0627\u0631\u0648\u060c \u0645\u0645\u0627 \u064a\u0639\u0646\u064a \u0623\u0646 \u0627\u0644\u0645\u0631\u0627\u0647\u0646\u0627\u062a \u062a\u0639\u062a\u0628\u0631 \u0627\u0644\u062d\u062f\u062b \u0623\u0643\u062b\u0631 \u0627\u062d\u062a\u0645\u0627\u0644\u0627. .<\/p>\n\n\n\n<p>&quot;\u062a\u062a\u0636\u0645\u0646 \u0631\u064a\u0627\u0636\u064a\u0627\u062a \u0648\u0643\u0644\u0627\u0621 \u0627\u0644\u0645\u0631\u0627\u0647\u0646\u0627\u062a \u0623\u064a\u0636\u064b\u0627 \u0627\u0644\u062a\u0641\u0633\u064a\u0631\u060c \u0648\u0647\u0648 \u0645\u0627 \u064a\u0642\u0639 \u0628\u064a\u0646 \u0627\u0644\u0631\u064a\u0627\u0636\u064a\u0627\u062a \u0648\u0627\u0644\u062a\u062e\u0645\u064a\u0646\u060c \u0648\u0644\u0643\u0646\u0647\u0627 \u062a\u062a\u0636\u0645\u0646 \u0623\u0645\u0648\u0627\u0644\u0647\u0645\u060c \u0648\u0644\u0647\u0630\u0627 \u0627\u0644\u0633\u0628\u0628 \u064a\u062d\u0627\u0648\u0644\u0648\u0646 \u062a\u0642\u0631\u064a\u0628 \u0627\u0644\u0642\u064a\u0645\u0629 \u0645\u0646 \u0627\u0644\u0648\u0627\u0642\u0639. \u0648\u0642\u0627\u0644 \u0645\u0627\u062a\u0634\u0627\u062f\u0648: \u201c\u0645\u0646\u0637\u0642 \u0627\u0644\u0644\u0627\u0639\u0628\u064a\u0646 \u0648\u062d\u0645\u0627\u0633 \u0627\u0644\u0645\u0648\u0627\u0637\u0646\u064a\u0646 \u064a\u0638\u0647\u0631\u0627\u0646 \u0630\u0644\u0643 \u0627\u0644\u0623\u0645\u0631 \u0627\u0644\u0645\u062e\u062a\u0644\u0641\u201d.<\/p>\n\n\n\n<h2 class=\"wp-block-heading\">\u062e\u0644\u0627\u0641 \u0648\u0643\u0644\u0627\u0621 \u0627\u0644\u0645\u0631\u0627\u0647\u0646\u0627\u062a <\/h2>\n\n\n\n<p>\u0644\u0645 \u062a\u062d\u062f\u062f \u0627\u0644\u0645\u0646\u0627\u0632\u0644 \u0643\u064a\u0641\u064a\u0629 \u062d\u0633\u0627\u0628 \u062a\u0642\u064a\u064a\u0645\u0627\u062a\u0647\u0627\u060c \u0644\u0630\u0644\u0643 \u0628\u0627\u0644\u0646\u0633\u0628\u0629 \u0644\u0645\u0633\u062d VEJA\u060c \u062a\u0645 \u0625\u062c\u0631\u0627\u0621 \u062a\u0648\u0642\u0639\u0627\u062a \u062a\u0642\u0631\u064a\u0628\u064a\u0629 \u0628\u0646\u0627\u0621\u064b \u0639\u0644\u0649 \u0627\u0644\u0623\u0631\u0642\u0627\u0645 \u0627\u0644\u0645\u062a\u0627\u062d\u0629 \u0641\u064a \u0643\u0644 \u0645\u0648\u0642\u0639. &quot;\u062a\u0639\u0645\u0644 \u0627\u0644\u0625\u062d\u0635\u0627\u0626\u064a\u0627\u062a \u0639\u0644\u0649 \u0642\u064a\u0645 \u0627\u062d\u062a\u0645\u0627\u0644\u064a\u0629 \u0645\u0646 0 \u0625\u0644\u0649 1. \u0641\u0631\u0635 \u0627\u0644\u0645\u0631\u0634\u062d \u0644\u0644\u0641\u0648\u0632 \u0647\u064a \u0645\u0639\u0643\u0648\u0633 \u0627\u0644\u0627\u062d\u062a\u0645\u0627\u0644\u0627\u062a\u060c \u0648\u0644\u0647\u0630\u0627 \u0627\u0644\u0633\u0628\u0628 \u0623\u0642\u0633\u0645 \u0627\u0644\u0631\u0642\u0645 &quot;\u0648\u0627\u062d\u062f&quot; \u0639\u0644\u0649 \u0642\u064a\u0645\u0629 &quot;\u0641\u0631\u062f\u064a\u0629&quot;. \u0641\u064a \u0627\u0644\u0645\u062b\u0627\u0644 \u0627\u0644\u0623\u0648\u0644\u060c \u0627\u062b\u0646\u0627\u0646 \u0645\u0646 \u0627\u0644\u0645\u0631\u0634\u062d\u064a\u0646 \u0627\u0644\u0645\u062c\u0645\u0648\u0639 \u0647\u0648 1.059. \u0648\u0642\u0627\u0644 \u0645\u0627\u062a\u0634\u0627\u062f\u0648: &quot;\u0641\u064a \u0643\u062b\u064a\u0631 \u0645\u0646 \u0627\u0644\u062d\u0627\u0644\u0627\u062a\u060c \u064a\u0633\u0645\u0649 \u0647\u0630\u0627 \u0627\u0644\u0641\u0627\u0626\u0636 \u0627\u0644\u0628\u0627\u0644\u063a 0.059 \u0628\u0627\u0644\u0639\u0635\u064a\u0631\u060c \u0623\u0648 \u0645\u0642\u062f\u0627\u0631 \u0631\u0628\u062d \u0627\u0644\u0645\u0646\u0632\u0644 \u0639\u0644\u0649 \u0627\u0644\u0631\u0647\u0627\u0646&quot;. &quot;\u0644\u0644\u0639\u062b\u0648\u0631 \u0639\u0644\u0649 \u0627\u0644\u0646\u0633\u0628 \u0627\u0644\u0645\u0626\u0648\u064a\u0629\u060c \u0623\u062e\u0630\u062a \u0623\u062f\u0627\u0621 \u0627\u0644\u0645\u0646\u0632\u0644 \u0648\u0642\u0645\u062a \u0628\u062a\u0637\u0648\u064a\u0631 \u0642\u0627\u0639\u062f\u0629 \u0627\u0644\u062b\u0644\u0627\u062b\u0629 \u0644\u0645\u0639\u0631\u0641\u0629 \u0645\u062f\u0649 \u062a\u0637\u0627\u0628\u0642 \u0646\u062a\u0627\u0626\u062c \u0643\u0644 \u0645\u0631\u0634\u062d<\/p>","protected":false},"excerpt":{"rendered":"<p>\u0627\u0644\u0631\u0647\u0627\u0646 \u0639\u0644\u0649 \u0641\u0648\u0632 \u0644\u0648\u0644\u0627 \u0623\u0648 \u0628\u0648\u0644\u0633\u0648\u0646\u0627\u0631\u0648 \u0641\u064a \u062c\u0648\u0644\u0629 \u0627\u0644\u0625\u0639\u0627\u062f\u0629 \u062e\u0644\u0627\u0644 \u0647\u0630\u0647 \u0627\u0644\u0627\u0646\u062a\u062e\u0627\u0628\u0627\u062a\u060c \u0633\u0645\u062d \u0627\u0644\u0639\u062f\u064a\u062f \u0645\u0646 \u0648\u0643\u0644\u0627\u0621 \u0627\u0644\u0645\u0631\u0627\u0647\u0646\u0627\u062a \u0639\u0628\u0631 \u0627\u0644\u0625\u0646\u062a\u0631\u0646\u062a \u0627\u0644\u0645\u0633\u062c\u0644\u064a\u0646 \u0641\u064a \u0627\u0644\u062e\u0627\u0631\u062c \u0644\u0644\u0623\u0634\u062e\u0627\u0635 \u0628\u0627\u0644\u0645\u0631\u0627\u0647\u0646\u0629 \u0628\u0645\u0628\u0627\u0644\u063a \u0627\u0639\u062a\u0642\u062f\u0648\u0627 \u0623\u0646 \u0645\u0631\u0634\u062d\u064b\u0627 \u0645\u0639\u064a\u0646\u064b\u0627 \u0633\u064a\u0641\u0648\u0632 \u0628\u0647\u0627 \u0641\u064a \u0627\u0644\u0627\u0646\u062a\u062e\u0627\u0628\u0627\u062a \u0627\u0644\u0631\u0626\u0627\u0633\u064a\u0629 \u0627\u0644\u0628\u0631\u0627\u0632\u064a\u0644\u064a\u0629\u060c \u0648\u0625\u0630\u0627 \u0643\u0627\u0646\u0648\u0627 \u0639\u0644\u0649 \u062d\u0642\u060c \u0641\u064a\u0645\u0643\u0646\u0647\u0645 \u0643\u0633\u0628 \u0639\u0627\u0626\u062f \u0645\u0627\u0644\u064a \u0639\u0644\u0649 \u0627\u0644\u0645\u0628\u0644\u063a \u0627\u0644\u0630\u064a \u062a\u0645 \u0627\u0644\u0631\u0647\u0627\u0646 \u0639\u0644\u064a\u0647. \u0643\u0648\u0646 \u2026<\/p>","protected":false},"author":1,"featured_media":0,"parent":0,"menu_order":0,"comment_status":"closed","ping_status":"closed","template":"page-nosidebar.php","meta":{"footnotes":""},"yoast_head":"<!-- This site is optimized with the Yoast SEO Premium plugin v21.0 (Yoast SEO v21.0) - https:\/\/yoast.com\/wordpress\/plugins\/seo\/ -->\n<title>Les cotes des bookmakers pour le 2e tour des \u00e9lections br\u00e9siliennes entre Lula et Bolsonaro - Finale Coupe du Monde FIFA<\/title>\n<meta name=\"robots\" content=\"index, follow, max-snippet:-1, max-image-preview:large, max-video-preview:-1\" \/>\n<link rel=\"canonical\" href=\"https:\/\/parier-presidentielle.com\/ar\/\u0627\u062d\u062a\u0645\u0627\u0644\u0627\u062a-\u0627\u0644\u0645\u0631\u0627\u0647\u0646\u0627\u062a-\u0627\u0644\u062c\u0648\u0644\u0629-\u0627\u0644\u062b\u0627\u0646\u064a\u0629-\u0627\u0644\/\" \/>\n<meta property=\"og:locale\" content=\"ar_AR\" \/>\n<meta property=\"og:type\" content=\"article\" \/>\n<meta property=\"og:title\" content=\"Les cotes des bookmakers pour le 2e tour des \u00e9lections br\u00e9siliennes entre Lula et Bolsonaro\" \/>\n<meta property=\"og:description\" content=\"Parier sur la victoire au second tour de Lula ou Bolsonaro Au cours de ces \u00e9lections, plusieurs bookmakers en ligne enregistr\u00e9s \u00e0 l&#8217;\u00e9tranger ont permis aux gens de parier des montants qu&#8217;ils pensaient qu&#8217;un certain candidat gagnerait \u00e0 l&#8217;\u00e9lection pr\u00e9sidentielle br\u00e9silienne, et s&#8217;ils avaient raison, pourraient gagner un retour financier sur le montant mis\u00e9. \u00c9tant ...\" \/>\n<meta property=\"og:url\" content=\"https:\/\/parier-presidentielle.com\/ar\/\u0627\u062d\u062a\u0645\u0627\u0644\u0627\u062a-\u0627\u0644\u0645\u0631\u0627\u0647\u0646\u0627\u062a-\u0627\u0644\u062c\u0648\u0644\u0629-\u0627\u0644\u062b\u0627\u0646\u064a\u0629-\u0627\u0644\/\" \/>\n<meta property=\"og:site_name\" content=\"Parier Pr\u00e9sidentielle\" \/>\n<meta property=\"article:modified_time\" content=\"2022-10-26T19:53:57+00:00\" \/>\n<meta property=\"og:image\" content=\"https:\/\/parier-presidentielle.com\/wp-content\/uploads\/2022\/10\/lula-bolsonaro-1024x512.jpg\" \/>\n<meta name=\"twitter:card\" content=\"summary_large_image\" \/>\n<meta name=\"twitter:label1\" content=\"Est. reading time\" \/>\n\t<meta name=\"twitter:data1\" content=\"\u062f\u0642\u064a\u0642\u062a\u0627\u0646\" \/>\n<script type=\"application\/ld+json\" class=\"yoast-schema-graph\">{\"@context\":\"https:\/\/schema.org\",\"@graph\":[{\"@type\":\"WebPage\",\"@id\":\"https:\/\/parier-presidentielle.com\/cotes-bookmakers-second-tour-elections-bresiliennes-lula-bolsonaro\/\",\"url\":\"https:\/\/parier-presidentielle.com\/cotes-bookmakers-second-tour-elections-bresiliennes-lula-bolsonaro\/\",\"name\":\"Les cotes des bookmakers pour le 2e tour des \u00e9lections br\u00e9siliennes entre Lula et Bolsonaro - Finale Coupe du Monde FIFA\",\"isPartOf\":{\"@id\":\"https:\/\/parier-presidentielle.com\/#website\"},\"datePublished\":\"2022-10-26T12:33:37+00:00\",\"dateModified\":\"2022-10-26T19:53:57+00:00\",\"breadcrumb\":{\"@id\":\"https:\/\/parier-presidentielle.com\/cotes-bookmakers-second-tour-elections-bresiliennes-lula-bolsonaro\/#breadcrumb\"},\"inLanguage\":\"ar\",\"potentialAction\":[{\"@type\":\"ReadAction\",\"target\":[\"https:\/\/parier-presidentielle.com\/cotes-bookmakers-second-tour-elections-bresiliennes-lula-bolsonaro\/\"]}]},{\"@type\":\"BreadcrumbList\",\"@id\":\"https:\/\/parier-presidentielle.com\/cotes-bookmakers-second-tour-elections-bresiliennes-lula-bolsonaro\/#breadcrumb\",\"itemListElement\":[{\"@type\":\"ListItem\",\"position\":1,\"name\":\"Accueil\",\"item\":\"https:\/\/parier-presidentielle.com\/\"},{\"@type\":\"ListItem\",\"position\":2,\"name\":\"Les cotes des bookmakers pour le 2e tour des \u00e9lections br\u00e9siliennes entre Lula et Bolsonaro\"}]},{\"@type\":\"WebSite\",\"@id\":\"https:\/\/parier-presidentielle.com\/#website\",\"url\":\"https:\/\/parier-presidentielle.com\/\",\"name\":\"Parier Pr\u00e9sidentielle\",\"description\":\"Paris, Pronostics, Wiki sur la Politique, les Elections Am\u00e9ricaines: Joe Biden, Donald Trump avec les Bookmakers en ligne Unibet, Bwin, Betclic, Winamax\",\"potentialAction\":[{\"@type\":\"SearchAction\",\"target\":{\"@type\":\"EntryPoint\",\"urlTemplate\":\"https:\/\/parier-presidentielle.com\/?s={search_term_string}\"},\"query-input\":\"required name=search_term_string\"}],\"inLanguage\":\"ar\"}]}<\/script>\n<!-- \/ Yoast SEO Premium plugin. -->","yoast_head_json":{"title":"Les cotes des bookmakers pour le 2e tour des \u00e9lections br\u00e9siliennes entre Lula et Bolsonaro - Finale Coupe du Monde FIFA","robots":{"index":"index","follow":"follow","max-snippet":"max-snippet:-1","max-image-preview":"max-image-preview:large","max-video-preview":"max-video-preview:-1"},"canonical":"https:\/\/parier-presidentielle.com\/ar\/\u0627\u062d\u062a\u0645\u0627\u0644\u0627\u062a-\u0627\u0644\u0645\u0631\u0627\u0647\u0646\u0627\u062a-\u0627\u0644\u062c\u0648\u0644\u0629-\u0627\u0644\u062b\u0627\u0646\u064a\u0629-\u0627\u0644\/","og_locale":"ar_AR","og_type":"article","og_title":"Les cotes des bookmakers pour le 2e tour des \u00e9lections br\u00e9siliennes entre Lula et Bolsonaro","og_description":"Parier sur la victoire au second tour de Lula ou Bolsonaro Au cours de ces \u00e9lections, plusieurs bookmakers en ligne enregistr\u00e9s \u00e0 l&#8217;\u00e9tranger ont permis aux gens de parier des montants qu&#8217;ils pensaient qu&#8217;un certain candidat gagnerait \u00e0 l&#8217;\u00e9lection pr\u00e9sidentielle br\u00e9silienne, et s&#8217;ils avaient raison, pourraient gagner un retour financier sur le montant mis\u00e9. \u00c9tant ...","og_url":"https:\/\/parier-presidentielle.com\/ar\/\u0627\u062d\u062a\u0645\u0627\u0644\u0627\u062a-\u0627\u0644\u0645\u0631\u0627\u0647\u0646\u0627\u062a-\u0627\u0644\u062c\u0648\u0644\u0629-\u0627\u0644\u062b\u0627\u0646\u064a\u0629-\u0627\u0644\/","og_site_name":"Parier Pr\u00e9sidentielle","article_modified_time":"2022-10-26T19:53:57+00:00","og_image":[{"url":"https:\/\/parier-presidentielle.com\/wp-content\/uploads\/2022\/10\/lula-bolsonaro-1024x512.jpg"}],"twitter_card":"summary_large_image","twitter_misc":{"Est. reading time":"\u062f\u0642\u064a\u0642\u062a\u0627\u0646"},"schema":{"@context":"https:\/\/schema.org","@graph":[{"@type":"WebPage","@id":"https:\/\/parier-presidentielle.com\/cotes-bookmakers-second-tour-elections-bresiliennes-lula-bolsonaro\/","url":"https:\/\/parier-presidentielle.com\/cotes-bookmakers-second-tour-elections-bresiliennes-lula-bolsonaro\/","name":"Les cotes des bookmakers pour le 2e tour des \u00e9lections br\u00e9siliennes entre Lula et Bolsonaro - Finale Coupe du Monde FIFA","isPartOf":{"@id":"https:\/\/parier-presidentielle.com\/#website"},"datePublished":"2022-10-26T12:33:37+00:00","dateModified":"2022-10-26T19:53:57+00:00","breadcrumb":{"@id":"https:\/\/parier-presidentielle.com\/cotes-bookmakers-second-tour-elections-bresiliennes-lula-bolsonaro\/#breadcrumb"},"inLanguage":"ar","potentialAction":[{"@type":"ReadAction","target":["https:\/\/parier-presidentielle.com\/cotes-bookmakers-second-tour-elections-bresiliennes-lula-bolsonaro\/"]}]},{"@type":"BreadcrumbList","@id":"https:\/\/parier-presidentielle.com\/cotes-bookmakers-second-tour-elections-bresiliennes-lula-bolsonaro\/#breadcrumb","itemListElement":[{"@type":"ListItem","position":1,"name":"Accueil","item":"https:\/\/parier-presidentielle.com\/"},{"@type":"ListItem","position":2,"name":"Les cotes des bookmakers pour le 2e tour des \u00e9lections br\u00e9siliennes entre Lula et Bolsonaro"}]},{"@type":"WebSite","@id":"https:\/\/parier-presidentielle.com\/#website","url":"https:\/\/parier-presidentielle.com\/","name":"Parier Pr\u00e9sidentielle","description":"Paris, Pronostics, Wiki sur la Politique, les Elections Am\u00e9ricaines: Joe Biden, Donald Trump avec les Bookmakers en ligne Unibet, Bwin, Betclic, Winamax","potentialAction":[{"@type":"SearchAction","target":{"@type":"EntryPoint","urlTemplate":"https:\/\/parier-presidentielle.com\/?s={search_term_string}"},"query-input":"required name=search_term_string"}],"inLanguage":"ar"}]}},"_links":{"self":[{"href":"https:\/\/parier-presidentielle.com\/ar\/wp-json\/wp\/v2\/pages\/1671"}],"collection":[{"href":"https:\/\/parier-presidentielle.com\/ar\/wp-json\/wp\/v2\/pages"}],"about":[{"href":"https:\/\/parier-presidentielle.com\/ar\/wp-json\/wp\/v2\/types\/page"}],"author":[{"embeddable":true,"href":"https:\/\/parier-presidentielle.com\/ar\/wp-json\/wp\/v2\/users\/1"}],"replies":[{"embeddable":true,"href":"https:\/\/parier-presidentielle.com\/ar\/wp-json\/wp\/v2\/comments?post=1671"}],"version-history":[{"count":4,"href":"https:\/\/parier-presidentielle.com\/ar\/wp-json\/wp\/v2\/pages\/1671\/revisions"}],"predecessor-version":[{"id":1681,"href":"https:\/\/parier-presidentielle.com\/ar\/wp-json\/wp\/v2\/pages\/1671\/revisions\/1681"}],"wp:attachment":[{"href":"https:\/\/parier-presidentielle.com\/ar\/wp-json\/wp\/v2\/media?parent=1671"}],"curies":[{"name":"wp","href":"https:\/\/api.w.org\/{rel}","templated":true}]}}