{"id":1962,"date":"2023-03-20T17:10:50","date_gmt":"2023-03-20T16:10:50","guid":{"rendered":"https:\/\/parier-presidentielle.com\/?page_id=1962"},"modified":"2023-06-02T11:27:56","modified_gmt":"2023-06-02T09:27:56","slug":"vladimir-poutine-quelle-avis-sur-le-marche-du-cannabis-et-hhc","status":"publish","type":"page","link":"https:\/\/parier-presidentielle.com\/ar\/%d9%81%d9%84%d8%a7%d8%af%d9%8a%d9%85%d9%8a%d8%b1-%d8%a8%d9%88%d8%aa%d9%8a%d9%86-%d9%85%d8%a7-%d8%b1%d8%a3%d9%8a-%d9%81%d9%8a-%d8%b3%d9%88%d9%82-%d8%a7%d9%84%d9%82%d9%86%d8%a8-%d9%88-hhc\/","title":{"rendered":"\u0641\u0644\u0627\u062f\u064a\u0645\u064a\u0631 \u0628\u0648\u062a\u064a\u0646 \u0645\u0627 \u0631\u0623\u064a \u0641\u064a \u0633\u0648\u0642 \u0627\u0644\u0642\u0646\u0628 \u0648 HHC\u061f"},"content":{"rendered":"<p>\u0633\u0648\u0642 \u0627\u0644\u0642\u0646\u0628 \u0641\u064a <a href=\"https:\/\/wikihhc.com\/france\/fleurs-hhc\/ou-trouver-fleurs-hhc-france-guide\/\">hhc<\/a>  \u0645\u0632\u062f\u0647\u0631\u0629 \u0648\u062a\u062c\u0630\u0628 \u0627\u0647\u062a\u0645\u0627\u0645 \u0643\u0628\u0627\u0631 \u0627\u0644\u0642\u0627\u062f\u0629 \u062d\u0648\u0644 \u0627\u0644\u0639\u0627\u0644\u0645. \u0623\u062d\u062f \u0647\u0624\u0644\u0627\u0621 \u0627\u0644\u0642\u0627\u062f\u0629 \u0647\u0648 \u0627\u0644\u0631\u0626\u064a\u0633 \u0627\u0644\u0631\u0648\u0633\u064a \u0641\u0644\u0627\u062f\u064a\u0645\u064a\u0631 \u0628\u0648\u062a\u064a\u0646\u060c \u0627\u0644\u0630\u064a \u0623\u0639\u0631\u0628 \u0645\u0624\u062e\u0631\u0627\u064b \u0639\u0646 \u062f\u0639\u0645\u0647 \u0644\u062a\u0634\u0631\u064a\u0639 \u0627\u0633\u062a\u062e\u062f\u0627\u0645 \u0627\u0644\u0642\u0646\u0628 \u0644\u0644\u0623\u063a\u0631\u0627\u0636 \u0627\u0644\u0637\u0628\u064a\u0629 \u0648\u0627\u0644\u0635\u0646\u0627\u0639\u064a\u0629.<\/p>\n\n\n\n<h2 class=\"wp-block-heading\"><span id=\"le-passe-controverse-de-poutine-avec-le-cannabis\">\u0645\u0627\u0636\u064a \u0628\u0648\u062a\u064a\u0646 \u0627\u0644\u0645\u062b\u064a\u0631 \u0644\u0644\u062c\u062f\u0644 \u0645\u0639 \u0627\u0644\u062d\u0634\u064a\u0634<\/span><\/h2>\n\n\n\n<p>\u0642\u0628\u0644 \u0627\u0644\u0642\u0641\u0632 \u0625\u0644\u0649 \u0647\u0630\u0627 \u0627\u0644\u0646\u0642\u0627\u0634\u060c \u0645\u0646 \u0627\u0644\u0645\u0647\u0645 \u0623\u0646 \u0646\u062a\u0630\u0643\u0631 \u0645\u0627\u0636\u064a \u0628\u0648\u062a\u064a\u0646 \u0627\u0644\u0645\u062b\u064a\u0631 \u0644\u0644\u062c\u062f\u0644 \u0641\u064a\u0645\u0627 \u064a\u062a\u0639\u0644\u0642 \u0628\u0627\u0644\u0642\u0646\u0628 \u0643\u0645\u0627 \u0630\u0643\u0631\u0646\u0627 <a href=\"https:\/\/wikihhc.com\/guide\/hhc\/\">\u0648\u064a\u0643\u064a\u0628\u064a\u062f\u064a\u0627<\/a>. \u0641\u064a \u0639\u0627\u0645 2006 \u060c \u0634\u0646\u062a \u0631\u0648\u0633\u064a\u0627 \u062d\u0631\u0628\u064b\u0627 \u0639\u0644\u0649 \u0627\u0644\u0645\u062e\u062f\u0631\u0627\u062a \u060c \u0644\u0639\u0628 \u0641\u064a\u0647\u0627 \u0628\u0648\u062a\u064a\u0646 \u062f\u0648\u0631\u064b\u0627 \u0645\u0647\u0645\u064b\u0627. \u0623\u062f\u0649 \u0630\u0644\u0643 \u0625\u0644\u0649 \u0632\u064a\u0627\u062f\u0629 \u0642\u0645\u0639 \u062a\u0639\u0627\u0637\u064a \u0627\u0644\u0645\u062e\u062f\u0631\u0627\u062a \u060c \u0628\u0645\u0627 \u0641\u064a \u0630\u0644\u0643 \u0627\u0644\u062d\u0634\u064a\u0634 \u060c \u0648\u0623\u062f\u0649 \u0625\u0644\u0649 \u0633\u062c\u0646 \u0622\u0644\u0627\u0641 \u0627\u0644\u0623\u0634\u062e\u0627\u0635.<\/p>\n\n\n\n<p>\u0648\u0645\u0639 \u0630\u0644\u0643\u060c \u064a\u0628\u062f\u0648 \u0623\u0646 \u0622\u0631\u0627\u0621 \u0628\u0648\u062a\u064a\u0646 \u0628\u0634\u0623\u0646 \u0647\u0630\u0647 \u0627\u0644\u0645\u0633\u0623\u0644\u0629 \u062a\u0637\u0648\u0631\u062a \u0645\u0639 \u0645\u0631\u0648\u0631 \u0627\u0644\u0648\u0642\u062a. \u0648\u0641\u064a \u0639\u0627\u0645 2019\u060c \u0642\u0627\u0644 \u0625\u0646 \u0631\u0648\u0633\u064a\u0627 \u064a\u062c\u0628 \u0623\u0646 \u062a\u062d\u0630\u0648 \u062d\u0630\u0648 \u0628\u0639\u0636 \u0627\u0644\u0648\u0644\u0627\u064a\u0627\u062a \u0627\u0644\u0623\u0645\u0631\u064a\u0643\u064a\u0629 \u0648\u062a\u0636\u0641\u064a \u0627\u0644\u0634\u0631\u0639\u064a\u0629 \u0639\u0644\u0649 \u0627\u0644\u0642\u0646\u0628 \u0644\u0644\u0623\u063a\u0631\u0627\u0636 \u0627\u0644\u0637\u0628\u064a\u0629 \u0648\u0627\u0644\u0635\u0646\u0627\u0639\u064a\u0629. \u0648\u0623\u0639\u0642\u0628 \u0647\u0630\u0627 \u0627\u0644\u0625\u0639\u0644\u0627\u0646 \u062a\u0634\u0631\u064a\u0639 \u0644\u0635\u0627\u0644\u062d \u0632\u0631\u0627\u0639\u0629 \u0627\u0644\u0642\u0646\u0628 \u0627\u0644\u0635\u0646\u0627\u0639\u064a. \u062a\u0642\u062f\u0645 \u0627\u0644\u0639\u062f\u064a\u062f \u0645\u0646 \u0627\u0644\u0645\u0648\u0627\u0642\u0639 \u062e\u0635\u0648\u0645\u0627\u062a \u0639\u0644\u0649 <a href=\"https:\/\/wikihhc.com\/site\/weecl\/code-promo-coupon-bon-de-reduction-weecl\/\">CBD \u0648 HHC \u0645\u062b\u0644 Weecl \u0645\u0639 \u0627\u0644\u0631\u0645\u0648\u0632 \u0627\u0644\u062a\u0631\u0648\u064a\u062c\u064a\u0629<\/a>.<\/p>\n\n\n\n<h2 class=\"wp-block-heading\"><span id=\"le-soutien-de-poutine-a-l8217utilisation-medicale-du-cannabis\">\u062f\u0639\u0645 \u0628\u0648\u062a\u064a\u0646 \u0644\u0644\u0627\u0633\u062a\u062e\u062f\u0627\u0645 \u0627\u0644\u0637\u0628\u064a \u0644\u0644\u0642\u0646\u0628<\/span><\/h2>\n\n\n\n<p>\u0641\u064a \u0627\u0644\u0622\u0648\u0646\u0629 \u0627\u0644\u0623\u062e\u064a\u0631\u0629\u060c \u0641\u064a \u064a\u0646\u0627\u064a\u0631 2022\u060c \u0635\u0631\u062d \u0628\u0648\u062a\u064a\u0646 \u0623\u0646\u0647 \u064a\u062f\u0639\u0645 \u0627\u0644\u0627\u0633\u062a\u062e\u062f\u0627\u0645 \u0627\u0644\u0637\u0628\u064a \u0644\u0644\u0642\u0646\u0628 \u0648\u0623\u0645\u0631 \u0627\u0644\u062d\u0643\u0648\u0645\u0629 \u0627\u0644\u0631\u0648\u0633\u064a\u0629 \u0628\u0648\u0636\u0639 \u0645\u0642\u062a\u0631\u062d\u0627\u062a \u0644\u062a\u0646\u0638\u064a\u0645 \u0627\u0633\u062a\u062e\u062f\u0627\u0645 \u0627\u0644\u0642\u0646\u0628 \u0644\u0644\u0623\u063a\u0631\u0627\u0636 \u0627\u0644\u0637\u0628\u064a\u0629. \u0648\u0642\u062f \u0627\u0633\u062a\u0642\u0628\u0644 \u0645\u0624\u064a\u062f\u0648 \u062a\u0642\u0646\u064a\u0646 \u0627\u0644\u0642\u0646\u0628 \u0641\u064a \u0631\u0648\u0633\u064a\u0627 \u0647\u0630\u0627 \u0627\u0644\u0642\u0631\u0627\u0631 \u0628\u0634\u0643\u0644 \u0625\u064a\u062c\u0627\u0628\u064a \u0648\u0623\u062b\u0627\u0631 \u0627\u0644\u062c\u062f\u0644 \u062d\u0648\u0644 \u0647\u0630\u0647 \u0627\u0644\u0642\u0636\u064a\u0629.<\/p>\n\n\n\n<p>\u0643\u0645\u0627 \u0623\u0639\u0631\u0628 \u0628\u0648\u062a\u064a\u0646 \u0639\u0646 \u062f\u0639\u0645\u0647 \u0644\u0625\u0646\u062a\u0627\u062c <a href=\"https:\/\/wikihhc.com\"> \u0645\u0646\u062a\u062c \u064a\u062d\u062a\u0648\u064a \u0639\u0644\u0649 HHC<\/a> (\u0632\u064a\u062a \u0627\u0644\u0642\u0646\u0628 \u0627\u0644\u0645\u0647\u062f\u0631\u062c)\u060c \u0648\u0647\u0648 \u0646\u0648\u0639 \u0645\u0646 \u0627\u0644\u062d\u0634\u064a\u0634 \u0644\u0647 \u062a\u0637\u0628\u064a\u0642\u0627\u062a \u0637\u0628\u064a\u0629 \u0648\u0635\u0646\u0627\u0639\u064a\u0629. \u0648\u062f\u0639\u0627 \u0625\u0644\u0649 \u0632\u064a\u0627\u062f\u0629 \u0625\u0646\u062a\u0627\u062c \u0627\u0644\u0645\u0627\u062f\u0629 \u0641\u064a \u0631\u0648\u0633\u064a\u0627\u060c \u0642\u0627\u0626\u0644\u0627 \u0625\u0646 \u0644\u0647\u0627 \u0625\u0645\u0643\u0627\u0646\u0627\u062a \u0627\u0642\u062a\u0635\u0627\u062f\u064a\u0629 \u0643\u0628\u064a\u0631\u0629.<\/p>\n\n\n\n<h2 class=\"wp-block-heading\"><span id=\"les-defis-de-la-legalisation-du-cannabis-en-russie\">\u062a\u062d\u062f\u064a\u0627\u062a \u062a\u0642\u0646\u064a\u0646 \u0627\u0644\u0642\u0646\u0628 \u0641\u064a \u0631\u0648\u0633\u064a\u0627<\/span><\/h2>\n\n\n\n<p>\u0648\u0645\u0639 \u0630\u0644\u0643\u060c \u0641\u0625\u0646 \u062a\u0642\u0646\u064a\u0646 \u0627\u0644\u0642\u0646\u0628 \u0644\u0644\u0623\u063a\u0631\u0627\u0636 \u0627\u0644\u0637\u0628\u064a\u0629 \u0648\u0627\u0644\u0635\u0646\u0627\u0639\u064a\u0629 \u0641\u064a \u0631\u0648\u0633\u064a\u0627 \u0644\u0627 \u064a\u062e\u0644\u0648 \u0645\u0646 \u0627\u0644\u062a\u062d\u062f\u064a\u0627\u062a. \u0642\u0648\u0627\u0646\u064a\u0646 \u0627\u0644\u0645\u062e\u062f\u0631\u0627\u062a \u0627\u0644\u0631\u0648\u0633\u064a\u0629 \u0627\u0644\u062d\u0627\u0644\u064a\u0629 \u0635\u0627\u0631\u0645\u0629 \u0644\u0644\u063a\u0627\u064a\u0629 \u0648\u0627\u0633\u062a\u062e\u062f\u0627\u0645 \u0627\u0644\u0642\u0646\u0628 \u063a\u064a\u0631 \u0642\u0627\u0646\u0648\u0646\u064a. \u0648\u0628\u0627\u0644\u0625\u0636\u0627\u0641\u0629 \u0625\u0644\u0649 \u0630\u0644\u0643\u060c \u0641\u0625\u0646 \u0631\u0648\u0633\u064a\u0627 \u0645\u0646 \u0627\u0644\u062f\u0648\u0644 \u0627\u0644\u0645\u0648\u0642\u0639\u0629 \u0639\u0644\u0649 \u0627\u0644\u0639\u062f\u064a\u062f \u0645\u0646 \u0627\u062a\u0641\u0627\u0642\u064a\u0627\u062a \u0627\u0644\u0645\u062e\u062f\u0631\u0627\u062a \u0627\u0644\u062f\u0648\u0644\u064a\u0629 \u0627\u0644\u062a\u064a \u062a\u062d\u0638\u0631 \u0627\u0633\u062a\u062e\u062f\u0627\u0645 \u0648\u0625\u0646\u062a\u0627\u062c \u0627\u0644\u0645\u062e\u062f\u0631\u0627\u062a\u060c \u0628\u0645\u0627 \u0641\u064a \u0630\u0644\u0643 \u0627\u0644\u0642\u0646\u0628.<\/p>\n\n\n\n<p>\u0648\u0647\u0630\u0627 \u064a\u0639\u0646\u064a \u0623\u0646 \u0623\u064a \u062a\u0634\u0631\u064a\u0639 \u0644\u0635\u0627\u0644\u062d \u0625\u0636\u0641\u0627\u0621 \u0627\u0644\u0634\u0631\u0639\u064a\u0629 \u0639\u0644\u0649 \u0627\u0644\u0642\u0646\u0628 \u064a\u062c\u0628 \u0623\u0646 \u064a\u0635\u0627\u063a \u0628\u0639\u0646\u0627\u064a\u0629 \u0648\u064a\u0646\u0641\u0630 \u0628\u0637\u0631\u064a\u0642\u0629 \u062a\u062d\u062a\u0631\u0645 \u0627\u0644\u0627\u062a\u0641\u0627\u0642\u064a\u0627\u062a \u0627\u0644\u062f\u0648\u0644\u064a\u0629 \u0648\u0627\u0644\u0642\u0648\u0627\u0646\u064a\u0646 \u0627\u0644\u0631\u0648\u0633\u064a\u0629.<\/p>\n\n\n\n<h2 class=\"wp-block-heading\"><span id=\"conclusion\">\u062e\u0627\u062a\u0645\u0629<\/span><\/h2>\n\n\n\n<p>\u0648\u0641\u064a \u0627\u0644\u062e\u062a\u0627\u0645\u060c \u0641\u0625\u0646 \u062f\u0639\u0645 \u0628\u0648\u062a\u064a\u0646 \u0644\u062a\u0634\u0631\u064a\u0639 \u0627\u0644\u0627\u0633\u062a\u062e\u062f\u0627\u0645 \u0627\u0644\u0637\u0628\u064a \u0648\u0627\u0644\u0635\u0646\u0627\u0639\u064a \u0644\u0644\u0642\u0646\u0628 \u0641\u064a \u0631\u0648\u0633\u064a\u0627 \u0647\u0648 \u0642\u0631\u0627\u0631 \u0645\u0647\u0645 \u064a\u062b\u064a\u0631 \u0627\u0644\u062c\u062f\u0644 \u0641\u064a \u0627\u0644\u0628\u0644\u0627\u062f. \u0648\u0631\u063a\u0645 \u0648\u062c\u0648\u062f \u062a\u062d\u062f\u064a\u0627\u062a \u0641\u064a \u0627\u0633\u062a\u0646\u0627\u0646 \u062a\u0634\u0631\u064a\u0639 \u0644\u062a\u0634\u0631\u064a\u0639 \u0627\u0644\u062d\u0634\u064a\u0634\u060c \u0641\u0645\u0646 \u0627\u0644\u0648\u0627\u0636\u062d \u0623\u0646 \u0622\u0631\u0627\u0621 \u0628\u0648\u062a\u064a\u0646 \u0628\u0634\u0623\u0646 \u0647\u0630\u0647 \u0627\u0644\u0642\u0636\u064a\u0629 \u062a\u0637\u0648\u0631\u062a \u0645\u0639 \u0645\u0631\u0648\u0631 \u0627\u0644\u0648\u0642\u062a. \u0633\u064a\u0643\u0648\u0646 \u0645\u0646 \u0627\u0644\u0645\u062b\u064a\u0631 \u0644\u0644\u0627\u0647\u062a\u0645\u0627\u0645 \u0623\u0646 \u0646\u0631\u0649 \u0643\u064a\u0641 \u062a\u062a\u0637\u0648\u0631 \u0647\u0630\u0647 \u0627\u0644\u0642\u0636\u064a\u0629 \u0641\u064a \u0631\u0648\u0633\u064a\u0627 \u0641\u064a \u0627\u0644\u0645\u0633\u062a\u0642\u0628\u0644.<\/p>\n\n\n\n<figure class=\"wp-block-embed is-type-video is-provider-youtube wp-block-embed-youtube wp-embed-aspect-16-9 wp-has-aspect-ratio\"><div class=\"wp-block-embed__wrapper\">\n<iframe loading=\"lazy\" title=\"\u0647\u0644 \u064a\u0631\u064a\u062f \u0627\u0644\u0631\u0648\u0633 \u062a\u0642\u0646\u064a\u0646 \u0627\u0644\u0645\u0627\u0631\u064a\u062c\u0648\u0627\u0646\u0627\u061f\" width=\"640\" height=\"360\" src=\"https:\/\/www.youtube.com\/embed\/lvfG8jTKhow?feature=oembed\" frameborder=\"0\" allow=\"accelerometer; autoplay; clipboard-write; encrypted-media; gyroscope; picture-in-picture; web-share\" allowfullscreen><\/iframe>\n<\/div><\/figure>\n<div id=\"toc_container\" class=\"no_bullets\"><p class=\"toc_title\">\u062c\u062f\u0648\u0644 \u0627\u0644\u0645\u062d\u062a\u0648\u064a\u0627\u062a<\/p><ul class=\"toc_list\"><li><\/li><li><\/li><li><\/li><li><\/li><\/ul><\/div>","protected":false},"excerpt":{"rendered":"<p>Le march\u00e9 du cannabis du hhc est en plein essor et suscite l&#8217;int\u00e9r\u00eat des grands dirigeants du monde entier. L&#8217;un de ces dirigeants est Vladimir Poutine, le pr\u00e9sident russe, qui a r\u00e9cemment exprim\u00e9 son soutien \u00e0 la l\u00e9galisation de l&#8217;utilisation du cannabis \u00e0 des fins m\u00e9dicales et industrielles. Le pass\u00e9 controvers\u00e9 de Poutine avec le &#8230;<\/p>","protected":false},"author":1,"featured_media":1965,"parent":0,"menu_order":0,"comment_status":"closed","ping_status":"closed","template":"page-nosidebar.php","meta":{"footnotes":""},"yoast_head":"<!-- This site is optimized with the Yoast SEO Premium plugin v21.0 (Yoast SEO v21.0) - https:\/\/yoast.com\/wordpress\/plugins\/seo\/ -->\n<title>Vladimir Poutine quelle avis sur le march\u00e9 du Cannabis et HHC? - Finale Coupe du Monde FIFA<\/title>\n<meta name=\"robots\" content=\"index, follow, max-snippet:-1, max-image-preview:large, max-video-preview:-1\" \/>\n<link rel=\"canonical\" href=\"https:\/\/parier-presidentielle.com\/ar\/\u0641\u0644\u0627\u062f\u064a\u0645\u064a\u0631-\u0628\u0648\u062a\u064a\u0646-\u0645\u0627-\u0631\u0623\u064a-\u0641\u064a-\u0633\u0648\u0642-\u0627\u0644\u0642\u0646\u0628-\u0648-hhc\/\" \/>\n<meta property=\"og:locale\" content=\"ar_AR\" \/>\n<meta property=\"og:type\" content=\"article\" \/>\n<meta property=\"og:title\" content=\"Vladimir Poutine quelle avis sur le march\u00e9 du Cannabis et HHC?\" \/>\n<meta property=\"og:description\" content=\"Le march\u00e9 du cannabis du hhc est en plein essor et suscite l&#8217;int\u00e9r\u00eat des grands dirigeants du monde entier. L&#8217;un de ces dirigeants est Vladimir Poutine, le pr\u00e9sident russe, qui a r\u00e9cemment exprim\u00e9 son soutien \u00e0 la l\u00e9galisation de l&#8217;utilisation du cannabis \u00e0 des fins m\u00e9dicales et industrielles. Le pass\u00e9 controvers\u00e9 de Poutine avec le ...\" \/>\n<meta property=\"og:url\" content=\"https:\/\/parier-presidentielle.com\/ar\/\u0641\u0644\u0627\u062f\u064a\u0645\u064a\u0631-\u0628\u0648\u062a\u064a\u0646-\u0645\u0627-\u0631\u0623\u064a-\u0641\u064a-\u0633\u0648\u0642-\u0627\u0644\u0642\u0646\u0628-\u0648-hhc\/\" \/>\n<meta property=\"og:site_name\" content=\"Parier Pr\u00e9sidentielle\" \/>\n<meta property=\"article:modified_time\" content=\"2023-06-02T09:27:56+00:00\" \/>\n<meta property=\"og:image\" content=\"https:\/\/parier-presidentielle.com\/wp-content\/uploads\/2023\/03\/vladimir-poutine-hhc-scaled.jpg\" \/>\n\t<meta property=\"og:image:width\" content=\"2560\" \/>\n\t<meta property=\"og:image:height\" content=\"1302\" \/>\n\t<meta property=\"og:image:type\" content=\"image\/jpeg\" \/>\n<meta name=\"twitter:card\" content=\"summary_large_image\" \/>\n<meta name=\"twitter:label1\" content=\"Est. reading time\" \/>\n\t<meta name=\"twitter:data1\" content=\"3 \u062f\u0642\u0627\u0626\u0642\" \/>\n<script type=\"application\/ld+json\" class=\"yoast-schema-graph\">{\"@context\":\"https:\/\/schema.org\",\"@graph\":[{\"@type\":\"WebPage\",\"@id\":\"https:\/\/parier-presidentielle.com\/vladimir-poutine-quelle-avis-sur-le-marche-du-cannabis-et-hhc\/\",\"url\":\"https:\/\/parier-presidentielle.com\/vladimir-poutine-quelle-avis-sur-le-marche-du-cannabis-et-hhc\/\",\"name\":\"Vladimir Poutine quelle avis sur le march\u00e9 du Cannabis et HHC? - Finale Coupe du Monde FIFA\",\"isPartOf\":{\"@id\":\"https:\/\/parier-presidentielle.com\/#website\"},\"datePublished\":\"2023-03-20T16:10:50+00:00\",\"dateModified\":\"2023-06-02T09:27:56+00:00\",\"breadcrumb\":{\"@id\":\"https:\/\/parier-presidentielle.com\/vladimir-poutine-quelle-avis-sur-le-marche-du-cannabis-et-hhc\/#breadcrumb\"},\"inLanguage\":\"ar\",\"potentialAction\":[{\"@type\":\"ReadAction\",\"target\":[\"https:\/\/parier-presidentielle.com\/vladimir-poutine-quelle-avis-sur-le-marche-du-cannabis-et-hhc\/\"]}]},{\"@type\":\"BreadcrumbList\",\"@id\":\"https:\/\/parier-presidentielle.com\/vladimir-poutine-quelle-avis-sur-le-marche-du-cannabis-et-hhc\/#breadcrumb\",\"itemListElement\":[{\"@type\":\"ListItem\",\"position\":1,\"name\":\"Accueil\",\"item\":\"https:\/\/parier-presidentielle.com\/\"},{\"@type\":\"ListItem\",\"position\":2,\"name\":\"Vladimir Poutine quelle avis sur le march\u00e9 du Cannabis et HHC?\"}]},{\"@type\":\"WebSite\",\"@id\":\"https:\/\/parier-presidentielle.com\/#website\",\"url\":\"https:\/\/parier-presidentielle.com\/\",\"name\":\"Parier Pr\u00e9sidentielle\",\"description\":\"Paris, Pronostics, Wiki sur la Politique, les Elections Am\u00e9ricaines: Joe Biden, Donald Trump avec les Bookmakers en ligne Unibet, Bwin, Betclic, Winamax\",\"potentialAction\":[{\"@type\":\"SearchAction\",\"target\":{\"@type\":\"EntryPoint\",\"urlTemplate\":\"https:\/\/parier-presidentielle.com\/?s={search_term_string}\"},\"query-input\":\"required name=search_term_string\"}],\"inLanguage\":\"ar\"}]}<\/script>\n<!-- \/ Yoast SEO Premium plugin. -->","yoast_head_json":{"title":"Vladimir Poutine quelle avis sur le march\u00e9 du Cannabis et HHC? - Finale Coupe du Monde FIFA","robots":{"index":"index","follow":"follow","max-snippet":"max-snippet:-1","max-image-preview":"max-image-preview:large","max-video-preview":"max-video-preview:-1"},"canonical":"https:\/\/parier-presidentielle.com\/ar\/\u0641\u0644\u0627\u062f\u064a\u0645\u064a\u0631-\u0628\u0648\u062a\u064a\u0646-\u0645\u0627-\u0631\u0623\u064a-\u0641\u064a-\u0633\u0648\u0642-\u0627\u0644\u0642\u0646\u0628-\u0648-hhc\/","og_locale":"ar_AR","og_type":"article","og_title":"Vladimir Poutine quelle avis sur le march\u00e9 du Cannabis et HHC?","og_description":"Le march\u00e9 du cannabis du hhc est en plein essor et suscite l&#8217;int\u00e9r\u00eat des grands dirigeants du monde entier. L&#8217;un de ces dirigeants est Vladimir Poutine, le pr\u00e9sident russe, qui a r\u00e9cemment exprim\u00e9 son soutien \u00e0 la l\u00e9galisation de l&#8217;utilisation du cannabis \u00e0 des fins m\u00e9dicales et industrielles. Le pass\u00e9 controvers\u00e9 de Poutine avec le ...","og_url":"https:\/\/parier-presidentielle.com\/ar\/\u0641\u0644\u0627\u062f\u064a\u0645\u064a\u0631-\u0628\u0648\u062a\u064a\u0646-\u0645\u0627-\u0631\u0623\u064a-\u0641\u064a-\u0633\u0648\u0642-\u0627\u0644\u0642\u0646\u0628-\u0648-hhc\/","og_site_name":"Parier Pr\u00e9sidentielle","article_modified_time":"2023-06-02T09:27:56+00:00","og_image":[{"width":2560,"height":1302,"url":"https:\/\/parier-presidentielle.com\/wp-content\/uploads\/2023\/03\/vladimir-poutine-hhc-scaled.jpg","type":"image\/jpeg"}],"twitter_card":"summary_large_image","twitter_misc":{"Est. reading time":"3 \u062f\u0642\u0627\u0626\u0642"},"schema":{"@context":"https:\/\/schema.org","@graph":[{"@type":"WebPage","@id":"https:\/\/parier-presidentielle.com\/vladimir-poutine-quelle-avis-sur-le-marche-du-cannabis-et-hhc\/","url":"https:\/\/parier-presidentielle.com\/vladimir-poutine-quelle-avis-sur-le-marche-du-cannabis-et-hhc\/","name":"Vladimir Poutine quelle avis sur le march\u00e9 du Cannabis et HHC? - Finale Coupe du Monde FIFA","isPartOf":{"@id":"https:\/\/parier-presidentielle.com\/#website"},"datePublished":"2023-03-20T16:10:50+00:00","dateModified":"2023-06-02T09:27:56+00:00","breadcrumb":{"@id":"https:\/\/parier-presidentielle.com\/vladimir-poutine-quelle-avis-sur-le-marche-du-cannabis-et-hhc\/#breadcrumb"},"inLanguage":"ar","potentialAction":[{"@type":"ReadAction","target":["https:\/\/parier-presidentielle.com\/vladimir-poutine-quelle-avis-sur-le-marche-du-cannabis-et-hhc\/"]}]},{"@type":"BreadcrumbList","@id":"https:\/\/parier-presidentielle.com\/vladimir-poutine-quelle-avis-sur-le-marche-du-cannabis-et-hhc\/#breadcrumb","itemListElement":[{"@type":"ListItem","position":1,"name":"Accueil","item":"https:\/\/parier-presidentielle.com\/"},{"@type":"ListItem","position":2,"name":"Vladimir Poutine quelle avis sur le march\u00e9 du Cannabis et HHC?"}]},{"@type":"WebSite","@id":"https:\/\/parier-presidentielle.com\/#website","url":"https:\/\/parier-presidentielle.com\/","name":"Parier Pr\u00e9sidentielle","description":"Paris, Pronostics, Wiki sur la Politique, les Elections Am\u00e9ricaines: Joe Biden, Donald Trump avec les Bookmakers en ligne Unibet, Bwin, Betclic, Winamax","potentialAction":[{"@type":"SearchAction","target":{"@type":"EntryPoint","urlTemplate":"https:\/\/parier-presidentielle.com\/?s={search_term_string}"},"query-input":"required name=search_term_string"}],"inLanguage":"ar"}]}},"_links":{"self":[{"href":"https:\/\/parier-presidentielle.com\/ar\/wp-json\/wp\/v2\/pages\/1962"}],"collection":[{"href":"https:\/\/parier-presidentielle.com\/ar\/wp-json\/wp\/v2\/pages"}],"about":[{"href":"https:\/\/parier-presidentielle.com\/ar\/wp-json\/wp\/v2\/types\/page"}],"author":[{"embeddable":true,"href":"https:\/\/parier-presidentielle.com\/ar\/wp-json\/wp\/v2\/users\/1"}],"replies":[{"embeddable":true,"href":"https:\/\/parier-presidentielle.com\/ar\/wp-json\/wp\/v2\/comments?post=1962"}],"version-history":[{"count":4,"href":"https:\/\/parier-presidentielle.com\/ar\/wp-json\/wp\/v2\/pages\/1962\/revisions"}],"predecessor-version":[{"id":2002,"href":"https:\/\/parier-presidentielle.com\/ar\/wp-json\/wp\/v2\/pages\/1962\/revisions\/2002"}],"wp:featuredmedia":[{"embeddable":true,"href":"https:\/\/parier-presidentielle.com\/ar\/wp-json\/wp\/v2\/media\/1965"}],"wp:attachment":[{"href":"https:\/\/parier-presidentielle.com\/ar\/wp-json\/wp\/v2\/media?parent=1962"}],"curies":[{"name":"wp","href":"https:\/\/api.w.org\/{rel}","templated":true}]}}