{"id":1459,"date":"2022-04-19T13:25:07","date_gmt":"2022-04-19T11:25:07","guid":{"rendered":"https:\/\/parier-presidentielle.com\/?page_id=1459"},"modified":"2023-09-23T17:06:55","modified_gmt":"2023-09-23T15:06:55","slug":"william-hill-presidentielle","status":"publish","type":"page","link":"https:\/\/parier-presidentielle.com\/cs\/william-hill-prezident\/","title":{"rendered":"William Hill: Anglick\u00fd bookmaker vsad\u00ed na francouzsk\u00e9 prezidentsk\u00e9 volby v roce 2022"},"content":{"rendered":"<p>s k\u00fdm se vsadit? William Hill samoz\u0159ejm\u011b<\/p>\n\n\n\n<h2 class=\"wp-block-heading\" id=\"h-parier-l-election-president-2022-avec-le-site-de-paris-en-ligne-william-hill\"><span id=\"parier-l8217election-president-2022-avec-le-site-de-paris-en-ligne-william-hill\">Vsa\u010fte si na prezidentsk\u00e9 volby 2022 s online s\u00e1zka\u0159skou str\u00e1nkou William Hill<\/span><\/h2>\n\n\n\n<h4 class=\"wp-block-heading has-text-align-center has-large-font-size\" id=\"h-20-offert-pour-parier-avec-william-hill\"><span id=\"20e-offert-pour-parier-avec-william-hill\"><a href=\"https:\/\/parier-presidentielle.com\/cs\/recommends\/william-hill-text\/\">20 \u20ac zdarma pro s\u00e1zen\u00ed s William Hill<\/a><\/span><\/h4>\n\n\n\n<figure class=\"wp-block-image size-large\"><img decoding=\"async\" loading=\"lazy\" width=\"1024\" height=\"265\" src=\"https:\/\/parier-presidentielle.com\/wp-content\/uploads\/2022\/04\/william-hill-macron-le-pen-presidentielle-1024x265.jpg\" alt=\"William Hill vsadil pro prezidentsk\u00e9 volby v roce 2022 na Macrona le pena\" class=\"wp-image-1464\" srcset=\"https:\/\/parier-presidentielle.com\/wp-content\/uploads\/2022\/04\/william-hill-macron-le-pen-presidentielle-1024x265.jpg 1024w, https:\/\/parier-presidentielle.com\/wp-content\/uploads\/2022\/04\/william-hill-macron-le-pen-presidentielle-300x78.jpg 300w, https:\/\/parier-presidentielle.com\/wp-content\/uploads\/2022\/04\/william-hill-macron-le-pen-presidentielle-768x199.jpg 768w, https:\/\/parier-presidentielle.com\/wp-content\/uploads\/2022\/04\/william-hill-macron-le-pen-presidentielle-1536x398.jpg 1536w, https:\/\/parier-presidentielle.com\/wp-content\/uploads\/2022\/04\/william-hill-macron-le-pen-presidentielle-2048x530.jpg 2048w, https:\/\/parier-presidentielle.com\/wp-content\/uploads\/2022\/04\/william-hill-macron-le-pen-presidentielle-18x5.jpg 18w\" sizes=\"(max-width: 1024px) 100vw, 1024px\" \/><\/figure>\n\n\n\n<p><br>Kurz William Hill d\u00e1v\u00e1 sou\u010dasn\u00e9mu prezidentovi Emmanuelu Macronovi 1,10 proti Marine Le Penov\u00e9 7,50, tak\u017ee toto jsou nejlep\u0161\u00ed kurzy ve srovn\u00e1n\u00ed s ostatn\u00edmi s\u00e1zkov\u00fdmi kancel\u00e1\u0159emi <a href=\"https:\/\/parier-presidentielle.com\/cs\/unibet-politika-volby-2022\/\">Unibet<\/a>, <a href=\"https:\/\/parier-presidentielle.com\/cs\/betclic-prezidentska-2022\/\">Betclic<\/a>, <a href=\"https:\/\/parier-presidentielle.com\/cs\/bwin-politika-volby-2022\/\">Bwin<\/a>. Stejn\u011b tak jsou kurzy ve skute\u010dnosti velmi podobn\u00e9 t\u011bm, kter\u00e9 byly p\u0159ed prvn\u00edm kolem hlasov\u00e1n\u00ed.<\/p>\n\n\n\n<p>Nen\u00ed divu, \u017ee William Hill jako prvn\u00ed s\u00e1zka\u0159 otev\u0159el ve Francii s\u00e1zen\u00ed na v\u00fdsledek voleb, podle kter\u00fdch nyn\u00ed nab\u00edzej\u00ed lidem, kte\u0159\u00ed si cht\u011bj\u00ed vsadit na prezidentsk\u00e9 volby. Nejprve ve sv\u00fdch p\u0159edpov\u011bd\u00edch z\u016fstali dva kandid\u00e1ti, co\u017e jim umo\u017enilo rozhodnout, kdo bude zvolen prezidentem.<\/p>\n\n\n\n<p>Francouzsk\u00e9 volby byly spolu s volbami v roce 2017 dosud jedny z nejsledovan\u011bj\u0161\u00edch a byly t\u011bsn\u011b n\u00e1sledov\u00e1ny sportovn\u00edmi a politick\u00fdmi s\u00e1zka\u0159i po cel\u00e9m sv\u011bt\u011b.<\/p>\n\n\n\n<p>Vzhledem k tomu, \u017ee trh v pr\u016fb\u011bhu leto\u0161n\u00edho roku divoce kol\u00eds\u00e1, nen\u00ed \u017e\u00e1dn\u00fdm p\u0159ekvapen\u00edm, \u017ee se Paddy Power rozhodl sn\u00ed\u017eit sv\u00e9 \u0161ance na zvolen\u00ed Emmanuela Macrona prezidentem z 1\/10 na 1\/12 a p\u0159ed\u010dasn\u011b splatit v\u0161echny s\u00e1zky na n\u011bj podan\u00e9.<\/p>\n\n\n\n<p>Je to podobn\u00fd p\u0159\u00edb\u011bh s Ladbrokesem, kter\u00fd se pro Macrona prom\u011bnil z 1\/8 na 1\/10, p\u0159i\u010dem\u017e sn\u00ed\u017eil sv\u016fj n\u00e1skok na v\u00edt\u011bzstv\u00ed z 12 % na 7 %.<\/p>\n\n\n\n<p><\/p>\n\n\n\n<p>Anal\u00fdza s\u00e1zkov\u00e9 kancel\u00e1\u0159e William Hill s\u00e1z\u00ed na druh\u00e9 kolo prezidentsk\u00fdch voleb<\/p>\n\n\n\n<p>Kurz Unibet d\u00e1v\u00e1 sou\u010dasn\u00e9mu prezidentovi Emmanuelu Macronovi 1,65 k Marine Le Penov\u00e9 6, tak\u017ee jde o nejlep\u0161\u00ed kurzy ve srovn\u00e1n\u00ed s jin\u00fdmi s\u00e1zkov\u00fdmi kancel\u00e1\u0159emi.<\/p>\n\n\n\n<p>Kandid\u00e1t En Marche! je jasn\u00fdm favoritem, proto\u017ee je pravd\u011bpodobn\u00e9, \u017ee tentokr\u00e1t bude schopen vyhr\u00e1t prvn\u00ed kolo voleb s v\u00edce ne\u017e 25% hlasy.<\/p>\n\n\n\n<p>To se ned\u00e1 \u0159\u00edci o jej\u00ed soupe\u0159ce Marine Le Penov\u00e9, kter\u00e1 m\u00e1 velkou \u0161anci vyhr\u00e1t prvn\u00ed kolo, ale je nepravd\u011bpodobn\u00e9, \u017ee by dok\u00e1zala vyhr\u00e1t druh\u00e9 kolo.<\/p>\n\n\n\n<p>V\u0161echny pr\u016fzkumy ukazuj\u00ed, \u017ee kandid\u00e1tka N\u00e1rodn\u00ed fronty m\u00e1 velkou \u0161anci vyhr\u00e1t prvn\u00ed kolo, ale ve druh\u00e9m se st\u0159etne s protikandid\u00e1tem, kter\u00fd z\u00edsk\u00e1 t\u00e9m\u011b\u0159 v\u0161echny hlasy od stran, kter\u00e9 nepodporuj\u00ed krajn\u011b pravicov\u00e9 my\u0161lenky.<\/p>\n\n\n\n<p>Situace z\u016fst\u00e1v\u00e1 kritick\u00e1, zejm\u00e9na ve Francii, kde p\u0159ed v\u00edce ne\u017e rokem do\u0161lo k teroristick\u00e9mu \u00fatoku na satirick\u00e9 noviny Charlie Hebdo a pot\u00e9 v listopadu 2015 do\u0161lo v Pa\u0159\u00ed\u017ei k dal\u0161\u00edmu \u00fatoku extremist\u016f z Isl\u00e1msk\u00e9ho st\u00e1tu (IS).<\/p>\n\n\n\n<p>William Hill, britsk\u00e1 s\u00e1zkov\u00e1 kancel\u00e1\u0159, byla prvn\u00ed, kdo zve\u0159ejnil sv\u00e9 kurzy na druh\u00e9 kolo prezidentsk\u00fdch voleb ve Francii.<\/p>\n\n\n\n<p>William Hill m\u00e1 Macrona na 6\/5 a Le Penovou na 4\/6.<\/p>\n\n\n\n<p>Betfred nab\u00edz\u00ed 7\/10 na Macrona a 11\/10 na Le Pen.<\/p>\n\n\n\n<p>Ladbrokes d\u00e1v\u00e1 na Macrona kurz 10\/11 a na Le Penovou 5\/6.<\/p>\n\n\n\n<p>Paddy Power m\u00e1 tak\u00e9 kurz 10\/11 na Macrona a 5\/6 na Le Penovou.<\/p>\n\n\n\n<p>William Hill, nejlep\u0161\u00ed kurzy pro s\u00e1zen\u00ed na politiku<\/p>\n\n\n\n<p>Britsk\u00e1 online s\u00e1zkov\u00e1 kancel\u00e1\u0159 William Hill je jednou z nej\u00fasp\u011b\u0161n\u011bj\u0161\u00edch v oboru, byla zalo\u017eena v roce 1934. Tato spole\u010dnost m\u00e1 v\u00edce ne\u017e 2 300 kancel\u00e1\u0159\u00ed ve Spojen\u00e9m kr\u00e1lovstv\u00ed a m\u00e1 zastoupen\u00ed tak\u00e9 ve \u0160pan\u011blsku a It\u00e1lii. \u0158\u00edk\u00e1me to proto, \u017ee William Hill p\u016fsob\u00ed ve Francii od roku 2012 s online platformou, kter\u00e1 sv\u00fdm u\u017eivatel\u016fm nab\u00edz\u00ed \u017eiv\u00e9 sportovn\u00ed s\u00e1zen\u00ed s vynikaj\u00edc\u00edmi kurzy a tak\u00e9 \u0161irokou \u0161k\u00e1lu kasinov\u00fdch her. Krom\u011b toho je William Hill tak\u00e9 skv\u011bl\u00fdm m\u00edstem pro s\u00e1zky na politiku, zejm\u00e9na pokud jde o francouzsk\u00e9 prezidentsk\u00e9 volby. Webov\u00e1 str\u00e1nka v\u00e1m umo\u017e\u0148uje prov\u00e1d\u011bt va\u0161e p\u0159edpov\u011bdi porovn\u00e1n\u00edm \u0161anc\u00ed jin\u00fdch s\u00e1zkov\u00fdch kancel\u00e1\u0159\u00ed.<\/p>\n\n\n\n<p>William Hill je spolehliv\u00e1 s\u00e1zkov\u00e1 kancel\u00e1\u0159, kter\u00e1 sv\u00fdm hr\u00e1\u010d\u016fm nab\u00edz\u00ed velmi dobr\u00e9 kurzy a promo akce p\u0159i s\u00e1zen\u00ed na politiku nebo cokoliv jin\u00e9ho. Jeho pou\u017eit\u00ed je extr\u00e9mn\u011b snadn\u00e9 a nevy\u017eaduje \u017e\u00e1dn\u00e9 zku\u0161enosti ani technick\u00e9 znalosti, abyste mohli za\u010d\u00edt s\u00e1zet.<\/p>\n\n\n\n<p>Marine Le Penov\u00e1 jmenovala nov\u00e9ho premi\u00e9ra ve snaze o\u017eivit svou pokulh\u00e1vaj\u00edc\u00ed prezidentskou kampa\u0148.<\/p>\n\n\n\n<p><\/p>\n\n\n\n<p>Jej\u00ed \u0161ance na v\u00edt\u011bzstv\u00ed je\u0161t\u011b v\u00edce po\u0161kodilo p\u00e1te\u010dn\u00ed odhalen\u00ed, \u017ee z prost\u0159edk\u016f Evropsk\u00e9ho parlamentu zaplatila asistentovi, kter\u00fd pro stranu pracoval doma.<\/p>\n\n\n\n<p>Je tak\u00e9 vy\u0161et\u0159ov\u00e1na pro \u00fadajnou zpronev\u011bru v dob\u011b, kdy byla europoslankyn\u00ed.<\/p>\n\n\n\n<p class=\"has-text-align-center unibet\" style=\"font-size:25px\"><mark style=\"background-color:rgba(0, 0, 0, 0);color:#0d7a12\" class=\"has-inline-color\"><strong><a href=\"https:\/\/parier-presidentielle.com\/cs\/recommends\/unibet\/\">Bonus 150 \u20ac nab\u00edzen\u00fd s Unibet<br>Pro svou prvn\u00ed politickou nebo sportovn\u00ed s\u00e1zku: Klikn\u011bte zde<\/a><\/strong><\/mark><\/p>\n\n\n\n<p><\/p>\n\n\n<div class=\"wp-block-image\">\n<figure class=\"aligncenter is-resized wp-duotone-000097-ff4747-1\"><img decoding=\"async\" loading=\"lazy\" src=\"https:\/\/parier-presidentielle.com\/wp-content\/uploads\/2021\/09\/election-standard-scale-4_00x-gigapixel-1024x623.jpg\" alt=\"Volby 2022\" style=\"width:256px;height:156px\" width=\"256\" height=\"156\"\/><\/figure><\/div>\n\n\n<p><br><\/p>\n\n\n\n<p><strong>Parier-presidential v\u00e1m pom\u016f\u017ee vybrat si mezi r\u016fzn\u00fdmi<a href=\"https:\/\/parier-presidentielle.com\/cs\/\"> Bookmake\u0159i Bwin, Unibet, Betclic vsad\u00ed v roce 2024 na budouc\u00edho americk\u00e9ho prezidenta<\/a> : <\/strong><br><a href=\"https:\/\/parier-presidentielle.com\/cs\/unibet-politika-volby-2022\/\">Prezidentsk\u00e1 s\u00e1zkov\u00e1 kancel\u00e1\u0159 Unibet<\/a> : Podrobn\u00fd a bezplatn\u00fd pr\u016fvodce, jak uzav\u0159\u00edt svou prvn\u00ed online s\u00e1zku se v\u0161emi kurzy a jak vyu\u017e\u00edt nab\u00edzen\u00fd bonus!<\/p>\n\n\n\n<p>Stejn\u011b jako dal\u0161\u00ed online str\u00e1nky v Pa\u0159\u00ed\u017ei: <a href=\"https:\/\/parier-presidentielle.com\/cs\/unibet-politika-volby-2022\/\">Bwin<\/a>, <a href=\"https:\/\/parier-presidentielle.com\/cs\/netbet-paris-politics-volby-2022\/\">NetBet<\/a>, <a href=\"https:\/\/parier-presidentielle.com\/cs\/betclic-prezidentska-2022\/\">Betclic<\/a>, <a href=\"https:\/\/parier-presidentielle.com\/cs\/winamax-politika-volby-2022\/\">Winamax<\/a>, Parions Sport, Zebet, Betway, France-Pari, Vbet, Cloudbet, 1Xbit, 1xbet, Betfair, Betwinner \u2026<\/p>\n\n\n\n<div class=\"wp-block-columns is-layout-flex wp-container-6 wp-block-columns-is-layout-flex\">\n<div class=\"wp-block-column is-layout-flow wp-block-column-is-layout-flow\" style=\"flex-basis:33.33%\">\n<p>Pr\u00e1v\u011b jste si p\u0159e\u010detli n\u00e1\u0161 soubor:<\/p>\n<\/div>\n\n\n\n<div class=\"wp-block-column is-layout-flow wp-block-column-is-layout-flow\" style=\"flex-basis:33.33%\">\n<div class=\"wp-block-group is-layout-flow wp-block-group-is-layout-flow\"><div class=\"wp-block-group__inner-container\"><h4 class=\"has-text-align-center wp-block-post-title\"><span id=\"william-hill-bookmaker-anglais-pour-parier-sur-l8217election-presidentielle-francaise-2022\"><a href=\"https:\/\/parier-presidentielle.com\/cs\/william-hill-prezident\/\" target=\"_self\" >William Hill: Anglick\u00fd bookmaker vsad\u00ed na francouzsk\u00e9 prezidentsk\u00e9 volby v roce 2022<\/a><\/span><\/h4><\/div><\/div>\n<\/div>\n\n\n\n<div class=\"wp-block-column is-layout-flow wp-block-column-is-layout-flow\" style=\"flex-basis:33.33%\">\n<p class=\"has-text-align-right\">Pokra\u010dujte ve \u010dten\u00ed s na\u0161imi dal\u0161\u00edmi exkluzivn\u00edmi soubory,<\/p>\n<\/div>\n<\/div>\n\n\n\n<h3 class=\"wp-block-heading\" id=\"tous-les-pronostics-sondage-et-cotes-pour-parier-sur-le-futur-vainqueur-de-l-election-presidentielle-2022\"><span id=\"tous-les-pronostics-sondage-et-cotes-pour-parier-sur-le-futur-vainqueur-de-l8217election-presidentielle-2024\">V\u0161echny p\u0159edpov\u011bdi, pr\u016fzkumy a kurzy na budouc\u00edho v\u00edt\u011bze prezidentsk\u00fdch voleb v roce 2024:<\/span><\/h3>\n\n\n\n<ul>\n<li><a href=\"https:\/\/parier-presidentielle.com\/cs\/makronove-volby\/\">Vsa\u010fte si na Emmanuela Macrona s Unibet, Betclic, Bwin<\/a> : Obl\u00edben\u00e9 v anket\u00e1ch a p\u0159edpov\u011bd\u00edch <\/li>\n\n\n\n<li><a href=\"https:\/\/parier-presidentielle.com\/cs\/marine-le-pen-volby\/\">Marine Le Pen: Jej\u00ed kurzy a jak s\u00e1zet u s\u00e1zkov\u00fdch kancel\u00e1\u0159\u00ed<\/a>: Vyzyvatel podle Unibetu<\/li>\n<\/ul>\n\n\n\n<p><\/p>\n\n\n\n<center><script type=\"text\/javascript\" charset=\"utf-8\" src=\"https:\/\/www.gambling-affiliation.com\/cpm\/v=AmIMTDSs92QY6b0MzDMvM5laCjJ-ZlA-1oQ-7tKsi.w_GA7331V2\"><\/script><\/center>\n\n\n\n<h3 class=\"wp-block-heading\"><span id=\"donald-trump-vs-joe-biden-la-video-qui-lance-les-paris-en-ligne-sur-l8217election-politique-de-2024\">Donald Trump vs Joe Biden: Video, kter\u00e9 spou\u0161t\u00ed online s\u00e1zen\u00ed na politick\u00e9 volby v roce 2024<\/span><\/h3>\n\n\n\n<figure class=\"wp-block-embed is-type-video is-provider-youtube wp-block-embed-youtube wp-embed-aspect-16-9 wp-has-aspect-ratio\"><div class=\"wp-block-embed__wrapper\">\n<iframe loading=\"lazy\" title=\"B\u00fdval\u00fd prezident Donald Trump zahajuje nab\u00eddku B\u00edl\u00e9ho domu v roce 2024 #Short\" width=\"640\" height=\"360\" src=\"https:\/\/www.youtube.com\/embed\/hZykPRVe4Ag?feature=oembed\" frameborder=\"0\" allow=\"accelerometer; autoplay; clipboard-write; encrypted-media; gyroscope; picture-in-picture; web-share\" allowfullscreen><\/iframe>\n<\/div><\/figure>\n\n\n<div class=\"wp-block-image\">\n<figure class=\"aligncenter size-medium\"><a href=\"https:\/\/parier-presidentielle.com\/cs\/recommends\/unibet\/\" target=\"_blank\" rel=\"noopener\"><img decoding=\"async\" loading=\"lazy\" width=\"300\" height=\"169\" src=\"https:\/\/parier-presidentielle.com\/wp-content\/uploads\/2022\/04\/unibet-300x169.jpg\" alt=\"\" class=\"wp-image-1252\" srcset=\"https:\/\/parier-presidentielle.com\/wp-content\/uploads\/2022\/04\/unibet-300x169.jpg 300w, https:\/\/parier-presidentielle.com\/wp-content\/uploads\/2022\/04\/unibet-1024x576.jpg 1024w, https:\/\/parier-presidentielle.com\/wp-content\/uploads\/2022\/04\/unibet-768x432.jpg 768w, https:\/\/parier-presidentielle.com\/wp-content\/uploads\/2022\/04\/unibet-18x10.jpg 18w, https:\/\/parier-presidentielle.com\/wp-content\/uploads\/2022\/04\/unibet.jpg 1280w\" sizes=\"(max-width: 300px) 100vw, 300px\" \/><\/a><\/figure><\/div>\n\n\n<p>Najd\u011bte Wiki, z\u00e1kladn\u00ed politick\u00e9 zpr\u00e1vy o konop\u00ed a jeho leg\u00e1ln\u00edch deriv\u00e1tech: <strong>HHC, H4cbd, Thcp, Thcv, HSD, HHCPO, C4B<\/strong><\/p>\n<div id=\"toc_container\" class=\"no_bullets\"><p class=\"toc_title\">Obsah<\/p><ul class=\"toc_list\"><li><ul><li><ul><li><\/li><li><\/li><\/ul><\/li><li><\/li><li><\/li><\/ul><\/li><\/ul><\/div>","protected":false},"excerpt":{"rendered":"<p>avec qui parier? William Hill of course Parier l&#8217;\u00e9lection pr\u00e9sident 2022 avec le site de paris en ligne William Hill 20\u20ac Offert pour Parier avec William Hill Les cotes de William Hill donnent l&#8217;actuel pr\u00e9sident Emmanuel Macron \u00e0 1,10 contre Marine Le Pen \u00e0 7.50, ce sont donc les meilleures cotes par rapport aux autres &#8230;<\/p>","protected":false},"author":1,"featured_media":0,"parent":0,"menu_order":0,"comment_status":"closed","ping_status":"closed","template":"page-nosidebar.php","meta":{"footnotes":""},"yoast_head":"<!-- This site is optimized with the Yoast SEO Premium plugin v21.0 (Yoast SEO v21.0) - https:\/\/yoast.com\/wordpress\/plugins\/seo\/ -->\n<title>William Hill : Bookmaker Anglais pour Parier sur l&#039;election presidentielle fran\u00e7aise 2022 - Finale Coupe du Monde FIFA<\/title>\n<meta name=\"robots\" content=\"index, follow, max-snippet:-1, max-image-preview:large, max-video-preview:-1\" \/>\n<link rel=\"canonical\" href=\"https:\/\/parier-presidentielle.com\/cs\/william-hill-prezident\/\" \/>\n<meta property=\"og:locale\" content=\"cs_CZ\" \/>\n<meta property=\"og:type\" content=\"article\" \/>\n<meta property=\"og:title\" content=\"William Hill : Bookmaker Anglais pour Parier sur l&#039;election presidentielle fran\u00e7aise 2022\" \/>\n<meta property=\"og:description\" content=\"avec qui parier? William Hill of course Parier l&#8217;\u00e9lection pr\u00e9sident 2022 avec le site de paris en ligne William Hill 20\u20ac Offert pour Parier avec William Hill Les cotes de William Hill donnent l&#8217;actuel pr\u00e9sident Emmanuel Macron \u00e0 1,10 contre Marine Le Pen \u00e0 7.50, ce sont donc les meilleures cotes par rapport aux autres ...\" \/>\n<meta property=\"og:url\" content=\"https:\/\/parier-presidentielle.com\/cs\/william-hill-prezident\/\" \/>\n<meta property=\"og:site_name\" content=\"Parier Pr\u00e9sidentielle\" \/>\n<meta property=\"article:modified_time\" content=\"2023-09-23T15:06:55+00:00\" \/>\n<meta property=\"og:image\" content=\"https:\/\/parier-presidentielle.com\/wp-content\/uploads\/2022\/04\/william-hill-macron-le-pen-presidentielle-1024x265.jpg\" \/>\n<meta name=\"twitter:card\" content=\"summary_large_image\" \/>\n<meta name=\"twitter:label1\" content=\"Est. reading time\" \/>\n\t<meta name=\"twitter:data1\" content=\"4 minuty\" \/>\n<script type=\"application\/ld+json\" class=\"yoast-schema-graph\">{\"@context\":\"https:\/\/schema.org\",\"@graph\":[{\"@type\":\"WebPage\",\"@id\":\"https:\/\/parier-presidentielle.com\/william-hill-presidentielle\/\",\"url\":\"https:\/\/parier-presidentielle.com\/william-hill-presidentielle\/\",\"name\":\"William Hill : Bookmaker Anglais pour Parier sur l'election presidentielle fran\u00e7aise 2022 - Finale Coupe du Monde FIFA\",\"isPartOf\":{\"@id\":\"https:\/\/parier-presidentielle.com\/#website\"},\"datePublished\":\"2022-04-19T11:25:07+00:00\",\"dateModified\":\"2023-09-23T15:06:55+00:00\",\"breadcrumb\":{\"@id\":\"https:\/\/parier-presidentielle.com\/william-hill-presidentielle\/#breadcrumb\"},\"inLanguage\":\"cs\",\"potentialAction\":[{\"@type\":\"ReadAction\",\"target\":[\"https:\/\/parier-presidentielle.com\/william-hill-presidentielle\/\"]}]},{\"@type\":\"BreadcrumbList\",\"@id\":\"https:\/\/parier-presidentielle.com\/william-hill-presidentielle\/#breadcrumb\",\"itemListElement\":[{\"@type\":\"ListItem\",\"position\":1,\"name\":\"Accueil\",\"item\":\"https:\/\/parier-presidentielle.com\/\"},{\"@type\":\"ListItem\",\"position\":2,\"name\":\"William Hill : Bookmaker Anglais pour Parier sur l&#8217;election presidentielle fran\u00e7aise 2022\"}]},{\"@type\":\"WebSite\",\"@id\":\"https:\/\/parier-presidentielle.com\/#website\",\"url\":\"https:\/\/parier-presidentielle.com\/\",\"name\":\"Parier Pr\u00e9sidentielle\",\"description\":\"Paris, Pronostics, Wiki sur la Politique, les Elections Am\u00e9ricaines: Joe Biden, Donald Trump avec les Bookmakers en ligne Unibet, Bwin, Betclic, Winamax\",\"potentialAction\":[{\"@type\":\"SearchAction\",\"target\":{\"@type\":\"EntryPoint\",\"urlTemplate\":\"https:\/\/parier-presidentielle.com\/?s={search_term_string}\"},\"query-input\":\"required name=search_term_string\"}],\"inLanguage\":\"cs\"}]}<\/script>\n<!-- \/ Yoast SEO Premium plugin. -->","yoast_head_json":{"title":"William Hill : Bookmaker Anglais pour Parier sur l'election presidentielle fran\u00e7aise 2022 - Finale Coupe du Monde FIFA","robots":{"index":"index","follow":"follow","max-snippet":"max-snippet:-1","max-image-preview":"max-image-preview:large","max-video-preview":"max-video-preview:-1"},"canonical":"https:\/\/parier-presidentielle.com\/cs\/william-hill-prezident\/","og_locale":"cs_CZ","og_type":"article","og_title":"William Hill : Bookmaker Anglais pour Parier sur l'election presidentielle fran\u00e7aise 2022","og_description":"avec qui parier? William Hill of course Parier l&#8217;\u00e9lection pr\u00e9sident 2022 avec le site de paris en ligne William Hill 20\u20ac Offert pour Parier avec William Hill Les cotes de William Hill donnent l&#8217;actuel pr\u00e9sident Emmanuel Macron \u00e0 1,10 contre Marine Le Pen \u00e0 7.50, ce sont donc les meilleures cotes par rapport aux autres ...","og_url":"https:\/\/parier-presidentielle.com\/cs\/william-hill-prezident\/","og_site_name":"Parier Pr\u00e9sidentielle","article_modified_time":"2023-09-23T15:06:55+00:00","og_image":[{"url":"https:\/\/parier-presidentielle.com\/wp-content\/uploads\/2022\/04\/william-hill-macron-le-pen-presidentielle-1024x265.jpg"}],"twitter_card":"summary_large_image","twitter_misc":{"Est. reading time":"4 minuty"},"schema":{"@context":"https:\/\/schema.org","@graph":[{"@type":"WebPage","@id":"https:\/\/parier-presidentielle.com\/william-hill-presidentielle\/","url":"https:\/\/parier-presidentielle.com\/william-hill-presidentielle\/","name":"William Hill : Bookmaker Anglais pour Parier sur l'election presidentielle fran\u00e7aise 2022 - Finale Coupe du Monde FIFA","isPartOf":{"@id":"https:\/\/parier-presidentielle.com\/#website"},"datePublished":"2022-04-19T11:25:07+00:00","dateModified":"2023-09-23T15:06:55+00:00","breadcrumb":{"@id":"https:\/\/parier-presidentielle.com\/william-hill-presidentielle\/#breadcrumb"},"inLanguage":"cs","potentialAction":[{"@type":"ReadAction","target":["https:\/\/parier-presidentielle.com\/william-hill-presidentielle\/"]}]},{"@type":"BreadcrumbList","@id":"https:\/\/parier-presidentielle.com\/william-hill-presidentielle\/#breadcrumb","itemListElement":[{"@type":"ListItem","position":1,"name":"Accueil","item":"https:\/\/parier-presidentielle.com\/"},{"@type":"ListItem","position":2,"name":"William Hill : Bookmaker Anglais pour Parier sur l&#8217;election presidentielle fran\u00e7aise 2022"}]},{"@type":"WebSite","@id":"https:\/\/parier-presidentielle.com\/#website","url":"https:\/\/parier-presidentielle.com\/","name":"Parier Pr\u00e9sidentielle","description":"Paris, Pronostics, Wiki sur la Politique, les Elections Am\u00e9ricaines: Joe Biden, Donald Trump avec les Bookmakers en ligne Unibet, Bwin, Betclic, Winamax","potentialAction":[{"@type":"SearchAction","target":{"@type":"EntryPoint","urlTemplate":"https:\/\/parier-presidentielle.com\/?s={search_term_string}"},"query-input":"required name=search_term_string"}],"inLanguage":"cs"}]}},"_links":{"self":[{"href":"https:\/\/parier-presidentielle.com\/cs\/wp-json\/wp\/v2\/pages\/1459"}],"collection":[{"href":"https:\/\/parier-presidentielle.com\/cs\/wp-json\/wp\/v2\/pages"}],"about":[{"href":"https:\/\/parier-presidentielle.com\/cs\/wp-json\/wp\/v2\/types\/page"}],"author":[{"embeddable":true,"href":"https:\/\/parier-presidentielle.com\/cs\/wp-json\/wp\/v2\/users\/1"}],"replies":[{"embeddable":true,"href":"https:\/\/parier-presidentielle.com\/cs\/wp-json\/wp\/v2\/comments?post=1459"}],"version-history":[{"count":32,"href":"https:\/\/parier-presidentielle.com\/cs\/wp-json\/wp\/v2\/pages\/1459\/revisions"}],"predecessor-version":[{"id":2561,"href":"https:\/\/parier-presidentielle.com\/cs\/wp-json\/wp\/v2\/pages\/1459\/revisions\/2561"}],"wp:attachment":[{"href":"https:\/\/parier-presidentielle.com\/cs\/wp-json\/wp\/v2\/media?parent=1459"}],"curies":[{"name":"wp","href":"https:\/\/api.w.org\/{rel}","templated":true}]}}