{"id":157,"date":"2021-09-13T14:17:19","date_gmt":"2021-09-13T12:17:19","guid":{"rendered":"https:\/\/parier-presidentielle.com\/?page_id=157"},"modified":"2021-09-13T14:20:51","modified_gmt":"2021-09-13T12:20:51","slug":"asselineau-election","status":"publish","type":"page","link":"https:\/\/parier-presidentielle.com\/cs\/asselineau-volby\/","title":{"rendered":"Vsa\u010fte na zvolen\u00ed Fran\u00e7oise Asselineaua"},"content":{"rendered":"<p><strong>Fran\u00e7ois Asselineau<\/strong> (francouzsky Fran\u00e7ois Asselineau; narozen v Pa\u0159\u00ed\u017ei, Francie) je francouzsk\u00fd politik. Od roku 1983 p\u016fsobil jako poradce pro r\u016fzn\u00e1 ministerstva. V roce 1996 se stal gener\u00e1ln\u00edm inspektorem na ministerstvu financ\u00ed.<\/p>\n\n\n\n<p>V roce 1999 se stal \u010dlenem pravicov\u00e9 strany Sjednocen\u00ed pro Francii. V roce 2004 z\u00edskal m\u00edsto od Nicolase Sarkozyho a vstoupil do frakce Unie pro lidov\u00e9 hnut\u00ed v Pa\u0159\u00ed\u017esk\u00e9 rad\u011b. 25. b\u0159ezna 2007 (50. v\u00fdro\u010d\u00ed \u0158\u00edmsk\u00e9 smlouvy) vytvo\u0159il novou stranu, Lidovou republik\u00e1nskou unii (LDC, FR.UPR). Hlavn\u00edm c\u00edlem t\u00e9to strany je odchod Francie z EU. Ost\u0159e kritizuje americkou zahrani\u010dn\u00ed politiku a po\u017eaduje vystoupen\u00ed Francie z NATO.<\/p>\n\n\n\n<p>Od b\u0159ezna 2014 kritizoval z\u00e1padn\u00ed politiku v ukrajinsk\u00e9 krizi a v\u011b\u0159\u00ed, \u017ee krymsk\u00e9 referendum nen\u00ed o nic m\u00e9n\u011b legitimn\u00ed ne\u017e referendum v Kosovu nebo Ji\u017en\u00edm S\u00fad\u00e1nu. 9. kv\u011btna 2015 byl Fran\u00e7ois Asselineau po n\u00e1v\u0161t\u011bv\u011b Krymu jedin\u00fdm francouzsk\u00fdm politikem v Rusku. V listopadu 2014 ozna\u010dil Asselineau odm\u00edtnut\u00ed Francie prodat lod\u011b Mistral Rusku za \u201ezradu\u201c.<\/p>\n\n\n\n<p>Po\u010det \u010dlen\u016f PMA p\u0159es\u00e1hl 8 000 v \u010dervenci 2015 a 17 000 v b\u0159eznu 2017. Asselineau a PMA se p\u0159edstavili v region\u00e1ln\u00edch volb\u00e1ch v prosinci 2015 ve v\u0161ech metropolitn\u00edch regionech (krom\u011b Korsiky) a na R\u00e9unionu. V t\u011bchto 13 regionech z\u00edskaly nejm\u00e9n\u011b rozvinut\u00e9 zem\u011b 189 350 hlas\u016f, neboli 0,9 % hlas\u016f, co\u017e v\u0161ak p\u0159edstavuje n\u00e1r\u016fst o 150 % oproti evropsk\u00fdm volb\u00e1m v roce 2014. Fran\u00e7ois Asselineau si st\u011b\u017eoval, \u017ee nedostal ani minutu ant\u00e9ny na hlavn\u00edch kan\u00e1lech a rozhlasov\u00fdch stanic\u00edch. . V\u00fdjime\u010dn\u00fd stav byl dokonce z\u00e1minkou ke zru\u0161en\u00ed n\u011bkolika rozhovor\u016f a z\u00e1kazu n\u011bkolika shrom\u00e1\u017ed\u011bn\u00ed.<\/p>\n\n\n\n<p>N\u011bkte\u0159\u00ed odp\u016frci Fran\u00e7oise Asselineaua obvi\u0148uj\u00ed ze sklonu ke konspira\u010dn\u00edm teori\u00edm, zejm\u00e9na t\u00edm, \u017ee uk\u00e1zali, jak Fran\u00e7ois Mitterrand a Jacques Attali od roku 1983 (9,651 TP4T hlas\u016f) vytvo\u0159ili velkou \u010d\u00e1st krajn\u011b pravicov\u00e9 skupiny N\u00e1rodn\u00ed fronta (0,18 % hlas\u016f v roce 1981). v roce 1986) prost\u0159ednictv\u00edm aktivn\u00edho medi\u00e1ln\u00edho pokryt\u00ed. I to dokazuje, \u017ee N\u00e1rodn\u00ed fronta nikdy ofici\u00e1ln\u011b nepo\u017e\u00e1dala (ve sv\u00e9m programu) o vystoupen\u00ed z EU.<\/p>\n\n\n\n<p>Asselineau kandidoval v prezidentsk\u00fdch volb\u00e1ch v roce 2017 a ozn\u00e1mil svou \u00fa\u010dast ve volb\u00e1ch v roce 2022.<\/p>\n\n\n\n<p class=\"has-text-align-center unibet\" style=\"font-size:25px\"><mark style=\"background-color:rgba(0, 0, 0, 0);color:#0d7a12\" class=\"has-inline-color\"><strong><a href=\"https:\/\/parier-presidentielle.com\/cs\/recommends\/unibet\/\">Bonus 150 \u20ac nab\u00edzen\u00fd s Unibet<br>Pro svou prvn\u00ed politickou nebo sportovn\u00ed s\u00e1zku: Klikn\u011bte zde<\/a><\/strong><\/mark><\/p>\n\n\n\n<p><\/p>\n\n\n<div class=\"wp-block-image\">\n<figure class=\"aligncenter is-resized wp-duotone-000097-ff4747-1\"><img decoding=\"async\" loading=\"lazy\" src=\"https:\/\/parier-presidentielle.com\/wp-content\/uploads\/2021\/09\/election-standard-scale-4_00x-gigapixel-1024x623.jpg\" alt=\"Volby 2022\" style=\"width:256px;height:156px\" width=\"256\" height=\"156\"\/><\/figure><\/div>\n\n\n<p><br><\/p>\n\n\n\n<p><strong>Parier-presidential v\u00e1m pom\u016f\u017ee vybrat si mezi r\u016fzn\u00fdmi<a href=\"https:\/\/parier-presidentielle.com\/cs\/\"> Bookmake\u0159i Bwin, Unibet, Betclic vsad\u00ed v roce 2024 na budouc\u00edho americk\u00e9ho prezidenta<\/a> : <\/strong><br><a href=\"https:\/\/parier-presidentielle.com\/cs\/unibet-politika-volby-2022\/\">Prezidentsk\u00e1 s\u00e1zkov\u00e1 kancel\u00e1\u0159 Unibet<\/a> : Podrobn\u00fd a bezplatn\u00fd pr\u016fvodce, jak uzav\u0159\u00edt svou prvn\u00ed online s\u00e1zku se v\u0161emi kurzy a jak vyu\u017e\u00edt nab\u00edzen\u00fd bonus!<\/p>\n\n\n\n<p>Stejn\u011b jako dal\u0161\u00ed online str\u00e1nky v Pa\u0159\u00ed\u017ei: <a href=\"https:\/\/parier-presidentielle.com\/cs\/unibet-politika-volby-2022\/\">Bwin<\/a>, <a href=\"https:\/\/parier-presidentielle.com\/cs\/netbet-paris-politics-volby-2022\/\">NetBet<\/a>, <a href=\"https:\/\/parier-presidentielle.com\/cs\/betclic-prezidentska-2022\/\">Betclic<\/a>, <a href=\"https:\/\/parier-presidentielle.com\/cs\/winamax-politika-volby-2022\/\">Winamax<\/a>, Parions Sport, Zebet, Betway, France-Pari, Vbet, Cloudbet, 1Xbit, 1xbet, Betfair, Betwinner \u2026<\/p>\n\n\n\n<div class=\"wp-block-columns is-layout-flex wp-container-6 wp-block-columns-is-layout-flex\">\n<div class=\"wp-block-column is-layout-flow wp-block-column-is-layout-flow\" style=\"flex-basis:33.33%\">\n<p>Pr\u00e1v\u011b jste si p\u0159e\u010detli n\u00e1\u0161 soubor:<\/p>\n<\/div>\n\n\n\n<div class=\"wp-block-column is-layout-flow wp-block-column-is-layout-flow\" style=\"flex-basis:33.33%\">\n<div class=\"wp-block-group is-layout-flow wp-block-group-is-layout-flow\"><div class=\"wp-block-group__inner-container\"><h4 class=\"has-text-align-center wp-block-post-title\"><span id=\"parier-sur-lelection-de-francois-asselineau\"><a href=\"https:\/\/parier-presidentielle.com\/cs\/asselineau-volby\/\" target=\"_self\" >Vsa\u010fte na zvolen\u00ed Fran\u00e7oise Asselineaua<\/a><\/span><\/h4><\/div><\/div>\n<\/div>\n\n\n\n<div class=\"wp-block-column is-layout-flow wp-block-column-is-layout-flow\" style=\"flex-basis:33.33%\">\n<p class=\"has-text-align-right\">Pokra\u010dujte ve \u010dten\u00ed s na\u0161imi dal\u0161\u00edmi exkluzivn\u00edmi soubory,<\/p>\n<\/div>\n<\/div>\n\n\n\n<h3 class=\"wp-block-heading\" id=\"tous-les-pronostics-sondage-et-cotes-pour-parier-sur-le-futur-vainqueur-de-l-election-presidentielle-2022\"><span id=\"tous-les-pronostics-sondage-et-cotes-pour-parier-sur-le-futur-vainqueur-de-l8217election-presidentielle-2024\">V\u0161echny p\u0159edpov\u011bdi, pr\u016fzkumy a kurzy na budouc\u00edho v\u00edt\u011bze prezidentsk\u00fdch voleb v roce 2024:<\/span><\/h3>\n\n\n\n<ul>\n<li><a href=\"https:\/\/parier-presidentielle.com\/cs\/makronove-volby\/\">Vsa\u010fte si na Emmanuela Macrona s Unibet, Betclic, Bwin<\/a> : Obl\u00edben\u00e9 v anket\u00e1ch a p\u0159edpov\u011bd\u00edch <\/li>\n\n\n\n<li><a href=\"https:\/\/parier-presidentielle.com\/cs\/marine-le-pen-volby\/\">Marine Le Pen: Jej\u00ed kurzy a jak s\u00e1zet u s\u00e1zkov\u00fdch kancel\u00e1\u0159\u00ed<\/a>: Vyzyvatel podle Unibetu<\/li>\n<\/ul>\n\n\n\n<p><\/p>\n\n\n\n<center><script type=\"text\/javascript\" charset=\"utf-8\" src=\"https:\/\/www.gambling-affiliation.com\/cpm\/v=AmIMTDSs92QY6b0MzDMvM5laCjJ-ZlA-1oQ-7tKsi.w_GA7331V2\"><\/script><\/center>\n\n\n\n<h3 class=\"wp-block-heading\"><span id=\"donald-trump-vs-joe-biden-la-video-qui-lance-les-paris-en-ligne-sur-l8217election-politique-de-2024\">Donald Trump vs Joe Biden: Video, kter\u00e9 spou\u0161t\u00ed online s\u00e1zen\u00ed na politick\u00e9 volby v roce 2024<\/span><\/h3>\n\n\n\n<figure class=\"wp-block-embed is-type-video is-provider-youtube wp-block-embed-youtube wp-embed-aspect-16-9 wp-has-aspect-ratio\"><div class=\"wp-block-embed__wrapper\">\n<iframe loading=\"lazy\" title=\"B\u00fdval\u00fd prezident Donald Trump zahajuje nab\u00eddku B\u00edl\u00e9ho domu v roce 2024 #Short\" width=\"640\" height=\"360\" src=\"https:\/\/www.youtube.com\/embed\/hZykPRVe4Ag?feature=oembed\" frameborder=\"0\" allow=\"accelerometer; autoplay; clipboard-write; encrypted-media; gyroscope; picture-in-picture; web-share\" allowfullscreen><\/iframe>\n<\/div><\/figure>\n\n\n<div class=\"wp-block-image\">\n<figure class=\"aligncenter size-medium\"><a href=\"https:\/\/parier-presidentielle.com\/cs\/recommends\/unibet\/\" target=\"_blank\" rel=\"noopener\"><img decoding=\"async\" loading=\"lazy\" width=\"300\" height=\"169\" src=\"https:\/\/parier-presidentielle.com\/wp-content\/uploads\/2022\/04\/unibet-300x169.jpg\" alt=\"\" class=\"wp-image-1252\" srcset=\"https:\/\/parier-presidentielle.com\/wp-content\/uploads\/2022\/04\/unibet-300x169.jpg 300w, https:\/\/parier-presidentielle.com\/wp-content\/uploads\/2022\/04\/unibet-1024x576.jpg 1024w, https:\/\/parier-presidentielle.com\/wp-content\/uploads\/2022\/04\/unibet-768x432.jpg 768w, https:\/\/parier-presidentielle.com\/wp-content\/uploads\/2022\/04\/unibet-18x10.jpg 18w, https:\/\/parier-presidentielle.com\/wp-content\/uploads\/2022\/04\/unibet.jpg 1280w\" sizes=\"(max-width: 300px) 100vw, 300px\" \/><\/a><\/figure><\/div>\n\n\n<p>Najd\u011bte Wiki, z\u00e1kladn\u00ed politick\u00e9 zpr\u00e1vy o konop\u00ed a jeho leg\u00e1ln\u00edch deriv\u00e1tech: <strong>HHC, H4cbd, Thcp, Thcv, HSD, HHCPO, C4B<\/strong><\/p>\n<div id=\"toc_container\" class=\"no_bullets\"><p class=\"toc_title\">Obsah<\/p><ul class=\"toc_list\"><ul><li><\/li><\/ul><\/li><li><\/li><li><\/li><\/ul><\/div>","protected":false},"excerpt":{"rendered":"<p>Fran\u00e7ois Asselineau (fran\u00e7ais Fran\u00e7ois Asselineau ; n\u00e9 \u00e0 Paris, France) est un homme politique fran\u00e7ais. Depuis 1983, il a travaill\u00e9 comme conseiller pour divers minist\u00e8res. En 1996, il devient inspecteur g\u00e9n\u00e9ral au minist\u00e8re des Finances. En 1999, il devient membre du parti de droite Unification pour la France. En 2004, il re\u00e7oit un poste de &#8230;<\/p>","protected":false},"author":1,"featured_media":0,"parent":0,"menu_order":0,"comment_status":"closed","ping_status":"closed","template":"page-nosidebar.php","meta":{"footnotes":""},"yoast_head":"<!-- This site is optimized with the Yoast SEO Premium plugin v21.0 (Yoast SEO v21.0) - https:\/\/yoast.com\/wordpress\/plugins\/seo\/ -->\n<title>Parier sur l\u2019\u00e9lection de Fran\u00e7ois Asselineau - Finale Coupe du Monde FIFA<\/title>\n<meta name=\"description\" content=\"Pariez sur Fran\u00e7ois Asselineau pour l&#039;Election 2022 : Cliquez Ici et Gagnez Gros! Pronostics ,Comparaison des Bookmakers et des meilleurs Cotes.\" \/>\n<meta name=\"robots\" content=\"index, follow, max-snippet:-1, max-image-preview:large, max-video-preview:-1\" \/>\n<link rel=\"canonical\" href=\"https:\/\/parier-presidentielle.com\/cs\/asselineau-volby\/\" \/>\n<meta property=\"og:locale\" content=\"cs_CZ\" \/>\n<meta property=\"og:type\" content=\"article\" \/>\n<meta property=\"og:title\" content=\"Parier sur l\u2019\u00e9lection de Fran\u00e7ois Asselineau\" \/>\n<meta property=\"og:description\" content=\"Pariez sur Fran\u00e7ois Asselineau pour l&#039;Election 2022 : Cliquez Ici et Gagnez Gros! Pronostics ,Comparaison des Bookmakers et des meilleurs Cotes.\" \/>\n<meta property=\"og:url\" content=\"https:\/\/parier-presidentielle.com\/cs\/asselineau-volby\/\" \/>\n<meta property=\"og:site_name\" content=\"Parier Pr\u00e9sidentielle\" \/>\n<meta property=\"article:modified_time\" content=\"2021-09-13T12:20:51+00:00\" \/>\n<meta name=\"twitter:card\" content=\"summary_large_image\" \/>\n<meta name=\"twitter:label1\" content=\"Est. reading time\" \/>\n\t<meta name=\"twitter:data1\" content=\"2 minuty\" \/>\n<script type=\"application\/ld+json\" class=\"yoast-schema-graph\">{\"@context\":\"https:\/\/schema.org\",\"@graph\":[{\"@type\":\"WebPage\",\"@id\":\"https:\/\/parier-presidentielle.com\/asselineau-election\/\",\"url\":\"https:\/\/parier-presidentielle.com\/asselineau-election\/\",\"name\":\"Parier sur l\u2019\u00e9lection de Fran\u00e7ois Asselineau - Finale Coupe du Monde FIFA\",\"isPartOf\":{\"@id\":\"https:\/\/parier-presidentielle.com\/#website\"},\"datePublished\":\"2021-09-13T12:17:19+00:00\",\"dateModified\":\"2021-09-13T12:20:51+00:00\",\"description\":\"Pariez sur Fran\u00e7ois Asselineau pour l'Election 2022 : Cliquez Ici et Gagnez Gros! Pronostics ,Comparaison des Bookmakers et des meilleurs Cotes.\",\"breadcrumb\":{\"@id\":\"https:\/\/parier-presidentielle.com\/asselineau-election\/#breadcrumb\"},\"inLanguage\":\"cs\",\"potentialAction\":[{\"@type\":\"ReadAction\",\"target\":[\"https:\/\/parier-presidentielle.com\/asselineau-election\/\"]}]},{\"@type\":\"BreadcrumbList\",\"@id\":\"https:\/\/parier-presidentielle.com\/asselineau-election\/#breadcrumb\",\"itemListElement\":[{\"@type\":\"ListItem\",\"position\":1,\"name\":\"Accueil\",\"item\":\"https:\/\/parier-presidentielle.com\/\"},{\"@type\":\"ListItem\",\"position\":2,\"name\":\"Parier sur l\u2019\u00e9lection de Fran\u00e7ois Asselineau\"}]},{\"@type\":\"WebSite\",\"@id\":\"https:\/\/parier-presidentielle.com\/#website\",\"url\":\"https:\/\/parier-presidentielle.com\/\",\"name\":\"Parier Pr\u00e9sidentielle\",\"description\":\"Paris, Pronostics, Wiki sur la Politique, les Elections Am\u00e9ricaines: Joe Biden, Donald Trump avec les Bookmakers en ligne Unibet, Bwin, Betclic, Winamax\",\"potentialAction\":[{\"@type\":\"SearchAction\",\"target\":{\"@type\":\"EntryPoint\",\"urlTemplate\":\"https:\/\/parier-presidentielle.com\/?s={search_term_string}\"},\"query-input\":\"required name=search_term_string\"}],\"inLanguage\":\"cs\"}]}<\/script>\n<!-- \/ Yoast SEO Premium plugin. -->","yoast_head_json":{"title":"Parier sur l\u2019\u00e9lection de Fran\u00e7ois Asselineau - Finale Coupe du Monde FIFA","description":"Pariez sur Fran\u00e7ois Asselineau pour l'Election 2022 : Cliquez Ici et Gagnez Gros! Pronostics ,Comparaison des Bookmakers et des meilleurs Cotes.","robots":{"index":"index","follow":"follow","max-snippet":"max-snippet:-1","max-image-preview":"max-image-preview:large","max-video-preview":"max-video-preview:-1"},"canonical":"https:\/\/parier-presidentielle.com\/cs\/asselineau-volby\/","og_locale":"cs_CZ","og_type":"article","og_title":"Parier sur l\u2019\u00e9lection de Fran\u00e7ois Asselineau","og_description":"Pariez sur Fran\u00e7ois Asselineau pour l'Election 2022 : Cliquez Ici et Gagnez Gros! Pronostics ,Comparaison des Bookmakers et des meilleurs Cotes.","og_url":"https:\/\/parier-presidentielle.com\/cs\/asselineau-volby\/","og_site_name":"Parier Pr\u00e9sidentielle","article_modified_time":"2021-09-13T12:20:51+00:00","twitter_card":"summary_large_image","twitter_misc":{"Est. reading time":"2 minuty"},"schema":{"@context":"https:\/\/schema.org","@graph":[{"@type":"WebPage","@id":"https:\/\/parier-presidentielle.com\/asselineau-election\/","url":"https:\/\/parier-presidentielle.com\/asselineau-election\/","name":"Parier sur l\u2019\u00e9lection de Fran\u00e7ois Asselineau - Finale Coupe du Monde FIFA","isPartOf":{"@id":"https:\/\/parier-presidentielle.com\/#website"},"datePublished":"2021-09-13T12:17:19+00:00","dateModified":"2021-09-13T12:20:51+00:00","description":"Pariez sur Fran\u00e7ois Asselineau pour l'Election 2022 : Cliquez Ici et Gagnez Gros! Pronostics ,Comparaison des Bookmakers et des meilleurs Cotes.","breadcrumb":{"@id":"https:\/\/parier-presidentielle.com\/asselineau-election\/#breadcrumb"},"inLanguage":"cs","potentialAction":[{"@type":"ReadAction","target":["https:\/\/parier-presidentielle.com\/asselineau-election\/"]}]},{"@type":"BreadcrumbList","@id":"https:\/\/parier-presidentielle.com\/asselineau-election\/#breadcrumb","itemListElement":[{"@type":"ListItem","position":1,"name":"Accueil","item":"https:\/\/parier-presidentielle.com\/"},{"@type":"ListItem","position":2,"name":"Parier sur l\u2019\u00e9lection de Fran\u00e7ois Asselineau"}]},{"@type":"WebSite","@id":"https:\/\/parier-presidentielle.com\/#website","url":"https:\/\/parier-presidentielle.com\/","name":"Parier Pr\u00e9sidentielle","description":"Paris, Pronostics, Wiki sur la Politique, les Elections Am\u00e9ricaines: Joe Biden, Donald Trump avec les Bookmakers en ligne Unibet, Bwin, Betclic, Winamax","potentialAction":[{"@type":"SearchAction","target":{"@type":"EntryPoint","urlTemplate":"https:\/\/parier-presidentielle.com\/?s={search_term_string}"},"query-input":"required name=search_term_string"}],"inLanguage":"cs"}]}},"_links":{"self":[{"href":"https:\/\/parier-presidentielle.com\/cs\/wp-json\/wp\/v2\/pages\/157"}],"collection":[{"href":"https:\/\/parier-presidentielle.com\/cs\/wp-json\/wp\/v2\/pages"}],"about":[{"href":"https:\/\/parier-presidentielle.com\/cs\/wp-json\/wp\/v2\/types\/page"}],"author":[{"embeddable":true,"href":"https:\/\/parier-presidentielle.com\/cs\/wp-json\/wp\/v2\/users\/1"}],"replies":[{"embeddable":true,"href":"https:\/\/parier-presidentielle.com\/cs\/wp-json\/wp\/v2\/comments?post=157"}],"version-history":[{"count":2,"href":"https:\/\/parier-presidentielle.com\/cs\/wp-json\/wp\/v2\/pages\/157\/revisions"}],"predecessor-version":[{"id":162,"href":"https:\/\/parier-presidentielle.com\/cs\/wp-json\/wp\/v2\/pages\/157\/revisions\/162"}],"wp:attachment":[{"href":"https:\/\/parier-presidentielle.com\/cs\/wp-json\/wp\/v2\/media?parent=157"}],"curies":[{"name":"wp","href":"https:\/\/api.w.org\/{rel}","templated":true}]}}