{"id":163,"date":"2021-09-13T14:41:45","date_gmt":"2021-09-13T12:41:45","guid":{"rendered":"https:\/\/parier-presidentielle.com\/?page_id=163"},"modified":"2023-01-24T18:49:06","modified_gmt":"2023-01-24T17:49:06","slug":"asselineau-bookmakers","status":"publish","type":"page","link":"https:\/\/parier-presidentielle.com\/cs\/sazkove-kancelare-asselineau\/","title":{"rendered":"Asselineau Bookmake\u0159i: Pa\u0159\u00ed\u017e, kurzy a p\u0159edpov\u011bdi"},"content":{"rendered":"<p>Pr\u016fvodce s\u00e1zen\u00edm na kandid\u00e1ta  <a href=\"https:\/\/parier-presidentielle.com\/cs\/asselineau-volby\/\">Fran\u00e7ois Asselineau<\/a> v roce 2022 najd\u011bte nejlep\u0161\u00ed kurzy podle s\u00e1zkov\u00fdch kancel\u00e1\u0159\u00ed: <span style=\"text-decoration: underline;\"><a href=\"https:\/\/parier-presidentielle.com\/cs\/unibet-politika-volby-2022\/\">Unibet<\/a><\/span>, Bwin\u2026<\/p>\n\n\n\n<p><\/p>\n\n\n\n<h2 class=\"wp-block-heading\" id=\"parier-sur-francois-asselineau-en-2022-notre-analyse-cotes-et-pronostics\"><span id=\"parier-sur-francois-asselineau-en-2022-notre-analyse-cotes-et-pronostics\">S\u00e1zky na Francois Asselineau v roce 2022? Na\u0161e anal\u00fdza, \u0161ance a p\u0159edpov\u011bdi!<br><\/span><\/h2>\n\n\n\n<h1 class=\"wp-block-heading\"><span id=\"parier-sur-francois-asselineau-en-2022-analyse-cotes-et-pronostics\">S\u00e1zen\u00ed na Francoise Asselineau v roce 2022: anal\u00fdza, kurzy a p\u0159edpov\u011bdi<\/span><\/h1>\n\n\n\n<p><em>Francois Asselineau, zakladatel a prezident Union Populaire R\u00e9publicaine (UPR), je kandid\u00e1tem, kter\u00fd na francouzsk\u00e9 politick\u00e9 sc\u00e9n\u011b p\u0159itahuje st\u00e1le v\u011bt\u0161\u00ed pozornost. Nab\u00edz\u00ed se tedy ot\u00e1zka: je moudr\u00e9 s\u00e1zet na n\u011bj pro p\u0159\u00ed\u0161t\u00ed prezidentsk\u00e9 volby v roce 2022? Pokus\u00edme se na tuto ot\u00e1zku odpov\u011bd\u011bt anal\u00fdzou aktu\u00e1ln\u00edch kurz\u016f a p\u0159edpov\u011bd\u00ed.<\/em><\/p>\n\n\n\n<h2 class=\"wp-block-heading\"><span id=\"les-cotes-actuelles\">Aktu\u00e1ln\u00ed kurzy<\/span><\/h2>\n\n\n\n<p>\nPodle s\u00e1zkov\u00fdch kancel\u00e1\u0159\u00ed jsou kurzy na Francoise Asselineaua v prezidentsk\u00fdch volb\u00e1ch v roce 2022 v sou\u010dasnosti pom\u011brn\u011b n\u00edzk\u00e9. Je hodnocen na 100\/1, co\u017e znamen\u00e1, \u017ee je profesion\u00e1ly pova\u017eov\u00e1n za outsidera. Je v\u0161ak d\u016fle\u017eit\u00e9 poznamenat, \u017ee tyto kurzy se mohou li\u0161it v z\u00e1vislosti na ud\u00e1lostech a pr\u016fzkumech, kter\u00e9 se konaj\u00ed v n\u00e1sleduj\u00edc\u00edch m\u011bs\u00edc\u00edch. Je tedy mo\u017en\u00e9, \u017ee se kurzy na Asselineau v n\u00e1sleduj\u00edc\u00edch m\u011bs\u00edc\u00edch zv\u00fd\u0161\u00ed.\n\n<\/p>\n\n\n\n<h2 class=\"wp-block-heading\"><span id=\"les-pronostics\">P\u0159edpov\u011bdi<\/span><\/h2>\n\n\n\n<p>\nJe t\u011b\u017ek\u00e9 p\u0159edpov\u00eddat \u0161ance Francoise Asselineaua v prezidentsk\u00fdch volb\u00e1ch v roce 2022, proto\u017ee st\u00e1le panuje velk\u00e1 nejistota ohledn\u011b toho, kte\u0159\u00ed kandid\u00e1ti budou kandidovat a jak se bude politick\u00e1 situace v n\u00e1sleduj\u00edc\u00edch m\u011bs\u00edc\u00edch vyv\u00edjet. Je v\u0161ak d\u016fle\u017eit\u00e9 poznamenat, \u017ee Fran\u00e7ois Asselineau je kandid\u00e1t, kter\u00fd m\u00e1 silnou podp\u016frnou z\u00e1kladnu mezi voli\u010di, kte\u0159\u00ed jsou nespokojeni s tradi\u010dn\u00edmi stranami a kte\u0159\u00ed hledaj\u00ed alternativu k establishmentu. Je tedy mo\u017en\u00e9, \u017ee si povede l\u00e9pe, ne\u017e nazna\u010duj\u00ed aktu\u00e1ln\u00ed hodnocen\u00ed.\n\n<\/p>\n\n\n\n<h2 class=\"wp-block-heading\"><span id=\"analyse\">Anal\u00fdza<\/span><\/h2>\n\n\n\n<p>\nJe jasn\u00e9, \u017ee sou\u010dasn\u00e9 kurzy a predikce pro Francoise Asselineaua jsou sp\u00ed\u0161e nep\u0159\u00edzniv\u00e9, ale nesm\u00edme zapom\u00ednat, \u017ee je je\u0161t\u011b velmi brzy p\u0159edpov\u00eddat v\u00fdsledky prezidentsk\u00fdch voleb v roce 2022. Je d\u016fle\u017eit\u00e9 sledovat v\u00fdvoj politick\u00e9 situace a pr\u016fzkumy zhodnotit \u0161ance Francoise Asselineaua. D\u016fle\u017eit\u00e9 je tak\u00e9 zohlednit jeho dopad na voli\u010de nespokojen\u00e9 s tradi\u010dn\u00edmi stranami, kte\u0159\u00ed by mu mohli poskytnout v\u00fdraznou podporu. Stru\u010dn\u011b \u0159e\u010deno, vsadit na Francoise Asselineaua m\u016f\u017ee b\u00fdt v tuto chv\u00edli riskantn\u00ed, ale nem\u011bli bychom ho \u00fapln\u011b vy\u0159adit ze souboje o prezidentsk\u00e9 volby v roce 2022. Je d\u016fle\u017eit\u00e9 sledovat v\u00fdvoj a pr\u016fzkumy, abychom zhodnotili jeho re\u00e1ln\u00e9 \u0161ance. Je tak\u00e9 d\u016fle\u017eit\u00e9 si uv\u011bdomit, \u017ee \u0161ance se mohou v n\u00e1sleduj\u00edc\u00edch m\u011bs\u00edc\u00edch v\u00fdrazn\u011b zm\u011bnit, tak\u017ee bu\u010fte ostra\u017eit\u00ed.<\/p>\n\n\n\n<p>Prezident 2022. Fran\u00e7ois Asselineau byl zat\u010den v \u00fanoru 2021. Vy\u0161et\u0159ov\u00e1n\u00ed st\u00e1le prob\u00edh\u00e1. Pro\u010d se ale politici v\u017edy staraj\u00ed o spravedlnost? V \u00fanoru 2021 to byla tsunami v politice: Fran\u00e7ois Asselineau byl zadr\u017een za mor\u00e1ln\u00ed obt\u011b\u017eov\u00e1n\u00ed, sexu\u00e1ln\u00ed obt\u011b\u017eov\u00e1n\u00ed a sexu\u00e1ln\u00ed napaden\u00ed. Vy\u0161et\u0159ov\u00e1n\u00ed bylo provedeno v kv\u011btnu 2020 s brig\u00e1dou pro boj proti delikvenci v\u016f\u010di osob\u011b (BRDP) pa\u0159\u00ed\u017esk\u00e9 justi\u010dn\u00ed policie. Dv\u011b r\u016fzn\u00e9 ob\u011bti pracuj\u00edc\u00ed pro Universal Periodic Review (Republik\u00e1nsk\u00e1 lidov\u00e1 unie) Fran\u00e7oise Asselineaua podaly dv\u011b st\u00ed\u017enosti: jedna byla pod\u00e1na v Alleru a druh\u00e1 v Pa\u0159\u00ed\u017ei. St\u00e1tn\u00edmu z\u00e1stupci se tak\u00e9 p\u0159ihl\u00e1sil b\u00fdval\u00fd jednatel a v roce 2019 byly odhaleny ur\u010dit\u00e9 skute\u010dnosti.<br><\/p>\n\n\n\n<p>Fran\u00e7ois Asselineau brzy ozna\u010dil obvin\u011bn\u00ed za pomluvu a spiknut\u00ed, aby ho sesadil z p\u0159edsednictv\u00ed univerz\u00e1ln\u00ed periodick\u00e9 revize a zabr\u00e1nil mu v \u00fa\u010dasti na prezidentsk\u00fdch volb\u00e1ch v roce 2022: l\u00e9k\u00e1rna,\u201c uvedl na Facebooku. P\u0159\u00edpad st\u00e1le pokra\u010duje. Pro p\u0159ipomenut\u00ed, v roce 2020, i kdy\u017e byly tyto st\u00ed\u017enosti pr\u00e1v\u011b zve\u0159ejn\u011bny (ale p\u0159ed jeho \u017e\u00e1dost\u00ed o policejn\u00ed vazbu), je politik st\u00e1le zvolen mezi \u0159editele sv\u00e9 strany, \u010d\u00edm\u017e provokuje ne\u017e\u00e1douc\u00ed stranick\u00e9 aktivisty. jejich prezidentem se stal sexu\u00e1ln\u00ed \u00fatok. Kdo je Fran\u00e7ois Arcelino? Fran\u00e7ois Asselineau byl p\u0159ed vstupem do politiky finan\u010dn\u00edm inspektorem. V roce 2017 shrom\u00e1\u017edil v\u00edce ne\u017e 500 sponzor\u016f a z\u00fa\u010dastnil se ne\u00fasp\u011b\u0161n\u00fdch prezidentsk\u00fdch voleb v roce 2012. <\/p>\n\n\n\n<p><\/p>\n\n\n\n<h3 class=\"wp-block-heading\" id=\"la-victoire-francois-asselineau-a-l-election-presidentielle-est-impossible\"><span id=\"la-victoire-francois-asselineau-a-l8217election-presidentielle-est-impossible\">V\u00edt\u011bzstv\u00ed Fran\u00e7oise Asselineaua v prezidentsk\u00fdch volb\u00e1ch je nemo\u017en\u00e9!<\/span><\/h3>\n\n\n\n<p><strong><span class=\"has-inline-color has-vivid-red-color\">Po anal\u00fdze profilu Francoise Asselineaua je s\u00e1zka na jeho v\u00edt\u011bzstv\u00ed i p\u0159es neuv\u011b\u0159iteln\u00e9 \u0161ance p\u0159\u00edli\u0161 riskantn\u00ed...<\/span><\/strong><\/p>\n\n\n\n<h2 class=\"wp-block-heading\" id=\"unibet\"><span id=\"unibet\">Unibet<\/span><\/h2>\n\n\n\n<p><br>Kurz Fran\u00e7oise Asselineaua u s\u00e1zkov\u00e9 kancel\u00e1\u0159e Unibet: <\/p>\n\n\n\n<p>101<\/p>\n\n\n\n<p><\/p>\n\n\n\n<h2 class=\"wp-block-heading\" id=\"william-hill\"><span id=\"william-hill\">William Hill<\/span><\/h2>\n\n\n\n<p>Kurz Fran\u00e7oise Asselineaua u s\u00e1zkov\u00e9 kancel\u00e1\u0159e William Hill:  <\/p>\n\n\n\n<p>Moment\u00e1ln\u011b nedostupn\u00e9<\/p>\n\n\n\n\n\n\n\n<p><\/p>\n\n\n\n<p class=\"has-text-align-center unibet\" style=\"font-size:25px\"><mark style=\"background-color:rgba(0, 0, 0, 0);color:#0d7a12\" class=\"has-inline-color\"><strong><a href=\"https:\/\/parier-presidentielle.com\/cs\/recommends\/unibet\/\">Bonus 150 \u20ac nab\u00edzen\u00fd s Unibet<br>Pro svou prvn\u00ed politickou nebo sportovn\u00ed s\u00e1zku: Klikn\u011bte zde<\/a><\/strong><\/mark><\/p>\n\n\n\n<p><\/p>\n\n\n<div class=\"wp-block-image\">\n<figure class=\"aligncenter is-resized wp-duotone-000097-ff4747-1\"><img decoding=\"async\" loading=\"lazy\" src=\"https:\/\/parier-presidentielle.com\/wp-content\/uploads\/2021\/09\/election-standard-scale-4_00x-gigapixel-1024x623.jpg\" alt=\"Volby 2022\" style=\"width:256px;height:156px\" width=\"256\" height=\"156\"\/><\/figure><\/div>\n\n\n<p><br><\/p>\n\n\n\n<p><strong>Parier-presidential v\u00e1m pom\u016f\u017ee vybrat si mezi r\u016fzn\u00fdmi<a href=\"https:\/\/parier-presidentielle.com\/cs\/\"> Bookmake\u0159i Bwin, Unibet, Betclic vsad\u00ed v roce 2024 na budouc\u00edho americk\u00e9ho prezidenta<\/a> : <\/strong><br><a href=\"https:\/\/parier-presidentielle.com\/cs\/unibet-politika-volby-2022\/\">Prezidentsk\u00e1 s\u00e1zkov\u00e1 kancel\u00e1\u0159 Unibet<\/a> : Podrobn\u00fd a bezplatn\u00fd pr\u016fvodce, jak uzav\u0159\u00edt svou prvn\u00ed online s\u00e1zku se v\u0161emi kurzy a jak vyu\u017e\u00edt nab\u00edzen\u00fd bonus!<\/p>\n\n\n\n<p>Stejn\u011b jako dal\u0161\u00ed online str\u00e1nky v Pa\u0159\u00ed\u017ei: <a href=\"https:\/\/parier-presidentielle.com\/cs\/unibet-politika-volby-2022\/\">Bwin<\/a>, <a href=\"https:\/\/parier-presidentielle.com\/cs\/netbet-paris-politics-volby-2022\/\">NetBet<\/a>, <a href=\"https:\/\/parier-presidentielle.com\/cs\/betclic-prezidentska-2022\/\">Betclic<\/a>, <a href=\"https:\/\/parier-presidentielle.com\/cs\/winamax-politika-volby-2022\/\">Winamax<\/a>, Parions Sport, Zebet, Betway, France-Pari, Vbet, Cloudbet, 1Xbit, 1xbet, Betfair, Betwinner \u2026<\/p>\n\n\n\n<div class=\"wp-block-columns is-layout-flex wp-container-6 wp-block-columns-is-layout-flex\">\n<div class=\"wp-block-column is-layout-flow wp-block-column-is-layout-flow\" style=\"flex-basis:33.33%\">\n<p>Pr\u00e1v\u011b jste si p\u0159e\u010detli n\u00e1\u0161 soubor:<\/p>\n<\/div>\n\n\n\n<div class=\"wp-block-column is-layout-flow wp-block-column-is-layout-flow\" style=\"flex-basis:33.33%\">\n<div class=\"wp-block-group is-layout-flow wp-block-group-is-layout-flow\"><div class=\"wp-block-group__inner-container\"><h4 class=\"has-text-align-center wp-block-post-title\"><span id=\"asselineau-bookmakers-paris-cote-et-pronostics\"><a href=\"https:\/\/parier-presidentielle.com\/cs\/sazkove-kancelare-asselineau\/\" target=\"_self\" >Asselineau Bookmake\u0159i: Pa\u0159\u00ed\u017e, kurzy a p\u0159edpov\u011bdi<\/a><\/span><\/h4><\/div><\/div>\n<\/div>\n\n\n\n<div class=\"wp-block-column is-layout-flow wp-block-column-is-layout-flow\" style=\"flex-basis:33.33%\">\n<p class=\"has-text-align-right\">Pokra\u010dujte ve \u010dten\u00ed s na\u0161imi dal\u0161\u00edmi exkluzivn\u00edmi soubory,<\/p>\n<\/div>\n<\/div>\n\n\n\n<h3 class=\"wp-block-heading\" id=\"tous-les-pronostics-sondage-et-cotes-pour-parier-sur-le-futur-vainqueur-de-l-election-presidentielle-2022\"><span id=\"tous-les-pronostics-sondage-et-cotes-pour-parier-sur-le-futur-vainqueur-de-l8217election-presidentielle-2024\">V\u0161echny p\u0159edpov\u011bdi, pr\u016fzkumy a kurzy na budouc\u00edho v\u00edt\u011bze prezidentsk\u00fdch voleb v roce 2024:<\/span><\/h3>\n\n\n\n<ul>\n<li><a href=\"https:\/\/parier-presidentielle.com\/cs\/makronove-volby\/\">Vsa\u010fte si na Emmanuela Macrona s Unibet, Betclic, Bwin<\/a> : Obl\u00edben\u00e9 v anket\u00e1ch a p\u0159edpov\u011bd\u00edch <\/li>\n\n\n\n<li><a href=\"https:\/\/parier-presidentielle.com\/cs\/marine-le-pen-volby\/\">Marine Le Pen: Jej\u00ed kurzy a jak s\u00e1zet u s\u00e1zkov\u00fdch kancel\u00e1\u0159\u00ed<\/a>: Vyzyvatel podle Unibetu<\/li>\n<\/ul>\n\n\n\n<p><\/p>\n\n\n\n<center><script type=\"text\/javascript\" charset=\"utf-8\" src=\"https:\/\/www.gambling-affiliation.com\/cpm\/v=AmIMTDSs92QY6b0MzDMvM5laCjJ-ZlA-1oQ-7tKsi.w_GA7331V2\"><\/script><\/center>\n\n\n\n<h3 class=\"wp-block-heading\"><span id=\"donald-trump-vs-joe-biden-la-video-qui-lance-les-paris-en-ligne-sur-l8217election-politique-de-2024\">Donald Trump vs Joe Biden: Video, kter\u00e9 spou\u0161t\u00ed online s\u00e1zen\u00ed na politick\u00e9 volby v roce 2024<\/span><\/h3>\n\n\n\n<figure class=\"wp-block-embed is-type-video is-provider-youtube wp-block-embed-youtube wp-embed-aspect-16-9 wp-has-aspect-ratio\"><div class=\"wp-block-embed__wrapper\">\n<iframe loading=\"lazy\" title=\"B\u00fdval\u00fd prezident Donald Trump zahajuje nab\u00eddku B\u00edl\u00e9ho domu v roce 2024 #Short\" width=\"640\" height=\"360\" src=\"https:\/\/www.youtube.com\/embed\/hZykPRVe4Ag?feature=oembed\" frameborder=\"0\" allow=\"accelerometer; autoplay; clipboard-write; encrypted-media; gyroscope; picture-in-picture; web-share\" allowfullscreen><\/iframe>\n<\/div><\/figure>\n\n\n<div class=\"wp-block-image\">\n<figure class=\"aligncenter size-medium\"><a href=\"https:\/\/parier-presidentielle.com\/cs\/recommends\/unibet\/\" target=\"_blank\" rel=\"noopener\"><img decoding=\"async\" loading=\"lazy\" width=\"300\" height=\"169\" src=\"https:\/\/parier-presidentielle.com\/wp-content\/uploads\/2022\/04\/unibet-300x169.jpg\" alt=\"\" class=\"wp-image-1252\" srcset=\"https:\/\/parier-presidentielle.com\/wp-content\/uploads\/2022\/04\/unibet-300x169.jpg 300w, https:\/\/parier-presidentielle.com\/wp-content\/uploads\/2022\/04\/unibet-1024x576.jpg 1024w, https:\/\/parier-presidentielle.com\/wp-content\/uploads\/2022\/04\/unibet-768x432.jpg 768w, https:\/\/parier-presidentielle.com\/wp-content\/uploads\/2022\/04\/unibet-18x10.jpg 18w, https:\/\/parier-presidentielle.com\/wp-content\/uploads\/2022\/04\/unibet.jpg 1280w\" sizes=\"(max-width: 300px) 100vw, 300px\" \/><\/a><\/figure><\/div>\n\n\n<p>Najd\u011bte Wiki, z\u00e1kladn\u00ed politick\u00e9 zpr\u00e1vy o konop\u00ed a jeho leg\u00e1ln\u00edch deriv\u00e1tech: <strong>HHC, H4cbd, Thcp, Thcv, HSD, HHCPO, C4B<\/strong><\/p>\n\n\n\n<p><\/p>\n<div id=\"toc_container\" class=\"no_bullets\"><p class=\"toc_title\">Obsah<\/p><ul class=\"toc_list\"><ul><li><\/li><\/ul><\/li><li><ul><li><\/li><li><\/li><li><ul><li><\/li><\/ul><\/li><li><\/li><li><ul><li><ul><li><\/li><\/ul><\/li><li><\/li><li><\/li><\/ul><\/li><\/ul><\/li><\/ul><\/div>","protected":false},"excerpt":{"rendered":"<p>Le guide pour parier sur le candidat Fran\u00e7ois Asselineau en 2022, retrouver les meilleurs cotes selon les bookmakers : Unibet, Bwin&#8230; Parier sur Francois Asselineau en 2022? Notre analyse, cotes et pronostics! Parier sur Francois Asselineau en 2022 : analyse, cotes et pronostics Francois Asselineau, fondateur et pr\u00e9sident de l&#8217;Union Populaire R\u00e9publicaine (UPR), est un &#8230;<\/p>","protected":false},"author":1,"featured_media":0,"parent":0,"menu_order":0,"comment_status":"closed","ping_status":"closed","template":"page-nosidebar.php","meta":{"footnotes":""},"yoast_head":"<!-- This site is optimized with the Yoast SEO Premium plugin v21.0 (Yoast SEO v21.0) - https:\/\/yoast.com\/wordpress\/plugins\/seo\/ -->\n<title>Asselineau Bookmakers : Paris, Cote et Pronostics - Finale Coupe du Monde FIFA<\/title>\n<meta name=\"description\" content=\"Pariez sur Asselineau pour l&#039;Election 2022 : Cliquez Ici et Gagnez Gros! Pronostics ,Comparaison des Bookmakers et des meilleurs Cotes.\" \/>\n<meta name=\"robots\" content=\"index, follow, max-snippet:-1, max-image-preview:large, max-video-preview:-1\" \/>\n<link rel=\"canonical\" href=\"https:\/\/parier-presidentielle.com\/cs\/sazkove-kancelare-asselineau\/\" \/>\n<meta property=\"og:locale\" content=\"cs_CZ\" \/>\n<meta property=\"og:type\" content=\"article\" \/>\n<meta property=\"og:title\" content=\"Asselineau Bookmakers : Paris, Cote et Pronostics\" \/>\n<meta property=\"og:description\" content=\"Pariez sur Asselineau pour l&#039;Election 2022 : Cliquez Ici et Gagnez Gros! Pronostics ,Comparaison des Bookmakers et des meilleurs Cotes.\" \/>\n<meta property=\"og:url\" content=\"https:\/\/parier-presidentielle.com\/cs\/sazkove-kancelare-asselineau\/\" \/>\n<meta property=\"og:site_name\" content=\"Parier Pr\u00e9sidentielle\" \/>\n<meta property=\"article:modified_time\" content=\"2023-01-24T17:49:06+00:00\" \/>\n<meta name=\"twitter:card\" content=\"summary_large_image\" \/>\n<meta name=\"twitter:label1\" content=\"Est. reading time\" \/>\n\t<meta name=\"twitter:data1\" content=\"2 minuty\" \/>\n<script type=\"application\/ld+json\" class=\"yoast-schema-graph\">{\"@context\":\"https:\/\/schema.org\",\"@graph\":[{\"@type\":\"WebPage\",\"@id\":\"https:\/\/parier-presidentielle.com\/asselineau-bookmakers\/\",\"url\":\"https:\/\/parier-presidentielle.com\/asselineau-bookmakers\/\",\"name\":\"Asselineau Bookmakers : Paris, Cote et Pronostics - Finale Coupe du Monde FIFA\",\"isPartOf\":{\"@id\":\"https:\/\/parier-presidentielle.com\/#website\"},\"datePublished\":\"2021-09-13T12:41:45+00:00\",\"dateModified\":\"2023-01-24T17:49:06+00:00\",\"description\":\"Pariez sur Asselineau pour l'Election 2022 : Cliquez Ici et Gagnez Gros! Pronostics ,Comparaison des Bookmakers et des meilleurs Cotes.\",\"breadcrumb\":{\"@id\":\"https:\/\/parier-presidentielle.com\/asselineau-bookmakers\/#breadcrumb\"},\"inLanguage\":\"cs\",\"potentialAction\":[{\"@type\":\"ReadAction\",\"target\":[\"https:\/\/parier-presidentielle.com\/asselineau-bookmakers\/\"]}]},{\"@type\":\"BreadcrumbList\",\"@id\":\"https:\/\/parier-presidentielle.com\/asselineau-bookmakers\/#breadcrumb\",\"itemListElement\":[{\"@type\":\"ListItem\",\"position\":1,\"name\":\"Accueil\",\"item\":\"https:\/\/parier-presidentielle.com\/\"},{\"@type\":\"ListItem\",\"position\":2,\"name\":\"Asselineau Bookmakers : Paris, Cote et Pronostics\"}]},{\"@type\":\"WebSite\",\"@id\":\"https:\/\/parier-presidentielle.com\/#website\",\"url\":\"https:\/\/parier-presidentielle.com\/\",\"name\":\"Parier Pr\u00e9sidentielle\",\"description\":\"Paris, Pronostics, Wiki sur la Politique, les Elections Am\u00e9ricaines: Joe Biden, Donald Trump avec les Bookmakers en ligne Unibet, Bwin, Betclic, Winamax\",\"potentialAction\":[{\"@type\":\"SearchAction\",\"target\":{\"@type\":\"EntryPoint\",\"urlTemplate\":\"https:\/\/parier-presidentielle.com\/?s={search_term_string}\"},\"query-input\":\"required name=search_term_string\"}],\"inLanguage\":\"cs\"}]}<\/script>\n<!-- \/ Yoast SEO Premium plugin. -->","yoast_head_json":{"title":"Asselineau Bookmakers : Paris, Cote et Pronostics - Finale Coupe du Monde FIFA","description":"Pariez sur Asselineau pour l'Election 2022 : Cliquez Ici et Gagnez Gros! Pronostics ,Comparaison des Bookmakers et des meilleurs Cotes.","robots":{"index":"index","follow":"follow","max-snippet":"max-snippet:-1","max-image-preview":"max-image-preview:large","max-video-preview":"max-video-preview:-1"},"canonical":"https:\/\/parier-presidentielle.com\/cs\/sazkove-kancelare-asselineau\/","og_locale":"cs_CZ","og_type":"article","og_title":"Asselineau Bookmakers : Paris, Cote et Pronostics","og_description":"Pariez sur Asselineau pour l'Election 2022 : Cliquez Ici et Gagnez Gros! Pronostics ,Comparaison des Bookmakers et des meilleurs Cotes.","og_url":"https:\/\/parier-presidentielle.com\/cs\/sazkove-kancelare-asselineau\/","og_site_name":"Parier Pr\u00e9sidentielle","article_modified_time":"2023-01-24T17:49:06+00:00","twitter_card":"summary_large_image","twitter_misc":{"Est. reading time":"2 minuty"},"schema":{"@context":"https:\/\/schema.org","@graph":[{"@type":"WebPage","@id":"https:\/\/parier-presidentielle.com\/asselineau-bookmakers\/","url":"https:\/\/parier-presidentielle.com\/asselineau-bookmakers\/","name":"Asselineau Bookmakers : Paris, Cote et Pronostics - Finale Coupe du Monde FIFA","isPartOf":{"@id":"https:\/\/parier-presidentielle.com\/#website"},"datePublished":"2021-09-13T12:41:45+00:00","dateModified":"2023-01-24T17:49:06+00:00","description":"Pariez sur Asselineau pour l'Election 2022 : Cliquez Ici et Gagnez Gros! Pronostics ,Comparaison des Bookmakers et des meilleurs Cotes.","breadcrumb":{"@id":"https:\/\/parier-presidentielle.com\/asselineau-bookmakers\/#breadcrumb"},"inLanguage":"cs","potentialAction":[{"@type":"ReadAction","target":["https:\/\/parier-presidentielle.com\/asselineau-bookmakers\/"]}]},{"@type":"BreadcrumbList","@id":"https:\/\/parier-presidentielle.com\/asselineau-bookmakers\/#breadcrumb","itemListElement":[{"@type":"ListItem","position":1,"name":"Accueil","item":"https:\/\/parier-presidentielle.com\/"},{"@type":"ListItem","position":2,"name":"Asselineau Bookmakers : Paris, Cote et Pronostics"}]},{"@type":"WebSite","@id":"https:\/\/parier-presidentielle.com\/#website","url":"https:\/\/parier-presidentielle.com\/","name":"Parier Pr\u00e9sidentielle","description":"Paris, Pronostics, Wiki sur la Politique, les Elections Am\u00e9ricaines: Joe Biden, Donald Trump avec les Bookmakers en ligne Unibet, Bwin, Betclic, Winamax","potentialAction":[{"@type":"SearchAction","target":{"@type":"EntryPoint","urlTemplate":"https:\/\/parier-presidentielle.com\/?s={search_term_string}"},"query-input":"required name=search_term_string"}],"inLanguage":"cs"}]}},"_links":{"self":[{"href":"https:\/\/parier-presidentielle.com\/cs\/wp-json\/wp\/v2\/pages\/163"}],"collection":[{"href":"https:\/\/parier-presidentielle.com\/cs\/wp-json\/wp\/v2\/pages"}],"about":[{"href":"https:\/\/parier-presidentielle.com\/cs\/wp-json\/wp\/v2\/types\/page"}],"author":[{"embeddable":true,"href":"https:\/\/parier-presidentielle.com\/cs\/wp-json\/wp\/v2\/users\/1"}],"replies":[{"embeddable":true,"href":"https:\/\/parier-presidentielle.com\/cs\/wp-json\/wp\/v2\/comments?post=163"}],"version-history":[{"count":22,"href":"https:\/\/parier-presidentielle.com\/cs\/wp-json\/wp\/v2\/pages\/163\/revisions"}],"predecessor-version":[{"id":1915,"href":"https:\/\/parier-presidentielle.com\/cs\/wp-json\/wp\/v2\/pages\/163\/revisions\/1915"}],"wp:attachment":[{"href":"https:\/\/parier-presidentielle.com\/cs\/wp-json\/wp\/v2\/media?parent=163"}],"curies":[{"name":"wp","href":"https:\/\/api.w.org\/{rel}","templated":true}]}}