{"id":1946,"date":"2023-03-20T16:35:45","date_gmt":"2023-03-20T15:35:45","guid":{"rendered":"https:\/\/parier-presidentielle.com\/?page_id=1946"},"modified":"2023-06-02T11:23:14","modified_gmt":"2023-06-02T09:23:14","slug":"joe-biden-cannabis-hhc","status":"publish","type":"page","link":"https:\/\/parier-presidentielle.com\/cs\/joe-biden-cannabis-hhc\/","title":{"rendered":"Joe Biden a trh s konop\u00edm, HHC"},"content":{"rendered":"<h2 class=\"wp-block-heading\"><span id=\"l8217arrivee-de-joe-biden-sur-le-marche-du-cannabis-et-de-l8217hhc-aux-etats-unis-un-nouvel-espoir-pour-les-consommateurs-et-les-entrepreneurs\">P\u0159\u00edchod Joe Bidena na trh s konop\u00edm a HHC ve Spojen\u00fdch st\u00e1tech: Nov\u00e1 nad\u011bje pro spot\u0159ebitele a podnikatele<\/span><\/h2>\n\n\n\n<p>Trh s konop\u00edm a kanabinoidy as <a href=\"https:\/\/wikihhc.com\/\">HHC<\/a> zaznamenala v posledn\u00edch letech ve Spojen\u00fdch st\u00e1tech prudk\u00fd r\u016fst. St\u00e1le v\u00edce st\u00e1t\u016f legalizuje rekrea\u010dn\u00ed nebo l\u00e9\u010debn\u00e9 u\u017e\u00edv\u00e1n\u00ed konop\u00ed a st\u00e1le v\u00edce spot\u0159ebitel\u016f se obrac\u00ed na kanabinoidn\u00ed produkty k l\u00e9\u010db\u011b r\u016fzn\u00fdch stav\u016f. Americk\u00e9 feder\u00e1ln\u00ed z\u00e1kony o konop\u00ed v\u0161ak z\u016fst\u00e1vaj\u00ed nejasn\u00e9 a omezuj\u00edc\u00ed, co\u017e omezuje p\u0159\u00edstup podnikatel\u016f a spot\u0159ebitel\u016f k v\u00fdhod\u00e1m tohoto vzkv\u00e9taj\u00edc\u00edho trhu.<\/p>\n\n\n\n<p>S p\u0159\u00edchodem Joea Bidena jako prezidenta Spojen\u00fdch st\u00e1t\u016f by se v\u0161ak v\u011bci na trhu s konop\u00edm a kanabinoidy mohly zm\u011bnit. Prezident Biden \u0159ekl, \u017ee podporuje legalizaci konop\u00ed pro l\u00e9\u010debn\u00e9 \u00fa\u010dely, ale nepodporuje legalizaci konop\u00ed pro rekrea\u010dn\u00ed pou\u017eit\u00ed. Jeho administrativa v\u0161ak ji\u017e podnikla kroky k povolen\u00ed v\u00fdzkumu kanabinoid\u016f, co\u017e by mohlo b\u00fdt prvn\u00edm krokem k \u0161ir\u0161\u00ed legalizaci.<\/p>\n\n\n\n<h2 class=\"wp-block-heading\"><span id=\"la-legalisation-du-cannabis-un-enjeu-economique\">Legalizace konop\u00ed: ekonomick\u00fd probl\u00e9m<\/span><\/h2>\n\n\n\n<p>Legalizace konop\u00ed pro l\u00e9\u010debn\u00e9 a rekrea\u010dn\u00ed \u00fa\u010dely je pro Spojen\u00e9 st\u00e1ty d\u016fle\u017eit\u00fdm ekonomick\u00fdm probl\u00e9mem. Produkce, distribuce a prodej konop\u00ed skute\u010dn\u011b m\u016f\u017ee generovat zna\u010dn\u00e9 p\u0159\u00edjmy pro st\u00e1ty a z\u00e1rove\u0148 vytv\u00e1\u0159et pracovn\u00ed m\u00edsta a stimulovat m\u00edstn\u00ed ekonomiku.<\/p>\n\n\n\n<h2 class=\"wp-block-heading\"><span id=\"les-obstacles-a-la-legalisation\">P\u0159ek\u00e1\u017eky legalizace<\/span><\/h2>\n\n\n\n<p>Legalizace konop\u00ed v\u0161ak ve Spojen\u00fdch st\u00e1tech nar\u00e1\u017e\u00ed na mnoho p\u0159ek\u00e1\u017eek. Feder\u00e1ln\u00ed z\u00e1kony o konop\u00ed z\u016fst\u00e1vaj\u00ed nejasn\u00e9 a omezuj\u00edc\u00ed, co\u017e zt\u011b\u017euje podnikatel\u016fm rozvoj jejich podnik\u00e1n\u00ed a spot\u0159ebitel\u016fm p\u0159\u00edstup ke kvalitn\u00edm a bezpe\u010dn\u00fdm produkt\u016fm. Nav\u00edc stigmatizace konop\u00ed v americk\u00e9 spole\u010dnosti m\u016f\u017ee \u00fa\u0159ad\u016fm a voli\u010d\u016fm zt\u00ed\u017eit p\u0159ijet\u00ed legalizace.<\/p>\n\n\n\n<h2 class=\"wp-block-heading\"><span id=\"les-avantages-potentiels-de-la-legalisation\">Potenci\u00e1ln\u00ed v\u00fdhody legalizace<\/span><\/h2>\n\n\n\n<p>Navzdory t\u011bmto p\u0159ek\u00e1\u017ek\u00e1m by legalizace konop\u00ed a kanabinoid\u016f mohla p\u0159in\u00e9st spot\u0159ebitel\u016fm a podnikatel\u016fm ve Spojen\u00fdch st\u00e1tech mnoho v\u00fdhod. Kanabinoidn\u00ed produkty mohou pomoci l\u00e9\u010dit stavy, jako je chronick\u00e1 bolest, \u00fazkost, deprese a nespavost, co\u017e m\u016f\u017ee zlep\u0161it kvalitu \u017eivota milion\u016fm Ameri\u010dan\u016f. Legalizace by nav\u00edc mohla vytvo\u0159it pracovn\u00ed m\u00edsta v odv\u011btv\u00ed konop\u00ed a stimulovat m\u00edstn\u00ed ekonomiku.<\/p>\n\n\n\n<h2 class=\"wp-block-heading\"><span id=\"la-position-de-joe-biden\">Pozice Joea Bidena<\/span><\/h2>\n\n\n\n<p>Postoj Joea Bidena k legalizaci konop\u00ed a kanabinoid\u016f je slo\u017eit\u00fd. P\u0159esto\u017ee podporuje legalizaci pro l\u00e9ka\u0159sk\u00e9 \u00fa\u010dely, nevy\u0161el vst\u0159\u00edc legalizaci pro rekrea\u010dn\u00ed \u00fa\u010dely. Jeho administrativa v\u0161ak ji\u017e podnikla kroky k povolen\u00ed v\u00fdzkumu kanabinoid\u016f, co\u017e by mohlo b\u00fdt pozitivn\u00edm znamen\u00edm pro zast\u00e1nce \u0161ir\u0161\u00ed legalizace.<\/p>\n\n\n\n<p>Krom\u011b toho Joe Biden tak\u00e9 vyj\u00e1d\u0159il podporu v\u00fdmazu trestn\u00edch rejst\u0159\u00edk\u016f souvisej\u00edc\u00edch s konop\u00edm, co\u017e by mohlo pomoci lidem, kte\u0159\u00ed byli nepr\u00e1vem odsouzeni za trestn\u00e9 \u010diny souvisej\u00edc\u00ed s konop\u00edm, vymazat sv\u00e9 z\u00e1znamy a m\u00edt \u0161anci za\u010d\u00edt znovu.<\/p>\n\n\n\n<h2 class=\"wp-block-heading\"><span id=\"l8217hhc-un-nouvel-espoir-pour-les-consommateurs\">HHC: nov\u00e1 nad\u011bje pro spot\u0159ebitele<\/span><\/h2>\n\n\n\n<p>Krom\u011b legalizace konop\u00ed by p\u0159\u00edchod Joe Bidena na trh s kanabinoidy ve Spojen\u00fdch st\u00e1tech mohl spot\u0159ebitel\u016fm nab\u00eddnout tak\u00e9 nov\u00e9 p\u0159\u00edle\u017eitosti d\u00edky vzniku HHC neboli delta-8-tetrahydrokanabinolu.<\/p>\n\n\n\n<p>HHC je kanabinoid odvozen\u00fd z konop\u00ed, kter\u00fd m\u00e1 podobn\u00e9 \u00fa\u010dinky jako THC, ale je leg\u00e1ln\u00ed v mnoha st\u00e1tech, kde je konop\u00ed zak\u00e1z\u00e1no. Spot\u0159ebitel\u00e9 tak mohou vyu\u017e\u00edvat v\u00fdhod HHC bez obav z pr\u00e1vn\u00edch probl\u00e9m\u016f souvisej\u00edc\u00edch s konop\u00edm.<\/p>\n\n\n\n<h2 class=\"wp-block-heading\"><span id=\"les-entrepreneurs-prets-a-saisir-les-opportunites\">Podnikatel\u00e9 p\u0159ipraveni chopit se p\u0159\u00edle\u017eitosti<\/span><\/h2>\n\n\n\n<p>Podnikatel\u00e9 na trhu s kanabinoidy jsou tak\u00e9 p\u0159ipraveni chopit se p\u0159\u00edle\u017eitost\u00ed, kter\u00e9 nab\u00edz\u00ed p\u0159\u00edchod Joe Bidena na trh. Mnoho spole\u010dnost\u00ed ji\u017e pracuje na produktech zalo\u017een\u00fdch na<a href=\"https:\/\/wikihhc.com\/france\/fleurs-hhc\/\"> z HHC jako kv\u011btiny <\/a>a n\u011bkte\u0159\u00ed se dokonce za\u010dali obracet k produkci legalizovan\u00e9ho konop\u00ed pro l\u00e9\u010debn\u00e9 \u00fa\u010dely.<\/p>\n\n\n\n<h2 class=\"wp-block-heading\"><span id=\"conclusion-un-nouvel-espoir-pour-les-consommateurs-et-les-entrepreneurs\">Z\u00e1v\u011br: nov\u00e1 nad\u011bje pro spot\u0159ebitele a podnikatele<\/span><\/h2>\n\n\n\n<p>P\u0159\u00edchod Joea Bidena na trh s konop\u00edm a kanabinoidy ve Spojen\u00fdch st\u00e1tech nab\u00edz\u00ed novou nad\u011bji pro spot\u0159ebitele a podnikatele. A\u010dkoli je postoj Joea Bidena k legalizaci rekrea\u010dn\u00edho konop\u00ed nejasn\u00fd, jeho kroky ve prosp\u011bch v\u00fdzkumu kanabinoid\u016f a vymaz\u00e1n\u00ed trestn\u00edch z\u00e1znam\u016f souvisej\u00edc\u00edch s konop\u00edm jsou pro zast\u00e1nce legalizace pozitivn\u00edm znamen\u00edm. Mnoho str\u00e1nek nab\u00edz\u00ed slevy <a href=\"https:\/\/wikihhc.com\/site\/weecl\/code-promo-coupon-bon-de-reduction-weecl\/\">CBD a HHC jako Weecl s propaga\u010dn\u00edmi k\u00f3dy<\/a>.<\/p>\n\n\n\n<p>Vznik HHC nav\u00edc poskytuje spot\u0159ebitel\u016fm a podnikatel\u016fm nov\u00e9 p\u0159\u00edle\u017eitosti a umo\u017e\u0148uje spot\u0159ebitel\u016fm vyu\u017e\u00edvat v\u00fdhod kanabinoid\u016f bez pr\u00e1vn\u00edch probl\u00e9m\u016f spojen\u00fdch s konop\u00edm.<\/p>\n\n\n\n<figure class=\"wp-block-embed is-type-video is-provider-youtube wp-block-embed-youtube wp-embed-aspect-16-9 wp-has-aspect-ratio\"><div class=\"wp-block-embed__wrapper\">\n<iframe loading=\"lazy\" title=\"Spojen\u00e9 st\u00e1ty: Joe Biden omilostnil tis\u00edce Ameri\u010dan\u016f odsouzen\u00fdch za dr\u017een\u00ed marihuany\" width=\"640\" height=\"360\" src=\"https:\/\/www.youtube.com\/embed\/EmSpSXaJnlY?feature=oembed\" frameborder=\"0\" allow=\"accelerometer; autoplay; clipboard-write; encrypted-media; gyroscope; picture-in-picture; web-share\" allowfullscreen><\/iframe>\n<\/div><\/figure>\n<div id=\"toc_container\" class=\"no_bullets\"><p class=\"toc_title\">Obsah<\/p><ul class=\"toc_list\"><li><\/li><li><\/li><li><\/li><li><\/li><li><\/li><li><\/li><li><\/li><li><\/li><\/ul><\/div>","protected":false},"excerpt":{"rendered":"<p>L&#8217;arriv\u00e9e de Joe Biden sur le march\u00e9 du cannabis et de l&#8217;HHC aux \u00c9tats-Unis : Un nouvel espoir pour les consommateurs et les entrepreneurs Le march\u00e9 du cannabis et des cannabino\u00efdes comme HHC a connu une croissance explosive aux \u00c9tats-Unis ces derni\u00e8res ann\u00e9es . De plus en plus d&#8217;\u00c9tats l\u00e9galisent l&#8217;usage r\u00e9cr\u00e9atif ou th\u00e9rapeutique du &#8230;<\/p>","protected":false},"author":1,"featured_media":1955,"parent":0,"menu_order":0,"comment_status":"closed","ping_status":"closed","template":"page-nosidebar.php","meta":{"footnotes":""},"yoast_head":"<!-- This site is optimized with the Yoast SEO Premium plugin v21.0 (Yoast SEO v21.0) - https:\/\/yoast.com\/wordpress\/plugins\/seo\/ -->\n<title>Joe Biden et le march\u00e9 du Cannabis, HHC - Finale Coupe du Monde FIFA<\/title>\n<meta name=\"robots\" content=\"index, follow, max-snippet:-1, max-image-preview:large, max-video-preview:-1\" \/>\n<link rel=\"canonical\" href=\"https:\/\/parier-presidentielle.com\/cs\/joe-biden-cannabis-hhc\/\" \/>\n<meta property=\"og:locale\" content=\"cs_CZ\" \/>\n<meta property=\"og:type\" content=\"article\" \/>\n<meta property=\"og:title\" content=\"Joe Biden et le march\u00e9 du Cannabis, HHC\" \/>\n<meta property=\"og:description\" content=\"L&#8217;arriv\u00e9e de Joe Biden sur le march\u00e9 du cannabis et de l&#8217;HHC aux \u00c9tats-Unis : Un nouvel espoir pour les consommateurs et les entrepreneurs Le march\u00e9 du cannabis et des cannabino\u00efdes comme HHC a connu une croissance explosive aux \u00c9tats-Unis ces derni\u00e8res ann\u00e9es . De plus en plus d&#8217;\u00c9tats l\u00e9galisent l&#8217;usage r\u00e9cr\u00e9atif ou th\u00e9rapeutique du ...\" \/>\n<meta property=\"og:url\" content=\"https:\/\/parier-presidentielle.com\/cs\/joe-biden-cannabis-hhc\/\" \/>\n<meta property=\"og:site_name\" content=\"Parier Pr\u00e9sidentielle\" \/>\n<meta property=\"article:modified_time\" content=\"2023-06-02T09:23:14+00:00\" \/>\n<meta property=\"og:image\" content=\"https:\/\/parier-presidentielle.com\/wp-content\/uploads\/2023\/03\/joe-biden-hhc-1-scaled.jpg\" \/>\n\t<meta property=\"og:image:width\" content=\"2560\" \/>\n\t<meta property=\"og:image:height\" content=\"1440\" \/>\n\t<meta property=\"og:image:type\" content=\"image\/jpeg\" \/>\n<meta name=\"twitter:card\" content=\"summary_large_image\" \/>\n<meta name=\"twitter:label1\" content=\"Est. reading time\" \/>\n\t<meta name=\"twitter:data1\" content=\"4 minuty\" \/>\n<script type=\"application\/ld+json\" class=\"yoast-schema-graph\">{\"@context\":\"https:\/\/schema.org\",\"@graph\":[{\"@type\":\"WebPage\",\"@id\":\"https:\/\/parier-presidentielle.com\/joe-biden-cannabis-hhc\/\",\"url\":\"https:\/\/parier-presidentielle.com\/joe-biden-cannabis-hhc\/\",\"name\":\"Joe Biden et le march\u00e9 du Cannabis, HHC - Finale Coupe du Monde FIFA\",\"isPartOf\":{\"@id\":\"https:\/\/parier-presidentielle.com\/#website\"},\"datePublished\":\"2023-03-20T15:35:45+00:00\",\"dateModified\":\"2023-06-02T09:23:14+00:00\",\"breadcrumb\":{\"@id\":\"https:\/\/parier-presidentielle.com\/joe-biden-cannabis-hhc\/#breadcrumb\"},\"inLanguage\":\"cs\",\"potentialAction\":[{\"@type\":\"ReadAction\",\"target\":[\"https:\/\/parier-presidentielle.com\/joe-biden-cannabis-hhc\/\"]}]},{\"@type\":\"BreadcrumbList\",\"@id\":\"https:\/\/parier-presidentielle.com\/joe-biden-cannabis-hhc\/#breadcrumb\",\"itemListElement\":[{\"@type\":\"ListItem\",\"position\":1,\"name\":\"Accueil\",\"item\":\"https:\/\/parier-presidentielle.com\/\"},{\"@type\":\"ListItem\",\"position\":2,\"name\":\"Joe Biden et le march\u00e9 du Cannabis, HHC\"}]},{\"@type\":\"WebSite\",\"@id\":\"https:\/\/parier-presidentielle.com\/#website\",\"url\":\"https:\/\/parier-presidentielle.com\/\",\"name\":\"Parier Pr\u00e9sidentielle\",\"description\":\"Paris, Pronostics, Wiki sur la Politique, les Elections Am\u00e9ricaines: Joe Biden, Donald Trump avec les Bookmakers en ligne Unibet, Bwin, Betclic, Winamax\",\"potentialAction\":[{\"@type\":\"SearchAction\",\"target\":{\"@type\":\"EntryPoint\",\"urlTemplate\":\"https:\/\/parier-presidentielle.com\/?s={search_term_string}\"},\"query-input\":\"required name=search_term_string\"}],\"inLanguage\":\"cs\"}]}<\/script>\n<!-- \/ Yoast SEO Premium plugin. -->","yoast_head_json":{"title":"Joe Biden et le march\u00e9 du Cannabis, HHC - Finale Coupe du Monde FIFA","robots":{"index":"index","follow":"follow","max-snippet":"max-snippet:-1","max-image-preview":"max-image-preview:large","max-video-preview":"max-video-preview:-1"},"canonical":"https:\/\/parier-presidentielle.com\/cs\/joe-biden-cannabis-hhc\/","og_locale":"cs_CZ","og_type":"article","og_title":"Joe Biden et le march\u00e9 du Cannabis, HHC","og_description":"L&#8217;arriv\u00e9e de Joe Biden sur le march\u00e9 du cannabis et de l&#8217;HHC aux \u00c9tats-Unis : Un nouvel espoir pour les consommateurs et les entrepreneurs Le march\u00e9 du cannabis et des cannabino\u00efdes comme HHC a connu une croissance explosive aux \u00c9tats-Unis ces derni\u00e8res ann\u00e9es . De plus en plus d&#8217;\u00c9tats l\u00e9galisent l&#8217;usage r\u00e9cr\u00e9atif ou th\u00e9rapeutique du ...","og_url":"https:\/\/parier-presidentielle.com\/cs\/joe-biden-cannabis-hhc\/","og_site_name":"Parier Pr\u00e9sidentielle","article_modified_time":"2023-06-02T09:23:14+00:00","og_image":[{"width":2560,"height":1440,"url":"https:\/\/parier-presidentielle.com\/wp-content\/uploads\/2023\/03\/joe-biden-hhc-1-scaled.jpg","type":"image\/jpeg"}],"twitter_card":"summary_large_image","twitter_misc":{"Est. reading time":"4 minuty"},"schema":{"@context":"https:\/\/schema.org","@graph":[{"@type":"WebPage","@id":"https:\/\/parier-presidentielle.com\/joe-biden-cannabis-hhc\/","url":"https:\/\/parier-presidentielle.com\/joe-biden-cannabis-hhc\/","name":"Joe Biden et le march\u00e9 du Cannabis, HHC - Finale Coupe du Monde FIFA","isPartOf":{"@id":"https:\/\/parier-presidentielle.com\/#website"},"datePublished":"2023-03-20T15:35:45+00:00","dateModified":"2023-06-02T09:23:14+00:00","breadcrumb":{"@id":"https:\/\/parier-presidentielle.com\/joe-biden-cannabis-hhc\/#breadcrumb"},"inLanguage":"cs","potentialAction":[{"@type":"ReadAction","target":["https:\/\/parier-presidentielle.com\/joe-biden-cannabis-hhc\/"]}]},{"@type":"BreadcrumbList","@id":"https:\/\/parier-presidentielle.com\/joe-biden-cannabis-hhc\/#breadcrumb","itemListElement":[{"@type":"ListItem","position":1,"name":"Accueil","item":"https:\/\/parier-presidentielle.com\/"},{"@type":"ListItem","position":2,"name":"Joe Biden et le march\u00e9 du Cannabis, HHC"}]},{"@type":"WebSite","@id":"https:\/\/parier-presidentielle.com\/#website","url":"https:\/\/parier-presidentielle.com\/","name":"Parier Pr\u00e9sidentielle","description":"Paris, Pronostics, Wiki sur la Politique, les Elections Am\u00e9ricaines: Joe Biden, Donald Trump avec les Bookmakers en ligne Unibet, Bwin, Betclic, Winamax","potentialAction":[{"@type":"SearchAction","target":{"@type":"EntryPoint","urlTemplate":"https:\/\/parier-presidentielle.com\/?s={search_term_string}"},"query-input":"required name=search_term_string"}],"inLanguage":"cs"}]}},"_links":{"self":[{"href":"https:\/\/parier-presidentielle.com\/cs\/wp-json\/wp\/v2\/pages\/1946"}],"collection":[{"href":"https:\/\/parier-presidentielle.com\/cs\/wp-json\/wp\/v2\/pages"}],"about":[{"href":"https:\/\/parier-presidentielle.com\/cs\/wp-json\/wp\/v2\/types\/page"}],"author":[{"embeddable":true,"href":"https:\/\/parier-presidentielle.com\/cs\/wp-json\/wp\/v2\/users\/1"}],"replies":[{"embeddable":true,"href":"https:\/\/parier-presidentielle.com\/cs\/wp-json\/wp\/v2\/comments?post=1946"}],"version-history":[{"count":5,"href":"https:\/\/parier-presidentielle.com\/cs\/wp-json\/wp\/v2\/pages\/1946\/revisions"}],"predecessor-version":[{"id":2000,"href":"https:\/\/parier-presidentielle.com\/cs\/wp-json\/wp\/v2\/pages\/1946\/revisions\/2000"}],"wp:featuredmedia":[{"embeddable":true,"href":"https:\/\/parier-presidentielle.com\/cs\/wp-json\/wp\/v2\/media\/1955"}],"wp:attachment":[{"href":"https:\/\/parier-presidentielle.com\/cs\/wp-json\/wp\/v2\/media?parent=1946"}],"curies":[{"name":"wp","href":"https:\/\/api.w.org\/{rel}","templated":true}]}}