{"id":1956,"date":"2023-03-20T17:03:39","date_gmt":"2023-03-20T16:03:39","guid":{"rendered":"https:\/\/parier-presidentielle.com\/?page_id=1956"},"modified":"2023-06-02T11:27:55","modified_gmt":"2023-06-02T09:27:55","slug":"donald-trump-sur-le-marche-du-cannabis-et-du-hhc","status":"publish","type":"page","link":"https:\/\/parier-presidentielle.com\/cs\/donald-trump-on-the-cannabis-and-hhc-market\/","title":{"rendered":"Vliv Donalda Trumpa na trh s konop\u00edm a HHC"},"content":{"rendered":"<p>Od inaugurace Donalda Trumpa jako prezidenta Spojen\u00fdch st\u00e1t\u016f v roce 2016 se konop\u00ed a konopn\u00fd pr\u016fmysl <a href=\"https:\/\/wikihhc.com\/en\/\" target=\"_blank\" rel=\"noreferrer noopener\">HHC<\/a> (Kanabinoid z\u00edskan\u00fd z konop\u00ed) se neust\u00e1le vyv\u00edj\u00ed. Prezidentova prohl\u00e1\u0161en\u00ed a zaveden\u00e1 politika m\u011bly v\u00fdznamn\u00fd dopad na tento rostouc\u00ed trh. V tomto \u010dl\u00e1nku prozkoum\u00e1me kl\u00ed\u010dov\u00e1 rozhodnut\u00ed, kter\u00e1 u\u010dinil Trump a jak ovliv\u0148uj\u00ed budoucnost pr\u016fmyslu konop\u00ed a HHC. Mnoho str\u00e1nek nab\u00edz\u00ed slevy <a href=\"https:\/\/wikihhc.com\/site\/weecl\/code-promo-coupon-bon-de-reduction-weecl\/\">CBD a HHC jako Weecl s propaga\u010dn\u00edmi k\u00f3dy<\/a>.<\/p>\n\n\n\n<h2 class=\"wp-block-heading\"><span id=\"la-position-initiale-de-trump-sur-le-cannabis\">Trump\u016fv po\u010d\u00e1te\u010dn\u00ed postoj ke konop\u00ed<\/span><\/h2>\n\n\n\n<p>Donald Trump b\u011bhem sv\u00e9 p\u0159edvolebn\u00ed kampan\u011b v roce 2016 zaujal k ot\u00e1zce konop\u00ed dosti v\u00e1gn\u00ed postoj. \u0158ekl, \u017ee probl\u00e9m by si m\u011bly vy\u0159e\u0161it jednotliv\u00e9 st\u00e1ty a \u017ee se nestav\u00ed proti l\u00e9\u010debn\u00e9mu vyu\u017eit\u00ed konop\u00ed. Vyj\u00e1d\u0159il v\u0161ak tak\u00e9 obavy z n\u00e1r\u016fstu u\u017e\u00edv\u00e1n\u00ed konop\u00ed mezi mlad\u00fdmi lidmi a potenci\u00e1ln\u00edch negativn\u00edch dopad\u016f na ve\u0159ejn\u00e9 zdrav\u00ed.<\/p>\n\n\n\n<h2 class=\"wp-block-heading\"><span id=\"la-nomination-de-jeff-sessions\">Nominace Jeffa Sessionse<\/span><\/h2>\n\n\n\n<p>Jedn\u00edm z prvn\u00edch Trumpov\u00fdch rozhodnut\u00ed ohledn\u011b konop\u00ed bylo jmenov\u00e1n\u00ed Jeffa Sessionse gener\u00e1ln\u00edm prokur\u00e1torem. Sessions byl zn\u00e1m\u00fd sv\u00fdm rozhodn\u00fdm odporem ke konop\u00ed a sv\u00fdm postojem, \u017ee konop\u00ed je \u201enebezpe\u010dn\u00e9\u201c a je t\u0159eba se mu \u201eza ka\u017edou cenu vyhnout\u201c. Toto jmenov\u00e1n\u00ed vyvolalo obavy v odv\u011btv\u00ed konop\u00ed a HHC a mnoz\u00ed se ob\u00e1vali, \u017ee by to vedlo ke zv\u00fd\u0161en\u00fdm z\u00e1sah\u016fm proti podnik\u016fm s konop\u00edm.<\/p>\n\n\n\n<h2 class=\"wp-block-heading\"><span id=\"le-rescrit-de-cole\">Cole\u016fv rescript<\/span><\/h2>\n\n\n\n<p>Dal\u0161\u00edm d\u016fle\u017eit\u00fdm rozhodnut\u00edm Trumpa bylo zru\u0161en\u00ed rozsudku ve v\u011bci Cole v roce 2018. Toto rozhodnut\u00ed zavedla Obamova administrativa v roce 2013, aby poskytla feder\u00e1ln\u00edm \u017ealobc\u016fm pokyny, jak zach\u00e1zet se z\u00e1kony o konop\u00ed ve st\u00e1tech, kter\u00e9 legalizovaly konop\u00ed pro l\u00e9\u010debn\u00e9 a rekrea\u010dn\u00ed \u00fa\u010dely. . Zru\u0161en\u00ed tohoto rozsudku bylo pova\u017eov\u00e1no za velkou p\u0159ek\u00e1\u017eku pro pr\u016fmysl konop\u00ed a HHC a vyvolalo obavy ze zv\u00fd\u0161en\u00e9ho vym\u00e1h\u00e1n\u00ed konop\u00ed na feder\u00e1ln\u00ed \u00farovni.<\/p>\n\n\n\n<h2 class=\"wp-block-heading\"><span id=\"le-farm-bill-de-2018\">Farm\u00e1\u0159sk\u00fd z\u00e1kon z roku 2018<\/span><\/h2>\n\n\n\n<p>Navzdory ne\u00fasp\u011bch\u016fm zaznamenalo odv\u011btv\u00ed HHC v roce 2018 v\u00fdznamn\u00fd \u00fasp\u011bch s Farm Bill. Tento z\u00e1kon celost\u00e1tn\u011b legalizoval p\u011bstov\u00e1n\u00ed, produkci a prodej pr\u016fmyslov\u00e9ho konop\u00ed, definovan\u00e9ho jako konop\u00ed obsahuj\u00edc\u00ed m\u00e9n\u011b ne\u017e 0,3 % THC. Tento krok uv\u00edtal pr\u016fmysl HHC, kter\u00fd dlouho usiloval o legalizaci p\u011bstov\u00e1n\u00ed konop\u00ed pro v\u00fdrobu CBD.<\/p>\n\n\n\n<h2 class=\"wp-block-heading\"><span id=\"la-pandemie-de-covid-19\">Pandemie COVID-19<\/span><\/h2>\n\n\n\n<p>Pandemie COVID-19 m\u011bla tak\u00e9 v\u00fdznamn\u00fd dopad na pr\u016fmysl konop\u00ed a HHC. Mnoho konopn\u00fdch v\u00fddejen a podnik\u016f jako z\u00e1kladn\u00ed sektor nad\u00e1le funguje navzdory uzav\u0159en\u00ed podnik\u016f v jin\u00fdch sektorech. Pandemie v\u0161ak tak\u00e9 vedla k poklesu popt\u00e1vky po konopn\u00fdch produktech, zejm\u00e9na mezi spot\u0159ebiteli.<\/p>\n\n\n\n<p>rekrea\u010dn\u00edch nad\u0161enc\u016f. Cestovn\u00ed omezen\u00ed tak\u00e9 ovlivnila dodavatelsk\u00e9 \u0159et\u011bzce pr\u016fmyslu konop\u00ed a HHC, co\u017e vedlo k naru\u0161en\u00ed v\u00fdroby a distribuce.<\/p>\n\n\n\n<h2 class=\"wp-block-heading\"><span id=\"l8217avenir-de-l8217industrie-du-cannabis-et-du-hhc-sous-l8217administration-biden\">Budoucnost pr\u016fmyslu konop\u00ed a HHC pod Bidenovou spr\u00e1vou<\/span><\/h2>\n\n\n\n<p>S inaugurac\u00ed Joe Bidena v lednu 2021 <a href=\"https:\/\/wikihhc.com\/site\/\">pr\u016fmysl konop\u00ed a HHC <\/a>t\u011b\u0161il se na zm\u011bnu sm\u011bru od politik prov\u00e1d\u011bn\u00fdch za Trumpovy administrativy. Biden vyj\u00e1d\u0159il podporu pro legalizaci l\u00e9\u010debn\u00e9ho pou\u017eit\u00ed konop\u00ed a odstran\u011bn\u00ed povinn\u00fdch trest\u016f za trestn\u00e9 \u010diny souvisej\u00edc\u00ed s konop\u00edm. \u0158ekl v\u0161ak tak\u00e9, \u017ee podpo\u0159\u00ed sou\u010dasnou klasifikaci konop\u00ed jako l\u00e1tky seznamu I, co\u017e znamen\u00e1, \u017ee se m\u00e1 za to, \u017ee m\u00e1 vysok\u00fd potenci\u00e1l zneu\u017eit\u00ed a nem\u00e1 platn\u00e9 l\u00e9ka\u0159sk\u00e9 pou\u017eit\u00ed.<\/p>\n\n\n\n<p>Navzdory nejistot\u011b ohledn\u011b budoucnosti pr\u016fmyslu konop\u00ed a HHC pod Bidenovou spr\u00e1vou se toto odv\u011btv\u00ed neust\u00e1le vyv\u00edj\u00ed a nad\u00e1le roste. St\u00e1ty pokra\u010duj\u00ed v legalizaci konop\u00ed pro l\u00e9\u010debn\u00e9 a rekrea\u010dn\u00ed \u00fa\u010dely a vznikaj\u00ed nov\u00e9 spole\u010dnosti HHC, aby uspokojily rostouc\u00ed popt\u00e1vku po produktech CBD. Odv\u011btv\u00ed konop\u00ed a HHC z\u016fst\u00e1v\u00e1 rostouc\u00edm odv\u011btv\u00edm s mnoha p\u0159\u00edle\u017eitostmi pro podnikatele a investory.<\/p>\n\n\n\n<p>Z\u00e1v\u011brem lze \u0159\u00edci, \u017ee dopad Donalda Trumpa na pr\u016fmysl konop\u00ed a HHC byl v\u00fdznamn\u00fd, ale nejistota ohledn\u011b budoucnosti tohoto odv\u011btv\u00ed za Bidenovy vl\u00e1dy z\u016fst\u00e1v\u00e1. Navzdory tomu toto odv\u011btv\u00ed nad\u00e1le roste a vyv\u00edj\u00ed se a poskytuje \u0159adu p\u0159\u00edle\u017eitost\u00ed pro podniky a investory.<\/p>\n\n\n\n<p><\/p>\n\n\n\n<figure class=\"wp-block-embed is-type-video is-provider-youtube wp-block-embed-youtube wp-embed-aspect-16-9 wp-has-aspect-ratio\"><div class=\"wp-block-embed__wrapper\">\n<iframe loading=\"lazy\" title=\"Trumpovo v\u00edt\u011bzstv\u00ed: ke konci prohibice konop\u00ed? - RTL - RTL\" width=\"640\" height=\"360\" src=\"https:\/\/www.youtube.com\/embed\/j5oDI7O_byY?feature=oembed\" frameborder=\"0\" allow=\"accelerometer; autoplay; clipboard-write; encrypted-media; gyroscope; picture-in-picture; web-share\" allowfullscreen><\/iframe>\n<\/div><\/figure>\n\n\n\n<p>Nej\u010dast\u011bj\u0161\u00ed dotazy:<\/p>\n\n\n\n<ol>\n<li>Co je HHC? HHC (Hemp-derived Cannabinoid) je kanabinoidn\u00ed slou\u010denina z\u00edskan\u00e1 z pr\u016fmyslov\u00e9ho konop\u00ed, obsahuj\u00edc\u00ed m\u00e9n\u011b ne\u017e 0,3 % THC.<\/li>\n\n\n\n<li>Kter\u00e9 st\u00e1ty USA legalizovaly konop\u00ed? K dne\u0161n\u00edmu dni legalizovalo konop\u00ed pro l\u00e9\u010debn\u00e9 \u00fa\u010dely 36 st\u00e1t\u016f USA a 15 st\u00e1t\u016f legalizovalo konop\u00ed pro rekrea\u010dn\u00ed pou\u017eit\u00ed.<\/li>\n\n\n\n<li>Jak\u00fd je dopad klasifikace konop\u00ed jako l\u00e1tky seznamu I? Klasifikace konop\u00ed jako l\u00e1tky seznamu I znamen\u00e1, \u017ee se m\u00e1 za to, \u017ee m\u00e1 vysok\u00fd potenci\u00e1l ke zneu\u017e\u00edv\u00e1n\u00ed a nem\u00e1 platn\u00e9 l\u00e9ka\u0159sk\u00e9 pou\u017eit\u00ed, co\u017e zt\u011b\u017euje v\u00fdzkumn\u00edk\u016fm prov\u00e1d\u011bt studie o jeho l\u00e9\u010div\u00fdch vlastnostech.<\/li>\n\n\n\n<li>Jak\u00e1 jsou naru\u0161en\u00ed produkce konop\u00ed zp\u016fsoben\u00e1 pandemi\u00ed COVID-19? Pandemie COVID-19 vedla k naru\u0161en\u00ed dodavatelsk\u00fdch \u0159et\u011bzc\u016f pr\u016fmyslu konop\u00ed a HHC, co\u017e vedlo ke zpo\u017ed\u011bn\u00edm ve v\u00fdrob\u011b a distribuci.<\/li>\n<\/ol>\n<div id=\"toc_container\" class=\"no_bullets\"><p class=\"toc_title\">Obsah<\/p><ul class=\"toc_list\"><li><\/li><li><\/li><li><\/li><li><\/li><li><\/li><li><\/li><\/ul><\/div>","protected":false},"excerpt":{"rendered":"<p>Depuis l&#8217;investiture de Donald Trump \u00e0 la pr\u00e9sidence des \u00c9tats-Unis en 2016, l&#8217;industrie du cannabis et du HHC (Hemp-derived Cannabinoid) a \u00e9t\u00e9 en constante \u00e9volution. Les d\u00e9clarations du pr\u00e9sident et les politiques mises en place ont eu un impact significatif sur ce march\u00e9 en pleine expansion. Dans cet article, nous allons explorer les d\u00e9cisions cl\u00e9s &#8230;<\/p>","protected":false},"author":1,"featured_media":1959,"parent":0,"menu_order":0,"comment_status":"closed","ping_status":"closed","template":"page-nosidebar.php","meta":{"footnotes":""},"yoast_head":"<!-- This site is optimized with the Yoast SEO Premium plugin v21.0 (Yoast SEO v21.0) - https:\/\/yoast.com\/wordpress\/plugins\/seo\/ -->\n<title>L&#039;impact de Donald Trump sur le march\u00e9 du Cannabis et du HHC - Finale Coupe du Monde FIFA<\/title>\n<meta name=\"robots\" content=\"index, follow, max-snippet:-1, max-image-preview:large, max-video-preview:-1\" \/>\n<link rel=\"canonical\" href=\"https:\/\/parier-presidentielle.com\/cs\/donald-trump-on-the-cannabis-and-hhc-market\/\" \/>\n<meta property=\"og:locale\" content=\"cs_CZ\" \/>\n<meta property=\"og:type\" content=\"article\" \/>\n<meta property=\"og:title\" content=\"L&#039;impact de Donald Trump sur le march\u00e9 du Cannabis et du HHC\" \/>\n<meta property=\"og:description\" content=\"Depuis l&#8217;investiture de Donald Trump \u00e0 la pr\u00e9sidence des \u00c9tats-Unis en 2016, l&#8217;industrie du cannabis et du HHC (Hemp-derived Cannabinoid) a \u00e9t\u00e9 en constante \u00e9volution. Les d\u00e9clarations du pr\u00e9sident et les politiques mises en place ont eu un impact significatif sur ce march\u00e9 en pleine expansion. Dans cet article, nous allons explorer les d\u00e9cisions cl\u00e9s ...\" \/>\n<meta property=\"og:url\" content=\"https:\/\/parier-presidentielle.com\/cs\/donald-trump-on-the-cannabis-and-hhc-market\/\" \/>\n<meta property=\"og:site_name\" content=\"Parier Pr\u00e9sidentielle\" \/>\n<meta property=\"article:modified_time\" content=\"2023-06-02T09:27:55+00:00\" \/>\n<meta property=\"og:image\" content=\"https:\/\/parier-presidentielle.com\/wp-content\/uploads\/2023\/03\/donald-trump-hhc-scaled.jpg\" \/>\n\t<meta property=\"og:image:width\" content=\"2560\" \/>\n\t<meta property=\"og:image:height\" content=\"1440\" \/>\n\t<meta property=\"og:image:type\" content=\"image\/jpeg\" \/>\n<meta name=\"twitter:card\" content=\"summary_large_image\" \/>\n<meta name=\"twitter:label1\" content=\"Est. reading time\" \/>\n\t<meta name=\"twitter:data1\" content=\"5 minut\" \/>\n<script type=\"application\/ld+json\" class=\"yoast-schema-graph\">{\"@context\":\"https:\/\/schema.org\",\"@graph\":[{\"@type\":\"WebPage\",\"@id\":\"https:\/\/parier-presidentielle.com\/donald-trump-sur-le-marche-du-cannabis-et-du-hhc\/\",\"url\":\"https:\/\/parier-presidentielle.com\/donald-trump-sur-le-marche-du-cannabis-et-du-hhc\/\",\"name\":\"L'impact de Donald Trump sur le march\u00e9 du Cannabis et du HHC - Finale Coupe du Monde FIFA\",\"isPartOf\":{\"@id\":\"https:\/\/parier-presidentielle.com\/#website\"},\"datePublished\":\"2023-03-20T16:03:39+00:00\",\"dateModified\":\"2023-06-02T09:27:55+00:00\",\"breadcrumb\":{\"@id\":\"https:\/\/parier-presidentielle.com\/donald-trump-sur-le-marche-du-cannabis-et-du-hhc\/#breadcrumb\"},\"inLanguage\":\"cs\",\"potentialAction\":[{\"@type\":\"ReadAction\",\"target\":[\"https:\/\/parier-presidentielle.com\/donald-trump-sur-le-marche-du-cannabis-et-du-hhc\/\"]}]},{\"@type\":\"BreadcrumbList\",\"@id\":\"https:\/\/parier-presidentielle.com\/donald-trump-sur-le-marche-du-cannabis-et-du-hhc\/#breadcrumb\",\"itemListElement\":[{\"@type\":\"ListItem\",\"position\":1,\"name\":\"Accueil\",\"item\":\"https:\/\/parier-presidentielle.com\/\"},{\"@type\":\"ListItem\",\"position\":2,\"name\":\"L&#8217;impact de Donald Trump sur le march\u00e9 du Cannabis et du HHC\"}]},{\"@type\":\"WebSite\",\"@id\":\"https:\/\/parier-presidentielle.com\/#website\",\"url\":\"https:\/\/parier-presidentielle.com\/\",\"name\":\"Parier Pr\u00e9sidentielle\",\"description\":\"Paris, Pronostics, Wiki sur la Politique, les Elections Am\u00e9ricaines: Joe Biden, Donald Trump avec les Bookmakers en ligne Unibet, Bwin, Betclic, Winamax\",\"potentialAction\":[{\"@type\":\"SearchAction\",\"target\":{\"@type\":\"EntryPoint\",\"urlTemplate\":\"https:\/\/parier-presidentielle.com\/?s={search_term_string}\"},\"query-input\":\"required name=search_term_string\"}],\"inLanguage\":\"cs\"}]}<\/script>\n<!-- \/ Yoast SEO Premium plugin. -->","yoast_head_json":{"title":"L'impact de Donald Trump sur le march\u00e9 du Cannabis et du HHC - Finale Coupe du Monde FIFA","robots":{"index":"index","follow":"follow","max-snippet":"max-snippet:-1","max-image-preview":"max-image-preview:large","max-video-preview":"max-video-preview:-1"},"canonical":"https:\/\/parier-presidentielle.com\/cs\/donald-trump-on-the-cannabis-and-hhc-market\/","og_locale":"cs_CZ","og_type":"article","og_title":"L'impact de Donald Trump sur le march\u00e9 du Cannabis et du HHC","og_description":"Depuis l&#8217;investiture de Donald Trump \u00e0 la pr\u00e9sidence des \u00c9tats-Unis en 2016, l&#8217;industrie du cannabis et du HHC (Hemp-derived Cannabinoid) a \u00e9t\u00e9 en constante \u00e9volution. Les d\u00e9clarations du pr\u00e9sident et les politiques mises en place ont eu un impact significatif sur ce march\u00e9 en pleine expansion. Dans cet article, nous allons explorer les d\u00e9cisions cl\u00e9s ...","og_url":"https:\/\/parier-presidentielle.com\/cs\/donald-trump-on-the-cannabis-and-hhc-market\/","og_site_name":"Parier Pr\u00e9sidentielle","article_modified_time":"2023-06-02T09:27:55+00:00","og_image":[{"width":2560,"height":1440,"url":"https:\/\/parier-presidentielle.com\/wp-content\/uploads\/2023\/03\/donald-trump-hhc-scaled.jpg","type":"image\/jpeg"}],"twitter_card":"summary_large_image","twitter_misc":{"Est. reading time":"5 minut"},"schema":{"@context":"https:\/\/schema.org","@graph":[{"@type":"WebPage","@id":"https:\/\/parier-presidentielle.com\/donald-trump-sur-le-marche-du-cannabis-et-du-hhc\/","url":"https:\/\/parier-presidentielle.com\/donald-trump-sur-le-marche-du-cannabis-et-du-hhc\/","name":"L'impact de Donald Trump sur le march\u00e9 du Cannabis et du HHC - Finale Coupe du Monde FIFA","isPartOf":{"@id":"https:\/\/parier-presidentielle.com\/#website"},"datePublished":"2023-03-20T16:03:39+00:00","dateModified":"2023-06-02T09:27:55+00:00","breadcrumb":{"@id":"https:\/\/parier-presidentielle.com\/donald-trump-sur-le-marche-du-cannabis-et-du-hhc\/#breadcrumb"},"inLanguage":"cs","potentialAction":[{"@type":"ReadAction","target":["https:\/\/parier-presidentielle.com\/donald-trump-sur-le-marche-du-cannabis-et-du-hhc\/"]}]},{"@type":"BreadcrumbList","@id":"https:\/\/parier-presidentielle.com\/donald-trump-sur-le-marche-du-cannabis-et-du-hhc\/#breadcrumb","itemListElement":[{"@type":"ListItem","position":1,"name":"Accueil","item":"https:\/\/parier-presidentielle.com\/"},{"@type":"ListItem","position":2,"name":"L&#8217;impact de Donald Trump sur le march\u00e9 du Cannabis et du HHC"}]},{"@type":"WebSite","@id":"https:\/\/parier-presidentielle.com\/#website","url":"https:\/\/parier-presidentielle.com\/","name":"Parier Pr\u00e9sidentielle","description":"Paris, Pronostics, Wiki sur la Politique, les Elections Am\u00e9ricaines: Joe Biden, Donald Trump avec les Bookmakers en ligne Unibet, Bwin, Betclic, Winamax","potentialAction":[{"@type":"SearchAction","target":{"@type":"EntryPoint","urlTemplate":"https:\/\/parier-presidentielle.com\/?s={search_term_string}"},"query-input":"required name=search_term_string"}],"inLanguage":"cs"}]}},"_links":{"self":[{"href":"https:\/\/parier-presidentielle.com\/cs\/wp-json\/wp\/v2\/pages\/1956"}],"collection":[{"href":"https:\/\/parier-presidentielle.com\/cs\/wp-json\/wp\/v2\/pages"}],"about":[{"href":"https:\/\/parier-presidentielle.com\/cs\/wp-json\/wp\/v2\/types\/page"}],"author":[{"embeddable":true,"href":"https:\/\/parier-presidentielle.com\/cs\/wp-json\/wp\/v2\/users\/1"}],"replies":[{"embeddable":true,"href":"https:\/\/parier-presidentielle.com\/cs\/wp-json\/wp\/v2\/comments?post=1956"}],"version-history":[{"count":4,"href":"https:\/\/parier-presidentielle.com\/cs\/wp-json\/wp\/v2\/pages\/1956\/revisions"}],"predecessor-version":[{"id":2001,"href":"https:\/\/parier-presidentielle.com\/cs\/wp-json\/wp\/v2\/pages\/1956\/revisions\/2001"}],"wp:featuredmedia":[{"embeddable":true,"href":"https:\/\/parier-presidentielle.com\/cs\/wp-json\/wp\/v2\/media\/1959"}],"wp:attachment":[{"href":"https:\/\/parier-presidentielle.com\/cs\/wp-json\/wp\/v2\/media?parent=1956"}],"curies":[{"name":"wp","href":"https:\/\/api.w.org\/{rel}","templated":true}]}}