{"id":1962,"date":"2023-03-20T17:10:50","date_gmt":"2023-03-20T16:10:50","guid":{"rendered":"https:\/\/parier-presidentielle.com\/?page_id=1962"},"modified":"2023-06-02T11:27:56","modified_gmt":"2023-06-02T09:27:56","slug":"vladimir-poutine-quelle-avis-sur-le-marche-du-cannabis-et-hhc","status":"publish","type":"page","link":"https:\/\/parier-presidentielle.com\/cs\/vladimir-poutine-jaky-nazor-na-trh-konopi-a-hhc\/","title":{"rendered":"Jak\u00fd je n\u00e1zor Vladim\u00edra Putina na trh s konop\u00edm a HHC?"},"content":{"rendered":"<p>Konopn\u00fd trh <a href=\"https:\/\/wikihhc.com\/france\/fleurs-hhc\/ou-trouver-fleurs-hhc-france-guide\/\">hhc<\/a>  je na vzestupu a p\u0159itahuje z\u00e1jem v\u00fdznamn\u00fdch l\u00eddr\u016f po cel\u00e9m sv\u011bt\u011b. Jedn\u00edm z takov\u00fdch l\u00eddr\u016f je Vladimir Putin, rusk\u00fd prezident, kter\u00fd ned\u00e1vno vyj\u00e1d\u0159il podporu legalizaci u\u017e\u00edv\u00e1n\u00ed konop\u00ed pro l\u00e9ka\u0159sk\u00e9 a pr\u016fmyslov\u00e9 \u00fa\u010dely.<\/p>\n\n\n\n<h2 class=\"wp-block-heading\"><span id=\"le-passe-controverse-de-poutine-avec-le-cannabis\">Putinova kontroverzn\u00ed minulost s konop\u00edm<\/span><\/h2>\n\n\n\n<p>Ne\u017e se pust\u00edme do t\u00e9to debaty, je d\u016fle\u017eit\u00e9 p\u0159ipomenout Putinovu kontroverzn\u00ed minulost t\u00fdkaj\u00edc\u00ed se konop\u00ed, jak bylo uvedeno <a href=\"https:\/\/wikihhc.com\/guide\/hhc\/\">Wikipedie<\/a>. V roce 2006 Rusko zah\u00e1jilo v\u00e1lku proti drog\u00e1m, ve kter\u00e9 sehr\u00e1l v\u00fdznamnou roli Putin. To vedlo ke zv\u00fd\u0161en\u00fdm z\u00e1sah\u016fm proti u\u017e\u00edv\u00e1n\u00ed drog, v\u010detn\u011b konop\u00ed, a vedlo k uv\u011bzn\u011bn\u00ed tis\u00edc\u016f lid\u00ed.<\/p>\n\n\n\n<p>Zd\u00e1 se v\u0161ak, \u017ee Putinovy n\u00e1zory na v\u011bc se postupem \u010dasu vyv\u00edjely. V roce 2019 \u0159ekl, \u017ee Rusko by m\u011blo n\u00e1sledovat p\u0159\u00edklad n\u011bkter\u00fdch st\u00e1t\u016f USA a legalizovat konop\u00ed pro l\u00e9ka\u0159sk\u00e9 a pr\u016fmyslov\u00e9 \u00fa\u010dely. Na toto prohl\u00e1\u0161en\u00ed nav\u00e1zala legislativa ve prosp\u011bch p\u011bstov\u00e1n\u00ed pr\u016fmyslov\u00e9ho konop\u00ed. Mnoho str\u00e1nek nab\u00edz\u00ed slevy <a href=\"https:\/\/wikihhc.com\/site\/weecl\/code-promo-coupon-bon-de-reduction-weecl\/\">CBD a HHC jako Weecl s propaga\u010dn\u00edmi k\u00f3dy<\/a>.<\/p>\n\n\n\n<h2 class=\"wp-block-heading\"><span id=\"le-soutien-de-poutine-a-l8217utilisation-medicale-du-cannabis\">Putinova podpora l\u00e9ka\u0159sk\u00e9ho vyu\u017eit\u00ed konop\u00ed<\/span><\/h2>\n\n\n\n<p>Naposledy, v lednu 2022, Putin prohl\u00e1sil, \u017ee podporuje l\u00e9ka\u0159sk\u00e9 pou\u017eit\u00ed konop\u00ed, a na\u0159\u00eddil rusk\u00e9 vl\u00e1d\u011b, aby vypracovala n\u00e1vrhy na regulaci pou\u017e\u00edv\u00e1n\u00ed konop\u00ed pro l\u00e9ka\u0159sk\u00e9 \u00fa\u010dely. Toto rozhodnut\u00ed bylo p\u0159ijato pozitivn\u011b zast\u00e1nci legalizace konop\u00ed v Rusku a vyvolalo debatu na toto t\u00e9ma.<\/p>\n\n\n\n<p>Putin tak\u00e9 vyj\u00e1d\u0159il podporu v\u00fdrob\u011b <a href=\"https:\/\/wikihhc.com\"> produkt obsahuj\u00edc\u00ed HHC<\/a> (Hydrogenated Cannabis Oil), forma konop\u00ed, kter\u00e1 m\u00e1 l\u00e9ka\u0159sk\u00e9 a pr\u016fmyslov\u00e9 vyu\u017eit\u00ed. Vyzval ke zv\u00fd\u0161en\u00ed v\u00fdroby l\u00e1tky v Rusku s t\u00edm, \u017ee m\u00e1 v\u00fdznamn\u00fd ekonomick\u00fd potenci\u00e1l.<\/p>\n\n\n\n<h2 class=\"wp-block-heading\"><span id=\"les-defis-de-la-legalisation-du-cannabis-en-russie\">Probl\u00e9my legalizace konop\u00ed v Rusku<\/span><\/h2>\n\n\n\n<p>Legalizace konop\u00ed pro l\u00e9ka\u0159sk\u00e9 a pr\u016fmyslov\u00e9 \u00fa\u010dely v Rusku v\u0161ak nen\u00ed bez probl\u00e9m\u016f. Sou\u010dasn\u00e9 rusk\u00e9 protidrogov\u00e9 z\u00e1kony jsou velmi p\u0159\u00edsn\u00e9 a u\u017e\u00edv\u00e1n\u00ed konop\u00ed je nez\u00e1konn\u00e9. Rusko je nav\u00edc signat\u00e1\u0159em n\u011bkolika mezin\u00e1rodn\u00edch protidrogov\u00fdch \u00famluv, kter\u00e9 zakazuj\u00ed u\u017e\u00edv\u00e1n\u00ed a v\u00fdrobu drog, v\u010detn\u011b konop\u00ed.<\/p>\n\n\n\n<p>To znamen\u00e1, \u017ee jak\u00e1koli legislativa podporuj\u00edc\u00ed legalizaci konop\u00ed by m\u011bla b\u00fdt pe\u010dliv\u011b vytvo\u0159ena a implementov\u00e1na zp\u016fsobem, kter\u00fd je v souladu s mezin\u00e1rodn\u00edmi \u00famluvami a rusk\u00fdmi z\u00e1kony.<\/p>\n\n\n\n<h2 class=\"wp-block-heading\"><span id=\"conclusion\">Z\u00e1v\u011br<\/span><\/h2>\n\n\n\n<p>Z\u00e1v\u011brem, Putinova podpora legalizace l\u00e9ka\u0159sk\u00e9ho a pr\u016fmyslov\u00e9ho vyu\u017eit\u00ed konop\u00ed v Rusku je d\u016fle\u017eit\u00fdm rozhodnut\u00edm, kter\u00e9 v zemi rozproud\u00ed debatu. A\u010dkoli existuj\u00ed probl\u00e9my p\u0159i uz\u00e1kon\u011bn\u00ed legislativy k legalizaci konop\u00ed, je jasn\u00e9, \u017ee Putinovy n\u00e1zory na tuto problematiku se postupem \u010dasu vyv\u00edjely. Bude zaj\u00edmav\u00e9 sledovat, jak se tato problematika vyvine v Rusku do budoucna.<\/p>\n\n\n\n<figure class=\"wp-block-embed is-type-video is-provider-youtube wp-block-embed-youtube wp-embed-aspect-16-9 wp-has-aspect-ratio\"><div class=\"wp-block-embed__wrapper\">\n<iframe loading=\"lazy\" title=\"Cht\u011bj\u00ed Rusov\u00e9 legalizaci marihuany?\" width=\"640\" height=\"360\" src=\"https:\/\/www.youtube.com\/embed\/lvfG8jTKhow?feature=oembed\" frameborder=\"0\" allow=\"accelerometer; autoplay; clipboard-write; encrypted-media; gyroscope; picture-in-picture; web-share\" allowfullscreen><\/iframe>\n<\/div><\/figure>\n<div id=\"toc_container\" class=\"no_bullets\"><p class=\"toc_title\">Obsah<\/p><ul class=\"toc_list\"><li><\/li><li><\/li><li><\/li><li><\/li><\/ul><\/div>","protected":false},"excerpt":{"rendered":"<p>Le march\u00e9 du cannabis du hhc est en plein essor et suscite l&#8217;int\u00e9r\u00eat des grands dirigeants du monde entier. L&#8217;un de ces dirigeants est Vladimir Poutine, le pr\u00e9sident russe, qui a r\u00e9cemment exprim\u00e9 son soutien \u00e0 la l\u00e9galisation de l&#8217;utilisation du cannabis \u00e0 des fins m\u00e9dicales et industrielles. Le pass\u00e9 controvers\u00e9 de Poutine avec le &#8230;<\/p>","protected":false},"author":1,"featured_media":1965,"parent":0,"menu_order":0,"comment_status":"closed","ping_status":"closed","template":"page-nosidebar.php","meta":{"footnotes":""},"yoast_head":"<!-- This site is optimized with the Yoast SEO Premium plugin v21.0 (Yoast SEO v21.0) - https:\/\/yoast.com\/wordpress\/plugins\/seo\/ -->\n<title>Vladimir Poutine quelle avis sur le march\u00e9 du Cannabis et HHC? - Finale Coupe du Monde FIFA<\/title>\n<meta name=\"robots\" content=\"index, follow, max-snippet:-1, max-image-preview:large, max-video-preview:-1\" \/>\n<link rel=\"canonical\" href=\"https:\/\/parier-presidentielle.com\/cs\/vladimir-poutine-jaky-nazor-na-trh-konopi-a-hhc\/\" \/>\n<meta property=\"og:locale\" content=\"cs_CZ\" \/>\n<meta property=\"og:type\" content=\"article\" \/>\n<meta property=\"og:title\" content=\"Vladimir Poutine quelle avis sur le march\u00e9 du Cannabis et HHC?\" \/>\n<meta property=\"og:description\" content=\"Le march\u00e9 du cannabis du hhc est en plein essor et suscite l&#8217;int\u00e9r\u00eat des grands dirigeants du monde entier. L&#8217;un de ces dirigeants est Vladimir Poutine, le pr\u00e9sident russe, qui a r\u00e9cemment exprim\u00e9 son soutien \u00e0 la l\u00e9galisation de l&#8217;utilisation du cannabis \u00e0 des fins m\u00e9dicales et industrielles. Le pass\u00e9 controvers\u00e9 de Poutine avec le ...\" \/>\n<meta property=\"og:url\" content=\"https:\/\/parier-presidentielle.com\/cs\/vladimir-poutine-jaky-nazor-na-trh-konopi-a-hhc\/\" \/>\n<meta property=\"og:site_name\" content=\"Parier Pr\u00e9sidentielle\" \/>\n<meta property=\"article:modified_time\" content=\"2023-06-02T09:27:56+00:00\" \/>\n<meta property=\"og:image\" content=\"https:\/\/parier-presidentielle.com\/wp-content\/uploads\/2023\/03\/vladimir-poutine-hhc-scaled.jpg\" \/>\n\t<meta property=\"og:image:width\" content=\"2560\" \/>\n\t<meta property=\"og:image:height\" content=\"1302\" \/>\n\t<meta property=\"og:image:type\" content=\"image\/jpeg\" \/>\n<meta name=\"twitter:card\" content=\"summary_large_image\" \/>\n<meta name=\"twitter:label1\" content=\"Est. reading time\" \/>\n\t<meta name=\"twitter:data1\" content=\"3 minuty\" \/>\n<script type=\"application\/ld+json\" class=\"yoast-schema-graph\">{\"@context\":\"https:\/\/schema.org\",\"@graph\":[{\"@type\":\"WebPage\",\"@id\":\"https:\/\/parier-presidentielle.com\/vladimir-poutine-quelle-avis-sur-le-marche-du-cannabis-et-hhc\/\",\"url\":\"https:\/\/parier-presidentielle.com\/vladimir-poutine-quelle-avis-sur-le-marche-du-cannabis-et-hhc\/\",\"name\":\"Vladimir Poutine quelle avis sur le march\u00e9 du Cannabis et HHC? - Finale Coupe du Monde FIFA\",\"isPartOf\":{\"@id\":\"https:\/\/parier-presidentielle.com\/#website\"},\"datePublished\":\"2023-03-20T16:10:50+00:00\",\"dateModified\":\"2023-06-02T09:27:56+00:00\",\"breadcrumb\":{\"@id\":\"https:\/\/parier-presidentielle.com\/vladimir-poutine-quelle-avis-sur-le-marche-du-cannabis-et-hhc\/#breadcrumb\"},\"inLanguage\":\"cs\",\"potentialAction\":[{\"@type\":\"ReadAction\",\"target\":[\"https:\/\/parier-presidentielle.com\/vladimir-poutine-quelle-avis-sur-le-marche-du-cannabis-et-hhc\/\"]}]},{\"@type\":\"BreadcrumbList\",\"@id\":\"https:\/\/parier-presidentielle.com\/vladimir-poutine-quelle-avis-sur-le-marche-du-cannabis-et-hhc\/#breadcrumb\",\"itemListElement\":[{\"@type\":\"ListItem\",\"position\":1,\"name\":\"Accueil\",\"item\":\"https:\/\/parier-presidentielle.com\/\"},{\"@type\":\"ListItem\",\"position\":2,\"name\":\"Vladimir Poutine quelle avis sur le march\u00e9 du Cannabis et HHC?\"}]},{\"@type\":\"WebSite\",\"@id\":\"https:\/\/parier-presidentielle.com\/#website\",\"url\":\"https:\/\/parier-presidentielle.com\/\",\"name\":\"Parier Pr\u00e9sidentielle\",\"description\":\"Paris, Pronostics, Wiki sur la Politique, les Elections Am\u00e9ricaines: Joe Biden, Donald Trump avec les Bookmakers en ligne Unibet, Bwin, Betclic, Winamax\",\"potentialAction\":[{\"@type\":\"SearchAction\",\"target\":{\"@type\":\"EntryPoint\",\"urlTemplate\":\"https:\/\/parier-presidentielle.com\/?s={search_term_string}\"},\"query-input\":\"required name=search_term_string\"}],\"inLanguage\":\"cs\"}]}<\/script>\n<!-- \/ Yoast SEO Premium plugin. -->","yoast_head_json":{"title":"Vladimir Poutine quelle avis sur le march\u00e9 du Cannabis et HHC? - Finale Coupe du Monde FIFA","robots":{"index":"index","follow":"follow","max-snippet":"max-snippet:-1","max-image-preview":"max-image-preview:large","max-video-preview":"max-video-preview:-1"},"canonical":"https:\/\/parier-presidentielle.com\/cs\/vladimir-poutine-jaky-nazor-na-trh-konopi-a-hhc\/","og_locale":"cs_CZ","og_type":"article","og_title":"Vladimir Poutine quelle avis sur le march\u00e9 du Cannabis et HHC?","og_description":"Le march\u00e9 du cannabis du hhc est en plein essor et suscite l&#8217;int\u00e9r\u00eat des grands dirigeants du monde entier. L&#8217;un de ces dirigeants est Vladimir Poutine, le pr\u00e9sident russe, qui a r\u00e9cemment exprim\u00e9 son soutien \u00e0 la l\u00e9galisation de l&#8217;utilisation du cannabis \u00e0 des fins m\u00e9dicales et industrielles. Le pass\u00e9 controvers\u00e9 de Poutine avec le ...","og_url":"https:\/\/parier-presidentielle.com\/cs\/vladimir-poutine-jaky-nazor-na-trh-konopi-a-hhc\/","og_site_name":"Parier Pr\u00e9sidentielle","article_modified_time":"2023-06-02T09:27:56+00:00","og_image":[{"width":2560,"height":1302,"url":"https:\/\/parier-presidentielle.com\/wp-content\/uploads\/2023\/03\/vladimir-poutine-hhc-scaled.jpg","type":"image\/jpeg"}],"twitter_card":"summary_large_image","twitter_misc":{"Est. reading time":"3 minuty"},"schema":{"@context":"https:\/\/schema.org","@graph":[{"@type":"WebPage","@id":"https:\/\/parier-presidentielle.com\/vladimir-poutine-quelle-avis-sur-le-marche-du-cannabis-et-hhc\/","url":"https:\/\/parier-presidentielle.com\/vladimir-poutine-quelle-avis-sur-le-marche-du-cannabis-et-hhc\/","name":"Vladimir Poutine quelle avis sur le march\u00e9 du Cannabis et HHC? - Finale Coupe du Monde FIFA","isPartOf":{"@id":"https:\/\/parier-presidentielle.com\/#website"},"datePublished":"2023-03-20T16:10:50+00:00","dateModified":"2023-06-02T09:27:56+00:00","breadcrumb":{"@id":"https:\/\/parier-presidentielle.com\/vladimir-poutine-quelle-avis-sur-le-marche-du-cannabis-et-hhc\/#breadcrumb"},"inLanguage":"cs","potentialAction":[{"@type":"ReadAction","target":["https:\/\/parier-presidentielle.com\/vladimir-poutine-quelle-avis-sur-le-marche-du-cannabis-et-hhc\/"]}]},{"@type":"BreadcrumbList","@id":"https:\/\/parier-presidentielle.com\/vladimir-poutine-quelle-avis-sur-le-marche-du-cannabis-et-hhc\/#breadcrumb","itemListElement":[{"@type":"ListItem","position":1,"name":"Accueil","item":"https:\/\/parier-presidentielle.com\/"},{"@type":"ListItem","position":2,"name":"Vladimir Poutine quelle avis sur le march\u00e9 du Cannabis et HHC?"}]},{"@type":"WebSite","@id":"https:\/\/parier-presidentielle.com\/#website","url":"https:\/\/parier-presidentielle.com\/","name":"Parier Pr\u00e9sidentielle","description":"Paris, Pronostics, Wiki sur la Politique, les Elections Am\u00e9ricaines: Joe Biden, Donald Trump avec les Bookmakers en ligne Unibet, Bwin, Betclic, Winamax","potentialAction":[{"@type":"SearchAction","target":{"@type":"EntryPoint","urlTemplate":"https:\/\/parier-presidentielle.com\/?s={search_term_string}"},"query-input":"required name=search_term_string"}],"inLanguage":"cs"}]}},"_links":{"self":[{"href":"https:\/\/parier-presidentielle.com\/cs\/wp-json\/wp\/v2\/pages\/1962"}],"collection":[{"href":"https:\/\/parier-presidentielle.com\/cs\/wp-json\/wp\/v2\/pages"}],"about":[{"href":"https:\/\/parier-presidentielle.com\/cs\/wp-json\/wp\/v2\/types\/page"}],"author":[{"embeddable":true,"href":"https:\/\/parier-presidentielle.com\/cs\/wp-json\/wp\/v2\/users\/1"}],"replies":[{"embeddable":true,"href":"https:\/\/parier-presidentielle.com\/cs\/wp-json\/wp\/v2\/comments?post=1962"}],"version-history":[{"count":4,"href":"https:\/\/parier-presidentielle.com\/cs\/wp-json\/wp\/v2\/pages\/1962\/revisions"}],"predecessor-version":[{"id":2002,"href":"https:\/\/parier-presidentielle.com\/cs\/wp-json\/wp\/v2\/pages\/1962\/revisions\/2002"}],"wp:featuredmedia":[{"embeddable":true,"href":"https:\/\/parier-presidentielle.com\/cs\/wp-json\/wp\/v2\/media\/1965"}],"wp:attachment":[{"href":"https:\/\/parier-presidentielle.com\/cs\/wp-json\/wp\/v2\/media?parent=1962"}],"curies":[{"name":"wp","href":"https:\/\/api.w.org\/{rel}","templated":true}]}}