{"id":212,"date":"2021-09-14T13:02:49","date_gmt":"2021-09-14T11:02:49","guid":{"rendered":"https:\/\/parier-presidentielle.com\/?page_id=212"},"modified":"2021-09-14T15:59:08","modified_gmt":"2021-09-14T13:59:08","slug":"melenchon-election","status":"publish","type":"page","link":"https:\/\/parier-presidentielle.com\/cs\/melenchonske-volby\/","title":{"rendered":"Vsa\u010fte na zvolen\u00ed Jeana-Luca M\u00e9lenchona"},"content":{"rendered":"<h2 class=\"wp-block-heading\" id=\"block-f005be1c-8637-4455-a388-e82bafcaf460\"><span id=\"cote-et-pronostics-pour-le-candidat-jean-luc-melenchon-paris-en-ligne-sur-la-politique-et-le-futur-president-de-la-france-de-2022\">Kurzy a p\u0159edpov\u011bdi kandid\u00e1ta Jeana-Luca M\u00e9lenchona:<br>Online s\u00e1zen\u00ed na politiku a budouc\u00edho prezidenta Francie v roce 2022<\/span><\/h2>\n\n\n\n<p><\/p>\n\n\n\n<p><\/p>\n\n\n\n<p>Jean-Luc M\u00e9lenchon (fr. Jean-Luc M\u00e9lenchon, IPA (fr.):; B., Tanger) \u2013 francouzsk\u00fd levicov\u00fd st\u00e1tn\u00edk a politik, novin\u00e1\u0159. Ministr pro odborn\u00e9 vzd\u011bl\u00e1v\u00e1n\u00ed ve vl\u00e1d\u011b Lionela Jospina v letech 2000 a\u017e 2002. \u010clen francouzsk\u00e9ho sen\u00e1tu z departementu Eson (1986-2000; 2004-2010). Poslanec Evropsk\u00e9ho parlamentu v letech 2009 a\u017e 2017 (Evropsk\u00e1 sjednocen\u00e1 levicov\u00e1 frakce \/ Left-North Green). Jeden ze zakladatel\u016f a prezident\u016f \u201eLevicov\u00e9 strany\u201c. Od roku 2017 \u2013 \u010dlen francouzsk\u00e9ho N\u00e1rodn\u00edho shrom\u00e1\u017ed\u011bn\u00ed za stranu \u201eNepora\u017een\u00e1 Francie\u201c.<\/p>\n\n\n\n<h2 class=\"wp-block-heading\"><span id=\"biographie-de-jean-luc-melenchon\">\u017divotopis Jean-Luc M\u00e9lenchon<\/span><\/h2>\n\n\n\n<p><br>Narozen v Tangeru (mezin\u00e1rodn\u00ed z\u00f3na Tangeru, dnes Maroko). Rodi\u010de jsou st\u00e1tn\u00ed zam\u011bstnanci. V roce 1962 se s matkou p\u0159est\u011bhoval do Francie. Vystudovan\u00fd filozof, studoval na univerzit\u011b ve Franche-Comt\u00e9. U\u010dil na st\u0159edn\u00edch \u0161kol\u00e1ch. Velmi brzy se anga\u017eoval v radik\u00e1ln\u00edm levicov\u00e9m ml\u00e1de\u017enick\u00e9m hnut\u00ed, byl \u010dlenem N\u00e1rodn\u00edho svazu francouzsk\u00e9ho studentstva a \u00fa\u010dastnil se demonstrac\u00ed Rud\u00e9ho m\u00e1je v roce 1968. V r\u00e1mci francouzsk\u00e9ho trockistick\u00e9ho hnut\u00ed se M\u00e9lanchon p\u0159ipojil k lambertist\u016fm, n\u00e1sledovn\u00edk\u016fm Pierra Lamberta z Mezin\u00e1rodn\u00ed komunistick\u00e1 organizace. \u00da\u010dast na odborov\u00e9 pr\u00e1ci v Besan\u00e7onu.<\/p>\n\n\n\n<p>V roce 1977 v\u0161ak vstoupil do Socialistick\u00e9 strany Francie a roze\u0161el se s trockisty. Aktivn\u011b podporoval francouzsk\u00e9ho prezidenta Fran\u00e7oise Mitterranda. Od roku 1988 je Jean-Luc Melanchon volen do N\u00e1rodn\u00ed rady a N\u00e1rodn\u00ed kancel\u00e1\u0159e Socialistick\u00e9 strany. Spolu s podobn\u011b sm\u00fd\u0161lej\u00edc\u00edmi lidmi organizoval \u201eSocialistickou levici\u201c (antikapitalistick\u00e9 hnut\u00ed v \u0159ad\u00e1ch Socialistick\u00e9 strany). V letech 2000 a\u017e 2002 byl zmocn\u011bncem ministra pro odborn\u00e9 vzd\u011bl\u00e1v\u00e1n\u00ed ve vl\u00e1d\u011b socialisty Lionela Jospina. Byl sen\u00e1torem odd\u011blen\u00ed Eson (1986-2000 a 2004-2010). P\u016fsobil tak\u00e9 na komun\u00e1ln\u00ed \u00farovni v odd\u011blen\u00ed Eson.<\/p>\n\n\n\n<p>Organizace se v r\u00e1mci referenda o p\u0159ijet\u00ed \u00dastavy Evropsk\u00e9 unie spolu s vnit\u0159n\u00edmi levicov\u00fdmi proudy SZ a dal\u0161\u00edmi levicov\u00fdmi postavila proti jej\u00ed ratifikaci, veden\u00ed strany prosazovalo jej\u00ed ratifikaci. \u00da\u010dast v kampani proti tomu, co levicov\u00ed politici pova\u017eovali za neoliber\u00e1ln\u00ed \u00dastavu EU, sbl\u00ed\u017eila Melanchona s francouzskou komunistickou stranou a trockisty.<\/p>\n\n\n\n<p>V roce 2008 opustil Socialistickou stranu kv\u016fli rozpor\u016fm s jej\u00edm veden\u00edm (v\u010detn\u011b S\u00e9gol\u00e8ne Royalov\u00e9), kterou kritizoval za soci\u00e1ln\u011b-liber\u00e1ln\u00ed kurz a odchod levicov\u00fdch my\u0161lenek. Inicioval vznik \u201eLevicov\u00e9 strany\u201c (po vzoru n\u011bmeck\u00fdch \u201elevic\u201c s odkazem na my\u0161lenky Jeana Jaur\u00e8se); se stal jeho prvn\u00edm prezidentem. Na pr\u00e1ci na jeho vzniku se pod\u00edlel i jeho kolega Mark Dole. V roce 2010 stran\u011b spolup\u0159edsedal v\u016fdce vnit\u0159n\u00ed frakce Strany zelen\u00fdch, kter\u00fd stranu s\u00e1m opustil \u2013 Martin Billard. V roce 2009 byl zvolen poslancem Evropsk\u00e9ho parlamentu na listin\u011b skupiny Evropsk\u00e1 sjednocen\u00e1 levice\/levice-zelen\u00ed Sever. Levicov\u00e1 strana se \u00fa\u010dastn\u00ed koalice Lev\u00e1 fronta; Melanchon je jedn\u00edm z jej\u00edch spolup\u0159edsed\u016f.<\/p>\n\n\n\n<h2 class=\"wp-block-heading\"><span id=\"participation-aux-elections-presidentielles-de-2012-de-jean-luc-melenchon\">\u00da\u010dast v prezidentsk\u00fdch volb\u00e1ch v roce 2012 Jean-Luc M\u00e9lenchon<\/span><\/h2>\n\n\n\n<p><br>Kdy\u017e se bl\u00ed\u017eily prezidentsk\u00e9 volby v roce 2012, francouzsk\u00e1 komunistick\u00e1 strana hodlala p\u0159edstavit vlastn\u00edho kandid\u00e1ta (s nejv\u011bt\u0161\u00ed pravd\u011bpodobnost\u00ed Alain Boquet). Jean-Luc Melanchon v\u0161ak b\u011bhem sv\u00e9ho sjezdu, kter\u00fd se konal ve dnech 16. a\u017e 18. \u010dervna 2011, nasb\u00edral 59,12 % hlas\u016f \u010dlen\u016f sjezdu a byl ozna\u010den jako kandid\u00e1t (\u00fa\u010dastnili se i \u010dlenov\u00e9 dal\u0161\u00edch stran spadaj\u00edc\u00edch do Lev\u00e9 fronty Stal se tak jedin\u00fdm kandid\u00e1tem t\u00e9to aliance) Podle v\u00fdsledk\u016f pr\u016fzkum\u016f proveden\u00fdch v roce 2012 p\u0159ed volbami byl Melanchon\u016fv rating 6 a\u017e 15 %. Po celou dobu prezidentsk\u00e9 kampan\u011b se podle n\u011bkter\u00fdch pr\u016fzkum\u016f dok\u00e1zal posunout z p\u00e1t\u00e9 na t\u0159et\u00ed pozici mezi voli\u010di p\u0159ipraven\u00fdmi volit Melanchona, \u010d\u00edm\u017e p\u0159edb\u011bhl Marine Le Penovou a Fran\u00e7oise Bayroua.<\/p>\n\n\n\n<p>Hlavn\u00edm rysem jeho programu bylo vyhl\u00e1\u0161en\u00ed \u201e\u0160est\u00e9 francouzsk\u00e9 republiky\u201c \u00fapravou francouzsk\u00e9 \u00fastavy. Ve sv\u00fdch projevech opakovan\u011b zmi\u0148oval historii Francouzsk\u00e9 revoluce a Pa\u0159\u00ed\u017esk\u00e9 komuny. Sv\u00e9 p\u0159\u00edznivce vyzval k pokojn\u00e9 \u201eob\u010dansk\u00e9\u201c revoluci \u2013 p\u0159evratu, kter\u00fd nevede d\u011blnick\u00e1 t\u0159\u00edda, ale v\u0161ichni ob\u010dan\u00e9 fand\u00edc\u00ed sv\u00e9 zemi.<\/p>\n\n\n\n<p>Podle v\u00fdsledk\u016f prvn\u00edho kola z\u00edskal M\u00e9lanchon 3 985 089 hlas\u016f (11,1 % z celkov\u00e9ho po\u010dtu hlasuj\u00edc\u00edch) a obsadil tak \u010dtvrt\u00e9 m\u00edsto. To je v\u00fdrazn\u011b v\u00edce ne\u017e kandid\u00e1tka komunistick\u00e9 strany v roce 2007 \u2013 Marie-Georges Buffetov\u00e1 (jej\u00ed v\u00fdsledek byl 1,931 TP4T hlas\u016f).<\/p>\n\n\n\n<p>Ve druh\u00e9m kole Melanchon podpo\u0159il kandidaturu Fran\u00e7oise Hollanda, p\u0159esto\u017ee kv\u016fli rozpor\u016fm s n\u00edm v roce 2008 vystoupil ze Socialistick\u00e9 strany. 6. kv\u011btna 2012 byl Hollande zvolen prezidentem Francie.<\/p>\n\n\n\n<p>Jin\u00e9 aktivity<br>V roce 2012 se pokusil st\u00e1t se \u010dlenem francouzsk\u00e9ho N\u00e1rodn\u00edho shrom\u00e1\u017ed\u011bn\u00ed z 11. volebn\u00edho obvodu departementu Pas-de-Calais na seznamu \u201eLev\u00e9 fronty\u201c, aby zatkl v\u016fdkyni N\u00e1rodn\u00ed fronty Marine Le Penovou, kter\u00e1 byla b\u011b\u017e\u00ed tam. V prvn\u00edm kole voleb v\u0161ak z\u00edskal 21,48 % hlas\u016f a obsadil t\u0159et\u00ed m\u00edsto, kdy\u017e prohr\u00e1l s Marine Le Penovou (42,36 % hlas\u016f) a Philippem.<\/p>\n\n\n\n<p><\/p>\n\n\n\n<p>Kemel, socialistick\u00fd kandid\u00e1t (23,51 TP4T hlas\u016f). Melanchon tak nemohl z\u00edskat pr\u00e1vo uch\u00e1zet se o mand\u00e1t poslance.<\/p>\n\n\n\n<h2 class=\"wp-block-heading\"><span id=\"participation-a-l8217election-presidentielle-de-2017-de-jean-luc-melenchon\">\u00da\u010dast v prezidentsk\u00fdch volb\u00e1ch v roce 2017 Jean-Luc M\u00e9lenchon<\/span><\/h2>\n\n\n\n<p><br>V \u00fanoru 2016 Melanchon ozn\u00e1mil sv\u016fj z\u00e1m\u011br z\u00fa\u010dastnit se prezidentsk\u00e9 kampan\u011b v roce 2017. Odm\u00edtl se z\u00fa\u010dastnit \u201elevicov\u00fdch prim\u00e1rek\u201c, organizovan\u00fdch Socialistickou stranou, a stal se kandid\u00e1tem hnut\u00ed \u201eNepora\u017een\u00e1 Francie\u201c, kter\u00e9 vzniklo ve stejn\u00e9 dob\u011b. Jeho program vych\u00e1zel z jeho tez\u00ed z roku 2012 s n\u011bkolika zm\u011bnami: vznik \u0160est\u00e9 republiky (tj. p\u0159ijet\u00ed nov\u00e9 \u00fastavy), redistribuce bohatstv\u00ed (uvalen\u00ed dan\u00ed na dodate\u010dn\u00fd p\u0159\u00edjem z p\u0159ebyte\u010dn\u00fdch p\u0159\u00edjm\u016f nebo sn\u00ed\u017een\u00ed pracovn\u00ed t\u00fdden na 32 hodin), sn\u00ed\u017een\u00ed d\u016fchodov\u00e9ho v\u011bku na 60 let, odchod Francie z Evropsk\u00e9 unie a NATO . Melanchon formuloval sv\u00e9 n\u00e1zory v knize \u201eL\u2019avenir en commun\u201c (\u201eSpole\u010dn\u00e1 budoucnost\u201c), distribuovan\u00e9 v n\u00e1kladu 200 000 v\u00fdtisk\u016f.<\/p>\n\n\n\n<p>Podle Le Figaro je Melanchon\u016fv program, kter\u00fd p\u0159edpokl\u00e1d\u00e1 zv\u00fd\u0161en\u00ed rozpo\u010dtov\u00fdch v\u00fddaj\u016f o 270 miliard eur a zv\u00fd\u0161en\u00ed dan\u00ed o 120 miliard eur, zv\u00fd\u0161en\u00ed ro\u010dn\u00ed placen\u00e9 dovolen\u00e9 na \u0161est t\u00fddn\u016f (jej\u00ed d\u00e9lka v roce 2017 je p\u011bt t\u00fddn\u016f). jako konfiskaci v\u0161ech p\u0159\u00edjm\u016f p\u0159esahuj\u00edc\u00edch 400 tis\u00edc eur ro\u010dn\u011b, inspirovan\u00fdch my\u0161lenkami politik\u016f, jako byl b\u00fdval\u00fd venezuelsk\u00fd prezident Hugo Ch\u00e1vez.<\/p>\n\n\n\n<p>Dne 4. dubna 2017 byla zorganizov\u00e1na televizn\u00ed debata za \u00fa\u010dasti v\u0161ech jeden\u00e1cti prezidentsk\u00fdch kandid\u00e1t\u016f ve Francii, jej\u00edm\u017e v\u00edt\u011bzem se stal senza\u010dn\u011b Melanchon \u2013 jeho projev ozna\u010dilo 25% z dotazovan\u00fdch za nejp\u0159esv\u011bd\u010div\u011bj\u0161\u00ed (Macron z\u00edskal podporu od 21% , Fillon \u2013 15%). Nav\u00edc podle v\u00fdsledk\u016f sociologick\u00e9 studie proveden\u00e9 po debat\u011b byl M\u00e9lanchon s podporou 21% na druh\u00e9m m\u00edst\u011b mezi nejpravd\u011bpodobn\u011bj\u0161\u00edmi v\u00edt\u011bzi prvn\u00edho kola voleb \u2013 za Macronem (27%) a p\u0159ed Fillonem ( 20% ).<\/p>\n\n\n\n<p>V dubnu 2017 vynikl pou\u017e\u00edv\u00e1n\u00edm nejnov\u011bj\u0161\u00edch technologi\u00ed volebn\u00edch kampan\u00ed \u2013 webov\u00e9ho r\u00e1dia a dokonce i vlastn\u00edch holografick\u00fdch obr\u00e1zk\u016f b\u011bhem shrom\u00e1\u017ed\u011bn\u00ed v Nantes, Clermont-Ferrand, Montpellier, Grenoble, Nancy a R\u00e9union.<\/p>\n\n\n\n<p>Dne 20. dubna 2017 \u0159ada v\u00fdznamn\u00fdch osobnost\u00ed americk\u00e9 kultury \u2013 Danny Glover, filozof Noam Chomsky, dramati\u010dka a feministka Eve Ensler, herec Mark Ruffalo, Nancy Fraser a Oliver Stone zve\u0159ejnila petici vyz\u00fdvaj\u00edc\u00ed Francouze, aby \u201eneopakovali Clinton vs. Trumpova trag\u00e9die\u201c, tedy \u201enenutit francouzsk\u00e9 voli\u010de, aby si vybrali mezi liberalismem korpor\u00e1tn\u00edho establishmentu a xenofobn\u00edm pravicov\u00fdm populismem\u201c, ale \u201esjednotit se v prvn\u00edm kole prezidentsk\u00fdch voleb kolem levicov\u00e9ho kandid\u00e1ta s nejv\u011bt\u0161\u00ed voli\u010dskou podporu. Auto\u0159i petice jmenovali i tohoto kandid\u00e1ta \u2013 Melanchon.<\/p>\n\n\n\n<p>Dne 23. dubna 2017 z\u00edskal v prvn\u00edm kole hlasov\u00e1n\u00ed podporu 19,58 voli\u010d\u016f % (7 060 885 lid\u00ed), mezi jeden\u00e1cti kandid\u00e1ty obsadil \u010dtvrt\u00e9 m\u00edsto a do druh\u00e9ho kola se tak nedostal. Nejlep\u0161\u00ed v\u00fdsledky dopadly M\u00e9lenchonovy v\u00fdsledky v z\u00e1mo\u0159sk\u00fdch regionech: zv\u00edt\u011bzil na R\u00e9unionu (24,53 %), v Guyan\u011b (24,7 %), v Saint-Pierre a Miquelonu (v\u00edce ne\u017e 35 % proti 17,9 % pro v\u00edt\u011bze prvn\u00edho kola v n\u00e1rodn\u00edm m\u011b\u0159\u00edtku \u2013 Emmanuel Macron) a Martinik (27,3%).<\/p>\n\n\n\n<p>Dal\u0161\u00ed aktivity (od roku 2017)<br>V parlamentn\u00edch volb\u00e1ch ve Francii z\u00edskala jeho strana 17 k\u0159esel z 577 a stala se \u010dtvrtou v po\u010dtu poslanc\u016f. S\u00e1m byl zvolen poslancem za jednu z obc\u00ed Marseille.<\/p>\n\n\n\n<p>Dne 16. \u0159\u00edjna 2018 byl d\u016fm u M\u00e9lenchonu a n\u011bkolik budov \u201eNepora\u017een\u00e9 Francie\u201c prohled\u00e1ny v r\u00e1mci vy\u0161et\u0159ov\u00e1n\u00ed obvin\u011bn\u00ed z fiktivn\u00edho naj\u00edm\u00e1n\u00ed parlamentn\u00edch asistent\u016f a poru\u0161en\u00ed pravidel financov\u00e1n\u00ed volebn\u00ed kampan\u011b, p\u0159i kter\u00e9m do\u0161lo ke st\u0159et\u016fm mezi aktivisty. a str\u00e1\u017eci z\u00e1kona. Dne 20. z\u00e1\u0159\u00ed 2019 soud v Bobigny odsoudil Melanchona ke t\u0159em m\u011bs\u00edc\u016fm podm\u00edn\u011bn\u00e9ho odn\u011bt\u00ed svobody a pokut\u011b 8 tis\u00edc eur za ma\u0159en\u00ed spravedlnosti a vzpouru a p\u011bt dal\u0161\u00edch ob\u017ealovan\u00fdch bylo odsouzeno k pokut\u011b od 2 tis\u00edc do 10 tis\u00edc eur (soud se konal dva dny \u2013 19. a 20. z\u00e1\u0159\u00ed a Melanchon to okam\u017eit\u011b nazval politickou perzekuc\u00ed).<\/p>\n\n\n\n<p><\/p>\n\n\n\n<p class=\"has-text-align-center unibet\" style=\"font-size:25px\"><mark style=\"background-color:rgba(0, 0, 0, 0);color:#0d7a12\" class=\"has-inline-color\"><strong><a href=\"https:\/\/parier-presidentielle.com\/cs\/recommends\/unibet\/\">Bonus 150 \u20ac nab\u00edzen\u00fd s Unibet<br>Pro svou prvn\u00ed politickou nebo sportovn\u00ed s\u00e1zku: Klikn\u011bte zde<\/a><\/strong><\/mark><\/p>\n\n\n\n<p><\/p>\n\n\n<div class=\"wp-block-image\">\n<figure class=\"aligncenter is-resized wp-duotone-000097-ff4747-1\"><img decoding=\"async\" loading=\"lazy\" src=\"https:\/\/parier-presidentielle.com\/wp-content\/uploads\/2021\/09\/election-standard-scale-4_00x-gigapixel-1024x623.jpg\" alt=\"Volby 2022\" style=\"width:256px;height:156px\" width=\"256\" height=\"156\"\/><\/figure><\/div>\n\n\n<p><br><\/p>\n\n\n\n<p><strong>Parier-presidential v\u00e1m pom\u016f\u017ee vybrat si mezi r\u016fzn\u00fdmi<a href=\"https:\/\/parier-presidentielle.com\/cs\/\"> Bookmake\u0159i Bwin, Unibet, Betclic vsad\u00ed v roce 2024 na budouc\u00edho americk\u00e9ho prezidenta<\/a> : <\/strong><br><a href=\"https:\/\/parier-presidentielle.com\/cs\/unibet-politika-volby-2022\/\">Prezidentsk\u00e1 s\u00e1zkov\u00e1 kancel\u00e1\u0159 Unibet<\/a> : Podrobn\u00fd a bezplatn\u00fd pr\u016fvodce, jak uzav\u0159\u00edt svou prvn\u00ed online s\u00e1zku se v\u0161emi kurzy a jak vyu\u017e\u00edt nab\u00edzen\u00fd bonus!<\/p>\n\n\n\n<p>Stejn\u011b jako dal\u0161\u00ed online str\u00e1nky v Pa\u0159\u00ed\u017ei: <a href=\"https:\/\/parier-presidentielle.com\/cs\/unibet-politika-volby-2022\/\">Bwin<\/a>, <a href=\"https:\/\/parier-presidentielle.com\/cs\/netbet-paris-politics-volby-2022\/\">NetBet<\/a>, <a href=\"https:\/\/parier-presidentielle.com\/cs\/betclic-prezidentska-2022\/\">Betclic<\/a>, <a href=\"https:\/\/parier-presidentielle.com\/cs\/winamax-politika-volby-2022\/\">Winamax<\/a>, Parions Sport, Zebet, Betway, France-Pari, Vbet, Cloudbet, 1Xbit, 1xbet, Betfair, Betwinner \u2026<\/p>\n\n\n\n<div class=\"wp-block-columns is-layout-flex wp-container-6 wp-block-columns-is-layout-flex\">\n<div class=\"wp-block-column is-layout-flow wp-block-column-is-layout-flow\" style=\"flex-basis:33.33%\">\n<p>Pr\u00e1v\u011b jste si p\u0159e\u010detli n\u00e1\u0161 soubor:<\/p>\n<\/div>\n\n\n\n<div class=\"wp-block-column is-layout-flow wp-block-column-is-layout-flow\" style=\"flex-basis:33.33%\">\n<div class=\"wp-block-group is-layout-flow wp-block-group-is-layout-flow\"><div class=\"wp-block-group__inner-container\"><h4 class=\"has-text-align-center wp-block-post-title\"><span id=\"parier-sur-lelection-de-jean-luc-melenchon\"><a href=\"https:\/\/parier-presidentielle.com\/cs\/melenchonske-volby\/\" target=\"_self\" >Vsa\u010fte na zvolen\u00ed Jeana-Luca M\u00e9lenchona<\/a><\/span><\/h4><\/div><\/div>\n<\/div>\n\n\n\n<div class=\"wp-block-column is-layout-flow wp-block-column-is-layout-flow\" style=\"flex-basis:33.33%\">\n<p class=\"has-text-align-right\">Pokra\u010dujte ve \u010dten\u00ed s na\u0161imi dal\u0161\u00edmi exkluzivn\u00edmi soubory,<\/p>\n<\/div>\n<\/div>\n\n\n\n<h3 class=\"wp-block-heading\" id=\"tous-les-pronostics-sondage-et-cotes-pour-parier-sur-le-futur-vainqueur-de-l-election-presidentielle-2022\"><span id=\"tous-les-pronostics-sondage-et-cotes-pour-parier-sur-le-futur-vainqueur-de-l8217election-presidentielle-2024\">V\u0161echny p\u0159edpov\u011bdi, pr\u016fzkumy a kurzy na budouc\u00edho v\u00edt\u011bze prezidentsk\u00fdch voleb v roce 2024:<\/span><\/h3>\n\n\n\n<ul>\n<li><a href=\"https:\/\/parier-presidentielle.com\/cs\/makronove-volby\/\">Vsa\u010fte si na Emmanuela Macrona s Unibet, Betclic, Bwin<\/a> : Obl\u00edben\u00e9 v anket\u00e1ch a p\u0159edpov\u011bd\u00edch <\/li>\n\n\n\n<li><a href=\"https:\/\/parier-presidentielle.com\/cs\/marine-le-pen-volby\/\">Marine Le Pen: Jej\u00ed kurzy a jak s\u00e1zet u s\u00e1zkov\u00fdch kancel\u00e1\u0159\u00ed<\/a>: Vyzyvatel podle Unibetu<\/li>\n<\/ul>\n\n\n\n<p><\/p>\n\n\n\n<center><script type=\"text\/javascript\" charset=\"utf-8\" src=\"https:\/\/www.gambling-affiliation.com\/cpm\/v=AmIMTDSs92QY6b0MzDMvM5laCjJ-ZlA-1oQ-7tKsi.w_GA7331V2\"><\/script><\/center>\n\n\n\n<h3 class=\"wp-block-heading\"><span id=\"donald-trump-vs-joe-biden-la-video-qui-lance-les-paris-en-ligne-sur-l8217election-politique-de-2024\">Donald Trump vs Joe Biden: Video, kter\u00e9 spou\u0161t\u00ed online s\u00e1zen\u00ed na politick\u00e9 volby v roce 2024<\/span><\/h3>\n\n\n\n<figure class=\"wp-block-embed is-type-video is-provider-youtube wp-block-embed-youtube wp-embed-aspect-16-9 wp-has-aspect-ratio\"><div class=\"wp-block-embed__wrapper\">\n<iframe loading=\"lazy\" title=\"B\u00fdval\u00fd prezident Donald Trump zahajuje nab\u00eddku B\u00edl\u00e9ho domu v roce 2024 #Short\" width=\"640\" height=\"360\" src=\"https:\/\/www.youtube.com\/embed\/hZykPRVe4Ag?feature=oembed\" frameborder=\"0\" allow=\"accelerometer; autoplay; clipboard-write; encrypted-media; gyroscope; picture-in-picture; web-share\" allowfullscreen><\/iframe>\n<\/div><\/figure>\n\n\n<div class=\"wp-block-image\">\n<figure class=\"aligncenter size-medium\"><a href=\"https:\/\/parier-presidentielle.com\/cs\/recommends\/unibet\/\" target=\"_blank\" rel=\"noopener\"><img decoding=\"async\" loading=\"lazy\" width=\"300\" height=\"169\" src=\"https:\/\/parier-presidentielle.com\/wp-content\/uploads\/2022\/04\/unibet-300x169.jpg\" alt=\"\" class=\"wp-image-1252\" srcset=\"https:\/\/parier-presidentielle.com\/wp-content\/uploads\/2022\/04\/unibet-300x169.jpg 300w, https:\/\/parier-presidentielle.com\/wp-content\/uploads\/2022\/04\/unibet-1024x576.jpg 1024w, https:\/\/parier-presidentielle.com\/wp-content\/uploads\/2022\/04\/unibet-768x432.jpg 768w, https:\/\/parier-presidentielle.com\/wp-content\/uploads\/2022\/04\/unibet-18x10.jpg 18w, https:\/\/parier-presidentielle.com\/wp-content\/uploads\/2022\/04\/unibet.jpg 1280w\" sizes=\"(max-width: 300px) 100vw, 300px\" \/><\/a><\/figure><\/div>\n\n\n<p>Najd\u011bte Wiki, z\u00e1kladn\u00ed politick\u00e9 zpr\u00e1vy o konop\u00ed a jeho leg\u00e1ln\u00edch deriv\u00e1tech: <strong>HHC, H4cbd, Thcp, Thcv, HSD, HHCPO, C4B<\/strong><\/p>\n<div id=\"toc_container\" class=\"no_bullets\"><p class=\"toc_title\">Obsah<\/p><ul class=\"toc_list\"><li><\/li><li><\/li><li><\/li><li><ul><li><ul><li><\/li><\/ul><\/li><li><\/li><li><\/li><\/ul><\/li><\/ul><\/div>","protected":false},"excerpt":{"rendered":"<p>Cote et pronostics pour le candidat Jean-Luc M\u00e9lenchon :Paris en ligne sur la politique et le futur pr\u00e9sident de la France de 2022 Jean-Luc M\u00e9lenchon (fr. Jean-Luc M\u00e9lenchon, IPA (fr.):; B., Tanger) &#8211; Homme d&#8217;\u00c9tat et homme politique fran\u00e7ais de gauche, journaliste. Ministre d\u00e9l\u00e9gu\u00e9e \u00e0 l&#8217;Enseignement professionnel dans le gouvernement de Lionel Jospin de 2000 &#8230;<\/p>","protected":false},"author":1,"featured_media":0,"parent":0,"menu_order":0,"comment_status":"closed","ping_status":"closed","template":"page-nosidebar.php","meta":{"footnotes":""},"yoast_head":"<!-- This site is optimized with the Yoast SEO Premium plugin v21.0 (Yoast SEO v21.0) - https:\/\/yoast.com\/wordpress\/plugins\/seo\/ -->\n<title>Parier sur l\u2019\u00e9lection de Jean-Luc M\u00e9lenchon - Finale Coupe du Monde FIFA<\/title>\n<meta name=\"description\" content=\"Pariez sur M\u00e9lenchon pour l&#039;\u00e9lection 2022 : Cliquez Ici et Gagnez Gros! Pronostics ,Comparaison des Bookmakers et des meilleurs Cotes.\" \/>\n<meta name=\"robots\" content=\"index, follow, max-snippet:-1, max-image-preview:large, max-video-preview:-1\" \/>\n<link rel=\"canonical\" href=\"https:\/\/parier-presidentielle.com\/cs\/melenchonske-volby\/\" \/>\n<meta property=\"og:locale\" content=\"cs_CZ\" \/>\n<meta property=\"og:type\" content=\"article\" \/>\n<meta property=\"og:title\" content=\"Parier sur l\u2019\u00e9lection de Jean-Luc M\u00e9lenchon\" \/>\n<meta property=\"og:description\" content=\"Pariez sur M\u00e9lenchon pour l&#039;\u00e9lection 2022 : Cliquez Ici et Gagnez Gros! Pronostics ,Comparaison des Bookmakers et des meilleurs Cotes.\" \/>\n<meta property=\"og:url\" content=\"https:\/\/parier-presidentielle.com\/cs\/melenchonske-volby\/\" \/>\n<meta property=\"og:site_name\" content=\"Parier Pr\u00e9sidentielle\" \/>\n<meta property=\"article:modified_time\" content=\"2021-09-14T13:59:08+00:00\" \/>\n<meta name=\"twitter:card\" content=\"summary_large_image\" \/>\n<meta name=\"twitter:label1\" content=\"Est. reading time\" \/>\n\t<meta name=\"twitter:data1\" content=\"7 minut\" \/>\n<script type=\"application\/ld+json\" class=\"yoast-schema-graph\">{\"@context\":\"https:\/\/schema.org\",\"@graph\":[{\"@type\":\"WebPage\",\"@id\":\"https:\/\/parier-presidentielle.com\/melenchon-election\/\",\"url\":\"https:\/\/parier-presidentielle.com\/melenchon-election\/\",\"name\":\"Parier sur l\u2019\u00e9lection de Jean-Luc M\u00e9lenchon - Finale Coupe du Monde FIFA\",\"isPartOf\":{\"@id\":\"https:\/\/parier-presidentielle.com\/#website\"},\"datePublished\":\"2021-09-14T11:02:49+00:00\",\"dateModified\":\"2021-09-14T13:59:08+00:00\",\"description\":\"Pariez sur M\u00e9lenchon pour l'\u00e9lection 2022 : Cliquez Ici et Gagnez Gros! Pronostics ,Comparaison des Bookmakers et des meilleurs Cotes.\",\"breadcrumb\":{\"@id\":\"https:\/\/parier-presidentielle.com\/melenchon-election\/#breadcrumb\"},\"inLanguage\":\"cs\",\"potentialAction\":[{\"@type\":\"ReadAction\",\"target\":[\"https:\/\/parier-presidentielle.com\/melenchon-election\/\"]}]},{\"@type\":\"BreadcrumbList\",\"@id\":\"https:\/\/parier-presidentielle.com\/melenchon-election\/#breadcrumb\",\"itemListElement\":[{\"@type\":\"ListItem\",\"position\":1,\"name\":\"Accueil\",\"item\":\"https:\/\/parier-presidentielle.com\/\"},{\"@type\":\"ListItem\",\"position\":2,\"name\":\"Parier sur l\u2019\u00e9lection de Jean-Luc M\u00e9lenchon\"}]},{\"@type\":\"WebSite\",\"@id\":\"https:\/\/parier-presidentielle.com\/#website\",\"url\":\"https:\/\/parier-presidentielle.com\/\",\"name\":\"Parier Pr\u00e9sidentielle\",\"description\":\"Paris, Pronostics, Wiki sur la Politique, les Elections Am\u00e9ricaines: Joe Biden, Donald Trump avec les Bookmakers en ligne Unibet, Bwin, Betclic, Winamax\",\"potentialAction\":[{\"@type\":\"SearchAction\",\"target\":{\"@type\":\"EntryPoint\",\"urlTemplate\":\"https:\/\/parier-presidentielle.com\/?s={search_term_string}\"},\"query-input\":\"required name=search_term_string\"}],\"inLanguage\":\"cs\"}]}<\/script>\n<!-- \/ Yoast SEO Premium plugin. -->","yoast_head_json":{"title":"Parier sur l\u2019\u00e9lection de Jean-Luc M\u00e9lenchon - Finale Coupe du Monde FIFA","description":"Pariez sur M\u00e9lenchon pour l'\u00e9lection 2022 : Cliquez Ici et Gagnez Gros! Pronostics ,Comparaison des Bookmakers et des meilleurs Cotes.","robots":{"index":"index","follow":"follow","max-snippet":"max-snippet:-1","max-image-preview":"max-image-preview:large","max-video-preview":"max-video-preview:-1"},"canonical":"https:\/\/parier-presidentielle.com\/cs\/melenchonske-volby\/","og_locale":"cs_CZ","og_type":"article","og_title":"Parier sur l\u2019\u00e9lection de Jean-Luc M\u00e9lenchon","og_description":"Pariez sur M\u00e9lenchon pour l'\u00e9lection 2022 : Cliquez Ici et Gagnez Gros! Pronostics ,Comparaison des Bookmakers et des meilleurs Cotes.","og_url":"https:\/\/parier-presidentielle.com\/cs\/melenchonske-volby\/","og_site_name":"Parier Pr\u00e9sidentielle","article_modified_time":"2021-09-14T13:59:08+00:00","twitter_card":"summary_large_image","twitter_misc":{"Est. reading time":"7 minut"},"schema":{"@context":"https:\/\/schema.org","@graph":[{"@type":"WebPage","@id":"https:\/\/parier-presidentielle.com\/melenchon-election\/","url":"https:\/\/parier-presidentielle.com\/melenchon-election\/","name":"Parier sur l\u2019\u00e9lection de Jean-Luc M\u00e9lenchon - Finale Coupe du Monde FIFA","isPartOf":{"@id":"https:\/\/parier-presidentielle.com\/#website"},"datePublished":"2021-09-14T11:02:49+00:00","dateModified":"2021-09-14T13:59:08+00:00","description":"Pariez sur M\u00e9lenchon pour l'\u00e9lection 2022 : Cliquez Ici et Gagnez Gros! Pronostics ,Comparaison des Bookmakers et des meilleurs Cotes.","breadcrumb":{"@id":"https:\/\/parier-presidentielle.com\/melenchon-election\/#breadcrumb"},"inLanguage":"cs","potentialAction":[{"@type":"ReadAction","target":["https:\/\/parier-presidentielle.com\/melenchon-election\/"]}]},{"@type":"BreadcrumbList","@id":"https:\/\/parier-presidentielle.com\/melenchon-election\/#breadcrumb","itemListElement":[{"@type":"ListItem","position":1,"name":"Accueil","item":"https:\/\/parier-presidentielle.com\/"},{"@type":"ListItem","position":2,"name":"Parier sur l\u2019\u00e9lection de Jean-Luc M\u00e9lenchon"}]},{"@type":"WebSite","@id":"https:\/\/parier-presidentielle.com\/#website","url":"https:\/\/parier-presidentielle.com\/","name":"Parier Pr\u00e9sidentielle","description":"Paris, Pronostics, Wiki sur la Politique, les Elections Am\u00e9ricaines: Joe Biden, Donald Trump avec les Bookmakers en ligne Unibet, Bwin, Betclic, Winamax","potentialAction":[{"@type":"SearchAction","target":{"@type":"EntryPoint","urlTemplate":"https:\/\/parier-presidentielle.com\/?s={search_term_string}"},"query-input":"required name=search_term_string"}],"inLanguage":"cs"}]}},"_links":{"self":[{"href":"https:\/\/parier-presidentielle.com\/cs\/wp-json\/wp\/v2\/pages\/212"}],"collection":[{"href":"https:\/\/parier-presidentielle.com\/cs\/wp-json\/wp\/v2\/pages"}],"about":[{"href":"https:\/\/parier-presidentielle.com\/cs\/wp-json\/wp\/v2\/types\/page"}],"author":[{"embeddable":true,"href":"https:\/\/parier-presidentielle.com\/cs\/wp-json\/wp\/v2\/users\/1"}],"replies":[{"embeddable":true,"href":"https:\/\/parier-presidentielle.com\/cs\/wp-json\/wp\/v2\/comments?post=212"}],"version-history":[{"count":4,"href":"https:\/\/parier-presidentielle.com\/cs\/wp-json\/wp\/v2\/pages\/212\/revisions"}],"predecessor-version":[{"id":234,"href":"https:\/\/parier-presidentielle.com\/cs\/wp-json\/wp\/v2\/pages\/212\/revisions\/234"}],"wp:attachment":[{"href":"https:\/\/parier-presidentielle.com\/cs\/wp-json\/wp\/v2\/media?parent=212"}],"curies":[{"name":"wp","href":"https:\/\/api.w.org\/{rel}","templated":true}]}}