{"id":24,"date":"2021-08-31T11:54:03","date_gmt":"2021-08-31T09:54:03","guid":{"rendered":"http:\/\/parier-presidentielle.com\/?page_id=24"},"modified":"2023-09-12T23:05:44","modified_gmt":"2023-09-12T21:05:44","slug":"parier-sur-lelection-presidentielle-de-2022-politique-paris","status":"publish","type":"page","link":"https:\/\/parier-presidentielle.com\/cs\/","title":{"rendered":"S\u00e1zejte na politiku a volby u nejlep\u0161\u00edch s\u00e1zkov\u00fdch kancel\u00e1\u0159\u00ed: Unibet, Bwin"},"content":{"rendered":"<div class=\"wp-block-group is-layout-flow wp-block-group-is-layout-flow\"><div class=\"wp-block-group__inner-container\">\n<div class=\"wp-block-columns is-layout-flex wp-container-3 wp-block-columns-is-layout-flex\">\n<div class=\"wp-block-column is-layout-flow wp-block-column-is-layout-flow\" style=\"flex-basis:100%\">\n<div class=\"wp-block-group alignwide is-layout-flow wp-block-group-is-layout-flow\"><div class=\"wp-block-group__inner-container\">\n<div class=\"wp-block-media-text alignwide is-stacked-on-mobile is-vertically-aligned-top\" style=\"grid-template-columns:35% auto\"><figure class=\"wp-block-media-text__media\"><img decoding=\"async\" loading=\"lazy\" width=\"1024\" height=\"711\" src=\"https:\/\/parier-presidentielle.com\/wp-content\/uploads\/2022\/12\/biden-vs-trump-1024x711.jpeg\" alt=\"\" class=\"wp-image-1865 size-full\" srcset=\"https:\/\/parier-presidentielle.com\/wp-content\/uploads\/2022\/12\/biden-vs-trump-1024x711.jpeg 1024w, https:\/\/parier-presidentielle.com\/wp-content\/uploads\/2022\/12\/biden-vs-trump-300x208.jpeg 300w, https:\/\/parier-presidentielle.com\/wp-content\/uploads\/2022\/12\/biden-vs-trump-768x533.jpeg 768w, https:\/\/parier-presidentielle.com\/wp-content\/uploads\/2022\/12\/biden-vs-trump-1536x1066.jpeg 1536w, https:\/\/parier-presidentielle.com\/wp-content\/uploads\/2022\/12\/biden-vs-trump-2048x1422.jpeg 2048w, https:\/\/parier-presidentielle.com\/wp-content\/uploads\/2022\/12\/biden-vs-trump-18x12.jpeg 18w\" sizes=\"(max-width: 1024px) 100vw, 1024px\" \/><\/figure><div class=\"wp-block-media-text__content\">\n<p style=\"font-size:18px\"><strong>S\u00e1zen\u00ed Presidential je referen\u010dn\u00ed str\u00e1nka, kter\u00e1 v\u00e1s provede b\u011bhem va\u0161\u00ed prvn\u00ed s\u00e1zky u bookmaker\u016f: Unibet, Betclic, Bwin\u2026 na politiku a francouzsk\u00e9, americk\u00e9 a mezin\u00e1rodn\u00ed prezidentsk\u00e9 volby<\/strong>.<br><br><strong>Pr\u016fvodce a bonus pro s\u00e1zen\u00ed na budouc\u00edho prezidenta Spojen\u00fdch st\u00e1t\u016f a v\u00edt\u011bze druh\u00e9ho kola: Joe Biden<\/strong> <strong>Macron nebo Donald Trump!<\/strong><\/p>\n<\/div><\/div>\n<\/div><\/div>\n<\/div>\n<\/div>\n<\/div><\/div>\n\n\n\n<div class=\"wp-block-group is-layout-flow wp-block-group-is-layout-flow\"><div class=\"wp-block-group__inner-container\">\n<div class=\"wp-block-columns is-layout-flex wp-container-8 wp-block-columns-is-layout-flex\">\n<div class=\"wp-block-column is-layout-flow wp-block-column-is-layout-flow\" style=\"flex-basis:100%\">\n<div class=\"wp-block-columns is-layout-flex wp-container-6 wp-block-columns-is-layout-flex\">\n<div class=\"wp-block-column is-layout-flow wp-block-column-is-layout-flow\" style=\"flex-basis:100%\">\n<center><script type=\"text\/javascript\" charset=\"utf-8\" src=\"https:\/\/www.gambling-affiliation.com\/cpm\/v=AmIMTDSs92QY6b0MzDMvM5laCjJ-ZlA-1oQ-7tKsi.w_GA7331V2\"><\/script><\/center>\n\n\n\n<p><\/p>\n\n\n\n<div class=\"wp-block-image is-style-default\"><figure class=\"aligncenter size-medium\"><a href=\"https:\/\/parier-presidentielle.com\/cs\/recommends\/unibet-logo\/\" target=\"_blank\" rel=\"no follow noopener\"><img decoding=\"async\" loading=\"lazy\" width=\"300\" height=\"169\" src=\"https:\/\/parier-presidentielle.com\/wp-content\/uploads\/2022\/04\/unibet-300x169.jpg\" alt=\"\" class=\"wp-image-1252\" srcset=\"https:\/\/parier-presidentielle.com\/wp-content\/uploads\/2022\/04\/unibet-300x169.jpg 300w, https:\/\/parier-presidentielle.com\/wp-content\/uploads\/2022\/04\/unibet-1024x576.jpg 1024w, https:\/\/parier-presidentielle.com\/wp-content\/uploads\/2022\/04\/unibet-768x432.jpg 768w, https:\/\/parier-presidentielle.com\/wp-content\/uploads\/2022\/04\/unibet-18x10.jpg 18w, https:\/\/parier-presidentielle.com\/wp-content\/uploads\/2022\/04\/unibet.jpg 1280w\" sizes=\"(max-width: 300px) 100vw, 300px\" \/><\/a><\/figure><\/div>\n<\/div>\n<\/div>\n<\/div>\n<\/div>\n\n\n\n<h2 class=\"wp-block-heading\"><span id=\"guide-et-bonus-pour-parier-sur-le-futur-president-des-etats-unis-joe-biden-ou-donald-trump\">Pr\u016fvodce a bonus pro s\u00e1zen\u00ed na budouc\u00edho prezidenta Spojen\u00fdch st\u00e1t\u016f: Joe Biden nebo Donald Trump <\/span><\/h2>\n\n\n\n<p>Prezidentsk\u00e9 volby ve Spojen\u00fdch st\u00e1tech p\u0159itahuj\u00ed celosv\u011btovou pozornost, proto\u017ee volba p\u0159\u00ed\u0161t\u00edho prezidenta je v\u00fdznamnou ud\u00e1lost\u00ed, kter\u00e1 m\u016f\u017ee m\u00edt v\u00fdznamn\u00fd dopad na budoucnost zem\u011b. V roce 2020 ano <strong>Joe Biden<\/strong> kter\u00fd byl zvolen prezidentem, \u010d\u00edm\u017e skon\u010dila \u00e9ra <strong>Trumf<\/strong> a vn\u00e9st nov\u00fd \u017eivot do americk\u00e9 politiky. To v\u0161ak neznamen\u00e1, \u017ee bookmake\u0159i nemaj\u00ed kurzy na p\u0159\u00ed\u0161t\u00ed prezidentsk\u00e9 volby, zejm\u00e9na na ty v roce 2024. Mnoho online s\u00e1zkov\u00fdch web\u016f, jako je Unibet, Betclic a Bwin, nab\u00edz\u00ed kurzy na r\u016fzn\u00e9 kandid\u00e1ty na prezidenta, v\u010detn\u011b Joea Bidena. a Donald Trump.<\/p>\n\n\n\n<h2 class=\"wp-block-heading\"><span id=\"voici-donc-un-guide-pour-vous-aider-a-parier-sur-le-futur-president-des-etats-unis\">Zde je pr\u016fvodce, kter\u00fd v\u00e1m pom\u016f\u017ee vsadit na budouc\u00edho prezidenta Spojen\u00fdch st\u00e1t\u016f:<\/span><\/h2>\n\n\n\n<p><strong>Seznamte se s r\u016fzn\u00fdmi kandid\u00e1ty a jejich z\u00e1sadami<\/strong> P\u0159ed rozhodnut\u00edm o s\u00e1zen\u00ed je d\u016fle\u017eit\u00e9 dozv\u011bd\u011bt se o r\u016fzn\u00fdch kandid\u00e1tech a jejich z\u00e1sad\u00e1ch. To v\u00e1m umo\u017en\u00ed l\u00e9pe porozum\u011bt jejich postoj\u016fm ke kl\u00ed\u010dov\u00fdm ot\u00e1zk\u00e1m a tomu, zda jsou v souladu s va\u0161imi vlastn\u00edmi hodnotami a p\u0159esv\u011bd\u010den\u00edm. <strong>Zkontrolujte si kurzy nab\u00edzen\u00e9 s\u00e1zkov\u00fdmi kancel\u00e1\u0159emi<\/strong> Bookmake\u0159i obecn\u011b nab\u00edzej\u00ed kurzy na r\u016fzn\u00e9 prezidentsk\u00e9 kandid\u00e1ty. Tyto kurzy ud\u00e1vaj\u00ed pravd\u011bpodobnost, \u017ee ka\u017ed\u00fd kandid\u00e1t vyhraje volby, a jsou zalo\u017eeny na pr\u016fzkumech ve\u0159ejn\u00e9ho m\u00edn\u011bn\u00ed, politick\u00e9 anal\u00fdze a stavu ekonomiky a tak\u00e9 na dal\u0161\u00edch faktorech, kter\u00e9 mohou ovlivnit kone\u010dn\u00fd v\u00fdsledek. <strong>S\u00e1zejte zodpov\u011bdn\u011b<\/strong> Je d\u016fle\u017eit\u00e9 si uv\u011bdomit, \u017ee s\u00e1zen\u00ed na prezidentsk\u00e9 volby m\u016f\u017ee b\u00fdt riskantn\u00ed a v\u017edy byste m\u011bli s\u00e1zet zodpov\u011bdn\u011b. Ujist\u011bte se, \u017ee s\u00e1z\u00edte pouze to, co si m\u016f\u017eete dovolit prohr\u00e1t, a respektujte s\u00e1zkov\u00e9 limity stanoven\u00e9 ka\u017edou s\u00e1zkovou kancel\u00e1\u0159\u00ed. <strong>Sledujte politick\u00e9 d\u011bn\u00ed a pr\u016fzkumy<\/strong> Je d\u016fle\u017eit\u00e9 b\u00fdt informov\u00e1n o nejnov\u011bj\u0161\u00edm v\u00fdvoji a sledovat politick\u00e9 ud\u00e1losti a pr\u016fzkumy<\/p>\n\n\n\n<ul><li><a href=\"https:\/\/thcp.wiki\/news-thcp\/thcv-et-le-pardon-du-cannabis\/\">Zelen\u00e1 spravedlnost THCV a odpu\u0161t\u011bn\u00ed konop\u00ed<\/a><\/li><li><a href=\"https:\/\/thcp.wiki\/news-thcp\/les-merveilles-cachees-du-cannabis-thcp-thcv\/\">Skryt\u00e9 z\u00e1zraky konop\u00ed: THCP, THCV<\/a><\/li><li><a href=\"https:\/\/thcp.wiki\/news-thcp\/thcp-thcv-les-bienfaits-caches-derriere-la-reforme-du-cannabis\/\">THCP, THCV: Skryt\u00e9 v\u00fdhody reformy konop\u00ed<\/a><\/li><\/ul>\n\n\n\n<p>S\u00e1zka na budouc\u00edho prezidenta u spr\u00e1vn\u00e9 s\u00e1zkov\u00e9 kancel\u00e1\u0159e (Bwin, Unibet, Betclic atd.) se proto m\u016f\u017ee velmi vyplatit, proto\u017ee pr\u016fzkumy ve\u0159ejn\u00e9ho m\u00edn\u011bn\u00ed nebo politick\u00e9 n\u00e1zory se \u010dasto ukazuj\u00ed jako zav\u00e1d\u011bj\u00edc\u00ed! Chcete-li tedy dob\u0159e s\u00e1zet a vyhr\u00e1t, najd\u011bte si na\u0161e bezplatn\u00e9 soubory na na\u0161em webu, kter\u00e9 jsou exkluzivn\u00ed pro prezidentsk\u00e9 volby  <\/p>\n\n\n\n<h3 class=\"wp-block-heading\"><span id=\"les-specificite-du-paris-politique\">Specifika politick\u00e9 Pa\u0159\u00ed\u017ee<\/span><\/h3>\n\n\n\n<p>Prvn\u00edm krokem je pochopit, jak s\u00e1zen\u00ed funguje. Nej\u010dast\u011bji se s\u00e1z\u00ed na to, kte\u0159\u00ed kandid\u00e1ti s nejv\u011bt\u0161\u00ed pravd\u011bpodobnost\u00ed vyhraj\u00ed volby. M\u016f\u017eete vsadit na obl\u00edben\u00e9ho kandid\u00e1ta (ten, o kter\u00e9m si mysl\u00edte, \u017ee vyhraje), nebo na smoln\u00e9ho kandid\u00e1ta (ten, kter\u00fd nen\u00ed obl\u00edben\u00fd).<\/p>\n\n\n\n<p>Pokud vsad\u00edte na favorita, obdr\u017e\u00edte v p\u0159\u00edpad\u011b v\u00fdhry malou \u010d\u00e1stku pen\u011bz, proto\u017ee je velmi pravd\u011bpodobn\u00e9, \u017ee tento kandid\u00e1t bude zvolen. Pokud vsad\u00edte na smoln\u00e9ho hr\u00e1\u010de, dostanete v\u00edce pen\u011bz, pokud vyhraje, proto\u017ee tato mo\u017enost je m\u00e9n\u011b pravd\u011bpodobn\u00e1. Dobr\u00e1 zpr\u00e1va Unibet v\u00e1m nab\u00edz\u00ed proplacen\u00ed a\u017e 150 EUR za va\u0161i prvn\u00ed s\u00e1zku, tak\u017ee va\u0161e riziko z\u016fst\u00e1v\u00e1 omezen\u00e9!<\/p>\n\n\n\n<h2 class=\"wp-block-heading\" id=\"fdquelle-est-le-meilleur-site-de-paris-en-ligne-bookmaker-pour-la-politique\"><span id=\"quelle-est-le-meilleur-site-de-paris-en-ligne-bookmaker-pour-la-politique\">Jak\u00e1 je nejlep\u0161\u00ed online str\u00e1nka Paris \/ Bookmaker pro politiku?<\/span><\/h2>\n\n\n\n<p><\/p>\n\n\n\n<p>Stejn\u011b jako sportovn\u00ed s\u00e1zen\u00ed je nyn\u00ed mo\u017en\u00e9 i s\u00e1zen\u00ed na politiku, zejm\u00e9na s\u00e1zkov\u00e9 kancel\u00e1\u0159e nab\u00edzej\u00ed zaj\u00edmav\u00e9 kurzy, aby p\u0159il\u00e1kaly nov\u00e9 hr\u00e1\u010de a s\u00e1zka\u0159e!  <br>Vyberte si mezi r\u016fzn\u00fdmi s\u00e1zkov\u00fdmi kancel\u00e1\u0159emi a vsa\u010fte si na budouc\u00edho prezidenta Francie v roce 2022: <\/p>\n\n\n\n<ul>\n<li><mark style=\"background-color:rgba(0, 0, 0, 0);color:#0d7a12\" class=\"has-inline-color\"><strong>Unibet: Nejlep\u0161\u00ed kurzy a bonusy, s\u00e1zkov\u00e1 kancel\u00e1\u0159, kterou doporu\u010dujeme<\/strong><\/mark>!<\/li>\n\n\n\n<li>Bwin: Nejstar\u0161\u00ed pa\u0159\u00ed\u017esk\u00fd web<\/li>\n\n\n\n<li>Betclic: Vyzyvatel<\/li>\n\n\n\n<li>NetBet: Nov\u00e9 d\u00edt\u011b<\/li>\n\n\n\n<li>Winamax: Reference v pokeru<\/li>\n\n\n\n<li>1xBit: the Original jedin\u00fd, kter\u00fd nab\u00edz\u00ed hran\u00ed a v\u00fdhry v bitcoinech<\/li>\n\n\n\n<li><a href=\"https:\/\/wikihhc.com\/\">HHC <\/a>: referen\u010dn\u00ed wiki na HHC<\/li>\n<\/ul>\n\n\n\n<h2 class=\"wp-block-heading\" id=\"comment-realiser-son-premier-paris-en-ligne\"><span id=\"comment-realiser-son-premier-paris-en-ligne\">Jak uzav\u0159\u00edt prvn\u00ed s\u00e1zky online?<\/span><\/h2>\n\n\n\n<p>Najd\u011bte na\u0161eho bezplatn\u00e9ho pr\u016fvodce, jak za\u010d\u00edt s online s\u00e1zen\u00edm krok za krokem as nejlep\u0161\u00edmi weby a aplikacemi online s\u00e1zkov\u00fdch kancel\u00e1\u0159\u00ed. V\u0161echny \u0161ance a na\u0161e p\u0159edpov\u011bdi pro z\u00e1vod do Elys\u00e9e.<\/p>\n\n\n\n<p class=\"has-text-align-center unibet\" style=\"font-size:25px\"><mark style=\"background-color:rgba(0, 0, 0, 0);color:#0d7a12\" class=\"has-inline-color\"><strong><a href=\"https:\/\/parier-presidentielle.com\/cs\/recommends\/unibet-text\/\">Bonus 100 \u20ac nab\u00edzen\u00fd s Unibet <br>Pro svou prvn\u00ed online s\u00e1zku: Klikn\u011bte zde<\/a><\/strong><\/mark><\/p>\n\n\n\n<h2 class=\"wp-block-heading\" id=\"les-candidats-2022-a-la-presidentielle\"><span id=\"les-candidats-2022-a-la-presidentielle\">Kandid\u00e1ti na prezidenta 2022<\/span><\/h2>\n\n\n\n<p>Druh\u00e9 kolo se odehraje v ned\u011bli 24. dubna 2022 po p\u0159ekvapiv\u00e9m prvn\u00edm kole 10. dubna! <br>Pr\u016fzkumy m\u011bn\u00ed situaci ka\u017ed\u00fd t\u00fdden v z\u00e1vislosti na zpr\u00e1v\u00e1ch a dal\u0161\u00edm v\u00fdvoji, tak\u017ee v\u00e1lka na Ukrajin\u011b zm\u011bnila Macronovy kurzy mezi s\u00e1zkov\u00fdmi kancel\u00e1\u0159emi, najd\u011bte zdarma v\u0161echny p\u0159edpov\u011bdi a kurzy od s\u00e1zkov\u00fdch kancel\u00e1\u0159\u00ed Bwin, Unibet, Betclic pro s\u00e1zen\u00ed online na budoucnost v\u00edt\u011bz prezidentsk\u00fdch voleb 2022 na finalistech druh\u00e9ho kola:<br>Emmanuel Macron (La R\u00e9publique En Marche), Marine Le Pen (National Rally)<\/p>\n\n\n\n<p>Stejn\u011b jako pokyny k hlasov\u00e1n\u00ed pro ztr\u00e1tu kandid\u00e1t\u016f a dal\u0161\u00edch politik\u016f: Val\u00e9rie P\u00e9cresse (Les R\u00e9publicains), Anne Hidalgo (Socialistick\u00e1 strana), Jean-Luc M\u00e9lenchon (La France insoumise), Yannick Jadot (Europe-\u00c9cologie-Les Verts) a outsider kandid\u00e1ti:<br>Christiane Taubira, \u00c9douard Philippe, Nicolas Dupont-Aignan, Nicolas Sarkozy, Benoit Hamon, Fran\u00e7ois Fillon, S\u00e9gol\u00e8ne Royal, Fran\u00e7ois Asselineau (UPR), Fran\u00e7ois Hollande a novin\u00e1\u0159 Eric Zemmour.<\/p>\n\n\n\n<p>Jak\u00fd je n\u00e1zor politik\u016f na konop\u00ed? : <a href=\"https:\/\/thcv.wiki\/\">Thcv<\/a>, <a href=\"https:\/\/h4cbd.wiki\/\">H4CBD<\/a>, <a href=\"https:\/\/h4cbd.wiki\/\">THCP<\/a>&#8230;<\/p>\n\n\n\n<ul><li><a href=\"https:\/\/wiki-cannabis.com\/actualites\/decouvrez-les-secrets-du-cannabis-hhc-h4cbd-thcp-hhcp-o\/\">Objevte tajemstv\u00ed konop\u00ed: HHC, H4CBD, THCP, HHCP-O<\/a><\/li><li><a href=\"https:\/\/wiki-cannabis.com\/actualites\/decouverte-du-cbd-une-revolution-verte-dans-l-empire-de-l-herbe\/\">Objev H4CBD, THCP, HHC: Zelen\u00e1 revoluce v \u0158\u00ed\u0161i plevele<\/a><\/li><li><a href=\"https:\/\/wiki-cannabis.com\/actualites\/le-cannabis-et-les-nouveaux-cbd-h4cbd-thcp-hhc\/\">Konop\u00ed a nov\u00e9 CBD: H4CBD, THCP, HHC<\/a><\/li><\/ul>\n\n\n\n<h2 class=\"wp-block-heading\"><span id=\"les-dossiers-de-parier-presidentiellecom\"><br>Soubory Parier-Pr\u00e9sidentielle.com<\/span><\/h2>\n\n\n\n<h2 class=\"wp-block-heading\"><span id=\"i\"> <\/span><\/h2>\n\n\n\n<h3 class=\"wp-block-heading\"><span id=\"selection-des-meilleurs-bookmakers\">V\u00fdb\u011br nejlep\u0161\u00edch s\u00e1zkov\u00fdch kancel\u00e1\u0159\u00ed<\/span><\/h3>\n\n\n\n<ul>\n<li><strong><a href=\"https:\/\/parier-presidentielle.com\/cs\/unibet-politika-volby-2022\/\">Unibet: Online s\u00e1zen\u00ed na prezidentsk\u00e9 volby<\/a><\/strong><\/li>\n\n\n\n<li><a href=\"https:\/\/parier-presidentielle.com\/cs\/bwin-politika-volby-2022\/\"><strong>Bwin <\/strong>: Bookmaker vsad\u00ed na prezidentsk\u00e9 volby v roce 2022<\/a>\n<ul>\n<li><a href=\"https:\/\/parier-presidentielle.com\/cs\/bwin-pariz-na-politiku\/\">Bwin: S\u00e1zky na politiku<\/a><\/li>\n<\/ul>\n<\/li>\n\n\n\n<li><a href=\"https:\/\/parier-presidentielle.com\/cs\/betclic-prezidentska-2022\/\">Betclic: Vsa\u010fte na prezidentsk\u00e9 volby v roce 2022<\/a><\/li>\n\n\n\n<li><a href=\"https:\/\/parier-presidentielle.com\/cs\/netbet-paris-politics-volby-2022\/\">NetBet: Bookmaker<\/a><\/li>\n\n\n\n<li><a href=\"https:\/\/parier-presidentielle.com\/cs\/zasada-1xbit\/\">1xBit: Hrajte v kryptom\u011bn\u011b<\/a><\/li>\n\n\n\n<li>Betway<\/li>\n<\/ul>\n\n\n\n<h3 class=\"wp-block-heading\"><span id=\"comparatif-des-site-de-paris\">Srovn\u00e1n\u00ed s\u00e1zkov\u00fdch web\u016f<\/span><\/h3>\n\n\n\n<ul>\n<li><a href=\"https:\/\/parier-presidentielle.com\/cs\/bookmaker-volby-politika-2022\/\">Bookmaker: Kde je nejlep\u0161\u00ed s\u00e1zet na politiku a prezidentsk\u00e9 volby v roce 2022?<\/a><\/li>\n\n\n\n<li><a href=\"https:\/\/parier-presidentielle.com\/cs\/sazkove-kancelare-macron-le-pen\/\">Kurz bookmakera na politick\u00e9 fin\u00e1le z\u00e1pasu Macron \u2013 Le Pen<\/a><\/li>\n<\/ul>\n\n\n\n<h3 class=\"wp-block-heading\"><span id=\"les-candidats-toutes-les-cotes-sondages-et-nos-pronotics\">Kandid\u00e1ti: v\u0161echny \u0161ance, pr\u016fzkumy a na\u0161e p\u0159edpov\u011bdi<\/span><\/h3>\n\n\n\n<ul>\n<li><a href=\"https:\/\/parier-presidentielle.com\/cs\/makronove-volby\/\">Emmanuel Macron favorit voleb<\/a><\/li>\n\n\n\n<li><a href=\"https:\/\/parier-presidentielle.com\/cs\/marine-le-pen-volby\/\">Pa\u0159\u00ed\u017e o zvolen\u00ed Marine Le Penov\u00e9<\/a><\/li>\n\n\n\n<li><a href=\"https:\/\/parier-presidentielle.com\/cs\/macron-le-pen-bookmaker\/\">Macron \u2013 Le Pen: S\u00e1zkov\u00e9 kancel\u00e1\u0159e d\u00e1vaj\u00ed sv\u00e9 \u0161ance<\/a><\/li>\n\n\n\n<li><a href=\"https:\/\/parier-presidentielle.com\/cs\/plan\/\">Sitemap<\/a><\/li>\n<\/ul>\n<\/div><\/div>\n\n\n\n<p class=\"has-text-align-center\" style=\"font-size:25px\"><\/p>\n\n\n\n\n<div class=\"wp-block-image\">\n<figure class=\"aligncenter size-large is-resized wp-duotone-000097-ff4747-10\"><img decoding=\"async\" loading=\"lazy\" src=\"https:\/\/parier-presidentielle.com\/wp-content\/uploads\/2021\/09\/election-standard-scale-4_00x-gigapixel-1024x623.jpg\" alt=\"\" class=\"wp-image-188\" style=\"width:256px;height:156px\" width=\"256\" height=\"156\" srcset=\"https:\/\/parier-presidentielle.com\/wp-content\/uploads\/2021\/09\/election-standard-scale-4_00x-gigapixel-1024x623.jpg 1024w, https:\/\/parier-presidentielle.com\/wp-content\/uploads\/2021\/09\/election-standard-scale-4_00x-gigapixel-300x182.jpg 300w, https:\/\/parier-presidentielle.com\/wp-content\/uploads\/2021\/09\/election-standard-scale-4_00x-gigapixel-768x467.jpg 768w, https:\/\/parier-presidentielle.com\/wp-content\/uploads\/2021\/09\/election-standard-scale-4_00x-gigapixel-1536x934.jpg 1536w, https:\/\/parier-presidentielle.com\/wp-content\/uploads\/2021\/09\/election-standard-scale-4_00x-gigapixel-2048x1245.jpg 2048w\" sizes=\"(max-width: 256px) 100vw, 256px\" \/><\/figure><\/div><div id=\"toc_container\" class=\"no_bullets\"><p class=\"toc_title\">Obsah<\/p><ul class=\"toc_list\"><li><\/li><li><ul><li><\/li><\/ul><\/li><li><\/li><li><\/li><li><\/li><li><\/li><li><ul><li><\/li><li><\/li><li><\/li><\/ul><\/li><\/ul><\/div>","protected":false},"excerpt":{"rendered":"<p>Parier Pr\u00e9sidentielle est le site de r\u00e9f\u00e9rence pour vous guider lors de votre premier pari avec les bookmakers : Unibet, Betclic, Bwin&#8230; sur la Politique et les \u00e9lections Pr\u00e9sidentielle Fran\u00e7aises, Am\u00e9ricaines et Internationales. Guide et bonus pour Parier sur le Futur Pr\u00e9sident des Etats-Unis et Vainqueur du Second tour : Joe Biden Macron ou Donald &#8230;<\/p>","protected":false},"author":1,"featured_media":0,"parent":0,"menu_order":0,"comment_status":"closed","ping_status":"closed","template":"page-nosidebar.php","meta":{"footnotes":""},"yoast_head":"<!-- This site is optimized with the Yoast SEO Premium plugin v21.0 (Yoast SEO v21.0) - https:\/\/yoast.com\/wordpress\/plugins\/seo\/ -->\n<title>Parier Politique &amp; Elections : Cotes &amp; Bonus des Bookmakers<\/title>\n<meta name=\"description\" content=\"Pariez sur toutes les \u00e9lections Am\u00e9ricaines, Fran\u00e7aises : Guide des Bookmakers, Pronostics, 100\u20ac de Bonus Exclusif offert ici !\" \/>\n<meta name=\"robots\" content=\"index, follow, max-snippet:-1, max-image-preview:large, max-video-preview:-1\" \/>\n<link rel=\"canonical\" href=\"https:\/\/parier-presidentielle.com\/cs\/\" \/>\n<meta property=\"og:locale\" content=\"cs_CZ\" \/>\n<meta property=\"og:type\" content=\"article\" \/>\n<meta property=\"og:title\" content=\"Parier sur la Politique et les Elections avec les meilleurs Bookmakers : Unibet, Bwin\" \/>\n<meta property=\"og:description\" content=\"Pariez sur toutes les \u00e9lections Am\u00e9ricaines, Fran\u00e7aises : Guide des Bookmakers, Pronostics, 100\u20ac de Bonus Exclusif offert ici !\" \/>\n<meta property=\"og:url\" content=\"https:\/\/parier-presidentielle.com\/cs\/\" \/>\n<meta property=\"og:site_name\" content=\"Parier Pr\u00e9sidentielle\" \/>\n<meta property=\"article:modified_time\" content=\"2023-09-12T21:05:44+00:00\" \/>\n<meta property=\"og:image\" content=\"https:\/\/parier-presidentielle.com\/wp-content\/uploads\/2022\/12\/biden-vs-trump-1024x711.jpeg\" \/>\n<meta name=\"twitter:card\" content=\"summary_large_image\" \/>\n<meta name=\"twitter:label1\" content=\"Est. reading time\" \/>\n\t<meta name=\"twitter:data1\" content=\"6 minut\" \/>\n<script type=\"application\/ld+json\" class=\"yoast-schema-graph\">{\"@context\":\"https:\/\/schema.org\",\"@graph\":[{\"@type\":\"WebPage\",\"@id\":\"https:\/\/parier-presidentielle.com\/\",\"url\":\"https:\/\/parier-presidentielle.com\/\",\"name\":\"Parier Politique & Elections : Cotes & Bonus des Bookmakers\",\"isPartOf\":{\"@id\":\"https:\/\/parier-presidentielle.com\/#website\"},\"datePublished\":\"2021-08-31T09:54:03+00:00\",\"dateModified\":\"2023-09-12T21:05:44+00:00\",\"description\":\"Pariez sur toutes les \u00e9lections Am\u00e9ricaines, Fran\u00e7aises : Guide des Bookmakers, Pronostics, 100\u20ac de Bonus Exclusif offert ici !\",\"breadcrumb\":{\"@id\":\"https:\/\/parier-presidentielle.com\/#breadcrumb\"},\"inLanguage\":\"cs\",\"potentialAction\":[{\"@type\":\"ReadAction\",\"target\":[\"https:\/\/parier-presidentielle.com\/\"]}]},{\"@type\":\"BreadcrumbList\",\"@id\":\"https:\/\/parier-presidentielle.com\/#breadcrumb\",\"itemListElement\":[{\"@type\":\"ListItem\",\"position\":1,\"name\":\"Accueil\",\"item\":\"https:\/\/parier-presidentielle.com\/\"},{\"@type\":\"ListItem\",\"position\":2,\"name\":\"Parier sur la Politique et les Elections avec les meilleurs Bookmakers : Unibet, Bwin\"}]},{\"@type\":\"WebSite\",\"@id\":\"https:\/\/parier-presidentielle.com\/#website\",\"url\":\"https:\/\/parier-presidentielle.com\/\",\"name\":\"Parier Pr\u00e9sidentielle\",\"description\":\"Paris, Pronostics, Wiki sur la Politique, les Elections Am\u00e9ricaines: Joe Biden, Donald Trump avec les Bookmakers en ligne Unibet, Bwin, Betclic, Winamax\",\"potentialAction\":[{\"@type\":\"SearchAction\",\"target\":{\"@type\":\"EntryPoint\",\"urlTemplate\":\"https:\/\/parier-presidentielle.com\/?s={search_term_string}\"},\"query-input\":\"required name=search_term_string\"}],\"inLanguage\":\"cs\"}]}<\/script>\n<!-- \/ Yoast SEO Premium plugin. -->","yoast_head_json":{"title":"Parier Politique & Elections : Cotes & Bonus des Bookmakers","description":"Pariez sur toutes les \u00e9lections Am\u00e9ricaines, Fran\u00e7aises : Guide des Bookmakers, Pronostics, 100\u20ac de Bonus Exclusif offert ici !","robots":{"index":"index","follow":"follow","max-snippet":"max-snippet:-1","max-image-preview":"max-image-preview:large","max-video-preview":"max-video-preview:-1"},"canonical":"https:\/\/parier-presidentielle.com\/cs\/","og_locale":"cs_CZ","og_type":"article","og_title":"Parier sur la Politique et les Elections avec les meilleurs Bookmakers : Unibet, Bwin","og_description":"Pariez sur toutes les \u00e9lections Am\u00e9ricaines, Fran\u00e7aises : Guide des Bookmakers, Pronostics, 100\u20ac de Bonus Exclusif offert ici !","og_url":"https:\/\/parier-presidentielle.com\/cs\/","og_site_name":"Parier Pr\u00e9sidentielle","article_modified_time":"2023-09-12T21:05:44+00:00","og_image":[{"url":"https:\/\/parier-presidentielle.com\/wp-content\/uploads\/2022\/12\/biden-vs-trump-1024x711.jpeg"}],"twitter_card":"summary_large_image","twitter_misc":{"Est. reading time":"6 minut"},"schema":{"@context":"https:\/\/schema.org","@graph":[{"@type":"WebPage","@id":"https:\/\/parier-presidentielle.com\/","url":"https:\/\/parier-presidentielle.com\/","name":"Parier Politique & Elections : Cotes & Bonus des Bookmakers","isPartOf":{"@id":"https:\/\/parier-presidentielle.com\/#website"},"datePublished":"2021-08-31T09:54:03+00:00","dateModified":"2023-09-12T21:05:44+00:00","description":"Pariez sur toutes les \u00e9lections Am\u00e9ricaines, Fran\u00e7aises : Guide des Bookmakers, Pronostics, 100\u20ac de Bonus Exclusif offert ici !","breadcrumb":{"@id":"https:\/\/parier-presidentielle.com\/#breadcrumb"},"inLanguage":"cs","potentialAction":[{"@type":"ReadAction","target":["https:\/\/parier-presidentielle.com\/"]}]},{"@type":"BreadcrumbList","@id":"https:\/\/parier-presidentielle.com\/#breadcrumb","itemListElement":[{"@type":"ListItem","position":1,"name":"Accueil","item":"https:\/\/parier-presidentielle.com\/"},{"@type":"ListItem","position":2,"name":"Parier sur la Politique et les Elections avec les meilleurs Bookmakers : Unibet, Bwin"}]},{"@type":"WebSite","@id":"https:\/\/parier-presidentielle.com\/#website","url":"https:\/\/parier-presidentielle.com\/","name":"Parier Pr\u00e9sidentielle","description":"Paris, Pronostics, Wiki sur la Politique, les Elections Am\u00e9ricaines: Joe Biden, Donald Trump avec les Bookmakers en ligne Unibet, Bwin, Betclic, Winamax","potentialAction":[{"@type":"SearchAction","target":{"@type":"EntryPoint","urlTemplate":"https:\/\/parier-presidentielle.com\/?s={search_term_string}"},"query-input":"required name=search_term_string"}],"inLanguage":"cs"}]}},"_links":{"self":[{"href":"https:\/\/parier-presidentielle.com\/cs\/wp-json\/wp\/v2\/pages\/24"}],"collection":[{"href":"https:\/\/parier-presidentielle.com\/cs\/wp-json\/wp\/v2\/pages"}],"about":[{"href":"https:\/\/parier-presidentielle.com\/cs\/wp-json\/wp\/v2\/types\/page"}],"author":[{"embeddable":true,"href":"https:\/\/parier-presidentielle.com\/cs\/wp-json\/wp\/v2\/users\/1"}],"replies":[{"embeddable":true,"href":"https:\/\/parier-presidentielle.com\/cs\/wp-json\/wp\/v2\/comments?post=24"}],"version-history":[{"count":194,"href":"https:\/\/parier-presidentielle.com\/cs\/wp-json\/wp\/v2\/pages\/24\/revisions"}],"predecessor-version":[{"id":2483,"href":"https:\/\/parier-presidentielle.com\/cs\/wp-json\/wp\/v2\/pages\/24\/revisions\/2483"}],"wp:attachment":[{"href":"https:\/\/parier-presidentielle.com\/cs\/wp-json\/wp\/v2\/media?parent=24"}],"curies":[{"name":"wp","href":"https:\/\/api.w.org\/{rel}","templated":true}]}}