{"id":255,"date":"2021-09-14T16:48:34","date_gmt":"2021-09-14T14:48:34","guid":{"rendered":"https:\/\/parier-presidentielle.com\/?page_id=255"},"modified":"2022-04-14T15:41:15","modified_gmt":"2022-04-14T13:41:15","slug":"netbet-paris-politique-election-2022","status":"publish","type":"page","link":"https:\/\/parier-presidentielle.com\/cs\/netbet-paris-politics-volby-2022\/","title":{"rendered":"NetBet: S\u00e1zen\u00ed na politiku a prezidentsk\u00e9 volby 2022"},"content":{"rendered":"<p> <\/p>\n\n\n\n<a href=\"https:\/\/banners.livepartners.com\/click.php?z=151480\" target=\"_blank\" rel=\"noopener\"><img decoding=\"async\" loading=\"lazy\" src=\"https:\/\/banners.livepartners.com\/view.php?z=151480\" border=\"0\" width=\"728\" height=\"90\"><\/a>\n\n\n\n\n\n<h2 class=\"wp-block-heading\" id=\"quelle-est-l-offre-du-bookmaker-netbet-2022\"><span id=\"quelle-est-l8217offre-du-bookmaker-netbet-2022\">Jak\u00e1 je nab\u00eddka NetBet Bookmaker 2022?<\/span><\/h2>\n\n\n\n<p class=\"has-text-align-left\">Netbet aktu\u00e1ln\u011b nab\u00edz\u00ed nejlep\u0161\u00ed bonus pro online s\u00e1zen\u00ed 100 \u20ac!<br>Pro p\u0159\u00edstup k tomuto bonusu jednodu\u0161e p\u0159ejd\u011bte na n\u00e1\u0161 partnersk\u00fd odkaz:<\/p>\n\n\n\n<h2 class=\"has-text-align-center wp-block-heading\" id=\"100-offerts-sur-votre-1er-pari-cliquez-ici\"><span id=\"100e-offerts-sur-votre-1er-pari-cliquez-ici\"><br><a href=\"https:\/\/banners.livepartners.com\/click.php?z=151505\" target=\"_blank\" rel=\"noreferrer noopener nofollow\">100 \u20ac nab\u00edzeno na va\u0161i prvn\u00ed s\u00e1zku! Klikn\u011bte zde<\/a><\/span><\/h2>\n\n\n\n<h3 class=\"wp-block-heading\"><span id=\"i\"><br><\/span><\/h3>\n\n\n\n<h2 class=\"wp-block-heading\" id=\"netbet\"><span id=\"netbet\">NetBet<\/span><\/h2>\n\n\n\n<p><br>NetBet je provozovatel online her vlastn\u011bn\u00fd spole\u010dnost\u00ed NetBet Enterprises Ltd. Platforma nab\u00edz\u00ed \u017eiv\u00e9 a \u017eiv\u00e9 sportovn\u00ed s\u00e1zen\u00ed, s\u00e1zen\u00ed na virtu\u00e1ln\u00ed z\u00e1pasy a mezin\u00e1rodn\u00ed loterie, online kasino, online poker a platformu \u017eiv\u00e9ho kasina. Spole\u010dnost p\u016fsob\u00ed na n\u011bkolika trz\u00edch, v\u010detn\u011b Rumunska, Spojen\u00e9ho kr\u00e1lovstv\u00ed, N\u011bmecka, Irska a Ji\u017en\u00ed Ameriky, Japonska a mnoha dal\u0161\u00edch. NetBet je k dispozici v angli\u010dtin\u011b, n\u011bm\u010din\u011b, japon\u0161tin\u011b, \u0161pan\u011bl\u0161tin\u011b, ital\u0161tin\u011b, francouz\u0161tin\u011b, \u0159e\u010dtin\u011b, rumun\u0161tin\u011b, portugal\u0161tin\u011b a fin\u0161tin\u011b. NetBet m\u00e1 centr\u00e1lu na Malt\u011b a pobo\u010dky ve Spojen\u00e9m kr\u00e1lovstv\u00ed, Francii, Rumunsku a Spojen\u00fdch st\u00e1tech. V sou\u010dasnosti m\u00e1 kolem 500 zam\u011bstnanc\u016f.<\/p>\n\n\n\n<p>NetBet m\u00e1 evropskou licenci na Malt\u011b od roku 2006. NetBet je licencov\u00e1n britskou Komis\u00ed pro hazardn\u00ed hry 3637 a je licencov\u00e1n v Irsku, Nig\u00e9rii, Mexiku a \u0158ecku. Online kasina v It\u00e1lii a Francii funguj\u00ed tak\u00e9 pod zna\u010dkou NetBet Enterprises. V roce 2015 tak\u00e9 spole\u010dnost NetBet z\u00edskala licenci k provozov\u00e1n\u00ed v Rumunsku a stala se jednou z prvn\u00edch 3 str\u00e1nek nab\u00edzej\u00edc\u00edch online hazardn\u00ed hry v Rumunsku.<\/p>\n\n\n\n<p>NetBet Sport nab\u00edz\u00ed online sportovn\u00ed s\u00e1zen\u00ed p\u0159ed \u017eiv\u00fdm i \u017eiv\u00fdm p\u0159enosem. Hr\u00e1\u010di maj\u00ed tak\u00e9 mo\u017enost uzav\u00edrat s\u00e1zky na eSports pro ur\u010dit\u00e9 speci\u00e1ln\u00ed trhy, kter\u00e9 zahrnuj\u00ed politiku a ceny za filmy a televizi. Pro zaji\u0161t\u011bn\u00ed p\u0159esn\u00fdch a n\u00e1hodn\u00fdch v\u00fdsledk\u016f 100% pro v\u0161echny hry pou\u017e\u00edv\u00e1 NetBet dva gener\u00e1tory n\u00e1hodn\u00fdch \u010d\u00edsel samostatn\u011b: gener\u00e1tor ISAAC a gener\u00e1tor \u0161umu. V roce 2018 byl tedy n\u00e1vratov\u00fd koeficient RTP pro hr\u00e1\u010de 96,65 %.<\/p>\n\n\n\n<p><\/p>\n\n\n\n<h2 class=\"wp-block-heading\" id=\"histoire-du-bookmaker\"><span id=\"histoire-du-bookmaker\">Historie s\u00e1zkov\u00e9 kancel\u00e1\u0159e<\/span><\/h2>\n\n\n\n<p><br>Spole\u010dnost Cosmo Gaming byla zalo\u017eena v \u010dervenci 2006 a svou \u010dinnost zah\u00e1jila v \u010dervenci 2007. V b\u0159eznu 2017 zm\u011bnila sv\u016fj n\u00e1zev z Cosmo Gaming Company na NetBet Enterprises Limited. V srpnu 2013 podepsal poskytovatel her iSoftBet exkluzivn\u00ed smlouvu se spole\u010dnost\u00ed SBTech na poskytov\u00e1n\u00ed slu\u017eeb \u017eiv\u00e9ho sportovn\u00edho s\u00e1zen\u00ed na webov\u00e9 str\u00e1nky NetBet.<\/p>\n\n\n\n<p>B\u011bhem UEFA Euro 2016 zah\u00e1jil NetBet Multikulturn\u00ed \u0161ampion\u00e1t. Ve stejn\u00e9m roce NetBet podepsal \u0161estiletou smlouvu s poskytovatelem her Playtech. Tato smlouva zaji\u0161\u0165uje distribuci exkluzivn\u00edho obsahu Playtech na platform\u011b NetBet.<\/p>\n\n\n\n<p>B\u011bhem mistrovstv\u00ed sv\u011bta 2018 NetBet Sport spustil nov\u00fd p\u0159\u00edr\u016fstek do \u201emultikulturn\u00ed\u201c s\u00e9rie pod n\u00e1zvem Multicultural Cup.<\/p>\n\n\n\n<p>V roce 2018 spustilo Iron Dog Studio celou svou sadu her v kasinu NetBet d\u00edky integraci, kterou usnadnil poskytovatel NetBet iSoftBet.<\/p>\n\n\n\n<p>V roce 2019 NetBet zve\u0159ejnil interaktivn\u00ed mapu, kter\u00e1 sleduje v\u0161echny filmy a anekdoty spojen\u00e9 s postavou Jamese Bonda.<\/p>\n\n\n\n<p>V roce 2020 spole\u010dnost NetBet zve\u0159ejnila studii spole\u010dnosti Blue Claw o mo\u017en\u00fdch pokut\u00e1ch, kter\u00e9 by mohly \u010delit v\u00fdrobc\u016fm automobil\u016f, pokud nespln\u00ed uhl\u00edkov\u00e9 c\u00edle stanoven\u00e9 Evropskou uni\u00ed pro rok 2021.<br><\/p>\n\n\n\n<h3 class=\"wp-block-heading\" id=\"les-partenariats\"><span id=\"les-partenariats\">Partnersk\u00e9 vztahy <\/span><\/h3>\n\n\n\n<p>NetBet byl ofici\u00e1ln\u00edm sponzorem nebo partnerem n\u011bkolika sportovn\u00edch t\u00fdm\u016f, jako je OGC Nice v roce 2014, AS Saint-Etienne a Hamilton Academical v roce 2016.<\/p>\n\n\n\n<p><\/p>\n\n\n\n<ul><li>V roce 2015 Netbet podepsal smlouvu o reklam\u011b na stadionu s fotbalov\u00fdm klubem West Bromwich Albion.<\/li><li>V roce 2017 NetBet sponzoroval Falemi Nana Intercartiere Cup, nejv\u00fdznamn\u011bj\u0161\u00ed amat\u00e9rskou fotbalovou sout\u011b\u017e v Rumunsku.<\/li><li>V roce 2017 byl NetBet s pr\u016fzkumn\u00edkem Danielem Cingheou, kdy\u017e dobyl nejp\u016fsobiv\u011bj\u0161\u00ed vrcholy Ji\u017en\u00ed Ameriky.<\/li><li>V b\u0159eznu 2018 sponzoroval NetBet 3. ro\u010dn\u00edk DanceMasters, kter\u00fd se konal v Bukure\u0161ti.<\/li><li>V kv\u011btnu 2018 NetBet sponzoroval dostihy na dostihov\u00e9m z\u00e1vodi\u0161ti Goodwood po dobu dvou dn\u016f.<\/li><li>5. \u010dervna 2018 sponzoroval NetBet \u010dty\u0159i dostihy na dostihov\u00e9m z\u00e1vodi\u0161ti Fontwell Park.<\/li><li>Dne 9. \u010dervna 2018 sponzoroval NetBet boxerskou akci BKB11 v The O2.<\/li><li>21. \u010dervence 2018 sponzoroval NetBet dal\u0161\u00ed z\u00e1pas o Bare Knuckle Boxing v Cwmbran.<\/li><li>Dne 22. srpna 2018 spole\u010dnost NetBet sponzorovala Ladies Night at Fontwell Park Racecourse.<\/li><li>4. z\u00e1\u0159\u00ed 2018 sponzoroval NetBet dal\u0161\u00ed den dostih\u016f na dostihov\u00e9m z\u00e1vodi\u0161ti v Goodwoodu.<\/li><li>17. listopadu 2019 spole\u010dnost NetBet sponzorovala maraton Corsorul 15. listopadu v Bra\u0219ov\u011b.<\/li><\/ul>\n\n\n\n<p>Kone\u010dn\u011b v roce 2020 NetBet podepsal sponzorsk\u00e9 smlouvy se dv\u011bma rally pos\u00e1dkami p\u0159ihl\u00e1\u0161en\u00fdmi do n\u00e1rodn\u00edho rally \u0161ampion\u00e1tu. Dv\u011b sponzorovan\u00e9 pos\u00e1dky tvo\u0159\u00ed jezdec Dan G\u00eertofan a navig\u00e1tor Tudor M\u00e2rza na \u0160kod\u011b R5, respektive jezdec R\u0103zvan Trisnevschi a navig\u00e1tor Traian-Codrut Arsenescu.<\/p>\n\n\n\n<p>Reklamn\u00ed kampan\u011b na taxi a autobusy<br>V roce 2019 NetBet spustil dv\u011b mobiln\u00ed reklamn\u00ed kampan\u011b na autobusy a tax\u00edky. Kampa\u0148 p\u0159izp\u016fsobila logo zna\u010dky NetBet, autobusy a 750 voz\u016f Black Cab, kter\u00e9 se proh\u00e1n\u011bly ulicemi Lond\u00fdna.<\/p>\n\n\n\n<p>velvyslanci<br>Alexandre Ruiz je francouzsk\u00fd sportovn\u00ed novin\u00e1\u0159, kter\u00fd pracuje pro beIn Sports. Od roku 2014 je ambasadorem NetBet FR.<\/p>\n\n\n\n<p>Daniel Bravo byl francouzsk\u00fd fotbalista, kter\u00fd hr\u00e1l za Paris Saint-Germain, AS Monaco a Olympique de Marseille. V letech 2012-2014 p\u016fsobil jako velvyslanec NetBet FR.<\/p>\n\n\n\n<p>Dan Petrescu byl prvn\u00edm ambasadorem NetBet Romania.<\/p>\n\n\n\n<p>N\u011bkter\u00e9 produkty<br>Mezi hlavn\u00ed produkty NetBet pat\u0159\u00ed NetBet Casino, NetBet Live, NetBet Vegas, NetBet Loto a NetBet Poker. Kasino nab\u00edz\u00ed p\u0159es 1500 hrac\u00edch automat\u016f, karetn\u00edch her a stoln\u00edch her.<\/p>\n\n\n\n<p>NetBet Sport nab\u00edz\u00ed online sportovn\u00ed s\u00e1zen\u00ed p\u0159ed \u017eiv\u00fdm i \u017eiv\u00fdm p\u0159enosem. Krom\u011b toho maj\u00ed hr\u00e1\u010di tak\u00e9 mo\u017enost uzav\u00edrat s\u00e1zky na eSports pro ur\u010dit\u00e9 speci\u00e1ln\u00ed trhy, kter\u00e9 zahrnuj\u00ed politiku a ceny za filmy a televizi.<\/p>\n\n\n\n<p>N\u011bkter\u00e9 z nejpopul\u00e1rn\u011bj\u0161\u00edch v\u00fdhern\u00edch automat\u016f jsou Starburst (NetEnt), Gonzo&#039;s Quest (NetEnt) a Kdo chce b\u00fdt milion\u00e1\u0159em (NYX) a tak d\u00e1le.<\/p>\n\n\n\n<p>Ocen\u011bn\u00ed<br>V roce 2015 vyhr\u00e1l NetBet ocen\u011bn\u00ed \u201eNejlep\u0161\u00ed str\u00e1nka pro vztahy se z\u00e1kazn\u00edky\u201c na galave\u010deru Casino Life &amp; Business magazine Awards.<\/p>\n\n\n\n<p>V roce 2016 vyhr\u00e1l NetBet na Central and Eastern European Gaming Conference Awards (CEEGA) ocen\u011bn\u00ed \u201eNejlep\u0161\u00ed provozovatel online sportovn\u00edho s\u00e1zen\u00ed\u201c a jejich poskytovatel, SBTech, z\u00edskal ocen\u011bn\u00ed \u201eNejlep\u0161\u00ed poskytovatel sportovn\u00edch s\u00e1zek\u201c.<\/p>\n\n\n\n<p>V roce 2016 byli Blueclaw a GIMO nominov\u00e1ni na UK Search Awards a Best Use of Search za svou pr\u00e1ci na NetBet Multicultural Championships a Premier League of Nations.<\/p>\n\n\n\n<p>V roce 2017 byl NetBet nominov\u00e1n na \u201eNejlep\u0161\u00ed neanglick\u00fd affiliate program\u201c na iGB Affiliate Award.<\/p>\n\n\n\n<p>V roce 2019 byl NetBet nominov\u00e1n na EGR Awards v kategorii \u201eOper\u00e1tor z\u00e1kaznick\u00fdch slu\u017eeb\u201c.<\/p>\n\n\n\n<p>V letech 2018 a 2019 z\u00edskal NetBet na galave\u010deru Casino Inside Awards trofej \u201eNejlep\u0161\u00ed platforma online kasina v Rumunsku\u201c.<\/p>\n\n\n\n<p>Zodpov\u011bdn\u00e9 hran\u00ed<br>NetBet \u00fazce spolupracuje s poradensk\u00fdmi slu\u017ebami pro z\u00e1vislost na hazardn\u00edch hr\u00e1ch a umo\u017e\u0148uje hr\u00e1\u010d\u016fm nastavit limity pro vklady, v\u00fdb\u011bry a varovn\u00e9 zpr\u00e1vy. Str\u00e1nka tak\u00e9 nab\u00edz\u00ed demo verze her, kter\u00e9 lze hr\u00e1t bez s\u00e1zen\u00ed skute\u010dn\u00fdch pen\u011bz. Registrace nezletil\u00fdch na str\u00e1nce NetBet je zak\u00e1z\u00e1na.<\/p>\n\n\n\n<p>NetBet tak\u00e9 implementoval n\u00e1stroj pro sebehodnocen\u00ed. Tento n\u00e1stroj se skl\u00e1d\u00e1 ze sady 15 ot\u00e1zek, kter\u00e9 na z\u00e1klad\u011b odpov\u011bd\u00ed umo\u017e\u0148uj\u00ed hr\u00e1\u010d\u016fm posoudit m\u00edru jejich rizika. Na z\u00e1klad\u011b t\u00e9to \u00farovn\u011b rizika jsou navr\u017eena opat\u0159en\u00ed, jako je ulo\u017een\u00ed limit\u016f. Pokud nav\u00edc v\u00fdsledek z\u00e1kaznick\u00e9ho pr\u016fzkumu p\u0159edstavuje riziko z\u00e1vislosti, je zasl\u00e1no upozorn\u011bn\u00ed t\u00fdmu odpov\u011bdn\u00fdch her, kter\u00fd bude se z\u00e1kazn\u00edkem komunikovat a za\u010dne sledovat jeho aktivitu.<\/p>\n\n\n\n<p><\/p>\n\n\n\n<p class=\"has-text-align-center unibet\" style=\"font-size:25px\"><mark style=\"background-color:rgba(0, 0, 0, 0);color:#0d7a12\" class=\"has-inline-color\"><strong><a href=\"https:\/\/parier-presidentielle.com\/cs\/recommends\/unibet\/\">Bonus 150 \u20ac nab\u00edzen\u00fd s Unibet<br>Pro svou prvn\u00ed politickou nebo sportovn\u00ed s\u00e1zku: Klikn\u011bte zde<\/a><\/strong><\/mark><\/p>\n\n\n\n<p><\/p>\n\n\n<div class=\"wp-block-image\">\n<figure class=\"aligncenter is-resized wp-duotone-000097-ff4747-1\"><img decoding=\"async\" loading=\"lazy\" src=\"https:\/\/parier-presidentielle.com\/wp-content\/uploads\/2021\/09\/election-standard-scale-4_00x-gigapixel-1024x623.jpg\" alt=\"Volby 2022\" style=\"width:256px;height:156px\" width=\"256\" height=\"156\"\/><\/figure><\/div>\n\n\n<p><br><\/p>\n\n\n\n<p><strong>Parier-presidential v\u00e1m pom\u016f\u017ee vybrat si mezi r\u016fzn\u00fdmi<a href=\"https:\/\/parier-presidentielle.com\/cs\/\"> Bookmake\u0159i Bwin, Unibet, Betclic vsad\u00ed v roce 2024 na budouc\u00edho americk\u00e9ho prezidenta<\/a> : <\/strong><br><a href=\"https:\/\/parier-presidentielle.com\/cs\/unibet-politika-volby-2022\/\">Prezidentsk\u00e1 s\u00e1zkov\u00e1 kancel\u00e1\u0159 Unibet<\/a> : Podrobn\u00fd a bezplatn\u00fd pr\u016fvodce, jak uzav\u0159\u00edt svou prvn\u00ed online s\u00e1zku se v\u0161emi kurzy a jak vyu\u017e\u00edt nab\u00edzen\u00fd bonus!<\/p>\n\n\n\n<p>Stejn\u011b jako dal\u0161\u00ed online str\u00e1nky v Pa\u0159\u00ed\u017ei: <a href=\"https:\/\/parier-presidentielle.com\/cs\/unibet-politika-volby-2022\/\">Bwin<\/a>, <a href=\"https:\/\/parier-presidentielle.com\/cs\/netbet-paris-politics-volby-2022\/\">NetBet<\/a>, <a href=\"https:\/\/parier-presidentielle.com\/cs\/betclic-prezidentska-2022\/\">Betclic<\/a>, <a href=\"https:\/\/parier-presidentielle.com\/cs\/winamax-politika-volby-2022\/\">Winamax<\/a>, Parions Sport, Zebet, Betway, France-Pari, Vbet, Cloudbet, 1Xbit, 1xbet, Betfair, Betwinner \u2026<\/p>\n\n\n\n<div class=\"wp-block-columns is-layout-flex wp-container-6 wp-block-columns-is-layout-flex\">\n<div class=\"wp-block-column is-layout-flow wp-block-column-is-layout-flow\" style=\"flex-basis:33.33%\">\n<p>Pr\u00e1v\u011b jste si p\u0159e\u010detli n\u00e1\u0161 soubor:<\/p>\n<\/div>\n\n\n\n<div class=\"wp-block-column is-layout-flow wp-block-column-is-layout-flow\" style=\"flex-basis:33.33%\">\n<div class=\"wp-block-group is-layout-flow wp-block-group-is-layout-flow\"><div class=\"wp-block-group__inner-container\"><h4 class=\"has-text-align-center wp-block-post-title\"><span id=\"netbet-parier-sur-la-politique-et-l8217election-presidentielle-2022\"><a href=\"https:\/\/parier-presidentielle.com\/cs\/netbet-paris-politics-volby-2022\/\" target=\"_self\" >NetBet: S\u00e1zen\u00ed na politiku a prezidentsk\u00e9 volby 2022<\/a><\/span><\/h4><\/div><\/div>\n<\/div>\n\n\n\n<div class=\"wp-block-column is-layout-flow wp-block-column-is-layout-flow\" style=\"flex-basis:33.33%\">\n<p class=\"has-text-align-right\">Pokra\u010dujte ve \u010dten\u00ed s na\u0161imi dal\u0161\u00edmi exkluzivn\u00edmi soubory,<\/p>\n<\/div>\n<\/div>\n\n\n\n<h3 class=\"wp-block-heading\" id=\"tous-les-pronostics-sondage-et-cotes-pour-parier-sur-le-futur-vainqueur-de-l-election-presidentielle-2022\"><span id=\"tous-les-pronostics-sondage-et-cotes-pour-parier-sur-le-futur-vainqueur-de-l8217election-presidentielle-2024\">V\u0161echny p\u0159edpov\u011bdi, pr\u016fzkumy a kurzy na budouc\u00edho v\u00edt\u011bze prezidentsk\u00fdch voleb v roce 2024:<\/span><\/h3>\n\n\n\n<ul>\n<li><a href=\"https:\/\/parier-presidentielle.com\/cs\/makronove-volby\/\">Vsa\u010fte si na Emmanuela Macrona s Unibet, Betclic, Bwin<\/a> : Obl\u00edben\u00e9 v anket\u00e1ch a p\u0159edpov\u011bd\u00edch <\/li>\n\n\n\n<li><a href=\"https:\/\/parier-presidentielle.com\/cs\/marine-le-pen-volby\/\">Marine Le Pen: Jej\u00ed kurzy a jak s\u00e1zet u s\u00e1zkov\u00fdch kancel\u00e1\u0159\u00ed<\/a>: Vyzyvatel podle Unibetu<\/li>\n<\/ul>\n\n\n\n<p><\/p>\n\n\n\n<center><script type=\"text\/javascript\" charset=\"utf-8\" src=\"https:\/\/www.gambling-affiliation.com\/cpm\/v=AmIMTDSs92QY6b0MzDMvM5laCjJ-ZlA-1oQ-7tKsi.w_GA7331V2\"><\/script><\/center>\n\n\n\n<h3 class=\"wp-block-heading\"><span id=\"donald-trump-vs-joe-biden-la-video-qui-lance-les-paris-en-ligne-sur-l8217election-politique-de-2024\">Donald Trump vs Joe Biden: Video, kter\u00e9 spou\u0161t\u00ed online s\u00e1zen\u00ed na politick\u00e9 volby v roce 2024<\/span><\/h3>\n\n\n\n<figure class=\"wp-block-embed is-type-video is-provider-youtube wp-block-embed-youtube wp-embed-aspect-16-9 wp-has-aspect-ratio\"><div class=\"wp-block-embed__wrapper\">\n<iframe loading=\"lazy\" title=\"B\u00fdval\u00fd prezident Donald Trump zahajuje nab\u00eddku B\u00edl\u00e9ho domu v roce 2024 #Short\" width=\"640\" height=\"360\" src=\"https:\/\/www.youtube.com\/embed\/hZykPRVe4Ag?feature=oembed\" frameborder=\"0\" allow=\"accelerometer; autoplay; clipboard-write; encrypted-media; gyroscope; picture-in-picture; web-share\" allowfullscreen><\/iframe>\n<\/div><\/figure>\n\n\n<div class=\"wp-block-image\">\n<figure class=\"aligncenter size-medium\"><a href=\"https:\/\/parier-presidentielle.com\/cs\/recommends\/unibet\/\" target=\"_blank\" rel=\"noopener\"><img decoding=\"async\" loading=\"lazy\" width=\"300\" height=\"169\" src=\"https:\/\/parier-presidentielle.com\/wp-content\/uploads\/2022\/04\/unibet-300x169.jpg\" alt=\"\" class=\"wp-image-1252\" srcset=\"https:\/\/parier-presidentielle.com\/wp-content\/uploads\/2022\/04\/unibet-300x169.jpg 300w, https:\/\/parier-presidentielle.com\/wp-content\/uploads\/2022\/04\/unibet-1024x576.jpg 1024w, https:\/\/parier-presidentielle.com\/wp-content\/uploads\/2022\/04\/unibet-768x432.jpg 768w, https:\/\/parier-presidentielle.com\/wp-content\/uploads\/2022\/04\/unibet-18x10.jpg 18w, https:\/\/parier-presidentielle.com\/wp-content\/uploads\/2022\/04\/unibet.jpg 1280w\" sizes=\"(max-width: 300px) 100vw, 300px\" \/><\/a><\/figure><\/div>\n\n\n<p>Najd\u011bte Wiki, z\u00e1kladn\u00ed politick\u00e9 zpr\u00e1vy o konop\u00ed a jeho leg\u00e1ln\u00edch deriv\u00e1tech: <strong>HHC, H4cbd, Thcp, Thcv, HSD, HHCPO, C4B<\/strong><\/p>\n\n\n\n<p><br><\/p>\n<div id=\"toc_container\" class=\"no_bullets\"><p class=\"toc_title\">Obsah<\/p><ul class=\"toc_list\"><li><\/li><li><ul><li><\/li><\/ul><\/li><li><\/li><li><ul><li><ul><li><\/li><\/ul><\/li><li><\/li><li><\/li><\/ul><\/li><\/ul><\/div>","protected":false},"excerpt":{"rendered":"<p>Quelle est l&#8217;offre du Bookmaker NetBet 2022? Netbet propose actuellement le meilleur bonus pour parier en ligne 100\u20ac!Pour acc\u00e9der \u00e0 ce bonus il suffit de passer par notre lien partenaire : 100\u20ac offerts sur votre 1er Pari! cliquez ici NetBet NetBet est un op\u00e9rateur de jeux en ligne appartenant \u00e0 NetBet Enterprises Ltd. La plate-forme &#8230;<\/p>","protected":false},"author":1,"featured_media":0,"parent":0,"menu_order":0,"comment_status":"closed","ping_status":"closed","template":"page-nosidebar.php","meta":{"footnotes":""},"yoast_head":"<!-- This site is optimized with the Yoast SEO Premium plugin v21.0 (Yoast SEO v21.0) - https:\/\/yoast.com\/wordpress\/plugins\/seo\/ -->\n<title>NetBet : Parier sur la politique et l&#039;\u00e9lection Pr\u00e9sidentielle 2022 - Finale Coupe du Monde FIFA<\/title>\n<meta name=\"description\" content=\"Parier avec Netbet 100\u20ac offert pour votre 1er Pari sur la Politique, le Sport! Guide du Bookmaker pour profiter du Bonus de bienvenue...\" \/>\n<meta name=\"robots\" content=\"index, follow, max-snippet:-1, max-image-preview:large, max-video-preview:-1\" \/>\n<link rel=\"canonical\" href=\"https:\/\/parier-presidentielle.com\/cs\/netbet-paris-politics-volby-2022\/\" \/>\n<meta property=\"og:locale\" content=\"cs_CZ\" \/>\n<meta property=\"og:type\" content=\"article\" \/>\n<meta property=\"og:title\" content=\"NetBet : Parier sur la politique et l&#039;\u00e9lection Pr\u00e9sidentielle 2022\" \/>\n<meta property=\"og:description\" content=\"Parier avec Netbet 100\u20ac offert pour votre 1er Pari sur la Politique, le Sport! Guide du Bookmaker pour profiter du Bonus de bienvenue...\" \/>\n<meta property=\"og:url\" content=\"https:\/\/parier-presidentielle.com\/cs\/netbet-paris-politics-volby-2022\/\" \/>\n<meta property=\"og:site_name\" content=\"Parier Pr\u00e9sidentielle\" \/>\n<meta property=\"article:modified_time\" content=\"2022-04-14T13:41:15+00:00\" \/>\n<meta property=\"og:image\" content=\"https:\/\/banners.livepartners.com\/view.php?z=151480\" \/>\n<meta name=\"twitter:card\" content=\"summary_large_image\" \/>\n<meta name=\"twitter:label1\" content=\"Est. reading time\" \/>\n\t<meta name=\"twitter:data1\" content=\"7 minut\" \/>\n<script type=\"application\/ld+json\" class=\"yoast-schema-graph\">{\"@context\":\"https:\/\/schema.org\",\"@graph\":[{\"@type\":\"WebPage\",\"@id\":\"https:\/\/parier-presidentielle.com\/netbet-paris-politique-election-2022\/\",\"url\":\"https:\/\/parier-presidentielle.com\/netbet-paris-politique-election-2022\/\",\"name\":\"NetBet : Parier sur la politique et l'\u00e9lection Pr\u00e9sidentielle 2022 - Finale Coupe du Monde FIFA\",\"isPartOf\":{\"@id\":\"https:\/\/parier-presidentielle.com\/#website\"},\"datePublished\":\"2021-09-14T14:48:34+00:00\",\"dateModified\":\"2022-04-14T13:41:15+00:00\",\"description\":\"Parier avec Netbet 100\u20ac offert pour votre 1er Pari sur la Politique, le Sport! Guide du Bookmaker pour profiter du Bonus de bienvenue...\",\"breadcrumb\":{\"@id\":\"https:\/\/parier-presidentielle.com\/netbet-paris-politique-election-2022\/#breadcrumb\"},\"inLanguage\":\"cs\",\"potentialAction\":[{\"@type\":\"ReadAction\",\"target\":[\"https:\/\/parier-presidentielle.com\/netbet-paris-politique-election-2022\/\"]}]},{\"@type\":\"BreadcrumbList\",\"@id\":\"https:\/\/parier-presidentielle.com\/netbet-paris-politique-election-2022\/#breadcrumb\",\"itemListElement\":[{\"@type\":\"ListItem\",\"position\":1,\"name\":\"Accueil\",\"item\":\"https:\/\/parier-presidentielle.com\/\"},{\"@type\":\"ListItem\",\"position\":2,\"name\":\"NetBet : Parier sur la politique et l&#8217;\u00e9lection Pr\u00e9sidentielle 2022\"}]},{\"@type\":\"WebSite\",\"@id\":\"https:\/\/parier-presidentielle.com\/#website\",\"url\":\"https:\/\/parier-presidentielle.com\/\",\"name\":\"Parier Pr\u00e9sidentielle\",\"description\":\"Paris, Pronostics, Wiki sur la Politique, les Elections Am\u00e9ricaines: Joe Biden, Donald Trump avec les Bookmakers en ligne Unibet, Bwin, Betclic, Winamax\",\"potentialAction\":[{\"@type\":\"SearchAction\",\"target\":{\"@type\":\"EntryPoint\",\"urlTemplate\":\"https:\/\/parier-presidentielle.com\/?s={search_term_string}\"},\"query-input\":\"required name=search_term_string\"}],\"inLanguage\":\"cs\"}]}<\/script>\n<!-- \/ Yoast SEO Premium plugin. -->","yoast_head_json":{"title":"NetBet : Parier sur la politique et l'\u00e9lection Pr\u00e9sidentielle 2022 - Finale Coupe du Monde FIFA","description":"Parier avec Netbet 100\u20ac offert pour votre 1er Pari sur la Politique, le Sport! Guide du Bookmaker pour profiter du Bonus de bienvenue...","robots":{"index":"index","follow":"follow","max-snippet":"max-snippet:-1","max-image-preview":"max-image-preview:large","max-video-preview":"max-video-preview:-1"},"canonical":"https:\/\/parier-presidentielle.com\/cs\/netbet-paris-politics-volby-2022\/","og_locale":"cs_CZ","og_type":"article","og_title":"NetBet : Parier sur la politique et l'\u00e9lection Pr\u00e9sidentielle 2022","og_description":"Parier avec Netbet 100\u20ac offert pour votre 1er Pari sur la Politique, le Sport! Guide du Bookmaker pour profiter du Bonus de bienvenue...","og_url":"https:\/\/parier-presidentielle.com\/cs\/netbet-paris-politics-volby-2022\/","og_site_name":"Parier Pr\u00e9sidentielle","article_modified_time":"2022-04-14T13:41:15+00:00","og_image":[{"url":"https:\/\/banners.livepartners.com\/view.php?z=151480"}],"twitter_card":"summary_large_image","twitter_misc":{"Est. reading time":"7 minut"},"schema":{"@context":"https:\/\/schema.org","@graph":[{"@type":"WebPage","@id":"https:\/\/parier-presidentielle.com\/netbet-paris-politique-election-2022\/","url":"https:\/\/parier-presidentielle.com\/netbet-paris-politique-election-2022\/","name":"NetBet : Parier sur la politique et l'\u00e9lection Pr\u00e9sidentielle 2022 - Finale Coupe du Monde FIFA","isPartOf":{"@id":"https:\/\/parier-presidentielle.com\/#website"},"datePublished":"2021-09-14T14:48:34+00:00","dateModified":"2022-04-14T13:41:15+00:00","description":"Parier avec Netbet 100\u20ac offert pour votre 1er Pari sur la Politique, le Sport! Guide du Bookmaker pour profiter du Bonus de bienvenue...","breadcrumb":{"@id":"https:\/\/parier-presidentielle.com\/netbet-paris-politique-election-2022\/#breadcrumb"},"inLanguage":"cs","potentialAction":[{"@type":"ReadAction","target":["https:\/\/parier-presidentielle.com\/netbet-paris-politique-election-2022\/"]}]},{"@type":"BreadcrumbList","@id":"https:\/\/parier-presidentielle.com\/netbet-paris-politique-election-2022\/#breadcrumb","itemListElement":[{"@type":"ListItem","position":1,"name":"Accueil","item":"https:\/\/parier-presidentielle.com\/"},{"@type":"ListItem","position":2,"name":"NetBet : Parier sur la politique et l&#8217;\u00e9lection Pr\u00e9sidentielle 2022"}]},{"@type":"WebSite","@id":"https:\/\/parier-presidentielle.com\/#website","url":"https:\/\/parier-presidentielle.com\/","name":"Parier Pr\u00e9sidentielle","description":"Paris, Pronostics, Wiki sur la Politique, les Elections Am\u00e9ricaines: Joe Biden, Donald Trump avec les Bookmakers en ligne Unibet, Bwin, Betclic, Winamax","potentialAction":[{"@type":"SearchAction","target":{"@type":"EntryPoint","urlTemplate":"https:\/\/parier-presidentielle.com\/?s={search_term_string}"},"query-input":"required name=search_term_string"}],"inLanguage":"cs"}]}},"_links":{"self":[{"href":"https:\/\/parier-presidentielle.com\/cs\/wp-json\/wp\/v2\/pages\/255"}],"collection":[{"href":"https:\/\/parier-presidentielle.com\/cs\/wp-json\/wp\/v2\/pages"}],"about":[{"href":"https:\/\/parier-presidentielle.com\/cs\/wp-json\/wp\/v2\/types\/page"}],"author":[{"embeddable":true,"href":"https:\/\/parier-presidentielle.com\/cs\/wp-json\/wp\/v2\/users\/1"}],"replies":[{"embeddable":true,"href":"https:\/\/parier-presidentielle.com\/cs\/wp-json\/wp\/v2\/comments?post=255"}],"version-history":[{"count":26,"href":"https:\/\/parier-presidentielle.com\/cs\/wp-json\/wp\/v2\/pages\/255\/revisions"}],"predecessor-version":[{"id":1412,"href":"https:\/\/parier-presidentielle.com\/cs\/wp-json\/wp\/v2\/pages\/255\/revisions\/1412"}],"wp:attachment":[{"href":"https:\/\/parier-presidentielle.com\/cs\/wp-json\/wp\/v2\/media?parent=255"}],"curies":[{"name":"wp","href":"https:\/\/api.w.org\/{rel}","templated":true}]}}