{"id":257,"date":"2021-09-14T16:52:08","date_gmt":"2021-09-14T14:52:08","guid":{"rendered":"https:\/\/parier-presidentielle.com\/?page_id=257"},"modified":"2022-04-24T11:53:58","modified_gmt":"2022-04-24T09:53:58","slug":"winamax-politique-election-2022","status":"publish","type":"page","link":"https:\/\/parier-presidentielle.com\/cs\/winamax-politika-volby-2022\/","title":{"rendered":"Winamax: Vsa\u010fte na politiku a prezidentsk\u00e9 volby 2022"},"content":{"rendered":"<div class=\"wp-block-columns is-layout-flex wp-container-4 wp-block-columns-is-layout-flex\">\n<div class=\"wp-block-column is-layout-flow wp-block-column-is-layout-flow\" style=\"flex-basis:100%\">\n<div class=\"wp-block-columns is-layout-flex wp-container-2 wp-block-columns-is-layout-flex\">\n<div class=\"wp-block-column is-layout-flow wp-block-column-is-layout-flow\" style=\"flex-basis:100%\">\n<center><script type=\"text\/javascript\" charset=\"utf-8\" src=\"https:\/\/www.gambling-affiliation.com\/cpm\/v=AmIMTDSs92QY6b0MzDMvM5laCjJ-ZlA-1oQ-7tKsi.w_GA7331V2\"><\/script><\/center>\n\n\n\n<p><\/p>\n\n\n\n<div class=\"wp-block-image is-style-default\"><figure class=\"aligncenter size-medium\"><a href=\"https:\/\/parier-presidentielle.com\/cs\/recommends\/unibet-logo\/\" target=\"_blank\" rel=\"no follow noopener\"><img decoding=\"async\" loading=\"lazy\" width=\"300\" height=\"169\" src=\"https:\/\/parier-presidentielle.com\/wp-content\/uploads\/2022\/04\/unibet-300x169.jpg\" alt=\"\" class=\"wp-image-1252\" srcset=\"https:\/\/parier-presidentielle.com\/wp-content\/uploads\/2022\/04\/unibet-300x169.jpg 300w, https:\/\/parier-presidentielle.com\/wp-content\/uploads\/2022\/04\/unibet-1024x576.jpg 1024w, https:\/\/parier-presidentielle.com\/wp-content\/uploads\/2022\/04\/unibet-768x432.jpg 768w, https:\/\/parier-presidentielle.com\/wp-content\/uploads\/2022\/04\/unibet-18x10.jpg 18w, https:\/\/parier-presidentielle.com\/wp-content\/uploads\/2022\/04\/unibet.jpg 1280w\" sizes=\"(max-width: 300px) 100vw, 300px\" \/><\/a><\/figure><\/div>\n<\/div>\n<\/div>\n<\/div>\n<\/div>\n\n\n\n<h2 class=\"wp-block-heading\"><span id=\"pour-le-moment-winamax-ne-propose-pas-de-paris-sur-l8217election\">Winamax v tuto chv\u00edli nenab\u00edz\u00ed s\u00e1zen\u00ed na volby! <\/span><\/h2>\n\n\n\n<p class=\"has-text-align-center\">Chcete si vsadit na budouc\u00edho prezidenta Francie? Pokud Winamax nenab\u00edz\u00ed s\u00e1zky na politiku a prezidentsk\u00e9 volby, jeho specialitou je poker, ale je mo\u017en\u00e9 s\u00e1zet u 2 p\u0159edn\u00edch s\u00e1zkov\u00fdch kancel\u00e1\u0159\u00ed ve Francii: <a href=\"https:\/\/parier-presidentielle.com\/cs\/bwin-politika-volby-2022\/\">Unibet <\/a>A <a href=\"https:\/\/parier-presidentielle.com\/cs\/unibet-politika-volby-2022\/\">Bwin<\/a><\/p>\n\n\n\n<h2 class=\"wp-block-heading\"><span id=\"winamax-en-bref\">Winamax ve zkratce<\/span><\/h2>\n\n\n\n<p><a href=\"https:\/\/parier-presidentielle.com\/cs\/winamax-politika-volby-2022\/\">Winamax<\/a>Spole\u010dnost .com LTD byla zalo\u017eena v roce 1999. P\u016fvodn\u011b vyvinula a distribuovala fotbalovou mana\u017eerskou hru. V roce 2000 investovali mimo jin\u00e9 soukrom\u00ed investo\u0159i. Francouzsko-\u0161v\u00fdcarsk\u00fd podnikatel Robert Louis-Dreyfus investoval do spole\u010dnosti dva miliony americk\u00fdch dolar\u016f, aby podpo\u0159il jej\u00ed mezin\u00e1rodn\u00ed rozvoj. Dreyfus p\u0159evzal vlastnictv\u00ed spole\u010dnosti s Alexandrem Roosem a Christophem Schamingem v roce 2004, kter\u00e1 se od t\u00e9 doby zam\u011b\u0159ovala na nab\u00eddku sportovn\u00edch s\u00e1zek ve Francii, N\u011bmecku a Anglii. Winamax tak\u00e9 nab\u00edz\u00ed online poker od kv\u011btna 2006. Schaming je od \u010dervna 2018 jedin\u00fdm vlastn\u00edkem.<\/p>\n\n\n\n<div class=\"wp-block-image\"><figure class=\"aligncenter size-full is-resized\"><img decoding=\"async\" loading=\"lazy\" src=\"https:\/\/parier-presidentielle.com\/wp-content\/uploads\/2022\/03\/winamax-election-presidentielle.jpg\" alt=\"\" class=\"wp-image-1010\" width=\"600\" height=\"300\" srcset=\"https:\/\/parier-presidentielle.com\/wp-content\/uploads\/2022\/03\/winamax-election-presidentielle.jpg 800w, https:\/\/parier-presidentielle.com\/wp-content\/uploads\/2022\/03\/winamax-election-presidentielle-300x150.jpg 300w, https:\/\/parier-presidentielle.com\/wp-content\/uploads\/2022\/03\/winamax-election-presidentielle-768x384.jpg 768w\" sizes=\"(max-width: 600px) 100vw, 600px\" \/><\/figure><\/div>\n\n\n\n<p>Winamax je prvn\u00ed online pokerov\u00e1 platforma ve Francii. V roce 2016 spole\u010dnost dos\u00e1hla ro\u010dn\u00edho obratu v\u00edce ne\u017e 135 milion\u016f eur, v roce 2018 byl obrat v\u00edce ne\u017e 200 milion\u016f eur. Nenab\u00edz\u00ed v\u0161ak s\u00e1zky na politiku ani na francouzsk\u00e9 volby v roce 2022.<\/p>\n\n\n\n<h2 class=\"wp-block-heading\"><span id=\"winamax-en-chiffre\">Winamax v \u010d\u00edslech<\/span><\/h2>\n\n\n\n<h3 class=\"wp-block-heading\"><span id=\"poker-et-paris-sportifs\">Poker a sportovn\u00ed s\u00e1zen\u00ed<\/span><\/h3>\n\n\n\n<p>S pod\u00edlem na trhu 63,7% je Winamax p\u0159edn\u00ed pokerovou str\u00e1nkou ve Francii. V \u010dervenci 2018 spole\u010dnost vstoupila na \u0161pan\u011blsk\u00fd trh a expanduje na \u0161pan\u011blsk\u00fd trh. Aplikace Winamax, kter\u00e1 je k dispozici pro PC, Mac a mobiln\u00ed telefony, je sv\u011btov\u011b prvn\u00ed ve sv\u00e9m oboru: pravideln\u011b aktualizovan\u00e1 a nejlep\u0161\u00ed aplikace na trhu od roku 2010. V roce 2014, u p\u0159\u00edle\u017eitosti mistrovstv\u00ed sv\u011bta ve fotbale, Winamax otev\u0159el sv\u016fj web pro sportovn\u00ed s\u00e1zen\u00ed a byla tak schopna dos\u00e1hnout rozd\u00edlu v konkuren\u010dn\u00edm poli, zejm\u00e9na d\u00edky nekonven\u010dn\u00edmu humorn\u00e9mu t\u00f3nu a nejlep\u0161\u00edm kurz\u016fm*.<\/p>\n\n\n\n<h3 class=\"wp-block-heading\"><span id=\"la-plus-grande-communaute-de-jeu-d8217europe\">Nejv\u011bt\u0161\u00ed evropsk\u00e1 hern\u00ed komunita<\/span><\/h3>\n\n\n\n<p>The Spirit of Winamax je duchem velk\u00e9 komunity v\u00edce ne\u017e 5,9 milion\u016f hr\u00e1\u010d\u016f ve Francii a \u0160pan\u011blsku a od roku 2006 nach\u00e1z\u00ed t\u00fddenn\u00ed vys\u00edl\u00e1n\u00ed na f\u00f3rech Wam-Poker, soci\u00e1ln\u00edch s\u00edt\u00edch a Winamax TV ( televizn\u00ed s\u00ed\u0165 zna\u010dky nab\u00edzej\u00edc\u00ed v\u00edce ne\u017e 40 hodiny). Winamax, kter\u00fd je p\u0159\u00edtomen na Twitteru, Facebooku, Instagramu a YouTube, m\u00e1 statis\u00edce odb\u011bratel\u016f, se kter\u00fdmi spole\u010dnost denn\u011b komunikuje a p\u0159in\u00e1\u0161\u00ed nov\u00fd obsah, kter\u00fd je vtipn\u00fd, vzd\u011bl\u00e1vac\u00ed a provokativn\u00ed, v\u0161e, co pot\u0159ebuje, je <a href=\"https:\/\/parier-presidentielle.com\/cs\/\">s\u00e1zen\u00ed na politiku<\/a> b\u00fdt perfektn\u00ed!<\/p>\n\n\n\n<h3 class=\"wp-block-heading\"><span id=\"securite\">Bezpe\u010dnostn\u00ed<\/span><\/h3>\n\n\n\n<p>Prvn\u00ed provozovatel schv\u00e1len\u00fd \u00da\u0159adem pro regulaci online her (ARJEL, kter\u00fd se od t\u00e9 doby stal N\u00e1rodn\u00edm \u00fa\u0159adem pro hry) v \u010dervnu 2010, Winamax garantuje sv\u00fdm hr\u00e1\u010d\u016fm maxim\u00e1ln\u00ed bezpe\u010dnost, od finan\u010dn\u00edch prost\u0159edk\u016f vlo\u017een\u00fdch na \u00fa\u010det a\u017e po ochranu proti podvod\u016fm a integritu swipe karty.<\/p>\n\n\n\n<p class=\"has-text-align-center unibet\" style=\"font-size:25px\"><mark style=\"background-color:rgba(0, 0, 0, 0);color:#0d7a12\" class=\"has-inline-color\"><strong><a href=\"https:\/\/parier-presidentielle.com\/cs\/recommends\/unibet\/\">Bonus 150 \u20ac nab\u00edzen\u00fd s Unibet<br>Pro svou prvn\u00ed politickou nebo sportovn\u00ed s\u00e1zku: Klikn\u011bte zde<\/a><\/strong><\/mark><\/p>\n\n\n\n<p><\/p>\n\n\n<div class=\"wp-block-image\">\n<figure class=\"aligncenter is-resized wp-duotone-000097-ff4747-5\"><img decoding=\"async\" loading=\"lazy\" src=\"https:\/\/parier-presidentielle.com\/wp-content\/uploads\/2021\/09\/election-standard-scale-4_00x-gigapixel-1024x623.jpg\" alt=\"Volby 2022\" style=\"width:256px;height:156px\" width=\"256\" height=\"156\"\/><\/figure><\/div>\n\n\n<p><br><\/p>\n\n\n\n<p><strong>Parier-presidential v\u00e1m pom\u016f\u017ee vybrat si mezi r\u016fzn\u00fdmi<a href=\"https:\/\/parier-presidentielle.com\/cs\/\"> Bookmake\u0159i Bwin, Unibet, Betclic vsad\u00ed v roce 2024 na budouc\u00edho americk\u00e9ho prezidenta<\/a> : <\/strong><br><a href=\"https:\/\/parier-presidentielle.com\/cs\/unibet-politika-volby-2022\/\">Prezidentsk\u00e1 s\u00e1zkov\u00e1 kancel\u00e1\u0159 Unibet<\/a> : Podrobn\u00fd a bezplatn\u00fd pr\u016fvodce, jak uzav\u0159\u00edt svou prvn\u00ed online s\u00e1zku se v\u0161emi kurzy a jak vyu\u017e\u00edt nab\u00edzen\u00fd bonus!<\/p>\n\n\n\n<p>Stejn\u011b jako dal\u0161\u00ed online str\u00e1nky v Pa\u0159\u00ed\u017ei: <a href=\"https:\/\/parier-presidentielle.com\/cs\/unibet-politika-volby-2022\/\">Bwin<\/a>, <a href=\"https:\/\/parier-presidentielle.com\/cs\/netbet-paris-politics-volby-2022\/\">NetBet<\/a>, <a href=\"https:\/\/parier-presidentielle.com\/cs\/betclic-prezidentska-2022\/\">Betclic<\/a>, <a href=\"https:\/\/parier-presidentielle.com\/cs\/winamax-politika-volby-2022\/\">Winamax<\/a>, Parions Sport, Zebet, Betway, France-Pari, Vbet, Cloudbet, 1Xbit, 1xbet, Betfair, Betwinner \u2026<\/p>\n\n\n\n<div class=\"wp-block-columns is-layout-flex wp-container-10 wp-block-columns-is-layout-flex\">\n<div class=\"wp-block-column is-layout-flow wp-block-column-is-layout-flow\" style=\"flex-basis:33.33%\">\n<p>Pr\u00e1v\u011b jste si p\u0159e\u010detli n\u00e1\u0161 soubor:<\/p>\n<\/div>\n\n\n\n<div class=\"wp-block-column is-layout-flow wp-block-column-is-layout-flow\" style=\"flex-basis:33.33%\">\n<div class=\"wp-block-group is-layout-flow wp-block-group-is-layout-flow\"><div class=\"wp-block-group__inner-container\"><h4 class=\"has-text-align-center wp-block-post-title\"><span id=\"winamax-parier-sur-la-politique-et-l8217election-presidentielle-2022\"><a href=\"https:\/\/parier-presidentielle.com\/cs\/winamax-politika-volby-2022\/\" target=\"_self\" >Winamax: Vsa\u010fte na politiku a prezidentsk\u00e9 volby 2022<\/a><\/span><\/h4><\/div><\/div>\n<\/div>\n\n\n\n<div class=\"wp-block-column is-layout-flow wp-block-column-is-layout-flow\" style=\"flex-basis:33.33%\">\n<p class=\"has-text-align-right\">Pokra\u010dujte ve \u010dten\u00ed s na\u0161imi dal\u0161\u00edmi exkluzivn\u00edmi soubory,<\/p>\n<\/div>\n<\/div>\n\n\n\n<h3 class=\"wp-block-heading\" id=\"tous-les-pronostics-sondage-et-cotes-pour-parier-sur-le-futur-vainqueur-de-l-election-presidentielle-2022\"><span id=\"tous-les-pronostics-sondage-et-cotes-pour-parier-sur-le-futur-vainqueur-de-l8217election-presidentielle-2024\">V\u0161echny p\u0159edpov\u011bdi, pr\u016fzkumy a kurzy na budouc\u00edho v\u00edt\u011bze prezidentsk\u00fdch voleb v roce 2024:<\/span><\/h3>\n\n\n\n<ul>\n<li><a href=\"https:\/\/parier-presidentielle.com\/cs\/makronove-volby\/\">Vsa\u010fte si na Emmanuela Macrona s Unibet, Betclic, Bwin<\/a> : Obl\u00edben\u00e9 v anket\u00e1ch a p\u0159edpov\u011bd\u00edch <\/li>\n\n\n\n<li><a href=\"https:\/\/parier-presidentielle.com\/cs\/marine-le-pen-volby\/\">Marine Le Pen: Jej\u00ed kurzy a jak s\u00e1zet u s\u00e1zkov\u00fdch kancel\u00e1\u0159\u00ed<\/a>: Vyzyvatel podle Unibetu<\/li>\n<\/ul>\n\n\n\n<p><\/p>\n\n\n\n<center><script type=\"text\/javascript\" charset=\"utf-8\" src=\"https:\/\/www.gambling-affiliation.com\/cpm\/v=AmIMTDSs92QY6b0MzDMvM5laCjJ-ZlA-1oQ-7tKsi.w_GA7331V2\"><\/script><\/center>\n\n\n\n<h3 class=\"wp-block-heading\"><span id=\"donald-trump-vs-joe-biden-la-video-qui-lance-les-paris-en-ligne-sur-l8217election-politique-de-2024\">Donald Trump vs Joe Biden: Video, kter\u00e9 spou\u0161t\u00ed online s\u00e1zen\u00ed na politick\u00e9 volby v roce 2024<\/span><\/h3>\n\n\n\n<figure class=\"wp-block-embed is-type-video is-provider-youtube wp-block-embed-youtube wp-embed-aspect-16-9 wp-has-aspect-ratio\"><div class=\"wp-block-embed__wrapper\">\n<iframe loading=\"lazy\" title=\"B\u00fdval\u00fd prezident Donald Trump zahajuje nab\u00eddku B\u00edl\u00e9ho domu v roce 2024 #Short\" width=\"640\" height=\"360\" src=\"https:\/\/www.youtube.com\/embed\/hZykPRVe4Ag?feature=oembed\" frameborder=\"0\" allow=\"accelerometer; autoplay; clipboard-write; encrypted-media; gyroscope; picture-in-picture; web-share\" allowfullscreen><\/iframe>\n<\/div><\/figure>\n\n\n<div class=\"wp-block-image\">\n<figure class=\"aligncenter size-medium\"><a href=\"https:\/\/parier-presidentielle.com\/cs\/recommends\/unibet\/\" target=\"_blank\" rel=\"noopener\"><img decoding=\"async\" loading=\"lazy\" width=\"300\" height=\"169\" src=\"https:\/\/parier-presidentielle.com\/wp-content\/uploads\/2022\/04\/unibet-300x169.jpg\" alt=\"\" class=\"wp-image-1252\" srcset=\"https:\/\/parier-presidentielle.com\/wp-content\/uploads\/2022\/04\/unibet-300x169.jpg 300w, https:\/\/parier-presidentielle.com\/wp-content\/uploads\/2022\/04\/unibet-1024x576.jpg 1024w, https:\/\/parier-presidentielle.com\/wp-content\/uploads\/2022\/04\/unibet-768x432.jpg 768w, https:\/\/parier-presidentielle.com\/wp-content\/uploads\/2022\/04\/unibet-18x10.jpg 18w, https:\/\/parier-presidentielle.com\/wp-content\/uploads\/2022\/04\/unibet.jpg 1280w\" sizes=\"(max-width: 300px) 100vw, 300px\" \/><\/a><\/figure><\/div>\n\n\n<p>Najd\u011bte Wiki, z\u00e1kladn\u00ed politick\u00e9 zpr\u00e1vy o konop\u00ed a jeho leg\u00e1ln\u00edch deriv\u00e1tech: <strong>HHC, H4cbd, Thcp, Thcv, HSD, HHCPO, C4B<\/strong><\/p>\n<div id=\"toc_container\" class=\"no_bullets\"><p class=\"toc_title\">Obsah<\/p><ul class=\"toc_list\"><li><\/li><li><\/li><li><ul><li><\/li><li><\/li><li><ul><li><\/li><\/ul><\/li><li><\/li><li><\/li><\/ul><\/li><\/ul><\/div>","protected":false},"excerpt":{"rendered":"<p>Pour le moment Winamax ne propose pas de paris sur l&#8217;\u00e9lection! Vous voulez pariez sur le futur pr\u00e9sident de la France? Si Winamax ne propose de paris sur la politique et la pr\u00e9sidentielle sa sp\u00e9cialit\u00e9 c&#8217;est le poker mais il est possible de parier avec les 2 bookmakers leader du march\u00e9 en France : Unibet &#8230;<\/p>","protected":false},"author":1,"featured_media":0,"parent":0,"menu_order":0,"comment_status":"closed","ping_status":"closed","template":"page-nosidebar.php","meta":{"footnotes":""},"yoast_head":"<!-- This site is optimized with the Yoast SEO Premium plugin v21.0 (Yoast SEO v21.0) - https:\/\/yoast.com\/wordpress\/plugins\/seo\/ -->\n<title>Winamax : Parier sur la politique et l&#039;\u00e9lection Pr\u00e9sidentielle 2022 - Finale Coupe du Monde FIFA<\/title>\n<meta name=\"description\" content=\"Parier avec Winamax 100\u20ac offert pour votre 1er Pari sur la Politique, le Sport! Guide du Bookmaker pour profiter du Bonus de bienvenue...\" \/>\n<meta name=\"robots\" content=\"index, follow, max-snippet:-1, max-image-preview:large, max-video-preview:-1\" \/>\n<link rel=\"canonical\" href=\"https:\/\/parier-presidentielle.com\/cs\/winamax-politika-volby-2022\/\" \/>\n<meta property=\"og:locale\" content=\"cs_CZ\" \/>\n<meta property=\"og:type\" content=\"article\" \/>\n<meta property=\"og:title\" content=\"Winamax : Parier sur la politique et l&#039;\u00e9lection Pr\u00e9sidentielle 2022\" \/>\n<meta property=\"og:description\" content=\"Parier avec Winamax 100\u20ac offert pour votre 1er Pari sur la Politique, le Sport! Guide du Bookmaker pour profiter du Bonus de bienvenue...\" \/>\n<meta property=\"og:url\" content=\"https:\/\/parier-presidentielle.com\/cs\/winamax-politika-volby-2022\/\" \/>\n<meta property=\"og:site_name\" content=\"Parier Pr\u00e9sidentielle\" \/>\n<meta property=\"article:modified_time\" content=\"2022-04-24T09:53:58+00:00\" \/>\n<meta property=\"og:image\" content=\"https:\/\/parier-presidentielle.com\/wp-content\/uploads\/2022\/03\/winamax-election-presidentielle.jpg\" \/>\n<meta name=\"twitter:card\" content=\"summary_large_image\" \/>\n<meta name=\"twitter:label1\" content=\"Est. reading time\" \/>\n\t<meta name=\"twitter:data1\" content=\"3 minuty\" \/>\n<script type=\"application\/ld+json\" class=\"yoast-schema-graph\">{\"@context\":\"https:\/\/schema.org\",\"@graph\":[{\"@type\":\"WebPage\",\"@id\":\"https:\/\/parier-presidentielle.com\/winamax-politique-election-2022\/\",\"url\":\"https:\/\/parier-presidentielle.com\/winamax-politique-election-2022\/\",\"name\":\"Winamax : Parier sur la politique et l'\u00e9lection Pr\u00e9sidentielle 2022 - Finale Coupe du Monde FIFA\",\"isPartOf\":{\"@id\":\"https:\/\/parier-presidentielle.com\/#website\"},\"datePublished\":\"2021-09-14T14:52:08+00:00\",\"dateModified\":\"2022-04-24T09:53:58+00:00\",\"description\":\"Parier avec Winamax 100\u20ac offert pour votre 1er Pari sur la Politique, le Sport! Guide du Bookmaker pour profiter du Bonus de bienvenue...\",\"breadcrumb\":{\"@id\":\"https:\/\/parier-presidentielle.com\/winamax-politique-election-2022\/#breadcrumb\"},\"inLanguage\":\"cs\",\"potentialAction\":[{\"@type\":\"ReadAction\",\"target\":[\"https:\/\/parier-presidentielle.com\/winamax-politique-election-2022\/\"]}]},{\"@type\":\"BreadcrumbList\",\"@id\":\"https:\/\/parier-presidentielle.com\/winamax-politique-election-2022\/#breadcrumb\",\"itemListElement\":[{\"@type\":\"ListItem\",\"position\":1,\"name\":\"Accueil\",\"item\":\"https:\/\/parier-presidentielle.com\/\"},{\"@type\":\"ListItem\",\"position\":2,\"name\":\"Winamax : Parier sur la politique et l&#8217;\u00e9lection Pr\u00e9sidentielle 2022\"}]},{\"@type\":\"WebSite\",\"@id\":\"https:\/\/parier-presidentielle.com\/#website\",\"url\":\"https:\/\/parier-presidentielle.com\/\",\"name\":\"Parier Pr\u00e9sidentielle\",\"description\":\"Paris, Pronostics, Wiki sur la Politique, les Elections Am\u00e9ricaines: Joe Biden, Donald Trump avec les Bookmakers en ligne Unibet, Bwin, Betclic, Winamax\",\"potentialAction\":[{\"@type\":\"SearchAction\",\"target\":{\"@type\":\"EntryPoint\",\"urlTemplate\":\"https:\/\/parier-presidentielle.com\/?s={search_term_string}\"},\"query-input\":\"required name=search_term_string\"}],\"inLanguage\":\"cs\"}]}<\/script>\n<!-- \/ Yoast SEO Premium plugin. -->","yoast_head_json":{"title":"Winamax : Parier sur la politique et l'\u00e9lection Pr\u00e9sidentielle 2022 - Finale Coupe du Monde FIFA","description":"Parier avec Winamax 100\u20ac offert pour votre 1er Pari sur la Politique, le Sport! Guide du Bookmaker pour profiter du Bonus de bienvenue...","robots":{"index":"index","follow":"follow","max-snippet":"max-snippet:-1","max-image-preview":"max-image-preview:large","max-video-preview":"max-video-preview:-1"},"canonical":"https:\/\/parier-presidentielle.com\/cs\/winamax-politika-volby-2022\/","og_locale":"cs_CZ","og_type":"article","og_title":"Winamax : Parier sur la politique et l'\u00e9lection Pr\u00e9sidentielle 2022","og_description":"Parier avec Winamax 100\u20ac offert pour votre 1er Pari sur la Politique, le Sport! Guide du Bookmaker pour profiter du Bonus de bienvenue...","og_url":"https:\/\/parier-presidentielle.com\/cs\/winamax-politika-volby-2022\/","og_site_name":"Parier Pr\u00e9sidentielle","article_modified_time":"2022-04-24T09:53:58+00:00","og_image":[{"url":"https:\/\/parier-presidentielle.com\/wp-content\/uploads\/2022\/03\/winamax-election-presidentielle.jpg"}],"twitter_card":"summary_large_image","twitter_misc":{"Est. reading time":"3 minuty"},"schema":{"@context":"https:\/\/schema.org","@graph":[{"@type":"WebPage","@id":"https:\/\/parier-presidentielle.com\/winamax-politique-election-2022\/","url":"https:\/\/parier-presidentielle.com\/winamax-politique-election-2022\/","name":"Winamax : Parier sur la politique et l'\u00e9lection Pr\u00e9sidentielle 2022 - Finale Coupe du Monde FIFA","isPartOf":{"@id":"https:\/\/parier-presidentielle.com\/#website"},"datePublished":"2021-09-14T14:52:08+00:00","dateModified":"2022-04-24T09:53:58+00:00","description":"Parier avec Winamax 100\u20ac offert pour votre 1er Pari sur la Politique, le Sport! Guide du Bookmaker pour profiter du Bonus de bienvenue...","breadcrumb":{"@id":"https:\/\/parier-presidentielle.com\/winamax-politique-election-2022\/#breadcrumb"},"inLanguage":"cs","potentialAction":[{"@type":"ReadAction","target":["https:\/\/parier-presidentielle.com\/winamax-politique-election-2022\/"]}]},{"@type":"BreadcrumbList","@id":"https:\/\/parier-presidentielle.com\/winamax-politique-election-2022\/#breadcrumb","itemListElement":[{"@type":"ListItem","position":1,"name":"Accueil","item":"https:\/\/parier-presidentielle.com\/"},{"@type":"ListItem","position":2,"name":"Winamax : Parier sur la politique et l&#8217;\u00e9lection Pr\u00e9sidentielle 2022"}]},{"@type":"WebSite","@id":"https:\/\/parier-presidentielle.com\/#website","url":"https:\/\/parier-presidentielle.com\/","name":"Parier Pr\u00e9sidentielle","description":"Paris, Pronostics, Wiki sur la Politique, les Elections Am\u00e9ricaines: Joe Biden, Donald Trump avec les Bookmakers en ligne Unibet, Bwin, Betclic, Winamax","potentialAction":[{"@type":"SearchAction","target":{"@type":"EntryPoint","urlTemplate":"https:\/\/parier-presidentielle.com\/?s={search_term_string}"},"query-input":"required name=search_term_string"}],"inLanguage":"cs"}]}},"_links":{"self":[{"href":"https:\/\/parier-presidentielle.com\/cs\/wp-json\/wp\/v2\/pages\/257"}],"collection":[{"href":"https:\/\/parier-presidentielle.com\/cs\/wp-json\/wp\/v2\/pages"}],"about":[{"href":"https:\/\/parier-presidentielle.com\/cs\/wp-json\/wp\/v2\/types\/page"}],"author":[{"embeddable":true,"href":"https:\/\/parier-presidentielle.com\/cs\/wp-json\/wp\/v2\/users\/1"}],"replies":[{"embeddable":true,"href":"https:\/\/parier-presidentielle.com\/cs\/wp-json\/wp\/v2\/comments?post=257"}],"version-history":[{"count":8,"href":"https:\/\/parier-presidentielle.com\/cs\/wp-json\/wp\/v2\/pages\/257\/revisions"}],"predecessor-version":[{"id":1630,"href":"https:\/\/parier-presidentielle.com\/cs\/wp-json\/wp\/v2\/pages\/257\/revisions\/1630"}],"wp:attachment":[{"href":"https:\/\/parier-presidentielle.com\/cs\/wp-json\/wp\/v2\/media?parent=257"}],"curies":[{"name":"wp","href":"https:\/\/api.w.org\/{rel}","templated":true}]}}