{"id":269,"date":"2021-09-14T17:14:49","date_gmt":"2021-09-14T15:14:49","guid":{"rendered":"https:\/\/parier-presidentielle.com\/?page_id=269"},"modified":"2022-04-22T01:06:24","modified_gmt":"2022-04-21T23:06:24","slug":"bookmaker-election-politique-2022","status":"publish","type":"page","link":"https:\/\/parier-presidentielle.com\/cs\/bookmaker-volby-politika-2022\/","title":{"rendered":"Bookmaker: Kde je nejlep\u0161\u00ed s\u00e1zet na politiku a prezidentsk\u00e9 volby v roce 2022?"},"content":{"rendered":"<div class=\"wp-block-columns is-layout-flex wp-container-4 wp-block-columns-is-layout-flex\">\n<div class=\"wp-block-column is-layout-flow wp-block-column-is-layout-flow\" style=\"flex-basis:100%\">\n<div class=\"wp-block-columns is-layout-flex wp-container-2 wp-block-columns-is-layout-flex\">\n<div class=\"wp-block-column is-layout-flow wp-block-column-is-layout-flow\" style=\"flex-basis:100%\">\n<center><script type=\"text\/javascript\" charset=\"utf-8\" src=\"https:\/\/www.gambling-affiliation.com\/cpm\/v=AmIMTDSs92QY6b0MzDMvM5laCjJ-ZlA-1oQ-7tKsi.w_GA7331V2\"><\/script><\/center>\n\n\n\n<p><\/p>\n\n\n\n<div class=\"wp-block-image is-style-default\"><figure class=\"aligncenter size-medium\"><a href=\"https:\/\/parier-presidentielle.com\/cs\/recommends\/unibet-logo\/\" target=\"_blank\" rel=\"no follow noopener\"><img decoding=\"async\" loading=\"lazy\" width=\"300\" height=\"169\" src=\"https:\/\/parier-presidentielle.com\/wp-content\/uploads\/2022\/04\/unibet-300x169.jpg\" alt=\"\" class=\"wp-image-1252\" srcset=\"https:\/\/parier-presidentielle.com\/wp-content\/uploads\/2022\/04\/unibet-300x169.jpg 300w, https:\/\/parier-presidentielle.com\/wp-content\/uploads\/2022\/04\/unibet-1024x576.jpg 1024w, https:\/\/parier-presidentielle.com\/wp-content\/uploads\/2022\/04\/unibet-768x432.jpg 768w, https:\/\/parier-presidentielle.com\/wp-content\/uploads\/2022\/04\/unibet-18x10.jpg 18w, https:\/\/parier-presidentielle.com\/wp-content\/uploads\/2022\/04\/unibet.jpg 1280w\" sizes=\"(max-width: 300px) 100vw, 300px\" \/><\/a><\/figure><\/div>\n<\/div>\n<\/div>\n<\/div>\n<\/div>\n\n\n\n<h2 class=\"wp-block-heading\"><span id=\"les-bookmakers-unibet-bwin-betclic-le-top-3\">Bookmake\u0159i Unibet, Bwin, Betclic top 3!<\/span><\/h2>\n\n\n\n<p>Chcete-li vsadit na v\u00edt\u011bze <a href=\"https:\/\/parier-presidentielle.com\/cs\/\">volby 2022<\/a>, po otestov\u00e1n\u00ed des\u00edtek s\u00e1zkov\u00fdch kancel\u00e1\u0159\u00ed se zd\u00e1, \u017ee Betclic, Unibet, Bwin jsou t\u011bmi nejlep\u0161\u00edmi, kdo najde n\u00e1\u0161 exkluzivn\u00ed soubor, abyste mohli sv\u00e9 prvn\u00ed s\u00e1zky na politiku tak\u00e9 prost\u0159ednictv\u00edm po\u010d\u00edta\u010de, telefonu nebo dokonce aplikac\u00ed:<\/p>\n\n\n\n<p><a href=\"https:\/\/parier-presidentielle.com\/cs\/unibet-politika-volby-2022\/\">Unibet: Nejlep\u0161\u00ed kurzy na prezidentsk\u00e9 volby<\/a><br><a href=\"https:\/\/parier-presidentielle.com\/cs\/bwin-politika-volby-2022\/\">Bwin: Novinka ve volb\u00e1ch v roce 2022<\/a><br><a href=\"https:\/\/parier-presidentielle.com\/cs\/betclic-prezidentska-2022\/\">Betclic: Fotbalov\u00e1 s\u00e1zkov\u00e1 kancel\u00e1\u0159<\/a><\/p>\n\n\n\n<div class=\"wp-block-image is-style-default wp-duotone-000097-ff4747-5\"><figure class=\"aligncenter size-full is-resized\"><img decoding=\"async\" loading=\"lazy\" src=\"https:\/\/parier-presidentielle.com\/wp-content\/uploads\/2021\/09\/depositphotos_172634272-stock-illustration-bookmakers-men-with-money.jpg\" alt=\"Bookmake\u0159i a politika\" class=\"wp-image-279\" width=\"450\" height=\"314\" srcset=\"https:\/\/parier-presidentielle.com\/wp-content\/uploads\/2021\/09\/depositphotos_172634272-stock-illustration-bookmakers-men-with-money.jpg 600w, https:\/\/parier-presidentielle.com\/wp-content\/uploads\/2021\/09\/depositphotos_172634272-stock-illustration-bookmakers-men-with-money-300x210.jpg 300w\" sizes=\"(max-width: 450px) 100vw, 450px\" \/><\/figure><\/div>\n\n\n\n<p>S\u00e1zky na politiku se s\u00e1zkov\u00fdmi kancel\u00e1\u0159emi <a href=\"https:\/\/parier-presidentielle.com\/cs\/betclic-prezidentska-2022\/\">Betclic<\/a>, <a href=\"https:\/\/parier-presidentielle.com\/cs\/unibet-politika-volby-2022\/\">Unibet<\/a>, <a href=\"https:\/\/parier-presidentielle.com\/cs\/bwin-politika-volby-2022\/\">Bwin<\/a>, <a href=\"https:\/\/parier-presidentielle.com\/cs\/winamax-politika-volby-2022\/\">Winamax<\/a>\u2026jsou vzru\u0161uj\u00edc\u00ed a v\u00e1\u0161niv\u00e9 t\u00e9ma! Proto\u017ee politick\u00e9 debaty ve Francii jsou denn\u011b v m\u00e9di\u00edch a s\u00edl\u00ed, jak se bl\u00ed\u017e\u00ed volby.<\/p>\n\n\n\n<p>S\u00e1zky na v\u00fdsledky politick\u00fdch voleb jsou aktu\u00e1ln\u011b dostupn\u00e9 na Unibetu a lze je otev\u0159\u00edt n\u011bkolik let p\u0159ed datem voleb. Ve skute\u010dnosti si ji\u017e m\u016f\u017eete vsadit na americk\u00e9 prezidentsk\u00e9 volby v roce 2024.<\/p>\n\n\n\n<p>Ka\u017ed\u00e1 volba m\u00e1 sv\u00e1 pravidla a s\u00e1zka\u0159i mus\u00ed um\u011bt posoudit, co ovlivn\u00ed v\u00fdsledek jednotliv\u00fdch akc\u00ed, co\u017e je pom\u011brn\u011b unik\u00e1tn\u00ed.<\/p>\n\n\n\n<h3 class=\"wp-block-heading\"><span id=\"facteurs-qui-influencent-un-pari-politique\">Faktory, kter\u00e9 ovliv\u0148uj\u00ed politickou s\u00e1zku<\/span><\/h3>\n\n\n\n<p>Existuje n\u011bkolik faktor\u016f, kter\u00e9 mohou ovlivnit v\u00fdsledek. M\u016f\u017ee to b\u00fdt skand\u00e1l, f\u00e1ma z opa\u010dn\u00e9ho t\u00e1bora, aktu\u00e1ln\u00ed zpr\u00e1va, \u0161okuj\u00edc\u00ed v\u011bta, kvalita l\u00eddra, p\u0159edvolebn\u00ed sliby, strana, kter\u00e1 je podporuje, zp\u016fsob prezentace kandid\u00e1ta v m\u00e9di\u00edch, s\u00edla p\u0159esv\u011bd\u010den\u00ed b\u011bhem debaty.<\/p>\n\n\n\n<p><\/p>\n\n\n\n<h2 class=\"wp-block-heading\"><span id=\"presentation-de-l8217activite-de-bookmaker\">Prezentace \u010dinnosti Bookmaker <\/span><\/h2>\n\n\n\n<p>Bookmaker je spole\u010dnost, jej\u00edm\u017e p\u0159edm\u011btem \u010dinnosti je p\u0159ij\u00edm\u00e1n\u00ed s\u00e1zek na r\u016fzn\u00e9 nadch\u00e1zej\u00edc\u00ed ud\u00e1losti (nej\u010dast\u011bji sportovn\u00ed) s p\u0159edem dohodnut\u00fdmi kurzy, kter\u00e9 jsou ur\u010deny pravd\u011bpodobnostmi, a tak\u00e9 v\u00fdplatou v\u00fdher. Bookmake\u0159i Bwin, Unibet\u2026 p\u0159ij\u00edmaj\u00ed s\u00e1zky na dostihy a dostihy, na v\u00fdsledky r\u016fzn\u00fdch sportovn\u00edch, politick\u00fdch, kulturn\u00edch, finan\u010dn\u00edch, meteorologick\u00fdch a jin\u00fdch ud\u00e1lost\u00ed. Pro bookmakera je d\u016fle\u017eit\u00e9 dob\u0159e p\u0159edv\u00eddat (nez\u00e1visle nebo na z\u00e1klad\u011b jin\u00fdch predikc\u00ed) o\u010dek\u00e1van\u00e9 pravd\u011bpodobnosti ud\u00e1lost\u00ed, na kter\u00e9 jsou s\u00e1zky p\u0159ij\u00edm\u00e1ny, a budouc\u00ed oblibu r\u016fzn\u00fdch s\u00e1zek mezi potenci\u00e1ln\u00edmi z\u00e1kazn\u00edky.<\/p>\n\n\n\n<h2 class=\"wp-block-heading\"><span id=\"histoire-des-bookmakers\">Historie s\u00e1zkov\u00fdch kancel\u00e1\u0159\u00ed<\/span><\/h2>\n\n\n\n<p>P\u0159edch\u016fdcem bookmakingu bylo losov\u00e1n\u00ed, p\u0159i kter\u00e9m se nejprve se\u010detly s\u00e1zky r\u016fzn\u00fdch hr\u00e1\u010d\u016f na stejnou ud\u00e1lost a n\u00e1sledn\u011b se celkov\u00e1 \u010d\u00e1stka, krom\u011b ur\u010dit\u00e9ho organiza\u010dn\u00edho procenta, rozd\u011blila mezi ty, kte\u0159\u00ed uhodli dobr\u00fd v\u00fdsledek. U losov\u00e1n\u00ed, na rozd\u00edl od bookmakingu, nebyla od po\u0159adatel\u016f vy\u017eadov\u00e1na \u017e\u00e1dn\u00e1 p\u0159edpov\u011b\u010f. M\u00edstem, kde se sportovn\u00ed s\u00e1zen\u00ed konalo, byla tradi\u010dn\u011b od nepam\u011bti dostihov\u00e1 dr\u00e1ha. Bylo tomu tak ji\u017e od dob \u0158\u00edmsk\u00e9 \u0159\u00ed\u0161e. Po \u010dase se na z\u00e1vodi\u0161t\u011b p\u0159idaly i kohout\u00ed z\u00e1pasy \u2013 z\u00e1bava pro plebs. Ale teprve v 19. stolet\u00ed se p\u0159edm\u011btem s\u00e1zen\u00ed staly r\u016fzn\u00e9 sporty. Praxe rychle uk\u00e1zala, \u017ee m\u016f\u017eete vsadit na cokoli, co b\u011b\u017e\u00ed, sk\u00e1\u010de, \u0161plh\u00e1 a l\u00e9t\u00e1. Hlavn\u00ed je, \u017ee tento sport m\u00e1 hodn\u011b fanou\u0161k\u016f. Povol\u00e1n\u00ed bookmakera se zrodilo jako alternativa k losov\u00e1n\u00ed. Vytv\u00e1\u0159en\u00ed s\u00e1zek na rozd\u00edl od s\u00e1zek nevy\u017eadovalo rozs\u00e1hlou organizaci vyb\u00edr\u00e1n\u00ed s\u00e1zek u jedn\u00e9 pokladny, a proto bylo relativn\u011b snadn\u00e9 je prov\u00e1d\u011bt i v obdob\u00ed z\u00e1kazu s\u00e1zek a perzekuce takov\u00fdch ud\u00e1lost\u00ed. Stalo se tak ve Velk\u00e9 Brit\u00e1nii, kter\u00e1 si st\u00e1le dr\u017e\u00ed prvn\u00ed m\u00edsto na sv\u011bt\u011b jak v po\u010dtu <a href=\"https:\/\/parier-presidentielle.com\/cs\/bookmaker-volby-politika-2022\/\">s\u00e1zkov\u00e9 kancel\u00e1\u0159e <\/a>a v po\u010dtu s\u00e1zej\u00edc\u00edch.<\/p>\n\n\n\n<p><\/p>\n\n\n\n<h3 class=\"has-text-align-center wp-block-heading\"><span id=\"dossier-special-bookmaker-unibet-bwin-mondial-quatar\"><br>Zvl\u00e1\u0161tn\u00ed zpr\u00e1va Bookmaker Unibet Bwin &amp; Mondial Quatar <\/span><\/h3>\n\n\n\n<p>Ud\u011blejte svou prvn\u00ed online s\u00e1zku na politiku a v\u0161echny sporty d\u00edky na\u0161im soubor\u016fm na r\u016fzn\u00fdch str\u00e1nk\u00e1ch: Betclic, Winamax, Unibet, Betclic: <\/p>\n\n\n\n<p>S pomoc\u00ed online s\u00e1zkov\u00fdch kancel\u00e1\u0159\u00ed, jako jsou Bwin, Unibet a Betclic, m\u00e1te p\u0159\u00edstup k r\u016fzn\u00fdm s\u00e1zkov\u00fdm trh\u016fm pro tento turnaj, co\u017e v\u00e1m d\u00e1v\u00e1 \u0161anci vyhr\u00e1t velk\u00e9 v\u00fdhry. Z\u00e1v\u011brem lze \u0159\u00edci, \u017ee francouzsk\u00fd t\u00fdm by mohl b\u00fdt jedn\u00edm z t\u00fdm\u016f, kter\u00e9 byste m\u011bli sledovat b\u011bhem Sv\u011bta 2022. Poh\u00e1r. S pomoc\u00ed online s\u00e1zkov\u00fdch kancel\u00e1\u0159\u00ed jako Bwin, Unibet a Betclic m\u016f\u017eete sb\u00edrat informace o Portugalsku a uzav\u00edrat informovan\u00e9 s\u00e1zky na jejich v\u00fdkon v tomto turnaji. Pro\u010d tedy nevyu\u017e\u00edt p\u0159\u00edle\u017eitosti potenci\u00e1ln\u011b t\u011b\u017eit z \u00fasp\u011bchu Francie v roce 2022?<\/p>\n\n\n\n<p><\/p>\n\n\n\n<p class=\"has-text-align-center unibet\" style=\"font-size:25px\"><mark style=\"background-color:rgba(0, 0, 0, 0);color:#0d7a12\" class=\"has-inline-color\"><strong><a href=\"https:\/\/parier-presidentielle.com\/cs\/recommends\/unibet\/\">Bonus 150 \u20ac nab\u00edzen\u00fd s Unibet<br>Pro svou prvn\u00ed politickou nebo sportovn\u00ed s\u00e1zku: Klikn\u011bte zde<\/a><\/strong><\/mark><\/p>\n\n\n\n<p><\/p>\n\n\n<div class=\"wp-block-image\">\n<figure class=\"aligncenter is-resized wp-duotone-000097-ff4747-6\"><img decoding=\"async\" loading=\"lazy\" src=\"https:\/\/parier-presidentielle.com\/wp-content\/uploads\/2021\/09\/election-standard-scale-4_00x-gigapixel-1024x623.jpg\" alt=\"Volby 2022\" style=\"width:256px;height:156px\" width=\"256\" height=\"156\"\/><\/figure><\/div>\n\n\n<p><br><\/p>\n\n\n\n<p><strong>Parier-presidential v\u00e1m pom\u016f\u017ee vybrat si mezi r\u016fzn\u00fdmi<a href=\"https:\/\/parier-presidentielle.com\/cs\/\"> Bookmake\u0159i Bwin, Unibet, Betclic vsad\u00ed v roce 2024 na budouc\u00edho americk\u00e9ho prezidenta<\/a> : <\/strong><br><a href=\"https:\/\/parier-presidentielle.com\/cs\/unibet-politika-volby-2022\/\">Prezidentsk\u00e1 s\u00e1zkov\u00e1 kancel\u00e1\u0159 Unibet<\/a> : Podrobn\u00fd a bezplatn\u00fd pr\u016fvodce, jak uzav\u0159\u00edt svou prvn\u00ed online s\u00e1zku se v\u0161emi kurzy a jak vyu\u017e\u00edt nab\u00edzen\u00fd bonus!<\/p>\n\n\n\n<p>Stejn\u011b jako dal\u0161\u00ed online str\u00e1nky v Pa\u0159\u00ed\u017ei: <a href=\"https:\/\/parier-presidentielle.com\/cs\/unibet-politika-volby-2022\/\">Bwin<\/a>, <a href=\"https:\/\/parier-presidentielle.com\/cs\/netbet-paris-politics-volby-2022\/\">NetBet<\/a>, <a href=\"https:\/\/parier-presidentielle.com\/cs\/betclic-prezidentska-2022\/\">Betclic<\/a>, <a href=\"https:\/\/parier-presidentielle.com\/cs\/winamax-politika-volby-2022\/\">Winamax<\/a>, Parions Sport, Zebet, Betway, France-Pari, Vbet, Cloudbet, 1Xbit, 1xbet, Betfair, Betwinner \u2026<\/p>\n\n\n\n<div class=\"wp-block-columns is-layout-flex wp-container-11 wp-block-columns-is-layout-flex\">\n<div class=\"wp-block-column is-layout-flow wp-block-column-is-layout-flow\" style=\"flex-basis:33.33%\">\n<p>Pr\u00e1v\u011b jste si p\u0159e\u010detli n\u00e1\u0161 soubor:<\/p>\n<\/div>\n\n\n\n<div class=\"wp-block-column is-layout-flow wp-block-column-is-layout-flow\" style=\"flex-basis:33.33%\">\n<div class=\"wp-block-group is-layout-flow wp-block-group-is-layout-flow\"><div class=\"wp-block-group__inner-container\"><h4 class=\"has-text-align-center wp-block-post-title\"><span id=\"bookmaker-quelle-est-le-meilleur-pour-parier-sur-la-politique-et-l8217election-presidentielle-de-2022\"><a href=\"https:\/\/parier-presidentielle.com\/cs\/bookmaker-volby-politika-2022\/\" target=\"_self\" >Bookmaker: Kde je nejlep\u0161\u00ed s\u00e1zet na politiku a prezidentsk\u00e9 volby v roce 2022?<\/a><\/span><\/h4><\/div><\/div>\n<\/div>\n\n\n\n<div class=\"wp-block-column is-layout-flow wp-block-column-is-layout-flow\" style=\"flex-basis:33.33%\">\n<p class=\"has-text-align-right\">Pokra\u010dujte ve \u010dten\u00ed s na\u0161imi dal\u0161\u00edmi exkluzivn\u00edmi soubory,<\/p>\n<\/div>\n<\/div>\n\n\n\n<h3 class=\"wp-block-heading\" id=\"tous-les-pronostics-sondage-et-cotes-pour-parier-sur-le-futur-vainqueur-de-l-election-presidentielle-2022\"><span id=\"tous-les-pronostics-sondage-et-cotes-pour-parier-sur-le-futur-vainqueur-de-l8217election-presidentielle-2024\">V\u0161echny p\u0159edpov\u011bdi, pr\u016fzkumy a kurzy na budouc\u00edho v\u00edt\u011bze prezidentsk\u00fdch voleb v roce 2024:<\/span><\/h3>\n\n\n\n<ul>\n<li><a href=\"https:\/\/parier-presidentielle.com\/cs\/makronove-volby\/\">Vsa\u010fte si na Emmanuela Macrona s Unibet, Betclic, Bwin<\/a> : Obl\u00edben\u00e9 v anket\u00e1ch a p\u0159edpov\u011bd\u00edch <\/li>\n\n\n\n<li><a href=\"https:\/\/parier-presidentielle.com\/cs\/marine-le-pen-volby\/\">Marine Le Pen: Jej\u00ed kurzy a jak s\u00e1zet u s\u00e1zkov\u00fdch kancel\u00e1\u0159\u00ed<\/a>: Vyzyvatel podle Unibetu<\/li>\n<\/ul>\n\n\n\n<p><\/p>\n\n\n\n<center><script type=\"text\/javascript\" charset=\"utf-8\" src=\"https:\/\/www.gambling-affiliation.com\/cpm\/v=AmIMTDSs92QY6b0MzDMvM5laCjJ-ZlA-1oQ-7tKsi.w_GA7331V2\"><\/script><\/center>\n\n\n\n<h3 class=\"wp-block-heading\"><span id=\"donald-trump-vs-joe-biden-la-video-qui-lance-les-paris-en-ligne-sur-l8217election-politique-de-2024\">Donald Trump vs Joe Biden: Video, kter\u00e9 spou\u0161t\u00ed online s\u00e1zen\u00ed na politick\u00e9 volby v roce 2024<\/span><\/h3>\n\n\n\n<figure class=\"wp-block-embed is-type-video is-provider-youtube wp-block-embed-youtube wp-embed-aspect-16-9 wp-has-aspect-ratio\"><div class=\"wp-block-embed__wrapper\">\n<iframe loading=\"lazy\" title=\"B\u00fdval\u00fd prezident Donald Trump zahajuje nab\u00eddku B\u00edl\u00e9ho domu v roce 2024 #Short\" width=\"640\" height=\"360\" src=\"https:\/\/www.youtube.com\/embed\/hZykPRVe4Ag?feature=oembed\" frameborder=\"0\" allow=\"accelerometer; autoplay; clipboard-write; encrypted-media; gyroscope; picture-in-picture; web-share\" allowfullscreen><\/iframe>\n<\/div><\/figure>\n\n\n<div class=\"wp-block-image\">\n<figure class=\"aligncenter size-medium\"><a href=\"https:\/\/parier-presidentielle.com\/cs\/recommends\/unibet\/\" target=\"_blank\" rel=\"noopener\"><img decoding=\"async\" loading=\"lazy\" width=\"300\" height=\"169\" src=\"https:\/\/parier-presidentielle.com\/wp-content\/uploads\/2022\/04\/unibet-300x169.jpg\" alt=\"\" class=\"wp-image-1252\" srcset=\"https:\/\/parier-presidentielle.com\/wp-content\/uploads\/2022\/04\/unibet-300x169.jpg 300w, https:\/\/parier-presidentielle.com\/wp-content\/uploads\/2022\/04\/unibet-1024x576.jpg 1024w, https:\/\/parier-presidentielle.com\/wp-content\/uploads\/2022\/04\/unibet-768x432.jpg 768w, https:\/\/parier-presidentielle.com\/wp-content\/uploads\/2022\/04\/unibet-18x10.jpg 18w, https:\/\/parier-presidentielle.com\/wp-content\/uploads\/2022\/04\/unibet.jpg 1280w\" sizes=\"(max-width: 300px) 100vw, 300px\" \/><\/a><\/figure><\/div>\n\n\n<p>Najd\u011bte Wiki, z\u00e1kladn\u00ed politick\u00e9 zpr\u00e1vy o konop\u00ed a jeho leg\u00e1ln\u00edch deriv\u00e1tech: <strong>HHC, H4cbd, Thcp, Thcv, HSD, HHCPO, C4B<\/strong><\/p>\n<div id=\"toc_container\" class=\"no_bullets\"><p class=\"toc_title\">Obsah<\/p><ul class=\"toc_list\"><li><ul><li><\/li><\/ul><\/li><li><\/li><li><ul><li><ul><li><\/li><\/ul><\/li><li><\/li><li><\/li><\/ul><\/li><\/ul><\/div>","protected":false},"excerpt":{"rendered":"<p>Les Bookmakers Unibet, Bwin, Betclic le top 3! Pour parier sur le vainqueur des \u00e9lections 2022, apr\u00e8s avoir test\u00e9 des dizaines de bookmaker il appara\u00eet que Betclic, Unibet, Bwin sont les meilleurs retrouvez nos dossier exclusif pour r\u00e9aliser votre premier paris sur la politique aussi bien par votre Ordinateur, T\u00e9l\u00e9phone ou m\u00eame les applications : &#8230;<\/p>","protected":false},"author":1,"featured_media":0,"parent":0,"menu_order":0,"comment_status":"closed","ping_status":"closed","template":"page-nosidebar.php","meta":{"footnotes":""},"yoast_head":"<!-- This site is optimized with the Yoast SEO Premium plugin v21.0 (Yoast SEO v21.0) - https:\/\/yoast.com\/wordpress\/plugins\/seo\/ -->\n<title>Bookmaker : Quelle est le meilleur pour parier sur la politique et l&#039;\u00e9lection pr\u00e9sidentielle de 2022? - Finale Coupe du Monde FIFA<\/title>\n<meta name=\"description\" content=\"Comparatif des bookmakers : Unibet, Bwin, Betclic! Qui propose les meilleurs cotes, bonus, pour la Politique et tous les sports?\" \/>\n<meta name=\"robots\" content=\"index, follow, max-snippet:-1, max-image-preview:large, max-video-preview:-1\" \/>\n<link rel=\"canonical\" href=\"https:\/\/parier-presidentielle.com\/cs\/bookmaker-volby-politika-2022\/\" \/>\n<meta property=\"og:locale\" content=\"cs_CZ\" \/>\n<meta property=\"og:type\" content=\"article\" \/>\n<meta property=\"og:title\" content=\"Bookmaker : Quelle est le meilleur pour parier sur la politique et l&#039;\u00e9lection pr\u00e9sidentielle de 2022?\" \/>\n<meta property=\"og:description\" content=\"Comparatif des bookmakers : Unibet, Bwin, Betclic! Qui propose les meilleurs cotes, bonus, pour la Politique et tous les sports?\" \/>\n<meta property=\"og:url\" content=\"https:\/\/parier-presidentielle.com\/cs\/bookmaker-volby-politika-2022\/\" \/>\n<meta property=\"og:site_name\" content=\"Parier Pr\u00e9sidentielle\" \/>\n<meta property=\"article:modified_time\" content=\"2022-04-21T23:06:24+00:00\" \/>\n<meta property=\"og:image\" content=\"https:\/\/parier-presidentielle.com\/wp-content\/uploads\/2021\/09\/depositphotos_172634272-stock-illustration-bookmakers-men-with-money.jpg\" \/>\n<meta name=\"twitter:card\" content=\"summary_large_image\" \/>\n<meta name=\"twitter:label1\" content=\"Est. reading time\" \/>\n\t<meta name=\"twitter:data1\" content=\"4 minuty\" \/>\n<script type=\"application\/ld+json\" class=\"yoast-schema-graph\">{\"@context\":\"https:\/\/schema.org\",\"@graph\":[{\"@type\":\"WebPage\",\"@id\":\"https:\/\/parier-presidentielle.com\/bookmaker-election-politique-2022\/\",\"url\":\"https:\/\/parier-presidentielle.com\/bookmaker-election-politique-2022\/\",\"name\":\"Bookmaker : Quelle est le meilleur pour parier sur la politique et l'\u00e9lection pr\u00e9sidentielle de 2022? - Finale Coupe du Monde FIFA\",\"isPartOf\":{\"@id\":\"https:\/\/parier-presidentielle.com\/#website\"},\"datePublished\":\"2021-09-14T15:14:49+00:00\",\"dateModified\":\"2022-04-21T23:06:24+00:00\",\"description\":\"Comparatif des bookmakers : Unibet, Bwin, Betclic! Qui propose les meilleurs cotes, bonus, pour la Politique et tous les sports?\",\"breadcrumb\":{\"@id\":\"https:\/\/parier-presidentielle.com\/bookmaker-election-politique-2022\/#breadcrumb\"},\"inLanguage\":\"cs\",\"potentialAction\":[{\"@type\":\"ReadAction\",\"target\":[\"https:\/\/parier-presidentielle.com\/bookmaker-election-politique-2022\/\"]}]},{\"@type\":\"BreadcrumbList\",\"@id\":\"https:\/\/parier-presidentielle.com\/bookmaker-election-politique-2022\/#breadcrumb\",\"itemListElement\":[{\"@type\":\"ListItem\",\"position\":1,\"name\":\"Accueil\",\"item\":\"https:\/\/parier-presidentielle.com\/\"},{\"@type\":\"ListItem\",\"position\":2,\"name\":\"Bookmaker : Quelle est le meilleur pour parier sur la politique et l&#8217;\u00e9lection pr\u00e9sidentielle de 2022?\"}]},{\"@type\":\"WebSite\",\"@id\":\"https:\/\/parier-presidentielle.com\/#website\",\"url\":\"https:\/\/parier-presidentielle.com\/\",\"name\":\"Parier Pr\u00e9sidentielle\",\"description\":\"Paris, Pronostics, Wiki sur la Politique, les Elections Am\u00e9ricaines: Joe Biden, Donald Trump avec les Bookmakers en ligne Unibet, Bwin, Betclic, Winamax\",\"potentialAction\":[{\"@type\":\"SearchAction\",\"target\":{\"@type\":\"EntryPoint\",\"urlTemplate\":\"https:\/\/parier-presidentielle.com\/?s={search_term_string}\"},\"query-input\":\"required name=search_term_string\"}],\"inLanguage\":\"cs\"}]}<\/script>\n<!-- \/ Yoast SEO Premium plugin. -->","yoast_head_json":{"title":"Bookmaker : Quelle est le meilleur pour parier sur la politique et l'\u00e9lection pr\u00e9sidentielle de 2022? - Finale Coupe du Monde FIFA","description":"Comparatif des bookmakers : Unibet, Bwin, Betclic! Qui propose les meilleurs cotes, bonus, pour la Politique et tous les sports?","robots":{"index":"index","follow":"follow","max-snippet":"max-snippet:-1","max-image-preview":"max-image-preview:large","max-video-preview":"max-video-preview:-1"},"canonical":"https:\/\/parier-presidentielle.com\/cs\/bookmaker-volby-politika-2022\/","og_locale":"cs_CZ","og_type":"article","og_title":"Bookmaker : Quelle est le meilleur pour parier sur la politique et l'\u00e9lection pr\u00e9sidentielle de 2022?","og_description":"Comparatif des bookmakers : Unibet, Bwin, Betclic! Qui propose les meilleurs cotes, bonus, pour la Politique et tous les sports?","og_url":"https:\/\/parier-presidentielle.com\/cs\/bookmaker-volby-politika-2022\/","og_site_name":"Parier Pr\u00e9sidentielle","article_modified_time":"2022-04-21T23:06:24+00:00","og_image":[{"url":"https:\/\/parier-presidentielle.com\/wp-content\/uploads\/2021\/09\/depositphotos_172634272-stock-illustration-bookmakers-men-with-money.jpg"}],"twitter_card":"summary_large_image","twitter_misc":{"Est. reading time":"4 minuty"},"schema":{"@context":"https:\/\/schema.org","@graph":[{"@type":"WebPage","@id":"https:\/\/parier-presidentielle.com\/bookmaker-election-politique-2022\/","url":"https:\/\/parier-presidentielle.com\/bookmaker-election-politique-2022\/","name":"Bookmaker : Quelle est le meilleur pour parier sur la politique et l'\u00e9lection pr\u00e9sidentielle de 2022? - Finale Coupe du Monde FIFA","isPartOf":{"@id":"https:\/\/parier-presidentielle.com\/#website"},"datePublished":"2021-09-14T15:14:49+00:00","dateModified":"2022-04-21T23:06:24+00:00","description":"Comparatif des bookmakers : Unibet, Bwin, Betclic! Qui propose les meilleurs cotes, bonus, pour la Politique et tous les sports?","breadcrumb":{"@id":"https:\/\/parier-presidentielle.com\/bookmaker-election-politique-2022\/#breadcrumb"},"inLanguage":"cs","potentialAction":[{"@type":"ReadAction","target":["https:\/\/parier-presidentielle.com\/bookmaker-election-politique-2022\/"]}]},{"@type":"BreadcrumbList","@id":"https:\/\/parier-presidentielle.com\/bookmaker-election-politique-2022\/#breadcrumb","itemListElement":[{"@type":"ListItem","position":1,"name":"Accueil","item":"https:\/\/parier-presidentielle.com\/"},{"@type":"ListItem","position":2,"name":"Bookmaker : Quelle est le meilleur pour parier sur la politique et l&#8217;\u00e9lection pr\u00e9sidentielle de 2022?"}]},{"@type":"WebSite","@id":"https:\/\/parier-presidentielle.com\/#website","url":"https:\/\/parier-presidentielle.com\/","name":"Parier Pr\u00e9sidentielle","description":"Paris, Pronostics, Wiki sur la Politique, les Elections Am\u00e9ricaines: Joe Biden, Donald Trump avec les Bookmakers en ligne Unibet, Bwin, Betclic, Winamax","potentialAction":[{"@type":"SearchAction","target":{"@type":"EntryPoint","urlTemplate":"https:\/\/parier-presidentielle.com\/?s={search_term_string}"},"query-input":"required name=search_term_string"}],"inLanguage":"cs"}]}},"_links":{"self":[{"href":"https:\/\/parier-presidentielle.com\/cs\/wp-json\/wp\/v2\/pages\/269"}],"collection":[{"href":"https:\/\/parier-presidentielle.com\/cs\/wp-json\/wp\/v2\/pages"}],"about":[{"href":"https:\/\/parier-presidentielle.com\/cs\/wp-json\/wp\/v2\/types\/page"}],"author":[{"embeddable":true,"href":"https:\/\/parier-presidentielle.com\/cs\/wp-json\/wp\/v2\/users\/1"}],"replies":[{"embeddable":true,"href":"https:\/\/parier-presidentielle.com\/cs\/wp-json\/wp\/v2\/comments?post=269"}],"version-history":[{"count":10,"href":"https:\/\/parier-presidentielle.com\/cs\/wp-json\/wp\/v2\/pages\/269\/revisions"}],"predecessor-version":[{"id":1551,"href":"https:\/\/parier-presidentielle.com\/cs\/wp-json\/wp\/v2\/pages\/269\/revisions\/1551"}],"wp:attachment":[{"href":"https:\/\/parier-presidentielle.com\/cs\/wp-json\/wp\/v2\/media?parent=269"}],"curies":[{"name":"wp","href":"https:\/\/api.w.org\/{rel}","templated":true}]}}