{"id":281,"date":"2021-09-14T23:03:41","date_gmt":"2021-09-14T21:03:41","guid":{"rendered":"https:\/\/parier-presidentielle.com\/?page_id=281"},"modified":"2023-09-11T13:47:08","modified_gmt":"2023-09-11T11:47:08","slug":"anne-hidalgo-election-2022","status":"publish","type":"page","link":"https:\/\/parier-presidentielle.com\/cs\/anne-hidalgo-volby-2022\/","title":{"rendered":"Vsa\u010fte na zvolen\u00ed Anne Hidalgov\u00e9 2022"},"content":{"rendered":"<h2 class=\"wp-block-heading\" id=\"h-les-cotes-des-bookmakers\"><span id=\"les-cotes-des-bookmakers\">Kurz bookmakera: <\/span><\/h2>\n\n\n\n<h3 class=\"wp-block-heading\" id=\"h-william-hill-propose-une-cote-de-41\"><span id=\"william-hill-propose-une-cote-de-41\">William Hill nab\u00edz\u00ed hodnocen\u00ed 41<\/span><\/h3>\n\n\n\n<figure class=\"wp-block-image size-large\"><img decoding=\"async\" loading=\"lazy\" width=\"1024\" height=\"42\" src=\"https:\/\/parier-presidentielle.com\/wp-content\/uploads\/2021\/09\/image-1-1024x42.png\" alt=\"Anne Hidalgo na William Hill\" class=\"wp-image-310\" srcset=\"https:\/\/parier-presidentielle.com\/wp-content\/uploads\/2021\/09\/image-1-1024x42.png 1024w, https:\/\/parier-presidentielle.com\/wp-content\/uploads\/2021\/09\/image-1-300x12.png 300w, https:\/\/parier-presidentielle.com\/wp-content\/uploads\/2021\/09\/image-1-768x32.png 768w, https:\/\/parier-presidentielle.com\/wp-content\/uploads\/2021\/09\/image-1.png 1072w\" sizes=\"(max-width: 1024px) 100vw, 1024px\" \/><\/figure>\n\n\n\n<h3 class=\"wp-block-heading\" id=\"h-betclic-propose-une-cote-de-22\"><span id=\"betclic-propose-une-cote-de-22\">Betclic nab\u00edz\u00ed kurz 22<\/span><\/h3>\n\n\n\n<figure class=\"wp-block-image size-full\"><img decoding=\"async\" loading=\"lazy\" width=\"991\" height=\"73\" src=\"https:\/\/parier-presidentielle.com\/wp-content\/uploads\/2021\/09\/image-2.png\" alt=\"\" class=\"wp-image-313\" srcset=\"https:\/\/parier-presidentielle.com\/wp-content\/uploads\/2021\/09\/image-2.png 991w, https:\/\/parier-presidentielle.com\/wp-content\/uploads\/2021\/09\/image-2-300x22.png 300w, https:\/\/parier-presidentielle.com\/wp-content\/uploads\/2021\/09\/image-2-768x57.png 768w\" sizes=\"(max-width: 991px) 100vw, 991px\" \/><\/figure>\n\n\n\n<h3 class=\"wp-block-heading\" id=\"h-unibet-propose-une-cote-de-21\"><span id=\"unibet-propose-une-cote-de-21\">Unibet nab\u00edz\u00ed kurz 21<\/span><\/h3>\n\n\n\n<figure class=\"wp-block-image size-full\"><img decoding=\"async\" loading=\"lazy\" width=\"1000\" height=\"64\" src=\"https:\/\/parier-presidentielle.com\/wp-content\/uploads\/2021\/09\/image-3.png\" alt=\"\" class=\"wp-image-314\" srcset=\"https:\/\/parier-presidentielle.com\/wp-content\/uploads\/2021\/09\/image-3.png 1000w, https:\/\/parier-presidentielle.com\/wp-content\/uploads\/2021\/09\/image-3-300x19.png 300w, https:\/\/parier-presidentielle.com\/wp-content\/uploads\/2021\/09\/image-3-768x49.png 768w\" sizes=\"(max-width: 1000px) 100vw, 1000px\" \/><\/figure>\n\n\n\n<p><\/p>\n\n\n\n<h2 class=\"wp-block-heading has-text-align-center\" id=\"h-analyse-amp-pronostics-pour-parier-sur-la-victoire-d-anne-hidalgo\"><span id=\"analyse-pronostics-pour-parier-sur-la-victoire-d8217anne-hidalgo\">Anal\u00fdza a p\u0159edpov\u011bdi vsadit na v\u00edt\u011bzstv\u00ed Anne Hidalgov\u00e9<\/span><\/h2>\n\n\n\n<p>Po jeho ozn\u00e1men\u00ed m\u016f\u017eeme vid\u011bt, \u017ee Unibet a Betclic nab\u00edzej\u00ed p\u0159ibli\u017en\u011b stejn\u00e9 kurzy, zat\u00edmco anglick\u00fd bookmaker William Hill je kurz 41, co\u017e je dvojn\u00e1sobek! Proto v\u00e1m doporu\u010dujeme vyu\u017e\u00edt tuto s\u00e1zkovou kancel\u00e1\u0159 k s\u00e1zce na zvolen\u00ed Anne Hidalgov\u00e9! <\/p>\n\n\n\n<p><\/p>\n\n\n\n<h3 class=\"wp-block-heading\" id=\"h-la-transformation-d-anne-hidalgo-en-candidate-a-la-presidentielle-en-2022-la-maire-de-paris-qui-ne-voulait-pas-se-presenter-l-election-a-changer-d-avis\"><span id=\"la-transformation-d8217anne-hidalgo-en-candidate-a-la-presidentielle-en-2022-la-maire-de-paris-qui-ne-voulait-pas-se-presenter-l8217election-a-changer-d8217avis8230\">Prom\u011bna Anne Hidalgov\u00e9 v prezidentskou kandid\u00e1tku v roce 2022: Starosta Pa\u0159\u00ed\u017ee, kter\u00fd necht\u011bl kandidovat ve volb\u00e1ch, zm\u011bnil n\u00e1zor...<\/span><\/h3>\n\n\n\n<p>&quot;Nehled\u00e1m nic jin\u00e9ho ne\u017e b\u00fdt starostou Pa\u0159\u00ed\u017ee: nebudu kandidovat ve volb\u00e1ch v roce 2022,&quot;<\/p>\n\n\n\n<p>prohl\u00e1sila Anne Hidalgov\u00e1 v rozhovoru. Po t\u00fddnech fale\u0161n\u00e9ho nap\u011bt\u00ed, kter\u00e9 bookmake\u0159i p\u0159edpov\u011bd\u011bli t\u00edm, \u017ee j\u00ed dali sv\u00e9 kurzy a zahrnuli mo\u017enost vsadit si na jej\u00ed \u0161ance v Elys\u00e9e, ozn\u00e1mila v ned\u011bli 12. z\u00e1\u0159\u00ed svou kandidaturu na<a href=\"https:\/\/parier-presidentielle.com\/cs\/\"> prezidentsk\u00e9 volby v roce 2022.<\/a> \u201eV\u016fbec jsem se v t\u00e9to kampani nep\u0159edpokl\u00e1dal, ale tak\u00e9 jsem vid\u011bl mnoho \u017een a mu\u017e\u016f, volen\u00fdch p\u0159edstavitel\u016f, z\u00e1stupc\u016f sdru\u017een\u00ed, Francouzek a Francouz\u016f, kte\u0159\u00ed mi p\u0159i\u0161li \u0159\u00edct: \u201aNem\u016f\u017eete uniknout t\u00e9to odpov\u011bdnosti, kter\u00e1 v\u00e1m n\u00e1le\u017e\u00ed. \u201c \u201eTak pro\u010d tato zm\u011bna? Pr\u00e1v\u011b tyto okolnosti ji vedly ke zm\u011bn\u011b.\u201c . V\u00fdzva je tak velk\u00e1, \u017ee nen\u00ed jin\u00e9 m\u00edsto,\u201c prohl\u00e1sil sen\u00e1tor PS z Pa\u0159\u00ed\u017ee. V o\u010d\u00edch v\u0161ech znamenalo 28. \u010dervna 2020 b\u011bhem druh\u00e9ho kola komun\u00e1ln\u00edch voleb v hlavn\u00edm m\u011bst\u011b jednozna\u010dn\u00e9 znovuzvolen\u00ed Anne Hidalgov\u00e9 jej\u00ed prvn\u00ed osobn\u00ed krok k prezidentsk\u00fdm volb\u00e1m. \u201eV\u00edt\u011bzstv\u00ed obnov\u00ed legitimitu, sebev\u011bdom\u00ed a ud\u011bl\u00e1 nemo\u017en\u00e9,\u201c prohl\u00e1sil Jean-Fran\u00e7ois Bebat, starosta PS Bourg-en-Bresse (AIN) a uzav\u0159en\u00fd kandid\u00e1t.<\/p>\n\n\n\n<figure class=\"wp-block-image size-large wp-duotone-000097-ff4747-1\"><img decoding=\"async\" loading=\"lazy\" width=\"1024\" height=\"512\" src=\"https:\/\/parier-presidentielle.com\/wp-content\/uploads\/2021\/09\/Presidentielle-quelle-equipe-pour-accompagner-Anne-Hidalgo-1024x512.jpg\" alt=\"Anne Hidalgov\u00e1 na cest\u011b k prezidentsk\u00fdm volb\u00e1m\" class=\"wp-image-291\" srcset=\"https:\/\/parier-presidentielle.com\/wp-content\/uploads\/2021\/09\/Presidentielle-quelle-equipe-pour-accompagner-Anne-Hidalgo-1024x512.jpg 1024w, https:\/\/parier-presidentielle.com\/wp-content\/uploads\/2021\/09\/Presidentielle-quelle-equipe-pour-accompagner-Anne-Hidalgo-300x150.jpg 300w, https:\/\/parier-presidentielle.com\/wp-content\/uploads\/2021\/09\/Presidentielle-quelle-equipe-pour-accompagner-Anne-Hidalgo-768x384.jpg 768w, https:\/\/parier-presidentielle.com\/wp-content\/uploads\/2021\/09\/Presidentielle-quelle-equipe-pour-accompagner-Anne-Hidalgo-1536x768.jpg 1536w, https:\/\/parier-presidentielle.com\/wp-content\/uploads\/2021\/09\/Presidentielle-quelle-equipe-pour-accompagner-Anne-Hidalgo.jpg 2000w\" sizes=\"(max-width: 1024px) 100vw, 1024px\" \/><\/figure>\n\n\n\n<h2 class=\"wp-block-heading\" id=\"h-cap-politique-sur-2022\"><span id=\"cap-politique-sur-2022\">Politick\u00fd kurz pro rok 2022<\/span><\/h2>\n\n\n\n<p>Po komun\u00e1ln\u00edch volb\u00e1ch je mysl Anne Hidalgov\u00e9 st\u00e1le velmi mlhav\u00e1. Tito politi\u010dt\u00ed p\u0159\u00e1tel\u00e9 a jej\u00ed podpora ze strany ob\u010dansk\u00e9 spole\u010dnosti a dal\u0161\u00edch sdru\u017een\u00ed ji p\u0159im\u011bly kandidovat. Od l\u00e9ta 2020 ho n\u011bkolikr\u00e1t p\u0159im\u011bli sly\u0161et c\u00edl pro rok 2022: \u201ePokud jsi ten spr\u00e1vn\u00fd \u010dlov\u011bk, nem\u016f\u017ee\u0161 \u0159\u00edct, \u017ee z\u016fst\u00e1v\u00e1\u0161 v Pa\u0159\u00ed\u017ei. Nem\u016f\u017eeme si vybrat <a href=\"https:\/\/parier-presidentielle.com\/cs\/makronove-volby\/\">Macron<\/a> Nebo <a href=\"https:\/\/parier-presidentielle.com\/cs\/marine-le-pen-volby\/\">Pero <\/a>jako my minule.\u201c <\/p>\n\n\n\n<p>Starosta Pa\u0159\u00ed\u017ee je p\u0159esv\u011bd\u010den, \u017ee je nutn\u00e9 vym\u011bnit slavn\u00e9 duo Le Pen-Macron. &quot;M\u011bl jsem pocit, \u017ee poslouch\u00e1, ale necht\u011bla tento probl\u00e9m \u0159e\u0161it velmi konkr\u00e9tn\u00edm zp\u016fsobem,&quot; vzpom\u00ednal p\u0159\u00edtel sen\u00e1tor. L\u00e9to uplynulo a za\u010d\u00e1tek \u0161koln\u00edho roku je ve znamen\u00ed n\u00e1vratu obecn\u00edch zastupitel\u016f do m\u00e9di\u00ed. U\u017e to c\u00edt\u00edme, t\u00f3n je jin\u00fd. \u201eVid\u00edm, \u017ee se m\u00e9 vn\u00edm\u00e1n\u00ed zm\u011bnilo. Sly\u0161el jsem hlasy koment\u00e1tor\u016f a vid\u011bl jsem nad\u0161en\u00e9 reakce Pa\u0159\u00ed\u017ean\u016f a Francouz\u016f, kter\u00e9 jsem letos v l\u00e9t\u011b potkal.\u201c Rozhodla se, \u017ee \u201ese z\u00fa\u010dastn\u00ed budouc\u00ed bitvy\u201c. O dva m\u011bs\u00edce pozd\u011bji tento slib zopakovala v rozhovoru pro Lib\u00e9ration. \u201eDnes na politick\u00e9 \u00farovni: dok\u00e1zali jsme se zbavit na\u0161ich fat\u00e1ln\u00edch rozd\u00edl\u016f a vytvo\u0159ili spole\u010dnou vizi, kter\u00e1 spojuje nejv\u011bt\u0161\u00ed po\u010det? Chci to,\u201c \u0159ekla Anne Hidalgov\u00e1.<\/p>\n\n\n\n<h2 class=\"wp-block-heading\" id=\"h-la-bataille-pour-la-presidentielle\"><span id=\"la-bataille-pour-la-presidentielle\">Boj o prezidentsk\u00e9 volby<\/span><\/h2>\n\n\n\n<p>Z\u00e1rove\u0148 jeho bl\u00edzc\u00ed nad\u00e1le doufali:<\/p>\n\n\n\n<blockquote class=\"wp-block-quote\">\n<p>&quot;Uji\u0161\u0165uji ji, \u017ee pokud bude kandidovat na prezidentku, podpo\u0159\u00edm ji,&quot; <\/p>\n<\/blockquote>\n\n\n\n<p>Annie Hidalgo je v\u0161ak \u017eena, kter\u00e1 m\u00e1 na mysli n\u011bco jin\u00e9ho. B\u00fdval\u00fd asistent Bertranda Delano\u00ebho a sou\u010dasn\u00fd starosta Pa\u0159\u00ed\u017ee dvakr\u00e1t v\u00ed, \u017ee prezidentsk\u00fd kandid\u00e1t se p\u0159ipravuje klidn\u011b. &quot;Mysl\u00edm, \u017ee je p\u0159ipraven\u00e1 j\u00edt.&quot; program, zda se v t\u00e9to situaci m\u016f\u017ee st\u00e1t \u017eenou,\u201c ujistil starosta PS. Starosta Pa\u0159\u00ed\u017ee je p\u0159esv\u011bd\u010den, \u017ee \u201eobnova levice\u201c se do\u010dk\u00e1 pouze \u201epolitik\u016f, kte\u0159\u00ed vyhr\u00e1li volby od roku 2017\u201c.<\/p>\n\n\n\n<h2 class=\"wp-block-heading\" id=\"h-la-naissance-d-une-ambition\"><span id=\"la-naissance-d8217une-ambition\">Zrozen\u00ed ambic\u00ed<\/span><\/h2>\n\n\n\n<p><br>Pokud ale Anne Hidalgo vlo\u017e\u00ed do Pa\u0159\u00ed\u017ee hodn\u011b energie, jej\u00ed s\u00ed\u0165 mimo hlavn\u00ed m\u011bsto je velmi slab\u00e1. Proto mus\u00ed b\u00fdt v\u0161e stanoveno. t\u00fdden\u00edk Marc Dupond, p\u0159ezd\u00edvan\u00fd <strong>&quot;tren\u00e9r starost\u016f Francie.&quot;<\/strong> \u00bb, hledejte ji po cel\u00e9 Francii!<\/p>\n\n\n\n<p><\/p>\n\n\n\n<p><\/p>\n\n\n\n<p>Nyn\u00ed podporovan\u00fd jeho kruhem, zb\u00fdv\u00e1 pouze po\u017eehn\u00e1n\u00ed PS slon\u016f. B\u011bhem letn\u00ed \u0161koly v PS byla velmi dob\u0159e p\u0159ijata Anne Hidalgo, kter\u00e1 m\u011bla v\u017edy daleko k socialistick\u00e9 (a rozd\u011bluj\u00edc\u00ed) logice. \u0160\u00e9f strany Olivier Faure \u0159ekl: \u201eV\u011b\u0159\u00edm, \u017ee bude takto pokra\u010dovat a v prezidentsk\u00fdch volb\u00e1ch usp\u011bje. Pokud Anne Hidalgo neu\u010din\u00ed \u017e\u00e1dn\u00e9 ofici\u00e1ln\u00ed prohl\u00e1\u0161en\u00ed, bude pokra\u010dovat v dobrodru\u017estv\u00ed pro rok 2022  <\/p>\n\n\n\n<p>Pro ka\u017ed\u00e9ho konkurenta Elys\u00e9e je dal\u0161\u00edm d\u016fle\u017eit\u00fdm krokem naps\u00e1n\u00ed programov\u00e9 knihy.  <em>\u201cFrancouzsk\u00e1 \u017eena\u201d<\/em> zve\u0159ejn\u011bno 15. z\u00e1\u0159\u00ed. \u201eTak\u017ee ano, nezalo\u017eila svou kari\u00e9ru na prezidentsk\u00fdch ambic\u00edch, ale zjistil jsem, \u017ee existuje politick\u00fd v\u016fdce. Nicm\u00e9n\u011b: Annie Hidalgovou podporuje v pr\u016fzkumech pouze 7 a\u017e 9 %\u2026<br>S\u00e1zen\u00ed na Hildago proto z\u016fst\u00e1v\u00e1 riskantn\u00ed s\u00e1zkou!<\/p>\n\n\n\n<p><\/p>\n\n\n\n<p><\/p>\n\n\n\n<p class=\"has-text-align-center unibet\" style=\"font-size:25px\"><mark style=\"background-color:rgba(0, 0, 0, 0);color:#0d7a12\" class=\"has-inline-color\"><strong><a href=\"https:\/\/parier-presidentielle.com\/cs\/recommends\/unibet\/\">Bonus 150 \u20ac nab\u00edzen\u00fd s Unibet<br>Pro svou prvn\u00ed politickou nebo sportovn\u00ed s\u00e1zku: Klikn\u011bte zde<\/a><\/strong><\/mark><\/p>\n\n\n\n<p><\/p>\n\n\n<div class=\"wp-block-image\">\n<figure class=\"aligncenter is-resized wp-duotone-000097-ff4747-2\"><img decoding=\"async\" loading=\"lazy\" src=\"https:\/\/parier-presidentielle.com\/wp-content\/uploads\/2021\/09\/election-standard-scale-4_00x-gigapixel-1024x623.jpg\" alt=\"Volby 2022\" style=\"width:256px;height:156px\" width=\"256\" height=\"156\"\/><\/figure><\/div>\n\n\n<p><br><\/p>\n\n\n\n<p><strong>Parier-presidential v\u00e1m pom\u016f\u017ee vybrat si mezi r\u016fzn\u00fdmi<a href=\"https:\/\/parier-presidentielle.com\/cs\/\"> Bookmake\u0159i Bwin, Unibet, Betclic vsad\u00ed v roce 2024 na budouc\u00edho americk\u00e9ho prezidenta<\/a> : <\/strong><br><a href=\"https:\/\/parier-presidentielle.com\/cs\/unibet-politika-volby-2022\/\">Prezidentsk\u00e1 s\u00e1zkov\u00e1 kancel\u00e1\u0159 Unibet<\/a> : Podrobn\u00fd a bezplatn\u00fd pr\u016fvodce, jak uzav\u0159\u00edt svou prvn\u00ed online s\u00e1zku se v\u0161emi kurzy a jak vyu\u017e\u00edt nab\u00edzen\u00fd bonus!<\/p>\n\n\n\n<p>Stejn\u011b jako dal\u0161\u00ed online str\u00e1nky v Pa\u0159\u00ed\u017ei: <a href=\"https:\/\/parier-presidentielle.com\/cs\/unibet-politika-volby-2022\/\">Bwin<\/a>, <a href=\"https:\/\/parier-presidentielle.com\/cs\/netbet-paris-politics-volby-2022\/\">NetBet<\/a>, <a href=\"https:\/\/parier-presidentielle.com\/cs\/betclic-prezidentska-2022\/\">Betclic<\/a>, <a href=\"https:\/\/parier-presidentielle.com\/cs\/winamax-politika-volby-2022\/\">Winamax<\/a>, Parions Sport, Zebet, Betway, France-Pari, Vbet, Cloudbet, 1Xbit, 1xbet, Betfair, Betwinner \u2026<\/p>\n\n\n\n<div class=\"wp-block-columns is-layout-flex wp-container-7 wp-block-columns-is-layout-flex\">\n<div class=\"wp-block-column is-layout-flow wp-block-column-is-layout-flow\" style=\"flex-basis:33.33%\">\n<p>Pr\u00e1v\u011b jste si p\u0159e\u010detli n\u00e1\u0161 soubor:<\/p>\n<\/div>\n\n\n\n<div class=\"wp-block-column is-layout-flow wp-block-column-is-layout-flow\" style=\"flex-basis:33.33%\">\n<div class=\"wp-block-group is-layout-flow wp-block-group-is-layout-flow\"><div class=\"wp-block-group__inner-container\"><h4 class=\"has-text-align-center wp-block-post-title\"><span id=\"parier-sur-lelection-danne-hidalgo-2022\"><a href=\"https:\/\/parier-presidentielle.com\/cs\/anne-hidalgo-volby-2022\/\" target=\"_self\" >Vsa\u010fte na zvolen\u00ed Anne Hidalgov\u00e9 2022<\/a><\/span><\/h4><\/div><\/div>\n<\/div>\n\n\n\n<div class=\"wp-block-column is-layout-flow wp-block-column-is-layout-flow\" style=\"flex-basis:33.33%\">\n<p class=\"has-text-align-right\">Pokra\u010dujte ve \u010dten\u00ed s na\u0161imi dal\u0161\u00edmi exkluzivn\u00edmi soubory,<\/p>\n<\/div>\n<\/div>\n\n\n\n<h3 class=\"wp-block-heading\" id=\"tous-les-pronostics-sondage-et-cotes-pour-parier-sur-le-futur-vainqueur-de-l-election-presidentielle-2022\"><span id=\"tous-les-pronostics-sondage-et-cotes-pour-parier-sur-le-futur-vainqueur-de-l8217election-presidentielle-2024\">V\u0161echny p\u0159edpov\u011bdi, pr\u016fzkumy a kurzy na budouc\u00edho v\u00edt\u011bze prezidentsk\u00fdch voleb v roce 2024:<\/span><\/h3>\n\n\n\n<ul>\n<li><a href=\"https:\/\/parier-presidentielle.com\/cs\/makronove-volby\/\">Vsa\u010fte si na Emmanuela Macrona s Unibet, Betclic, Bwin<\/a> : Obl\u00edben\u00e9 v anket\u00e1ch a p\u0159edpov\u011bd\u00edch <\/li>\n\n\n\n<li><a href=\"https:\/\/parier-presidentielle.com\/cs\/marine-le-pen-volby\/\">Marine Le Pen: Jej\u00ed kurzy a jak s\u00e1zet u s\u00e1zkov\u00fdch kancel\u00e1\u0159\u00ed<\/a>: Vyzyvatel podle Unibetu<\/li>\n<\/ul>\n\n\n\n<p><\/p>\n\n\n\n<center><script type=\"text\/javascript\" charset=\"utf-8\" src=\"https:\/\/www.gambling-affiliation.com\/cpm\/v=AmIMTDSs92QY6b0MzDMvM5laCjJ-ZlA-1oQ-7tKsi.w_GA7331V2\"><\/script><\/center>\n\n\n\n<h3 class=\"wp-block-heading\"><span id=\"donald-trump-vs-joe-biden-la-video-qui-lance-les-paris-en-ligne-sur-l8217election-politique-de-2024\">Donald Trump vs Joe Biden: Video, kter\u00e9 spou\u0161t\u00ed online s\u00e1zen\u00ed na politick\u00e9 volby v roce 2024<\/span><\/h3>\n\n\n\n<figure class=\"wp-block-embed is-type-video is-provider-youtube wp-block-embed-youtube wp-embed-aspect-16-9 wp-has-aspect-ratio\"><div class=\"wp-block-embed__wrapper\">\n<iframe loading=\"lazy\" title=\"B\u00fdval\u00fd prezident Donald Trump zahajuje nab\u00eddku B\u00edl\u00e9ho domu v roce 2024 #Short\" width=\"640\" height=\"360\" src=\"https:\/\/www.youtube.com\/embed\/hZykPRVe4Ag?feature=oembed\" frameborder=\"0\" allow=\"accelerometer; autoplay; clipboard-write; encrypted-media; gyroscope; picture-in-picture; web-share\" allowfullscreen><\/iframe>\n<\/div><\/figure>\n\n\n<div class=\"wp-block-image\">\n<figure class=\"aligncenter size-medium\"><a href=\"https:\/\/parier-presidentielle.com\/cs\/recommends\/unibet\/\" target=\"_blank\" rel=\"noopener\"><img decoding=\"async\" loading=\"lazy\" width=\"300\" height=\"169\" src=\"https:\/\/parier-presidentielle.com\/wp-content\/uploads\/2022\/04\/unibet-300x169.jpg\" alt=\"\" class=\"wp-image-1252\" srcset=\"https:\/\/parier-presidentielle.com\/wp-content\/uploads\/2022\/04\/unibet-300x169.jpg 300w, https:\/\/parier-presidentielle.com\/wp-content\/uploads\/2022\/04\/unibet-1024x576.jpg 1024w, https:\/\/parier-presidentielle.com\/wp-content\/uploads\/2022\/04\/unibet-768x432.jpg 768w, https:\/\/parier-presidentielle.com\/wp-content\/uploads\/2022\/04\/unibet-18x10.jpg 18w, https:\/\/parier-presidentielle.com\/wp-content\/uploads\/2022\/04\/unibet.jpg 1280w\" sizes=\"(max-width: 300px) 100vw, 300px\" \/><\/a><\/figure><\/div>\n\n\n<p>Najd\u011bte Wiki, z\u00e1kladn\u00ed politick\u00e9 zpr\u00e1vy o konop\u00ed a jeho leg\u00e1ln\u00edch deriv\u00e1tech: <strong>HHC, H4cbd, Thcp, Thcv, HSD, HHCPO, C4B<\/strong><\/p>\n<div id=\"toc_container\" class=\"no_bullets\"><p class=\"toc_title\">Obsah<\/p><ul class=\"toc_list\"><li><ul><li><\/li><li><\/li><li><\/li><\/ul><\/li><li><ul><li><\/li><\/ul><\/li><li><\/li><li><\/li><li><ul><li><ul><li><\/li><\/ul><\/li><li><\/li><li><\/li><\/ul><\/li><\/ul><\/div>","protected":false},"excerpt":{"rendered":"<p>Les cotes des bookmakers : William Hill propose une cote de 41 Betclic propose une cote de 22 Unibet propose une cote de 21 Analyse &amp; Pronostics pour parier sur la victoire d&#8217;Anne Hidalgo Suite \u00e0 son annonce on peut voir qu&#8217;Unibet et Betclic propose sensiblement la m\u00eame cote alors que le bookmaker anglais William &#8230;<\/p>","protected":false},"author":1,"featured_media":0,"parent":0,"menu_order":0,"comment_status":"closed","ping_status":"closed","template":"page-nosidebar.php","meta":{"footnotes":""},"yoast_head":"<!-- This site is optimized with the Yoast SEO Premium plugin v21.0 (Yoast SEO v21.0) - https:\/\/yoast.com\/wordpress\/plugins\/seo\/ -->\n<title>Parier sur l\u2019\u00e9lection d\u2019Anne Hidalgo 2022 - Finale Coupe du Monde FIFA<\/title>\n<meta name=\"description\" content=\"Pariez sur Anne Hidalgo pour l&#039;Election 2022 : Cliquez Ici et Gagnez Gros! Pronostics ,Comparaison des Bookmakers et des meilleurs Cotes.\" \/>\n<meta name=\"robots\" content=\"index, follow, max-snippet:-1, max-image-preview:large, max-video-preview:-1\" \/>\n<link rel=\"canonical\" href=\"https:\/\/parier-presidentielle.com\/cs\/anne-hidalgo-volby-2022\/\" \/>\n<meta property=\"og:locale\" content=\"cs_CZ\" \/>\n<meta property=\"og:type\" content=\"article\" \/>\n<meta property=\"og:title\" content=\"Parier sur l\u2019\u00e9lection d\u2019Anne Hidalgo 2022\" \/>\n<meta property=\"og:description\" content=\"Pariez sur Anne Hidalgo pour l&#039;Election 2022 : Cliquez Ici et Gagnez Gros! Pronostics ,Comparaison des Bookmakers et des meilleurs Cotes.\" \/>\n<meta property=\"og:url\" content=\"https:\/\/parier-presidentielle.com\/cs\/anne-hidalgo-volby-2022\/\" \/>\n<meta property=\"og:site_name\" content=\"Parier Pr\u00e9sidentielle\" \/>\n<meta property=\"article:modified_time\" content=\"2023-09-11T11:47:08+00:00\" \/>\n<meta property=\"og:image\" content=\"https:\/\/parier-presidentielle.com\/wp-content\/uploads\/2021\/09\/image-1-1024x42.png\" \/>\n<meta name=\"twitter:card\" content=\"summary_large_image\" \/>\n<meta name=\"twitter:label1\" content=\"Est. reading time\" \/>\n\t<meta name=\"twitter:data1\" content=\"5 minut\" \/>\n<script type=\"application\/ld+json\" class=\"yoast-schema-graph\">{\"@context\":\"https:\/\/schema.org\",\"@graph\":[{\"@type\":\"WebPage\",\"@id\":\"https:\/\/parier-presidentielle.com\/anne-hidalgo-election-2022\/\",\"url\":\"https:\/\/parier-presidentielle.com\/anne-hidalgo-election-2022\/\",\"name\":\"Parier sur l\u2019\u00e9lection d\u2019Anne Hidalgo 2022 - Finale Coupe du Monde FIFA\",\"isPartOf\":{\"@id\":\"https:\/\/parier-presidentielle.com\/#website\"},\"datePublished\":\"2021-09-14T21:03:41+00:00\",\"dateModified\":\"2023-09-11T11:47:08+00:00\",\"description\":\"Pariez sur Anne Hidalgo pour l'Election 2022 : Cliquez Ici et Gagnez Gros! Pronostics ,Comparaison des Bookmakers et des meilleurs Cotes.\",\"breadcrumb\":{\"@id\":\"https:\/\/parier-presidentielle.com\/anne-hidalgo-election-2022\/#breadcrumb\"},\"inLanguage\":\"cs\",\"potentialAction\":[{\"@type\":\"ReadAction\",\"target\":[\"https:\/\/parier-presidentielle.com\/anne-hidalgo-election-2022\/\"]}]},{\"@type\":\"BreadcrumbList\",\"@id\":\"https:\/\/parier-presidentielle.com\/anne-hidalgo-election-2022\/#breadcrumb\",\"itemListElement\":[{\"@type\":\"ListItem\",\"position\":1,\"name\":\"Accueil\",\"item\":\"https:\/\/parier-presidentielle.com\/\"},{\"@type\":\"ListItem\",\"position\":2,\"name\":\"Parier sur l\u2019\u00e9lection d\u2019Anne Hidalgo 2022\"}]},{\"@type\":\"WebSite\",\"@id\":\"https:\/\/parier-presidentielle.com\/#website\",\"url\":\"https:\/\/parier-presidentielle.com\/\",\"name\":\"Parier Pr\u00e9sidentielle\",\"description\":\"Paris, Pronostics, Wiki sur la Politique, les Elections Am\u00e9ricaines: Joe Biden, Donald Trump avec les Bookmakers en ligne Unibet, Bwin, Betclic, Winamax\",\"potentialAction\":[{\"@type\":\"SearchAction\",\"target\":{\"@type\":\"EntryPoint\",\"urlTemplate\":\"https:\/\/parier-presidentielle.com\/?s={search_term_string}\"},\"query-input\":\"required name=search_term_string\"}],\"inLanguage\":\"cs\"}]}<\/script>\n<!-- \/ Yoast SEO Premium plugin. -->","yoast_head_json":{"title":"Parier sur l\u2019\u00e9lection d\u2019Anne Hidalgo 2022 - Finale Coupe du Monde FIFA","description":"Pariez sur Anne Hidalgo pour l'Election 2022 : Cliquez Ici et Gagnez Gros! Pronostics ,Comparaison des Bookmakers et des meilleurs Cotes.","robots":{"index":"index","follow":"follow","max-snippet":"max-snippet:-1","max-image-preview":"max-image-preview:large","max-video-preview":"max-video-preview:-1"},"canonical":"https:\/\/parier-presidentielle.com\/cs\/anne-hidalgo-volby-2022\/","og_locale":"cs_CZ","og_type":"article","og_title":"Parier sur l\u2019\u00e9lection d\u2019Anne Hidalgo 2022","og_description":"Pariez sur Anne Hidalgo pour l'Election 2022 : Cliquez Ici et Gagnez Gros! Pronostics ,Comparaison des Bookmakers et des meilleurs Cotes.","og_url":"https:\/\/parier-presidentielle.com\/cs\/anne-hidalgo-volby-2022\/","og_site_name":"Parier Pr\u00e9sidentielle","article_modified_time":"2023-09-11T11:47:08+00:00","og_image":[{"url":"https:\/\/parier-presidentielle.com\/wp-content\/uploads\/2021\/09\/image-1-1024x42.png"}],"twitter_card":"summary_large_image","twitter_misc":{"Est. reading time":"5 minut"},"schema":{"@context":"https:\/\/schema.org","@graph":[{"@type":"WebPage","@id":"https:\/\/parier-presidentielle.com\/anne-hidalgo-election-2022\/","url":"https:\/\/parier-presidentielle.com\/anne-hidalgo-election-2022\/","name":"Parier sur l\u2019\u00e9lection d\u2019Anne Hidalgo 2022 - Finale Coupe du Monde FIFA","isPartOf":{"@id":"https:\/\/parier-presidentielle.com\/#website"},"datePublished":"2021-09-14T21:03:41+00:00","dateModified":"2023-09-11T11:47:08+00:00","description":"Pariez sur Anne Hidalgo pour l'Election 2022 : Cliquez Ici et Gagnez Gros! Pronostics ,Comparaison des Bookmakers et des meilleurs Cotes.","breadcrumb":{"@id":"https:\/\/parier-presidentielle.com\/anne-hidalgo-election-2022\/#breadcrumb"},"inLanguage":"cs","potentialAction":[{"@type":"ReadAction","target":["https:\/\/parier-presidentielle.com\/anne-hidalgo-election-2022\/"]}]},{"@type":"BreadcrumbList","@id":"https:\/\/parier-presidentielle.com\/anne-hidalgo-election-2022\/#breadcrumb","itemListElement":[{"@type":"ListItem","position":1,"name":"Accueil","item":"https:\/\/parier-presidentielle.com\/"},{"@type":"ListItem","position":2,"name":"Parier sur l\u2019\u00e9lection d\u2019Anne Hidalgo 2022"}]},{"@type":"WebSite","@id":"https:\/\/parier-presidentielle.com\/#website","url":"https:\/\/parier-presidentielle.com\/","name":"Parier Pr\u00e9sidentielle","description":"Paris, Pronostics, Wiki sur la Politique, les Elections Am\u00e9ricaines: Joe Biden, Donald Trump avec les Bookmakers en ligne Unibet, Bwin, Betclic, Winamax","potentialAction":[{"@type":"SearchAction","target":{"@type":"EntryPoint","urlTemplate":"https:\/\/parier-presidentielle.com\/?s={search_term_string}"},"query-input":"required name=search_term_string"}],"inLanguage":"cs"}]}},"_links":{"self":[{"href":"https:\/\/parier-presidentielle.com\/cs\/wp-json\/wp\/v2\/pages\/281"}],"collection":[{"href":"https:\/\/parier-presidentielle.com\/cs\/wp-json\/wp\/v2\/pages"}],"about":[{"href":"https:\/\/parier-presidentielle.com\/cs\/wp-json\/wp\/v2\/types\/page"}],"author":[{"embeddable":true,"href":"https:\/\/parier-presidentielle.com\/cs\/wp-json\/wp\/v2\/users\/1"}],"replies":[{"embeddable":true,"href":"https:\/\/parier-presidentielle.com\/cs\/wp-json\/wp\/v2\/comments?post=281"}],"version-history":[{"count":21,"href":"https:\/\/parier-presidentielle.com\/cs\/wp-json\/wp\/v2\/pages\/281\/revisions"}],"predecessor-version":[{"id":2422,"href":"https:\/\/parier-presidentielle.com\/cs\/wp-json\/wp\/v2\/pages\/281\/revisions\/2422"}],"wp:attachment":[{"href":"https:\/\/parier-presidentielle.com\/cs\/wp-json\/wp\/v2\/media?parent=281"}],"curies":[{"name":"wp","href":"https:\/\/api.w.org\/{rel}","templated":true}]}}