{"id":31,"date":"2021-09-06T22:20:59","date_gmt":"2021-09-06T20:20:59","guid":{"rendered":"https:\/\/parier-presidentielle.com\/?page_id=31"},"modified":"2022-04-26T15:43:52","modified_gmt":"2022-04-26T13:43:52","slug":"macron-election","status":"publish","type":"page","link":"https:\/\/parier-presidentielle.com\/cs\/makronove-volby\/","title":{"rendered":"Vsa\u010fte na zvolen\u00ed Emmanuela Macrona"},"content":{"rendered":"<div class=\"wp-block-columns is-layout-flex wp-container-4 wp-block-columns-is-layout-flex\">\n<div class=\"wp-block-column is-layout-flow wp-block-column-is-layout-flow\" style=\"flex-basis:100%\">\n<div class=\"wp-block-columns is-layout-flex wp-container-2 wp-block-columns-is-layout-flex\">\n<div class=\"wp-block-column is-layout-flow wp-block-column-is-layout-flow\" style=\"flex-basis:100%\">\n<center><script type=\"text\/javascript\" charset=\"utf-8\" src=\"https:\/\/www.gambling-affiliation.com\/cpm\/v=AmIMTDSs92QY6b0MzDMvM5laCjJ-ZlA-1oQ-7tKsi.w_GA7331V2\"><\/script><\/center>\n\n\n\n<p><\/p>\n\n\n\n<div class=\"wp-block-image is-style-default\"><figure class=\"aligncenter size-medium\"><a href=\"https:\/\/parier-presidentielle.com\/cs\/recommends\/unibet-logo\/\" target=\"_blank\" rel=\"no follow noopener\"><img decoding=\"async\" loading=\"lazy\" width=\"300\" height=\"169\" src=\"https:\/\/parier-presidentielle.com\/wp-content\/uploads\/2022\/04\/unibet-300x169.jpg\" alt=\"\" class=\"wp-image-1252\" srcset=\"https:\/\/parier-presidentielle.com\/wp-content\/uploads\/2022\/04\/unibet-300x169.jpg 300w, https:\/\/parier-presidentielle.com\/wp-content\/uploads\/2022\/04\/unibet-1024x576.jpg 1024w, https:\/\/parier-presidentielle.com\/wp-content\/uploads\/2022\/04\/unibet-768x432.jpg 768w, https:\/\/parier-presidentielle.com\/wp-content\/uploads\/2022\/04\/unibet-18x10.jpg 18w, https:\/\/parier-presidentielle.com\/wp-content\/uploads\/2022\/04\/unibet.jpg 1280w\" sizes=\"(max-width: 300px) 100vw, 300px\" \/><\/a><\/figure><\/div>\n<\/div>\n<\/div>\n<\/div>\n<\/div>\n\n\n\n<h2 class=\"wp-block-heading\"><span id=\"cote-et-pronostics-pour-le-candidat-emmanuel-macron-paris-en-ligne-sur-la-politique-et-le-futur-president-de-la-france-de-2022\">Kurzy a p\u0159edpov\u011bdi kandid\u00e1ta Emmanuela Macrona:<br>Online s\u00e1zen\u00ed na politiku a budouc\u00edho prezidenta Francie v roce 2022<br><\/span><\/h2>\n\n\n\n<div class=\"wp-block-image wp-duotone-000097-ff4747-5\"><figure class=\"aligncenter size-full is-resized\"><img decoding=\"async\" loading=\"lazy\" src=\"https:\/\/parier-presidentielle.com\/wp-content\/uploads\/2021\/09\/6TNLTJIHZ5EAXMULO2IZVXGGGA.jpg\" alt=\"Kandid\u00e1t Emmanuel Macron\" class=\"wp-image-388\" width=\"456\" height=\"284\" srcset=\"https:\/\/parier-presidentielle.com\/wp-content\/uploads\/2021\/09\/6TNLTJIHZ5EAXMULO2IZVXGGGA.jpg 932w, https:\/\/parier-presidentielle.com\/wp-content\/uploads\/2021\/09\/6TNLTJIHZ5EAXMULO2IZVXGGGA-300x187.jpg 300w, https:\/\/parier-presidentielle.com\/wp-content\/uploads\/2021\/09\/6TNLTJIHZ5EAXMULO2IZVXGGGA-768x480.jpg 768w\" sizes=\"(max-width: 456px) 100vw, 456px\" \/><\/figure><\/div>\n\n\n\n<h3 class=\"wp-block-heading\" id=\"comment-realiser-son-1-pari-avec-bwin-c\"><span id=\"comment-realiser-son-1er-pari-sur-macron-avec-unibet\">Jak uzav\u0159\u00edt svou prvn\u00ed s\u00e1zku na Macrona s Unibet?<\/span><\/h3>\n\n\n\n<p id=\"comment-realiser-son-1-pari-avec-bwin-c\">Stejn\u011b jako si m\u016f\u017eete vsadit na v\u00edt\u011bzstv\u00ed sv\u00e9ho obl\u00edben\u00e9ho fotbalov\u00e9ho t\u00fdmu, je mo\u017en\u00e9 si vsadit na v\u00edt\u011bze z\u00e1vodu do Elys\u00e9e, je to rychl\u00e9 a snadn\u00e9!<\/p>\n\n\n\n<ol><li>Vyberte kandid\u00e1ta, na kter\u00e9ho chcete vsadit:<br> v na\u0161em p\u0159\u00edkladu je to Emmanuel Macron!<br><\/li><li>Uve\u010fte s\u00e1zku, kterou chcete vsadit:<br>100 \u20ac v na\u0161\u00ed simulaci<br><\/li><li>A te\u010f je konec!<br>Na na\u0161em sn\u00edmku obrazovky je kurz 1,14 a s\u00e1zka 100 \u20ac v p\u0159\u00edpad\u011b v\u00edt\u011bzstv\u00ed vyhrajete 114 \u20ac!<\/li><\/ol>\n\n\n\n<p><\/p>\n\n\n\n<div class=\"wp-block-image\"><figure class=\"aligncenter size-large is-resized\"><img decoding=\"async\" loading=\"lazy\" src=\"https:\/\/parier-presidentielle.com\/wp-content\/uploads\/2022\/04\/unibet-parier-cote-macron-2022-1024x606.jpg\" alt=\"\" class=\"wp-image-1521\" width=\"768\" height=\"455\" srcset=\"https:\/\/parier-presidentielle.com\/wp-content\/uploads\/2022\/04\/unibet-parier-cote-macron-2022-1024x606.jpg 1024w, https:\/\/parier-presidentielle.com\/wp-content\/uploads\/2022\/04\/unibet-parier-cote-macron-2022-300x178.jpg 300w, https:\/\/parier-presidentielle.com\/wp-content\/uploads\/2022\/04\/unibet-parier-cote-macron-2022-768x455.jpg 768w, https:\/\/parier-presidentielle.com\/wp-content\/uploads\/2022\/04\/unibet-parier-cote-macron-2022-18x12.jpg 18w, https:\/\/parier-presidentielle.com\/wp-content\/uploads\/2022\/04\/unibet-parier-cote-macron-2022.jpg 1247w\" sizes=\"(max-width: 768px) 100vw, 768px\" \/><\/figure><\/div>\n\n\n\n<p class=\"has-text-align-center unibet\" style=\"font-size:25px\"><mark style=\"background-color:rgba(0, 0, 0, 0);color:#0d7a12\" class=\"has-inline-color\"><strong><a href=\"https:\/\/parier-presidentielle.com\/cs\/recommends\/unibet-text\/\">Bonus 100 \u20ac nab\u00edzen\u00fd s Unibet <br>Pro svou prvn\u00ed online s\u00e1zku: Klikn\u011bte zde<\/a><\/strong><\/mark><\/p>\n\n\n\n<h2 class=\"wp-block-heading\"><span id=\"pourquoi-parier-avec-les-bookmakers-unibet-bwin-betclic-sur-la-victoire-du-candidat-emmanuel-macron-pour-le-second-tour\">Pro\u010d vsadit s bookmakery: Unibet, Bwin, Betclic na v\u00edt\u011bzstv\u00ed kandid\u00e1ta Emmanuela Macrona pro druh\u00e9 kolo?<\/span><\/h2>\n\n\n\n<p><strong>Neprome\u0161kejte svou \u0161anci, volby rozhodne p\u00e1r bod\u016f a m\u016f\u017eete toho vyu\u017e\u00edt k v\u00fdh\u0159e hodn\u011b pen\u011bz!<\/strong><\/p>\n\n\n\n<p>Kl\u00ed\u010dov\u00e1 slova str\u00e1nky: <br><br><br> \u201eRipoliner la fa\u00e7ade\u201c, \u201eFinito\u201c a \u201eC\u2019est pas G\u00e9rard Majax\u201c debata mezi dv\u011bma zat\u00e1\u010dkami s nov\u00fdmi v\u00fdrazy,)<\/p>\n\n\n\n<p>Kurz na to, kdo vyhraje prezidentsk\u00e9 volby v roce 2022, ukazuje velmi t\u011bsn\u00fd souboj mezi Emmanuelem Macronem a Marine Le Pen, doporu\u010dujeme vsadit na sou\u010dasn\u00e9ho prezidenta!<br>Dobrou zpr\u00e1vou je, \u017ee i kdy\u017e vsad\u00edte Marine le Pen a podstoup\u00edte v\u011bt\u0161\u00ed riziko, abyste m\u011bli prosp\u011bch z lep\u0161\u00edch kurz\u016f, s\u00e1zkov\u00e1 kancel\u00e1\u0159 unibet v\u00e1m proplat\u00ed va\u0161i prvn\u00ed s\u00e1zku!<\/p>\n\n\n\n<p><\/p>\n\n\n\n<p>Prezidentsk\u00e9 volby: s\u00e1zkov\u00e9 str\u00e1nky nab\u00edzej\u00ed dobr\u00e9 kurzy na Marine Le Pen.<\/p>\n\n\n\n<p>Porovn\u00e1n\u00ed kurz\u016f s\u00e1zkov\u00fdch kancel\u00e1\u0159\u00ed ukazuje, \u017ee konkurence mezi Emmanuelem Macronem a Marine Le Pen je t\u011bsn\u00e1. Sv\u00e9 p\u0159edpov\u011bdi si proto m\u016f\u017eete ud\u011blat online s\u00e1zen\u00edm na Bwin, Unibet nebo Betclic mezi ostatn\u00edmi s\u00e1zkov\u00fdmi kancel\u00e1\u0159emi z na\u0161eho v\u00fdb\u011bru, abyste na\u0161li v\u0161echny nejlep\u0161\u00ed s\u00e1zka\u0159sk\u00e9 str\u00e1nky pro s\u00e1zen\u00ed na sport a politiku.<\/p>\n\n\n\n<h2 class=\"wp-block-heading\"><span id=\"emmanuel-macron-son-histoire-pour-mieux-parier-avant-le-second-tour-face-a-marine-le-pen\">Emmanuel Macron sv\u016fj p\u0159\u00edb\u011bh l\u00e9pe vsadit p\u0159ed druh\u00fdm kolem proti Marine Le Pen<\/span><\/h2>\n\n\n\n<p><\/p>\n\n\n\n<p>Emmanuel Jean-Michel Fr\u00e9d\u00e9ric Macron (francouzsky: ; narozen 21. prosince 1977) je francouzsk\u00fd politik, kter\u00fd je od 14. kv\u011btna 2017 prezidentem Francie.<\/p>\n\n\n\n<p>Macron se narodil v Amiens, vystudoval filozofii na univerzit\u011b v Pa\u0159\u00ed\u017ei Nanterre, pozd\u011bji z\u00edskal magistersk\u00fd titul v oboru ve\u0159ejn\u00e9 z\u00e1le\u017eitosti na Sciences Po a v roce 2004 absolvoval \u00c9cole nationale d&#039;administration. Pracoval jako vy\u0161\u0161\u00ed st\u00e1tn\u00ed \u00fa\u0159edn\u00edk na Gener\u00e1ln\u00edm inspektor\u00e1tu financ\u00ed investi\u010dn\u00ed bank\u00e9\u0159 ve spole\u010dnosti Rothschild &amp; Co.<\/p>\n\n\n\n<p>Macrona jmenoval prezident Fran\u00e7ois Hollande kr\u00e1tce po sv\u00e9m zvolen\u00ed v kv\u011btnu 2012 z\u00e1stupcem gener\u00e1ln\u00edho tajemn\u00edka, \u010d\u00edm\u017e se Macron stal jedn\u00edm z hlavn\u00edch Hollandov\u00fdch poradc\u016f. Pot\u00e9 byl v srpnu 2014 jmenov\u00e1n do francouzsk\u00e9ho kabinetu ministrem hospod\u00e1\u0159stv\u00ed, pr\u016fmyslu a digit\u00e1ln\u00edch z\u00e1le\u017eitost\u00ed premi\u00e9rem Manuelem Vallsem. V t\u00e9to roli Macron prosazoval \u0159adu reforem vst\u0159\u00edcn\u00fdch k podnik\u00e1n\u00ed. V srpnu 2016 odstoupil z kabinetu a zah\u00e1jil kampa\u0148 pro francouzsk\u00e9 prezidentsk\u00e9 volby v roce 2017. P\u0159esto\u017ee byl Macron v letech 2006 a\u017e 2009 \u010dlenem Socialistick\u00e9 strany, kandidoval pod hlavi\u010dkou La R\u00e9publique en Marche !, centrista a proevropsk\u00e9 politick\u00e9 hnut\u00ed, kter\u00e9 zalo\u017eil v dubnu 2016.<\/p>\n\n\n\n<p>\u010c\u00e1ste\u010dn\u011b d\u00edky af\u00e9\u0159e Fillon se Macron dostal na vrchol hlasov\u00e1n\u00ed v prvn\u00edm kole a byl zvolen prezidentem Francie 7. kv\u011btna 2017 se ziskem 66,1 % hlas\u016f ve druh\u00e9m kole, \u010d\u00edm\u017e porazil Marine Le Penovou. Macron se ve sv\u00fdch 39 letech stal nejmlad\u0161\u00edm prezidentem ve francouzsk\u00e9 historii. Jmenoval \u00c9douarda Philippea premi\u00e9rem a ve francouzsk\u00fdch parlamentn\u00edch volb\u00e1ch v roce 2017 o m\u011bs\u00edc pozd\u011bji z\u00edskala Macronova strana p\u0159ejmenovan\u00e1 na La R\u00e9publique en Marche (LREM) v\u011bt\u0161inu v N\u00e1rodn\u00edm shrom\u00e1\u017ed\u011bn\u00ed. B\u011bhem sv\u00e9ho prezidentov\u00e1n\u00ed Macron dohl\u00ed\u017eel na n\u011bkolik reforem pracovn\u00edho pr\u00e1va a dan\u00ed. Odpor proti jeho reform\u00e1m, zejm\u00e9na navrhovan\u00e9 dani z pohonn\u00fdch hmot, vyvrcholil v roce 2018 protesty \u017elut\u00fdch vest a dal\u0161\u00edmi demonstracemi. V roce 2020 jmenoval Jeana Castexe p\u0159edsedou vl\u00e1dy po rezignaci Philippa. Od roku 2020 vede pokra\u010duj\u00edc\u00ed reakci Francie na pandemii COVID-19 a zav\u00e1d\u011bn\u00ed o\u010dkov\u00e1n\u00ed.<br><\/p>\n\n\n\n<h2 class=\"wp-block-heading\"><span id=\"i\"><br><\/span><\/h2>\n\n\n\n<p class=\"has-text-align-center unibet\" style=\"font-size:25px\"><mark style=\"background-color:rgba(0, 0, 0, 0);color:#0d7a12\" class=\"has-inline-color\"><strong><a href=\"https:\/\/parier-presidentielle.com\/cs\/recommends\/unibet\/\">Bonus 150 \u20ac nab\u00edzen\u00fd s Unibet<br>Pro svou prvn\u00ed politickou nebo sportovn\u00ed s\u00e1zku: Klikn\u011bte zde<\/a><\/strong><\/mark><\/p>\n\n\n\n<p><\/p>\n\n\n<div class=\"wp-block-image\">\n<figure class=\"aligncenter is-resized wp-duotone-000097-ff4747-6\"><img decoding=\"async\" loading=\"lazy\" src=\"https:\/\/parier-presidentielle.com\/wp-content\/uploads\/2021\/09\/election-standard-scale-4_00x-gigapixel-1024x623.jpg\" alt=\"Volby 2022\" style=\"width:256px;height:156px\" width=\"256\" height=\"156\"\/><\/figure><\/div>\n\n\n<p><br><\/p>\n\n\n\n<p><strong>Parier-presidential v\u00e1m pom\u016f\u017ee vybrat si mezi r\u016fzn\u00fdmi<a href=\"https:\/\/parier-presidentielle.com\/cs\/\"> Bookmake\u0159i Bwin, Unibet, Betclic vsad\u00ed v roce 2024 na budouc\u00edho americk\u00e9ho prezidenta<\/a> : <\/strong><br><a href=\"https:\/\/parier-presidentielle.com\/cs\/unibet-politika-volby-2022\/\">Prezidentsk\u00e1 s\u00e1zkov\u00e1 kancel\u00e1\u0159 Unibet<\/a> : Podrobn\u00fd a bezplatn\u00fd pr\u016fvodce, jak uzav\u0159\u00edt svou prvn\u00ed online s\u00e1zku se v\u0161emi kurzy a jak vyu\u017e\u00edt nab\u00edzen\u00fd bonus!<\/p>\n\n\n\n<p>Stejn\u011b jako dal\u0161\u00ed online str\u00e1nky v Pa\u0159\u00ed\u017ei: <a href=\"https:\/\/parier-presidentielle.com\/cs\/unibet-politika-volby-2022\/\">Bwin<\/a>, <a href=\"https:\/\/parier-presidentielle.com\/cs\/netbet-paris-politics-volby-2022\/\">NetBet<\/a>, <a href=\"https:\/\/parier-presidentielle.com\/cs\/betclic-prezidentska-2022\/\">Betclic<\/a>, <a href=\"https:\/\/parier-presidentielle.com\/cs\/winamax-politika-volby-2022\/\">Winamax<\/a>, Parions Sport, Zebet, Betway, France-Pari, Vbet, Cloudbet, 1Xbit, 1xbet, Betfair, Betwinner \u2026<\/p>\n\n\n\n<div class=\"wp-block-columns is-layout-flex wp-container-11 wp-block-columns-is-layout-flex\">\n<div class=\"wp-block-column is-layout-flow wp-block-column-is-layout-flow\" style=\"flex-basis:33.33%\">\n<p>Pr\u00e1v\u011b jste si p\u0159e\u010detli n\u00e1\u0161 soubor:<\/p>\n<\/div>\n\n\n\n<div class=\"wp-block-column is-layout-flow wp-block-column-is-layout-flow\" style=\"flex-basis:33.33%\">\n<div class=\"wp-block-group is-layout-flow wp-block-group-is-layout-flow\"><div class=\"wp-block-group__inner-container\"><h4 class=\"has-text-align-center wp-block-post-title\"><span id=\"parier-sur-l8217election-d8217emmanuel-macron\"><a href=\"https:\/\/parier-presidentielle.com\/cs\/makronove-volby\/\" target=\"_self\" >Vsa\u010fte na zvolen\u00ed Emmanuela Macrona<\/a><\/span><\/h4><\/div><\/div>\n<\/div>\n\n\n\n<div class=\"wp-block-column is-layout-flow wp-block-column-is-layout-flow\" style=\"flex-basis:33.33%\">\n<p class=\"has-text-align-right\">Pokra\u010dujte ve \u010dten\u00ed s na\u0161imi dal\u0161\u00edmi exkluzivn\u00edmi soubory,<\/p>\n<\/div>\n<\/div>\n\n\n\n<h3 class=\"wp-block-heading\" id=\"tous-les-pronostics-sondage-et-cotes-pour-parier-sur-le-futur-vainqueur-de-l-election-presidentielle-2022\"><span id=\"tous-les-pronostics-sondage-et-cotes-pour-parier-sur-le-futur-vainqueur-de-l8217election-presidentielle-2024\">V\u0161echny p\u0159edpov\u011bdi, pr\u016fzkumy a kurzy na budouc\u00edho v\u00edt\u011bze prezidentsk\u00fdch voleb v roce 2024:<\/span><\/h3>\n\n\n\n<ul>\n<li><a href=\"https:\/\/parier-presidentielle.com\/cs\/makronove-volby\/\">Vsa\u010fte si na Emmanuela Macrona s Unibet, Betclic, Bwin<\/a> : Obl\u00edben\u00e9 v anket\u00e1ch a p\u0159edpov\u011bd\u00edch <\/li>\n\n\n\n<li><a href=\"https:\/\/parier-presidentielle.com\/cs\/marine-le-pen-volby\/\">Marine Le Pen: Jej\u00ed kurzy a jak s\u00e1zet u s\u00e1zkov\u00fdch kancel\u00e1\u0159\u00ed<\/a>: Vyzyvatel podle Unibetu<\/li>\n<\/ul>\n\n\n\n<p><\/p>\n\n\n\n<center><script type=\"text\/javascript\" charset=\"utf-8\" src=\"https:\/\/www.gambling-affiliation.com\/cpm\/v=AmIMTDSs92QY6b0MzDMvM5laCjJ-ZlA-1oQ-7tKsi.w_GA7331V2\"><\/script><\/center>\n\n\n\n<h3 class=\"wp-block-heading\"><span id=\"donald-trump-vs-joe-biden-la-video-qui-lance-les-paris-en-ligne-sur-l8217election-politique-de-2024\">Donald Trump vs Joe Biden: Video, kter\u00e9 spou\u0161t\u00ed online s\u00e1zen\u00ed na politick\u00e9 volby v roce 2024<\/span><\/h3>\n\n\n\n<figure class=\"wp-block-embed is-type-video is-provider-youtube wp-block-embed-youtube wp-embed-aspect-16-9 wp-has-aspect-ratio\"><div class=\"wp-block-embed__wrapper\">\n<iframe loading=\"lazy\" title=\"B\u00fdval\u00fd prezident Donald Trump zahajuje nab\u00eddku B\u00edl\u00e9ho domu v roce 2024 #Short\" width=\"640\" height=\"360\" src=\"https:\/\/www.youtube.com\/embed\/hZykPRVe4Ag?feature=oembed\" frameborder=\"0\" allow=\"accelerometer; autoplay; clipboard-write; encrypted-media; gyroscope; picture-in-picture; web-share\" allowfullscreen><\/iframe>\n<\/div><\/figure>\n\n\n<div class=\"wp-block-image\">\n<figure class=\"aligncenter size-medium\"><a href=\"https:\/\/parier-presidentielle.com\/cs\/recommends\/unibet\/\" target=\"_blank\" rel=\"noopener\"><img decoding=\"async\" loading=\"lazy\" width=\"300\" height=\"169\" src=\"https:\/\/parier-presidentielle.com\/wp-content\/uploads\/2022\/04\/unibet-300x169.jpg\" alt=\"\" class=\"wp-image-1252\" srcset=\"https:\/\/parier-presidentielle.com\/wp-content\/uploads\/2022\/04\/unibet-300x169.jpg 300w, https:\/\/parier-presidentielle.com\/wp-content\/uploads\/2022\/04\/unibet-1024x576.jpg 1024w, https:\/\/parier-presidentielle.com\/wp-content\/uploads\/2022\/04\/unibet-768x432.jpg 768w, https:\/\/parier-presidentielle.com\/wp-content\/uploads\/2022\/04\/unibet-18x10.jpg 18w, https:\/\/parier-presidentielle.com\/wp-content\/uploads\/2022\/04\/unibet.jpg 1280w\" sizes=\"(max-width: 300px) 100vw, 300px\" \/><\/a><\/figure><\/div>\n\n\n<p>Najd\u011bte Wiki, z\u00e1kladn\u00ed politick\u00e9 zpr\u00e1vy o konop\u00ed a jeho leg\u00e1ln\u00edch deriv\u00e1tech: <strong>HHC, H4cbd, Thcp, Thcv, HSD, HHCPO, C4B<\/strong><\/p>\n\n\n\n<p>Kl\u00ed\u010dov\u00e1 slova str\u00e1nky: <br><br><br>#Macron2022, Paris Emanuel Macron, Bookmaker 2022,   <br>V\u00edt\u011bz francouzsk\u00fdch voleb, Survey a sportovn\u00ed s\u00e1zky Macron mcfly a Carlito, \u201eRipoliner la fa\u00e7ade\u201c, \u201eFinito\u201c a \u201eC&#039;est pas G\u00e9rard Majax\u201c debata mezi dv\u011bma koly s nov\u00fdmi v\u00fdrazy,)<\/p>\n<div id=\"toc_container\" class=\"no_bullets\"><p class=\"toc_title\">Obsah<\/p><ul class=\"toc_list\"><li><ul><li><\/li><\/ul><\/li><li><\/li><li><\/li><li><ul><li><ul><li><\/li><\/ul><\/li><li><\/li><li><\/li><\/ul><\/li><\/ul><\/div>","protected":false},"excerpt":{"rendered":"<p>Cote et pronostics pour le candidat Emmanuel Macron :Paris en ligne sur la politique et le futur pr\u00e9sident de la France de 2022 Comment r\u00e9aliser son 1er pari sur Macron avec Unibet? Tout comme vous pouvez parier sur la victoire de votre \u00e9quipe de foot pr\u00e9f\u00e9r\u00e9, il est possible de parier sur le vainqueur de &#8230;<\/p>","protected":false},"author":1,"featured_media":0,"parent":0,"menu_order":0,"comment_status":"closed","ping_status":"closed","template":"page-nosidebar.php","meta":{"footnotes":""},"yoast_head":"<!-- This site is optimized with the Yoast SEO Premium plugin v21.0 (Yoast SEO v21.0) - https:\/\/yoast.com\/wordpress\/plugins\/seo\/ -->\n<title>Parier sur l&#039;\u00e9lection d&#039;Emmanuel Macron - Finale Coupe du Monde FIFA<\/title>\n<meta name=\"description\" content=\"Pariez sur Emmanuel Macron pour l&#039;\u00c9lection 2022 : Cliquez Ici et Gagnez Gros! Pronostics ,Comparaison des Bookmakers et des meilleurs Cotes.\" \/>\n<meta name=\"robots\" content=\"index, follow, max-snippet:-1, max-image-preview:large, max-video-preview:-1\" \/>\n<link rel=\"canonical\" href=\"https:\/\/parier-presidentielle.com\/cs\/makronove-volby\/\" \/>\n<meta property=\"og:locale\" content=\"cs_CZ\" \/>\n<meta property=\"og:type\" content=\"article\" \/>\n<meta property=\"og:title\" content=\"Parier sur l&#039;\u00e9lection d&#039;Emmanuel Macron\" \/>\n<meta property=\"og:description\" content=\"Pariez sur Emmanuel Macron pour l&#039;\u00c9lection 2022 : Cliquez Ici et Gagnez Gros! Pronostics ,Comparaison des Bookmakers et des meilleurs Cotes.\" \/>\n<meta property=\"og:url\" content=\"https:\/\/parier-presidentielle.com\/cs\/makronove-volby\/\" \/>\n<meta property=\"og:site_name\" content=\"Parier Pr\u00e9sidentielle\" \/>\n<meta property=\"article:modified_time\" content=\"2022-04-26T13:43:52+00:00\" \/>\n<meta property=\"og:image\" content=\"https:\/\/parier-presidentielle.com\/wp-content\/uploads\/2021\/09\/6TNLTJIHZ5EAXMULO2IZVXGGGA.jpg\" \/>\n<meta name=\"twitter:card\" content=\"summary_large_image\" \/>\n<meta name=\"twitter:label1\" content=\"Est. reading time\" \/>\n\t<meta name=\"twitter:data1\" content=\"5 minut\" \/>\n<script type=\"application\/ld+json\" class=\"yoast-schema-graph\">{\"@context\":\"https:\/\/schema.org\",\"@graph\":[{\"@type\":\"WebPage\",\"@id\":\"https:\/\/parier-presidentielle.com\/macron-election\/\",\"url\":\"https:\/\/parier-presidentielle.com\/macron-election\/\",\"name\":\"Parier sur l'\u00e9lection d'Emmanuel Macron - Finale Coupe du Monde FIFA\",\"isPartOf\":{\"@id\":\"https:\/\/parier-presidentielle.com\/#website\"},\"datePublished\":\"2021-09-06T20:20:59+00:00\",\"dateModified\":\"2022-04-26T13:43:52+00:00\",\"description\":\"Pariez sur Emmanuel Macron pour l'\u00c9lection 2022 : Cliquez Ici et Gagnez Gros! Pronostics ,Comparaison des Bookmakers et des meilleurs Cotes.\",\"breadcrumb\":{\"@id\":\"https:\/\/parier-presidentielle.com\/macron-election\/#breadcrumb\"},\"inLanguage\":\"cs\",\"potentialAction\":[{\"@type\":\"ReadAction\",\"target\":[\"https:\/\/parier-presidentielle.com\/macron-election\/\"]}]},{\"@type\":\"BreadcrumbList\",\"@id\":\"https:\/\/parier-presidentielle.com\/macron-election\/#breadcrumb\",\"itemListElement\":[{\"@type\":\"ListItem\",\"position\":1,\"name\":\"Accueil\",\"item\":\"https:\/\/parier-presidentielle.com\/\"},{\"@type\":\"ListItem\",\"position\":2,\"name\":\"Parier sur l&#8217;\u00e9lection d&#8217;Emmanuel Macron\"}]},{\"@type\":\"WebSite\",\"@id\":\"https:\/\/parier-presidentielle.com\/#website\",\"url\":\"https:\/\/parier-presidentielle.com\/\",\"name\":\"Parier Pr\u00e9sidentielle\",\"description\":\"Paris, Pronostics, Wiki sur la Politique, les Elections Am\u00e9ricaines: Joe Biden, Donald Trump avec les Bookmakers en ligne Unibet, Bwin, Betclic, Winamax\",\"potentialAction\":[{\"@type\":\"SearchAction\",\"target\":{\"@type\":\"EntryPoint\",\"urlTemplate\":\"https:\/\/parier-presidentielle.com\/?s={search_term_string}\"},\"query-input\":\"required name=search_term_string\"}],\"inLanguage\":\"cs\"}]}<\/script>\n<!-- \/ Yoast SEO Premium plugin. -->","yoast_head_json":{"title":"Parier sur l'\u00e9lection d'Emmanuel Macron - Finale Coupe du Monde FIFA","description":"Pariez sur Emmanuel Macron pour l'\u00c9lection 2022 : Cliquez Ici et Gagnez Gros! Pronostics ,Comparaison des Bookmakers et des meilleurs Cotes.","robots":{"index":"index","follow":"follow","max-snippet":"max-snippet:-1","max-image-preview":"max-image-preview:large","max-video-preview":"max-video-preview:-1"},"canonical":"https:\/\/parier-presidentielle.com\/cs\/makronove-volby\/","og_locale":"cs_CZ","og_type":"article","og_title":"Parier sur l'\u00e9lection d'Emmanuel Macron","og_description":"Pariez sur Emmanuel Macron pour l'\u00c9lection 2022 : Cliquez Ici et Gagnez Gros! Pronostics ,Comparaison des Bookmakers et des meilleurs Cotes.","og_url":"https:\/\/parier-presidentielle.com\/cs\/makronove-volby\/","og_site_name":"Parier Pr\u00e9sidentielle","article_modified_time":"2022-04-26T13:43:52+00:00","og_image":[{"url":"https:\/\/parier-presidentielle.com\/wp-content\/uploads\/2021\/09\/6TNLTJIHZ5EAXMULO2IZVXGGGA.jpg"}],"twitter_card":"summary_large_image","twitter_misc":{"Est. reading time":"5 minut"},"schema":{"@context":"https:\/\/schema.org","@graph":[{"@type":"WebPage","@id":"https:\/\/parier-presidentielle.com\/macron-election\/","url":"https:\/\/parier-presidentielle.com\/macron-election\/","name":"Parier sur l'\u00e9lection d'Emmanuel Macron - Finale Coupe du Monde FIFA","isPartOf":{"@id":"https:\/\/parier-presidentielle.com\/#website"},"datePublished":"2021-09-06T20:20:59+00:00","dateModified":"2022-04-26T13:43:52+00:00","description":"Pariez sur Emmanuel Macron pour l'\u00c9lection 2022 : Cliquez Ici et Gagnez Gros! Pronostics ,Comparaison des Bookmakers et des meilleurs Cotes.","breadcrumb":{"@id":"https:\/\/parier-presidentielle.com\/macron-election\/#breadcrumb"},"inLanguage":"cs","potentialAction":[{"@type":"ReadAction","target":["https:\/\/parier-presidentielle.com\/macron-election\/"]}]},{"@type":"BreadcrumbList","@id":"https:\/\/parier-presidentielle.com\/macron-election\/#breadcrumb","itemListElement":[{"@type":"ListItem","position":1,"name":"Accueil","item":"https:\/\/parier-presidentielle.com\/"},{"@type":"ListItem","position":2,"name":"Parier sur l&#8217;\u00e9lection d&#8217;Emmanuel Macron"}]},{"@type":"WebSite","@id":"https:\/\/parier-presidentielle.com\/#website","url":"https:\/\/parier-presidentielle.com\/","name":"Parier Pr\u00e9sidentielle","description":"Paris, Pronostics, Wiki sur la Politique, les Elections Am\u00e9ricaines: Joe Biden, Donald Trump avec les Bookmakers en ligne Unibet, Bwin, Betclic, Winamax","potentialAction":[{"@type":"SearchAction","target":{"@type":"EntryPoint","urlTemplate":"https:\/\/parier-presidentielle.com\/?s={search_term_string}"},"query-input":"required name=search_term_string"}],"inLanguage":"cs"}]}},"_links":{"self":[{"href":"https:\/\/parier-presidentielle.com\/cs\/wp-json\/wp\/v2\/pages\/31"}],"collection":[{"href":"https:\/\/parier-presidentielle.com\/cs\/wp-json\/wp\/v2\/pages"}],"about":[{"href":"https:\/\/parier-presidentielle.com\/cs\/wp-json\/wp\/v2\/types\/page"}],"author":[{"embeddable":true,"href":"https:\/\/parier-presidentielle.com\/cs\/wp-json\/wp\/v2\/users\/1"}],"replies":[{"embeddable":true,"href":"https:\/\/parier-presidentielle.com\/cs\/wp-json\/wp\/v2\/comments?post=31"}],"version-history":[{"count":15,"href":"https:\/\/parier-presidentielle.com\/cs\/wp-json\/wp\/v2\/pages\/31\/revisions"}],"predecessor-version":[{"id":1532,"href":"https:\/\/parier-presidentielle.com\/cs\/wp-json\/wp\/v2\/pages\/31\/revisions\/1532"}],"wp:attachment":[{"href":"https:\/\/parier-presidentielle.com\/cs\/wp-json\/wp\/v2\/media?parent=31"}],"curies":[{"name":"wp","href":"https:\/\/api.w.org\/{rel}","templated":true}]}}