{"id":41,"date":"2021-09-06T23:23:21","date_gmt":"2021-09-06T21:23:21","guid":{"rendered":"https:\/\/parier-presidentielle.com\/?page_id=41"},"modified":"2022-04-24T08:46:18","modified_gmt":"2022-04-24T06:46:18","slug":"marine-le-pen-election","status":"publish","type":"page","link":"https:\/\/parier-presidentielle.com\/cs\/marine-le-pen-volby\/","title":{"rendered":"Vsa\u010fte na zvolen\u00ed Marine Le Penov\u00e9"},"content":{"rendered":"<div class=\"wp-block-columns is-layout-flex wp-container-4 wp-block-columns-is-layout-flex\">\n<div class=\"wp-block-column is-layout-flow wp-block-column-is-layout-flow\" style=\"flex-basis:100%\">\n<div class=\"wp-block-columns is-layout-flex wp-container-2 wp-block-columns-is-layout-flex\">\n<div class=\"wp-block-column is-layout-flow wp-block-column-is-layout-flow\" style=\"flex-basis:100%\">\n<center><script type=\"text\/javascript\" charset=\"utf-8\" src=\"https:\/\/www.gambling-affiliation.com\/cpm\/v=AmIMTDSs92QY6b0MzDMvM5laCjJ-ZlA-1oQ-7tKsi.w_GA7331V2\"><\/script><\/center>\n\n\n\n<p><\/p>\n\n\n\n<div class=\"wp-block-image is-style-default\"><figure class=\"aligncenter size-medium\"><a href=\"https:\/\/parier-presidentielle.com\/cs\/recommends\/unibet-logo\/\" target=\"_blank\" rel=\"no follow noopener\"><img decoding=\"async\" loading=\"lazy\" width=\"300\" height=\"169\" src=\"https:\/\/parier-presidentielle.com\/wp-content\/uploads\/2022\/04\/unibet-300x169.jpg\" alt=\"\" class=\"wp-image-1252\" srcset=\"https:\/\/parier-presidentielle.com\/wp-content\/uploads\/2022\/04\/unibet-300x169.jpg 300w, https:\/\/parier-presidentielle.com\/wp-content\/uploads\/2022\/04\/unibet-1024x576.jpg 1024w, https:\/\/parier-presidentielle.com\/wp-content\/uploads\/2022\/04\/unibet-768x432.jpg 768w, https:\/\/parier-presidentielle.com\/wp-content\/uploads\/2022\/04\/unibet-18x10.jpg 18w, https:\/\/parier-presidentielle.com\/wp-content\/uploads\/2022\/04\/unibet.jpg 1280w\" sizes=\"(max-width: 300px) 100vw, 300px\" \/><\/a><\/figure><\/div>\n<\/div>\n<\/div>\n<\/div>\n<\/div>\n\n\n\n<h2 class=\"wp-block-heading\"><span id=\"cote-et-pronostics-pour-le-candidat-marine-le-penparis-en-ligne-sur-la-politique-et-le-futur-president-de-la-france-de-2022\">Kurzy a p\u0159edpov\u011bdi kandid\u00e1tky Marine Le Penov\u00e9:<br>Online s\u00e1zen\u00ed na politiku a budouc\u00edho prezidenta Francie v roce 2022<br><\/span><\/h2>\n\n\n\n<h3 class=\"wp-block-heading\" id=\"comment-realiser-son-1-pari-avec-bwin-c\"><span id=\"comment-realiser-son-1er-pari-sur-marine-le-pen-avec-unibet\">Jak uzav\u0159\u00edt svou prvn\u00ed s\u00e1zku na Marine Le Pen s Unibet?<\/span><\/h3>\n\n\n\n<p id=\"comment-realiser-son-1-pari-avec-bwin-c\">Stejn\u011b jako si m\u016f\u017eete vsadit na v\u00edt\u011bzstv\u00ed sv\u00e9ho obl\u00edben\u00e9ho fotbalov\u00e9ho t\u00fdmu, je mo\u017en\u00e9 si vsadit na v\u00edt\u011bze z\u00e1vodu do Elys\u00e9e, je to rychl\u00e9 a snadn\u00e9!<\/p>\n\n\n\n<ol><li>Vyberte kandid\u00e1ta, na kter\u00e9ho chcete vsadit:<br> v na\u0161em p\u0159\u00edkladu je to Marine Le Pen!<br><\/li><li>Uve\u010fte s\u00e1zku, kterou chcete vsadit:<br>100 \u20ac v na\u0161\u00ed simulaci<br><\/li><li>A te\u010f je konec!<br>Na na\u0161em sn\u00edmku obrazovky je kurz 13 a s\u00e1zka 10 \u20ac v p\u0159\u00edpad\u011b v\u00edt\u011bzstv\u00ed vyhrajete 130 \u20ac!<\/li><\/ol>\n\n\n\n<p><\/p>\n\n\n\n<div class=\"wp-block-image\"><figure class=\"aligncenter size-large is-resized\"><img decoding=\"async\" loading=\"lazy\" src=\"https:\/\/parier-presidentielle.com\/wp-content\/uploads\/2022\/04\/unibet-parier-cote-marine-le-pen-2022-1024x612.jpg\" alt=\"\" class=\"wp-image-1582\" width=\"512\" height=\"306\" srcset=\"https:\/\/parier-presidentielle.com\/wp-content\/uploads\/2022\/04\/unibet-parier-cote-marine-le-pen-2022-1024x612.jpg 1024w, https:\/\/parier-presidentielle.com\/wp-content\/uploads\/2022\/04\/unibet-parier-cote-marine-le-pen-2022-300x179.jpg 300w, https:\/\/parier-presidentielle.com\/wp-content\/uploads\/2022\/04\/unibet-parier-cote-marine-le-pen-2022-768x459.jpg 768w, https:\/\/parier-presidentielle.com\/wp-content\/uploads\/2022\/04\/unibet-parier-cote-marine-le-pen-2022-18x12.jpg 18w, https:\/\/parier-presidentielle.com\/wp-content\/uploads\/2022\/04\/unibet-parier-cote-marine-le-pen-2022.jpg 1240w\" sizes=\"(max-width: 512px) 100vw, 512px\" \/><\/figure><\/div>\n\n\n\n<h2 class=\"wp-block-heading\"><span id=\"pourquoi-parier-avec-les-bookmakers-unibet-bwin-betclic-sur-la-victoire-du-candidat-emmanuel-macron-pour-le-second-tour\">Pro\u010d vsadit s bookmakery: Unibet, Bwin, Betclic na v\u00edt\u011bzstv\u00ed kandid\u00e1ta Emmanuela Macrona pro druh\u00e9 kolo?<\/span><\/h2>\n\n\n\n<p><strong>Neprop\u00e1sn\u011bte svou \u0161anci, volby rozhodne p\u00e1r bod\u016f a m\u016f\u017eete toho vyu\u017e\u00edt k v\u00fdh\u0159e hodn\u011b pen\u011bz, proto\u017ee pr\u016fzkumy byly velmi \u0161patn\u00e9!<\/strong><br>Krom\u011b toho je Unibet jedinou s\u00e1zkovou kancel\u00e1\u0159\u00ed, kter\u00e1 v\u00e1m proplat\u00ed a\u017e 150 EUR na va\u0161i prvn\u00ed s\u00e1zku!<\/p>\n\n\n\n<p class=\"has-text-align-center unibet\" style=\"font-size:25px\"><mark style=\"background-color:rgba(0, 0, 0, 0);color:#0d7a12\" class=\"has-inline-color\"><strong><a href=\"https:\/\/parier-presidentielle.com\/cs\/recommends\/unibet-text\/\">Bonus 100 \u20ac nab\u00edzen\u00fd s Unibet <br>Pro svou prvn\u00ed online s\u00e1zku: Klikn\u011bte zde<\/a><\/strong><\/mark><\/p>\n\n\n\n<h2 class=\"wp-block-heading\"><span id=\"cote-et-pronostics-pour-la-candidate-marine-le-pen-paris-en-ligne-sur-la-politique-et-le-futur-president-de-la-france-de-2022\"><br><br>Kurzy a p\u0159edpov\u011bdi kandid\u00e1tky Marine Le Pen: Online s\u00e1zen\u00ed na politiku a budouc\u00edho prezidenta Francie v roce 2022<\/span><\/h2>\n\n\n\n<p>Marion Anne Perrine \u201eMarine\u201c Le Pen (francouzsky: ; narozena 5. srpna 1968) je francouzsk\u00e1 pr\u00e1vni\u010dka a politi\u010dka, od roku 2011 p\u0159edsedkyn\u011b N\u00e1rodn\u00edho shrom\u00e1\u017ed\u011bn\u00ed (d\u0159\u00edve N\u00e1rodn\u00ed fronta). B\u011bhem 11. pasu byla poslankyn\u00ed v N\u00e1rodn\u00edm shrom\u00e1\u017ed\u011bn\u00ed. -de-Calais volebn\u00ed obvod od roku 2017.<\/p>\n\n\n\n<p>&nbsp;<\/p>\n\n\n\n<div class=\"wp-block-image wp-duotone-000097-ff4747-5\"><figure class=\"aligncenter is-resized\"><img decoding=\"async\" loading=\"lazy\" src=\"https:\/\/parier-presidentielle.com\/wp-content\/uploads\/2021\/09\/Avec-la-presidentielle-en-vue-Marine-Le-Pen-planifie-son-depart-de-la-presidence-du-Rassemblement-national-1024x512.jpg\" alt=\"Kandid\u00e1tka Marine Le Penov\u00e1\" width=\"512\" height=\"256\"\/><\/figure><\/div>\n\n\n\n<p>Je nejmlad\u0161\u00ed dcerou b\u00fdval\u00e9ho v\u016fdce strany Jean-Marie Le Pena a tetou b\u00fdval\u00e9 poslankyn\u011b FN Marion Mar\u00e9chalov\u00e9. Le Penov\u00e1 vstoupila do FN v roce 1986. Byla zvolena region\u00e1ln\u00ed radn\u00ed pro Nord-Pas-de-Calais (1998-2004; 2010-2015), \u00cele-de-France (2004-2010) a Hauts-de-France. (2015-dosud), poslanec Evropsk\u00e9ho parlamentu (2004-2017), stejn\u011b jako m\u011bstsk\u00fd radn\u00ed H\u00e9nin-Beaumont (2008-2011). Veden\u00ed FN vyhr\u00e1la v roce 2011 se ziskem 67,6 % hlas\u016f, porazila Bruna Gollnische a nahradila sv\u00e9ho otce, kter\u00fd byl p\u0159edsedou strany od jej\u00edho vzniku v roce 1972. V roce 2012 se um\u00edstila na t\u0159et\u00edm m\u00edst\u011b v prezidentsk\u00fdch volb\u00e1ch s 17,91 TP4T hlas\u016f, za Fran\u00e7oisem Hollandem a Nicolasem Sarkozym. Druhou kandidaturu na prezidentku zah\u00e1jila ve volb\u00e1ch v roce 2017. V prvn\u00edm kole voleb skon\u010dila druh\u00e1 s 21,3 % hlas\u016f a \u010delila Emmanuelu Macronovi z centristy En Marche! ve druh\u00e9m kole hlasov\u00e1n\u00ed. Dne 7. kv\u011btna 2017 se vzdala pot\u00e9, co ve druh\u00e9m kole z\u00edskala p\u0159ibli\u017en\u011b 33,91 % hlas\u016f. V roce 2020 ozn\u00e1mila svou t\u0159et\u00ed prezidentskou kandidaturu ve volb\u00e1ch v roce 2022.<\/p>\n\n\n\n<h2 class=\"wp-block-heading\"><span id=\"l8217histoire-politique-de-marine-le-pen\"><br>Politick\u00e1 historie Marine Le Pen <\/span><\/h2>\n\n\n\n<p>Le Penov\u00e1, popisovan\u00e1 jako um\u00edrn\u011bn\u011bj\u0161\u00ed ne\u017e jej\u00ed nacionalistick\u00fd otec, vedla hnut\u00ed za \u201ed\u00e9monizaci N\u00e1rodn\u00ed fronty\u201c s c\u00edlem zm\u011bk\u010dit jej\u00ed image, zalo\u017een\u00e9 na renovovan\u00fdch pozic\u00edch a obnoven\u00fdch t\u00fdmech, stejn\u011b jako na vyho\u0161t\u011bn\u00ed kontroverzn\u00edch \u010dlen\u016f obvin\u011bn\u00fdch z rasismu, antisemitismu, nebo p\u00e9tainismus. Sv\u00e9ho otce vylou\u010dila ze strany 20. srpna 2015 pot\u00e9, co u\u010dinil dal\u0161\u00ed kontroverzn\u00ed v\u00fdroky. Tak\u00e9 zm\u011bk\u010dila n\u011bkter\u00e9 postoje stranick\u00e9 politiky, obhajovala civiln\u00ed svazky pro p\u00e1ry stejn\u00e9ho pohlav\u00ed nam\u00edsto p\u0159edchoz\u00edho odporu sv\u00e9 strany k pr\u00e1vn\u00edmu uzn\u00e1n\u00ed partnerstv\u00ed osob stejn\u00e9ho pohlav\u00ed, akceptovala bezpodm\u00edne\u010dn\u00e9 potraty a odstranila trest smrti z jeho programu. Jako horliv\u00e1 odp\u016frkyn\u011b Spojen\u00fdch st\u00e1t\u016f a NATO je odhodl\u00e1na odstranit Francii z jejich sf\u00e9r vlivu.<\/p>\n\n\n\n<p>Le Penov\u00e1 byla \u010dasopisem Time uvedena jako jedna ze 100 nejvlivn\u011bj\u0161\u00edch lid\u00ed sv\u011bta v letech 2011 a 2015. V roce 2016 ji Politico ozna\u010dilo za druhou nejvlivn\u011bj\u0161\u00ed europoslankyni v Evropsk\u00e9m parlamentu, po p\u0159edsedovi Evropsk\u00e9ho parlamentu Martinu Schulzovi .<\/p>\n\n\n<ul class=\"wp-block-latest-posts__list wp-block-latest-posts\"><li><a class=\"wp-block-latest-posts__post-title\" href=\"https:\/\/parier-presidentielle.com\/cs\/prezidentske-volby-2022-sazkari-po-celem-svete-sazka-druhe-kolo\/\">Prezidentsk\u00e9 volby 2022: S\u00e1zka\u0159i po cel\u00e9m sv\u011bt\u011b s\u00e1zej\u00ed na druh\u00e9 kolo!<\/a><\/li>\n<li><a class=\"wp-block-latest-posts__post-title\" href=\"https:\/\/parier-presidentielle.com\/cs\/francouzsti-volebni-kteri-kandiduji\/\">Francouzsk\u00e9 volby: Kdo jsou kandid\u00e1ti?<\/a><\/li>\n<li><a class=\"wp-block-latest-posts__post-title\" href=\"https:\/\/parier-presidentielle.com\/cs\/macron-bookmakers-survey\/\">Macronovi favorit\u00e9 s\u00e1zkov\u00fdch kancel\u00e1\u0159\u00ed po v\u00e1lce na Ukrajin\u011b<\/a><\/li>\n<\/ul>\n\n\n<p>&nbsp;<\/p>\n\n\n\n<h2 class=\"wp-block-heading\"><span id=\"nbsp\">&nbsp;<\/span><\/h2>\n\n\n\n<p class=\"has-text-align-center unibet\" style=\"font-size:25px\"><mark style=\"background-color:rgba(0, 0, 0, 0);color:#0d7a12\" class=\"has-inline-color\"><strong><a href=\"https:\/\/parier-presidentielle.com\/cs\/recommends\/unibet\/\">Bonus 150 \u20ac nab\u00edzen\u00fd s Unibet<br>Pro svou prvn\u00ed politickou nebo sportovn\u00ed s\u00e1zku: Klikn\u011bte zde<\/a><\/strong><\/mark><\/p>\n\n\n\n<p><\/p>\n\n\n<div class=\"wp-block-image\">\n<figure class=\"aligncenter is-resized wp-duotone-000097-ff4747-6\"><img decoding=\"async\" loading=\"lazy\" src=\"https:\/\/parier-presidentielle.com\/wp-content\/uploads\/2021\/09\/election-standard-scale-4_00x-gigapixel-1024x623.jpg\" alt=\"Volby 2022\" style=\"width:256px;height:156px\" width=\"256\" height=\"156\"\/><\/figure><\/div>\n\n\n<p><br><\/p>\n\n\n\n<p><strong>Parier-presidential v\u00e1m pom\u016f\u017ee vybrat si mezi r\u016fzn\u00fdmi<a href=\"https:\/\/parier-presidentielle.com\/cs\/\"> Bookmake\u0159i Bwin, Unibet, Betclic vsad\u00ed v roce 2024 na budouc\u00edho americk\u00e9ho prezidenta<\/a> : <\/strong><br><a href=\"https:\/\/parier-presidentielle.com\/cs\/unibet-politika-volby-2022\/\">Prezidentsk\u00e1 s\u00e1zkov\u00e1 kancel\u00e1\u0159 Unibet<\/a> : Podrobn\u00fd a bezplatn\u00fd pr\u016fvodce, jak uzav\u0159\u00edt svou prvn\u00ed online s\u00e1zku se v\u0161emi kurzy a jak vyu\u017e\u00edt nab\u00edzen\u00fd bonus!<\/p>\n\n\n\n<p>Stejn\u011b jako dal\u0161\u00ed online str\u00e1nky v Pa\u0159\u00ed\u017ei: <a href=\"https:\/\/parier-presidentielle.com\/cs\/unibet-politika-volby-2022\/\">Bwin<\/a>, <a href=\"https:\/\/parier-presidentielle.com\/cs\/netbet-paris-politics-volby-2022\/\">NetBet<\/a>, <a href=\"https:\/\/parier-presidentielle.com\/cs\/betclic-prezidentska-2022\/\">Betclic<\/a>, <a href=\"https:\/\/parier-presidentielle.com\/cs\/winamax-politika-volby-2022\/\">Winamax<\/a>, Parions Sport, Zebet, Betway, France-Pari, Vbet, Cloudbet, 1Xbit, 1xbet, Betfair, Betwinner \u2026<\/p>\n\n\n\n<div class=\"wp-block-columns is-layout-flex wp-container-11 wp-block-columns-is-layout-flex\">\n<div class=\"wp-block-column is-layout-flow wp-block-column-is-layout-flow\" style=\"flex-basis:33.33%\">\n<p>Pr\u00e1v\u011b jste si p\u0159e\u010detli n\u00e1\u0161 soubor:<\/p>\n<\/div>\n\n\n\n<div class=\"wp-block-column is-layout-flow wp-block-column-is-layout-flow\" style=\"flex-basis:33.33%\">\n<div class=\"wp-block-group is-layout-flow wp-block-group-is-layout-flow\"><div class=\"wp-block-group__inner-container\"><h4 class=\"has-text-align-center wp-block-post-title\"><span id=\"parier-sur-l8217election-de-marine-le-pen\"><a href=\"https:\/\/parier-presidentielle.com\/cs\/marine-le-pen-volby\/\" target=\"_self\" >Vsa\u010fte na zvolen\u00ed Marine Le Penov\u00e9<\/a><\/span><\/h4><\/div><\/div>\n<\/div>\n\n\n\n<div class=\"wp-block-column is-layout-flow wp-block-column-is-layout-flow\" style=\"flex-basis:33.33%\">\n<p class=\"has-text-align-right\">Pokra\u010dujte ve \u010dten\u00ed s na\u0161imi dal\u0161\u00edmi exkluzivn\u00edmi soubory,<\/p>\n<\/div>\n<\/div>\n\n\n\n<h3 class=\"wp-block-heading\" id=\"tous-les-pronostics-sondage-et-cotes-pour-parier-sur-le-futur-vainqueur-de-l-election-presidentielle-2022\"><span id=\"tous-les-pronostics-sondage-et-cotes-pour-parier-sur-le-futur-vainqueur-de-l8217election-presidentielle-2024\">V\u0161echny p\u0159edpov\u011bdi, pr\u016fzkumy a kurzy na budouc\u00edho v\u00edt\u011bze prezidentsk\u00fdch voleb v roce 2024:<\/span><\/h3>\n\n\n\n<ul>\n<li><a href=\"https:\/\/parier-presidentielle.com\/cs\/makronove-volby\/\">Vsa\u010fte si na Emmanuela Macrona s Unibet, Betclic, Bwin<\/a> : Obl\u00edben\u00e9 v anket\u00e1ch a p\u0159edpov\u011bd\u00edch <\/li>\n\n\n\n<li><a href=\"https:\/\/parier-presidentielle.com\/cs\/marine-le-pen-volby\/\">Marine Le Pen: Jej\u00ed kurzy a jak s\u00e1zet u s\u00e1zkov\u00fdch kancel\u00e1\u0159\u00ed<\/a>: Vyzyvatel podle Unibetu<\/li>\n<\/ul>\n\n\n\n<p><\/p>\n\n\n\n<center><script type=\"text\/javascript\" charset=\"utf-8\" src=\"https:\/\/www.gambling-affiliation.com\/cpm\/v=AmIMTDSs92QY6b0MzDMvM5laCjJ-ZlA-1oQ-7tKsi.w_GA7331V2\"><\/script><\/center>\n\n\n\n<h3 class=\"wp-block-heading\"><span id=\"donald-trump-vs-joe-biden-la-video-qui-lance-les-paris-en-ligne-sur-l8217election-politique-de-2024\">Donald Trump vs Joe Biden: Video, kter\u00e9 spou\u0161t\u00ed online s\u00e1zen\u00ed na politick\u00e9 volby v roce 2024<\/span><\/h3>\n\n\n\n<figure class=\"wp-block-embed is-type-video is-provider-youtube wp-block-embed-youtube wp-embed-aspect-16-9 wp-has-aspect-ratio\"><div class=\"wp-block-embed__wrapper\">\n<iframe loading=\"lazy\" title=\"B\u00fdval\u00fd prezident Donald Trump zahajuje nab\u00eddku B\u00edl\u00e9ho domu v roce 2024 #Short\" width=\"640\" height=\"360\" src=\"https:\/\/www.youtube.com\/embed\/hZykPRVe4Ag?feature=oembed\" frameborder=\"0\" allow=\"accelerometer; autoplay; clipboard-write; encrypted-media; gyroscope; picture-in-picture; web-share\" allowfullscreen><\/iframe>\n<\/div><\/figure>\n\n\n<div class=\"wp-block-image\">\n<figure class=\"aligncenter size-medium\"><a href=\"https:\/\/parier-presidentielle.com\/cs\/recommends\/unibet\/\" target=\"_blank\" rel=\"noopener\"><img decoding=\"async\" loading=\"lazy\" width=\"300\" height=\"169\" src=\"https:\/\/parier-presidentielle.com\/wp-content\/uploads\/2022\/04\/unibet-300x169.jpg\" alt=\"\" class=\"wp-image-1252\" srcset=\"https:\/\/parier-presidentielle.com\/wp-content\/uploads\/2022\/04\/unibet-300x169.jpg 300w, https:\/\/parier-presidentielle.com\/wp-content\/uploads\/2022\/04\/unibet-1024x576.jpg 1024w, https:\/\/parier-presidentielle.com\/wp-content\/uploads\/2022\/04\/unibet-768x432.jpg 768w, https:\/\/parier-presidentielle.com\/wp-content\/uploads\/2022\/04\/unibet-18x10.jpg 18w, https:\/\/parier-presidentielle.com\/wp-content\/uploads\/2022\/04\/unibet.jpg 1280w\" sizes=\"(max-width: 300px) 100vw, 300px\" \/><\/a><\/figure><\/div>\n\n\n<p>Najd\u011bte Wiki, z\u00e1kladn\u00ed politick\u00e9 zpr\u00e1vy o konop\u00ed a jeho leg\u00e1ln\u00edch deriv\u00e1tech: <strong>HHC, H4cbd, Thcp, Thcv, HSD, HHCPO, C4B<\/strong><\/p>\n\n\n\n<p>Kl\u00ed\u010dov\u00e1 slova str\u00e1nky: <br>#Marine2022, Paris Marine Le Pen, Bookmaker 2022, <br>V\u00edt\u011bz francouzsk\u00fdch voleb, pr\u016fzkum #LePen2022 a sportovn\u00ed hodnocen\u00ed<\/p>\n<div id=\"toc_container\" class=\"no_bullets\"><p class=\"toc_title\">Obsah<\/p><ul class=\"toc_list\"><li><ul><li><\/li><\/ul><\/li><li><\/li><li><\/li><li><\/li><li><ul><li><ul><li><\/li><\/ul><\/li><li><\/li><li><\/li><\/ul><\/li><\/ul><\/div>","protected":false},"excerpt":{"rendered":"<p>Cote et pronostics pour le candidat Marine Le Pen:Paris en ligne sur la politique et le futur pr\u00e9sident de la France de 2022 Comment r\u00e9aliser son 1er pari sur Marine Le Pen avec Unibet? Tout comme vous pouvez parier sur la victoire de votre \u00e9quipe de foot pr\u00e9f\u00e9r\u00e9, il est possible de parier sur le \u2026 <a href=\"https:\/\/parier-presidentielle.com\/cs\/marine-le-pen-volby\/\" rel=\"noopener noreferrer\">V\u00edce informac\u00ed<\/a><\/p>","protected":false},"author":1,"featured_media":0,"parent":0,"menu_order":0,"comment_status":"closed","ping_status":"closed","template":"page-nosidebar.php","meta":{"footnotes":""},"yoast_head":"<!-- This site is optimized with the Yoast SEO Premium plugin v21.0 (Yoast SEO v21.0) - https:\/\/yoast.com\/wordpress\/plugins\/seo\/ -->\n<title>Parier sur l&#039;\u00e9lection de Marine Le Pen - Finale Coupe du Monde FIFA<\/title>\n<meta name=\"description\" content=\"Pariez sur Marine Le Pen pour l&#039;Election 2022 : Cliquez Ici et Gagnez Gros! Pronostics ,Comparaison des Bookmakers et des meilleurs Cotes.\" \/>\n<meta name=\"robots\" content=\"index, follow, max-snippet:-1, max-image-preview:large, max-video-preview:-1\" \/>\n<link rel=\"canonical\" href=\"https:\/\/parier-presidentielle.com\/cs\/marine-le-pen-volby\/\" \/>\n<meta property=\"og:locale\" content=\"cs_CZ\" \/>\n<meta property=\"og:type\" content=\"article\" \/>\n<meta property=\"og:title\" content=\"Parier sur l&#039;\u00e9lection de Marine Le Pen\" \/>\n<meta property=\"og:description\" content=\"Pariez sur Marine Le Pen pour l&#039;Election 2022 : Cliquez Ici et Gagnez Gros! Pronostics ,Comparaison des Bookmakers et des meilleurs Cotes.\" \/>\n<meta property=\"og:url\" content=\"https:\/\/parier-presidentielle.com\/cs\/marine-le-pen-volby\/\" \/>\n<meta property=\"og:site_name\" content=\"Parier Pr\u00e9sidentielle\" \/>\n<meta property=\"article:modified_time\" content=\"2022-04-24T06:46:18+00:00\" \/>\n<meta property=\"og:image\" content=\"https:\/\/parier-presidentielle.com\/wp-content\/uploads\/2022\/04\/unibet-parier-cote-marine-le-pen-2022-1024x612.jpg\" \/>\n<meta name=\"twitter:card\" content=\"summary_large_image\" \/>\n<meta name=\"twitter:label1\" content=\"Est. reading time\" \/>\n\t<meta name=\"twitter:data1\" content=\"4 minuty\" \/>\n<script type=\"application\/ld+json\" class=\"yoast-schema-graph\">{\"@context\":\"https:\/\/schema.org\",\"@graph\":[{\"@type\":\"WebPage\",\"@id\":\"https:\/\/parier-presidentielle.com\/marine-le-pen-election\/\",\"url\":\"https:\/\/parier-presidentielle.com\/marine-le-pen-election\/\",\"name\":\"Parier sur l'\u00e9lection de Marine Le Pen - Finale Coupe du Monde FIFA\",\"isPartOf\":{\"@id\":\"https:\/\/parier-presidentielle.com\/#website\"},\"datePublished\":\"2021-09-06T21:23:21+00:00\",\"dateModified\":\"2022-04-24T06:46:18+00:00\",\"description\":\"Pariez sur Marine Le Pen pour l'Election 2022 : Cliquez Ici et Gagnez Gros! Pronostics ,Comparaison des Bookmakers et des meilleurs Cotes.\",\"breadcrumb\":{\"@id\":\"https:\/\/parier-presidentielle.com\/marine-le-pen-election\/#breadcrumb\"},\"inLanguage\":\"cs\",\"potentialAction\":[{\"@type\":\"ReadAction\",\"target\":[\"https:\/\/parier-presidentielle.com\/marine-le-pen-election\/\"]}]},{\"@type\":\"BreadcrumbList\",\"@id\":\"https:\/\/parier-presidentielle.com\/marine-le-pen-election\/#breadcrumb\",\"itemListElement\":[{\"@type\":\"ListItem\",\"position\":1,\"name\":\"Accueil\",\"item\":\"https:\/\/parier-presidentielle.com\/\"},{\"@type\":\"ListItem\",\"position\":2,\"name\":\"Parier sur l&#8217;\u00e9lection de Marine Le Pen\"}]},{\"@type\":\"WebSite\",\"@id\":\"https:\/\/parier-presidentielle.com\/#website\",\"url\":\"https:\/\/parier-presidentielle.com\/\",\"name\":\"Parier Pr\u00e9sidentielle\",\"description\":\"Paris, Pronostics, Wiki sur la Politique, les Elections Am\u00e9ricaines: Joe Biden, Donald Trump avec les Bookmakers en ligne Unibet, Bwin, Betclic, Winamax\",\"potentialAction\":[{\"@type\":\"SearchAction\",\"target\":{\"@type\":\"EntryPoint\",\"urlTemplate\":\"https:\/\/parier-presidentielle.com\/?s={search_term_string}\"},\"query-input\":\"required name=search_term_string\"}],\"inLanguage\":\"cs\"}]}<\/script>\n<!-- \/ Yoast SEO Premium plugin. -->","yoast_head_json":{"title":"Parier sur l'\u00e9lection de Marine Le Pen - Finale Coupe du Monde FIFA","description":"Pariez sur Marine Le Pen pour l'Election 2022 : Cliquez Ici et Gagnez Gros! Pronostics ,Comparaison des Bookmakers et des meilleurs Cotes.","robots":{"index":"index","follow":"follow","max-snippet":"max-snippet:-1","max-image-preview":"max-image-preview:large","max-video-preview":"max-video-preview:-1"},"canonical":"https:\/\/parier-presidentielle.com\/cs\/marine-le-pen-volby\/","og_locale":"cs_CZ","og_type":"article","og_title":"Parier sur l'\u00e9lection de Marine Le Pen","og_description":"Pariez sur Marine Le Pen pour l'Election 2022 : Cliquez Ici et Gagnez Gros! Pronostics ,Comparaison des Bookmakers et des meilleurs Cotes.","og_url":"https:\/\/parier-presidentielle.com\/cs\/marine-le-pen-volby\/","og_site_name":"Parier Pr\u00e9sidentielle","article_modified_time":"2022-04-24T06:46:18+00:00","og_image":[{"url":"https:\/\/parier-presidentielle.com\/wp-content\/uploads\/2022\/04\/unibet-parier-cote-marine-le-pen-2022-1024x612.jpg"}],"twitter_card":"summary_large_image","twitter_misc":{"Est. reading time":"4 minuty"},"schema":{"@context":"https:\/\/schema.org","@graph":[{"@type":"WebPage","@id":"https:\/\/parier-presidentielle.com\/marine-le-pen-election\/","url":"https:\/\/parier-presidentielle.com\/marine-le-pen-election\/","name":"Parier sur l'\u00e9lection de Marine Le Pen - Finale Coupe du Monde FIFA","isPartOf":{"@id":"https:\/\/parier-presidentielle.com\/#website"},"datePublished":"2021-09-06T21:23:21+00:00","dateModified":"2022-04-24T06:46:18+00:00","description":"Pariez sur Marine Le Pen pour l'Election 2022 : Cliquez Ici et Gagnez Gros! Pronostics ,Comparaison des Bookmakers et des meilleurs Cotes.","breadcrumb":{"@id":"https:\/\/parier-presidentielle.com\/marine-le-pen-election\/#breadcrumb"},"inLanguage":"cs","potentialAction":[{"@type":"ReadAction","target":["https:\/\/parier-presidentielle.com\/marine-le-pen-election\/"]}]},{"@type":"BreadcrumbList","@id":"https:\/\/parier-presidentielle.com\/marine-le-pen-election\/#breadcrumb","itemListElement":[{"@type":"ListItem","position":1,"name":"Accueil","item":"https:\/\/parier-presidentielle.com\/"},{"@type":"ListItem","position":2,"name":"Parier sur l&#8217;\u00e9lection de Marine Le Pen"}]},{"@type":"WebSite","@id":"https:\/\/parier-presidentielle.com\/#website","url":"https:\/\/parier-presidentielle.com\/","name":"Parier Pr\u00e9sidentielle","description":"Paris, Pronostics, Wiki sur la Politique, les Elections Am\u00e9ricaines: Joe Biden, Donald Trump avec les Bookmakers en ligne Unibet, Bwin, Betclic, Winamax","potentialAction":[{"@type":"SearchAction","target":{"@type":"EntryPoint","urlTemplate":"https:\/\/parier-presidentielle.com\/?s={search_term_string}"},"query-input":"required name=search_term_string"}],"inLanguage":"cs"}]}},"_links":{"self":[{"href":"https:\/\/parier-presidentielle.com\/cs\/wp-json\/wp\/v2\/pages\/41"}],"collection":[{"href":"https:\/\/parier-presidentielle.com\/cs\/wp-json\/wp\/v2\/pages"}],"about":[{"href":"https:\/\/parier-presidentielle.com\/cs\/wp-json\/wp\/v2\/types\/page"}],"author":[{"embeddable":true,"href":"https:\/\/parier-presidentielle.com\/cs\/wp-json\/wp\/v2\/users\/1"}],"replies":[{"embeddable":true,"href":"https:\/\/parier-presidentielle.com\/cs\/wp-json\/wp\/v2\/comments?post=41"}],"version-history":[{"count":19,"href":"https:\/\/parier-presidentielle.com\/cs\/wp-json\/wp\/v2\/pages\/41\/revisions"}],"predecessor-version":[{"id":1588,"href":"https:\/\/parier-presidentielle.com\/cs\/wp-json\/wp\/v2\/pages\/41\/revisions\/1588"}],"wp:attachment":[{"href":"https:\/\/parier-presidentielle.com\/cs\/wp-json\/wp\/v2\/media?parent=41"}],"curies":[{"name":"wp","href":"https:\/\/api.w.org\/{rel}","templated":true}]}}