{"id":422,"date":"2022-01-11T22:54:26","date_gmt":"2022-01-11T21:54:26","guid":{"rendered":"https:\/\/parier-presidentielle.com\/?page_id=422"},"modified":"2022-04-24T09:32:12","modified_gmt":"2022-04-24T07:32:12","slug":"valerie-pecresse-election","status":"publish","type":"page","link":"https:\/\/parier-presidentielle.com\/cs\/valerie-pecresse-volby\/","title":{"rendered":"Vsa\u010fte na zvolen\u00ed Val\u00e9rie P\u00e9cresse"},"content":{"rendered":"<h2 class=\"wp-block-heading\"><span id=\"cote-et-pronostics-pour-la-candidate-ump-valerie-pecresse-paris-en-ligne-sur-la-politique-et-la-future-presidente-de-la-france-de-2022\">Kurzy a p\u0159edpov\u011bdi kandid\u00e1tky UMP Val\u00e9rie P\u00e9cresse:<br>Online s\u00e1zen\u00ed na politiku a budouc\u00edho prezidenta Francie v roce 2022<br><br><\/span><\/h2>\n\n\n\n<div class=\"wp-block-image wp-duotone-000097-ff4747-1\"><figure class=\"aligncenter size-large is-resized\"><img decoding=\"async\" loading=\"lazy\" src=\"https:\/\/parier-presidentielle.com\/wp-content\/uploads\/2022\/01\/valerie-pecresse-1024x512.jpeg\" alt=\"Valerie Pecresseov\u00e1\" class=\"wp-image-427\" width=\"526\" height=\"262\" srcset=\"https:\/\/parier-presidentielle.com\/wp-content\/uploads\/2022\/01\/valerie-pecresse-1024x512.jpeg 1024w, https:\/\/parier-presidentielle.com\/wp-content\/uploads\/2022\/01\/valerie-pecresse-300x150.jpeg 300w, https:\/\/parier-presidentielle.com\/wp-content\/uploads\/2022\/01\/valerie-pecresse-768x384.jpeg 768w, https:\/\/parier-presidentielle.com\/wp-content\/uploads\/2022\/01\/valerie-pecresse.jpeg 1440w\" sizes=\"(max-width: 526px) 100vw, 526px\" \/><\/figure><\/div>\n\n\n\n<p><br>Prezidentsk\u00e9 volby v roce 2022 jsou ji\u017e v centru pozornosti. Toto bude test pro \u201enov\u00fd norm\u00e1l\u201c. Francouzi od za\u010d\u00e1tku zdravotn\u00ed krize je\u0161t\u011b nem\u011bli mo\u017enost hlasovat. Budou se muset p\u0159izp\u016fsobit nov\u00fdm zp\u016fsob\u016fm hlasov\u00e1n\u00ed, na d\u00e1lku a s maskami. Prezidentsk\u00e9 volby jsou ve Francii v\u017edy velkou ud\u00e1lost\u00ed, a proto je d\u016fle\u017eit\u00e9 sledovat pr\u016fzkumy a vsadit si na kandid\u00e1ta, kter\u00fd s nejv\u011bt\u0161\u00ed pravd\u011bpodobnost\u00ed Macron vyhraje.<\/p>\n\n\n\n<p>Letos je na startovn\u00ed \u010d\u00e1\u0159e mnoho kandid\u00e1t\u016f. N\u011bkter\u00e9 jsou zn\u00e1m\u011bj\u0161\u00ed ne\u017e jin\u00e9. S\u00e1zen\u00ed na Val\u00e9rii P\u00e9cresse je nap\u0159\u00edklad s\u00e1zka na jistotu, proto\u017ee se v politice pohybuje dlouho a m\u00e1 sv\u00e9 p\u0159\u00edznivce. V letech 2002 a\u017e 2016 byla starostkou Versailles, do roku 2020 pak prezidentkou \u00cele-de-France.<\/p>\n\n\n\n<p>Prezidentsk\u00fd rok 2022: pozn\u00e1mky a p\u0159edpov\u011bdi Val\u00e9rie P\u00e9cresse<\/p>\n\n\n\n<p>Val\u00e9rie P\u00e9cresse se rozhodla kandidovat na prezidentku pot\u00e9, co byla b\u011bhem sv\u00e9 kari\u00e9ry \u010dlenkou n\u011bkolika politick\u00fdch stran: UDF, UMP a pot\u00e9 Les R\u00e9publicains. Byla sou\u010d\u00e1st\u00ed vl\u00e1dy Nicolase Sarkozyho, kdy\u017e se stal francouzsk\u00fdm prezidentem v roce 2007. V roce 2017 otev\u0159en\u011b podporovala Emmanuela Macrona b\u011bhem prezidentsk\u00e9 kampan\u011b.<\/p>\n\n\n\n<h2 class=\"wp-block-heading\"><span id=\"biographie-de-valerie-pecresse-pour-bien-parier\"> <br>\u017divotopis Val\u00e9rie P\u00e9cresse za dobrou s\u00e1zku!<\/span><\/h2>\n\n\n\n<p><\/p>\n\n\n\n<p><strong>Val\u00e9rie P\u00e9cresseov\u00e1<\/strong>\u00a0narozen\u00e1 Val\u00e9rie Roux (Neuilly-sur-Seine, 14. \u010dervence 1967) je francouzsk\u00e1 politi\u010dka. V sou\u010dasn\u00e9 dob\u011b je p\u0159edsedkyn\u00ed region\u00e1ln\u00ed rady Ile de France.<\/p>\n\n\n\n<p>prosince 2021 byla republik\u00e1nskou stranou zvolena kandid\u00e1tkou pro francouzsk\u00e9 prezidentsk\u00e9 volby v roce 2022 s 61 hlasy % proti 39 %, kter\u00e9 z\u00edskal Eric Ciotti ve druh\u00e9m kole prim\u00e1rek.<\/p>\n\n\n\n<h2 class=\"wp-block-heading\"><span id=\"biographie\">\u017divotopis<\/span><\/h2>\n\n\n\n<p>Auditorka ve St\u00e1tn\u00ed rad\u011b od roku 1992, byla poradkyn\u00ed Jacquese Chiraca a \u0161est let vyu\u010dovala na Fakult\u011b Institutu politick\u00fdch studi\u00ed v Pa\u0159\u00ed\u017ei. B\u011bhem parlamentn\u00edch voleb v roce 2002 byl zvolen poslancem za Yvelines a znovu zvolen v letech 2007 a 2012. Ministr vysok\u00e9ho \u0161kolstv\u00ed a v\u00fdzkumu v letech 2007 a\u017e 2011 vedl reformu autonomie univerzit a byl vedouc\u00edm kandid\u00e1tky UMP v region\u00e1ln\u00edch volb\u00e1ch v roce 2010 v regionu Ile-de-France. V letech 2011 a\u017e 2012 byla ministryn\u00ed rozpo\u010dtu, ve\u0159ejn\u00fdch \u00fa\u010dt\u016f a st\u00e1tn\u00ed reformy a mluv\u010d\u00ed vl\u00e1dy. V prosinci 2014 byla jmenov\u00e1na koordin\u00e1torkou krajsk\u00fdch voleb v roce 2015 a byla vedouc\u00ed kandid\u00e1tky strany Les R\u00e9publicains pro region Ile-de-France, kterou vyhr\u00e1la ve druh\u00e9m kole proti socialistick\u00e9mu kandid\u00e1tovi Claude Bartolone.<\/p>\n\n\n\n<p>V letech 2002 a\u017e 2015 byl \u010dlenem Unie pro lidov\u00e9 hnut\u00ed (UMP) a \u010dlenem Republik\u00e1n\u016f (LR) do 5. \u010dervna 2019, kdy po ne\u00fasp\u011bchu v evropsk\u00fdch volb\u00e1ch ozn\u00e1mil, \u017ee ze strany odch\u00e1z\u00ed. (8,51 TP4T hlas\u016f) a rezignaci Laurenta Wauquieze. P\u00e9cresse pot\u00e9 vyj\u00e1d\u0159il sv\u00e9 p\u0159\u00e1n\u00ed \u201e&nbsp;&nbsp;<em>znovu vybudovat pr\u00e1vo, hroz\u00ed z\u00e1nik<\/em>&nbsp;&quot;ale z&quot;&nbsp;<em>exteri\u00e9r<\/em>&nbsp;\u00bb, t\u00edm, \u017ee vede sv\u00e9 vlastn\u00ed&nbsp;<em>Bu\u010fme voln\u00fd pohyb<\/em>&nbsp;!.<\/p>\n\n\n\n<h3 class=\"wp-block-heading\"><span id=\"candidat-aux-elections-presidentielles-de-2022\">Kandid\u00e1t na prezidentsk\u00e9 volby v roce 2022<\/span><\/h3>\n\n\n\n<p>Dne 22. \u010dervence 2021 ozn\u00e1mila Val\u00e9rie P\u00e9cresse svou kandidaturu do pravicov\u00fdch prim\u00e1rek s v\u00fdhledem na prezidentsk\u00e9 volby v roce 2022 a prohl\u00e1sila, \u017ee chce \u201eobnovit francouzskou hrdost\u201c a \u201evn\u00e9st do Francie po\u0159\u00e1dek\u201c. Kandid\u00e1tka na republik\u00e1nsk\u00fd kongres s c\u00edlem nominovat kandid\u00e1ta na prezidenta strany, sv\u016fj stranick\u00fd pr\u016fkaz obnovila v \u0159\u00edjnu 2021. 2. prosince skon\u010dil na druh\u00e9m m\u00edst\u011b v prvn\u00edm kole kongresov\u00fdch prim\u00e1rek s 25 hlasy %, m\u00e9n\u011b ne\u017e jeden bod za Ericem Ciottim (25,59 %). Po vyhl\u00e1\u0161en\u00ed v\u00fdsledk\u016f prvn\u00edho kola p\u0159ed druh\u00fdm kolem z\u00edskala podporu Xaviera Bertranda, Michela Barniera a Philippa Juvina Ve druh\u00e9m kole, kter\u00e9 se konalo 4. prosince 2021, byla zvolena jako kandid\u00e1tka na francouzsk\u00e9ho prezidenta v roce 2022. volby Republik\u00e1nskou stranou, p\u0159i\u010dem\u017e 61% proti 39% produkoval Eric Ciotti.<\/p>\n\n\n\n<h2 class=\"wp-block-heading\"><span id=\"positions-politiques\">Politick\u00e9 pozice<\/span><\/h2>\n\n\n\n<p>Prohl\u00e1sil se ve prosp\u011bch ekonomick\u00e9ho liberalismu a v srpnu 2021 tvrdil, \u017ee to byly \u201edv\u011b t\u0159etiny Merkelov\u00e1, jedna t\u0159etina Thatcherov\u00e1\u201c.<\/p>\n\n\n\n<p>S bl\u00ed\u017e\u00edc\u00edmi se prezidentsk\u00fdmi volbami v roce 2022 sl\u00edbil sn\u00ed\u017een\u00ed ve\u0159ejn\u00fdch v\u00fddaj\u016f a dan\u00ed prost\u0159ednictv\u00edm \u010dty\u0159 hlavn\u00edch reforem: zru\u0161en\u00ed 150 000 pracovn\u00edch m\u00edst ve ve\u0159ejn\u00e9 spr\u00e1v\u011b, p\u0159echod do d\u016fchodu v 65 letech, sn\u00ed\u017een\u00ed d\u00e1vek v nezam\u011bstnanosti a odd\u011blen\u00ed od st\u00e1tu. od konkuren\u010dn\u00edch spole\u010dnost\u00ed, jejich\u017e je men\u0161inov\u00fdm akcion\u00e1\u0159em.<\/p>\n\n\n\n<p>Proti n\u00e1vrhu z\u00e1kona o s\u0148atc\u00edch osob stejn\u00e9ho pohlav\u00ed ve Francii se v letech 2012 a\u017e 2013 z\u00fa\u010dastnila r\u016fzn\u00fdch demonstrac\u00ed proti s\u0148atk\u016fm osob stejn\u00e9ho pohlav\u00ed a rodi\u010dovstv\u00ed osob stejn\u00e9ho pohlav\u00ed, kter\u00e9 vedl zejm\u00e9na La Manif pour tous. M\u00c1<\/p>\n\n\n\n<p>V roce 2021 obhajoval restriktivn\u011bj\u0161\u00ed p\u0159\u00edstup k ot\u00e1zce imigrace a ozna\u010dil ji za \u201evelkou v\u00fdzvu pro spole\u010dnost\u201c. Navrhuje zejm\u00e9na stanoven\u00ed maxim\u00e1ln\u00edch ro\u010dn\u00edch imigra\u010dn\u00edch strop\u016f a zp\u0159\u00edsn\u011bn\u00ed podm\u00ednek pro vyd\u00e1n\u00ed povolen\u00ed k pobytu, jako jsou \u201edostate\u010dn\u00e9 prost\u0159edky\u201c (jejich\u017e v\u00fd\u0161e by se zv\u00fd\u0161ila o 25 %), \u201eovl\u00e1d\u00e1n\u00ed francouzsk\u00e9ho jazyka\u201c a &quot;respekt k sekularismu a hodnot\u00e1m republiky.&quot; Nakonec si p\u0159ejete vylou\u010dit ze syst\u00e9m\u016f soci\u00e1ln\u00ed pomoci osoby, kter\u00e9 ve Francii pob\u00fdvaj\u00ed m\u00e9n\u011b ne\u017e p\u011bt let.<\/p>\n\n\n\n<p><\/p>\n\n\n\n<p><\/p>\n<div id=\"toc_container\" class=\"no_bullets\"><p class=\"toc_title\">Obsah<\/p><ul class=\"toc_list\"><li><\/li><li><\/li><li><ul><li><\/li><\/ul><\/li><li><\/li><\/ul><\/div>","protected":false},"excerpt":{"rendered":"<p>Cote et pronostics pour la candidate UMP Val\u00e9rie P\u00e9cresse :Paris en ligne sur la politique et la future pr\u00e9sidente de la France de 2022 Les \u00e9lections pr\u00e9sidentielles de 2022 sont d\u00e9j\u00e0 sous le feu des projecteurs. Il s&#8217;agira d&#8217;un test pour la &#8220;nouvelle normalit\u00e9&#8221;. Les Fran\u00e7ais n&#8217;ont pas encore eu l&#8217;occasion de voter depuis le &#8230;<\/p>","protected":false},"author":1,"featured_media":0,"parent":0,"menu_order":0,"comment_status":"closed","ping_status":"closed","template":"page-nosidebar.php","meta":{"footnotes":""},"yoast_head":"<!-- This site is optimized with the Yoast SEO Premium plugin v21.0 (Yoast SEO v21.0) - https:\/\/yoast.com\/wordpress\/plugins\/seo\/ -->\n<title>Parier sur l\u2019\u00e9lection de Val\u00e9rie P\u00e9cresse - Finale Coupe du Monde FIFA<\/title>\n<meta name=\"description\" content=\"Pariez sur P\u00e9cresse pour l&#039;\u00e9lection 2022 : Cliquez Ici et Gagnez Gros! Pronostics ,Comparaison des Bookmakers et des meilleurs Cotes.\" \/>\n<meta name=\"robots\" content=\"index, follow, max-snippet:-1, max-image-preview:large, max-video-preview:-1\" \/>\n<link rel=\"canonical\" href=\"https:\/\/parier-presidentielle.com\/cs\/valerie-pecresse-volby\/\" \/>\n<meta property=\"og:locale\" content=\"cs_CZ\" \/>\n<meta property=\"og:type\" content=\"article\" \/>\n<meta property=\"og:title\" content=\"Parier sur l\u2019\u00e9lection de Val\u00e9rie P\u00e9cresse\" \/>\n<meta property=\"og:description\" content=\"Pariez sur P\u00e9cresse pour l&#039;\u00e9lection 2022 : Cliquez Ici et Gagnez Gros! Pronostics ,Comparaison des Bookmakers et des meilleurs Cotes.\" \/>\n<meta property=\"og:url\" content=\"https:\/\/parier-presidentielle.com\/cs\/valerie-pecresse-volby\/\" \/>\n<meta property=\"og:site_name\" content=\"Parier Pr\u00e9sidentielle\" \/>\n<meta property=\"article:modified_time\" content=\"2022-04-24T07:32:12+00:00\" \/>\n<meta property=\"og:image\" content=\"https:\/\/parier-presidentielle.com\/wp-content\/uploads\/2022\/01\/valerie-pecresse-1024x512.jpeg\" \/>\n<meta name=\"twitter:card\" content=\"summary_large_image\" \/>\n<meta name=\"twitter:label1\" content=\"Est. reading time\" \/>\n\t<meta name=\"twitter:data1\" content=\"5 minut\" \/>\n<script type=\"application\/ld+json\" class=\"yoast-schema-graph\">{\"@context\":\"https:\/\/schema.org\",\"@graph\":[{\"@type\":\"WebPage\",\"@id\":\"https:\/\/parier-presidentielle.com\/valerie-pecresse-election\/\",\"url\":\"https:\/\/parier-presidentielle.com\/valerie-pecresse-election\/\",\"name\":\"Parier sur l\u2019\u00e9lection de Val\u00e9rie P\u00e9cresse - Finale Coupe du Monde FIFA\",\"isPartOf\":{\"@id\":\"https:\/\/parier-presidentielle.com\/#website\"},\"datePublished\":\"2022-01-11T21:54:26+00:00\",\"dateModified\":\"2022-04-24T07:32:12+00:00\",\"description\":\"Pariez sur P\u00e9cresse pour l'\u00e9lection 2022 : Cliquez Ici et Gagnez Gros! Pronostics ,Comparaison des Bookmakers et des meilleurs Cotes.\",\"breadcrumb\":{\"@id\":\"https:\/\/parier-presidentielle.com\/valerie-pecresse-election\/#breadcrumb\"},\"inLanguage\":\"cs\",\"potentialAction\":[{\"@type\":\"ReadAction\",\"target\":[\"https:\/\/parier-presidentielle.com\/valerie-pecresse-election\/\"]}]},{\"@type\":\"BreadcrumbList\",\"@id\":\"https:\/\/parier-presidentielle.com\/valerie-pecresse-election\/#breadcrumb\",\"itemListElement\":[{\"@type\":\"ListItem\",\"position\":1,\"name\":\"Accueil\",\"item\":\"https:\/\/parier-presidentielle.com\/\"},{\"@type\":\"ListItem\",\"position\":2,\"name\":\"Parier sur l\u2019\u00e9lection de Val\u00e9rie P\u00e9cresse\"}]},{\"@type\":\"WebSite\",\"@id\":\"https:\/\/parier-presidentielle.com\/#website\",\"url\":\"https:\/\/parier-presidentielle.com\/\",\"name\":\"Parier Pr\u00e9sidentielle\",\"description\":\"Paris, Pronostics, Wiki sur la Politique, les Elections Am\u00e9ricaines: Joe Biden, Donald Trump avec les Bookmakers en ligne Unibet, Bwin, Betclic, Winamax\",\"potentialAction\":[{\"@type\":\"SearchAction\",\"target\":{\"@type\":\"EntryPoint\",\"urlTemplate\":\"https:\/\/parier-presidentielle.com\/?s={search_term_string}\"},\"query-input\":\"required name=search_term_string\"}],\"inLanguage\":\"cs\"}]}<\/script>\n<!-- \/ Yoast SEO Premium plugin. -->","yoast_head_json":{"title":"Parier sur l\u2019\u00e9lection de Val\u00e9rie P\u00e9cresse - Finale Coupe du Monde FIFA","description":"Pariez sur P\u00e9cresse pour l'\u00e9lection 2022 : Cliquez Ici et Gagnez Gros! Pronostics ,Comparaison des Bookmakers et des meilleurs Cotes.","robots":{"index":"index","follow":"follow","max-snippet":"max-snippet:-1","max-image-preview":"max-image-preview:large","max-video-preview":"max-video-preview:-1"},"canonical":"https:\/\/parier-presidentielle.com\/cs\/valerie-pecresse-volby\/","og_locale":"cs_CZ","og_type":"article","og_title":"Parier sur l\u2019\u00e9lection de Val\u00e9rie P\u00e9cresse","og_description":"Pariez sur P\u00e9cresse pour l'\u00e9lection 2022 : Cliquez Ici et Gagnez Gros! Pronostics ,Comparaison des Bookmakers et des meilleurs Cotes.","og_url":"https:\/\/parier-presidentielle.com\/cs\/valerie-pecresse-volby\/","og_site_name":"Parier Pr\u00e9sidentielle","article_modified_time":"2022-04-24T07:32:12+00:00","og_image":[{"url":"https:\/\/parier-presidentielle.com\/wp-content\/uploads\/2022\/01\/valerie-pecresse-1024x512.jpeg"}],"twitter_card":"summary_large_image","twitter_misc":{"Est. reading time":"5 minut"},"schema":{"@context":"https:\/\/schema.org","@graph":[{"@type":"WebPage","@id":"https:\/\/parier-presidentielle.com\/valerie-pecresse-election\/","url":"https:\/\/parier-presidentielle.com\/valerie-pecresse-election\/","name":"Parier sur l\u2019\u00e9lection de Val\u00e9rie P\u00e9cresse - Finale Coupe du Monde FIFA","isPartOf":{"@id":"https:\/\/parier-presidentielle.com\/#website"},"datePublished":"2022-01-11T21:54:26+00:00","dateModified":"2022-04-24T07:32:12+00:00","description":"Pariez sur P\u00e9cresse pour l'\u00e9lection 2022 : Cliquez Ici et Gagnez Gros! Pronostics ,Comparaison des Bookmakers et des meilleurs Cotes.","breadcrumb":{"@id":"https:\/\/parier-presidentielle.com\/valerie-pecresse-election\/#breadcrumb"},"inLanguage":"cs","potentialAction":[{"@type":"ReadAction","target":["https:\/\/parier-presidentielle.com\/valerie-pecresse-election\/"]}]},{"@type":"BreadcrumbList","@id":"https:\/\/parier-presidentielle.com\/valerie-pecresse-election\/#breadcrumb","itemListElement":[{"@type":"ListItem","position":1,"name":"Accueil","item":"https:\/\/parier-presidentielle.com\/"},{"@type":"ListItem","position":2,"name":"Parier sur l\u2019\u00e9lection de Val\u00e9rie P\u00e9cresse"}]},{"@type":"WebSite","@id":"https:\/\/parier-presidentielle.com\/#website","url":"https:\/\/parier-presidentielle.com\/","name":"Parier Pr\u00e9sidentielle","description":"Paris, Pronostics, Wiki sur la Politique, les Elections Am\u00e9ricaines: Joe Biden, Donald Trump avec les Bookmakers en ligne Unibet, Bwin, Betclic, Winamax","potentialAction":[{"@type":"SearchAction","target":{"@type":"EntryPoint","urlTemplate":"https:\/\/parier-presidentielle.com\/?s={search_term_string}"},"query-input":"required name=search_term_string"}],"inLanguage":"cs"}]}},"_links":{"self":[{"href":"https:\/\/parier-presidentielle.com\/cs\/wp-json\/wp\/v2\/pages\/422"}],"collection":[{"href":"https:\/\/parier-presidentielle.com\/cs\/wp-json\/wp\/v2\/pages"}],"about":[{"href":"https:\/\/parier-presidentielle.com\/cs\/wp-json\/wp\/v2\/types\/page"}],"author":[{"embeddable":true,"href":"https:\/\/parier-presidentielle.com\/cs\/wp-json\/wp\/v2\/users\/1"}],"replies":[{"embeddable":true,"href":"https:\/\/parier-presidentielle.com\/cs\/wp-json\/wp\/v2\/comments?post=422"}],"version-history":[{"count":7,"href":"https:\/\/parier-presidentielle.com\/cs\/wp-json\/wp\/v2\/pages\/422\/revisions"}],"predecessor-version":[{"id":1598,"href":"https:\/\/parier-presidentielle.com\/cs\/wp-json\/wp\/v2\/pages\/422\/revisions\/1598"}],"wp:attachment":[{"href":"https:\/\/parier-presidentielle.com\/cs\/wp-json\/wp\/v2\/media?parent=422"}],"curies":[{"name":"wp","href":"https:\/\/api.w.org\/{rel}","templated":true}]}}