{"id":525,"date":"2022-02-17T17:17:02","date_gmt":"2022-02-17T16:17:02","guid":{"rendered":"https:\/\/parier-presidentielle.com\/?page_id=525"},"modified":"2022-04-12T00:47:22","modified_gmt":"2022-04-11T22:47:22","slug":"1xbit-politique","status":"publish","type":"page","link":"https:\/\/parier-presidentielle.com\/cs\/zasada-1xbit\/","title":{"rendered":"1xBit: S\u00e1zen\u00ed na politiku v bitcoinech"},"content":{"rendered":"<h2 class=\"wp-block-heading\"><span id=\"1xbit-analyse-du-nouveaux-bookmaker-specialise-en-bitcoin\">1xbit: Anal\u00fdza nov\u00e9 s\u00e1zkov\u00e9 kancel\u00e1\u0159e specializuj\u00edc\u00ed se na bitcoiny<\/span><\/h2>\n\n\n\n<p>1xBit je ve skute\u010dnosti nejinovativn\u011bj\u0161\u00ed str\u00e1nka pro sportovn\u00ed s\u00e1zen\u00ed\/hern\u00ed hry na mezin\u00e1rodn\u00ed sc\u00e9n\u011b <strong>jako jedin\u00e1 umo\u017e\u0148uje pouze vklady a v\u00fdb\u011bry prost\u0159ednictv\u00edm kryptom\u011bn<\/strong>, jde rozhodn\u011b o novinku, kter\u00e1 ot\u0159\u00e1sla sv\u011btem online hran\u00ed. <br>Vzhledem k t\u00e9to platebn\u00ed metod\u011b platforma nevy\u017eaduje \u017e\u00e1dnou konkr\u00e9tn\u00ed licenci k p\u016fsoben\u00ed na trhu, ale proto\u017ee s\u00e1zkov\u00e1 kancel\u00e1\u0159 je pova\u017eov\u00e1na za bezpe\u010dnou a zaji\u0161t\u011bnou, proto\u017ee je sou\u010d\u00e1st\u00ed skupiny \u201e1X Corp NV\u201c. Majitel nejzn\u00e1m\u011bj\u0161\u00edho webu 1xBet s mezin\u00e1rodn\u00ed licenc\u00ed vydanou pr\u00e1vem Curacao a tis\u00edc\u016f s\u00e1zkov\u00fdch center po cel\u00e9 Evrop\u011b si nav\u00edc v posledn\u00edch letech vybudoval zna\u010dn\u00fd prostor d\u00edky sponzoringu n\u011bkter\u00fdch sv\u011btov\u00fdch fotbalov\u00fdch t\u00fdm\u016f.<\/p>\n\n\n\n<div class=\"wp-block-image\"><figure class=\"aligncenter size-large is-resized\"><img decoding=\"async\" loading=\"lazy\" src=\"https:\/\/parier-presidentielle.com\/wp-content\/uploads\/2022\/04\/1xBit-pour-parier-sur-la-politique-en-bitcoin-1024x546.jpg\" alt=\"1xbit vsadit na bitcoinovou politiku\" class=\"wp-image-1223\" width=\"768\" height=\"410\" srcset=\"https:\/\/parier-presidentielle.com\/wp-content\/uploads\/2022\/04\/1xBit-pour-parier-sur-la-politique-en-bitcoin-1024x546.jpg 1024w, https:\/\/parier-presidentielle.com\/wp-content\/uploads\/2022\/04\/1xBit-pour-parier-sur-la-politique-en-bitcoin-300x160.jpg 300w, https:\/\/parier-presidentielle.com\/wp-content\/uploads\/2022\/04\/1xBit-pour-parier-sur-la-politique-en-bitcoin-768x410.jpg 768w, https:\/\/parier-presidentielle.com\/wp-content\/uploads\/2022\/04\/1xBit-pour-parier-sur-la-politique-en-bitcoin-1536x819.jpg 1536w, https:\/\/parier-presidentielle.com\/wp-content\/uploads\/2022\/04\/1xBit-pour-parier-sur-la-politique-en-bitcoin-2048x1092.jpg 2048w, https:\/\/parier-presidentielle.com\/wp-content\/uploads\/2022\/04\/1xBit-pour-parier-sur-la-politique-en-bitcoin-18x10.jpg 18w\" sizes=\"(max-width: 768px) 100vw, 768px\" \/><\/figure><\/div>\n\n\n\n<p>Kdy\u017e se vr\u00e1t\u00edme k 1xBit, m\u016f\u017eeme \u0159\u00edci, \u017ee pokud jde o sportovn\u00ed s\u00e1zen\u00ed, je to volba mnoha s\u00e1zka\u0159\u016f, proto\u017ee nab\u00edz\u00ed \u0161irokou \u0161k\u00e1lu typ\u016f s\u00e1zek s kurzy v\u00fdrazn\u011b nadpr\u016fm\u011brn\u00fdmi a nab\u00edz\u00ed tak\u00e9 vynikaj\u00edc\u00ed sekci vyhrazenou pro \u017eiv\u00e9 ud\u00e1losti. Velmi snadn\u00e9 pou\u017eit\u00ed, i ti, kte\u0159\u00ed nejsou p\u0159\u00edli\u0161 obezn\u00e1meni se sportem, mohou c\u00edtit emoce d\u00edky neust\u00e1le aktualizovan\u00e9 statistice, n\u00e1vrh\u016fm her a mo\u017enosti chatovat v re\u00e1ln\u00e9m \u010dase s ostatn\u00edmi hr\u00e1\u010di. Ostatn\u00ed hr\u00e1\u010di, pokud jsou p\u0159ipojeni na web. V\u0161echny tyto inovace z n\u011bj d\u011blaj\u00ed jednu z nejlep\u0161\u00edch str\u00e1nek pro s\u00e1zen\u00ed.1xBit tak\u00e9 umo\u017e\u0148uje sledovat mnoho \u017eiv\u00fdch ud\u00e1lost\u00ed, sta\u010d\u00ed m\u00edt pen\u00edze na sv\u00e9m hern\u00edm \u00fa\u010dtu!<\/p>\n\n\n\n<h2 class=\"wp-block-heading\"><span id=\"comment-s8217inscrire-sur-1xbit-et-parier-sur-la-presidentielle\">Jak se zaregistrovat na 1xbit a vsadit si na prezidentsk\u00e9 volby<\/span><\/h2>\n\n\n\n<p>Dal\u0161\u00ed novinkou, kter\u00e1 s\u00e1zka\u0159e ur\u010dit\u011b zaujme, je registrace <strong>velmi rychle a zcela anonymn\u011b<\/strong> na str\u00e1nce ve skute\u010dnosti pouze v kryptom\u011bn\u00e1ch, bez zas\u00edl\u00e1n\u00ed dokument\u016f a osobn\u00edch \u00fadaj\u016f, ale pouze e-mail nebo \u010d\u00edslo mobiln\u00edho telefonu\u2026 pro brzkou registraci bude operace vkladu zcela anonymn\u00ed, pln\u011b respektuj\u00edc\u00ed soukrom\u00ed z\u00e1kazn\u00edka.<\/p>\n\n\n\n<h2 class=\"wp-block-heading\"><span id=\"bonus-de-bienvenue\">Uv\u00edtac\u00ed bonus<\/span><\/h2>\n\n\n\n<p>Stejn\u011b jako v\u0161echny ostatn\u00ed s\u00e1zkov\u00e9 weby nab\u00edz\u00ed 1xBit uv\u00edtac\u00ed bonus pro nov\u00e9 z\u00e1kazn\u00edky a\u017e do v\u00fd\u0161e 100% ve v\u00fd\u0161i 7 BTC na prvn\u00ed vklad. Nab\u00edzen\u00fd uv\u00edtac\u00ed bonus je platn\u00fd pro sportovn\u00ed s\u00e1zen\u00ed i politick\u00e9 kasino. Pro pln\u00e9 vyu\u017eit\u00ed t\u00e9to akce v\u00e1m doporu\u010dujeme, abyste si po registraci p\u0159e\u010detli jej\u00ed podm\u00ednky.<\/p>\n\n\n\n<p>Zde jsou nejd\u016fle\u017eit\u011bj\u0161\u00ed body, kter\u00e9 n\u00e1\u0161 t\u00fdm vysv\u011btlil:<\/p>\n\n\n\n<p><\/p>\n\n\n\n<p>Chcete-li vsadit, abyste z\u00edskali bonus, s\u00e1zka mus\u00ed m\u00edt kurz 1,60, \u017e\u00e1dn\u00e9 kasinov\u00e9 hry a 1xbit, sta\u010d\u00ed vsadit libovolnou \u010d\u00e1stku.<\/p>\n\n\n\n<p><\/p>\n\n\n\n<p>S\u00e1zejte na politiku, ale tak\u00e9 kasino: hry, hrac\u00ed automaty atd.<\/p>\n\n\n\n<p>Sportovn\u00ed kalend\u00e1\u0159 se neomezuje pouze na sv\u011bt fotbalu, ale umo\u017e\u0148uje s\u00e1zet i na mnoho dal\u0161\u00edch sport\u016f a m\u00e1 tak\u00e9 sekci v\u011bnovanou virtu\u00e1ln\u00edmu s\u00e1zen\u00ed a sekci pro esporty, tak\u017ee si m\u016f\u017eete vybrat z \u0161irok\u00e9ho sv\u011bta z Pa\u0159\u00ed\u017ee.<\/p>\n\n\n\n<p>Nechyb\u00ed ani sekce Casino, kde najdete nespo\u010det her, v\u010detn\u011b fantastick\u00fdch automat\u016f, stejn\u011b jako fantastick\u00e9 jackpoty a bonusy.<\/p>\n\n\n\n<p>Co se t\u00fd\u010de s\u00e1zkov\u00e9 nebo sportovn\u00ed sekce, 1xbit nab\u00edz\u00ed tradi\u010dn\u00ed platformy (velmi podobn\u00e9 Melbet, 1xbet a 22Bet). Hern\u00ed z\u00e1\u017eitek je v\u0161ak velmi p\u0159\u00edjemn\u00fd a sportovn\u00ed seznam najdete v bo\u010dn\u00edm panelu uprost\u0159ed seznamu her s kurzy a typy s\u00e1zek.<\/p>\n\n\n\n<p><strong>Jednou ze siln\u00fdch str\u00e1nek t\u00e9to s\u00e1zkov\u00e9 kancel\u00e1\u0159e je rozvrh, skute\u010dnost, \u017ee 1xBit nab\u00edz\u00ed obrovsk\u00e9 kurzy,<\/strong> a\u0165 u\u017e jde o m\u00edstn\u00ed turnaje nebo mezin\u00e1rodn\u00ed sportovn\u00ed akce, nejsou ani konkurenceschopn\u00e9, ale ve srovn\u00e1n\u00ed se sout\u011b\u017eemi jsou vysok\u00e9.<\/p>\n\n\n\n<p>Dal\u0161\u00edm v\u00fd\u0161e zm\u00edn\u011bn\u00fdm bodem je str\u00e1nka 1xbit Sport, kter\u00e1 nab\u00edz\u00ed zaj\u00edmav\u00e9 mo\u017enosti, jako nap\u0159\u00edklad:<\/p>\n\n\n\n<p>Dne\u0161n\u00ed ud\u00e1losti nebo turnaje: 1xbit vyb\u00edr\u00e1 nejd\u016fle\u017eit\u011bj\u0161\u00ed ud\u00e1losti dne a zve sv\u00e9 z\u00e1kazn\u00edky k uzav\u00edr\u00e1n\u00ed s\u00e1zek v\u00fdm\u011bnou za to, \u017ee ka\u017ed\u00fd den nab\u00edz\u00ed jinou akci. (Minim\u00e1ln\u00ed s\u00e1zka je 2 Mbt).<\/p>\n\n\n\n<p>S\u00e1zejte na sv\u016fj n\u00e1rodn\u00ed t\u00fdm: 1xbet pou\u017e\u00edv\u00e1 va\u0161i IP adresu, aby v\u00e1m uk\u00e1zal sporty va\u0161\u00ed zem\u011b nebo n\u00e1rodn\u00edho t\u00fdmu na domovsk\u00e9 str\u00e1nce v\u0161ech podporovan\u00fdch sport\u016f, jako je fotbal, tenis, golf nebo jin\u00e9 sout\u011b\u017ee.<\/p>\n\n\n\n<p>S\u00e1zka na nejlep\u0161\u00ed turnaje: Tato mo\u017enost je velmi u\u017eite\u010dn\u00e1, jedin\u00fdm kliknut\u00edm zobraz\u00ed nejlep\u0161\u00ed ligov\u00fd z\u00e1pas dne s nejvy\u0161\u0161\u00edm kurzem.<\/p>\n\n\n\n<p>S\u00e1zen\u00ed na politiku: Toto je pravd\u011bpodobn\u011b jedna z m\u00e1la s\u00e1zkov\u00fdch kancel\u00e1\u0159\u00ed na webu, kter\u00e1 nab\u00edz\u00ed tento typ hry a nab\u00edz\u00ed r\u016fzn\u00e9 mo\u017enosti s\u00e1zen\u00ed na politickou situaci ve v\u0161ech zem\u00edch sv\u011bta. Vsa\u010fte si, kdo bude nov\u00fdm francouzsk\u00fdm nebo americk\u00fdm prezidentem<\/p>\n\n\n\n<p><\/p>\n\n\n\n<h2 class=\"wp-block-heading\"><span id=\"service-clients\">Slu\u017eby z\u00e1kazn\u00edk\u016fm <\/span><\/h2>\n\n\n\n<p><br>Web je pro sv\u00e9 z\u00e1kazn\u00edky pln\u011b dostupn\u00fd, a proto nab\u00edz\u00ed nep\u0159etr\u017eitou podporu prost\u0159ednictv\u00edm \u017eiv\u00e9ho chatu nebo e-mailu. Bonusy jsou vypl\u00e1ceny velmi rychle, ve skute\u010dnosti jsou vypl\u00e1ceny nejpozd\u011bji do 30 minut po skon\u010den\u00ed s\u00e1zky. Dostupn\u00e9 metody jsou: \u017eiv\u00fd chat, e-mail a telefonn\u00ed \u010d\u00edsla, stejn\u011b jako podpora prost\u0159ednictv\u00edm soci\u00e1ln\u00edch s\u00edt\u00ed (1xBit na Twitteru, 1xBit na Instagramu, 1xBit na kan\u00e1lu YouTube, 1xBit na Telegramu).<\/p>\n\n\n\n<p>Krom\u011b toho nab\u00edz\u00ed 1xbit tak\u00e9 firemn\u00ed blog, kter\u00fd v\u00e1m poskytne zaj\u00edmav\u00e9 novinky a bonusov\u00e9 informace.<\/p>\n\n\n\n<h2 class=\"wp-block-heading\"><span id=\"conclusion-sur-le-bookmaker-1xbit\">Z\u00e1v\u011br o s\u00e1zkov\u00e9 kancel\u00e1\u0159i 1xbit<\/span><\/h2>\n\n\n\n<p>Tato str\u00e1nka je origin\u00e1ln\u00ed! Pokud chcete nav\u0161t\u00edvit str\u00e1nky, kde m\u016f\u017eete s\u00e1zet na t\u00e9m\u011b\u0159 mnoho sport\u016f nebo jin\u00fdch typ\u016f her, je tato s\u00e1zkov\u00e1 kancel\u00e1\u0159 ur\u010dena pr\u00e1v\u011b v\u00e1m. 1xBit.com splnil na\u0161e o\u010dek\u00e1v\u00e1n\u00ed a n\u00e1\u0161 t\u00fdm se rozhodl d\u00e1t mu 5 hv\u011bzdi\u010dek, proto\u017ee nab\u00edz\u00ed vynikaj\u00edc\u00ed hern\u00ed z\u00e1\u017eitek. Nezapom\u00ednejme ani na sekci kasino, je velmi dob\u0159e zpracovan\u00e1, nab\u00edz\u00ed v\u00edce ne\u017e 3000 automat\u016f, automaty a mnoho karet hry. Jedinou chybou, kterou jsme na\u0161li, bylo, \u017ee nep\u0159ij\u00edmaj\u00ed kreditn\u00ed karty a online bankovn\u00ed p\u0159evody.<\/p>\n\n\n\n<h3 class=\"wp-block-heading\"><span id=\"en-resume\"><br><strong>celkem<\/strong><\/span><\/h3>\n\n\n\n<p>V\u00fdhoda<\/p>\n\n\n\n<ul><li>Jedin\u00fd web pro sportovn\u00ed s\u00e1zen\u00ed, kter\u00fd p\u0159ij\u00edm\u00e1 bitcoiny<\/li><li>\u017div\u00e9 hry a tuny slot\u016f.<\/li><li>Velk\u00e9 akce a bonusy<\/li><li>Vklady a v\u00fdb\u011bry zdarma<\/li><\/ul>\n\n\n\n<p><br>V\u00fdchoz\u00ed<\/p>\n\n\n\n<ul><li>Jin\u00e9 bankovn\u00ed mo\u017enosti ne\u017e kryptom\u011bny neexistuj\u00ed.<\/li><li>Web pot\u0159ebuje n\u011bjak\u00e9 ergonomick\u00e9 zm\u011bny<\/li><\/ul>\n\n\n\n<p class=\"has-text-align-center unibet\" style=\"font-size:25px\"><mark style=\"background-color:rgba(0, 0, 0, 0);color:#0d7a12\" class=\"has-inline-color\"><strong><a href=\"https:\/\/parier-presidentielle.com\/cs\/recommends\/unibet\/\">Bonus 150 \u20ac nab\u00edzen\u00fd s Unibet<br>Pro svou prvn\u00ed politickou nebo sportovn\u00ed s\u00e1zku: Klikn\u011bte zde<\/a><\/strong><\/mark><\/p>\n\n\n\n<p><\/p>\n\n\n<div class=\"wp-block-image\">\n<figure class=\"aligncenter is-resized wp-duotone-000097-ff4747-1\"><img decoding=\"async\" loading=\"lazy\" src=\"https:\/\/parier-presidentielle.com\/wp-content\/uploads\/2021\/09\/election-standard-scale-4_00x-gigapixel-1024x623.jpg\" alt=\"Volby 2022\" style=\"width:256px;height:156px\" width=\"256\" height=\"156\"\/><\/figure><\/div>\n\n\n<p><br><\/p>\n\n\n\n<p><strong>Parier-presidential v\u00e1m pom\u016f\u017ee vybrat si mezi r\u016fzn\u00fdmi<a href=\"https:\/\/parier-presidentielle.com\/cs\/\"> Bookmake\u0159i Bwin, Unibet, Betclic vsad\u00ed v roce 2024 na budouc\u00edho americk\u00e9ho prezidenta<\/a> : <\/strong><br><a href=\"https:\/\/parier-presidentielle.com\/cs\/unibet-politika-volby-2022\/\">Prezidentsk\u00e1 s\u00e1zkov\u00e1 kancel\u00e1\u0159 Unibet<\/a> : Podrobn\u00fd a bezplatn\u00fd pr\u016fvodce, jak uzav\u0159\u00edt svou prvn\u00ed online s\u00e1zku se v\u0161emi kurzy a jak vyu\u017e\u00edt nab\u00edzen\u00fd bonus!<\/p>\n\n\n\n<p>Stejn\u011b jako dal\u0161\u00ed online str\u00e1nky v Pa\u0159\u00ed\u017ei: <a href=\"https:\/\/parier-presidentielle.com\/cs\/unibet-politika-volby-2022\/\">Bwin<\/a>, <a href=\"https:\/\/parier-presidentielle.com\/cs\/netbet-paris-politics-volby-2022\/\">NetBet<\/a>, <a href=\"https:\/\/parier-presidentielle.com\/cs\/betclic-prezidentska-2022\/\">Betclic<\/a>, <a href=\"https:\/\/parier-presidentielle.com\/cs\/winamax-politika-volby-2022\/\">Winamax<\/a>, Parions Sport, Zebet, Betway, France-Pari, Vbet, Cloudbet, 1Xbit, 1xbet, Betfair, Betwinner \u2026<\/p>\n\n\n\n<div class=\"wp-block-columns is-layout-flex wp-container-6 wp-block-columns-is-layout-flex\">\n<div class=\"wp-block-column is-layout-flow wp-block-column-is-layout-flow\" style=\"flex-basis:33.33%\">\n<p>Pr\u00e1v\u011b jste si p\u0159e\u010detli n\u00e1\u0161 soubor:<\/p>\n<\/div>\n\n\n\n<div class=\"wp-block-column is-layout-flow wp-block-column-is-layout-flow\" style=\"flex-basis:33.33%\">\n<div class=\"wp-block-group is-layout-flow wp-block-group-is-layout-flow\"><div class=\"wp-block-group__inner-container\"><h4 class=\"has-text-align-center wp-block-post-title\"><span id=\"1xbit-pour-parier-sur-la-politique-en-bitcoin\"><a href=\"https:\/\/parier-presidentielle.com\/cs\/zasada-1xbit\/\" target=\"_self\" >1xBit: S\u00e1zen\u00ed na politiku v bitcoinech<\/a><\/span><\/h4><\/div><\/div>\n<\/div>\n\n\n\n<div class=\"wp-block-column is-layout-flow wp-block-column-is-layout-flow\" style=\"flex-basis:33.33%\">\n<p class=\"has-text-align-right\">Pokra\u010dujte ve \u010dten\u00ed s na\u0161imi dal\u0161\u00edmi exkluzivn\u00edmi soubory,<\/p>\n<\/div>\n<\/div>\n\n\n\n<h3 class=\"wp-block-heading\" id=\"tous-les-pronostics-sondage-et-cotes-pour-parier-sur-le-futur-vainqueur-de-l-election-presidentielle-2022\"><span id=\"tous-les-pronostics-sondage-et-cotes-pour-parier-sur-le-futur-vainqueur-de-l8217election-presidentielle-2024\">V\u0161echny p\u0159edpov\u011bdi, pr\u016fzkumy a kurzy na budouc\u00edho v\u00edt\u011bze prezidentsk\u00fdch voleb v roce 2024:<\/span><\/h3>\n\n\n\n<ul>\n<li><a href=\"https:\/\/parier-presidentielle.com\/cs\/makronove-volby\/\">Vsa\u010fte si na Emmanuela Macrona s Unibet, Betclic, Bwin<\/a> : Obl\u00edben\u00e9 v anket\u00e1ch a p\u0159edpov\u011bd\u00edch <\/li>\n\n\n\n<li><a href=\"https:\/\/parier-presidentielle.com\/cs\/marine-le-pen-volby\/\">Marine Le Pen: Jej\u00ed kurzy a jak s\u00e1zet u s\u00e1zkov\u00fdch kancel\u00e1\u0159\u00ed<\/a>: Vyzyvatel podle Unibetu<\/li>\n<\/ul>\n\n\n\n<p><\/p>\n\n\n\n<center><script type=\"text\/javascript\" charset=\"utf-8\" src=\"https:\/\/www.gambling-affiliation.com\/cpm\/v=AmIMTDSs92QY6b0MzDMvM5laCjJ-ZlA-1oQ-7tKsi.w_GA7331V2\"><\/script><\/center>\n\n\n\n<h3 class=\"wp-block-heading\"><span id=\"donald-trump-vs-joe-biden-la-video-qui-lance-les-paris-en-ligne-sur-l8217election-politique-de-2024\">Donald Trump vs Joe Biden: Video, kter\u00e9 spou\u0161t\u00ed online s\u00e1zen\u00ed na politick\u00e9 volby v roce 2024<\/span><\/h3>\n\n\n\n<figure class=\"wp-block-embed is-type-video is-provider-youtube wp-block-embed-youtube wp-embed-aspect-16-9 wp-has-aspect-ratio\"><div class=\"wp-block-embed__wrapper\">\n<iframe loading=\"lazy\" title=\"B\u00fdval\u00fd prezident Donald Trump zahajuje nab\u00eddku B\u00edl\u00e9ho domu v roce 2024 #Short\" width=\"640\" height=\"360\" src=\"https:\/\/www.youtube.com\/embed\/hZykPRVe4Ag?feature=oembed\" frameborder=\"0\" allow=\"accelerometer; autoplay; clipboard-write; encrypted-media; gyroscope; picture-in-picture; web-share\" allowfullscreen><\/iframe>\n<\/div><\/figure>\n\n\n<div class=\"wp-block-image\">\n<figure class=\"aligncenter size-medium\"><a href=\"https:\/\/parier-presidentielle.com\/cs\/recommends\/unibet\/\" target=\"_blank\" rel=\"noopener\"><img decoding=\"async\" loading=\"lazy\" width=\"300\" height=\"169\" src=\"https:\/\/parier-presidentielle.com\/wp-content\/uploads\/2022\/04\/unibet-300x169.jpg\" alt=\"\" class=\"wp-image-1252\" srcset=\"https:\/\/parier-presidentielle.com\/wp-content\/uploads\/2022\/04\/unibet-300x169.jpg 300w, https:\/\/parier-presidentielle.com\/wp-content\/uploads\/2022\/04\/unibet-1024x576.jpg 1024w, https:\/\/parier-presidentielle.com\/wp-content\/uploads\/2022\/04\/unibet-768x432.jpg 768w, https:\/\/parier-presidentielle.com\/wp-content\/uploads\/2022\/04\/unibet-18x10.jpg 18w, https:\/\/parier-presidentielle.com\/wp-content\/uploads\/2022\/04\/unibet.jpg 1280w\" sizes=\"(max-width: 300px) 100vw, 300px\" \/><\/a><\/figure><\/div>\n\n\n<p>Najd\u011bte Wiki, z\u00e1kladn\u00ed politick\u00e9 zpr\u00e1vy o konop\u00ed a jeho leg\u00e1ln\u00edch deriv\u00e1tech: <strong>HHC, H4cbd, Thcp, Thcv, HSD, HHCPO, C4B<\/strong><\/p>\n<div id=\"toc_container\" class=\"no_bullets\"><p class=\"toc_title\">Obsah<\/p><ul class=\"toc_list\"><li><\/li><li><\/li><li><\/li><li><\/li><li><ul><li><ul><li><\/li><\/ul><\/li><li><\/li><li><\/li><\/ul><\/li><\/ul><\/div>","protected":false},"excerpt":{"rendered":"<p>1xbit : Analyse du nouveaux bookmaker sp\u00e9cialis\u00e9 en Bitcoin 1xBit est le site de Paris Sportifs\/Jeu le plus innovant sur la sc\u00e8ne internationale, en fait c&#8217;est le seul qui n&#8217;autorise que les d\u00e9p\u00f4ts et les retraits via des crypto-monnaies, c&#8217;est d\u00e9finitivement une nouveaut\u00e9 qui a secou\u00e9 le monde du jeu en ligne. En raison de &#8230;<\/p>","protected":false},"author":1,"featured_media":0,"parent":0,"menu_order":0,"comment_status":"closed","ping_status":"closed","template":"page-nosidebar.php","meta":{"footnotes":""},"yoast_head":"<!-- This site is optimized with the Yoast SEO Premium plugin v21.0 (Yoast SEO v21.0) - https:\/\/yoast.com\/wordpress\/plugins\/seo\/ -->\n<title>1xBit : Pour parier sur la Politique en Bitcoin - Finale Coupe du Monde FIFA<\/title>\n<meta name=\"description\" content=\"Parier avec 1xBit : 7 BTC offert pour votre 1er Pari sur la Politique, le Sport! Guide du Bookmaker pour profiter du Bonus de bienvenue...\" \/>\n<meta name=\"robots\" content=\"index, follow, max-snippet:-1, max-image-preview:large, max-video-preview:-1\" \/>\n<link rel=\"canonical\" href=\"https:\/\/parier-presidentielle.com\/cs\/zasada-1xbit\/\" \/>\n<meta property=\"og:locale\" content=\"cs_CZ\" \/>\n<meta property=\"og:type\" content=\"article\" \/>\n<meta property=\"og:title\" content=\"1xBit : Pour parier sur la Politique en Bitcoin\" \/>\n<meta property=\"og:description\" content=\"Parier avec 1xBit : 7 BTC offert pour votre 1er Pari sur la Politique, le Sport! Guide du Bookmaker pour profiter du Bonus de bienvenue...\" \/>\n<meta property=\"og:url\" content=\"https:\/\/parier-presidentielle.com\/cs\/zasada-1xbit\/\" \/>\n<meta property=\"og:site_name\" content=\"Parier Pr\u00e9sidentielle\" \/>\n<meta property=\"article:modified_time\" content=\"2022-04-11T22:47:22+00:00\" \/>\n<meta property=\"og:image\" content=\"https:\/\/parier-presidentielle.com\/wp-content\/uploads\/2022\/04\/1xBit-pour-parier-sur-la-politique-en-bitcoin-1024x546.jpg\" \/>\n<meta name=\"twitter:card\" content=\"summary_large_image\" \/>\n<meta name=\"twitter:label1\" content=\"Est. reading time\" \/>\n\t<meta name=\"twitter:data1\" content=\"6 minut\" \/>\n<script type=\"application\/ld+json\" class=\"yoast-schema-graph\">{\"@context\":\"https:\/\/schema.org\",\"@graph\":[{\"@type\":\"WebPage\",\"@id\":\"https:\/\/parier-presidentielle.com\/1xbit-politique\/\",\"url\":\"https:\/\/parier-presidentielle.com\/1xbit-politique\/\",\"name\":\"1xBit : Pour parier sur la Politique en Bitcoin - Finale Coupe du Monde FIFA\",\"isPartOf\":{\"@id\":\"https:\/\/parier-presidentielle.com\/#website\"},\"datePublished\":\"2022-02-17T16:17:02+00:00\",\"dateModified\":\"2022-04-11T22:47:22+00:00\",\"description\":\"Parier avec 1xBit : 7 BTC offert pour votre 1er Pari sur la Politique, le Sport! Guide du Bookmaker pour profiter du Bonus de bienvenue...\",\"breadcrumb\":{\"@id\":\"https:\/\/parier-presidentielle.com\/1xbit-politique\/#breadcrumb\"},\"inLanguage\":\"cs\",\"potentialAction\":[{\"@type\":\"ReadAction\",\"target\":[\"https:\/\/parier-presidentielle.com\/1xbit-politique\/\"]}]},{\"@type\":\"BreadcrumbList\",\"@id\":\"https:\/\/parier-presidentielle.com\/1xbit-politique\/#breadcrumb\",\"itemListElement\":[{\"@type\":\"ListItem\",\"position\":1,\"name\":\"Accueil\",\"item\":\"https:\/\/parier-presidentielle.com\/\"},{\"@type\":\"ListItem\",\"position\":2,\"name\":\"1xBit : Pour parier sur la Politique en Bitcoin\"}]},{\"@type\":\"WebSite\",\"@id\":\"https:\/\/parier-presidentielle.com\/#website\",\"url\":\"https:\/\/parier-presidentielle.com\/\",\"name\":\"Parier Pr\u00e9sidentielle\",\"description\":\"Paris, Pronostics, Wiki sur la Politique, les Elections Am\u00e9ricaines: Joe Biden, Donald Trump avec les Bookmakers en ligne Unibet, Bwin, Betclic, Winamax\",\"potentialAction\":[{\"@type\":\"SearchAction\",\"target\":{\"@type\":\"EntryPoint\",\"urlTemplate\":\"https:\/\/parier-presidentielle.com\/?s={search_term_string}\"},\"query-input\":\"required name=search_term_string\"}],\"inLanguage\":\"cs\"}]}<\/script>\n<!-- \/ Yoast SEO Premium plugin. -->","yoast_head_json":{"title":"1xBit : Pour parier sur la Politique en Bitcoin - Finale Coupe du Monde FIFA","description":"Parier avec 1xBit : 7 BTC offert pour votre 1er Pari sur la Politique, le Sport! Guide du Bookmaker pour profiter du Bonus de bienvenue...","robots":{"index":"index","follow":"follow","max-snippet":"max-snippet:-1","max-image-preview":"max-image-preview:large","max-video-preview":"max-video-preview:-1"},"canonical":"https:\/\/parier-presidentielle.com\/cs\/zasada-1xbit\/","og_locale":"cs_CZ","og_type":"article","og_title":"1xBit : Pour parier sur la Politique en Bitcoin","og_description":"Parier avec 1xBit : 7 BTC offert pour votre 1er Pari sur la Politique, le Sport! Guide du Bookmaker pour profiter du Bonus de bienvenue...","og_url":"https:\/\/parier-presidentielle.com\/cs\/zasada-1xbit\/","og_site_name":"Parier Pr\u00e9sidentielle","article_modified_time":"2022-04-11T22:47:22+00:00","og_image":[{"url":"https:\/\/parier-presidentielle.com\/wp-content\/uploads\/2022\/04\/1xBit-pour-parier-sur-la-politique-en-bitcoin-1024x546.jpg"}],"twitter_card":"summary_large_image","twitter_misc":{"Est. reading time":"6 minut"},"schema":{"@context":"https:\/\/schema.org","@graph":[{"@type":"WebPage","@id":"https:\/\/parier-presidentielle.com\/1xbit-politique\/","url":"https:\/\/parier-presidentielle.com\/1xbit-politique\/","name":"1xBit : Pour parier sur la Politique en Bitcoin - Finale Coupe du Monde FIFA","isPartOf":{"@id":"https:\/\/parier-presidentielle.com\/#website"},"datePublished":"2022-02-17T16:17:02+00:00","dateModified":"2022-04-11T22:47:22+00:00","description":"Parier avec 1xBit : 7 BTC offert pour votre 1er Pari sur la Politique, le Sport! Guide du Bookmaker pour profiter du Bonus de bienvenue...","breadcrumb":{"@id":"https:\/\/parier-presidentielle.com\/1xbit-politique\/#breadcrumb"},"inLanguage":"cs","potentialAction":[{"@type":"ReadAction","target":["https:\/\/parier-presidentielle.com\/1xbit-politique\/"]}]},{"@type":"BreadcrumbList","@id":"https:\/\/parier-presidentielle.com\/1xbit-politique\/#breadcrumb","itemListElement":[{"@type":"ListItem","position":1,"name":"Accueil","item":"https:\/\/parier-presidentielle.com\/"},{"@type":"ListItem","position":2,"name":"1xBit : Pour parier sur la Politique en Bitcoin"}]},{"@type":"WebSite","@id":"https:\/\/parier-presidentielle.com\/#website","url":"https:\/\/parier-presidentielle.com\/","name":"Parier Pr\u00e9sidentielle","description":"Paris, Pronostics, Wiki sur la Politique, les Elections Am\u00e9ricaines: Joe Biden, Donald Trump avec les Bookmakers en ligne Unibet, Bwin, Betclic, Winamax","potentialAction":[{"@type":"SearchAction","target":{"@type":"EntryPoint","urlTemplate":"https:\/\/parier-presidentielle.com\/?s={search_term_string}"},"query-input":"required name=search_term_string"}],"inLanguage":"cs"}]}},"_links":{"self":[{"href":"https:\/\/parier-presidentielle.com\/cs\/wp-json\/wp\/v2\/pages\/525"}],"collection":[{"href":"https:\/\/parier-presidentielle.com\/cs\/wp-json\/wp\/v2\/pages"}],"about":[{"href":"https:\/\/parier-presidentielle.com\/cs\/wp-json\/wp\/v2\/types\/page"}],"author":[{"embeddable":true,"href":"https:\/\/parier-presidentielle.com\/cs\/wp-json\/wp\/v2\/users\/1"}],"replies":[{"embeddable":true,"href":"https:\/\/parier-presidentielle.com\/cs\/wp-json\/wp\/v2\/comments?post=525"}],"version-history":[{"count":8,"href":"https:\/\/parier-presidentielle.com\/cs\/wp-json\/wp\/v2\/pages\/525\/revisions"}],"predecessor-version":[{"id":1228,"href":"https:\/\/parier-presidentielle.com\/cs\/wp-json\/wp\/v2\/pages\/525\/revisions\/1228"}],"wp:attachment":[{"href":"https:\/\/parier-presidentielle.com\/cs\/wp-json\/wp\/v2\/media?parent=525"}],"curies":[{"name":"wp","href":"https:\/\/api.w.org\/{rel}","templated":true}]}}