{"id":557,"date":"2022-02-21T12:38:33","date_gmt":"2022-02-21T11:38:33","guid":{"rendered":"https:\/\/parier-presidentielle.com\/?page_id=557"},"modified":"2022-10-27T08:34:43","modified_gmt":"2022-10-27T06:34:43","slug":"bwin-paris-sur-la-politique","status":"publish","type":"page","link":"https:\/\/parier-presidentielle.com\/cs\/bwin-pariz-na-politiku\/","title":{"rendered":"Bwin: S\u00e1zky na politiku"},"content":{"rendered":"<h2 class=\"wp-block-heading\" id=\"l-integralite-des-cotes-de-bwin-france-usa\"><span id=\"l8217integralite-des-cotes-de-bwin-pour-les-elections-en-france-usa8230\">Kompletn\u00ed kurzy Bwin na volby ve Francii, USA\u2026<\/span><\/h2>\n\n\n\n<p>Pokud je Bwin jedn\u00edm z l\u00eddr\u016f v oblasti sportovn\u00edch s\u00e1zek, je tak\u00e9 nejlep\u0161\u00ed s\u00e1zkovou kancel\u00e1\u0159\u00ed v oblasti politick\u00fdch s\u00e1zek a prezidentsk\u00fdch voleb, proto\u017ee nab\u00edz\u00ed nejv\u00edce s\u00e1zek na francouzskou politiku, stejn\u011b jako na americkou a britskou (premi\u00e9rsk\u00fd p\u0159edseda)\u2026<br><\/p>\n\n\n<div class=\"wp-block-image\">\n<figure class=\"aligncenter size-medium is-resized\"><img decoding=\"async\" src=\"https:\/\/parier-presidentielle.com\/wp-content\/uploads\/2022\/02\/bwin-elections-300x175.png\" alt=\"\" class=\"wp-image-559\" width=\"500\" srcset=\"https:\/\/parier-presidentielle.com\/wp-content\/uploads\/2022\/02\/bwin-elections-300x175.png 300w, https:\/\/parier-presidentielle.com\/wp-content\/uploads\/2022\/02\/bwin-elections-1024x597.png 1024w, https:\/\/parier-presidentielle.com\/wp-content\/uploads\/2022\/02\/bwin-elections-768x448.png 768w, https:\/\/parier-presidentielle.com\/wp-content\/uploads\/2022\/02\/bwin-elections-1536x896.png 1536w, https:\/\/parier-presidentielle.com\/wp-content\/uploads\/2022\/02\/bwin-elections.png 1961w\" sizes=\"(max-width: 300px) 100vw, 300px\" \/><\/figure><\/div>\n\n\n<h3 class=\"wp-block-heading\" id=\"prochain-candidat-a-la-cour-supreme-des-etats-unis-les-cotes-de-bwin\"><span id=\"i\"><br><\/span><\/h3>\n\n\n\n<p>Jak se bl\u00ed\u017e\u00ed prezidentsk\u00e9 volby, Bwin nab\u00edz\u00ed s\u00e1zku na volby. Bwin je s\u00e1zkov\u00e1 kancel\u00e1\u0159 specializuj\u00edc\u00ed se na online sportovn\u00ed s\u00e1zen\u00ed a \u017eiv\u00e9 s\u00e1zen\u00ed. Francie byla 24. dubna 2022 zvolena prezidentem republiky.<\/p>\n\n\n\n<p><strong>S\u00e1zen\u00ed na p\u0159\u00ed\u0161t\u00ed volby<\/strong><\/p>\n\n\n\n<p>Dal\u0161\u00ed velkou politickou ud\u00e1lost\u00ed budou prezidentsk\u00e9 volby ve Francii. druh\u00e9m kole 24. dubna 2022 jsou k dispozici dva typy s\u00e1zek na politiku: kdo bude po volb\u00e1ch zvolen\u00fdm prezidentem? Ale tak\u00e9 kter\u00e1 strana z\u00edsk\u00e1 v N\u00e1rodn\u00edm shrom\u00e1\u017ed\u011bn\u00ed absolutn\u00ed v\u011bt\u0161inu?<\/p>\n\n\n\n<p>Bwin nazna\u010duje, \u017ee v posledn\u00edch letech dostalo s\u00e1zen\u00ed nov\u00fd rozm\u011br. Mnoho politik\u016f skute\u010dn\u011b dok\u00e1zalo tento typ s\u00e1zek vyu\u017e\u00edt, aby se jejich poselstv\u00ed \u0161\u00ed\u0159ilo. Nav\u00edc n\u011bkte\u0159\u00ed kandid\u00e1ti dokonce tvrdili, \u017ee vyhr\u00e1li je\u0161t\u011b p\u0159ed uzav\u0159en\u00edm volebn\u00edch m\u00edstnost\u00ed! S\u00e1zen\u00ed se zkr\u00e1tka stalo ned\u00edlnou sou\u010d\u00e1st\u00ed ka\u017ed\u00e9 d\u016fle\u017eit\u00e9 politick\u00e9 ud\u00e1losti. M\u016f\u017eeme to pova\u017eovat za skute\u010dnou demonstraci demokratick\u00e9ho z\u00e1vazku.<\/p>\n\n\n\n<p>V tomto ohledu v\u00edt\u011bzstv\u00ed Emmanuela Macrona velmi podn\u00edtilo z\u00e1jem o s\u00e1zky na politiku. A pokud chcete v\u011bd\u011bt v\u0161e o francouzsk\u00e9 politice a jej\u00edch volb\u00e1ch (prezidentsk\u00fdch, legislativn\u00edch \u010di m\u00edstn\u00edch), jste na spr\u00e1vn\u00e9m m\u00edst\u011b! Bookmake\u0159i poskytuj\u00ed v\u0161echny mo\u017en\u00e9 informace: ankety, kurzy, ale tak\u00e9 rady a p\u0159edpov\u011bdi pro ka\u017ed\u00e9 volby.<\/p>\n\n\n\n<h3 class=\"wp-block-heading\" id=\"prochain-candidat-a-la-cour-supreme-des-etats-unis-les-cotes-de-bwin\"><span id=\"prochain-candidat-a-la-cour-supreme-des-etats-unis-les-cotes-de-bwin\"><a href=\"https:\/\/parier-presidentielle.com\/cs\/pariz-kandidat-nejvyssi-soud-spojene-staty\/\">Dal\u0161\u00ed kandid\u00e1t na Nejvy\u0161\u0161\u00ed soud Spojen\u00fdch st\u00e1t\u016f, kurz Bwin<\/a><\/span><\/h3>\n\n\n\n<p id=\"prochain-candidat-a-la-cour-supreme-des-etats-unis01-04-2022-23-00\">Den voleb. 1. 4. 2022 23:00<br><strong>Kdo bude dal\u0161\u00edm kandid\u00e1tem na Nejvy\u0161\u0161\u00ed soud Spojen\u00fdch st\u00e1t\u016f?<\/strong> <br>Najd\u011bte v\u0161echny s\u00e1zkov\u00e9 kurzy Bwin na kandid\u00e1ty: <br>Hraj\u00ed: Ketanji Brown Jackson, Julianna Michelle Childs, Leondra Kruger\u2026<br><\/p>\n\n\n\n<h3 class=\"wp-block-heading\" id=\"prochaine-election-presidentielle-en-france-les-cotes-de-bwin\"><span id=\"prochaine-election-presidentielle-en-france-les-cotes-de-bwin\"><a href=\"https:\/\/parier-presidentielle.com\/cs\/bwin-politika-volby-2022\/\">P\u0159\u00ed\u0161t\u00ed prezidentsk\u00e9 volby ve Francii, kurz Bwin<\/a><\/span><\/h3>\n\n\n\n<p>Den voleb. 14.05.2022 12:00<br><strong>Kdo bude p\u0159\u00ed\u0161t\u00edm prezidentem Francouzsk\u00e9 republiky?<\/strong> <br>Najd\u011bte v\u0161echny s\u00e1zkov\u00e9 kurzy Bwin na kandid\u00e1ty: <br><a href=\"https:\/\/parier-presidentielle.com\/cs\/makronove-volby\/\">Emmanuel Macron<\/a>, Val\u00e9rie P\u00e9cresse, Anne Hidalgo, <a href=\"https:\/\/parier-presidentielle.com\/cs\/marine-le-pen-volby\/\">Marine Le Penov\u00e1<\/a>Jean-Luc M\u00e9lenchon, <a href=\"https:\/\/parier-presidentielle.com\/cs\/zemmour-volby\/\">Eric Zemmour<\/a><br><\/p>\n\n\n\n<h3 class=\"wp-block-heading\" id=\"election-presidentielle-americaine-2024-les-cotes-de-bwin\"><span id=\"election-presidentielle-americaine-2024-les-cotes-de-bwin\"><br>Prezidentsk\u00e9 volby v USA 2024, kurz Bwin<\/span><\/h3>\n\n\n\n<p>05\/11\/2024 22:00<br>Najd\u011bte v\u0161echny s\u00e1zkov\u00e9 kurzy Bwin na kandid\u00e1ty: <br>Donald Trump, Joe Biden, Kamala Harris, Pete Buttigieg, Tucker Carlson, Elizabeth Warren, Hillary Clinton,<br>Alexandria Ocasio-Cortez, Marco Rubio, Ted Cruz, Mike Pompeo, Mitt Romney\u2026<\/p>\n\n\n\n<h3 class=\"wp-block-heading\" id=\"prochain-premier-ministre-du-royaume-uni-les-cotes-de-bwin\"><span id=\"prochain-premier-ministre-du-royaume-uni-les-cotes-de-bwin\"><br><br>P\u0159\u00ed\u0161t\u00ed premi\u00e9r Spojen\u00e9ho kr\u00e1lovstv\u00ed, Bwin kurz<\/span><\/h3>\n\n\n\n<p><br>01\/01\/2025 10:00<br><\/p>\n\n\n\n<h2 class=\"wp-block-heading\" id=\"sondage-trahison-les-specificite-du-paris-politique\"><span id=\"sondage-trahison-les-specificite-du-paris-politique\">Pr\u016fzkum, zrada: Specifika politick\u00e9 Pa\u0159\u00ed\u017ee<\/span><\/h2>\n\n\n\n<p><br>S\u00e1zen\u00ed p\u0159edem se m\u016f\u017ee velmi vyplatit: Proto\u017ee s\u00e1zky na v\u00fdsledky politick\u00fdch voleb jsou k dispozici na <a href=\"https:\/\/parier-presidentielle.com\/cs\/bwin-politika-volby-2022\/\"><strong>Bwin<\/strong><\/a> a m\u016f\u017ee za\u010d\u00edt roky p\u0159ed datem voleb. Ka\u017ed\u00e9 volby maj\u00ed sv\u00e1 vlastn\u00ed p\u0159ekvapen\u00ed a s\u00e1zka\u0159i mus\u00ed b\u00fdt schopni posoudit, co ovlivn\u00ed kone\u010dn\u00e9ho v\u00edt\u011bze, posledn\u00ed francouzsk\u00e9 a americk\u00e9 volby poka\u017ed\u00e9 zma\u0159ily mnoho p\u0159edpov\u011bd\u00ed zvraty a obraty na posledn\u00ed chv\u00edli!<\/p>\n\n\n\n<h3 class=\"wp-block-heading\" id=\"facteurs-affectant-les-paris-politiques\"><span id=\"facteurs-affectant-les-paris-politiques\"> <br>Faktory ovliv\u0148uj\u00edc\u00ed politick\u00e9 s\u00e1zen\u00ed <\/span><\/h3>\n\n\n\n<p>V\u00fdsledek m\u016f\u017ee ovlivnit n\u011bkolik faktor\u016f. M\u016f\u017ee to b\u00fdt skand\u00e1l, f\u00e1my z opozi\u010dn\u00edho t\u00e1bora, aktu\u00e1ln\u00ed ud\u00e1losti, p\u0159esv\u011bd\u010den\u00ed o \u0161oku, kvalita l\u00eddr\u016f, p\u0159edvolebn\u00ed sliby, strana, kter\u00e1 je podporuje, zp\u016fsob, jak\u00fdm m\u00e9dia prezentuj\u00ed kandid\u00e1ty, s\u00edla v\u00edry v debat\u011b.<\/p>\n\n\n\n<h3 class=\"wp-block-heading\" id=\"parier-sur-la-prochaine-election\"><span id=\"parier-sur-la-prochaine-election-avec-bwin\"><br>Vsa\u010fte si na p\u0159\u00ed\u0161t\u00ed volby s Bwin<\/span><\/h3>\n\n\n\n<p>Dal\u0161\u00ed velkou politickou ud\u00e1lost\u00ed budou francouzsk\u00e9 prezidentsk\u00e9 volby (v\u0161echny s\u00e1zky jsou na francouzsk\u00e9 prezidentsk\u00e9 volby). Zat\u00edmco prvn\u00ed kolo se uskute\u010dn\u00ed 10. dubna a druh\u00e9 24. dubna 2022, jsou mo\u017en\u00e9 dva typy politick\u00fdch s\u00e1zek: Kdo se dostane do druh\u00e9ho kola a kdo bude na konci hlasov\u00e1n\u00ed zvolen\u00fdm prezidentem?<br>Na konci roku 2022 se v Braz\u00edlii budou konat prezidentsk\u00e9 volby. Dal\u0161\u00edmi velk\u00fdmi ud\u00e1lostmi budou americk\u00e9 prezidentsk\u00e9 volby v roce 2024 a p\u0159\u00ed\u0161t\u00ed premi\u00e9r Spojen\u00e9ho kr\u00e1lovstv\u00ed v lednu 2025. Vsa\u010fte si na na\u0161em webu, kter\u00e1 strana Demokratick\u00e9 nebo Republik\u00e1nsk\u00e9 strany vyhraje prezidentsk\u00e9 volby v USA.<\/p>\n<div id=\"toc_container\" class=\"no_bullets\"><p class=\"toc_title\">Obsah<\/p><ul class=\"toc_list\"><li><ul><li><\/li><li><\/li><li><\/li><li><\/li><li><\/li><\/ul><\/li><li><ul><li><\/li><li><\/li><\/ul><\/li><\/ul><\/div>","protected":false},"excerpt":{"rendered":"<p>L&#8217;int\u00e9gralit\u00e9 des cotes de Bwin pour les \u00e9lections en France, Usa&#8230; Si Bwin est un des leaders du Paris Sportif il est \u00e9galement le meilleur bookmaker dans le domaine du Pari Politique et des \u00c9lections pr\u00e9sidentielles car il propose le plus de pari aussi bien sur la vie politique Fran\u00e7aise que celle Am\u00e9ricaine, Britannique ( &#8230;<\/p>","protected":false},"author":1,"featured_media":0,"parent":0,"menu_order":0,"comment_status":"closed","ping_status":"closed","template":"page-nosidebar.php","meta":{"footnotes":""},"yoast_head":"<!-- This site is optimized with the Yoast SEO Premium plugin v21.0 (Yoast SEO v21.0) - https:\/\/yoast.com\/wordpress\/plugins\/seo\/ -->\n<title>Bwin : Paris sur la Politique - Finale Coupe du Monde FIFA<\/title>\n<meta name=\"description\" content=\"Parier sur les \u00e9lections Fran\u00e7aise, Am\u00e9ricaine avec le meilleur Bookmaker : Bwin. Int\u00e9gralit\u00e9 des cotes et pronostics pour Parier sur la Politique.\" \/>\n<meta name=\"robots\" content=\"index, follow, max-snippet:-1, max-image-preview:large, max-video-preview:-1\" \/>\n<link rel=\"canonical\" href=\"https:\/\/parier-presidentielle.com\/cs\/bwin-pariz-na-politiku\/\" \/>\n<meta property=\"og:locale\" content=\"cs_CZ\" \/>\n<meta property=\"og:type\" content=\"article\" \/>\n<meta property=\"og:title\" content=\"Bwin : Paris sur la Politique\" \/>\n<meta property=\"og:description\" content=\"Parier sur les \u00e9lections Fran\u00e7aise, Am\u00e9ricaine avec le meilleur Bookmaker : Bwin. Int\u00e9gralit\u00e9 des cotes et pronostics pour Parier sur la Politique.\" \/>\n<meta property=\"og:url\" content=\"https:\/\/parier-presidentielle.com\/cs\/bwin-pariz-na-politiku\/\" \/>\n<meta property=\"og:site_name\" content=\"Parier Pr\u00e9sidentielle\" \/>\n<meta property=\"article:modified_time\" content=\"2022-10-27T06:34:43+00:00\" \/>\n<meta property=\"og:image\" content=\"https:\/\/parier-presidentielle.com\/wp-content\/uploads\/2022\/02\/bwin-elections-300x175.png\" \/>\n<meta name=\"twitter:card\" content=\"summary_large_image\" \/>\n<meta name=\"twitter:label1\" content=\"Est. reading time\" \/>\n\t<meta name=\"twitter:data1\" content=\"4 minuty\" \/>\n<script type=\"application\/ld+json\" class=\"yoast-schema-graph\">{\"@context\":\"https:\/\/schema.org\",\"@graph\":[{\"@type\":\"WebPage\",\"@id\":\"https:\/\/parier-presidentielle.com\/bwin-paris-sur-la-politique\/\",\"url\":\"https:\/\/parier-presidentielle.com\/bwin-paris-sur-la-politique\/\",\"name\":\"Bwin : Paris sur la Politique - Finale Coupe du Monde FIFA\",\"isPartOf\":{\"@id\":\"https:\/\/parier-presidentielle.com\/#website\"},\"datePublished\":\"2022-02-21T11:38:33+00:00\",\"dateModified\":\"2022-10-27T06:34:43+00:00\",\"description\":\"Parier sur les \u00e9lections Fran\u00e7aise, Am\u00e9ricaine avec le meilleur Bookmaker : Bwin. Int\u00e9gralit\u00e9 des cotes et pronostics pour Parier sur la Politique.\",\"breadcrumb\":{\"@id\":\"https:\/\/parier-presidentielle.com\/bwin-paris-sur-la-politique\/#breadcrumb\"},\"inLanguage\":\"cs\",\"potentialAction\":[{\"@type\":\"ReadAction\",\"target\":[\"https:\/\/parier-presidentielle.com\/bwin-paris-sur-la-politique\/\"]}]},{\"@type\":\"BreadcrumbList\",\"@id\":\"https:\/\/parier-presidentielle.com\/bwin-paris-sur-la-politique\/#breadcrumb\",\"itemListElement\":[{\"@type\":\"ListItem\",\"position\":1,\"name\":\"Accueil\",\"item\":\"https:\/\/parier-presidentielle.com\/\"},{\"@type\":\"ListItem\",\"position\":2,\"name\":\"Bwin : Paris sur la Politique\"}]},{\"@type\":\"WebSite\",\"@id\":\"https:\/\/parier-presidentielle.com\/#website\",\"url\":\"https:\/\/parier-presidentielle.com\/\",\"name\":\"Parier Pr\u00e9sidentielle\",\"description\":\"Paris, Pronostics, Wiki sur la Politique, les Elections Am\u00e9ricaines: Joe Biden, Donald Trump avec les Bookmakers en ligne Unibet, Bwin, Betclic, Winamax\",\"potentialAction\":[{\"@type\":\"SearchAction\",\"target\":{\"@type\":\"EntryPoint\",\"urlTemplate\":\"https:\/\/parier-presidentielle.com\/?s={search_term_string}\"},\"query-input\":\"required name=search_term_string\"}],\"inLanguage\":\"cs\"}]}<\/script>\n<!-- \/ Yoast SEO Premium plugin. -->","yoast_head_json":{"title":"Bwin : Paris sur la Politique - Finale Coupe du Monde FIFA","description":"Parier sur les \u00e9lections Fran\u00e7aise, Am\u00e9ricaine avec le meilleur Bookmaker : Bwin. Int\u00e9gralit\u00e9 des cotes et pronostics pour Parier sur la Politique.","robots":{"index":"index","follow":"follow","max-snippet":"max-snippet:-1","max-image-preview":"max-image-preview:large","max-video-preview":"max-video-preview:-1"},"canonical":"https:\/\/parier-presidentielle.com\/cs\/bwin-pariz-na-politiku\/","og_locale":"cs_CZ","og_type":"article","og_title":"Bwin : Paris sur la Politique","og_description":"Parier sur les \u00e9lections Fran\u00e7aise, Am\u00e9ricaine avec le meilleur Bookmaker : Bwin. Int\u00e9gralit\u00e9 des cotes et pronostics pour Parier sur la Politique.","og_url":"https:\/\/parier-presidentielle.com\/cs\/bwin-pariz-na-politiku\/","og_site_name":"Parier Pr\u00e9sidentielle","article_modified_time":"2022-10-27T06:34:43+00:00","og_image":[{"url":"https:\/\/parier-presidentielle.com\/wp-content\/uploads\/2022\/02\/bwin-elections-300x175.png"}],"twitter_card":"summary_large_image","twitter_misc":{"Est. reading time":"4 minuty"},"schema":{"@context":"https:\/\/schema.org","@graph":[{"@type":"WebPage","@id":"https:\/\/parier-presidentielle.com\/bwin-paris-sur-la-politique\/","url":"https:\/\/parier-presidentielle.com\/bwin-paris-sur-la-politique\/","name":"Bwin : Paris sur la Politique - Finale Coupe du Monde FIFA","isPartOf":{"@id":"https:\/\/parier-presidentielle.com\/#website"},"datePublished":"2022-02-21T11:38:33+00:00","dateModified":"2022-10-27T06:34:43+00:00","description":"Parier sur les \u00e9lections Fran\u00e7aise, Am\u00e9ricaine avec le meilleur Bookmaker : Bwin. Int\u00e9gralit\u00e9 des cotes et pronostics pour Parier sur la Politique.","breadcrumb":{"@id":"https:\/\/parier-presidentielle.com\/bwin-paris-sur-la-politique\/#breadcrumb"},"inLanguage":"cs","potentialAction":[{"@type":"ReadAction","target":["https:\/\/parier-presidentielle.com\/bwin-paris-sur-la-politique\/"]}]},{"@type":"BreadcrumbList","@id":"https:\/\/parier-presidentielle.com\/bwin-paris-sur-la-politique\/#breadcrumb","itemListElement":[{"@type":"ListItem","position":1,"name":"Accueil","item":"https:\/\/parier-presidentielle.com\/"},{"@type":"ListItem","position":2,"name":"Bwin : Paris sur la Politique"}]},{"@type":"WebSite","@id":"https:\/\/parier-presidentielle.com\/#website","url":"https:\/\/parier-presidentielle.com\/","name":"Parier Pr\u00e9sidentielle","description":"Paris, Pronostics, Wiki sur la Politique, les Elections Am\u00e9ricaines: Joe Biden, Donald Trump avec les Bookmakers en ligne Unibet, Bwin, Betclic, Winamax","potentialAction":[{"@type":"SearchAction","target":{"@type":"EntryPoint","urlTemplate":"https:\/\/parier-presidentielle.com\/?s={search_term_string}"},"query-input":"required name=search_term_string"}],"inLanguage":"cs"}]}},"_links":{"self":[{"href":"https:\/\/parier-presidentielle.com\/cs\/wp-json\/wp\/v2\/pages\/557"}],"collection":[{"href":"https:\/\/parier-presidentielle.com\/cs\/wp-json\/wp\/v2\/pages"}],"about":[{"href":"https:\/\/parier-presidentielle.com\/cs\/wp-json\/wp\/v2\/types\/page"}],"author":[{"embeddable":true,"href":"https:\/\/parier-presidentielle.com\/cs\/wp-json\/wp\/v2\/users\/1"}],"replies":[{"embeddable":true,"href":"https:\/\/parier-presidentielle.com\/cs\/wp-json\/wp\/v2\/comments?post=557"}],"version-history":[{"count":24,"href":"https:\/\/parier-presidentielle.com\/cs\/wp-json\/wp\/v2\/pages\/557\/revisions"}],"predecessor-version":[{"id":1684,"href":"https:\/\/parier-presidentielle.com\/cs\/wp-json\/wp\/v2\/pages\/557\/revisions\/1684"}],"wp:attachment":[{"href":"https:\/\/parier-presidentielle.com\/cs\/wp-json\/wp\/v2\/media?parent=557"}],"curies":[{"name":"wp","href":"https:\/\/api.w.org\/{rel}","templated":true}]}}