{"id":898,"date":"2022-03-07T13:10:43","date_gmt":"2022-03-07T12:10:43","guid":{"rendered":"https:\/\/parier-presidentielle.com\/?page_id=898"},"modified":"2023-09-23T21:23:58","modified_gmt":"2023-09-23T19:23:58","slug":"plan","status":"publish","type":"page","link":"https:\/\/parier-presidentielle.com\/cs\/plan\/","title":{"rendered":"Mapa str\u00e1nek Parier-Presidentielle.com"},"content":{"rendered":"<div class=\"wp-block-group is-layout-flow wp-block-group-is-layout-flow\"><div class=\"wp-block-group__inner-container\">\n<div class=\"wp-block-group is-layout-flow wp-block-group-is-layout-flow\"><div class=\"wp-block-group__inner-container\">\n<p>V\u00edtejte v map\u011b webu! Najd\u011bte v\u0161echny odkazy pro svou Pa\u0159\u00ed\u017e o politice, tak\u017ee budete m\u00edt v\u0161echny znalosti, kter\u00e9 pot\u0159ebujete k prvn\u00edmu s\u00e1zen\u00ed. Stejn\u011b jako budete moci sledovat v\u0161echny \u0161ance na v\u0161echny volby: francouzsk\u00e9, americk\u00e9\u2026<br><br><br>Francouzsk\u00e1 verze Parier-Presidentielle.com:<br><a href=\"https:\/\/parier-presidentielle.com\/cs\/\">S\u00e1zen\u00ed-Prezident: pr\u016fvodce s\u00e1zen\u00edm na americk\u00e9 volby v roce 2024<\/a><br>Anglick\u00e1 verze Parier-Presidentielle.com:<br><a href=\"https:\/\/parier-presidentielle.com\/en\/\">Pr\u016fvodce s\u00e1zen\u00edm na prezidentsk\u00e9 volby v USA 2024<\/a><\/p>\n\n\n\n<p>\u0160pan\u011blsk\u00e1 verze Parier-Presidentielle.com: <br><a href=\"https:\/\/parier-presidentielle.com\/es\/\">Jmenov\u00e1n\u00ed prezidentsk\u00fdch voleb France Politica<\/a><\/p>\n<\/div><\/div>\n<\/div><\/div>\n\n\n\n<div class=\"wp-block-group is-layout-flow wp-block-group-is-layout-flow\"><div class=\"wp-block-group__inner-container\">\n<p><\/p>\n<\/div><\/div>\n\n\n\n<div class=\"wsp-container\"><h2 class=\"wsp-pages-title\"><span id=\"pages\">Pages<\/span><\/h2>\n<ul class=\"wsp-pages-list\">\n<li class=\"page_item page-item-525\"><a href=\"https:\/\/parier-presidentielle.com\/cs\/zasada-1xbit\/\">1xBit: S\u00e1zen\u00ed na politiku v bitcoinech<\/a><\/li>\n<li class=\"page_item page-item-1789\"><a href=\"https:\/\/parier-presidentielle.com\/cs\/argentina-france-final-world-cup-2022-unibet-bwin\/\">Argentina \u2013 Francie: Fin\u00e1le mistrovstv\u00ed sv\u011bta 2022<\/a><\/li>\n<li class=\"page_item page-item-163\"><a href=\"https:\/\/parier-presidentielle.com\/cs\/sazkove-kancelare-asselineau\/\">Asselineau Bookmake\u0159i: Pa\u0159\u00ed\u017e, kurzy a p\u0159edpov\u011bdi<\/a><\/li>\n<li class=\"page_item page-item-121\"><a href=\"https:\/\/parier-presidentielle.com\/cs\/asselineau-bookmaker-unibet-bwin\/\">Asselineau a prezidentsk\u00e9 volby podle Les Bookmakers Bwin, Unibet<\/a><\/li>\n<li class=\"page_item page-item-709\"><a href=\"https:\/\/parier-presidentielle.com\/cs\/betclic-americke-volby-2024\/\">Betclic: Vsa\u010fte na americk\u00e9 prezidentsk\u00e9 volby v roce 2024<\/a><\/li>\n<li class=\"page_item page-item-235\"><a href=\"https:\/\/parier-presidentielle.com\/cs\/betclic-prezidentska-2022\/\">Betclic: Vsa\u010fte na prezidentsk\u00e9 volby v roce 2022<\/a><\/li>\n<li class=\"page_item page-item-269\"><a href=\"https:\/\/parier-presidentielle.com\/cs\/bookmaker-volby-politika-2022\/\">Bookmaker: Kde je nejlep\u0161\u00ed s\u00e1zet na politiku a prezidentsk\u00e9 volby v roce 2022?<\/a><\/li>\n<li class=\"page_item page-item-195\"><a href=\"https:\/\/parier-presidentielle.com\/cs\/bookmaker-politika\/\">Bookmaker a politika: S\u00e1zky na francouzsk\u00e9 volby<\/a><\/li>\n<li class=\"page_item page-item-250\"><a href=\"https:\/\/parier-presidentielle.com\/cs\/bwin-politika-volby-2022\/\">Bwin: Bookmaker vsad\u00ed na prezidentsk\u00e9 volby v roce 2022<\/a><\/li>\n<li class=\"page_item page-item-557\"><a href=\"https:\/\/parier-presidentielle.com\/cs\/bwin-pariz-na-politiku\/\">Bwin: S\u00e1zky na politiku<\/a><\/li>\n<li class=\"page_item page-item-68\"><a href=\"https:\/\/parier-presidentielle.com\/cs\/emmanuel-macron-marine-le-pen-eric-zemmour-pruzkum\/\">Prezidentsk\u00e9 volby 2022: Podle pr\u016fzkum\u016f budou Emmanuel Macron a Marine Le Penov\u00e1 ve druh\u00e9m kole<\/a><\/li>\n<li class=\"page_item page-item-1946\"><a href=\"https:\/\/parier-presidentielle.com\/cs\/joe-biden-cannabis-hhc\/\">Joe Biden a trh s konop\u00edm, HHC<\/a><\/li>\n<li class=\"page_item page-item-1956\"><a href=\"https:\/\/parier-presidentielle.com\/cs\/donald-trump-on-the-cannabis-and-hhc-market\/\">Vliv Donalda Trumpa na trh s konop\u00edm a HHC<\/a><\/li>\n<li class=\"page_item page-item-951\"><a href=\"https:\/\/parier-presidentielle.com\/cs\/bookmakeri-pruzkumy-prezidentske-volby\/\">Bookmake\u0159i: spolehliv\u011bj\u0161\u00ed ne\u017e pr\u016fzkumy pro prezidentsk\u00e9 volby<\/a><\/li>\n<li class=\"page_item page-item-54\"><a href=\"https:\/\/parier-presidentielle.com\/cs\/sazkove-kancelare-volby\/\">Bookmake\u0159i a prezidentsk\u00e9 volby<\/a><\/li>\n<li class=\"page_item page-item-208\"><a href=\"https:\/\/parier-presidentielle.com\/cs\/sazkove-kancelare-macron-le-pen\/\">Kurzy bookmaker\u016f: Unibet, Bwin, Betclic vsad\u00ed na druh\u00e9 kolo Macron \u2013 Le Penov\u00e1<\/a><\/li>\n<li class=\"page_item page-item-1671\"><a href=\"https:\/\/parier-presidentielle.com\/cs\/sazkove-kancelare-druhe-kolo-brazilske-volby-lula-bolsonaro\/\">Kurz bookmaker\u016f na druh\u00e9 kolo brazilsk\u00fdch voleb mezi Lulou a Bolsonarem<\/a><\/li>\n<li class=\"page_item page-item-30\"><a href=\"https:\/\/parier-presidentielle.com\/cs\/macron-le-pen-bookmaker\/\">Macron \u2013 Le Pen: S\u00e1zkov\u00e9 kancel\u00e1\u0159e d\u00e1vaj\u00ed sv\u00e9 kurzy na druh\u00e9 kolo prezidentsk\u00fdch voleb<\/a><\/li>\n<li class=\"page_item page-item-255\"><a href=\"https:\/\/parier-presidentielle.com\/cs\/netbet-paris-politics-volby-2022\/\">NetBet: S\u00e1zen\u00ed na politiku a prezidentsk\u00e9 volby 2022<\/a><\/li>\n<li class=\"page_item page-item-1738\"><a href=\"https:\/\/parier-presidentielle.com\/cs\/unibet-bet-world-cup-2022\/\">Vsa\u010fte si s Unibet na mistrovstv\u00ed sv\u011bta 2022<\/a><\/li>\n<li class=\"page_item page-item-31\"><a href=\"https:\/\/parier-presidentielle.com\/cs\/makronove-volby\/\">Vsa\u010fte na zvolen\u00ed Emmanuela Macrona<\/a><\/li>\n<li class=\"page_item page-item-38\"><a href=\"https:\/\/parier-presidentielle.com\/cs\/zemmour-volby\/\">Vsa\u010fte na zvolen\u00ed Erica Zemmoura<\/a><\/li>\n<li class=\"page_item page-item-41\"><a href=\"https:\/\/parier-presidentielle.com\/cs\/marine-le-pen-volby\/\">Vsa\u010fte na zvolen\u00ed Marine Le Penov\u00e9<\/a><\/li>\n<li class=\"page_item page-item-281\"><a href=\"https:\/\/parier-presidentielle.com\/cs\/anne-hidalgo-volby-2022\/\">Vsa\u010fte na zvolen\u00ed Anne Hidalgov\u00e9 2022<\/a><\/li>\n<li class=\"page_item page-item-157\"><a href=\"https:\/\/parier-presidentielle.com\/cs\/asselineau-volby\/\">Vsa\u010fte na zvolen\u00ed Fran\u00e7oise Asselineaua<\/a><\/li>\n<li class=\"page_item page-item-212\"><a href=\"https:\/\/parier-presidentielle.com\/cs\/melenchonske-volby\/\">Vsa\u010fte na zvolen\u00ed Jeana-Luca M\u00e9lenchona<\/a><\/li>\n<li class=\"page_item page-item-422\"><a href=\"https:\/\/parier-presidentielle.com\/cs\/valerie-pecresse-volby\/\">Vsa\u010fte na zvolen\u00ed Val\u00e9rie P\u00e9cresse<\/a><\/li>\n<li class=\"page_item page-item-24\"><a href=\"https:\/\/parier-presidentielle.com\/cs\/\">S\u00e1zejte na politiku a volby u nejlep\u0161\u00edch s\u00e1zkov\u00fdch kancel\u00e1\u0159\u00ed: Unibet, Bwin<\/a><\/li>\n<li class=\"page_item page-item-576\"><a href=\"https:\/\/parier-presidentielle.com\/cs\/pariz-kandidat-nejvyssi-soud-spojene-staty\/\">S\u00e1zky na kandid\u00e1ta na Nejvy\u0161\u0161\u00ed soud Spojen\u00fdch st\u00e1t\u016f<\/a><\/li>\n<li class=\"page_item page-item-898\"><a href=\"https:\/\/parier-presidentielle.com\/cs\/plan\/\">Mapa str\u00e1nek Parier-Presidentielle.com<\/a><\/li>\n<li class=\"page_item page-item-2\"><a href=\"https:\/\/parier-presidentielle.com\/cs\/unibet-politika-volby-2022\/\">Unibet: Online s\u00e1zen\u00ed na prezidentsk\u00e9 volby 2022<\/a><\/li>\n<li class=\"page_item page-item-1962\"><a href=\"https:\/\/parier-presidentielle.com\/cs\/vladimir-poutine-jaky-nazor-na-trh-konopi-a-hhc\/\">Jak\u00fd je n\u00e1zor Vladim\u00edra Putina na trh s konop\u00edm a HHC?<\/a><\/li>\n<li class=\"page_item page-item-1459\"><a href=\"https:\/\/parier-presidentielle.com\/cs\/william-hill-prezident\/\">William Hill: Anglick\u00fd bookmaker vsad\u00ed na francouzsk\u00e9 prezidentsk\u00e9 volby v roce 2022<\/a><\/li>\n<li class=\"page_item page-item-257\"><a href=\"https:\/\/parier-presidentielle.com\/cs\/winamax-politika-volby-2022\/\">Winamax: Vsa\u010fte na politiku a prezidentsk\u00e9 volby 2022<\/a><\/li>\n<\/ul>\n<h2 class=\"wsp-posts-title\"><span id=\"posts-by-category\">Posts by category<\/span><\/h2>\n<ul class=\"wsp-posts-list\">\n\t<li><strong class=\"wsp-category-title\">Category: <a href=\"https:\/\/parier-presidentielle.com\/cs\/category\/nezarazeno\/\">Neza\u0159azeno<\/a><\/strong>\n<ul class=\"wsp-posts-list\">\t\t<li class=\"wsp-post\"><a href=\"https:\/\/parier-presidentielle.com\/cs\/prezidentske-volby-2022-sazkari-po-celem-svete-sazka-druhe-kolo\/\">Prezidentsk\u00e9 volby 2022: S\u00e1zka\u0159i po cel\u00e9m sv\u011bt\u011b s\u00e1zej\u00ed na druh\u00e9 kolo!<\/a><\/li>\n\t\t<li class=\"wsp-post\"><a href=\"https:\/\/parier-presidentielle.com\/cs\/francouzsti-volebni-kteri-kandiduji\/\">Francouzsk\u00e9 volby: Kdo jsou kandid\u00e1ti?<\/a><\/li>\n\t\t<li class=\"wsp-post\"><a href=\"https:\/\/parier-presidentielle.com\/cs\/macron-bookmakers-survey\/\">Macronovi favorit\u00e9 s\u00e1zkov\u00fdch kancel\u00e1\u0159\u00ed po v\u00e1lce na Ukrajin\u011b<\/a><\/li>\n<\/ul><\/li>\n<\/ul>\n<h2 class=\"wsp-admin_menus-title\"><span id=\"admin-menus\">Administr\u00e1torsk\u00e9 nab\u00eddky<\/span><\/h2>\n<ul class=\"wsp-admin_menus-list\">\n<li><a href=\"https:\/\/parier-presidentielle.com\/cs\/admin_menu\/mon-menu\/\">Moje menu<\/a><\/li>\n<\/ul>\n<h2 class=\"wsp-admin_toolbars-title\"><span id=\"admin-toolbars\">Panely n\u00e1stroj\u016f pro spr\u00e1vu<\/span><\/h2>\n<ul class=\"wsp-admin_toolbars-list\">\n<li><a href=\"https:\/\/parier-presidentielle.com\/cs\/admin_toolbar\/back-end\/\">Zadn\u00ed a p\u0159edn\u00ed konec<\/a><\/li>\n<\/ul>\n<h2 class=\"wsp-hide_plugins-title\"><span id=\"hide-plugins\">Skr\u00fdt pluginy<\/span><\/h2>\n<ul class=\"wsp-hide_plugins-list\">\n<li><a href=\"https:\/\/parier-presidentielle.com\/cs\/hide_plugin\/hide-plugin\/\">HidePlugin<\/a><\/li>\n<\/ul>\n<\/div>\n\n\n\n<p><\/p>\n<div id=\"toc_container\" class=\"no_bullets\"><p class=\"toc_title\">Obsah<\/p><ul class=\"toc_list\"><li><\/li><li><\/li><li><\/li><li><\/li><li><\/li><\/ul><\/div>","protected":false},"excerpt":{"rendered":"<p>Bienvenue sur plan du site! Retrouver l&#8217;int\u00e9gralit\u00e9 des liens ainsi pour vour le Paris sur la politique ainsi vous aurez toutes connaissance n\u00e9cessaire pour r\u00e9aliser parier pour la premiere fois. De meme que vous pourrez suivre toutes les cotes sur toutes les \u00e9lections : Francaises, Am\u00e9ricaines&#8230; Version Francaise de Parier-Presidentielle.com :Parier-Pr\u00e9sidentielle : guide pour parier &#8230;<\/p>","protected":false},"author":1,"featured_media":0,"parent":0,"menu_order":0,"comment_status":"closed","ping_status":"closed","template":"page-nosidebar.php","meta":{"footnotes":""},"yoast_head":"<!-- This site is optimized with the Yoast SEO Premium plugin v21.0 (Yoast SEO v21.0) - https:\/\/yoast.com\/wordpress\/plugins\/seo\/ -->\n<title>Plans du site de Parier-Presidentielle.com - Finale Coupe du Monde FIFA<\/title>\n<meta name=\"description\" content=\"Int\u00e9gralit\u00e9 et guide du site\" \/>\n<meta name=\"robots\" content=\"index, follow, max-snippet:-1, max-image-preview:large, max-video-preview:-1\" \/>\n<link rel=\"canonical\" href=\"https:\/\/parier-presidentielle.com\/cs\/plan\/\" \/>\n<meta property=\"og:locale\" content=\"cs_CZ\" \/>\n<meta property=\"og:type\" content=\"article\" \/>\n<meta property=\"og:title\" content=\"Plans du site de Parier-Presidentielle.com\" \/>\n<meta property=\"og:description\" content=\"Int\u00e9gralit\u00e9 et guide du site\" \/>\n<meta property=\"og:url\" content=\"https:\/\/parier-presidentielle.com\/cs\/plan\/\" \/>\n<meta property=\"og:site_name\" content=\"Parier Pr\u00e9sidentielle\" \/>\n<meta property=\"article:modified_time\" content=\"2023-09-23T19:23:58+00:00\" \/>\n<meta name=\"twitter:card\" content=\"summary_large_image\" \/>\n<meta name=\"twitter:label1\" content=\"Est. reading time\" \/>\n\t<meta name=\"twitter:data1\" content=\"1 minuta\" \/>\n<script type=\"application\/ld+json\" class=\"yoast-schema-graph\">{\"@context\":\"https:\/\/schema.org\",\"@graph\":[{\"@type\":\"WebPage\",\"@id\":\"https:\/\/parier-presidentielle.com\/plan\/\",\"url\":\"https:\/\/parier-presidentielle.com\/plan\/\",\"name\":\"Plans du site de Parier-Presidentielle.com - Finale Coupe du Monde FIFA\",\"isPartOf\":{\"@id\":\"https:\/\/parier-presidentielle.com\/#website\"},\"datePublished\":\"2022-03-07T12:10:43+00:00\",\"dateModified\":\"2023-09-23T19:23:58+00:00\",\"description\":\"Int\u00e9gralit\u00e9 et guide du site\",\"breadcrumb\":{\"@id\":\"https:\/\/parier-presidentielle.com\/plan\/#breadcrumb\"},\"inLanguage\":\"cs\",\"potentialAction\":[{\"@type\":\"ReadAction\",\"target\":[\"https:\/\/parier-presidentielle.com\/plan\/\"]}]},{\"@type\":\"BreadcrumbList\",\"@id\":\"https:\/\/parier-presidentielle.com\/plan\/#breadcrumb\",\"itemListElement\":[{\"@type\":\"ListItem\",\"position\":1,\"name\":\"Accueil\",\"item\":\"https:\/\/parier-presidentielle.com\/\"},{\"@type\":\"ListItem\",\"position\":2,\"name\":\"Plans du site de Parier-Presidentielle.com\"}]},{\"@type\":\"WebSite\",\"@id\":\"https:\/\/parier-presidentielle.com\/#website\",\"url\":\"https:\/\/parier-presidentielle.com\/\",\"name\":\"Parier Pr\u00e9sidentielle\",\"description\":\"Paris, Pronostics, Wiki sur la Politique, les Elections Am\u00e9ricaines: Joe Biden, Donald Trump avec les Bookmakers en ligne Unibet, Bwin, Betclic, Winamax\",\"potentialAction\":[{\"@type\":\"SearchAction\",\"target\":{\"@type\":\"EntryPoint\",\"urlTemplate\":\"https:\/\/parier-presidentielle.com\/?s={search_term_string}\"},\"query-input\":\"required name=search_term_string\"}],\"inLanguage\":\"cs\"}]}<\/script>\n<!-- \/ Yoast SEO Premium plugin. -->","yoast_head_json":{"title":"Plans du site de Parier-Presidentielle.com - Finale Coupe du Monde FIFA","description":"Int\u00e9gralit\u00e9 et guide du site","robots":{"index":"index","follow":"follow","max-snippet":"max-snippet:-1","max-image-preview":"max-image-preview:large","max-video-preview":"max-video-preview:-1"},"canonical":"https:\/\/parier-presidentielle.com\/cs\/plan\/","og_locale":"cs_CZ","og_type":"article","og_title":"Plans du site de Parier-Presidentielle.com","og_description":"Int\u00e9gralit\u00e9 et guide du site","og_url":"https:\/\/parier-presidentielle.com\/cs\/plan\/","og_site_name":"Parier Pr\u00e9sidentielle","article_modified_time":"2023-09-23T19:23:58+00:00","twitter_card":"summary_large_image","twitter_misc":{"Est. reading time":"1 minuta"},"schema":{"@context":"https:\/\/schema.org","@graph":[{"@type":"WebPage","@id":"https:\/\/parier-presidentielle.com\/plan\/","url":"https:\/\/parier-presidentielle.com\/plan\/","name":"Plans du site de Parier-Presidentielle.com - Finale Coupe du Monde FIFA","isPartOf":{"@id":"https:\/\/parier-presidentielle.com\/#website"},"datePublished":"2022-03-07T12:10:43+00:00","dateModified":"2023-09-23T19:23:58+00:00","description":"Int\u00e9gralit\u00e9 et guide du site","breadcrumb":{"@id":"https:\/\/parier-presidentielle.com\/plan\/#breadcrumb"},"inLanguage":"cs","potentialAction":[{"@type":"ReadAction","target":["https:\/\/parier-presidentielle.com\/plan\/"]}]},{"@type":"BreadcrumbList","@id":"https:\/\/parier-presidentielle.com\/plan\/#breadcrumb","itemListElement":[{"@type":"ListItem","position":1,"name":"Accueil","item":"https:\/\/parier-presidentielle.com\/"},{"@type":"ListItem","position":2,"name":"Plans du site de Parier-Presidentielle.com"}]},{"@type":"WebSite","@id":"https:\/\/parier-presidentielle.com\/#website","url":"https:\/\/parier-presidentielle.com\/","name":"Parier Pr\u00e9sidentielle","description":"Paris, Pronostics, Wiki sur la Politique, les Elections Am\u00e9ricaines: Joe Biden, Donald Trump avec les Bookmakers en ligne Unibet, Bwin, Betclic, Winamax","potentialAction":[{"@type":"SearchAction","target":{"@type":"EntryPoint","urlTemplate":"https:\/\/parier-presidentielle.com\/?s={search_term_string}"},"query-input":"required name=search_term_string"}],"inLanguage":"cs"}]}},"_links":{"self":[{"href":"https:\/\/parier-presidentielle.com\/cs\/wp-json\/wp\/v2\/pages\/898"}],"collection":[{"href":"https:\/\/parier-presidentielle.com\/cs\/wp-json\/wp\/v2\/pages"}],"about":[{"href":"https:\/\/parier-presidentielle.com\/cs\/wp-json\/wp\/v2\/types\/page"}],"author":[{"embeddable":true,"href":"https:\/\/parier-presidentielle.com\/cs\/wp-json\/wp\/v2\/users\/1"}],"replies":[{"embeddable":true,"href":"https:\/\/parier-presidentielle.com\/cs\/wp-json\/wp\/v2\/comments?post=898"}],"version-history":[{"count":12,"href":"https:\/\/parier-presidentielle.com\/cs\/wp-json\/wp\/v2\/pages\/898\/revisions"}],"predecessor-version":[{"id":2564,"href":"https:\/\/parier-presidentielle.com\/cs\/wp-json\/wp\/v2\/pages\/898\/revisions\/2564"}],"wp:attachment":[{"href":"https:\/\/parier-presidentielle.com\/cs\/wp-json\/wp\/v2\/media?parent=898"}],"curies":[{"name":"wp","href":"https:\/\/api.w.org\/{rel}","templated":true}]}}