{"id":951,"date":"2022-03-08T15:51:23","date_gmt":"2022-03-08T14:51:23","guid":{"rendered":"https:\/\/parier-presidentielle.com\/?page_id=951"},"modified":"2022-03-30T23:38:42","modified_gmt":"2022-03-30T21:38:42","slug":"bookmakers-sondages-election-presidentielle","status":"publish","type":"page","link":"https:\/\/parier-presidentielle.com\/cs\/bookmakeri-pruzkumy-prezidentske-volby\/","title":{"rendered":"Bookmake\u0159i: spolehliv\u011bj\u0161\u00ed ne\u017e pr\u016fzkumy pro prezidentsk\u00e9 volby"},"content":{"rendered":"<h2 class=\"wp-block-heading\"><span id=\"le-paradoxe-des-sondages-politiques\">Paradox politick\u00fdch pr\u016fzkum\u016f<\/span><\/h2>\n\n\n\n<p><br><em>\u010c\u00edm v\u00edce se lid\u00e9 dozv\u011bd\u011bli o technik\u00e1ch pr\u016fzkumu a byli vystaveni v\u00fdsledk\u016fm, t\u00edm byly v\u00fdsledky neobjektivn\u011bj\u0161\u00ed. Pro\u010d?<\/em><\/p>\n\n\n\n<figure class=\"wp-block-image size-large wp-duotone-000096-rgba2557171051-1\"><img decoding=\"async\" loading=\"lazy\" width=\"1024\" height=\"545\" src=\"https:\/\/parier-presidentielle.com\/wp-content\/uploads\/2022\/03\/bookmakers-sondages-election-presidentielle-1024x545.jpg\" alt=\"\" class=\"wp-image-965\" srcset=\"https:\/\/parier-presidentielle.com\/wp-content\/uploads\/2022\/03\/bookmakers-sondages-election-presidentielle-1024x545.jpg 1024w, https:\/\/parier-presidentielle.com\/wp-content\/uploads\/2022\/03\/bookmakers-sondages-election-presidentielle-300x160.jpg 300w, https:\/\/parier-presidentielle.com\/wp-content\/uploads\/2022\/03\/bookmakers-sondages-election-presidentielle-768x409.jpg 768w, https:\/\/parier-presidentielle.com\/wp-content\/uploads\/2022\/03\/bookmakers-sondages-election-presidentielle-1536x818.jpg 1536w, https:\/\/parier-presidentielle.com\/wp-content\/uploads\/2022\/03\/bookmakers-sondages-election-presidentielle-2048x1091.jpg 2048w\" sizes=\"(max-width: 1024px) 100vw, 1024px\" \/><\/figure>\n\n\n\n<p>Navzdory dlouh\u00e9 historii maj\u00ed p\u0159edvolebn\u00ed pr\u016fzkumy jednu z\u00e1sadn\u00ed chybu: respondenti maj\u00ed svobodnou v\u016fli lh\u00e1t, m\u011bnit n\u00e1zor a podv\u00e1d\u011bt p\u0159i minul\u00fdch volb\u00e1ch. Ned\u00e1vn\u00e9 p\u0159\u00edklady ze Spojen\u00e9ho kr\u00e1lovstv\u00ed a Spojen\u00fdch st\u00e1t\u016f ukazuj\u00ed, \u017ee velk\u00e1 \u010d\u00e1st populace bu\u010f nen\u00ed ve zkouman\u00e9m vzorku zastoupena, a proto je obt\u00ed\u017en\u00e9 ji napravit, nebo na posledn\u00ed chv\u00edli m\u011bn\u00ed sv\u00e9 volebn\u00ed \u00famysly v z\u00e1vislosti na faktorech p\u0159\u00edm\u00fdch nebo dobrovoln\u00fdch (zalo\u017eeno na faktech o statistick\u00fdch v\u00fdb\u011brov\u00fdch \u0161et\u0159en\u00edch zt\u011b\u017euje sledov\u00e1n\u00ed p\u0159\u00ed\u010diny t\u00e9to zm\u011bny). Co\u017e p\u0159i t\u011bchto volb\u00e1ch zcela jednozna\u010dn\u011b plat\u00ed, po\u010det voli\u010d\u016f je rekordn\u00ed!<\/p>\n\n\n\n<div class=\"wp-block-columns is-layout-flex wp-container-5 wp-block-columns-is-layout-flex\">\n<div class=\"wp-block-column is-layout-flow wp-block-column-is-layout-flow\" style=\"flex-basis:100%\">\n<div class=\"wp-block-columns is-layout-flex wp-container-3 wp-block-columns-is-layout-flex\">\n<div class=\"wp-block-column is-layout-flow wp-block-column-is-layout-flow\" style=\"flex-basis:100%\">\n<center><script type=\"text\/javascript\" charset=\"utf-8\" src=\"https:\/\/www.gambling-affiliation.com\/cpm\/v=AmIMTDSs92QY6b0MzDMvM5laCjJ-ZlA-1oQ-7tKsi.w_GA7331V2\"><\/script><\/center>\n\n\n\n<p><\/p>\n\n\n\n<div class=\"wp-block-image is-style-default\"><figure class=\"aligncenter size-medium\"><a href=\"https:\/\/parier-presidentielle.com\/cs\/recommends\/unibet-logo\/\" target=\"_blank\" rel=\"no follow noopener\"><img decoding=\"async\" loading=\"lazy\" width=\"300\" height=\"169\" src=\"https:\/\/parier-presidentielle.com\/wp-content\/uploads\/2022\/04\/unibet-300x169.jpg\" alt=\"\" class=\"wp-image-1252\" srcset=\"https:\/\/parier-presidentielle.com\/wp-content\/uploads\/2022\/04\/unibet-300x169.jpg 300w, https:\/\/parier-presidentielle.com\/wp-content\/uploads\/2022\/04\/unibet-1024x576.jpg 1024w, https:\/\/parier-presidentielle.com\/wp-content\/uploads\/2022\/04\/unibet-768x432.jpg 768w, https:\/\/parier-presidentielle.com\/wp-content\/uploads\/2022\/04\/unibet-18x10.jpg 18w, https:\/\/parier-presidentielle.com\/wp-content\/uploads\/2022\/04\/unibet.jpg 1280w\" sizes=\"(max-width: 300px) 100vw, 300px\" \/><\/a><\/figure><\/div>\n<\/div>\n<\/div>\n<\/div>\n<\/div>\n\n\n\n<p>Co kdy\u017e je p\u0159\u00edli\u0161 mnoho pr\u016fzkum\u016f u\u010dinilo zastaral\u00fdmi? A kdybychom st\u00e1li p\u0159ed paradoxem, kter\u00fd bych definoval takto: \u201e<strong> \u010c\u00edm v\u00edce lid\u00ed rozum\u00ed technik\u00e1m pr\u016fzkumu a je vystaveno jejich v\u00fdsledk\u016fm, t\u00edm jsou v\u00fdsledky neobjektivn\u011bj\u0161\u00ed.<\/strong> ?<br>Co\u017e nen\u00ed p\u0159\u00edpad <a href=\"https:\/\/parier-presidentielle.com\/cs\/bookmakeri-pruzkumy-prezidentske-volby\/\">s\u00e1zkov\u00e9 kancel\u00e1\u0159e<\/a> nap\u0159\u00edklad Unibet, <a href=\"https:\/\/parier-presidentielle.com\/cs\/bwin-politika-volby-2022\/\">Bwin<\/a>, Betclic\u2026<\/p>\n\n\n\n<div class=\"flourish-embed flourish-chart\" data-src=\"visualisation\/8788732\"><script src=\"https:\/\/public.flourish.studio\/resources\/embed.js\"><\/script><\/div>\n\n\n\n<h2 class=\"wp-block-heading\"><span id=\"les-sondages-politique-face-aux-opinions-et-bulle-informative\">Politick\u00e9 pr\u016fzkumy versus n\u00e1zory a informa\u010dn\u00ed bubliny<\/span><\/h2>\n\n\n\n<p>Krom\u011b toho pokra\u010duj\u00edc\u00ed zve\u0159ej\u0148ov\u00e1n\u00ed a celost\u00e1tn\u00ed vystaven\u00ed v\u00fdzkumu ve\u0159ejn\u00e9ho m\u00edn\u011bn\u00ed nar\u00e1\u017e\u00ed na dva vz\u00e1jemn\u011b se ovliv\u0148uj\u00edc\u00ed psychologick\u00e9 jevy: zkreslen\u00ed potvrzen\u00ed znamen\u00e1, \u017ee \u010dlov\u011bk m\u00e1 tendenci preferovat informace ve sm\u011bru sv\u00fdch my\u0161lenek a p\u0159edpoklad\u016f; z\u00e1rove\u0148 filtrovan\u00e9 informa\u010dn\u00ed bubliny vedou k preferov\u00e1n\u00ed M\u00e1 podobn\u00e9 zdroje informac\u00ed, a proto s n\u00edm sp\u00ed\u0161e souhlas\u00ed (a\u0165 u\u017e p\u0159\u00e1tel\u00e9 na soci\u00e1ln\u00edch s\u00edt\u00edch, nebo vyb\u00edr\u00e1n\u00ed zdroj\u016f tradi\u010dn\u00edch informac\u00ed, ve\u0159ejnosti zn\u00e1m\u00fdch sv\u00fdmi redak\u010dn\u00edmi \u0159\u00e1dky).<\/p>\n\n\n\n<p>Tv\u00e1\u0159\u00ed v tv\u00e1\u0159 nejistot\u011b a neobjektivn\u00edm vzork\u016fm, p\u0159edpov\u011bdn\u00edm n\u00e1stroj\u016fm jin\u00fdm ne\u017e <a href=\"https:\/\/parier-presidentielle.com\/cs\/bookmakeri-pruzkumy-prezidentske-volby\/\">Pr\u016fzkumy <\/a>se m\u016f\u017ee objevit, a mysl\u00edm, \u017ee nejrelevantn\u011bj\u0161\u00ed je ten, kter\u00fd se mi p\u0159ed rokem zd\u00e1l nesourod\u00fd: online hazardn\u00ed hry na str\u00e1nk\u00e1ch jako Unibet, Bwin, Betclic.<\/p>\n\n\n\n<h3 class=\"wp-block-heading\"><span id=\"les-elections-presidentielles-c8217est-comme-le-pmu\">Prezidentsk\u00e9 volby jsou jako PMU <\/span><\/h3>\n\n\n\n<p>Prvn\u00ed <a href=\"https:\/\/parier-presidentielle.com\/cs\/\">s\u00e1zen\u00ed na volby <\/a>vypad\u00e1 jako to, co vid\u00edte na z\u00e1vodn\u00ed dr\u00e1ze. Ka\u017ed\u00fd kandid\u00e1t m\u00e1 hodnost, kter\u00e1 se neust\u00e1le m\u011bn\u00ed. To po\u010d\u00edtaj\u00ed odborn\u00edci pomoc\u00ed po\u010d\u00edta\u010d\u016f, kte\u0159\u00ed dok\u00e1\u017eou integrovat pr\u016fzkumy ve\u0159ejn\u00e9ho m\u00edn\u011bn\u00ed, socioekonomick\u00e9 faktory, ned\u00e1vn\u00e9 ud\u00e1losti, v\u00fdsledky p\u0159edchoz\u00edch konzultac\u00ed a probl\u00e9my ji\u017e zaznamenan\u00e9 ve sv\u00fdch v\u00fdpo\u010dtech.<\/p>\n\n\n\n<p><\/p>\n\n\n\n<p>Pokud nap\u0159\u00edklad s\u00e1zka\u0159 vsad\u00ed \u010d\u00e1stku ten ve\u010der, bude zvolen ve\u010der 10. dubna a obnov\u00ed sv\u016fj p\u016fvodn\u00ed vklad, \u010d\u00edm\u017e se jeho \u010d\u00e1stka nav\u00fd\u0161\u00ed p\u0159ibli\u017en\u011b o (od 5\/6 do 11\/10, v z\u00e1vislosti na webu) . Je z\u0159ejm\u00e9, \u017ee pokud se nestane prezidentem, definitivn\u011b prohraje po\u010d\u00e1te\u010dn\u00ed s\u00e1zku. Vzhledem k t\u00e9to tabulce, pokud Nicolas Dupont-Aignan vyhraje, velmi \u0161\u0165astn\u00fd nebo velmi vizion\u00e1\u0159sk\u00fd \u010dlov\u011bk m\u016f\u017ee vyhr\u00e1t a\u017e 1000n\u00e1sobek sv\u00e9ho vkladu.<\/p>\n\n\n\n<p>V d\u016fsledku toho se bookmake\u0159i budou muset rozhodnout mezi zv\u00fd\u0161en\u00edm kurz\u016f, aby p\u0159il\u00e1kali potenci\u00e1ln\u00ed s\u00e1zka\u0159e na sv\u00e9 str\u00e1nky, a sn\u00ed\u017een\u00edm kurzu, aby v\u00edt\u011bze nep\u0159eplatili a v\u00fdhru si ponechali. Mechanismus m\u00e1 tedy tendenci se samoregulovat, a proto vid\u00edme shodu na sk\u00f3re v t\u00e9to tabulce, rozd\u00edl mezi t\u0159emi nejl\u00e9pe hodnocen\u00fdmi kandid\u00e1ty je zanedbateln\u00fd, tak\u017ee s\u00e1zkov\u00e9 kancel\u00e1\u0159e Unibet, Bwin, Betclic sout\u011b\u017e\u00ed s reklamn\u00edmi nab\u00eddkami a propaga\u010dn\u00edmi aktivitami mezi jim.<\/p>\n\n\n\n<p><\/p>\n\n\n\n<h3 class=\"wp-block-heading\"><span id=\"un-bon-parieur-c8217est-un-bon-trader\">Dobr\u00fd s\u00e1zka\u0159 je dobr\u00fd obchodn\u00edk<\/span><\/h3>\n\n\n\n<p>Druh\u00e1 s\u00e1zka, kterou jsem na\u0161el, je podobn\u00e1 tomu, jak funguje akciov\u00fd trh. Tato str\u00e1nka je tr\u017ei\u0161t\u011bm pro obchodov\u00e1n\u00ed s produkty, kter\u00e9 funguj\u00ed jako akcie. Produkt Ano bude vyplacen 1 $ ve volebn\u00ed noc, pokud kandid\u00e1t, kter\u00e9ho zastupuje, vyhraje volby, a v opa\u010dn\u00e9m p\u0159\u00edpad\u011b 0. Naopak za produkt Ne bude zaplaceno 1 $, pokud prohraje a bezcenn\u00fd, pokud vyhraje. Proto se jeho cena m\u016f\u017ee pohybovat mezi 0 $ a 1 $, vyj\u00e1d\u0159eno v centech. Zde je na s\u00e1zej\u00edc\u00edm, aby si cenu stanovil s\u00e1m. Pokud investor vlastn\u00ed akcie kandid\u00e1ta a mysl\u00ed si, \u017ee nebude zvolen, m\u016f\u017ee je prodat jin\u00e9 osob\u011b, pokud jsou jejich prodejn\u00ed a kupn\u00ed ceny srovnateln\u00e9. Ale pokud v\u0161ichni prodejci cht\u011bj\u00ed cenu, kterou kupuj\u00edc\u00ed nejsou ochotni zaplatit, pak k obchodu nedojde. <strong>Zobrazen\u00e9 kurzy jsou tedy cenou posledn\u00edho obchodu, a proto p\u0159edstavuj\u00ed tr\u017en\u00ed konsenzus o pravd\u011bpodobnosti v\u00fdhry toho \u010di onoho kandid\u00e1ta.<\/strong>  <\/p>\n\n\n\n<p>D\u00edky tomu mohou s\u00e1zka\u0159i evidovat zisky nebo ztr\u00e1ty dlouho p\u0159ed volbami. N\u00e1kupem akci\u00ed Yes tohoto kandid\u00e1ta 5. \u00fanora a jejich prodejem 21. \u00fanora bych z\u00edskal asi dvojn\u00e1sobek po\u010d\u00e1te\u010dn\u00ed \u00fa\u010dasti, i kdy\u017e ignoruji v\u00fdsledek ze 7. kv\u011btna. M\u016f\u017eeme tedy hr\u00e1t hry bu\u010f p\u0159edpov\u00edd\u00e1n\u00edm kone\u010dn\u00e9ho v\u00fdsledku, nebo jednodu\u0161e p\u0159edpov\u00edd\u00e1n\u00edm trend\u016f v dan\u00e9m \u010dasov\u00e9m obdob\u00ed. <\/p>\n\n\n\n<h2 class=\"wp-block-heading\"><span id=\"mieux-que-les-sondages-vouloir-gagner-son-paris-permet-de-trouver-le-vainqueur-final-de-l8217election-presidentielle\">Lep\u0161\u00ed ne\u017e pr\u016fzkumy cht\u011bj\u00ed vyhr\u00e1t svou Pa\u0159\u00ed\u017e v\u00e1m umo\u017en\u00ed naj\u00edt kone\u010dn\u00e9ho v\u00edt\u011bze prezidentsk\u00fdch voleb <\/span><\/h2>\n\n\n\n<p>V obou p\u0159\u00edpadech byly psychologick\u00e9 p\u0159edsudky spojen\u00e9 s pr\u016fzkumem a jeho v\u00fdsledky zv\u00e1\u017eeny, proto\u017ee \u00fa\u010dastn\u00edci nem\u011bli z\u00e1jem s\u00e1zet na v\u00fdsledek, kter\u00fd cht\u011bli, ale na v\u00fdsledek, o kter\u00e9m si mysleli, \u017ee se stane. Proto se syst\u00e9m predikc\u00ed zalo\u017een\u00fd na chamtivosti zd\u00e1 b\u00fdt m\u00e9n\u011b n\u00e1chyln\u00fd k manipulaci, a\u0165 u\u017e dobrovoln\u00e9 nebo nedobrovoln\u00e9, a s\u00e1zka\u0159i nemaj\u00ed z\u00e1jem hr\u00e1t hru, ale to vyvol\u00e1v\u00e1 obt\u00ed\u017enou ot\u00e1zku etiky zaplatit za sv\u016fj n\u00e1zor\u2026.<\/p>\n\n\n\n<p class=\"has-text-align-center unibet\" style=\"font-size:25px\"><mark style=\"background-color:rgba(0, 0, 0, 0);color:#0d7a12\" class=\"has-inline-color\"><strong><a href=\"https:\/\/parier-presidentielle.com\/cs\/recommends\/unibet\/\">Bonus 150 \u20ac nab\u00edzen\u00fd s Unibet<br>Pro svou prvn\u00ed politickou nebo sportovn\u00ed s\u00e1zku: Klikn\u011bte zde<\/a><\/strong><\/mark><\/p>\n\n\n\n<p><\/p>\n\n\n<div class=\"wp-block-image\">\n<figure class=\"aligncenter is-resized wp-duotone-000097-ff4747-6\"><img decoding=\"async\" loading=\"lazy\" src=\"https:\/\/parier-presidentielle.com\/wp-content\/uploads\/2021\/09\/election-standard-scale-4_00x-gigapixel-1024x623.jpg\" alt=\"Volby 2022\" style=\"width:256px;height:156px\" width=\"256\" height=\"156\"\/><\/figure><\/div>\n\n\n<p><br><\/p>\n\n\n\n<p><strong>Parier-presidential v\u00e1m pom\u016f\u017ee vybrat si mezi r\u016fzn\u00fdmi<a href=\"https:\/\/parier-presidentielle.com\/cs\/\"> Bookmake\u0159i Bwin, Unibet, Betclic vsad\u00ed v roce 2024 na budouc\u00edho americk\u00e9ho prezidenta<\/a> : <\/strong><br><a href=\"https:\/\/parier-presidentielle.com\/cs\/unibet-politika-volby-2022\/\">Prezidentsk\u00e1 s\u00e1zkov\u00e1 kancel\u00e1\u0159 Unibet<\/a> : Podrobn\u00fd a bezplatn\u00fd pr\u016fvodce, jak uzav\u0159\u00edt svou prvn\u00ed online s\u00e1zku se v\u0161emi kurzy a jak vyu\u017e\u00edt nab\u00edzen\u00fd bonus!<\/p>\n\n\n\n<p>Stejn\u011b jako dal\u0161\u00ed online str\u00e1nky v Pa\u0159\u00ed\u017ei: <a href=\"https:\/\/parier-presidentielle.com\/cs\/unibet-politika-volby-2022\/\">Bwin<\/a>, <a href=\"https:\/\/parier-presidentielle.com\/cs\/netbet-paris-politics-volby-2022\/\">NetBet<\/a>, <a href=\"https:\/\/parier-presidentielle.com\/cs\/betclic-prezidentska-2022\/\">Betclic<\/a>, <a href=\"https:\/\/parier-presidentielle.com\/cs\/winamax-politika-volby-2022\/\">Winamax<\/a>, Parions Sport, Zebet, Betway, France-Pari, Vbet, Cloudbet, 1Xbit, 1xbet, Betfair, Betwinner \u2026<\/p>\n\n\n\n<div class=\"wp-block-columns is-layout-flex wp-container-11 wp-block-columns-is-layout-flex\">\n<div class=\"wp-block-column is-layout-flow wp-block-column-is-layout-flow\" style=\"flex-basis:33.33%\">\n<p>Pr\u00e1v\u011b jste si p\u0159e\u010detli n\u00e1\u0161 soubor:<\/p>\n<\/div>\n\n\n\n<div class=\"wp-block-column is-layout-flow wp-block-column-is-layout-flow\" style=\"flex-basis:33.33%\">\n<div class=\"wp-block-group is-layout-flow wp-block-group-is-layout-flow\"><div class=\"wp-block-group__inner-container\"><h4 class=\"has-text-align-center wp-block-post-title\"><span id=\"les-bookmakers-plus-fiable-que-les-sondages-pour-l8217election-presidentielle\"><a href=\"https:\/\/parier-presidentielle.com\/cs\/bookmakeri-pruzkumy-prezidentske-volby\/\" target=\"_self\" >Bookmake\u0159i: spolehliv\u011bj\u0161\u00ed ne\u017e pr\u016fzkumy pro prezidentsk\u00e9 volby<\/a><\/span><\/h4><\/div><\/div>\n<\/div>\n\n\n\n<div class=\"wp-block-column is-layout-flow wp-block-column-is-layout-flow\" style=\"flex-basis:33.33%\">\n<p class=\"has-text-align-right\">Pokra\u010dujte ve \u010dten\u00ed s na\u0161imi dal\u0161\u00edmi exkluzivn\u00edmi soubory,<\/p>\n<\/div>\n<\/div>\n\n\n\n<h3 class=\"wp-block-heading\" id=\"tous-les-pronostics-sondage-et-cotes-pour-parier-sur-le-futur-vainqueur-de-l-election-presidentielle-2022\"><span id=\"tous-les-pronostics-sondage-et-cotes-pour-parier-sur-le-futur-vainqueur-de-l8217election-presidentielle-2024\">V\u0161echny p\u0159edpov\u011bdi, pr\u016fzkumy a kurzy na budouc\u00edho v\u00edt\u011bze prezidentsk\u00fdch voleb v roce 2024:<\/span><\/h3>\n\n\n\n<ul>\n<li><a href=\"https:\/\/parier-presidentielle.com\/cs\/makronove-volby\/\">Vsa\u010fte si na Emmanuela Macrona s Unibet, Betclic, Bwin<\/a> : Obl\u00edben\u00e9 v anket\u00e1ch a p\u0159edpov\u011bd\u00edch <\/li>\n\n\n\n<li><a href=\"https:\/\/parier-presidentielle.com\/cs\/marine-le-pen-volby\/\">Marine Le Pen: Jej\u00ed kurzy a jak s\u00e1zet u s\u00e1zkov\u00fdch kancel\u00e1\u0159\u00ed<\/a>: Vyzyvatel podle Unibetu<\/li>\n<\/ul>\n\n\n\n<p><\/p>\n\n\n\n<center><script type=\"text\/javascript\" charset=\"utf-8\" src=\"https:\/\/www.gambling-affiliation.com\/cpm\/v=AmIMTDSs92QY6b0MzDMvM5laCjJ-ZlA-1oQ-7tKsi.w_GA7331V2\"><\/script><\/center>\n\n\n\n<h3 class=\"wp-block-heading\"><span id=\"donald-trump-vs-joe-biden-la-video-qui-lance-les-paris-en-ligne-sur-l8217election-politique-de-2024\">Donald Trump vs Joe Biden: Video, kter\u00e9 spou\u0161t\u00ed online s\u00e1zen\u00ed na politick\u00e9 volby v roce 2024<\/span><\/h3>\n\n\n\n<figure class=\"wp-block-embed is-type-video is-provider-youtube wp-block-embed-youtube wp-embed-aspect-16-9 wp-has-aspect-ratio\"><div class=\"wp-block-embed__wrapper\">\n<iframe loading=\"lazy\" title=\"B\u00fdval\u00fd prezident Donald Trump zahajuje nab\u00eddku B\u00edl\u00e9ho domu v roce 2024 #Short\" width=\"640\" height=\"360\" src=\"https:\/\/www.youtube.com\/embed\/hZykPRVe4Ag?feature=oembed\" frameborder=\"0\" allow=\"accelerometer; autoplay; clipboard-write; encrypted-media; gyroscope; picture-in-picture; web-share\" allowfullscreen><\/iframe>\n<\/div><\/figure>\n\n\n<div class=\"wp-block-image\">\n<figure class=\"aligncenter size-medium\"><a href=\"https:\/\/parier-presidentielle.com\/cs\/recommends\/unibet\/\" target=\"_blank\" rel=\"noopener\"><img decoding=\"async\" loading=\"lazy\" width=\"300\" height=\"169\" src=\"https:\/\/parier-presidentielle.com\/wp-content\/uploads\/2022\/04\/unibet-300x169.jpg\" alt=\"\" class=\"wp-image-1252\" srcset=\"https:\/\/parier-presidentielle.com\/wp-content\/uploads\/2022\/04\/unibet-300x169.jpg 300w, https:\/\/parier-presidentielle.com\/wp-content\/uploads\/2022\/04\/unibet-1024x576.jpg 1024w, https:\/\/parier-presidentielle.com\/wp-content\/uploads\/2022\/04\/unibet-768x432.jpg 768w, https:\/\/parier-presidentielle.com\/wp-content\/uploads\/2022\/04\/unibet-18x10.jpg 18w, https:\/\/parier-presidentielle.com\/wp-content\/uploads\/2022\/04\/unibet.jpg 1280w\" sizes=\"(max-width: 300px) 100vw, 300px\" \/><\/a><\/figure><\/div>\n\n\n<p>Najd\u011bte Wiki, z\u00e1kladn\u00ed politick\u00e9 zpr\u00e1vy o konop\u00ed a jeho leg\u00e1ln\u00edch deriv\u00e1tech: <strong>HHC, H4cbd, Thcp, Thcv, HSD, HHCPO, C4B<\/strong><\/p>\n\n\n\n<p><\/p>\n<div id=\"toc_container\" class=\"no_bullets\"><p class=\"toc_title\">Obsah<\/p><ul class=\"toc_list\"><li><\/li><li><ul><li><\/li><li><\/li><\/ul><\/li><li><ul><li><ul><li><\/li><\/ul><\/li><li><\/li><li><\/li><\/ul><\/li><\/ul><\/div>","protected":false},"excerpt":{"rendered":"<p>Le Paradoxe des sondages politiques Plus les gens apprenaient les techniques de sondage et \u00e9taient expos\u00e9s aux r\u00e9sultats, plus les r\u00e9sultats devenaient biais\u00e9s. Pourquoi? Malgr\u00e9 leur longue histoire, les sondages pr\u00e9\u00e9lectoraux ont un d\u00e9faut majeur\u00a0: les r\u00e9pondants ont le libre arbitre de mentir, de changer d&#8217;avis et de tricher sur les bulletins de vote pass\u00e9s. &#8230;<\/p>","protected":false},"author":1,"featured_media":0,"parent":0,"menu_order":0,"comment_status":"closed","ping_status":"closed","template":"page-nosidebar.php","meta":{"footnotes":""},"yoast_head":"<!-- This site is optimized with the Yoast SEO Premium plugin v21.0 (Yoast SEO v21.0) - https:\/\/yoast.com\/wordpress\/plugins\/seo\/ -->\n<title>Les Bookmakers : plus fiable que les Sondages pour l&#039;\u00e9lection pr\u00e9sidentielle - Finale Coupe du Monde FIFA<\/title>\n<meta name=\"description\" content=\"Les cotes des bookmakers sont plus fiable que les sondage pour la Politique : Pourquoi et comment en profiter?\" \/>\n<meta name=\"robots\" content=\"index, follow, max-snippet:-1, max-image-preview:large, max-video-preview:-1\" \/>\n<link rel=\"canonical\" href=\"https:\/\/parier-presidentielle.com\/cs\/bookmakeri-pruzkumy-prezidentske-volby\/\" \/>\n<meta property=\"og:locale\" content=\"cs_CZ\" \/>\n<meta property=\"og:type\" content=\"article\" \/>\n<meta property=\"og:title\" content=\"Les Bookmakers : plus fiable que les Sondages pour l&#039;\u00e9lection pr\u00e9sidentielle\" \/>\n<meta property=\"og:description\" content=\"Les cotes des bookmakers sont plus fiable que les sondage pour la Politique : Pourquoi et comment en profiter?\" \/>\n<meta property=\"og:url\" content=\"https:\/\/parier-presidentielle.com\/cs\/bookmakeri-pruzkumy-prezidentske-volby\/\" \/>\n<meta property=\"og:site_name\" content=\"Parier Pr\u00e9sidentielle\" \/>\n<meta property=\"article:modified_time\" content=\"2022-03-30T21:38:42+00:00\" \/>\n<meta property=\"og:image\" content=\"https:\/\/parier-presidentielle.com\/wp-content\/uploads\/2022\/03\/bookmakers-sondages-election-presidentielle-1024x545.jpg\" \/>\n<meta name=\"twitter:card\" content=\"summary_large_image\" \/>\n<meta name=\"twitter:label1\" content=\"Est. reading time\" \/>\n\t<meta name=\"twitter:data1\" content=\"5 minut\" \/>\n<script type=\"application\/ld+json\" class=\"yoast-schema-graph\">{\"@context\":\"https:\/\/schema.org\",\"@graph\":[{\"@type\":\"WebPage\",\"@id\":\"https:\/\/parier-presidentielle.com\/bookmakers-sondages-election-presidentielle\/\",\"url\":\"https:\/\/parier-presidentielle.com\/bookmakers-sondages-election-presidentielle\/\",\"name\":\"Les Bookmakers : plus fiable que les Sondages pour l'\u00e9lection pr\u00e9sidentielle - Finale Coupe du Monde FIFA\",\"isPartOf\":{\"@id\":\"https:\/\/parier-presidentielle.com\/#website\"},\"datePublished\":\"2022-03-08T14:51:23+00:00\",\"dateModified\":\"2022-03-30T21:38:42+00:00\",\"description\":\"Les cotes des bookmakers sont plus fiable que les sondage pour la Politique : Pourquoi et comment en profiter?\",\"breadcrumb\":{\"@id\":\"https:\/\/parier-presidentielle.com\/bookmakers-sondages-election-presidentielle\/#breadcrumb\"},\"inLanguage\":\"cs\",\"potentialAction\":[{\"@type\":\"ReadAction\",\"target\":[\"https:\/\/parier-presidentielle.com\/bookmakers-sondages-election-presidentielle\/\"]}]},{\"@type\":\"BreadcrumbList\",\"@id\":\"https:\/\/parier-presidentielle.com\/bookmakers-sondages-election-presidentielle\/#breadcrumb\",\"itemListElement\":[{\"@type\":\"ListItem\",\"position\":1,\"name\":\"Accueil\",\"item\":\"https:\/\/parier-presidentielle.com\/\"},{\"@type\":\"ListItem\",\"position\":2,\"name\":\"Les Bookmakers : plus fiable que les Sondages pour l&rsquo;\u00e9lection pr\u00e9sidentielle\"}]},{\"@type\":\"WebSite\",\"@id\":\"https:\/\/parier-presidentielle.com\/#website\",\"url\":\"https:\/\/parier-presidentielle.com\/\",\"name\":\"Parier Pr\u00e9sidentielle\",\"description\":\"Paris, Pronostics, Wiki sur la Politique, les Elections Am\u00e9ricaines: Joe Biden, Donald Trump avec les Bookmakers en ligne Unibet, Bwin, Betclic, Winamax\",\"potentialAction\":[{\"@type\":\"SearchAction\",\"target\":{\"@type\":\"EntryPoint\",\"urlTemplate\":\"https:\/\/parier-presidentielle.com\/?s={search_term_string}\"},\"query-input\":\"required name=search_term_string\"}],\"inLanguage\":\"cs\"}]}<\/script>\n<!-- \/ Yoast SEO Premium plugin. -->","yoast_head_json":{"title":"Les Bookmakers : plus fiable que les Sondages pour l'\u00e9lection pr\u00e9sidentielle - Finale Coupe du Monde FIFA","description":"Les cotes des bookmakers sont plus fiable que les sondage pour la Politique : Pourquoi et comment en profiter?","robots":{"index":"index","follow":"follow","max-snippet":"max-snippet:-1","max-image-preview":"max-image-preview:large","max-video-preview":"max-video-preview:-1"},"canonical":"https:\/\/parier-presidentielle.com\/cs\/bookmakeri-pruzkumy-prezidentske-volby\/","og_locale":"cs_CZ","og_type":"article","og_title":"Les Bookmakers : plus fiable que les Sondages pour l'\u00e9lection pr\u00e9sidentielle","og_description":"Les cotes des bookmakers sont plus fiable que les sondage pour la Politique : Pourquoi et comment en profiter?","og_url":"https:\/\/parier-presidentielle.com\/cs\/bookmakeri-pruzkumy-prezidentske-volby\/","og_site_name":"Parier Pr\u00e9sidentielle","article_modified_time":"2022-03-30T21:38:42+00:00","og_image":[{"url":"https:\/\/parier-presidentielle.com\/wp-content\/uploads\/2022\/03\/bookmakers-sondages-election-presidentielle-1024x545.jpg"}],"twitter_card":"summary_large_image","twitter_misc":{"Est. reading time":"5 minut"},"schema":{"@context":"https:\/\/schema.org","@graph":[{"@type":"WebPage","@id":"https:\/\/parier-presidentielle.com\/bookmakers-sondages-election-presidentielle\/","url":"https:\/\/parier-presidentielle.com\/bookmakers-sondages-election-presidentielle\/","name":"Les Bookmakers : plus fiable que les Sondages pour l'\u00e9lection pr\u00e9sidentielle - Finale Coupe du Monde FIFA","isPartOf":{"@id":"https:\/\/parier-presidentielle.com\/#website"},"datePublished":"2022-03-08T14:51:23+00:00","dateModified":"2022-03-30T21:38:42+00:00","description":"Les cotes des bookmakers sont plus fiable que les sondage pour la Politique : Pourquoi et comment en profiter?","breadcrumb":{"@id":"https:\/\/parier-presidentielle.com\/bookmakers-sondages-election-presidentielle\/#breadcrumb"},"inLanguage":"cs","potentialAction":[{"@type":"ReadAction","target":["https:\/\/parier-presidentielle.com\/bookmakers-sondages-election-presidentielle\/"]}]},{"@type":"BreadcrumbList","@id":"https:\/\/parier-presidentielle.com\/bookmakers-sondages-election-presidentielle\/#breadcrumb","itemListElement":[{"@type":"ListItem","position":1,"name":"Accueil","item":"https:\/\/parier-presidentielle.com\/"},{"@type":"ListItem","position":2,"name":"Les Bookmakers : plus fiable que les Sondages pour l&rsquo;\u00e9lection pr\u00e9sidentielle"}]},{"@type":"WebSite","@id":"https:\/\/parier-presidentielle.com\/#website","url":"https:\/\/parier-presidentielle.com\/","name":"Parier Pr\u00e9sidentielle","description":"Paris, Pronostics, Wiki sur la Politique, les Elections Am\u00e9ricaines: Joe Biden, Donald Trump avec les Bookmakers en ligne Unibet, Bwin, Betclic, Winamax","potentialAction":[{"@type":"SearchAction","target":{"@type":"EntryPoint","urlTemplate":"https:\/\/parier-presidentielle.com\/?s={search_term_string}"},"query-input":"required name=search_term_string"}],"inLanguage":"cs"}]}},"_links":{"self":[{"href":"https:\/\/parier-presidentielle.com\/cs\/wp-json\/wp\/v2\/pages\/951"}],"collection":[{"href":"https:\/\/parier-presidentielle.com\/cs\/wp-json\/wp\/v2\/pages"}],"about":[{"href":"https:\/\/parier-presidentielle.com\/cs\/wp-json\/wp\/v2\/types\/page"}],"author":[{"embeddable":true,"href":"https:\/\/parier-presidentielle.com\/cs\/wp-json\/wp\/v2\/users\/1"}],"replies":[{"embeddable":true,"href":"https:\/\/parier-presidentielle.com\/cs\/wp-json\/wp\/v2\/comments?post=951"}],"version-history":[{"count":10,"href":"https:\/\/parier-presidentielle.com\/cs\/wp-json\/wp\/v2\/pages\/951\/revisions"}],"predecessor-version":[{"id":1111,"href":"https:\/\/parier-presidentielle.com\/cs\/wp-json\/wp\/v2\/pages\/951\/revisions\/1111"}],"wp:attachment":[{"href":"https:\/\/parier-presidentielle.com\/cs\/wp-json\/wp\/v2\/media?parent=951"}],"curies":[{"name":"wp","href":"https:\/\/api.w.org\/{rel}","templated":true}]}}