{"id":1946,"date":"2023-03-20T16:35:45","date_gmt":"2023-03-20T15:35:45","guid":{"rendered":"https:\/\/parier-presidentielle.com\/?page_id=1946"},"modified":"2023-06-02T11:23:14","modified_gmt":"2023-06-02T09:23:14","slug":"joe-biden-cannabis-hhc","status":"publish","type":"page","link":"https:\/\/parier-presidentielle.com\/de\/joe-biden-cannabis-hhc\/","title":{"rendered":"Joe Biden und der Cannabismarkt, HHC"},"content":{"rendered":"<h2 class=\"wp-block-heading\"><span id=\"l8217arrivee-de-joe-biden-sur-le-marche-du-cannabis-et-de-l8217hhc-aux-etats-unis-un-nouvel-espoir-pour-les-consommateurs-et-les-entrepreneurs\">Die Ankunft von Joe Biden auf dem Cannabis- und HHC-Markt in den Vereinigten Staaten: Neue Hoffnung f\u00fcr Verbraucher und Unternehmer<\/span><\/h2>\n\n\n\n<p>Der Cannabis- und Cannabinoidmarkt als <a href=\"https:\/\/wikihhc.com\/\">HHC<\/a> hat in den letzten Jahren in den Vereinigten Staaten ein explosionsartiges Wachstum erlebt. Immer mehr Staaten legalisieren den Freizeit- oder therapeutischen Konsum von Cannabis und immer mehr Verbraucher greifen zur Behandlung einer Vielzahl von Erkrankungen auf Cannabinoidprodukte zur\u00fcck. Die bundesstaatlichen Cannabisgesetze der USA bleiben jedoch unklar und restriktiv und schr\u00e4nken den Zugang von Unternehmern und Verbrauchern zu den Vorteilen dieses boomenden Marktes ein.<\/p>\n\n\n\n<p>Mit dem Amtsantritt von Joe Biden als Pr\u00e4sident der Vereinigten Staaten k\u00f6nnten sich die Dinge jedoch f\u00fcr den Cannabis- und Cannabinoidmarkt \u00e4ndern. Pr\u00e4sident Biden hat erkl\u00e4rt, dass er die Legalisierung von Cannabis f\u00fcr medizinische Zwecke unterst\u00fctzt, nicht jedoch die Legalisierung f\u00fcr den Freizeitgebrauch. Allerdings hat seine Regierung bereits Schritte unternommen, um die Cannabinoidforschung zu erm\u00f6glichen, was ein erster Schritt in Richtung einer umfassenderen Legalisierung sein k\u00f6nnte.<\/p>\n\n\n\n<h2 class=\"wp-block-heading\"><span id=\"la-legalisation-du-cannabis-un-enjeu-economique\">Die Legalisierung von Cannabis: ein wirtschaftliches Problem<\/span><\/h2>\n\n\n\n<p>Die Legalisierung von Cannabis f\u00fcr medizinische und Freizeitzwecke ist ein wichtiges wirtschaftliches Thema f\u00fcr die Vereinigten Staaten. Tats\u00e4chlich k\u00f6nnen die Produktion, der Vertrieb und der Verkauf von Cannabis den Staaten erhebliche Einnahmen bringen, gleichzeitig Arbeitspl\u00e4tze schaffen und die lokale Wirtschaft ankurbeln.<\/p>\n\n\n\n<h2 class=\"wp-block-heading\"><span id=\"les-obstacles-a-la-legalisation\">Hindernisse f\u00fcr die Legalisierung<\/span><\/h2>\n\n\n\n<p>Allerdings st\u00f6\u00dft die Legalisierung von Cannabis in den Vereinigten Staaten auf viele Hindernisse. Die bundesstaatlichen Cannabisgesetze bleiben unklar und restriktiv, was es Unternehmern erschwert, ihr Gesch\u00e4ft auszubauen, und Verbrauchern den Zugang zu hochwertigen, sicheren Produkten erschwert. Dar\u00fcber hinaus k\u00f6nnte die Stigmatisierung von Cannabis in der amerikanischen Gesellschaft es f\u00fcr Beh\u00f6rden und W\u00e4hler schwierig machen, die Legalisierung zu akzeptieren.<\/p>\n\n\n\n<h2 class=\"wp-block-heading\"><span id=\"les-avantages-potentiels-de-la-legalisation\">Die m\u00f6glichen Vorteile der Legalisierung<\/span><\/h2>\n\n\n\n<p>Trotz dieser Hindernisse k\u00f6nnte die Legalisierung von Cannabis und Cannabinoiden Verbrauchern und Unternehmern in den Vereinigten Staaten viele Vorteile bringen. Cannabinoidprodukte k\u00f6nnen bei der Behandlung von Erkrankungen wie chronischen Schmerzen, Angstzust\u00e4nden, Depressionen und Schlaflosigkeit helfen, was die Lebensqualit\u00e4t von Millionen Amerikanern verbessern kann. Dar\u00fcber hinaus k\u00f6nnte die Legalisierung Arbeitspl\u00e4tze im Cannabissektor schaffen und die lokale Wirtschaft ankurbeln.<\/p>\n\n\n\n<h2 class=\"wp-block-heading\"><span id=\"la-position-de-joe-biden\">Joe Bidens Haltung<\/span><\/h2>\n\n\n\n<p>Joe Bidens Position zur Legalisierung von Cannabis und Cannabinoiden ist komplex. Obwohl er die Legalisierung f\u00fcr medizinische Zwecke bef\u00fcrwortet, hat er sich nicht f\u00fcr die Legalisierung f\u00fcr Freizeitzwecke ausgesprochen. Allerdings hat seine Regierung bereits Schritte unternommen, um die Cannabinoidforschung zu erm\u00f6glichen, was ein positives Zeichen f\u00fcr Bef\u00fcrworter einer umfassenderen Legalisierung sein k\u00f6nnte.<\/p>\n\n\n\n<p>Dar\u00fcber hinaus brachte Joe Biden auch seine Unterst\u00fctzung f\u00fcr die L\u00f6schung von Strafregistern im Zusammenhang mit Cannabis zum Ausdruck, was Menschen, die zu Unrecht wegen Straftaten im Zusammenhang mit Cannabis verurteilt wurden, dabei helfen k\u00f6nnte, ihre Aufzeichnungen zu l\u00f6schen und eine Chance auf einen Neuanfang zu haben. Null.<\/p>\n\n\n\n<h2 class=\"wp-block-heading\"><span id=\"l8217hhc-un-nouvel-espoir-pour-les-consommateurs\">HHC: neue Hoffnung f\u00fcr Verbraucher<\/span><\/h2>\n\n\n\n<p>Zus\u00e4tzlich zur Legalisierung von Cannabis k\u00f6nnte der Eintritt von Joe Biden auf dem Cannabinoidmarkt in den Vereinigten Staaten dank des Aufkommens von HHC oder Delta-8-Tetrahydrocannabinol den Verbrauchern auch neue M\u00f6glichkeiten bieten.<\/p>\n\n\n\n<p>HHC ist ein aus Cannabis gewonnenes Cannabinoid, das \u00e4hnliche Wirkungen wie THC hat, aber in vielen Staaten, in denen Cannabis verboten ist, legal ist. Verbraucher k\u00f6nnen daher die Vorteile von HHC genie\u00dfen, ohne sich \u00fcber rechtliche Fragen im Zusammenhang mit Cannabis Gedanken machen zu m\u00fcssen.<\/p>\n\n\n\n<h2 class=\"wp-block-heading\"><span id=\"les-entrepreneurs-prets-a-saisir-les-opportunites\">Unternehmer, die bereit sind, Chancen zu ergreifen<\/span><\/h2>\n\n\n\n<p>Unternehmer auf dem Cannabinoidmarkt sind auch bereit, die Chancen zu nutzen, die sich durch die Markteinf\u00fchrung von Joe Biden ergeben. Viele Unternehmen arbeiten bereits an Produkten, die darauf basieren<a href=\"https:\/\/wikihhc.com\/france\/fleurs-hhc\/\"> von HHC wie Blumen <\/a>, und einige haben sogar begonnen, sich der Produktion von legalisiertem Cannabis f\u00fcr medizinische Zwecke zuzuwenden.<\/p>\n\n\n\n<h2 class=\"wp-block-heading\"><span id=\"conclusion-un-nouvel-espoir-pour-les-consommateurs-et-les-entrepreneurs\">Fazit: Neue Hoffnung f\u00fcr Verbraucher und Unternehmer<\/span><\/h2>\n\n\n\n<p>Die Ankunft von Joe Biden auf dem Cannabis- und Cannabinoidmarkt in den Vereinigten Staaten bietet Verbrauchern und Unternehmern neue Hoffnung. Obwohl Joe Bidens Position zur Legalisierung von Freizeit-Cannabis unklar ist, sind seine Aktionen zugunsten der Cannabinoid-Forschung und der L\u00f6schung von Strafregistern im Zusammenhang mit Cannabis ein positives Zeichen f\u00fcr Bef\u00fcrworter der Legalisierung. Viele Websites bieten Rabatte auf <a href=\"https:\/\/wikihhc.com\/site\/weecl\/code-promo-coupon-bon-de-reduction-weecl\/\">CBD und HHC m\u00f6gen Weecl mit Promo-Codes<\/a>.<\/p>\n\n\n\n<p>Dar\u00fcber hinaus bietet das Aufkommen von HHC neue M\u00f6glichkeiten f\u00fcr Verbraucher und Unternehmer, da Verbraucher die Vorteile von Cannabinoiden genie\u00dfen k\u00f6nnen, ohne sich mit den rechtlichen Problemen von Cannabis befassen zu m\u00fcssen.<\/p>\n\n\n\n<figure class=\"wp-block-embed is-type-video is-provider-youtube wp-block-embed-youtube wp-embed-aspect-16-9 wp-has-aspect-ratio\"><div class=\"wp-block-embed__wrapper\">\n<iframe loading=\"lazy\" title=\"USA: Joe Biden begnadigt Tausende Amerikaner, die wegen Besitzes von Marihuana verurteilt wurden\" width=\"640\" height=\"360\" src=\"https:\/\/www.youtube.com\/embed\/EmSpSXaJnlY?feature=oembed\" frameborder=\"0\" allow=\"accelerometer; autoplay; clipboard-write; encrypted-media; gyroscope; picture-in-picture; web-share\" allowfullscreen><\/iframe>\n<\/div><\/figure>\n<div id=\"toc_container\" class=\"no_bullets\"><p class=\"toc_title\">Inhaltsverzeichnis<\/p><ul class=\"toc_list\"><li><\/li><li><\/li><li><\/li><li><\/li><li><\/li><li><\/li><li><\/li><li><\/li><\/ul><\/div>","protected":false},"excerpt":{"rendered":"<p>L&#8217;arriv\u00e9e de Joe Biden sur le march\u00e9 du cannabis et de l&#8217;HHC aux \u00c9tats-Unis : Un nouvel espoir pour les consommateurs et les entrepreneurs Le march\u00e9 du cannabis et des cannabino\u00efdes comme HHC a connu une croissance explosive aux \u00c9tats-Unis ces derni\u00e8res ann\u00e9es . De plus en plus d&#8217;\u00c9tats l\u00e9galisent l&#8217;usage r\u00e9cr\u00e9atif ou th\u00e9rapeutique du &#8230;<\/p>","protected":false},"author":1,"featured_media":1955,"parent":0,"menu_order":0,"comment_status":"closed","ping_status":"closed","template":"page-nosidebar.php","meta":{"footnotes":""},"yoast_head":"<!-- This site is optimized with the Yoast SEO Premium plugin v21.0 (Yoast SEO v21.0) - https:\/\/yoast.com\/wordpress\/plugins\/seo\/ -->\n<title>Joe Biden et le march\u00e9 du Cannabis, HHC - Finale Coupe du Monde FIFA<\/title>\n<meta name=\"robots\" content=\"index, follow, max-snippet:-1, max-image-preview:large, max-video-preview:-1\" \/>\n<link rel=\"canonical\" href=\"https:\/\/parier-presidentielle.com\/de\/joe-biden-cannabis-hhc\/\" \/>\n<meta property=\"og:locale\" content=\"de_DE\" \/>\n<meta property=\"og:type\" content=\"article\" \/>\n<meta property=\"og:title\" content=\"Joe Biden et le march\u00e9 du Cannabis, HHC\" \/>\n<meta property=\"og:description\" content=\"L&#8217;arriv\u00e9e de Joe Biden sur le march\u00e9 du cannabis et de l&#8217;HHC aux \u00c9tats-Unis : Un nouvel espoir pour les consommateurs et les entrepreneurs Le march\u00e9 du cannabis et des cannabino\u00efdes comme HHC a connu une croissance explosive aux \u00c9tats-Unis ces derni\u00e8res ann\u00e9es . De plus en plus d&#8217;\u00c9tats l\u00e9galisent l&#8217;usage r\u00e9cr\u00e9atif ou th\u00e9rapeutique du ...\" \/>\n<meta property=\"og:url\" content=\"https:\/\/parier-presidentielle.com\/de\/joe-biden-cannabis-hhc\/\" \/>\n<meta property=\"og:site_name\" content=\"Parier Pr\u00e9sidentielle\" \/>\n<meta property=\"article:modified_time\" content=\"2023-06-02T09:23:14+00:00\" \/>\n<meta property=\"og:image\" content=\"https:\/\/parier-presidentielle.com\/wp-content\/uploads\/2023\/03\/joe-biden-hhc-1-scaled.jpg\" \/>\n\t<meta property=\"og:image:width\" content=\"2560\" \/>\n\t<meta property=\"og:image:height\" content=\"1440\" \/>\n\t<meta property=\"og:image:type\" content=\"image\/jpeg\" \/>\n<meta name=\"twitter:card\" content=\"summary_large_image\" \/>\n<meta name=\"twitter:label1\" content=\"Gesch\u00e4tzte Lesezeit\" \/>\n\t<meta name=\"twitter:data1\" content=\"4 Minuten\" \/>\n<script type=\"application\/ld+json\" class=\"yoast-schema-graph\">{\"@context\":\"https:\/\/schema.org\",\"@graph\":[{\"@type\":\"WebPage\",\"@id\":\"https:\/\/parier-presidentielle.com\/joe-biden-cannabis-hhc\/\",\"url\":\"https:\/\/parier-presidentielle.com\/joe-biden-cannabis-hhc\/\",\"name\":\"Joe Biden et le march\u00e9 du Cannabis, HHC - Finale Coupe du Monde FIFA\",\"isPartOf\":{\"@id\":\"https:\/\/parier-presidentielle.com\/#website\"},\"datePublished\":\"2023-03-20T15:35:45+00:00\",\"dateModified\":\"2023-06-02T09:23:14+00:00\",\"breadcrumb\":{\"@id\":\"https:\/\/parier-presidentielle.com\/joe-biden-cannabis-hhc\/#breadcrumb\"},\"inLanguage\":\"de-DE\",\"potentialAction\":[{\"@type\":\"ReadAction\",\"target\":[\"https:\/\/parier-presidentielle.com\/joe-biden-cannabis-hhc\/\"]}]},{\"@type\":\"BreadcrumbList\",\"@id\":\"https:\/\/parier-presidentielle.com\/joe-biden-cannabis-hhc\/#breadcrumb\",\"itemListElement\":[{\"@type\":\"ListItem\",\"position\":1,\"name\":\"Accueil\",\"item\":\"https:\/\/parier-presidentielle.com\/\"},{\"@type\":\"ListItem\",\"position\":2,\"name\":\"Joe Biden et le march\u00e9 du Cannabis, HHC\"}]},{\"@type\":\"WebSite\",\"@id\":\"https:\/\/parier-presidentielle.com\/#website\",\"url\":\"https:\/\/parier-presidentielle.com\/\",\"name\":\"Parier Pr\u00e9sidentielle\",\"description\":\"Paris, Pronostics, Wiki sur la Politique, les Elections Am\u00e9ricaines: Joe Biden, Donald Trump avec les Bookmakers en ligne Unibet, Bwin, Betclic, Winamax\",\"potentialAction\":[{\"@type\":\"SearchAction\",\"target\":{\"@type\":\"EntryPoint\",\"urlTemplate\":\"https:\/\/parier-presidentielle.com\/?s={search_term_string}\"},\"query-input\":\"required name=search_term_string\"}],\"inLanguage\":\"de-DE\"}]}<\/script>\n<!-- \/ Yoast SEO Premium plugin. -->","yoast_head_json":{"title":"Joe Biden et le march\u00e9 du Cannabis, HHC - Finale Coupe du Monde FIFA","robots":{"index":"index","follow":"follow","max-snippet":"max-snippet:-1","max-image-preview":"max-image-preview:large","max-video-preview":"max-video-preview:-1"},"canonical":"https:\/\/parier-presidentielle.com\/de\/joe-biden-cannabis-hhc\/","og_locale":"de_DE","og_type":"article","og_title":"Joe Biden et le march\u00e9 du Cannabis, HHC","og_description":"L&#8217;arriv\u00e9e de Joe Biden sur le march\u00e9 du cannabis et de l&#8217;HHC aux \u00c9tats-Unis : Un nouvel espoir pour les consommateurs et les entrepreneurs Le march\u00e9 du cannabis et des cannabino\u00efdes comme HHC a connu une croissance explosive aux \u00c9tats-Unis ces derni\u00e8res ann\u00e9es . De plus en plus d&#8217;\u00c9tats l\u00e9galisent l&#8217;usage r\u00e9cr\u00e9atif ou th\u00e9rapeutique du ...","og_url":"https:\/\/parier-presidentielle.com\/de\/joe-biden-cannabis-hhc\/","og_site_name":"Parier Pr\u00e9sidentielle","article_modified_time":"2023-06-02T09:23:14+00:00","og_image":[{"width":2560,"height":1440,"url":"https:\/\/parier-presidentielle.com\/wp-content\/uploads\/2023\/03\/joe-biden-hhc-1-scaled.jpg","type":"image\/jpeg"}],"twitter_card":"summary_large_image","twitter_misc":{"Gesch\u00e4tzte Lesezeit":"4 Minuten"},"schema":{"@context":"https:\/\/schema.org","@graph":[{"@type":"WebPage","@id":"https:\/\/parier-presidentielle.com\/joe-biden-cannabis-hhc\/","url":"https:\/\/parier-presidentielle.com\/joe-biden-cannabis-hhc\/","name":"Joe Biden et le march\u00e9 du Cannabis, HHC - Finale Coupe du Monde FIFA","isPartOf":{"@id":"https:\/\/parier-presidentielle.com\/#website"},"datePublished":"2023-03-20T15:35:45+00:00","dateModified":"2023-06-02T09:23:14+00:00","breadcrumb":{"@id":"https:\/\/parier-presidentielle.com\/joe-biden-cannabis-hhc\/#breadcrumb"},"inLanguage":"de-DE","potentialAction":[{"@type":"ReadAction","target":["https:\/\/parier-presidentielle.com\/joe-biden-cannabis-hhc\/"]}]},{"@type":"BreadcrumbList","@id":"https:\/\/parier-presidentielle.com\/joe-biden-cannabis-hhc\/#breadcrumb","itemListElement":[{"@type":"ListItem","position":1,"name":"Accueil","item":"https:\/\/parier-presidentielle.com\/"},{"@type":"ListItem","position":2,"name":"Joe Biden et le march\u00e9 du Cannabis, HHC"}]},{"@type":"WebSite","@id":"https:\/\/parier-presidentielle.com\/#website","url":"https:\/\/parier-presidentielle.com\/","name":"Parier Pr\u00e9sidentielle","description":"Paris, Pronostics, Wiki sur la Politique, les Elections Am\u00e9ricaines: Joe Biden, Donald Trump avec les Bookmakers en ligne Unibet, Bwin, Betclic, Winamax","potentialAction":[{"@type":"SearchAction","target":{"@type":"EntryPoint","urlTemplate":"https:\/\/parier-presidentielle.com\/?s={search_term_string}"},"query-input":"required name=search_term_string"}],"inLanguage":"de-DE"}]}},"_links":{"self":[{"href":"https:\/\/parier-presidentielle.com\/de\/wp-json\/wp\/v2\/pages\/1946"}],"collection":[{"href":"https:\/\/parier-presidentielle.com\/de\/wp-json\/wp\/v2\/pages"}],"about":[{"href":"https:\/\/parier-presidentielle.com\/de\/wp-json\/wp\/v2\/types\/page"}],"author":[{"embeddable":true,"href":"https:\/\/parier-presidentielle.com\/de\/wp-json\/wp\/v2\/users\/1"}],"replies":[{"embeddable":true,"href":"https:\/\/parier-presidentielle.com\/de\/wp-json\/wp\/v2\/comments?post=1946"}],"version-history":[{"count":5,"href":"https:\/\/parier-presidentielle.com\/de\/wp-json\/wp\/v2\/pages\/1946\/revisions"}],"predecessor-version":[{"id":2000,"href":"https:\/\/parier-presidentielle.com\/de\/wp-json\/wp\/v2\/pages\/1946\/revisions\/2000"}],"wp:featuredmedia":[{"embeddable":true,"href":"https:\/\/parier-presidentielle.com\/de\/wp-json\/wp\/v2\/media\/1955"}],"wp:attachment":[{"href":"https:\/\/parier-presidentielle.com\/de\/wp-json\/wp\/v2\/media?parent=1946"}],"curies":[{"name":"wp","href":"https:\/\/api.w.org\/{rel}","templated":true}]}}