{"id":1956,"date":"2023-03-20T17:03:39","date_gmt":"2023-03-20T16:03:39","guid":{"rendered":"https:\/\/parier-presidentielle.com\/?page_id=1956"},"modified":"2023-06-02T11:27:55","modified_gmt":"2023-06-02T09:27:55","slug":"donald-trump-sur-le-marche-du-cannabis-et-du-hhc","status":"publish","type":"page","link":"https:\/\/parier-presidentielle.com\/de\/donald-trump-auf-dem-cannabis-und-hhc-markt\/","title":{"rendered":"Die Auswirkungen von Donald Trump auf den Cannabis- und HHC-Markt"},"content":{"rendered":"<p>Seit der Amtseinf\u00fchrung von Donald Trump als Pr\u00e4sident der Vereinigten Staaten im Jahr 2016 ist die Cannabis- und Cannabisindustrie <a href=\"https:\/\/wikihhc.com\/en\/\" target=\"_blank\" rel=\"noreferrer noopener\">HHC<\/a> (aus Hanf gewonnenes Cannabinoid) hat sich st\u00e4ndig weiterentwickelt. Die Aussagen und umgesetzten Richtlinien des Pr\u00e4sidenten hatten erhebliche Auswirkungen auf diesen wachsenden Markt. In diesem Artikel werden wir wichtige Entscheidungen von Trump untersuchen und untersuchen, wie sie die Zukunft der Cannabis- und HHC-Industrie beeinflussen. Viele Websites bieten Rabatte auf <a href=\"https:\/\/wikihhc.com\/site\/weecl\/code-promo-coupon-bon-de-reduction-weecl\/\">CBD und HHC m\u00f6gen Weecl mit Promo-Codes<\/a>.<\/p>\n\n\n\n<h2 class=\"wp-block-heading\"><span id=\"la-position-initiale-de-trump-sur-le-cannabis\">Trumps anf\u00e4ngliche Haltung zu Cannabis<\/span><\/h2>\n\n\n\n<p>W\u00e4hrend seines Wahlkampfs 2016 vertrat Donald Trump eine eher vage Position zum Thema Cannabis. Er sagte, das Problem sollte von den einzelnen Staaten gel\u00f6st werden und er sei nicht gegen die medizinische Verwendung von Cannabis. Allerdings \u00e4u\u00dferte er auch Bedenken hinsichtlich der Zunahme des Cannabiskonsums unter jungen Menschen und der m\u00f6glichen negativen Auswirkungen auf die \u00f6ffentliche Gesundheit.<\/p>\n\n\n\n<h2 class=\"wp-block-heading\"><span id=\"la-nomination-de-jeff-sessions\">Die Nominierung von Jeff Sessions<\/span><\/h2>\n\n\n\n<p>Eine von Trumps ersten Entscheidungen in Bezug auf Cannabis war die Ernennung von Jeff Sessions zum Generalstaatsanwalt. Sessions war bekannt f\u00fcr seinen entschiedenen Widerstand gegen Cannabis und f\u00fcr seine Haltung, dass Cannabis \u201egef\u00e4hrlich\u201c sei und \u201eum jeden Preis gemieden\u201c werden sollte. Diese Ernennung sorgte in der Cannabis- und HHC-Industrie f\u00fcr Besorgnis und viele bef\u00fcrchteten, dass dies zu verst\u00e4rkten Razzien gegen Cannabisunternehmen f\u00fchren w\u00fcrde.<\/p>\n\n\n\n<h2 class=\"wp-block-heading\"><span id=\"le-rescrit-de-cole\">Coles Drehbuch<\/span><\/h2>\n\n\n\n<p>Eine weitere wichtige Entscheidung von Trump war die Aufhebung des Cole-Urteils im Jahr 2018. Das Urteil wurde 2013 von der Obama-Regierung erlassen, um Bundesanw\u00e4lten Leitlinien f\u00fcr den Umgang mit Cannabisgesetzen in Staaten zu geben, die Cannabis f\u00fcr medizinische und Freizeitzwecke legalisiert hatten . Die Aufhebung dieses Urteils wurde als gro\u00dfer R\u00fcckschlag f\u00fcr die Cannabis- und HHC-Industrie angesehen und l\u00f6ste Bedenken hinsichtlich einer verst\u00e4rkten Durchsetzung von Cannabis auf Bundesebene aus.<\/p>\n\n\n\n<h2 class=\"wp-block-heading\"><span id=\"le-farm-bill-de-2018\">Das Landwirtschaftsgesetz 2018<\/span><\/h2>\n\n\n\n<p>Trotz R\u00fcckschl\u00e4gen konnte die HHC-Branche 2018 mit dem Farm Bill einen bedeutenden Erfolg verzeichnen. Dieses Gesetz legalisierte landesweit den Anbau, die Produktion und den Verkauf von Industriehanf, definiert als Cannabis mit weniger als 0,3 % THC. Der Schritt wurde von der HHC-Industrie begr\u00fc\u00dft, die seit langem versucht hatte, den Hanfanbau f\u00fcr ihre CBD-Produktion zu legalisieren.<\/p>\n\n\n\n<h2 class=\"wp-block-heading\"><span id=\"la-pandemie-de-covid-19\">Die COVID-19-Pandemie<\/span><\/h2>\n\n\n\n<p>Die COVID-19-Pandemie hatte auch erhebliche Auswirkungen auf die Cannabis- und HHC-Industrie. Da es sich um einen lebenswichtigen Sektor handelt, haben viele Cannabis-Apotheken und -Unternehmen trotz Gesch\u00e4ftsschlie\u00dfungen in anderen Sektoren ihren Betrieb weitergef\u00fchrt. Allerdings hat die Pandemie auch zu einem R\u00fcckgang der Nachfrage nach Cannabisprodukten, insbesondere bei Verbrauchern, gef\u00fchrt.<\/p>\n\n\n\n<p>Freizeitbegeisterte. Reisebeschr\u00e4nkungen haben sich auch auf die Lieferketten der Cannabis- und HHC-Industrie ausgewirkt und zu Unterbrechungen bei Produktion und Vertrieb gef\u00fchrt.<\/p>\n\n\n\n<h2 class=\"wp-block-heading\"><span id=\"l8217avenir-de-l8217industrie-du-cannabis-et-du-hhc-sous-l8217administration-biden\">Die Zukunft der Cannabis- und HHC-Industrie unter der Biden-Regierung<\/span><\/h2>\n\n\n\n<p>Mit der Amtseinf\u00fchrung von Joe Biden im Januar 2021 <a href=\"https:\/\/wikihhc.com\/site\/\">die Cannabis- und HHC-Industrie <\/a>freute sich auf einen Richtungswechsel gegen\u00fcber der unter der Trump-Administration umgesetzten Politik. Biden hat seine Unterst\u00fctzung f\u00fcr die Legalisierung der medizinischen Verwendung von Cannabis und die Abschaffung der obligatorischen Verurteilung von Cannabisverbrechen zum Ausdruck gebracht. Er sagte jedoch auch, dass er die derzeitige Einstufung von Cannabis als Substanz der Liste I unterst\u00fctzen w\u00fcrde, was bedeutet, dass davon ausgegangen wird, dass Cannabis ein hohes Missbrauchspotenzial aufweist und keine g\u00fcltige medizinische Verwendung darstellt.<\/p>\n\n\n\n<p>Trotz der Unsicherheit \u00fcber die Zukunft der Cannabis- und HHC-Industrie unter der Biden-Regierung entwickelt sich die Branche st\u00e4ndig weiter und w\u00e4chst weiter. Staaten legalisieren weiterhin Cannabis f\u00fcr medizinische Zwecke und Freizeitzwecke, und es werden neue HHC-Unternehmen gegr\u00fcndet, um der wachsenden Nachfrage nach CBD-Produkten gerecht zu werden. Die Cannabis- und HHC-Industrie bleibt ein wachsender Sektor mit vielen M\u00f6glichkeiten f\u00fcr Unternehmer und Investoren.<\/p>\n\n\n\n<p>Zusammenfassend l\u00e4sst sich sagen, dass Donald Trumps Einfluss auf die Cannabis- und HHC-Industrie erheblich war, es bestehen jedoch weiterhin Unsicherheiten hinsichtlich der Zukunft dieser Branche unter der Biden-Regierung. Dennoch w\u00e4chst und entwickelt sich die Branche weiter und bietet zahlreiche M\u00f6glichkeiten f\u00fcr Unternehmen und Investoren.<\/p>\n\n\n\n<p><\/p>\n\n\n\n<figure class=\"wp-block-embed is-type-video is-provider-youtube wp-block-embed-youtube wp-embed-aspect-16-9 wp-has-aspect-ratio\"><div class=\"wp-block-embed__wrapper\">\n<iframe loading=\"lazy\" title=\"Trumps Sieg: Auf dem Weg zum Ende der Cannabisprohibition? -RTL-RTL\" width=\"640\" height=\"360\" src=\"https:\/\/www.youtube.com\/embed\/j5oDI7O_byY?feature=oembed\" frameborder=\"0\" allow=\"accelerometer; autoplay; clipboard-write; encrypted-media; gyroscope; picture-in-picture; web-share\" allowfullscreen><\/iframe>\n<\/div><\/figure>\n\n\n\n<p>H\u00e4ufig gestellte Fragen:<\/p>\n\n\n\n<ol>\n<li>Was ist HHC? HHC (aus Hanf gewonnenes Cannabinoid) ist eine Cannabinoidverbindung, die aus Industriehanf gewonnen wird und weniger als 0,3 % THC enth\u00e4lt.<\/li>\n\n\n\n<li>Welche US-Bundesstaaten haben Cannabis legalisiert? Bis heute haben 36 US-Bundesstaaten Cannabis f\u00fcr medizinische Zwecke und 15 Bundesstaaten Cannabis f\u00fcr den Freizeitgebrauch legalisiert.<\/li>\n\n\n\n<li>Welche Auswirkungen hat die Einstufung von Cannabis als Substanz der Liste I? Die Einstufung von Cannabis als Substanz der Liste I bedeutet, dass davon ausgegangen wird, dass Cannabis ein hohes Missbrauchspotenzial und keine g\u00fcltige medizinische Verwendung aufweist, was es f\u00fcr Forscher schwierig macht, Studien zu seinen medizinischen Eigenschaften durchzuf\u00fchren.<\/li>\n\n\n\n<li>Welche St\u00f6rungen der Cannabisproduktion wurden durch die COVID-19-Pandemie verursacht? Die COVID-19-Pandemie hat zu St\u00f6rungen in den Lieferketten der Cannabis- und HHC-Industrie gef\u00fchrt, was zu Verz\u00f6gerungen bei Produktion und Vertrieb f\u00fchrte.<\/li>\n<\/ol>\n<div id=\"toc_container\" class=\"no_bullets\"><p class=\"toc_title\">Inhaltsverzeichnis<\/p><ul class=\"toc_list\"><li><\/li><li><\/li><li><\/li><li><\/li><li><\/li><li><\/li><\/ul><\/div>","protected":false},"excerpt":{"rendered":"<p>Depuis l&#8217;investiture de Donald Trump \u00e0 la pr\u00e9sidence des \u00c9tats-Unis en 2016, l&#8217;industrie du cannabis et du HHC (Hemp-derived Cannabinoid) a \u00e9t\u00e9 en constante \u00e9volution. Les d\u00e9clarations du pr\u00e9sident et les politiques mises en place ont eu un impact significatif sur ce march\u00e9 en pleine expansion. Dans cet article, nous allons explorer les d\u00e9cisions cl\u00e9s &#8230;<\/p>","protected":false},"author":1,"featured_media":1959,"parent":0,"menu_order":0,"comment_status":"closed","ping_status":"closed","template":"page-nosidebar.php","meta":{"footnotes":""},"yoast_head":"<!-- This site is optimized with the Yoast SEO Premium plugin v21.0 (Yoast SEO v21.0) - https:\/\/yoast.com\/wordpress\/plugins\/seo\/ -->\n<title>L&#039;impact de Donald Trump sur le march\u00e9 du Cannabis et du HHC - Finale Coupe du Monde FIFA<\/title>\n<meta name=\"robots\" content=\"index, follow, max-snippet:-1, max-image-preview:large, max-video-preview:-1\" \/>\n<link rel=\"canonical\" href=\"https:\/\/parier-presidentielle.com\/de\/donald-trump-auf-dem-cannabis-und-hhc-markt\/\" \/>\n<meta property=\"og:locale\" content=\"de_DE\" \/>\n<meta property=\"og:type\" content=\"article\" \/>\n<meta property=\"og:title\" content=\"L&#039;impact de Donald Trump sur le march\u00e9 du Cannabis et du HHC\" \/>\n<meta property=\"og:description\" content=\"Depuis l&#8217;investiture de Donald Trump \u00e0 la pr\u00e9sidence des \u00c9tats-Unis en 2016, l&#8217;industrie du cannabis et du HHC (Hemp-derived Cannabinoid) a \u00e9t\u00e9 en constante \u00e9volution. Les d\u00e9clarations du pr\u00e9sident et les politiques mises en place ont eu un impact significatif sur ce march\u00e9 en pleine expansion. Dans cet article, nous allons explorer les d\u00e9cisions cl\u00e9s ...\" \/>\n<meta property=\"og:url\" content=\"https:\/\/parier-presidentielle.com\/de\/donald-trump-auf-dem-cannabis-und-hhc-markt\/\" \/>\n<meta property=\"og:site_name\" content=\"Parier Pr\u00e9sidentielle\" \/>\n<meta property=\"article:modified_time\" content=\"2023-06-02T09:27:55+00:00\" \/>\n<meta property=\"og:image\" content=\"https:\/\/parier-presidentielle.com\/wp-content\/uploads\/2023\/03\/donald-trump-hhc-scaled.jpg\" \/>\n\t<meta property=\"og:image:width\" content=\"2560\" \/>\n\t<meta property=\"og:image:height\" content=\"1440\" \/>\n\t<meta property=\"og:image:type\" content=\"image\/jpeg\" \/>\n<meta name=\"twitter:card\" content=\"summary_large_image\" \/>\n<meta name=\"twitter:label1\" content=\"Gesch\u00e4tzte Lesezeit\" \/>\n\t<meta name=\"twitter:data1\" content=\"5 Minuten\" \/>\n<script type=\"application\/ld+json\" class=\"yoast-schema-graph\">{\"@context\":\"https:\/\/schema.org\",\"@graph\":[{\"@type\":\"WebPage\",\"@id\":\"https:\/\/parier-presidentielle.com\/donald-trump-sur-le-marche-du-cannabis-et-du-hhc\/\",\"url\":\"https:\/\/parier-presidentielle.com\/donald-trump-sur-le-marche-du-cannabis-et-du-hhc\/\",\"name\":\"L'impact de Donald Trump sur le march\u00e9 du Cannabis et du HHC - Finale Coupe du Monde FIFA\",\"isPartOf\":{\"@id\":\"https:\/\/parier-presidentielle.com\/#website\"},\"datePublished\":\"2023-03-20T16:03:39+00:00\",\"dateModified\":\"2023-06-02T09:27:55+00:00\",\"breadcrumb\":{\"@id\":\"https:\/\/parier-presidentielle.com\/donald-trump-sur-le-marche-du-cannabis-et-du-hhc\/#breadcrumb\"},\"inLanguage\":\"de-DE\",\"potentialAction\":[{\"@type\":\"ReadAction\",\"target\":[\"https:\/\/parier-presidentielle.com\/donald-trump-sur-le-marche-du-cannabis-et-du-hhc\/\"]}]},{\"@type\":\"BreadcrumbList\",\"@id\":\"https:\/\/parier-presidentielle.com\/donald-trump-sur-le-marche-du-cannabis-et-du-hhc\/#breadcrumb\",\"itemListElement\":[{\"@type\":\"ListItem\",\"position\":1,\"name\":\"Accueil\",\"item\":\"https:\/\/parier-presidentielle.com\/\"},{\"@type\":\"ListItem\",\"position\":2,\"name\":\"L&#8217;impact de Donald Trump sur le march\u00e9 du Cannabis et du HHC\"}]},{\"@type\":\"WebSite\",\"@id\":\"https:\/\/parier-presidentielle.com\/#website\",\"url\":\"https:\/\/parier-presidentielle.com\/\",\"name\":\"Parier Pr\u00e9sidentielle\",\"description\":\"Paris, Pronostics, Wiki sur la Politique, les Elections Am\u00e9ricaines: Joe Biden, Donald Trump avec les Bookmakers en ligne Unibet, Bwin, Betclic, Winamax\",\"potentialAction\":[{\"@type\":\"SearchAction\",\"target\":{\"@type\":\"EntryPoint\",\"urlTemplate\":\"https:\/\/parier-presidentielle.com\/?s={search_term_string}\"},\"query-input\":\"required name=search_term_string\"}],\"inLanguage\":\"de-DE\"}]}<\/script>\n<!-- \/ Yoast SEO Premium plugin. -->","yoast_head_json":{"title":"L'impact de Donald Trump sur le march\u00e9 du Cannabis et du HHC - Finale Coupe du Monde FIFA","robots":{"index":"index","follow":"follow","max-snippet":"max-snippet:-1","max-image-preview":"max-image-preview:large","max-video-preview":"max-video-preview:-1"},"canonical":"https:\/\/parier-presidentielle.com\/de\/donald-trump-auf-dem-cannabis-und-hhc-markt\/","og_locale":"de_DE","og_type":"article","og_title":"L'impact de Donald Trump sur le march\u00e9 du Cannabis et du HHC","og_description":"Depuis l&#8217;investiture de Donald Trump \u00e0 la pr\u00e9sidence des \u00c9tats-Unis en 2016, l&#8217;industrie du cannabis et du HHC (Hemp-derived Cannabinoid) a \u00e9t\u00e9 en constante \u00e9volution. Les d\u00e9clarations du pr\u00e9sident et les politiques mises en place ont eu un impact significatif sur ce march\u00e9 en pleine expansion. Dans cet article, nous allons explorer les d\u00e9cisions cl\u00e9s ...","og_url":"https:\/\/parier-presidentielle.com\/de\/donald-trump-auf-dem-cannabis-und-hhc-markt\/","og_site_name":"Parier Pr\u00e9sidentielle","article_modified_time":"2023-06-02T09:27:55+00:00","og_image":[{"width":2560,"height":1440,"url":"https:\/\/parier-presidentielle.com\/wp-content\/uploads\/2023\/03\/donald-trump-hhc-scaled.jpg","type":"image\/jpeg"}],"twitter_card":"summary_large_image","twitter_misc":{"Gesch\u00e4tzte Lesezeit":"5 Minuten"},"schema":{"@context":"https:\/\/schema.org","@graph":[{"@type":"WebPage","@id":"https:\/\/parier-presidentielle.com\/donald-trump-sur-le-marche-du-cannabis-et-du-hhc\/","url":"https:\/\/parier-presidentielle.com\/donald-trump-sur-le-marche-du-cannabis-et-du-hhc\/","name":"L'impact de Donald Trump sur le march\u00e9 du Cannabis et du HHC - Finale Coupe du Monde FIFA","isPartOf":{"@id":"https:\/\/parier-presidentielle.com\/#website"},"datePublished":"2023-03-20T16:03:39+00:00","dateModified":"2023-06-02T09:27:55+00:00","breadcrumb":{"@id":"https:\/\/parier-presidentielle.com\/donald-trump-sur-le-marche-du-cannabis-et-du-hhc\/#breadcrumb"},"inLanguage":"de-DE","potentialAction":[{"@type":"ReadAction","target":["https:\/\/parier-presidentielle.com\/donald-trump-sur-le-marche-du-cannabis-et-du-hhc\/"]}]},{"@type":"BreadcrumbList","@id":"https:\/\/parier-presidentielle.com\/donald-trump-sur-le-marche-du-cannabis-et-du-hhc\/#breadcrumb","itemListElement":[{"@type":"ListItem","position":1,"name":"Accueil","item":"https:\/\/parier-presidentielle.com\/"},{"@type":"ListItem","position":2,"name":"L&#8217;impact de Donald Trump sur le march\u00e9 du Cannabis et du HHC"}]},{"@type":"WebSite","@id":"https:\/\/parier-presidentielle.com\/#website","url":"https:\/\/parier-presidentielle.com\/","name":"Parier Pr\u00e9sidentielle","description":"Paris, Pronostics, Wiki sur la Politique, les Elections Am\u00e9ricaines: Joe Biden, Donald Trump avec les Bookmakers en ligne Unibet, Bwin, Betclic, Winamax","potentialAction":[{"@type":"SearchAction","target":{"@type":"EntryPoint","urlTemplate":"https:\/\/parier-presidentielle.com\/?s={search_term_string}"},"query-input":"required name=search_term_string"}],"inLanguage":"de-DE"}]}},"_links":{"self":[{"href":"https:\/\/parier-presidentielle.com\/de\/wp-json\/wp\/v2\/pages\/1956"}],"collection":[{"href":"https:\/\/parier-presidentielle.com\/de\/wp-json\/wp\/v2\/pages"}],"about":[{"href":"https:\/\/parier-presidentielle.com\/de\/wp-json\/wp\/v2\/types\/page"}],"author":[{"embeddable":true,"href":"https:\/\/parier-presidentielle.com\/de\/wp-json\/wp\/v2\/users\/1"}],"replies":[{"embeddable":true,"href":"https:\/\/parier-presidentielle.com\/de\/wp-json\/wp\/v2\/comments?post=1956"}],"version-history":[{"count":4,"href":"https:\/\/parier-presidentielle.com\/de\/wp-json\/wp\/v2\/pages\/1956\/revisions"}],"predecessor-version":[{"id":2001,"href":"https:\/\/parier-presidentielle.com\/de\/wp-json\/wp\/v2\/pages\/1956\/revisions\/2001"}],"wp:featuredmedia":[{"embeddable":true,"href":"https:\/\/parier-presidentielle.com\/de\/wp-json\/wp\/v2\/media\/1959"}],"wp:attachment":[{"href":"https:\/\/parier-presidentielle.com\/de\/wp-json\/wp\/v2\/media?parent=1956"}],"curies":[{"name":"wp","href":"https:\/\/api.w.org\/{rel}","templated":true}]}}