{"id":1962,"date":"2023-03-20T17:10:50","date_gmt":"2023-03-20T16:10:50","guid":{"rendered":"https:\/\/parier-presidentielle.com\/?page_id=1962"},"modified":"2023-06-02T11:27:56","modified_gmt":"2023-06-02T09:27:56","slug":"vladimir-poutine-quelle-avis-sur-le-marche-du-cannabis-et-hhc","status":"publish","type":"page","link":"https:\/\/parier-presidentielle.com\/de\/vladimir-putin-welche-meinung-zum-cannabismarkt-und-hhc\/","title":{"rendered":"Wladimir Putin, welche Meinung zum Cannabis- und HHC-Markt?"},"content":{"rendered":"<p>Der Cannabismarkt in <a href=\"https:\/\/wikihhc.com\/france\/fleurs-hhc\/ou-trouver-fleurs-hhc-france-guide\/\">hhc<\/a>  boomt und weckt das Interesse wichtiger F\u00fchrungskr\u00e4fte auf der ganzen Welt. Einer dieser Anf\u00fchrer ist Wladimir Putin, der russische Pr\u00e4sident, der k\u00fcrzlich seine Unterst\u00fctzung f\u00fcr die Legalisierung der Verwendung von Cannabis f\u00fcr medizinische und industrielle Zwecke zum Ausdruck gebracht hat.<\/p>\n\n\n\n<h2 class=\"wp-block-heading\"><span id=\"le-passe-controverse-de-poutine-avec-le-cannabis\">Putins umstrittene Geschichte mit Cannabis<\/span><\/h2>\n\n\n\n<p>Bevor wir in diese Debatte einsteigen, ist es wichtig, sich an Putins kontroverse Vergangenheit in Bezug auf Cannabis zu erinnern, wie bereits erw\u00e4hnt <a href=\"https:\/\/wikihhc.com\/guide\/hhc\/\">Wikipedia<\/a>. Im Jahr 2006 begann Russland einen Krieg gegen Drogen, in dem Putin eine wichtige Rolle spielte. Dies f\u00fchrte zu einer verst\u00e4rkten Unterdr\u00fcckung des Drogenkonsums, einschlie\u00dflich Cannabis, und zur Inhaftierung Tausender Menschen.<\/p>\n\n\n\n<p>Es scheint jedoch, dass sich Putins Ansichten zu diesem Thema im Laufe der Zeit weiterentwickelt haben. Im Jahr 2019 sagte er, Russland solle dem Beispiel einiger US-Bundesstaaten folgen und Cannabis f\u00fcr medizinische und industrielle Zwecke legalisieren. Dieser Erkl\u00e4rung folgte eine Gesetzgebung zugunsten des Anbaus von Industriehanf. Viele Websites bieten Rabatte auf <a href=\"https:\/\/wikihhc.com\/site\/weecl\/code-promo-coupon-bon-de-reduction-weecl\/\">CBD und HHC m\u00f6gen Weecl mit Promo-Codes<\/a>.<\/p>\n\n\n\n<h2 class=\"wp-block-heading\"><span id=\"le-soutien-de-poutine-a-l8217utilisation-medicale-du-cannabis\">Putins Unterst\u00fctzung f\u00fcr die medizinische Verwendung von Cannabis<\/span><\/h2>\n\n\n\n<p>Zuletzt, im Januar 2022, erkl\u00e4rte Putin, dass er die medizinische Verwendung von Cannabis unterst\u00fctze und wies die russische Regierung an, Vorschl\u00e4ge zur Regulierung der Verwendung von Cannabis f\u00fcr medizinische Zwecke auszuarbeiten. Diese Entscheidung wurde von den Bef\u00fcrwortern der Legalisierung von Cannabis in Russland positiv aufgenommen und l\u00f6ste eine Debatte zu diesem Thema aus.<\/p>\n\n\n\n<p>Putin \u00e4u\u00dferte auch seine Unterst\u00fctzung f\u00fcr die Produktion von <a href=\"https:\/\/wikihhc.com\"> Produkt mit HHC<\/a> (Hydriertes Cannabis\u00f6l), eine Form von Cannabis, die medizinische und industrielle Anwendungen hat. Er forderte eine Steigerung der Produktion des Stoffes in Russland und sagte, er habe ein erhebliches wirtschaftliches Potenzial.<\/p>\n\n\n\n<h2 class=\"wp-block-heading\"><span id=\"les-defis-de-la-legalisation-du-cannabis-en-russie\">Die Herausforderungen der Legalisierung von Cannabis in Russland<\/span><\/h2>\n\n\n\n<p>Allerdings ist die Legalisierung von Cannabis f\u00fcr medizinische und industrielle Zwecke in Russland nicht ohne Herausforderungen. Die aktuellen russischen Drogengesetze sind sehr streng und der Konsum von Cannabis ist illegal. Dar\u00fcber hinaus ist Russland Unterzeichner mehrerer internationaler Drogen\u00fcbereinkommen, die den Konsum und die Herstellung von Drogen, einschlie\u00dflich Cannabis, verbieten.<\/p>\n\n\n\n<p>Das bedeutet, dass alle Gesetze zugunsten der Legalisierung von Cannabis sorgf\u00e4ltig ausgearbeitet und so umgesetzt werden sollten, dass internationale Konventionen und russische Gesetze respektiert werden.<\/p>\n\n\n\n<h2 class=\"wp-block-heading\"><span id=\"conclusion\">Abschluss<\/span><\/h2>\n\n\n\n<p>Zusammenfassend l\u00e4sst sich sagen, dass Putins Unterst\u00fctzung f\u00fcr die Legalisierung der medizinischen und industriellen Verwendung von Cannabis in Russland eine wichtige Entscheidung ist, die im Land eine Debatte ausl\u00f6st. Obwohl es bei der Verabschiedung von Gesetzen zur Legalisierung von Cannabis Herausforderungen gibt, ist klar, dass sich Putins Ansichten zu diesem Thema im Laufe der Zeit weiterentwickelt haben. Es wird interessant sein zu sehen, wie sich dieses Thema in Russland in Zukunft entwickeln wird.<\/p>\n\n\n\n<figure class=\"wp-block-embed is-type-video is-provider-youtube wp-block-embed-youtube wp-embed-aspect-16-9 wp-has-aspect-ratio\"><div class=\"wp-block-embed__wrapper\">\n<iframe loading=\"lazy\" title=\"Wollen die Russen, dass Marihuana legalisiert wird?\" width=\"640\" height=\"360\" src=\"https:\/\/www.youtube.com\/embed\/lvfG8jTKhow?feature=oembed\" frameborder=\"0\" allow=\"accelerometer; autoplay; clipboard-write; encrypted-media; gyroscope; picture-in-picture; web-share\" allowfullscreen><\/iframe>\n<\/div><\/figure>\n<div id=\"toc_container\" class=\"no_bullets\"><p class=\"toc_title\">Inhaltsverzeichnis<\/p><ul class=\"toc_list\"><li><\/li><li><\/li><li><\/li><li><\/li><\/ul><\/div>","protected":false},"excerpt":{"rendered":"<p>Le march\u00e9 du cannabis du hhc est en plein essor et suscite l&#8217;int\u00e9r\u00eat des grands dirigeants du monde entier. L&#8217;un de ces dirigeants est Vladimir Poutine, le pr\u00e9sident russe, qui a r\u00e9cemment exprim\u00e9 son soutien \u00e0 la l\u00e9galisation de l&#8217;utilisation du cannabis \u00e0 des fins m\u00e9dicales et industrielles. Le pass\u00e9 controvers\u00e9 de Poutine avec le &#8230;<\/p>","protected":false},"author":1,"featured_media":1965,"parent":0,"menu_order":0,"comment_status":"closed","ping_status":"closed","template":"page-nosidebar.php","meta":{"footnotes":""},"yoast_head":"<!-- This site is optimized with the Yoast SEO Premium plugin v21.0 (Yoast SEO v21.0) - https:\/\/yoast.com\/wordpress\/plugins\/seo\/ -->\n<title>Vladimir Poutine quelle avis sur le march\u00e9 du Cannabis et HHC? - Finale Coupe du Monde FIFA<\/title>\n<meta name=\"robots\" content=\"index, follow, max-snippet:-1, max-image-preview:large, max-video-preview:-1\" \/>\n<link rel=\"canonical\" href=\"https:\/\/parier-presidentielle.com\/de\/vladimir-putin-welche-meinung-zum-cannabismarkt-und-hhc\/\" \/>\n<meta property=\"og:locale\" content=\"de_DE\" \/>\n<meta property=\"og:type\" content=\"article\" \/>\n<meta property=\"og:title\" content=\"Vladimir Poutine quelle avis sur le march\u00e9 du Cannabis et HHC?\" \/>\n<meta property=\"og:description\" content=\"Le march\u00e9 du cannabis du hhc est en plein essor et suscite l&#8217;int\u00e9r\u00eat des grands dirigeants du monde entier. L&#8217;un de ces dirigeants est Vladimir Poutine, le pr\u00e9sident russe, qui a r\u00e9cemment exprim\u00e9 son soutien \u00e0 la l\u00e9galisation de l&#8217;utilisation du cannabis \u00e0 des fins m\u00e9dicales et industrielles. Le pass\u00e9 controvers\u00e9 de Poutine avec le ...\" \/>\n<meta property=\"og:url\" content=\"https:\/\/parier-presidentielle.com\/de\/vladimir-putin-welche-meinung-zum-cannabismarkt-und-hhc\/\" \/>\n<meta property=\"og:site_name\" content=\"Parier Pr\u00e9sidentielle\" \/>\n<meta property=\"article:modified_time\" content=\"2023-06-02T09:27:56+00:00\" \/>\n<meta property=\"og:image\" content=\"https:\/\/parier-presidentielle.com\/wp-content\/uploads\/2023\/03\/vladimir-poutine-hhc-scaled.jpg\" \/>\n\t<meta property=\"og:image:width\" content=\"2560\" \/>\n\t<meta property=\"og:image:height\" content=\"1302\" \/>\n\t<meta property=\"og:image:type\" content=\"image\/jpeg\" \/>\n<meta name=\"twitter:card\" content=\"summary_large_image\" \/>\n<meta name=\"twitter:label1\" content=\"Gesch\u00e4tzte Lesezeit\" \/>\n\t<meta name=\"twitter:data1\" content=\"3 Minuten\" \/>\n<script type=\"application\/ld+json\" class=\"yoast-schema-graph\">{\"@context\":\"https:\/\/schema.org\",\"@graph\":[{\"@type\":\"WebPage\",\"@id\":\"https:\/\/parier-presidentielle.com\/vladimir-poutine-quelle-avis-sur-le-marche-du-cannabis-et-hhc\/\",\"url\":\"https:\/\/parier-presidentielle.com\/vladimir-poutine-quelle-avis-sur-le-marche-du-cannabis-et-hhc\/\",\"name\":\"Vladimir Poutine quelle avis sur le march\u00e9 du Cannabis et HHC? - Finale Coupe du Monde FIFA\",\"isPartOf\":{\"@id\":\"https:\/\/parier-presidentielle.com\/#website\"},\"datePublished\":\"2023-03-20T16:10:50+00:00\",\"dateModified\":\"2023-06-02T09:27:56+00:00\",\"breadcrumb\":{\"@id\":\"https:\/\/parier-presidentielle.com\/vladimir-poutine-quelle-avis-sur-le-marche-du-cannabis-et-hhc\/#breadcrumb\"},\"inLanguage\":\"de-DE\",\"potentialAction\":[{\"@type\":\"ReadAction\",\"target\":[\"https:\/\/parier-presidentielle.com\/vladimir-poutine-quelle-avis-sur-le-marche-du-cannabis-et-hhc\/\"]}]},{\"@type\":\"BreadcrumbList\",\"@id\":\"https:\/\/parier-presidentielle.com\/vladimir-poutine-quelle-avis-sur-le-marche-du-cannabis-et-hhc\/#breadcrumb\",\"itemListElement\":[{\"@type\":\"ListItem\",\"position\":1,\"name\":\"Accueil\",\"item\":\"https:\/\/parier-presidentielle.com\/\"},{\"@type\":\"ListItem\",\"position\":2,\"name\":\"Vladimir Poutine quelle avis sur le march\u00e9 du Cannabis et HHC?\"}]},{\"@type\":\"WebSite\",\"@id\":\"https:\/\/parier-presidentielle.com\/#website\",\"url\":\"https:\/\/parier-presidentielle.com\/\",\"name\":\"Parier Pr\u00e9sidentielle\",\"description\":\"Paris, Pronostics, Wiki sur la Politique, les Elections Am\u00e9ricaines: Joe Biden, Donald Trump avec les Bookmakers en ligne Unibet, Bwin, Betclic, Winamax\",\"potentialAction\":[{\"@type\":\"SearchAction\",\"target\":{\"@type\":\"EntryPoint\",\"urlTemplate\":\"https:\/\/parier-presidentielle.com\/?s={search_term_string}\"},\"query-input\":\"required name=search_term_string\"}],\"inLanguage\":\"de-DE\"}]}<\/script>\n<!-- \/ Yoast SEO Premium plugin. -->","yoast_head_json":{"title":"Vladimir Poutine quelle avis sur le march\u00e9 du Cannabis et HHC? - Finale Coupe du Monde FIFA","robots":{"index":"index","follow":"follow","max-snippet":"max-snippet:-1","max-image-preview":"max-image-preview:large","max-video-preview":"max-video-preview:-1"},"canonical":"https:\/\/parier-presidentielle.com\/de\/vladimir-putin-welche-meinung-zum-cannabismarkt-und-hhc\/","og_locale":"de_DE","og_type":"article","og_title":"Vladimir Poutine quelle avis sur le march\u00e9 du Cannabis et HHC?","og_description":"Le march\u00e9 du cannabis du hhc est en plein essor et suscite l&#8217;int\u00e9r\u00eat des grands dirigeants du monde entier. L&#8217;un de ces dirigeants est Vladimir Poutine, le pr\u00e9sident russe, qui a r\u00e9cemment exprim\u00e9 son soutien \u00e0 la l\u00e9galisation de l&#8217;utilisation du cannabis \u00e0 des fins m\u00e9dicales et industrielles. Le pass\u00e9 controvers\u00e9 de Poutine avec le ...","og_url":"https:\/\/parier-presidentielle.com\/de\/vladimir-putin-welche-meinung-zum-cannabismarkt-und-hhc\/","og_site_name":"Parier Pr\u00e9sidentielle","article_modified_time":"2023-06-02T09:27:56+00:00","og_image":[{"width":2560,"height":1302,"url":"https:\/\/parier-presidentielle.com\/wp-content\/uploads\/2023\/03\/vladimir-poutine-hhc-scaled.jpg","type":"image\/jpeg"}],"twitter_card":"summary_large_image","twitter_misc":{"Gesch\u00e4tzte Lesezeit":"3 Minuten"},"schema":{"@context":"https:\/\/schema.org","@graph":[{"@type":"WebPage","@id":"https:\/\/parier-presidentielle.com\/vladimir-poutine-quelle-avis-sur-le-marche-du-cannabis-et-hhc\/","url":"https:\/\/parier-presidentielle.com\/vladimir-poutine-quelle-avis-sur-le-marche-du-cannabis-et-hhc\/","name":"Vladimir Poutine quelle avis sur le march\u00e9 du Cannabis et HHC? - Finale Coupe du Monde FIFA","isPartOf":{"@id":"https:\/\/parier-presidentielle.com\/#website"},"datePublished":"2023-03-20T16:10:50+00:00","dateModified":"2023-06-02T09:27:56+00:00","breadcrumb":{"@id":"https:\/\/parier-presidentielle.com\/vladimir-poutine-quelle-avis-sur-le-marche-du-cannabis-et-hhc\/#breadcrumb"},"inLanguage":"de-DE","potentialAction":[{"@type":"ReadAction","target":["https:\/\/parier-presidentielle.com\/vladimir-poutine-quelle-avis-sur-le-marche-du-cannabis-et-hhc\/"]}]},{"@type":"BreadcrumbList","@id":"https:\/\/parier-presidentielle.com\/vladimir-poutine-quelle-avis-sur-le-marche-du-cannabis-et-hhc\/#breadcrumb","itemListElement":[{"@type":"ListItem","position":1,"name":"Accueil","item":"https:\/\/parier-presidentielle.com\/"},{"@type":"ListItem","position":2,"name":"Vladimir Poutine quelle avis sur le march\u00e9 du Cannabis et HHC?"}]},{"@type":"WebSite","@id":"https:\/\/parier-presidentielle.com\/#website","url":"https:\/\/parier-presidentielle.com\/","name":"Parier Pr\u00e9sidentielle","description":"Paris, Pronostics, Wiki sur la Politique, les Elections Am\u00e9ricaines: Joe Biden, Donald Trump avec les Bookmakers en ligne Unibet, Bwin, Betclic, Winamax","potentialAction":[{"@type":"SearchAction","target":{"@type":"EntryPoint","urlTemplate":"https:\/\/parier-presidentielle.com\/?s={search_term_string}"},"query-input":"required name=search_term_string"}],"inLanguage":"de-DE"}]}},"_links":{"self":[{"href":"https:\/\/parier-presidentielle.com\/de\/wp-json\/wp\/v2\/pages\/1962"}],"collection":[{"href":"https:\/\/parier-presidentielle.com\/de\/wp-json\/wp\/v2\/pages"}],"about":[{"href":"https:\/\/parier-presidentielle.com\/de\/wp-json\/wp\/v2\/types\/page"}],"author":[{"embeddable":true,"href":"https:\/\/parier-presidentielle.com\/de\/wp-json\/wp\/v2\/users\/1"}],"replies":[{"embeddable":true,"href":"https:\/\/parier-presidentielle.com\/de\/wp-json\/wp\/v2\/comments?post=1962"}],"version-history":[{"count":4,"href":"https:\/\/parier-presidentielle.com\/de\/wp-json\/wp\/v2\/pages\/1962\/revisions"}],"predecessor-version":[{"id":2002,"href":"https:\/\/parier-presidentielle.com\/de\/wp-json\/wp\/v2\/pages\/1962\/revisions\/2002"}],"wp:featuredmedia":[{"embeddable":true,"href":"https:\/\/parier-presidentielle.com\/de\/wp-json\/wp\/v2\/media\/1965"}],"wp:attachment":[{"href":"https:\/\/parier-presidentielle.com\/de\/wp-json\/wp\/v2\/media?parent=1962"}],"curies":[{"name":"wp","href":"https:\/\/api.w.org\/{rel}","templated":true}]}}