{"id":212,"date":"2021-09-14T13:02:49","date_gmt":"2021-09-14T11:02:49","guid":{"rendered":"https:\/\/parier-presidentielle.com\/?page_id=212"},"modified":"2021-09-14T15:59:08","modified_gmt":"2021-09-14T13:59:08","slug":"melenchon-election","status":"publish","type":"page","link":"https:\/\/parier-presidentielle.com\/de\/melenchon-wahl\/","title":{"rendered":"Wetten Sie auf die Wahl von Jean-Luc M\u00e9lenchon"},"content":{"rendered":"<h2 class=\"wp-block-heading\" id=\"block-f005be1c-8637-4455-a388-e82bafcaf460\"><span id=\"cote-et-pronostics-pour-le-candidat-jean-luc-melenchon-paris-en-ligne-sur-la-politique-et-le-futur-president-de-la-france-de-2022\">Quoten und Vorhersagen f\u00fcr den Kandidaten Jean-Luc M\u00e9lenchon:<br>Online-Wetten auf Politik und den zuk\u00fcnftigen Pr\u00e4sidenten Frankreichs im Jahr 2022<\/span><\/h2>\n\n\n\n<p><\/p>\n\n\n\n<p><\/p>\n\n\n\n<p>Jean-Luc M\u00e9lenchon (fr. Jean-Luc M\u00e9lenchon, IPA (fr.):; B., Tanger) \u2013 franz\u00f6sischer linker Staatsmann und Politiker, Journalist. Minister f\u00fcr Berufsbildung in der Regierung von Lionel Jospin von 2000 bis 2002. Mitglied des franz\u00f6sischen Senats aus dem Departement Eson (1986\u20132000; 2004\u20132010). Mitglied des Europ\u00e4ischen Parlaments von 2009 bis 2017 (Vereinte Europ\u00e4ische Linke\/Links-Nord-Gr\u00fcne). Einer der Gr\u00fcnder und Pr\u00e4sidenten der \u201eLinkspartei\u201c. Seit 2017 \u2013 Mitglied der franz\u00f6sischen Nationalversammlung f\u00fcr die Partei \u201eUnbesiegtes Frankreich\u201c.<\/p>\n\n\n\n<h2 class=\"wp-block-heading\"><span id=\"biographie-de-jean-luc-melenchon\">Biografie von Jean-Luc Melenchon<\/span><\/h2>\n\n\n\n<p><br>Geboren in Tanger (Internationale Zone von Tanger, heute Marokko). Die Eltern sind Beamte. 1962 zog er mit seiner Mutter nach Frankreich. Als ausgebildeter Philosoph studierte er an der Universit\u00e4t Franche-Comt\u00e9. Er unterrichtete an weiterf\u00fchrenden Schulen. Er engagierte sich schon fr\u00fch in der linksradikalen Jugendbewegung, war Mitglied der Nationalen Union der franz\u00f6sischen Studenten und nahm an den Roten-Mai-Demonstrationen von 1968 teil. Innerhalb der franz\u00f6sischen trotzkistischen Bewegung schloss sich M\u00e9lanchon den Lambertisten an, Anh\u00e4ngern von Pierre Lambert die Internationale Kommunistische Organisation. Teilnahme an der Gewerkschaftsarbeit in Besan\u00e7on.<\/p>\n\n\n\n<p>1977 trat er jedoch der Sozialistischen Partei Frankreichs bei und brach damit mit den Trotzkisten. Er unterst\u00fctzte aktiv den franz\u00f6sischen Pr\u00e4sidenten Fran\u00e7ois Mitterrand. Seit 1988 wird Jean-Luc Melanchon in den Nationalrat und das Nationalb\u00fcro der Sozialistischen Partei gew\u00e4hlt. Zusammen mit Gleichgesinnten organisierte er die \u201eSozialistische Linke\u201c (antikapitalistische Bewegung in den Reihen der Sozialistischen Partei). Von 2000 bis 2002 war er Ministerdelegierter f\u00fcr Berufsbildung in der Regierung des Sozialisten Lionel Jospin. Er war Senator des Departements Eson (1986\u20132000 und 2004\u20132010). Er war auch auf kommunaler Ebene im Departement Eson t\u00e4tig.<\/p>\n\n\n\n<p>Im Rahmen des Referendums \u00fcber die Annahme der Verfassung der Europ\u00e4ischen Union lehnte die Organisation zusammen mit internen linken Str\u00f6mungen der Sozialistischen Partei und anderen Linken deren Ratifizierung ab, w\u00e4hrend die Parteif\u00fchrung ihre Ratifizierung bef\u00fcrwortete. Die Teilnahme an der Kampagne gegen das, was linke Politiker als neoliberale EU-Verfassung betrachteten, brachte Melanchon n\u00e4her an die Kommunistische Partei Frankreichs und die Trotzkisten heran.<\/p>\n\n\n\n<p>2008 verlie\u00df er die Sozialistische Partei aufgrund von Widerspr\u00fcchen mit deren F\u00fchrung (u. a. S\u00e9gol\u00e8ne Royal), die er f\u00fcr den sozialliberalen Kurs und die Abkehr von linken Ideen kritisierte. Initiierte die Gr\u00fcndung der \u201eLinkspartei\u201c (nach dem Vorbild der deutschen \u201eLinken\u201c mit Bezug auf die Ideen von Jean Jaur\u00e8s); wurde sein erster Pr\u00e4sident. Auch sein Kollege Mark Dole war an der Entstehung beteiligt. Im Jahr 2010 war der Fraktionsvorsitzende der Gr\u00fcnen, der die Partei selbst verlie\u00df, Martin Billard, Co-Vorsitzender der Partei. 2009 wurde er auf der Liste der Fraktion Vereinigte Europ\u00e4ische Linke\/Links-Gr\u00fcne Nord zum Europaabgeordneten gew\u00e4hlt. Die Linkspartei beteiligt sich an der Linksfront-Koalition; Melanchon ist einer seiner Co-Pr\u00e4sidenten.<\/p>\n\n\n\n<h2 class=\"wp-block-heading\"><span id=\"participation-aux-elections-presidentielles-de-2012-de-jean-luc-melenchon\">Teilnahme an den Pr\u00e4sidentschaftswahlen 2012 von Jean-Luc M\u00e9lenchon<\/span><\/h2>\n\n\n\n<p><br>Als die Pr\u00e4sidentschaftswahlen 2012 n\u00e4her r\u00fcckten, beabsichtigte die Kommunistische Partei Frankreichs, einen eigenen Kandidaten aufzustellen (am wahrscheinlichsten war es Alain Boquet). W\u00e4hrend seines Kongresses, der vom 16. bis 18. Juni 2011 stattfand, erhielt Jean-Luc Melanchon jedoch 59,12 % der Stimmen der Kongressmitglieder und wurde als Kandidat nominiert (Mitglieder anderer Parteien der Linksfront nahmen teil). Damit wurde er alleiniger Kandidat dieser Allianz.) Nach den Ergebnissen der 2012 vor den Wahlen durchgef\u00fchrten Umfragen lag Melanchons Bewertung bei 6 bis 15 %. W\u00e4hrend des gesamten Pr\u00e4sidentschaftswahlkampfs gelang es ihm laut einigen Umfragen, unter den W\u00e4hlern, die bereit waren, f\u00fcr Melanchon zu stimmen, vom f\u00fcnften auf den dritten Platz vorzur\u00fccken und damit Marine Le Pen und Fran\u00e7ois Bayrou zu \u00fcberholen.<\/p>\n\n\n\n<p>Der Hauptbestandteil seines Programms war die Ausrufung der \u201eSechsten Franz\u00f6sischen Republik\u201c durch eine \u00c4nderung der franz\u00f6sischen Verfassung. In seinen Reden erw\u00e4hnte er immer wieder die Geschichte der Franz\u00f6sischen Revolution und der Pariser Kommune. Er rief seine Anh\u00e4nger zu einer friedlichen \u201eb\u00fcrgerlichen\u201c Revolution auf \u2013 einem Putsch, der nicht von der Arbeiterklasse, sondern von allen B\u00fcrgern angef\u00fchrt wird, die sich f\u00fcr ihr Land einsetzen.<\/p>\n\n\n\n<p>Nach den Ergebnissen des ersten Wahlgangs erhielt M\u00e9lanchon 3.985.089 Stimmen (11,1 % der Gesamtzahl der W\u00e4hler) und belegte damit den vierten Platz. Das ist deutlich mehr als die Kandidatin der Kommunistischen Partei im Jahr 2007 \u2013 Marie-Georges Buffet (ihr Ergebnis betrug 1,93% der Stimmen).<\/p>\n\n\n\n<p>In der zweiten Runde unterst\u00fctzte Melanchon die Kandidatur von Fran\u00e7ois Hollande, obwohl er 2008 aufgrund von Widerspr\u00fcchen mit ihm die Sozialistische Partei verlie\u00df. Am 6. Mai 2012 wurde Hollande zum Pr\u00e4sidenten Frankreichs gew\u00e4hlt.<\/p>\n\n\n\n<p>Andere Aktivit\u00e4ten<br>Er versuchte 2012 aus dem 11. Wahlbezirk des Departements Pas-de-Calais auf der Liste \u201eLinke Front\u201c Mitglied der franz\u00f6sischen Nationalversammlung zu werden, um die Vorsitzende der Nationalen Front, Marine Le Pen, zu verhaften l\u00e4uft dort. Allerdings gewann er im ersten Wahlgang 21,48 % der Stimmen und belegte den dritten Platz, wobei er sowohl gegen Marine Le Pen (42,36 % der Stimmen) als auch gegen Philippe verlor.<\/p>\n\n\n\n<p><\/p>\n\n\n\n<p>Kemel, der sozialistische Kandidat (23,5%-Stimmen). Somit konnte Melanchon nicht das Recht erhalten, sich um das Amt des Stellvertreters zu bewerben.<\/p>\n\n\n\n<h2 class=\"wp-block-heading\"><span id=\"participation-a-l8217election-presidentielle-de-2017-de-jean-luc-melenchon\">Teilnahme an der Pr\u00e4sidentschaftswahl 2017 von Jean-Luc M\u00e9lenchon<\/span><\/h2>\n\n\n\n<p><br>Im Februar 2016 gab Melanchon seine Absicht bekannt, am Pr\u00e4sidentschaftswahlkampf 2017 teilzunehmen. Er weigerte sich, an den von der Sozialistischen Partei organisierten \u201elinken Vorwahlen\u201c teilzunehmen, und wurde Kandidat der gleichzeitig gegr\u00fcndeten Bewegung \u201eUnbesiegtes Frankreich\u201c. Sein Programm basierte auf seinen Thesen von 2012 mit einigen \u00c4nderungen: der Gr\u00fcndung der Sechsten Republik (d. h. der Verabschiedung einer neuen Verfassung), der Umverteilung des Reichtums (der Erhebung von Steuern auf zus\u00e4tzliches Einkommen auf \u00fcbersch\u00fcssigem Einkommen oder der Reduzierung des Arbeitswoche auf 32 Stunden), die Senkung des Rentenalters auf 60 Jahre, der Austritt Frankreichs aus der Europ\u00e4ischen Union und der NATO. Melanchon formulierte seine Ansichten in dem Buch \u201eL\u2019avenir en commun\u201c (\u201eGemeinsame Zukunft\u201c), das in einer Auflage von 200.000 Exemplaren verbreitet wurde.<\/p>\n\n\n\n<p>Laut Le Figaro umfasst Melanchons Programm, das eine Erh\u00f6hung der Haushaltsausgaben um 270 Milliarden Euro und Steuererh\u00f6hungen um 120 Milliarden Euro vorsieht, auch eine Erh\u00f6hung des bezahlten Jahresurlaubs auf sechs Wochen (seine Dauer betr\u00e4gt im Jahr 2017 f\u00fcnf Wochen). wie die Beschlagnahmung aller Eink\u00fcnfte \u00fcber 400.000 Euro pro Jahr, inspiriert von den Ideen von Politikern wie dem ehemaligen venezolanischen Pr\u00e4sidenten Hugo Ch\u00e1vez.<\/p>\n\n\n\n<p>Am 4. April 2017 wurde eine Fernsehdebatte unter Beteiligung aller elf Pr\u00e4sidentschaftskandidaten Frankreichs organisiert, deren sensationeller Sieger Melanchon war \u2013 seine Rede wurde von 25% der Befragten als die \u00fcberzeugendste anerkannt (Macron erhielt Unterst\u00fctzung von 21%, Fillon \u2013 15%). Dar\u00fcber hinaus lag M\u00e9lanchon mit der Unterst\u00fctzung von 21% nach den Ergebnissen einer soziologischen Studie, die im Anschluss an die Debatte durchgef\u00fchrt wurde, auf Platz zwei der wahrscheinlichsten Gewinner der ersten Wahlrunde \u2013 nach Macron (27%) und vor Fillon (20%).<\/p>\n\n\n\n<p>Im April 2017 machte er sich einen Namen, indem er die neuesten Wahlkampftechnologien \u2013 Webradio und sogar seine eigenen holografischen Bilder \u2013 bei Kundgebungen in Nantes, Clermont-Ferrand, Montpellier, Grenoble, Nancy und La R\u00e9union einsetzte.<\/p>\n\n\n\n<p>Am 20. April 2017 ver\u00f6ffentlichten eine Reihe prominenter Pers\u00f6nlichkeiten der amerikanischen Kultur \u2013 Danny Glover, der Philosoph Noam Chomsky, die Dramatikerin und Feministin Eve Ensler, der Schauspieler Mark Ruffalo, Nancy Fraser und Oliver Stone \u2013 eine Petition, in der sie die Franzosen aufforderten, \u201edas Clinton nicht zu wiederholen\u201c. vs. Trump-Trag\u00f6die\u201c, das hei\u00dft, \u201edie franz\u00f6sischen W\u00e4hler nicht dazu zwingen, zwischen dem Liberalismus des Unternehmensestablishments und dem fremdenfeindlichen Rechtspopulismus zu w\u00e4hlen\u201c, sondern \u201esich in der ersten Runde der Pr\u00e4sidentschaftswahlen um den linken Kandidaten zu vereinen.\u201c die gr\u00f6\u00dfte W\u00e4hlerunterst\u00fctzung. Die Autoren der Petition nannten auch diesen Kandidaten \u2013 Melanchon.<\/p>\n\n\n\n<p>Am 23. April 2017 erhielt er im ersten Wahlgang die Unterst\u00fctzung von 19,58 %-W\u00e4hlern (7.060.885 Personen), belegte unter elf Kandidaten den vierten Platz und erreichte somit nicht den zweiten Wahlgang. Als beste Ergebnisse erwiesen sich M\u00e9lenchons Ergebnisse in \u00dcberseeregionen: Er siegte in Reunion (24,53 %), in Guyana (24,7 %), in Saint-Pierre und Miquelon (mehr als 35 % gegen 17,9 % f\u00fcr den Sieger der ersten Runde auf nationaler Ebene \u2013 Emmanuel Macron) und Martinique (27,3%).<\/p>\n\n\n\n<p>Sonstige Aktivit\u00e4ten (seit 2017)<br>Bei den Parlamentswahlen in Frankreich gewann seine Partei 17 von 577 Sitzen und wurde damit viertgr\u00f6\u00dfter Abgeordneter. Er selbst wurde zum Abgeordneten einer der Gemeinden von Marseille gew\u00e4hlt.<\/p>\n\n\n\n<p>Am 16. Oktober 2018 wurden das Haus in der N\u00e4he von M\u00e9lenchon und mehrere Geb\u00e4ude von \u201eUndefeated France\u201c im Rahmen der Ermittlungen zu den Vorw\u00fcrfen der fiktiven Einstellung parlamentarischer Assistenten und der Verletzung von Regeln zur Wahlkampffinanzierung durchsucht, wobei es zu Zusammenst\u00f6\u00dfen zwischen Aktivisten kam. und Strafverfolgungsbeamte. Am 20. September 2019 verurteilte das Gericht in Bobigny Melanchon zu einer dreimonatigen Freiheitsstrafe auf Bew\u00e4hrung und einer Geldstrafe von 8.000 Euro wegen Justizbehinderung und Rebellion, und f\u00fcnf weitere Angeklagte wurden zu einer Geldstrafe von 2.000 bis 10.000 Euro verurteilt (Prozess abgehalten). zwei Tage \u2013 19. und 20. September, und Melanchon nannte es sofort politische Verfolgung).<\/p>\n\n\n\n<p><\/p>\n\n\n\n<p class=\"has-text-align-center unibet\" style=\"font-size:25px\"><mark style=\"background-color:rgba(0, 0, 0, 0);color:#0d7a12\" class=\"has-inline-color\"><strong><a href=\"https:\/\/parier-presidentielle.com\/de\/recommends\/unibet\/\">150 \u20ac Bonus, der bei Unibet angeboten wird<br>F\u00fcr Ihre 1. politische oder sportliche Wette: Klicken Sie hier<\/a><\/strong><\/mark><\/p>\n\n\n\n<p><\/p>\n\n\n<div class=\"wp-block-image\">\n<figure class=\"aligncenter is-resized wp-duotone-000097-ff4747-1\"><img decoding=\"async\" loading=\"lazy\" src=\"https:\/\/parier-presidentielle.com\/wp-content\/uploads\/2021\/09\/election-standard-scale-4_00x-gigapixel-1024x623.jpg\" alt=\"Wahl 2022\" style=\"width:256px;height:156px\" width=\"256\" height=\"156\"\/><\/figure><\/div>\n\n\n<p><br><\/p>\n\n\n\n<p><strong>Parier-presidentielle hilft Ihnen, Ihre Wahl zwischen den verschiedenen zu treffen<a href=\"https:\/\/parier-presidentielle.com\/de\/\"> Die Buchmacher Bwin, Unibet und Betclic setzen 2024 auf den zuk\u00fcnftigen amerikanischen Pr\u00e4sidenten<\/a> : <\/strong><br><a href=\"https:\/\/parier-presidentielle.com\/de\/unibet-policy-wahl-2022\/\">Unibet Presidential Buchmacher<\/a> : Detaillierter und kostenloser Leitfaden, um Ihre 1. Wette online mit allen Quoten abzuschlie\u00dfen und wie Sie den angebotenen Bonus nutzen k\u00f6nnen!<\/p>\n\n\n\n<p>Sowie die anderen Online-Wettseiten: <a href=\"https:\/\/parier-presidentielle.com\/de\/unibet-policy-wahl-2022\/\">Bwin<\/a>, <a href=\"https:\/\/parier-presidentielle.com\/de\/netbet-paris-politik-wahl-2022\/\">NetBet<\/a>, <a href=\"https:\/\/parier-presidentielle.com\/de\/betclic-prasidentschafts-2022\/\">Betclic<\/a>, <a href=\"https:\/\/parier-presidentielle.com\/de\/winamax-politikwahl-2022\/\">Winamax<\/a>, Parions Sport, Zebet, Betway, France-Pari, Vbet, Cloudbet, 1Xbit, 1xbet, Betfair, Betwinner\u2026<\/p>\n\n\n\n<div class=\"wp-block-columns is-layout-flex wp-container-6 wp-block-columns-is-layout-flex\">\n<div class=\"wp-block-column is-layout-flow wp-block-column-is-layout-flow\" style=\"flex-basis:33.33%\">\n<p>Sie haben gerade unsere Datei gelesen:<\/p>\n<\/div>\n\n\n\n<div class=\"wp-block-column is-layout-flow wp-block-column-is-layout-flow\" style=\"flex-basis:33.33%\">\n<div class=\"wp-block-group is-layout-flow wp-block-group-is-layout-flow\"><div class=\"wp-block-group__inner-container\"><h4 class=\"has-text-align-center wp-block-post-title\"><span id=\"parier-sur-lelection-de-jean-luc-melenchon\"><a href=\"https:\/\/parier-presidentielle.com\/de\/melenchon-wahl\/\" target=\"_self\" >Wetten Sie auf die Wahl von Jean-Luc M\u00e9lenchon<\/a><\/span><\/h4><\/div><\/div>\n<\/div>\n\n\n\n<div class=\"wp-block-column is-layout-flow wp-block-column-is-layout-flow\" style=\"flex-basis:33.33%\">\n<p class=\"has-text-align-right\">Lesen Sie weiter mit unseren anderen exklusiven Dateien,<\/p>\n<\/div>\n<\/div>\n\n\n\n<h3 class=\"wp-block-heading\" id=\"tous-les-pronostics-sondage-et-cotes-pour-parier-sur-le-futur-vainqueur-de-l-election-presidentielle-2022\"><span id=\"tous-les-pronostics-sondage-et-cotes-pour-parier-sur-le-futur-vainqueur-de-l8217election-presidentielle-2024\">Alle Vorhersagen, Umfragen und Quoten, um auf den zuk\u00fcnftigen Gewinner der Pr\u00e4sidentschaftswahl 2024 zu wetten:<\/span><\/h3>\n\n\n\n<ul>\n<li><a href=\"https:\/\/parier-presidentielle.com\/de\/macron-wahl\/\">Setzen Sie auf Emmanuel Macron mit Unibet, Betclic, Bwin<\/a> : Der Favorit von Umfragen und Vorhersagen <\/li>\n\n\n\n<li><a href=\"https:\/\/parier-presidentielle.com\/de\/marine-le-pen-wahl\/\">Marine Le Pen: Ihre Quoten und wie man bei Buchmachern wetten kann<\/a>: Der Herausforderer laut Unibet<\/li>\n<\/ul>\n\n\n\n<p><\/p>\n\n\n\n<center><script type=\"text\/javascript\" charset=\"utf-8\" src=\"https:\/\/www.gambling-affiliation.com\/cpm\/v=AmIMTDSs92QY6b0MzDMvM5laCjJ-ZlA-1oQ-7tKsi.w_GA7331V2\"><\/script><\/center>\n\n\n\n<h3 class=\"wp-block-heading\"><span id=\"donald-trump-vs-joe-biden-la-video-qui-lance-les-paris-en-ligne-sur-l8217election-politique-de-2024\">Donald Trump gegen Joe Biden: Das Video, das Online-Wetten auf die politischen Wahlen 2024 startet<\/span><\/h3>\n\n\n\n<figure class=\"wp-block-embed is-type-video is-provider-youtube wp-block-embed-youtube wp-embed-aspect-16-9 wp-has-aspect-ratio\"><div class=\"wp-block-embed__wrapper\">\n<iframe loading=\"lazy\" title=\"Der fr\u00fchere Pr\u00e4sident Donald Trump startet 2024 das Angebot des Wei\u00dfen Hauses #Short\" width=\"640\" height=\"360\" src=\"https:\/\/www.youtube.com\/embed\/hZykPRVe4Ag?feature=oembed\" frameborder=\"0\" allow=\"accelerometer; autoplay; clipboard-write; encrypted-media; gyroscope; picture-in-picture; web-share\" allowfullscreen><\/iframe>\n<\/div><\/figure>\n\n\n<div class=\"wp-block-image\">\n<figure class=\"aligncenter size-medium\"><a href=\"https:\/\/parier-presidentielle.com\/de\/recommends\/unibet\/\" target=\"_blank\" rel=\"noopener\"><img decoding=\"async\" loading=\"lazy\" width=\"300\" height=\"169\" src=\"https:\/\/parier-presidentielle.com\/wp-content\/uploads\/2022\/04\/unibet-300x169.jpg\" alt=\"\" class=\"wp-image-1252\" srcset=\"https:\/\/parier-presidentielle.com\/wp-content\/uploads\/2022\/04\/unibet-300x169.jpg 300w, https:\/\/parier-presidentielle.com\/wp-content\/uploads\/2022\/04\/unibet-1024x576.jpg 1024w, https:\/\/parier-presidentielle.com\/wp-content\/uploads\/2022\/04\/unibet-768x432.jpg 768w, https:\/\/parier-presidentielle.com\/wp-content\/uploads\/2022\/04\/unibet-18x10.jpg 18w, https:\/\/parier-presidentielle.com\/wp-content\/uploads\/2022\/04\/unibet.jpg 1280w\" sizes=\"(max-width: 300px) 100vw, 300px\" \/><\/a><\/figure><\/div>\n\n\n<p>Finden Sie im Wiki die wichtigsten politischen Nachrichten zu Cannabis und seinen legalen Derivaten: <strong>HHC, H4cbd, Thcp, Thcv, HSD, HHCPO, C4B<\/strong><\/p>\n<div id=\"toc_container\" class=\"no_bullets\"><p class=\"toc_title\">Inhaltsverzeichnis<\/p><ul class=\"toc_list\"><li><\/li><li><\/li><li><\/li><li><ul><li><ul><li><\/li><\/ul><\/li><li><\/li><li><\/li><\/ul><\/li><\/ul><\/div>","protected":false},"excerpt":{"rendered":"<p>Cote et pronostics pour le candidat Jean-Luc M\u00e9lenchon :Paris en ligne sur la politique et le futur pr\u00e9sident de la France de 2022 Jean-Luc M\u00e9lenchon (fr. Jean-Luc M\u00e9lenchon, IPA (fr.):; B., Tanger) &#8211; Homme d&#8217;\u00c9tat et homme politique fran\u00e7ais de gauche, journaliste. Ministre d\u00e9l\u00e9gu\u00e9e \u00e0 l&#8217;Enseignement professionnel dans le gouvernement de Lionel Jospin de 2000 &#8230;<\/p>","protected":false},"author":1,"featured_media":0,"parent":0,"menu_order":0,"comment_status":"closed","ping_status":"closed","template":"page-nosidebar.php","meta":{"footnotes":""},"yoast_head":"<!-- This site is optimized with the Yoast SEO Premium plugin v21.0 (Yoast SEO v21.0) - https:\/\/yoast.com\/wordpress\/plugins\/seo\/ -->\n<title>Parier sur l\u2019\u00e9lection de Jean-Luc M\u00e9lenchon - Finale Coupe du Monde FIFA<\/title>\n<meta name=\"description\" content=\"Pariez sur M\u00e9lenchon pour l&#039;\u00e9lection 2022 : Cliquez Ici et Gagnez Gros! Pronostics ,Comparaison des Bookmakers et des meilleurs Cotes.\" \/>\n<meta name=\"robots\" content=\"index, follow, max-snippet:-1, max-image-preview:large, max-video-preview:-1\" \/>\n<link rel=\"canonical\" href=\"https:\/\/parier-presidentielle.com\/de\/melenchon-wahl\/\" \/>\n<meta property=\"og:locale\" content=\"de_DE\" \/>\n<meta property=\"og:type\" content=\"article\" \/>\n<meta property=\"og:title\" content=\"Parier sur l\u2019\u00e9lection de Jean-Luc M\u00e9lenchon\" \/>\n<meta property=\"og:description\" content=\"Pariez sur M\u00e9lenchon pour l&#039;\u00e9lection 2022 : Cliquez Ici et Gagnez Gros! Pronostics ,Comparaison des Bookmakers et des meilleurs Cotes.\" \/>\n<meta property=\"og:url\" content=\"https:\/\/parier-presidentielle.com\/de\/melenchon-wahl\/\" \/>\n<meta property=\"og:site_name\" content=\"Parier Pr\u00e9sidentielle\" \/>\n<meta property=\"article:modified_time\" content=\"2021-09-14T13:59:08+00:00\" \/>\n<meta name=\"twitter:card\" content=\"summary_large_image\" \/>\n<meta name=\"twitter:label1\" content=\"Gesch\u00e4tzte Lesezeit\" \/>\n\t<meta name=\"twitter:data1\" content=\"7 Minuten\" \/>\n<script type=\"application\/ld+json\" class=\"yoast-schema-graph\">{\"@context\":\"https:\/\/schema.org\",\"@graph\":[{\"@type\":\"WebPage\",\"@id\":\"https:\/\/parier-presidentielle.com\/melenchon-election\/\",\"url\":\"https:\/\/parier-presidentielle.com\/melenchon-election\/\",\"name\":\"Parier sur l\u2019\u00e9lection de Jean-Luc M\u00e9lenchon - Finale Coupe du Monde FIFA\",\"isPartOf\":{\"@id\":\"https:\/\/parier-presidentielle.com\/#website\"},\"datePublished\":\"2021-09-14T11:02:49+00:00\",\"dateModified\":\"2021-09-14T13:59:08+00:00\",\"description\":\"Pariez sur M\u00e9lenchon pour l'\u00e9lection 2022 : Cliquez Ici et Gagnez Gros! Pronostics ,Comparaison des Bookmakers et des meilleurs Cotes.\",\"breadcrumb\":{\"@id\":\"https:\/\/parier-presidentielle.com\/melenchon-election\/#breadcrumb\"},\"inLanguage\":\"de-DE\",\"potentialAction\":[{\"@type\":\"ReadAction\",\"target\":[\"https:\/\/parier-presidentielle.com\/melenchon-election\/\"]}]},{\"@type\":\"BreadcrumbList\",\"@id\":\"https:\/\/parier-presidentielle.com\/melenchon-election\/#breadcrumb\",\"itemListElement\":[{\"@type\":\"ListItem\",\"position\":1,\"name\":\"Accueil\",\"item\":\"https:\/\/parier-presidentielle.com\/\"},{\"@type\":\"ListItem\",\"position\":2,\"name\":\"Parier sur l\u2019\u00e9lection de Jean-Luc M\u00e9lenchon\"}]},{\"@type\":\"WebSite\",\"@id\":\"https:\/\/parier-presidentielle.com\/#website\",\"url\":\"https:\/\/parier-presidentielle.com\/\",\"name\":\"Parier Pr\u00e9sidentielle\",\"description\":\"Paris, Pronostics, Wiki sur la Politique, les Elections Am\u00e9ricaines: Joe Biden, Donald Trump avec les Bookmakers en ligne Unibet, Bwin, Betclic, Winamax\",\"potentialAction\":[{\"@type\":\"SearchAction\",\"target\":{\"@type\":\"EntryPoint\",\"urlTemplate\":\"https:\/\/parier-presidentielle.com\/?s={search_term_string}\"},\"query-input\":\"required name=search_term_string\"}],\"inLanguage\":\"de-DE\"}]}<\/script>\n<!-- \/ Yoast SEO Premium plugin. -->","yoast_head_json":{"title":"Parier sur l\u2019\u00e9lection de Jean-Luc M\u00e9lenchon - Finale Coupe du Monde FIFA","description":"Pariez sur M\u00e9lenchon pour l'\u00e9lection 2022 : Cliquez Ici et Gagnez Gros! Pronostics ,Comparaison des Bookmakers et des meilleurs Cotes.","robots":{"index":"index","follow":"follow","max-snippet":"max-snippet:-1","max-image-preview":"max-image-preview:large","max-video-preview":"max-video-preview:-1"},"canonical":"https:\/\/parier-presidentielle.com\/de\/melenchon-wahl\/","og_locale":"de_DE","og_type":"article","og_title":"Parier sur l\u2019\u00e9lection de Jean-Luc M\u00e9lenchon","og_description":"Pariez sur M\u00e9lenchon pour l'\u00e9lection 2022 : Cliquez Ici et Gagnez Gros! Pronostics ,Comparaison des Bookmakers et des meilleurs Cotes.","og_url":"https:\/\/parier-presidentielle.com\/de\/melenchon-wahl\/","og_site_name":"Parier Pr\u00e9sidentielle","article_modified_time":"2021-09-14T13:59:08+00:00","twitter_card":"summary_large_image","twitter_misc":{"Gesch\u00e4tzte Lesezeit":"7 Minuten"},"schema":{"@context":"https:\/\/schema.org","@graph":[{"@type":"WebPage","@id":"https:\/\/parier-presidentielle.com\/melenchon-election\/","url":"https:\/\/parier-presidentielle.com\/melenchon-election\/","name":"Parier sur l\u2019\u00e9lection de Jean-Luc M\u00e9lenchon - Finale Coupe du Monde FIFA","isPartOf":{"@id":"https:\/\/parier-presidentielle.com\/#website"},"datePublished":"2021-09-14T11:02:49+00:00","dateModified":"2021-09-14T13:59:08+00:00","description":"Pariez sur M\u00e9lenchon pour l'\u00e9lection 2022 : Cliquez Ici et Gagnez Gros! Pronostics ,Comparaison des Bookmakers et des meilleurs Cotes.","breadcrumb":{"@id":"https:\/\/parier-presidentielle.com\/melenchon-election\/#breadcrumb"},"inLanguage":"de-DE","potentialAction":[{"@type":"ReadAction","target":["https:\/\/parier-presidentielle.com\/melenchon-election\/"]}]},{"@type":"BreadcrumbList","@id":"https:\/\/parier-presidentielle.com\/melenchon-election\/#breadcrumb","itemListElement":[{"@type":"ListItem","position":1,"name":"Accueil","item":"https:\/\/parier-presidentielle.com\/"},{"@type":"ListItem","position":2,"name":"Parier sur l\u2019\u00e9lection de Jean-Luc M\u00e9lenchon"}]},{"@type":"WebSite","@id":"https:\/\/parier-presidentielle.com\/#website","url":"https:\/\/parier-presidentielle.com\/","name":"Parier Pr\u00e9sidentielle","description":"Paris, Pronostics, Wiki sur la Politique, les Elections Am\u00e9ricaines: Joe Biden, Donald Trump avec les Bookmakers en ligne Unibet, Bwin, Betclic, Winamax","potentialAction":[{"@type":"SearchAction","target":{"@type":"EntryPoint","urlTemplate":"https:\/\/parier-presidentielle.com\/?s={search_term_string}"},"query-input":"required name=search_term_string"}],"inLanguage":"de-DE"}]}},"_links":{"self":[{"href":"https:\/\/parier-presidentielle.com\/de\/wp-json\/wp\/v2\/pages\/212"}],"collection":[{"href":"https:\/\/parier-presidentielle.com\/de\/wp-json\/wp\/v2\/pages"}],"about":[{"href":"https:\/\/parier-presidentielle.com\/de\/wp-json\/wp\/v2\/types\/page"}],"author":[{"embeddable":true,"href":"https:\/\/parier-presidentielle.com\/de\/wp-json\/wp\/v2\/users\/1"}],"replies":[{"embeddable":true,"href":"https:\/\/parier-presidentielle.com\/de\/wp-json\/wp\/v2\/comments?post=212"}],"version-history":[{"count":4,"href":"https:\/\/parier-presidentielle.com\/de\/wp-json\/wp\/v2\/pages\/212\/revisions"}],"predecessor-version":[{"id":234,"href":"https:\/\/parier-presidentielle.com\/de\/wp-json\/wp\/v2\/pages\/212\/revisions\/234"}],"wp:attachment":[{"href":"https:\/\/parier-presidentielle.com\/de\/wp-json\/wp\/v2\/media?parent=212"}],"curies":[{"name":"wp","href":"https:\/\/api.w.org\/{rel}","templated":true}]}}