{"id":235,"date":"2021-09-14T16:33:07","date_gmt":"2021-09-14T14:33:07","guid":{"rendered":"https:\/\/parier-presidentielle.com\/?page_id=235"},"modified":"2022-12-16T18:12:01","modified_gmt":"2022-12-16T17:12:01","slug":"betclic-presidentielle-2022","status":"publish","type":"page","link":"https:\/\/parier-presidentielle.com\/de\/betclic-prasidentschafts-2022\/","title":{"rendered":"Betclic: Wetten Sie auf die Pr\u00e4sidentschaftswahl 2022"},"content":{"rendered":"<div class=\"wp-block-columns is-layout-flex wp-container-4 wp-block-columns-is-layout-flex\">\n<div class=\"wp-block-column is-layout-flow wp-block-column-is-layout-flow\" style=\"flex-basis:100%\">\n<div class=\"wp-block-columns is-layout-flex wp-container-2 wp-block-columns-is-layout-flex\">\n<div class=\"wp-block-column is-layout-flow wp-block-column-is-layout-flow\" style=\"flex-basis:100%\">\n<center><script type=\"text\/javascript\" charset=\"utf-8\" src=\"https:\/\/www.gambling-affiliation.com\/cpm\/v=AmIMTDSs92QY6b0MzDMvM5laCjJ-ZlA-1oQ-7tKsi.w_GA7331V2\"><\/script><\/center>\n\n\n\n<p><\/p>\n\n\n\n<div class=\"wp-block-image is-style-default\"><figure class=\"aligncenter size-medium\"><a href=\"https:\/\/parier-presidentielle.com\/de\/recommends\/unibet-logo\/\" target=\"_blank\" rel=\"no follow noopener\"><img decoding=\"async\" loading=\"lazy\" width=\"300\" height=\"169\" src=\"https:\/\/parier-presidentielle.com\/wp-content\/uploads\/2022\/04\/unibet-300x169.jpg\" alt=\"\" class=\"wp-image-1252\" srcset=\"https:\/\/parier-presidentielle.com\/wp-content\/uploads\/2022\/04\/unibet-300x169.jpg 300w, https:\/\/parier-presidentielle.com\/wp-content\/uploads\/2022\/04\/unibet-1024x576.jpg 1024w, https:\/\/parier-presidentielle.com\/wp-content\/uploads\/2022\/04\/unibet-768x432.jpg 768w, https:\/\/parier-presidentielle.com\/wp-content\/uploads\/2022\/04\/unibet-18x10.jpg 18w, https:\/\/parier-presidentielle.com\/wp-content\/uploads\/2022\/04\/unibet.jpg 1280w\" sizes=\"(max-width: 300px) 100vw, 300px\" \/><\/a><\/figure><\/div>\n<\/div>\n<\/div>\n<\/div>\n<\/div>\n\n\n\n<h2 class=\"wp-block-heading\" id=\"le-meilleur-bookmaker-de-france-betclic\"><span id=\"le-bookmaker-betclic-et-la-politique-francaise\">Buchmacher Betclic und die franz\u00f6sische Politik!?<\/span><\/h2>\n\n\n\n<h3 class=\"wp-block-heading\" id=\"parier-sur-l-election-presidentielle-2022-c-est-possible-avec-un-seul-site-de-paris-en-ligne-en-france-et-ca-tombe-car-c-est-aussi-le-meilleur-et-le-plus-sur-betclic\"><span id=\"parier-sur-l8217election-presidentielle-2022-n8217est-plus-possible-avec-le-site-de-paris-betclic-en-france-mais-seulement-avec-unibet\">Wetten auf die Pr\u00e4sidentschaftswahl 2022 sind nicht mehr \u00fcber die Wettseite Betclic in Frankreich m\u00f6glich, sondern nur noch \u00fcber Unibet!<\/span><\/h3>\n\n\n\n<p><strong>Betclic <\/strong>Paris auf franz\u00f6sische Politik wird leider nicht mehr angeboten, aber gl\u00fccklicherweise ist es immer noch m\u00f6glich, bei anderen Buchmachern als Betclic zu wetten: <strong>Unibet<\/strong>! Deshalb empfiehlt das Team von Parier-Pr\u00e9sidentielle den Marktf\u00fchrer, der einen Bonus und noch interessantere Quoten bietet: <\/p>\n\n\n\n<p class=\"has-text-align-center unibet has-medium-font-size\"><a href=\"https:\/\/parier-presidentielle.com\/de\/recommends\/unibet-text-betclic\/\"><strong>150 \u20ac Bonus angeboten mit Unibet F\u00fcr Ihr 1. Paris: Klicken Sie hier<\/strong><\/a><\/p>\n\n\n\n<p> Finden Sie unsere Anleitungen und Vorhersagen von Bookmaker in unseren speziellen Dateien: <\/p>\n\n\n\n<ul>\n<li><strong><a href=\"https:\/\/parier-presidentielle.com\/de\/unibet-policy-wahl-2022\/\">Unibet: Buchmacherleitfaden f\u00fcr die Pr\u00e4sidentschaftswahl 2022<\/a><\/strong><\/li>\n\n\n\n<li><a href=\"https:\/\/parier-presidentielle.com\/de\/buchmacher-macron-le-pen\/\"><strong>Leitfaden und Vorhersagen f\u00fcr Wetten auf die zweite Runde Macron \u2013 Le Pen<\/strong><\/a><\/li>\n<\/ul>\n\n\n\n<p>Betclic: Gegen Bwin &amp; Unibet<\/p>\n\n\n\n<p>Wetten auf Politik werden nicht nur Ihre Wahlabende aufpeppen, sondern k\u00f6nnen sich auch gut auszahlen! Auf dieser Seite finden Sie also alle Informationen, um Ihre erste Wette mit der franz\u00f6sischen Referenz f\u00fcr Online-Spiele, dem Betclic-Buchmacher, abzuschlie\u00dfen. Sowie alle Quoten und unsere Vorhersagen f\u00fcr diese Wahl 2022.<\/p>\n\n\n\n<p class=\"has-text-align-center\"><strong>Die unten aufgef\u00fchrten Informationen, Quoten und Ratschl\u00e4ge sind daher veraltet und stehen nur als Archiv zur Verf\u00fcgung, wenn Sie auf die zweite Runde wetten m\u00f6chten: Wenden Sie sich an den F\u00fchrenden der <a href=\"https:\/\/parier-presidentielle.com\/de\/unibet-policy-wahl-2022\/\">Paris f\u00fcr die Unibet-Wahl<\/a><\/strong><\/p>\n\n\n\n<p><\/p>\n\n\n\n<p><\/p>\n\n\n\n<p><\/p>\n\n\n\n<p><\/p>\n\n\n\n<p class=\"has-text-align-center\">Archiv <\/p>\n\n\n\n<h2 class=\"wp-block-heading\" id=\"les-cotes-des-candidats-du-bookmaker-sur-betclic\"><span id=\"les-cotes-des-candidats-du-bookmaker-sur-betclic\">Die Quoten der Kandidaten des Buchmachers bei Betclic <\/span><\/h2>\n\n\n\n<p>Schauen wir uns zun\u00e4chst die Bewertungen verschiedener politischer Pers\u00f6nlichkeiten an: <\/p>\n\n\n\n<ul>\n<li>Emmanuel Macron <strong>1,58<\/strong><\/li>\n\n\n\n<li>Marine Le Pen <strong>4,00<\/strong><\/li>\n\n\n\n<li>Jean-Luc Melenchon <strong>15<\/strong><\/li>\n\n\n\n<li>Eduard Philipp <strong>17<\/strong><\/li>\n\n\n\n<li>Xaver-Bertrand <strong>17<\/strong><\/li>\n\n\n\n<li>Anne Hidalgo <strong>22<\/strong><\/li>\n\n\n\n<li>Laurent Wauquiez <strong>25<\/strong><\/li>\n\n\n\n<li>Nikolaus Sarkozy <strong>25<\/strong><\/li>\n\n\n\n<li>Fran\u00e7ois Barouin <strong>28<\/strong><\/li>\n\n\n\n<li>Nicolas Dupont-Aignan <strong>30<\/strong><\/li>\n\n\n\n<li>Bernhard Cazeneuve <strong>65<\/strong><\/li>\n\n\n\n<li>Beno\u00eet Hamon <strong>65<\/strong><\/li>\n\n\n\n<li>Johannes Lassalle <strong>100<\/strong><\/li>\n\n\n\n<li>Francois Hollande <strong>100<\/strong><\/li>\n<\/ul>\n\n\n<div class=\"wp-block-image\">\n<figure class=\"aligncenter size-large is-resized\"><img decoding=\"async\" loading=\"lazy\" src=\"https:\/\/parier-presidentielle.com\/wp-content\/uploads\/2021\/09\/image-4-1024x872.png\" alt=\"Die Quoten der Kandidaten des Buchmachers Betclic f\u00fcr die Pr\u00e4sidentschaftswahl 2022\" class=\"wp-image-329\" width=\"768\" height=\"654\" srcset=\"https:\/\/parier-presidentielle.com\/wp-content\/uploads\/2021\/09\/image-4-1024x872.png 1024w, https:\/\/parier-presidentielle.com\/wp-content\/uploads\/2021\/09\/image-4-300x255.png 300w, https:\/\/parier-presidentielle.com\/wp-content\/uploads\/2021\/09\/image-4-768x654.png 768w, https:\/\/parier-presidentielle.com\/wp-content\/uploads\/2021\/09\/image-4.png 1118w\" sizes=\"(max-width: 768px) 100vw, 768px\" \/><\/figure><\/div>\n\n\n<h2 class=\"wp-block-heading\" id=\"l-analyse-des-cotes-de-betclic\"><span id=\"l8217analyse-des-cotes-de-betclic\">Betclic-Quotenanalyse<\/span><\/h2>\n\n\n\n<p>Die Bewertung von Emmanuel Macron lautet <strong>1,58<\/strong> gegen die von Marine Le Pen <strong>4,00<\/strong>Auf den ersten Blick mag das Wetten auf den Kandidaten des Rassemblement National interessant erscheinen, weil die Quoten h\u00f6her sind, aber es muss ber\u00fccksichtigt werden, dass sie trotz der Jahre, ob Vater oder Tochter, immer verloren haben und das unabh\u00e4ngig vom Kandidaten rechts oder mitte...<br>Alle Meinungsforschungsinstitute geben in der zweiten Runde den amtierenden Pr\u00e4sidenten und den Sieger des Finales an. <\/p>\n\n\n\n<p>Folglich <a href=\"https:\/\/parier-presidentielle.com\/de\/macron-wahl\/\">Wetten Sie auf den Sieg von Emmanuel Macron<\/a> bei der Pr\u00e4sidentschaftswahl ist die beste Wahl! Wenn Sie beim Betclic-Buchmacher wetten, profitieren Sie au\u00dferdem von einem speziellen Bonusangebot von 100 \u20ac, allerdings nur auf Sport, weshalb wir Bwin und Unibet empfehlen!<\/p>\n\n\n\n<p><br><br><\/p>\n\n\n\n<h2 class=\"wp-block-heading\" id=\"betclic-origine-et-paris-politique\"><span id=\"betclic-origine-et-paris-politique\">Betclic: Herkunft und politische Wetten<\/span><\/h2>\n\n\n\n<p>Betclic ist ein franz\u00f6sisches Online-Gl\u00fccksspielunternehmen. Das 2005 in London gegr\u00fcndete Unternehmen hat seinen Sitz in Malta und die Gesch\u00e4ftsf\u00fchrung befindet sich in Bordeaux. Auf dem franz\u00f6sischen Markt verf\u00fcgt das Unternehmen \u00fcber Lizenzen f\u00fcr Sportwetten, Rennwetten und Online-Poker.<br><\/p>\n\n\n\n<p>Geschichte von Betclic<br><strong>Betclic <\/strong>wurde 2005 von Nicolas Bero mit einem Mitarbeiter und einer Investition von 3 Millionen Euro in London gegr\u00fcndet. Im Jahr 2008 kaufte Mangas Gaming f\u00fcr 50 Millionen Euro einen Anteil von 75 % an Betclic vom Eigent\u00fcmer, und im Jahr 2009 erwarb SBM einen Anteil von 50 % an dem Unternehmen. Im Jahr 2010 wurde bekannt gegeben, dass Betclic 35 bis 401 TP4T des franz\u00f6sischen Marktes hielt und der gr\u00f6\u00dfte Buchmacher des Landes war. W\u00e4hrend der Euro 2012 nahm Betclic 2 Millionen Wetten auf Sportwettk\u00e4mpfe an und erwirtschaftete 12 Millionen Euro. Am 31. Mai 2016 fusionierte Betclic mit dem Online-Pokerunternehmen Everest Poker. Im Oktober 2016 verlegten sie ihre B\u00fcros von London und Paris nach Bordeaux. Im September 2018 erwarb Betclic eine Lizenz f\u00fcr den Betrieb in Polen.<\/p>\n\n\n\n<h2 class=\"wp-block-heading\" id=\"partenariat-et-legitimite-pour-parier-en-2022\"><span id=\"partenariat-et-legitimite-pour-parier-en-2022\">Partnerschaft und Legitimit\u00e4t, um im Jahr 2022 zu wetten<\/span><\/h2>\n\n\n\n<p>Betclics erstes Sportsponsoring war 2009 Olympique Lyonnais, das f\u00fcr die Saison 2010\/11 auf T-Shirts f\u00fcr das Unternehmen wirbte. Von 2010 bis 2012 sponserte Betclic Kleidung f\u00fcr Spieler wie Olympique de Marseille und Juventus. Ebenso wurde 2018 eine Partnerschaft mit dem Bordeaux Beggle Rugby Club bekannt gegeben. Mit einer neuen Arbeitslizenz in Polen, die 2018 erworben wurde, unterzeichnete Betclic im Sommer 2019 Sponsoringvertr\u00e4ge mit dem polnischen Fu\u00dfballmeister Piast und dem polnischen Pokalsiegerclub Lechia. Wenn Betclic also ein f\u00fchrender Buchmacher im Bereich Sportwetten ist, bietet er leider kein Angebot f\u00fcr die Pr\u00e4sidentschaftswahl 2022 an <a href=\"https:\/\/parier-presidentielle.com\/de\/\">Wette auf Macron oder Lepen <\/a>es wird notwendig sein, Bwin oder Unibet zu bestehen!<\/p>\n\n\n\n<p><\/p>\n\n\n\n<p class=\"has-text-align-center unibet\" style=\"font-size:25px\"><mark style=\"background-color:rgba(0, 0, 0, 0);color:#0d7a12\" class=\"has-inline-color\"><strong><a href=\"https:\/\/parier-presidentielle.com\/de\/recommends\/unibet\/\">150 \u20ac Bonus, der bei Unibet angeboten wird<br>F\u00fcr Ihre 1. politische oder sportliche Wette: Klicken Sie hier<\/a><\/strong><\/mark><\/p>\n\n\n\n<p><\/p>\n\n\n<div class=\"wp-block-image\">\n<figure class=\"aligncenter is-resized wp-duotone-000097-ff4747-5\"><img decoding=\"async\" loading=\"lazy\" src=\"https:\/\/parier-presidentielle.com\/wp-content\/uploads\/2021\/09\/election-standard-scale-4_00x-gigapixel-1024x623.jpg\" alt=\"Wahl 2022\" style=\"width:256px;height:156px\" width=\"256\" height=\"156\"\/><\/figure><\/div>\n\n\n<p><br><\/p>\n\n\n\n<p><strong>Parier-presidentielle hilft Ihnen, Ihre Wahl zwischen den verschiedenen zu treffen<a href=\"https:\/\/parier-presidentielle.com\/de\/\"> Die Buchmacher Bwin, Unibet und Betclic setzen 2024 auf den zuk\u00fcnftigen amerikanischen Pr\u00e4sidenten<\/a> : <\/strong><br><a href=\"https:\/\/parier-presidentielle.com\/de\/unibet-policy-wahl-2022\/\">Unibet Presidential Buchmacher<\/a> : Detaillierter und kostenloser Leitfaden, um Ihre 1. Wette online mit allen Quoten abzuschlie\u00dfen und wie Sie den angebotenen Bonus nutzen k\u00f6nnen!<\/p>\n\n\n\n<p>Sowie die anderen Online-Wettseiten: <a href=\"https:\/\/parier-presidentielle.com\/de\/unibet-policy-wahl-2022\/\">Bwin<\/a>, <a href=\"https:\/\/parier-presidentielle.com\/de\/netbet-paris-politik-wahl-2022\/\">NetBet<\/a>, <a href=\"https:\/\/parier-presidentielle.com\/de\/betclic-prasidentschafts-2022\/\">Betclic<\/a>, <a href=\"https:\/\/parier-presidentielle.com\/de\/winamax-politikwahl-2022\/\">Winamax<\/a>, Parions Sport, Zebet, Betway, France-Pari, Vbet, Cloudbet, 1Xbit, 1xbet, Betfair, Betwinner\u2026<\/p>\n\n\n\n<div class=\"wp-block-columns is-layout-flex wp-container-10 wp-block-columns-is-layout-flex\">\n<div class=\"wp-block-column is-layout-flow wp-block-column-is-layout-flow\" style=\"flex-basis:33.33%\">\n<p>Sie haben gerade unsere Datei gelesen:<\/p>\n<\/div>\n\n\n\n<div class=\"wp-block-column is-layout-flow wp-block-column-is-layout-flow\" style=\"flex-basis:33.33%\">\n<div class=\"wp-block-group is-layout-flow wp-block-group-is-layout-flow\"><div class=\"wp-block-group__inner-container\"><h4 class=\"has-text-align-center wp-block-post-title\"><span id=\"betclic-parier-sur-lelection-presidentielle-2022\"><a href=\"https:\/\/parier-presidentielle.com\/de\/betclic-prasidentschafts-2022\/\" target=\"_self\" >Betclic: Wetten Sie auf die Pr\u00e4sidentschaftswahl 2022<\/a><\/span><\/h4><\/div><\/div>\n<\/div>\n\n\n\n<div class=\"wp-block-column is-layout-flow wp-block-column-is-layout-flow\" style=\"flex-basis:33.33%\">\n<p class=\"has-text-align-right\">Lesen Sie weiter mit unseren anderen exklusiven Dateien,<\/p>\n<\/div>\n<\/div>\n\n\n\n<h3 class=\"wp-block-heading\" id=\"tous-les-pronostics-sondage-et-cotes-pour-parier-sur-le-futur-vainqueur-de-l-election-presidentielle-2022\"><span id=\"tous-les-pronostics-sondage-et-cotes-pour-parier-sur-le-futur-vainqueur-de-l8217election-presidentielle-2024\">Alle Vorhersagen, Umfragen und Quoten, um auf den zuk\u00fcnftigen Gewinner der Pr\u00e4sidentschaftswahl 2024 zu wetten:<\/span><\/h3>\n\n\n\n<ul>\n<li><a href=\"https:\/\/parier-presidentielle.com\/de\/macron-wahl\/\">Setzen Sie auf Emmanuel Macron mit Unibet, Betclic, Bwin<\/a> : Der Favorit von Umfragen und Vorhersagen <\/li>\n\n\n\n<li><a href=\"https:\/\/parier-presidentielle.com\/de\/marine-le-pen-wahl\/\">Marine Le Pen: Ihre Quoten und wie man bei Buchmachern wetten kann<\/a>: Der Herausforderer laut Unibet<\/li>\n<\/ul>\n\n\n\n<p><\/p>\n\n\n\n<center><script type=\"text\/javascript\" charset=\"utf-8\" src=\"https:\/\/www.gambling-affiliation.com\/cpm\/v=AmIMTDSs92QY6b0MzDMvM5laCjJ-ZlA-1oQ-7tKsi.w_GA7331V2\"><\/script><\/center>\n\n\n\n<h3 class=\"wp-block-heading\"><span id=\"donald-trump-vs-joe-biden-la-video-qui-lance-les-paris-en-ligne-sur-l8217election-politique-de-2024\">Donald Trump gegen Joe Biden: Das Video, das Online-Wetten auf die politischen Wahlen 2024 startet<\/span><\/h3>\n\n\n\n<figure class=\"wp-block-embed is-type-video is-provider-youtube wp-block-embed-youtube wp-embed-aspect-16-9 wp-has-aspect-ratio\"><div class=\"wp-block-embed__wrapper\">\n<iframe loading=\"lazy\" title=\"Der fr\u00fchere Pr\u00e4sident Donald Trump startet 2024 das Angebot des Wei\u00dfen Hauses #Short\" width=\"640\" height=\"360\" src=\"https:\/\/www.youtube.com\/embed\/hZykPRVe4Ag?feature=oembed\" frameborder=\"0\" allow=\"accelerometer; autoplay; clipboard-write; encrypted-media; gyroscope; picture-in-picture; web-share\" allowfullscreen><\/iframe>\n<\/div><\/figure>\n\n\n<div class=\"wp-block-image\">\n<figure class=\"aligncenter size-medium\"><a href=\"https:\/\/parier-presidentielle.com\/de\/recommends\/unibet\/\" target=\"_blank\" rel=\"noopener\"><img decoding=\"async\" loading=\"lazy\" width=\"300\" height=\"169\" src=\"https:\/\/parier-presidentielle.com\/wp-content\/uploads\/2022\/04\/unibet-300x169.jpg\" alt=\"\" class=\"wp-image-1252\" srcset=\"https:\/\/parier-presidentielle.com\/wp-content\/uploads\/2022\/04\/unibet-300x169.jpg 300w, https:\/\/parier-presidentielle.com\/wp-content\/uploads\/2022\/04\/unibet-1024x576.jpg 1024w, https:\/\/parier-presidentielle.com\/wp-content\/uploads\/2022\/04\/unibet-768x432.jpg 768w, https:\/\/parier-presidentielle.com\/wp-content\/uploads\/2022\/04\/unibet-18x10.jpg 18w, https:\/\/parier-presidentielle.com\/wp-content\/uploads\/2022\/04\/unibet.jpg 1280w\" sizes=\"(max-width: 300px) 100vw, 300px\" \/><\/a><\/figure><\/div>\n\n\n<p>Finden Sie im Wiki die wichtigsten politischen Nachrichten zu Cannabis und seinen legalen Derivaten: <strong>HHC, H4cbd, Thcp, Thcv, HSD, HHCPO, C4B<\/strong><\/p>\n\n\n\n<p>Schl\u00fcsselw\u00f6rter der Seite: Betclick, Wettklick, Quoten, Vorhersagen<\/p>\n<div id=\"toc_container\" class=\"no_bullets\"><p class=\"toc_title\">Inhaltsverzeichnis<\/p><ul class=\"toc_list\"><li><ul><li><\/li><\/ul><\/li><li><\/li><li><\/li><li><\/li><li><ul><li><ul><li><\/li><\/ul><\/li><li><\/li><li><\/li><\/ul><\/li><\/ul><\/div>","protected":false},"excerpt":{"rendered":"<p>Le Bookmaker Betclic et la politique Francaise!? Parier sur l&#8217;\u00e9lection Pr\u00e9sidentielle 2022 n&#8217;est plus possible avec le site de paris Betclic en France mais seulement avec Unibet! Betclic malheureusement ne propose plus de Paris sur la Politique Francaise, mais heureusement il est toujours possible de parier avec d&#8217;autre bookmaker que Betclic : Unibet! Ainsi l&#8217;\u00e9quipe &#8230;<\/p>","protected":false},"author":1,"featured_media":0,"parent":0,"menu_order":0,"comment_status":"closed","ping_status":"closed","template":"page-nosidebar.php","meta":{"footnotes":""},"yoast_head":"<!-- This site is optimized with the Yoast SEO Premium plugin v21.0 (Yoast SEO v21.0) - https:\/\/yoast.com\/wordpress\/plugins\/seo\/ -->\n<title>Betclic : Parier sur l\u2019\u00e9lection Pr\u00e9sidentielle 2022 - Finale Coupe du Monde FIFA<\/title>\n<meta name=\"description\" content=\"Parier avec Betclic 100\u20ac offert pour votre 1er Pari sur la Politique, le Sport! Guide du Bookmaker pour profiter du Bonus de bienvenue...\" \/>\n<meta name=\"robots\" content=\"index, follow, max-snippet:-1, max-image-preview:large, max-video-preview:-1\" \/>\n<link rel=\"canonical\" href=\"https:\/\/parier-presidentielle.com\/de\/betclic-prasidentschafts-2022\/\" \/>\n<meta property=\"og:locale\" content=\"de_DE\" \/>\n<meta property=\"og:type\" content=\"article\" \/>\n<meta property=\"og:title\" content=\"Betclic : Parier sur l\u2019\u00e9lection Pr\u00e9sidentielle 2022\" \/>\n<meta property=\"og:description\" content=\"Parier avec Betclic 100\u20ac offert pour votre 1er Pari sur la Politique, le Sport! Guide du Bookmaker pour profiter du Bonus de bienvenue...\" \/>\n<meta property=\"og:url\" content=\"https:\/\/parier-presidentielle.com\/de\/betclic-prasidentschafts-2022\/\" \/>\n<meta property=\"og:site_name\" content=\"Parier Pr\u00e9sidentielle\" \/>\n<meta property=\"article:modified_time\" content=\"2022-12-16T17:12:01+00:00\" \/>\n<meta property=\"og:image\" content=\"https:\/\/parier-presidentielle.com\/wp-content\/uploads\/2021\/09\/image-4-1024x872.png\" \/>\n<meta name=\"twitter:card\" content=\"summary_large_image\" \/>\n<meta name=\"twitter:label1\" content=\"Gesch\u00e4tzte Lesezeit\" \/>\n\t<meta name=\"twitter:data1\" content=\"5 Minuten\" \/>\n<script type=\"application\/ld+json\" class=\"yoast-schema-graph\">{\"@context\":\"https:\/\/schema.org\",\"@graph\":[{\"@type\":\"WebPage\",\"@id\":\"https:\/\/parier-presidentielle.com\/betclic-presidentielle-2022\/\",\"url\":\"https:\/\/parier-presidentielle.com\/betclic-presidentielle-2022\/\",\"name\":\"Betclic : Parier sur l\u2019\u00e9lection Pr\u00e9sidentielle 2022 - Finale Coupe du Monde FIFA\",\"isPartOf\":{\"@id\":\"https:\/\/parier-presidentielle.com\/#website\"},\"datePublished\":\"2021-09-14T14:33:07+00:00\",\"dateModified\":\"2022-12-16T17:12:01+00:00\",\"description\":\"Parier avec Betclic 100\u20ac offert pour votre 1er Pari sur la Politique, le Sport! Guide du Bookmaker pour profiter du Bonus de bienvenue...\",\"breadcrumb\":{\"@id\":\"https:\/\/parier-presidentielle.com\/betclic-presidentielle-2022\/#breadcrumb\"},\"inLanguage\":\"de-DE\",\"potentialAction\":[{\"@type\":\"ReadAction\",\"target\":[\"https:\/\/parier-presidentielle.com\/betclic-presidentielle-2022\/\"]}]},{\"@type\":\"BreadcrumbList\",\"@id\":\"https:\/\/parier-presidentielle.com\/betclic-presidentielle-2022\/#breadcrumb\",\"itemListElement\":[{\"@type\":\"ListItem\",\"position\":1,\"name\":\"Accueil\",\"item\":\"https:\/\/parier-presidentielle.com\/\"},{\"@type\":\"ListItem\",\"position\":2,\"name\":\"Betclic : Parier sur l\u2019\u00e9lection Pr\u00e9sidentielle 2022\"}]},{\"@type\":\"WebSite\",\"@id\":\"https:\/\/parier-presidentielle.com\/#website\",\"url\":\"https:\/\/parier-presidentielle.com\/\",\"name\":\"Parier Pr\u00e9sidentielle\",\"description\":\"Paris, Pronostics, Wiki sur la Politique, les Elections Am\u00e9ricaines: Joe Biden, Donald Trump avec les Bookmakers en ligne Unibet, Bwin, Betclic, Winamax\",\"potentialAction\":[{\"@type\":\"SearchAction\",\"target\":{\"@type\":\"EntryPoint\",\"urlTemplate\":\"https:\/\/parier-presidentielle.com\/?s={search_term_string}\"},\"query-input\":\"required name=search_term_string\"}],\"inLanguage\":\"de-DE\"}]}<\/script>\n<!-- \/ Yoast SEO Premium plugin. -->","yoast_head_json":{"title":"Betclic : Parier sur l\u2019\u00e9lection Pr\u00e9sidentielle 2022 - Finale Coupe du Monde FIFA","description":"Parier avec Betclic 100\u20ac offert pour votre 1er Pari sur la Politique, le Sport! Guide du Bookmaker pour profiter du Bonus de bienvenue...","robots":{"index":"index","follow":"follow","max-snippet":"max-snippet:-1","max-image-preview":"max-image-preview:large","max-video-preview":"max-video-preview:-1"},"canonical":"https:\/\/parier-presidentielle.com\/de\/betclic-prasidentschafts-2022\/","og_locale":"de_DE","og_type":"article","og_title":"Betclic : Parier sur l\u2019\u00e9lection Pr\u00e9sidentielle 2022","og_description":"Parier avec Betclic 100\u20ac offert pour votre 1er Pari sur la Politique, le Sport! Guide du Bookmaker pour profiter du Bonus de bienvenue...","og_url":"https:\/\/parier-presidentielle.com\/de\/betclic-prasidentschafts-2022\/","og_site_name":"Parier Pr\u00e9sidentielle","article_modified_time":"2022-12-16T17:12:01+00:00","og_image":[{"url":"https:\/\/parier-presidentielle.com\/wp-content\/uploads\/2021\/09\/image-4-1024x872.png"}],"twitter_card":"summary_large_image","twitter_misc":{"Gesch\u00e4tzte Lesezeit":"5 Minuten"},"schema":{"@context":"https:\/\/schema.org","@graph":[{"@type":"WebPage","@id":"https:\/\/parier-presidentielle.com\/betclic-presidentielle-2022\/","url":"https:\/\/parier-presidentielle.com\/betclic-presidentielle-2022\/","name":"Betclic : Parier sur l\u2019\u00e9lection Pr\u00e9sidentielle 2022 - Finale Coupe du Monde FIFA","isPartOf":{"@id":"https:\/\/parier-presidentielle.com\/#website"},"datePublished":"2021-09-14T14:33:07+00:00","dateModified":"2022-12-16T17:12:01+00:00","description":"Parier avec Betclic 100\u20ac offert pour votre 1er Pari sur la Politique, le Sport! Guide du Bookmaker pour profiter du Bonus de bienvenue...","breadcrumb":{"@id":"https:\/\/parier-presidentielle.com\/betclic-presidentielle-2022\/#breadcrumb"},"inLanguage":"de-DE","potentialAction":[{"@type":"ReadAction","target":["https:\/\/parier-presidentielle.com\/betclic-presidentielle-2022\/"]}]},{"@type":"BreadcrumbList","@id":"https:\/\/parier-presidentielle.com\/betclic-presidentielle-2022\/#breadcrumb","itemListElement":[{"@type":"ListItem","position":1,"name":"Accueil","item":"https:\/\/parier-presidentielle.com\/"},{"@type":"ListItem","position":2,"name":"Betclic : Parier sur l\u2019\u00e9lection Pr\u00e9sidentielle 2022"}]},{"@type":"WebSite","@id":"https:\/\/parier-presidentielle.com\/#website","url":"https:\/\/parier-presidentielle.com\/","name":"Parier Pr\u00e9sidentielle","description":"Paris, Pronostics, Wiki sur la Politique, les Elections Am\u00e9ricaines: Joe Biden, Donald Trump avec les Bookmakers en ligne Unibet, Bwin, Betclic, Winamax","potentialAction":[{"@type":"SearchAction","target":{"@type":"EntryPoint","urlTemplate":"https:\/\/parier-presidentielle.com\/?s={search_term_string}"},"query-input":"required name=search_term_string"}],"inLanguage":"de-DE"}]}},"_links":{"self":[{"href":"https:\/\/parier-presidentielle.com\/de\/wp-json\/wp\/v2\/pages\/235"}],"collection":[{"href":"https:\/\/parier-presidentielle.com\/de\/wp-json\/wp\/v2\/pages"}],"about":[{"href":"https:\/\/parier-presidentielle.com\/de\/wp-json\/wp\/v2\/types\/page"}],"author":[{"embeddable":true,"href":"https:\/\/parier-presidentielle.com\/de\/wp-json\/wp\/v2\/users\/1"}],"replies":[{"embeddable":true,"href":"https:\/\/parier-presidentielle.com\/de\/wp-json\/wp\/v2\/comments?post=235"}],"version-history":[{"count":39,"href":"https:\/\/parier-presidentielle.com\/de\/wp-json\/wp\/v2\/pages\/235\/revisions"}],"predecessor-version":[{"id":1825,"href":"https:\/\/parier-presidentielle.com\/de\/wp-json\/wp\/v2\/pages\/235\/revisions\/1825"}],"wp:attachment":[{"href":"https:\/\/parier-presidentielle.com\/de\/wp-json\/wp\/v2\/media?parent=235"}],"curies":[{"name":"wp","href":"https:\/\/api.w.org\/{rel}","templated":true}]}}