{"id":24,"date":"2021-08-31T11:54:03","date_gmt":"2021-08-31T09:54:03","guid":{"rendered":"http:\/\/parier-presidentielle.com\/?page_id=24"},"modified":"2023-09-12T23:05:44","modified_gmt":"2023-09-12T21:05:44","slug":"parier-sur-lelection-presidentielle-de-2022-politique-paris","status":"publish","type":"page","link":"https:\/\/parier-presidentielle.com\/de\/","title":{"rendered":"Wetten Sie auf Politik und Wahlen mit den besten Buchmachern: Unibet, Bwin"},"content":{"rendered":"<div class=\"wp-block-group is-layout-flow wp-block-group-is-layout-flow\"><div class=\"wp-block-group__inner-container\">\n<div class=\"wp-block-columns is-layout-flex wp-container-3 wp-block-columns-is-layout-flex\">\n<div class=\"wp-block-column is-layout-flow wp-block-column-is-layout-flow\" style=\"flex-basis:100%\">\n<div class=\"wp-block-group alignwide is-layout-flow wp-block-group-is-layout-flow\"><div class=\"wp-block-group__inner-container\">\n<div class=\"wp-block-media-text alignwide is-stacked-on-mobile is-vertically-aligned-top\" style=\"grid-template-columns:35% auto\"><figure class=\"wp-block-media-text__media\"><img decoding=\"async\" loading=\"lazy\" width=\"1024\" height=\"711\" src=\"https:\/\/parier-presidentielle.com\/wp-content\/uploads\/2022\/12\/biden-vs-trump-1024x711.jpeg\" alt=\"\" class=\"wp-image-1865 size-full\" srcset=\"https:\/\/parier-presidentielle.com\/wp-content\/uploads\/2022\/12\/biden-vs-trump-1024x711.jpeg 1024w, https:\/\/parier-presidentielle.com\/wp-content\/uploads\/2022\/12\/biden-vs-trump-300x208.jpeg 300w, https:\/\/parier-presidentielle.com\/wp-content\/uploads\/2022\/12\/biden-vs-trump-768x533.jpeg 768w, https:\/\/parier-presidentielle.com\/wp-content\/uploads\/2022\/12\/biden-vs-trump-1536x1066.jpeg 1536w, https:\/\/parier-presidentielle.com\/wp-content\/uploads\/2022\/12\/biden-vs-trump-2048x1422.jpeg 2048w, https:\/\/parier-presidentielle.com\/wp-content\/uploads\/2022\/12\/biden-vs-trump-18x12.jpeg 18w\" sizes=\"(max-width: 1024px) 100vw, 1024px\" \/><\/figure><div class=\"wp-block-media-text__content\">\n<p style=\"font-size:18px\"><strong>Bet Presidential ist die Referenzseite, die Sie bei Ihrer ersten Wette bei den Buchmachern Unibet, Betclic, Bwin\u2026 \u00fcber Politik und die franz\u00f6sischen, amerikanischen und internationalen Pr\u00e4sidentschaftswahlen f\u00fchrt<\/strong>.<br><br><strong>Leitfaden und Boni f\u00fcr Wetten auf den zuk\u00fcnftigen Pr\u00e4sidenten der Vereinigten Staaten und Gewinner der zweiten Runde: Joe Biden<\/strong> <strong>Macron oder Donald Trump!<\/strong><\/p>\n<\/div><\/div>\n<\/div><\/div>\n<\/div>\n<\/div>\n<\/div><\/div>\n\n\n\n<div class=\"wp-block-group is-layout-flow wp-block-group-is-layout-flow\"><div class=\"wp-block-group__inner-container\">\n<div class=\"wp-block-columns is-layout-flex wp-container-8 wp-block-columns-is-layout-flex\">\n<div class=\"wp-block-column is-layout-flow wp-block-column-is-layout-flow\" style=\"flex-basis:100%\">\n<div class=\"wp-block-columns is-layout-flex wp-container-6 wp-block-columns-is-layout-flex\">\n<div class=\"wp-block-column is-layout-flow wp-block-column-is-layout-flow\" style=\"flex-basis:100%\">\n<center><script type=\"text\/javascript\" charset=\"utf-8\" src=\"https:\/\/www.gambling-affiliation.com\/cpm\/v=AmIMTDSs92QY6b0MzDMvM5laCjJ-ZlA-1oQ-7tKsi.w_GA7331V2\"><\/script><\/center>\n\n\n\n<p><\/p>\n\n\n\n<div class=\"wp-block-image is-style-default\"><figure class=\"aligncenter size-medium\"><a href=\"https:\/\/parier-presidentielle.com\/de\/recommends\/unibet-logo\/\" target=\"_blank\" rel=\"no follow noopener\"><img decoding=\"async\" loading=\"lazy\" width=\"300\" height=\"169\" src=\"https:\/\/parier-presidentielle.com\/wp-content\/uploads\/2022\/04\/unibet-300x169.jpg\" alt=\"\" class=\"wp-image-1252\" srcset=\"https:\/\/parier-presidentielle.com\/wp-content\/uploads\/2022\/04\/unibet-300x169.jpg 300w, https:\/\/parier-presidentielle.com\/wp-content\/uploads\/2022\/04\/unibet-1024x576.jpg 1024w, https:\/\/parier-presidentielle.com\/wp-content\/uploads\/2022\/04\/unibet-768x432.jpg 768w, https:\/\/parier-presidentielle.com\/wp-content\/uploads\/2022\/04\/unibet-18x10.jpg 18w, https:\/\/parier-presidentielle.com\/wp-content\/uploads\/2022\/04\/unibet.jpg 1280w\" sizes=\"(max-width: 300px) 100vw, 300px\" \/><\/a><\/figure><\/div>\n<\/div>\n<\/div>\n<\/div>\n<\/div>\n\n\n\n<h2 class=\"wp-block-heading\"><span id=\"guide-et-bonus-pour-parier-sur-le-futur-president-des-etats-unis-joe-biden-ou-donald-trump\">Leitfaden und Bonus, um auf den zuk\u00fcnftigen Pr\u00e4sidenten der Vereinigten Staaten zu wetten: Joe Biden oder Donald Trump <\/span><\/h2>\n\n\n\n<p>Die Pr\u00e4sidentschaftswahl in den Vereinigten Staaten erregt weltweite Aufmerksamkeit, da die Wahl des n\u00e4chsten Pr\u00e4sidenten ein Gro\u00dfereignis ist, das die Zukunft des Landes ma\u00dfgeblich beeinflussen kann. 2020 ist es soweit <strong>Joe Biden<\/strong> der zum Pr\u00e4sidenten gew\u00e4hlt wurde, beendete die \u00c4ra <strong>Trumpf<\/strong> und der amerikanischen Politik neues Leben einhauchen. Dies bedeutet jedoch nicht, dass die Buchmacher keine Quoten f\u00fcr die n\u00e4chsten Pr\u00e4sidentschaftswahlen haben, insbesondere f\u00fcr die von 2024. Viele Online-Wettseiten wie Unibet, Betclic und Bwin bieten Quoten f\u00fcr die verschiedenen Kandidaten f\u00fcr die Pr\u00e4sidentschaft an, einschlie\u00dflich f\u00fcr Joe Biden und Donald Trump.<\/p>\n\n\n\n<h2 class=\"wp-block-heading\"><span id=\"voici-donc-un-guide-pour-vous-aider-a-parier-sur-le-futur-president-des-etats-unis\">Hier ist also ein Leitfaden, der Ihnen hilft, auf den zuk\u00fcnftigen Pr\u00e4sidenten der Vereinigten Staaten zu wetten:<\/span><\/h2>\n\n\n\n<p><strong>Erfahren Sie mehr \u00fcber die verschiedenen Kandidaten und ihre Richtlinien<\/strong> Es ist wichtig, sich \u00fcber die verschiedenen Kandidaten und ihre Richtlinien zu informieren, bevor Sie eine Wettentscheidung treffen. Auf diese Weise k\u00f6nnen Sie ihre Positionen zu wichtigen Themen besser verstehen und feststellen, ob sie mit Ihren eigenen Werten und \u00dcberzeugungen \u00fcbereinstimmen. <strong>Konsultieren Sie die von den Buchmachern angebotenen Quoten<\/strong> Buchmacher bieten normalerweise Quoten auf die verschiedenen Pr\u00e4sidentschaftskandidaten an. Diese Quoten geben die Wahrscheinlichkeit jedes Kandidaten an, die Wahl zu gewinnen, und basieren auf Umfragen, politischen Analysen und der Wirtschaftslage sowie anderen Faktoren, die das Endergebnis beeinflussen k\u00f6nnen. <strong>Wetten Sie verantwortungsvoll<\/strong> Es ist wichtig, sich daran zu erinnern, dass Wetten auf Pr\u00e4sidentschaftswahlen riskant sein k\u00f6nnen und Sie immer verantwortungsbewusst wetten sollten. Stellen Sie sicher, dass Sie nur wetten, was Sie sich leisten k\u00f6nnen, zu verlieren, und halten Sie sich an die von jedem Buchmacher festgelegten Wettlimits. <strong>Verfolgen Sie politische Ereignisse und Umfragen<\/strong> Es ist wichtig, sich \u00fcber die neuesten Entwicklungen auf dem Laufenden zu halten und politische Ereignisse und Umfragen zu verfolgen<\/p>\n\n\n\n<ul><li><a href=\"https:\/\/thcp.wiki\/de\/nachrichten-thcp\/die-grune-thcv-justiz-und-die-pardon-von-cannabis\/\">Die gr\u00fcne Produktion von THCV und der Anbau von Cannabis<\/a><\/li><li><a href=\"https:\/\/thcp.wiki\/de\/nachrichten-thcp\/die-verborgenen-wunder-von-cannabis-thcp-thcv\/\">Verborgenes Wunder von Cannabis: THCP, THCV<\/a><\/li><li><a href=\"https:\/\/thcp.wiki\/de\/nachrichten-thcp\/thcp-thcv-die-verborgenen-vorteile-hinter-cannabis-reform\/\">THCP, THCV: Die verborgenen Vorteile der Cannabisreform<\/a><\/li><\/ul>\n\n\n\n<p>Wetten beim richtigen Buchmacher (Bwin, Unibet, Betclic\u2026) auf den zuk\u00fcnftigen Pr\u00e4sidenten k\u00f6nnen sich also auszahlen, denn Umfragen oder politische Meinungen erweisen sich oft als irref\u00fchrend! Um also gut zu wetten und zu gewinnen, finden Sie unsere kostenlosen Dateien auf unserer exklusiven Website f\u00fcr die Pr\u00e4sidentschaftswahlen  <\/p>\n\n\n\n<h3 class=\"wp-block-heading\"><span id=\"les-specificite-du-paris-politique\">Die Besonderheiten des politischen Paris<\/span><\/h3>\n\n\n\n<p>Der erste Schritt besteht darin, zu verstehen, wie das Wetten funktioniert. Am h\u00e4ufigsten wird darauf gewettet, welche Kandidaten die besten Chancen haben, die Wahl zu gewinnen. Sie k\u00f6nnen auf den Favoritenkandidaten (den Sie glauben, dass er gewinnen wird) oder den Underdog (denjenigen, der nicht der Favorit ist) wetten.<\/p>\n\n\n\n<p>Wenn Sie auf den Favoriten setzen, erhalten Sie im Gewinnfall einen kleinen Geldbetrag, denn es ist sehr wahrscheinlich, dass dieser Kandidat gew\u00e4hlt wird. Wenn Sie auf einen Au\u00dfenseiter setzen, erhalten Sie mehr Geld, wenn er gewinnt, da diese M\u00f6glichkeit weniger wahrscheinlich ist. Gute Nachrichten Unibet bietet Ihnen an, Ihnen bis zu 150 \u20ac f\u00fcr Ihre erste Wette zu erstatten, damit Ihr Risiko begrenzt bleibt!<\/p>\n\n\n\n<h2 class=\"wp-block-heading\" id=\"fdquelle-est-le-meilleur-site-de-paris-en-ligne-bookmaker-pour-la-politique\"><span id=\"quelle-est-le-meilleur-site-de-paris-en-ligne-bookmaker-pour-la-politique\">Was ist die beste Wettanbieter, Buchmacher f\u00fcr Politik?<\/span><\/h2>\n\n\n\n<p><\/p>\n\n\n\n<p>Genau wie Sportwetten sind Wetten auf Politik jetzt m\u00f6glich, insbesondere Buchmacher bieten interessante Quoten, um neue Spieler und Wetter anzuziehen!  <br>Treffen Sie Ihre Wahl zwischen den verschiedenen Buchmachern, um auf den zuk\u00fcnftigen franz\u00f6sischen Pr\u00e4sidenten im Jahr 2022 zu wetten: <\/p>\n\n\n\n<ul>\n<li><mark style=\"background-color:rgba(0, 0, 0, 0);color:#0d7a12\" class=\"has-inline-color\"><strong>Unibet: Die besten Quoten und Boni der Buchmacher, die wir empfehlen<\/strong><\/mark>!<\/li>\n\n\n\n<li>Bwin: Die \u00e4lteste Wettseite<\/li>\n\n\n\n<li>Betclic: Der Herausforderer<\/li>\n\n\n\n<li>NetBet: Das neue Kind auf dem Block<\/li>\n\n\n\n<li>Winamax: Die Referenz im Poker<\/li>\n\n\n\n<li>1xBit: das Original, das einzige, das anbietet, in Bitcoin zu spielen und zu gewinnen<\/li>\n\n\n\n<li><a href=\"https:\/\/wikihhc.com\/\">HHC <\/a>: das HHC-Referenz-Wiki<\/li>\n<\/ul>\n\n\n\n<h2 class=\"wp-block-heading\" id=\"comment-realiser-son-premier-paris-en-ligne\"><span id=\"comment-realiser-son-premier-paris-en-ligne\">Wie macht man seine erste Wette online?<\/span><\/h2>\n\n\n\n<p>Finden Sie unseren kostenlosen Leitfaden f\u00fcr den Einstieg in Online-Wetten Schritt f\u00fcr Schritt und mit den besten Online-Buchmacherseiten und -anwendungen. Alle K\u00fcsten und unsere Vorhersagen f\u00fcr das Rennen im Elys\u00e9e.<\/p>\n\n\n\n<p class=\"has-text-align-center unibet\" style=\"font-size:25px\"><mark style=\"background-color:rgba(0, 0, 0, 0);color:#0d7a12\" class=\"has-inline-color\"><strong><a href=\"https:\/\/parier-presidentielle.com\/de\/recommends\/unibet-text\/\">100 \u20ac Bonus, der bei Unibet angeboten wird <br>F\u00fcr Ihre 1. Online-Wette: Klicken Sie hier<\/a><\/strong><\/mark><\/p>\n\n\n\n<h2 class=\"wp-block-heading\" id=\"les-candidats-2022-a-la-presidentielle\"><span id=\"les-candidats-2022-a-la-presidentielle\">Die Pr\u00e4sidentschaftskandidaten 2022<\/span><\/h2>\n\n\n\n<p>Die zweite Runde findet nach der \u00fcberraschenden ersten Runde am 10. April am Sonntag, den 24. April 2022 statt! <br>Umfragen \u00e4ndern die Situation jede Woche in Abh\u00e4ngigkeit von aktuellen Ereignissen und anderen Wendungen, wie z. B. dem Krieg in der Ukraine, der Macrons Quoten unter den Buchmachern ver\u00e4ndert hat. Finden Sie alle Prognosen und Quoten f\u00fcr die Buchmacher Bwin, Unibet, Betclic kostenlos, auf die Sie online wetten k\u00f6nnen der zuk\u00fcnftige Sieger der Pr\u00e4sidentschaftswahl 2022 \u00fcber die Finalisten der zweiten Runde:<br>Emmanuel Macron (Die Republik auf dem Marsch), Marine Le Pen (Rallye National)<\/p>\n\n\n\n<p>Sowie die Stimmanweisungen f\u00fcr die unterlegenen Kandidaten und andere Politiker: Val\u00e9rie P\u00e9cresse (Les R\u00e9publicains), Anne Hidalgo (Sozialistische Partei), Jean-Luc M\u00e9lenchon (La France insoumise), Yannick Jadot (Europe-\u00c9cologie-Les Verts) und die Au\u00dfenseiterkandidaten:<br>Christiane Taubira, \u00c9douard Philippe, Nicolas Dupont-Aignan, Nicolas Sarkozy, Benoit Hamon, Fran\u00e7ois Fillon, S\u00e9gol\u00e8ne Royal, Fran\u00e7ois Asselineau (UPR), Fran\u00e7ois Hollande und der Journalist Eric Zemmour.<\/p>\n\n\n\n<p>Welche Meinung haben Politiker zu Cannabis? : <a href=\"https:\/\/thcv.wiki\/\">Thcv<\/a>, <a href=\"https:\/\/h4cbd.wiki\/\">H4CBD<\/a>, <a href=\"https:\/\/h4cbd.wiki\/\">THCP<\/a>&#8230;<\/p>\n\n\n\n<ul><li><a href=\"https:\/\/wiki-cannabis.com\/de\/nachricht\/entdecken-sie-die-geheimnisse-von-cannabis-hhc-h4cbd-thcp-hhcp-o\/\">Beschreibung der Geheimnisse von Cannabis: HHC, H4CBD, THCP, HHCP-O<\/a><\/li><li><a href=\"https:\/\/wiki-cannabis.com\/de\/nachricht\/entdeckung-von-cbd-eine-grune-revolution-im-imperium-des-grases\/\">Entdeckung von H4CBD, THCP, HHC: Eine gr\u00fcne Revolution im Imperium des Unkrauts<\/a><\/li><li><a href=\"https:\/\/wiki-cannabis.com\/de\/nachricht\/cannabis-und-neues-cbd-h4cbd-thcp-hhc\/\">Cannabis und neue CBDs: H4CBD, THCP, HHC<\/a><\/li><\/ul>\n\n\n\n<h2 class=\"wp-block-heading\"><span id=\"les-dossiers-de-parier-presidentiellecom\"><br>Die Dateien von Parier-Pr\u00e9sidentielle.com<\/span><\/h2>\n\n\n\n<h2 class=\"wp-block-heading\"><span id=\"i\"> <\/span><\/h2>\n\n\n\n<h3 class=\"wp-block-heading\"><span id=\"selection-des-meilleurs-bookmakers\">Auswahl der besten Buchmacher<\/span><\/h3>\n\n\n\n<ul>\n<li><strong><a href=\"https:\/\/parier-presidentielle.com\/de\/unibet-policy-wahl-2022\/\">Unibet: Online-Wetten f\u00fcr die Pr\u00e4sidentschaftswahl<\/a><\/strong><\/li>\n\n\n\n<li><a href=\"https:\/\/parier-presidentielle.com\/de\/bwin-politik-wahl-2022\/\"><strong>Bwin <\/strong>: Buchmacher wetten auf die Pr\u00e4sidentschaftswahl 2022<\/a>\n<ul>\n<li><a href=\"https:\/\/parier-presidentielle.com\/de\/bwin-wetten-auf-politik\/\">Bwin: Wetten auf Politik<\/a><\/li>\n<\/ul>\n<\/li>\n\n\n\n<li><a href=\"https:\/\/parier-presidentielle.com\/de\/betclic-prasidentschafts-2022\/\">Betclic: Wetten Sie auf die Pr\u00e4sidentschaftswahl 2022<\/a><\/li>\n\n\n\n<li><a href=\"https:\/\/parier-presidentielle.com\/de\/netbet-paris-politik-wahl-2022\/\">NetBet: Buchmacher<\/a><\/li>\n\n\n\n<li><a href=\"https:\/\/parier-presidentielle.com\/de\/1xbit-richtlinie\/\">1xBit: Spielen Sie in Kryptow\u00e4hrung<\/a><\/li>\n\n\n\n<li>Betway<\/li>\n<\/ul>\n\n\n\n<h3 class=\"wp-block-heading\"><span id=\"comparatif-des-site-de-paris\">Vergleich von Wettanbietern<\/span><\/h3>\n\n\n\n<ul>\n<li><a href=\"https:\/\/parier-presidentielle.com\/de\/buchmacher-wahl-politik-2022\/\">Buchmacher: Was ist das Beste, um auf Politik und die Pr\u00e4sidentschaftswahlen 2022 zu wetten?<\/a><\/li>\n\n\n\n<li><a href=\"https:\/\/parier-presidentielle.com\/de\/buchmacher-macron-le-pen\/\">Die Quoten der Buchmacher f\u00fcr das politische Finale des Spiels Macron \u2013 Le Pen<\/a><\/li>\n<\/ul>\n\n\n\n<h3 class=\"wp-block-heading\"><span id=\"les-candidats-toutes-les-cotes-sondages-et-nos-pronotics\">Die Kandidaten: alle Quoten, Umfragen und unsere Prognosen<\/span><\/h3>\n\n\n\n<ul>\n<li><a href=\"https:\/\/parier-presidentielle.com\/de\/macron-wahl\/\">Emmanuel Macron der Favorit der Wahl<\/a><\/li>\n\n\n\n<li><a href=\"https:\/\/parier-presidentielle.com\/de\/marine-le-pen-wahl\/\">Paris zur Wahl von Marine Le Pen<\/a><\/li>\n\n\n\n<li><a href=\"https:\/\/parier-presidentielle.com\/de\/macron-le-pen-buchmacher\/\">Macron \u2013 Le Pen: Buchmacher geben ihre Quoten ab<\/a><\/li>\n\n\n\n<li><a href=\"https:\/\/parier-presidentielle.com\/de\/planen\/\">Seitenverzeichnis<\/a><\/li>\n<\/ul>\n<\/div><\/div>\n\n\n\n<p class=\"has-text-align-center\" style=\"font-size:25px\"><\/p>\n\n\n\n\n<div class=\"wp-block-image\">\n<figure class=\"aligncenter size-large is-resized wp-duotone-000097-ff4747-10\"><img decoding=\"async\" loading=\"lazy\" src=\"https:\/\/parier-presidentielle.com\/wp-content\/uploads\/2021\/09\/election-standard-scale-4_00x-gigapixel-1024x623.jpg\" alt=\"\" class=\"wp-image-188\" style=\"width:256px;height:156px\" width=\"256\" height=\"156\" srcset=\"https:\/\/parier-presidentielle.com\/wp-content\/uploads\/2021\/09\/election-standard-scale-4_00x-gigapixel-1024x623.jpg 1024w, https:\/\/parier-presidentielle.com\/wp-content\/uploads\/2021\/09\/election-standard-scale-4_00x-gigapixel-300x182.jpg 300w, https:\/\/parier-presidentielle.com\/wp-content\/uploads\/2021\/09\/election-standard-scale-4_00x-gigapixel-768x467.jpg 768w, https:\/\/parier-presidentielle.com\/wp-content\/uploads\/2021\/09\/election-standard-scale-4_00x-gigapixel-1536x934.jpg 1536w, https:\/\/parier-presidentielle.com\/wp-content\/uploads\/2021\/09\/election-standard-scale-4_00x-gigapixel-2048x1245.jpg 2048w\" sizes=\"(max-width: 256px) 100vw, 256px\" \/><\/figure><\/div><div id=\"toc_container\" class=\"no_bullets\"><p class=\"toc_title\">Inhaltsverzeichnis<\/p><ul class=\"toc_list\"><li><\/li><li><ul><li><\/li><\/ul><\/li><li><\/li><li><\/li><li><\/li><li><\/li><li><ul><li><\/li><li><\/li><li><\/li><\/ul><\/li><\/ul><\/div>","protected":false},"excerpt":{"rendered":"<p>Bet Presidential ist die Referenzseite, die Sie bei Ihrer ersten Wette bei den Buchmachern Unibet, Betclic, Bwin\u2026 \u00fcber Politik und die franz\u00f6sischen, amerikanischen und internationalen Pr\u00e4sidentschaftswahlen f\u00fchrt. Leitfaden und Bonus f\u00fcr Wetten auf den zuk\u00fcnftigen Pr\u00e4sidenten der Vereinigten Staaten und Gewinner der zweiten Runde: Joe Biden Macron oder Donald \u2026<\/p>","protected":false},"author":1,"featured_media":0,"parent":0,"menu_order":0,"comment_status":"closed","ping_status":"closed","template":"page-nosidebar.php","meta":{"footnotes":""},"yoast_head":"<!-- This site is optimized with the Yoast SEO Premium plugin v21.0 (Yoast SEO v21.0) - https:\/\/yoast.com\/wordpress\/plugins\/seo\/ -->\n<title>Parier Politique &amp; Elections : Cotes &amp; Bonus des Bookmakers<\/title>\n<meta name=\"description\" content=\"Pariez sur toutes les \u00e9lections Am\u00e9ricaines, Fran\u00e7aises : Guide des Bookmakers, Pronostics, 100\u20ac de Bonus Exclusif offert ici !\" \/>\n<meta name=\"robots\" content=\"index, follow, max-snippet:-1, max-image-preview:large, max-video-preview:-1\" \/>\n<link rel=\"canonical\" href=\"https:\/\/parier-presidentielle.com\/de\/\" \/>\n<meta property=\"og:locale\" content=\"de_DE\" \/>\n<meta property=\"og:type\" content=\"article\" \/>\n<meta property=\"og:title\" content=\"Parier sur la Politique et les Elections avec les meilleurs Bookmakers : Unibet, Bwin\" \/>\n<meta property=\"og:description\" content=\"Pariez sur toutes les \u00e9lections Am\u00e9ricaines, Fran\u00e7aises : Guide des Bookmakers, Pronostics, 100\u20ac de Bonus Exclusif offert ici !\" \/>\n<meta property=\"og:url\" content=\"https:\/\/parier-presidentielle.com\/de\/\" \/>\n<meta property=\"og:site_name\" content=\"Parier Pr\u00e9sidentielle\" \/>\n<meta property=\"article:modified_time\" content=\"2023-09-12T21:05:44+00:00\" \/>\n<meta property=\"og:image\" content=\"https:\/\/parier-presidentielle.com\/wp-content\/uploads\/2022\/12\/biden-vs-trump-1024x711.jpeg\" \/>\n<meta name=\"twitter:card\" content=\"summary_large_image\" \/>\n<meta name=\"twitter:label1\" content=\"Gesch\u00e4tzte Lesezeit\" \/>\n\t<meta name=\"twitter:data1\" content=\"6 Minuten\" \/>\n<script type=\"application\/ld+json\" class=\"yoast-schema-graph\">{\"@context\":\"https:\/\/schema.org\",\"@graph\":[{\"@type\":\"WebPage\",\"@id\":\"https:\/\/parier-presidentielle.com\/\",\"url\":\"https:\/\/parier-presidentielle.com\/\",\"name\":\"Parier Politique & Elections : Cotes & Bonus des Bookmakers\",\"isPartOf\":{\"@id\":\"https:\/\/parier-presidentielle.com\/#website\"},\"datePublished\":\"2021-08-31T09:54:03+00:00\",\"dateModified\":\"2023-09-12T21:05:44+00:00\",\"description\":\"Pariez sur toutes les \u00e9lections Am\u00e9ricaines, Fran\u00e7aises : Guide des Bookmakers, Pronostics, 100\u20ac de Bonus Exclusif offert ici !\",\"breadcrumb\":{\"@id\":\"https:\/\/parier-presidentielle.com\/#breadcrumb\"},\"inLanguage\":\"de-DE\",\"potentialAction\":[{\"@type\":\"ReadAction\",\"target\":[\"https:\/\/parier-presidentielle.com\/\"]}]},{\"@type\":\"BreadcrumbList\",\"@id\":\"https:\/\/parier-presidentielle.com\/#breadcrumb\",\"itemListElement\":[{\"@type\":\"ListItem\",\"position\":1,\"name\":\"Accueil\",\"item\":\"https:\/\/parier-presidentielle.com\/\"},{\"@type\":\"ListItem\",\"position\":2,\"name\":\"Parier sur la Politique et les Elections avec les meilleurs Bookmakers : Unibet, Bwin\"}]},{\"@type\":\"WebSite\",\"@id\":\"https:\/\/parier-presidentielle.com\/#website\",\"url\":\"https:\/\/parier-presidentielle.com\/\",\"name\":\"Parier Pr\u00e9sidentielle\",\"description\":\"Paris, Pronostics, Wiki sur la Politique, les Elections Am\u00e9ricaines: Joe Biden, Donald Trump avec les Bookmakers en ligne Unibet, Bwin, Betclic, Winamax\",\"potentialAction\":[{\"@type\":\"SearchAction\",\"target\":{\"@type\":\"EntryPoint\",\"urlTemplate\":\"https:\/\/parier-presidentielle.com\/?s={search_term_string}\"},\"query-input\":\"required name=search_term_string\"}],\"inLanguage\":\"de-DE\"}]}<\/script>\n<!-- \/ Yoast SEO Premium plugin. -->","yoast_head_json":{"title":"Parier Politique & Elections : Cotes & Bonus des Bookmakers","description":"Pariez sur toutes les \u00e9lections Am\u00e9ricaines, Fran\u00e7aises : Guide des Bookmakers, Pronostics, 100\u20ac de Bonus Exclusif offert ici !","robots":{"index":"index","follow":"follow","max-snippet":"max-snippet:-1","max-image-preview":"max-image-preview:large","max-video-preview":"max-video-preview:-1"},"canonical":"https:\/\/parier-presidentielle.com\/de\/","og_locale":"de_DE","og_type":"article","og_title":"Parier sur la Politique et les Elections avec les meilleurs Bookmakers : Unibet, Bwin","og_description":"Pariez sur toutes les \u00e9lections Am\u00e9ricaines, Fran\u00e7aises : Guide des Bookmakers, Pronostics, 100\u20ac de Bonus Exclusif offert ici !","og_url":"https:\/\/parier-presidentielle.com\/de\/","og_site_name":"Parier Pr\u00e9sidentielle","article_modified_time":"2023-09-12T21:05:44+00:00","og_image":[{"url":"https:\/\/parier-presidentielle.com\/wp-content\/uploads\/2022\/12\/biden-vs-trump-1024x711.jpeg"}],"twitter_card":"summary_large_image","twitter_misc":{"Gesch\u00e4tzte Lesezeit":"6 Minuten"},"schema":{"@context":"https:\/\/schema.org","@graph":[{"@type":"WebPage","@id":"https:\/\/parier-presidentielle.com\/","url":"https:\/\/parier-presidentielle.com\/","name":"Parier Politique & Elections : Cotes & Bonus des Bookmakers","isPartOf":{"@id":"https:\/\/parier-presidentielle.com\/#website"},"datePublished":"2021-08-31T09:54:03+00:00","dateModified":"2023-09-12T21:05:44+00:00","description":"Pariez sur toutes les \u00e9lections Am\u00e9ricaines, Fran\u00e7aises : Guide des Bookmakers, Pronostics, 100\u20ac de Bonus Exclusif offert ici !","breadcrumb":{"@id":"https:\/\/parier-presidentielle.com\/#breadcrumb"},"inLanguage":"de-DE","potentialAction":[{"@type":"ReadAction","target":["https:\/\/parier-presidentielle.com\/"]}]},{"@type":"BreadcrumbList","@id":"https:\/\/parier-presidentielle.com\/#breadcrumb","itemListElement":[{"@type":"ListItem","position":1,"name":"Accueil","item":"https:\/\/parier-presidentielle.com\/"},{"@type":"ListItem","position":2,"name":"Parier sur la Politique et les Elections avec les meilleurs Bookmakers : Unibet, Bwin"}]},{"@type":"WebSite","@id":"https:\/\/parier-presidentielle.com\/#website","url":"https:\/\/parier-presidentielle.com\/","name":"Parier Pr\u00e9sidentielle","description":"Paris, Pronostics, Wiki sur la Politique, les Elections Am\u00e9ricaines: Joe Biden, Donald Trump avec les Bookmakers en ligne Unibet, Bwin, Betclic, Winamax","potentialAction":[{"@type":"SearchAction","target":{"@type":"EntryPoint","urlTemplate":"https:\/\/parier-presidentielle.com\/?s={search_term_string}"},"query-input":"required name=search_term_string"}],"inLanguage":"de-DE"}]}},"_links":{"self":[{"href":"https:\/\/parier-presidentielle.com\/de\/wp-json\/wp\/v2\/pages\/24"}],"collection":[{"href":"https:\/\/parier-presidentielle.com\/de\/wp-json\/wp\/v2\/pages"}],"about":[{"href":"https:\/\/parier-presidentielle.com\/de\/wp-json\/wp\/v2\/types\/page"}],"author":[{"embeddable":true,"href":"https:\/\/parier-presidentielle.com\/de\/wp-json\/wp\/v2\/users\/1"}],"replies":[{"embeddable":true,"href":"https:\/\/parier-presidentielle.com\/de\/wp-json\/wp\/v2\/comments?post=24"}],"version-history":[{"count":194,"href":"https:\/\/parier-presidentielle.com\/de\/wp-json\/wp\/v2\/pages\/24\/revisions"}],"predecessor-version":[{"id":2483,"href":"https:\/\/parier-presidentielle.com\/de\/wp-json\/wp\/v2\/pages\/24\/revisions\/2483"}],"wp:attachment":[{"href":"https:\/\/parier-presidentielle.com\/de\/wp-json\/wp\/v2\/media?parent=24"}],"curies":[{"name":"wp","href":"https:\/\/api.w.org\/{rel}","templated":true}]}}