{"id":255,"date":"2021-09-14T16:48:34","date_gmt":"2021-09-14T14:48:34","guid":{"rendered":"https:\/\/parier-presidentielle.com\/?page_id=255"},"modified":"2022-04-14T15:41:15","modified_gmt":"2022-04-14T13:41:15","slug":"netbet-paris-politique-election-2022","status":"publish","type":"page","link":"https:\/\/parier-presidentielle.com\/de\/netbet-paris-politik-wahl-2022\/","title":{"rendered":"NetBet: Wetten auf Politik und die Pr\u00e4sidentschaftswahlen 2022"},"content":{"rendered":"<p> <\/p>\n\n\n\n<a href=\"https:\/\/banners.livepartners.com\/click.php?z=151480\" target=\"_blank\" rel=\"noopener\"><img decoding=\"async\" loading=\"lazy\" src=\"https:\/\/banners.livepartners.com\/view.php?z=151480\" border=\"0\" width=\"728\" height=\"90\"><\/a>\n\n\n\n\n\n<h2 class=\"wp-block-heading\" id=\"quelle-est-l-offre-du-bookmaker-netbet-2022\"><span id=\"quelle-est-l8217offre-du-bookmaker-netbet-2022\">Was ist das Angebot von NetBet Bookmaker 2022?<\/span><\/h2>\n\n\n\n<p class=\"has-text-align-left\">Netbet bietet derzeit den besten Bonus f\u00fcr das Wetten von 100 \u20ac online!<br>Um auf diesen Bonus zuzugreifen, gehen Sie einfach \u00fcber unseren Partnerlink:<\/p>\n\n\n\n<h2 class=\"has-text-align-center wp-block-heading\" id=\"100-offerts-sur-votre-1er-pari-cliquez-ici\"><span id=\"100e-offerts-sur-votre-1er-pari-cliquez-ici\"><br><a href=\"https:\/\/banners.livepartners.com\/click.php?z=151505\" target=\"_blank\" rel=\"noreferrer noopener nofollow\">100 \u20ac Angebot f\u00fcr Ihre 1. Wette! Klicke hier<\/a><\/span><\/h2>\n\n\n\n<h3 class=\"wp-block-heading\"><span id=\"i\"><br><\/span><\/h3>\n\n\n\n<h2 class=\"wp-block-heading\" id=\"netbet\"><span id=\"netbet\">NetBet<\/span><\/h2>\n\n\n\n<p><br>NetBet ist ein Online-Gaming-Anbieter im Besitz von NetBet Enterprises Ltd. Die Plattform bietet Live- und Live-Sportwetten, Wetten auf virtuelle Spiele und internationale Lotterien, Online-Casino, Online-Poker und eine Live-Casino-Plattform. Das Unternehmen ist in mehreren M\u00e4rkten t\u00e4tig, darunter Rum\u00e4nien, Gro\u00dfbritannien, Deutschland, Irland und S\u00fcdamerika, Japan und vielen anderen. NetBet ist auf Englisch, Deutsch, Japanisch, Spanisch, Italienisch, Franz\u00f6sisch, Griechisch, Rum\u00e4nisch, Portugiesisch und Finnisch verf\u00fcgbar. NetBet hat seinen Hauptsitz in Malta und verf\u00fcgt \u00fcber Niederlassungen im Vereinigten K\u00f6nigreich, Frankreich, Rum\u00e4nien und den Vereinigten Staaten. Derzeit sind rund 500 Mitarbeiter besch\u00e4ftigt.<\/p>\n\n\n\n<p>NetBet verf\u00fcgt seit 2006 \u00fcber eine europ\u00e4ische Lizenz in Malta. NetBet ist von der UK Gambling Commission 3637 lizenziert und in Irland, Nigeria, Mexiko und Griechenland lizenziert. Auch Online-Casinos in Italien und Frankreich firmieren unter der Marke NetBet Enterprises. Au\u00dferdem erhielt NetBet im Jahr 2015 eine Lizenz f\u00fcr den Betrieb in Rum\u00e4nien und wurde damit zu einer der ersten drei Websites, die Online-Gl\u00fccksspiele in Rum\u00e4nien anboten.<\/p>\n\n\n\n<p>NetBet Sport bietet Pre-Live- und Live-Online-Sportwetten an. Spieler haben auch die M\u00f6glichkeit, Wetten auf eSports f\u00fcr bestimmte spezielle M\u00e4rkte zu platzieren, die Politik und Preise f\u00fcr Filme und Fernsehen abdecken. Um genaue und zuf\u00e4llige 100%-Ergebnisse f\u00fcr alle Spiele zu gew\u00e4hrleisten, verwendet NetBet separat zwei Zufallszahlengeneratoren: den ISAAC-Generator und einen Rauschgenerator. Somit betrug der RTP-R\u00fcckgabekoeffizient f\u00fcr den Spieler im Jahr 2018 96,65 %.<\/p>\n\n\n\n<p><\/p>\n\n\n\n<h2 class=\"wp-block-heading\" id=\"histoire-du-bookmaker\"><span id=\"histoire-du-bookmaker\">Geschichte des Buchmachers<\/span><\/h2>\n\n\n\n<p><br>Cosmo Gaming wurde im Juli 2006 gegr\u00fcndet und nahm im Juli 2007 den Betrieb auf. Im M\u00e4rz 2017 \u00e4nderte es seinen Namen von Cosmo Gaming Company in NetBet Enterprises Limited. Im August 2013 unterzeichnete der Gl\u00fccksspielanbieter iSoftBet eine exklusive Vereinbarung mit SBTech, um Live-Sportwetten anzubieten die NetBet-Website.<\/p>\n\n\n\n<p>W\u00e4hrend der UEFA Euro 2016 startete NetBet die Multikulturelle Meisterschaft. Im selben Jahr unterzeichnete NetBet einen Sechsjahresvertrag mit dem Spieleanbieter Playtech. Dieser Vertrag sieht die Verbreitung exklusiver Playtech-Inhalte auf der NetBet-Plattform vor.<\/p>\n\n\n\n<p>W\u00e4hrend der Weltmeisterschaft 2018 brachte NetBet Sport unter dem Namen Multicultural Cup eine neue Erg\u00e4nzung der \u201eMulticultural\u201c-Serie auf den Markt.<\/p>\n\n\n\n<p>Im Jahr 2018 hat Iron Dog Studio seine gesamte Suite von Spielen im NetBet Casino durch eine Integration eingef\u00fchrt, die vom NetBet-Anbieter iSoftBet erm\u00f6glicht wird.<\/p>\n\n\n\n<p>Im Jahr 2019 ver\u00f6ffentlichte NetBet eine interaktive Karte, die alle Filme und Anekdoten rund um die Figur von James Bond nachzeichnet.<\/p>\n\n\n\n<p>Im Jahr 2020 ver\u00f6ffentlichte NetBet eine von Blue Claw durchgef\u00fchrte Studie \u00fcber m\u00f6gliche Bu\u00dfgelder, mit denen Automobilhersteller rechnen m\u00fcssen, wenn sie die von der Europ\u00e4ischen Union f\u00fcr 2021 festgelegten CO2-Ziele nicht erreichen.<br><\/p>\n\n\n\n<h3 class=\"wp-block-heading\" id=\"les-partenariats\"><span id=\"les-partenariats\">Partnerschaften <\/span><\/h3>\n\n\n\n<p>NetBet war offizieller Sponsor oder Partner mehrerer Sportmannschaften, darunter OGC Nice im Jahr 2014, AS Saint-Etienne und Hamilton Academical im Jahr 2016.<\/p>\n\n\n\n<p><\/p>\n\n\n\n<ul><li>Im Jahr 2015 unterzeichnete Netbet einen Stadion-Werbevertrag mit dem West Bromwich Albion Football Club.<\/li><li>2017 sponserte NetBet den Falemi Nana Intercartiere Cup, Rum\u00e4niens wichtigsten Amateurfu\u00dfballwettbewerb.<\/li><li>Im Jahr 2017 war NetBet mit dem Entdecker Daniel Cinghea zusammen, als dieser die beeindruckendsten Gipfel S\u00fcdamerikas bestieg.<\/li><li>Im M\u00e4rz 2018 sponserte NetBet die 3. Ausgabe von DanceMasters, die in Bukarest stattfand.<\/li><li>Im Mai 2018 sponserte NetBet zwei Tage lang die Rennen auf dem Goodwood Racecourse.<\/li><li>Am 5. Juni 2018 sponserte NetBet vier Rennen auf der Fontwell Park Racecourse.<\/li><li>Am 9. Juni 2018 sponserte NetBet ein Bare-Knuckle-Box-Event, BKB11, im The O2.<\/li><li>Am 21. Juli 2018 sponserte NetBet einen weiteren Kampf f\u00fcr Bare Knuckle Boxing in Cwmbran.<\/li><li>Am 22. August 2018 sponserte NetBet die Ladies Night auf der Fontwell Park Racecourse.<\/li><li>Am 4. September 2018 sponserte NetBet einen weiteren Renntag auf dem Goodwood Racecourse.<\/li><li>Am 17. November 2019 sponserte NetBet den Corsorul-Marathon am 15. November in Bra\u0219ov.<\/li><\/ul>\n\n\n\n<p>Schlie\u00dflich unterzeichnete NetBet im Jahr 2020 Sponsorenvertr\u00e4ge mit zwei Rallye-Crews, die an der nationalen Rallye-Meisterschaft teilnehmen. Die beiden gesponserten Crews bestehen aus Fahrer Dan G\u00eertofan und Navigator Tudor M\u00e2rza auf einem Skoda R5 bzw. Fahrer R\u0103zvan Trisnevschi und Navigator Traian-Codrut Arsenescu.<\/p>\n\n\n\n<p>Werbekampagnen f\u00fcr Taxis und Busse<br>Im Jahr 2019 startete NetBet zwei mobile Werbekampagnen f\u00fcr Busse und Taxis. Die Kampagne passte das NetBet-Markenlogo, Busse und 750 Black Cab-Autos an, die Rennen durch die Stra\u00dfen von London fuhren.<\/p>\n\n\n\n<p>Botschafter<br>Alexandre Ruiz ist ein franz\u00f6sischer Sportjournalist, der f\u00fcr beIn Sports arbeitet. Seit 2014 ist er Botschafter von NetBet FR.<\/p>\n\n\n\n<p>Daniel Bravo war ein franz\u00f6sischer Fu\u00dfballspieler, der f\u00fcr Paris Saint-Germain, AS Monaco und Olympique de Marseille spielte. Von 2012 bis 2014 fungierte er als NetBet FR-Botschafter.<\/p>\n\n\n\n<p>Dan Petrescu war der erste Botschafter von NetBet Romania.<\/p>\n\n\n\n<p>Einige Produkte<br>Zu den Hauptprodukten von NetBet geh\u00f6ren NetBet Casino, NetBet Live, NetBet Vegas, NetBet Loto und NetBet Poker. Das Casino bietet \u00fcber 1.500 Spielautomaten, Kartenspiele und Tischspiele.<\/p>\n\n\n\n<p>NetBet Sport bietet Pre-Live- und Live-Online-Sportwetten an. Dar\u00fcber hinaus haben die Spieler auch die M\u00f6glichkeit, Wetten auf eSports f\u00fcr bestimmte Spezialm\u00e4rkte zu platzieren, die Politik und Preise f\u00fcr Filme und Fernsehen abdecken.<\/p>\n\n\n\n<p>Zu den beliebtesten Spielautomaten geh\u00f6ren Starburst (NetEnt), Gonzo&#039;s Quest (NetEnt) und Who want to be a Millionaire (NYX) und so weiter.<\/p>\n\n\n\n<p>Auszeichnungen<br>Im Jahr 2015 gewann NetBet bei der Preisgala des Magazins Casino Life &amp; Business die Auszeichnung \u201eBest Customer Relations Site\u201c.<\/p>\n\n\n\n<p>Im Jahr 2016 gewann NetBet bei den Central and Eastern European Gaming Conference Awards (CEEGA) die Auszeichnung \u201eBester Online-Sportwettenanbieter\u201c und ihr Anbieter SBTech die Auszeichnung \u201eBester Sportwettenanbieter\u201c.<\/p>\n\n\n\n<p>Im Jahr 2016 wurden Blueclaw und GIMO f\u00fcr ihre Arbeit an den multikulturellen Meisterschaften von NetBet und der Premier League of Nations f\u00fcr die UK Search Awards und Best Use of Search nominiert.<\/p>\n\n\n\n<p>Im Jahr 2017 wurde NetBet beim iGB Affiliate Award als \u201eBest Non-English Affiliate Program\u201c nominiert.<\/p>\n\n\n\n<p>2019 wurde NetBet f\u00fcr die EGR Awards in der Kategorie \u201eCustomer Service Operator\u201c nominiert.<\/p>\n\n\n\n<p>In den Jahren 2018 und 2019 erhielt NetBet bei der Casino Inside Awards Gala die Troph\u00e4e \u201eBeste Online-Casino-Plattform in Rum\u00e4nien\u201c.<\/p>\n\n\n\n<p>Verantwortungsvolles Spielen<br>NetBet arbeitet eng mit Beratungsstellen f\u00fcr Spielsucht zusammen und erm\u00f6glicht es Spielern, Limits f\u00fcr Einzahlungen, Auszahlungen und Warnmeldungen festzulegen. Die Seite bietet auch Demoversionen der Spiele an, die ohne Einsatz von echtem Geld gespielt werden k\u00f6nnen. Die Registrierung von Minderj\u00e4hrigen auf der NetBet-Website ist verboten.<\/p>\n\n\n\n<p>NetBet hat au\u00dferdem ein Selbstbewertungstool implementiert. Dieses Tool besteht aus einem Satz von 15 Fragen, die es den Spielern anhand der Antworten erm\u00f6glichen, ihr Risikoniveau einzusch\u00e4tzen. Basierend auf diesem Risikoniveau werden Ma\u00dfnahmen wie die Festlegung von Grenzwerten vorgeschlagen. Wenn das Ergebnis einer Kundenbefragung au\u00dferdem Suchtrisiken aufweist, wird eine Warnung an das verantwortliche Gaming-Team gesendet, das mit dem Kunden interagiert und mit der \u00dcberwachung seiner Aktivit\u00e4ten beginnt.<\/p>\n\n\n\n<p><\/p>\n\n\n\n<p class=\"has-text-align-center unibet\" style=\"font-size:25px\"><mark style=\"background-color:rgba(0, 0, 0, 0);color:#0d7a12\" class=\"has-inline-color\"><strong><a href=\"https:\/\/parier-presidentielle.com\/de\/recommends\/unibet\/\">150 \u20ac Bonus, der bei Unibet angeboten wird<br>F\u00fcr Ihre 1. politische oder sportliche Wette: Klicken Sie hier<\/a><\/strong><\/mark><\/p>\n\n\n\n<p><\/p>\n\n\n<div class=\"wp-block-image\">\n<figure class=\"aligncenter is-resized wp-duotone-000097-ff4747-1\"><img decoding=\"async\" loading=\"lazy\" src=\"https:\/\/parier-presidentielle.com\/wp-content\/uploads\/2021\/09\/election-standard-scale-4_00x-gigapixel-1024x623.jpg\" alt=\"Wahl 2022\" style=\"width:256px;height:156px\" width=\"256\" height=\"156\"\/><\/figure><\/div>\n\n\n<p><br><\/p>\n\n\n\n<p><strong>Parier-presidentielle hilft Ihnen, Ihre Wahl zwischen den verschiedenen zu treffen<a href=\"https:\/\/parier-presidentielle.com\/de\/\"> Die Buchmacher Bwin, Unibet und Betclic setzen 2024 auf den zuk\u00fcnftigen amerikanischen Pr\u00e4sidenten<\/a> : <\/strong><br><a href=\"https:\/\/parier-presidentielle.com\/de\/unibet-policy-wahl-2022\/\">Unibet Presidential Buchmacher<\/a> : Detaillierter und kostenloser Leitfaden, um Ihre 1. Wette online mit allen Quoten abzuschlie\u00dfen und wie Sie den angebotenen Bonus nutzen k\u00f6nnen!<\/p>\n\n\n\n<p>Sowie die anderen Online-Wettseiten: <a href=\"https:\/\/parier-presidentielle.com\/de\/unibet-policy-wahl-2022\/\">Bwin<\/a>, <a href=\"https:\/\/parier-presidentielle.com\/de\/netbet-paris-politik-wahl-2022\/\">NetBet<\/a>, <a href=\"https:\/\/parier-presidentielle.com\/de\/betclic-prasidentschafts-2022\/\">Betclic<\/a>, <a href=\"https:\/\/parier-presidentielle.com\/de\/winamax-politikwahl-2022\/\">Winamax<\/a>, Parions Sport, Zebet, Betway, France-Pari, Vbet, Cloudbet, 1Xbit, 1xbet, Betfair, Betwinner\u2026<\/p>\n\n\n\n<div class=\"wp-block-columns is-layout-flex wp-container-6 wp-block-columns-is-layout-flex\">\n<div class=\"wp-block-column is-layout-flow wp-block-column-is-layout-flow\" style=\"flex-basis:33.33%\">\n<p>Sie haben gerade unsere Datei gelesen:<\/p>\n<\/div>\n\n\n\n<div class=\"wp-block-column is-layout-flow wp-block-column-is-layout-flow\" style=\"flex-basis:33.33%\">\n<div class=\"wp-block-group is-layout-flow wp-block-group-is-layout-flow\"><div class=\"wp-block-group__inner-container\"><h4 class=\"has-text-align-center wp-block-post-title\"><span id=\"netbet-parier-sur-la-politique-et-l8217election-presidentielle-2022\"><a href=\"https:\/\/parier-presidentielle.com\/de\/netbet-paris-politik-wahl-2022\/\" target=\"_self\" >NetBet: Wetten auf Politik und die Pr\u00e4sidentschaftswahlen 2022<\/a><\/span><\/h4><\/div><\/div>\n<\/div>\n\n\n\n<div class=\"wp-block-column is-layout-flow wp-block-column-is-layout-flow\" style=\"flex-basis:33.33%\">\n<p class=\"has-text-align-right\">Lesen Sie weiter mit unseren anderen exklusiven Dateien,<\/p>\n<\/div>\n<\/div>\n\n\n\n<h3 class=\"wp-block-heading\" id=\"tous-les-pronostics-sondage-et-cotes-pour-parier-sur-le-futur-vainqueur-de-l-election-presidentielle-2022\"><span id=\"tous-les-pronostics-sondage-et-cotes-pour-parier-sur-le-futur-vainqueur-de-l8217election-presidentielle-2024\">Alle Vorhersagen, Umfragen und Quoten, um auf den zuk\u00fcnftigen Gewinner der Pr\u00e4sidentschaftswahl 2024 zu wetten:<\/span><\/h3>\n\n\n\n<ul>\n<li><a href=\"https:\/\/parier-presidentielle.com\/de\/macron-wahl\/\">Setzen Sie auf Emmanuel Macron mit Unibet, Betclic, Bwin<\/a> : Der Favorit von Umfragen und Vorhersagen <\/li>\n\n\n\n<li><a href=\"https:\/\/parier-presidentielle.com\/de\/marine-le-pen-wahl\/\">Marine Le Pen: Ihre Quoten und wie man bei Buchmachern wetten kann<\/a>: Der Herausforderer laut Unibet<\/li>\n<\/ul>\n\n\n\n<p><\/p>\n\n\n\n<center><script type=\"text\/javascript\" charset=\"utf-8\" src=\"https:\/\/www.gambling-affiliation.com\/cpm\/v=AmIMTDSs92QY6b0MzDMvM5laCjJ-ZlA-1oQ-7tKsi.w_GA7331V2\"><\/script><\/center>\n\n\n\n<h3 class=\"wp-block-heading\"><span id=\"donald-trump-vs-joe-biden-la-video-qui-lance-les-paris-en-ligne-sur-l8217election-politique-de-2024\">Donald Trump gegen Joe Biden: Das Video, das Online-Wetten auf die politischen Wahlen 2024 startet<\/span><\/h3>\n\n\n\n<figure class=\"wp-block-embed is-type-video is-provider-youtube wp-block-embed-youtube wp-embed-aspect-16-9 wp-has-aspect-ratio\"><div class=\"wp-block-embed__wrapper\">\n<iframe loading=\"lazy\" title=\"Der fr\u00fchere Pr\u00e4sident Donald Trump startet 2024 das Angebot des Wei\u00dfen Hauses #Short\" width=\"640\" height=\"360\" src=\"https:\/\/www.youtube.com\/embed\/hZykPRVe4Ag?feature=oembed\" frameborder=\"0\" allow=\"accelerometer; autoplay; clipboard-write; encrypted-media; gyroscope; picture-in-picture; web-share\" allowfullscreen><\/iframe>\n<\/div><\/figure>\n\n\n<div class=\"wp-block-image\">\n<figure class=\"aligncenter size-medium\"><a href=\"https:\/\/parier-presidentielle.com\/de\/recommends\/unibet\/\" target=\"_blank\" rel=\"noopener\"><img decoding=\"async\" loading=\"lazy\" width=\"300\" height=\"169\" src=\"https:\/\/parier-presidentielle.com\/wp-content\/uploads\/2022\/04\/unibet-300x169.jpg\" alt=\"\" class=\"wp-image-1252\" srcset=\"https:\/\/parier-presidentielle.com\/wp-content\/uploads\/2022\/04\/unibet-300x169.jpg 300w, https:\/\/parier-presidentielle.com\/wp-content\/uploads\/2022\/04\/unibet-1024x576.jpg 1024w, https:\/\/parier-presidentielle.com\/wp-content\/uploads\/2022\/04\/unibet-768x432.jpg 768w, https:\/\/parier-presidentielle.com\/wp-content\/uploads\/2022\/04\/unibet-18x10.jpg 18w, https:\/\/parier-presidentielle.com\/wp-content\/uploads\/2022\/04\/unibet.jpg 1280w\" sizes=\"(max-width: 300px) 100vw, 300px\" \/><\/a><\/figure><\/div>\n\n\n<p>Finden Sie im Wiki die wichtigsten politischen Nachrichten zu Cannabis und seinen legalen Derivaten: <strong>HHC, H4cbd, Thcp, Thcv, HSD, HHCPO, C4B<\/strong><\/p>\n\n\n\n<p><br><\/p>\n<div id=\"toc_container\" class=\"no_bullets\"><p class=\"toc_title\">Inhaltsverzeichnis<\/p><ul class=\"toc_list\"><li><\/li><li><ul><li><\/li><\/ul><\/li><li><\/li><li><ul><li><ul><li><\/li><\/ul><\/li><li><\/li><li><\/li><\/ul><\/li><\/ul><\/div>","protected":false},"excerpt":{"rendered":"<p>Was ist das Angebot von NetBet Bookmaker 2022? Netbet bietet derzeit den besten Bonus f\u00fcr Online-Wetten: 100 \u20ac! Um auf diesen Bonus zuzugreifen, klicken Sie einfach auf unseren Partnerlink: 100 \u20ac f\u00fcr Ihre erste Wette! Klicken Sie hier NetBet NetBet ist ein Online-Gaming-Anbieter im Besitz von NetBet Enterprises Ltd. Die Platform \u2026<\/p>","protected":false},"author":1,"featured_media":0,"parent":0,"menu_order":0,"comment_status":"closed","ping_status":"closed","template":"page-nosidebar.php","meta":{"footnotes":""},"yoast_head":"<!-- This site is optimized with the Yoast SEO Premium plugin v21.0 (Yoast SEO v21.0) - https:\/\/yoast.com\/wordpress\/plugins\/seo\/ -->\n<title>NetBet : Parier sur la politique et l&#039;\u00e9lection Pr\u00e9sidentielle 2022 - Finale Coupe du Monde FIFA<\/title>\n<meta name=\"description\" content=\"Parier avec Netbet 100\u20ac offert pour votre 1er Pari sur la Politique, le Sport! Guide du Bookmaker pour profiter du Bonus de bienvenue...\" \/>\n<meta name=\"robots\" content=\"index, follow, max-snippet:-1, max-image-preview:large, max-video-preview:-1\" \/>\n<link rel=\"canonical\" href=\"https:\/\/parier-presidentielle.com\/de\/netbet-paris-politik-wahl-2022\/\" \/>\n<meta property=\"og:locale\" content=\"de_DE\" \/>\n<meta property=\"og:type\" content=\"article\" \/>\n<meta property=\"og:title\" content=\"NetBet : Parier sur la politique et l&#039;\u00e9lection Pr\u00e9sidentielle 2022\" \/>\n<meta property=\"og:description\" content=\"Parier avec Netbet 100\u20ac offert pour votre 1er Pari sur la Politique, le Sport! Guide du Bookmaker pour profiter du Bonus de bienvenue...\" \/>\n<meta property=\"og:url\" content=\"https:\/\/parier-presidentielle.com\/de\/netbet-paris-politik-wahl-2022\/\" \/>\n<meta property=\"og:site_name\" content=\"Parier Pr\u00e9sidentielle\" \/>\n<meta property=\"article:modified_time\" content=\"2022-04-14T13:41:15+00:00\" \/>\n<meta property=\"og:image\" content=\"https:\/\/banners.livepartners.com\/view.php?z=151480\" \/>\n<meta name=\"twitter:card\" content=\"summary_large_image\" \/>\n<meta name=\"twitter:label1\" content=\"Gesch\u00e4tzte Lesezeit\" \/>\n\t<meta name=\"twitter:data1\" content=\"7 Minuten\" \/>\n<script type=\"application\/ld+json\" class=\"yoast-schema-graph\">{\"@context\":\"https:\/\/schema.org\",\"@graph\":[{\"@type\":\"WebPage\",\"@id\":\"https:\/\/parier-presidentielle.com\/netbet-paris-politique-election-2022\/\",\"url\":\"https:\/\/parier-presidentielle.com\/netbet-paris-politique-election-2022\/\",\"name\":\"NetBet : Parier sur la politique et l'\u00e9lection Pr\u00e9sidentielle 2022 - Finale Coupe du Monde FIFA\",\"isPartOf\":{\"@id\":\"https:\/\/parier-presidentielle.com\/#website\"},\"datePublished\":\"2021-09-14T14:48:34+00:00\",\"dateModified\":\"2022-04-14T13:41:15+00:00\",\"description\":\"Parier avec Netbet 100\u20ac offert pour votre 1er Pari sur la Politique, le Sport! Guide du Bookmaker pour profiter du Bonus de bienvenue...\",\"breadcrumb\":{\"@id\":\"https:\/\/parier-presidentielle.com\/netbet-paris-politique-election-2022\/#breadcrumb\"},\"inLanguage\":\"de-DE\",\"potentialAction\":[{\"@type\":\"ReadAction\",\"target\":[\"https:\/\/parier-presidentielle.com\/netbet-paris-politique-election-2022\/\"]}]},{\"@type\":\"BreadcrumbList\",\"@id\":\"https:\/\/parier-presidentielle.com\/netbet-paris-politique-election-2022\/#breadcrumb\",\"itemListElement\":[{\"@type\":\"ListItem\",\"position\":1,\"name\":\"Accueil\",\"item\":\"https:\/\/parier-presidentielle.com\/\"},{\"@type\":\"ListItem\",\"position\":2,\"name\":\"NetBet : Parier sur la politique et l&#8217;\u00e9lection Pr\u00e9sidentielle 2022\"}]},{\"@type\":\"WebSite\",\"@id\":\"https:\/\/parier-presidentielle.com\/#website\",\"url\":\"https:\/\/parier-presidentielle.com\/\",\"name\":\"Parier Pr\u00e9sidentielle\",\"description\":\"Paris, Pronostics, Wiki sur la Politique, les Elections Am\u00e9ricaines: Joe Biden, Donald Trump avec les Bookmakers en ligne Unibet, Bwin, Betclic, Winamax\",\"potentialAction\":[{\"@type\":\"SearchAction\",\"target\":{\"@type\":\"EntryPoint\",\"urlTemplate\":\"https:\/\/parier-presidentielle.com\/?s={search_term_string}\"},\"query-input\":\"required name=search_term_string\"}],\"inLanguage\":\"de-DE\"}]}<\/script>\n<!-- \/ Yoast SEO Premium plugin. -->","yoast_head_json":{"title":"NetBet : Parier sur la politique et l'\u00e9lection Pr\u00e9sidentielle 2022 - Finale Coupe du Monde FIFA","description":"Parier avec Netbet 100\u20ac offert pour votre 1er Pari sur la Politique, le Sport! Guide du Bookmaker pour profiter du Bonus de bienvenue...","robots":{"index":"index","follow":"follow","max-snippet":"max-snippet:-1","max-image-preview":"max-image-preview:large","max-video-preview":"max-video-preview:-1"},"canonical":"https:\/\/parier-presidentielle.com\/de\/netbet-paris-politik-wahl-2022\/","og_locale":"de_DE","og_type":"article","og_title":"NetBet : Parier sur la politique et l'\u00e9lection Pr\u00e9sidentielle 2022","og_description":"Parier avec Netbet 100\u20ac offert pour votre 1er Pari sur la Politique, le Sport! Guide du Bookmaker pour profiter du Bonus de bienvenue...","og_url":"https:\/\/parier-presidentielle.com\/de\/netbet-paris-politik-wahl-2022\/","og_site_name":"Parier Pr\u00e9sidentielle","article_modified_time":"2022-04-14T13:41:15+00:00","og_image":[{"url":"https:\/\/banners.livepartners.com\/view.php?z=151480"}],"twitter_card":"summary_large_image","twitter_misc":{"Gesch\u00e4tzte Lesezeit":"7 Minuten"},"schema":{"@context":"https:\/\/schema.org","@graph":[{"@type":"WebPage","@id":"https:\/\/parier-presidentielle.com\/netbet-paris-politique-election-2022\/","url":"https:\/\/parier-presidentielle.com\/netbet-paris-politique-election-2022\/","name":"NetBet : Parier sur la politique et l'\u00e9lection Pr\u00e9sidentielle 2022 - Finale Coupe du Monde FIFA","isPartOf":{"@id":"https:\/\/parier-presidentielle.com\/#website"},"datePublished":"2021-09-14T14:48:34+00:00","dateModified":"2022-04-14T13:41:15+00:00","description":"Parier avec Netbet 100\u20ac offert pour votre 1er Pari sur la Politique, le Sport! Guide du Bookmaker pour profiter du Bonus de bienvenue...","breadcrumb":{"@id":"https:\/\/parier-presidentielle.com\/netbet-paris-politique-election-2022\/#breadcrumb"},"inLanguage":"de-DE","potentialAction":[{"@type":"ReadAction","target":["https:\/\/parier-presidentielle.com\/netbet-paris-politique-election-2022\/"]}]},{"@type":"BreadcrumbList","@id":"https:\/\/parier-presidentielle.com\/netbet-paris-politique-election-2022\/#breadcrumb","itemListElement":[{"@type":"ListItem","position":1,"name":"Accueil","item":"https:\/\/parier-presidentielle.com\/"},{"@type":"ListItem","position":2,"name":"NetBet : Parier sur la politique et l&#8217;\u00e9lection Pr\u00e9sidentielle 2022"}]},{"@type":"WebSite","@id":"https:\/\/parier-presidentielle.com\/#website","url":"https:\/\/parier-presidentielle.com\/","name":"Parier Pr\u00e9sidentielle","description":"Paris, Pronostics, Wiki sur la Politique, les Elections Am\u00e9ricaines: Joe Biden, Donald Trump avec les Bookmakers en ligne Unibet, Bwin, Betclic, Winamax","potentialAction":[{"@type":"SearchAction","target":{"@type":"EntryPoint","urlTemplate":"https:\/\/parier-presidentielle.com\/?s={search_term_string}"},"query-input":"required name=search_term_string"}],"inLanguage":"de-DE"}]}},"_links":{"self":[{"href":"https:\/\/parier-presidentielle.com\/de\/wp-json\/wp\/v2\/pages\/255"}],"collection":[{"href":"https:\/\/parier-presidentielle.com\/de\/wp-json\/wp\/v2\/pages"}],"about":[{"href":"https:\/\/parier-presidentielle.com\/de\/wp-json\/wp\/v2\/types\/page"}],"author":[{"embeddable":true,"href":"https:\/\/parier-presidentielle.com\/de\/wp-json\/wp\/v2\/users\/1"}],"replies":[{"embeddable":true,"href":"https:\/\/parier-presidentielle.com\/de\/wp-json\/wp\/v2\/comments?post=255"}],"version-history":[{"count":26,"href":"https:\/\/parier-presidentielle.com\/de\/wp-json\/wp\/v2\/pages\/255\/revisions"}],"predecessor-version":[{"id":1412,"href":"https:\/\/parier-presidentielle.com\/de\/wp-json\/wp\/v2\/pages\/255\/revisions\/1412"}],"wp:attachment":[{"href":"https:\/\/parier-presidentielle.com\/de\/wp-json\/wp\/v2\/media?parent=255"}],"curies":[{"name":"wp","href":"https:\/\/api.w.org\/{rel}","templated":true}]}}