{"id":257,"date":"2021-09-14T16:52:08","date_gmt":"2021-09-14T14:52:08","guid":{"rendered":"https:\/\/parier-presidentielle.com\/?page_id=257"},"modified":"2022-04-24T11:53:58","modified_gmt":"2022-04-24T09:53:58","slug":"winamax-politique-election-2022","status":"publish","type":"page","link":"https:\/\/parier-presidentielle.com\/de\/winamax-politikwahl-2022\/","title":{"rendered":"Winamax: Wetten auf Politik und die Pr\u00e4sidentschaftswahlen 2022"},"content":{"rendered":"<div class=\"wp-block-columns is-layout-flex wp-container-4 wp-block-columns-is-layout-flex\">\n<div class=\"wp-block-column is-layout-flow wp-block-column-is-layout-flow\" style=\"flex-basis:100%\">\n<div class=\"wp-block-columns is-layout-flex wp-container-2 wp-block-columns-is-layout-flex\">\n<div class=\"wp-block-column is-layout-flow wp-block-column-is-layout-flow\" style=\"flex-basis:100%\">\n<center><script type=\"text\/javascript\" charset=\"utf-8\" src=\"https:\/\/www.gambling-affiliation.com\/cpm\/v=AmIMTDSs92QY6b0MzDMvM5laCjJ-ZlA-1oQ-7tKsi.w_GA7331V2\"><\/script><\/center>\n\n\n\n<p><\/p>\n\n\n\n<div class=\"wp-block-image is-style-default\"><figure class=\"aligncenter size-medium\"><a href=\"https:\/\/parier-presidentielle.com\/de\/recommends\/unibet-logo\/\" target=\"_blank\" rel=\"no follow noopener\"><img decoding=\"async\" loading=\"lazy\" width=\"300\" height=\"169\" src=\"https:\/\/parier-presidentielle.com\/wp-content\/uploads\/2022\/04\/unibet-300x169.jpg\" alt=\"\" class=\"wp-image-1252\" srcset=\"https:\/\/parier-presidentielle.com\/wp-content\/uploads\/2022\/04\/unibet-300x169.jpg 300w, https:\/\/parier-presidentielle.com\/wp-content\/uploads\/2022\/04\/unibet-1024x576.jpg 1024w, https:\/\/parier-presidentielle.com\/wp-content\/uploads\/2022\/04\/unibet-768x432.jpg 768w, https:\/\/parier-presidentielle.com\/wp-content\/uploads\/2022\/04\/unibet-18x10.jpg 18w, https:\/\/parier-presidentielle.com\/wp-content\/uploads\/2022\/04\/unibet.jpg 1280w\" sizes=\"(max-width: 300px) 100vw, 300px\" \/><\/a><\/figure><\/div>\n<\/div>\n<\/div>\n<\/div>\n<\/div>\n\n\n\n<h2 class=\"wp-block-heading\"><span id=\"pour-le-moment-winamax-ne-propose-pas-de-paris-sur-l8217election\">Derzeit bietet Winamax keine Wahlwetten an! <\/span><\/h2>\n\n\n\n<p class=\"has-text-align-center\">M\u00f6chten Sie auf den zuk\u00fcnftigen Pr\u00e4sidenten Frankreichs wetten? W\u00e4hrend Winamax keine Wetten auf Politik und die Pr\u00e4sidentschaftswahlen anbietet, ist seine Spezialit\u00e4t Poker, aber es ist m\u00f6glich, bei den beiden marktf\u00fchrenden Buchmachern in Frankreich zu wetten: <a href=\"https:\/\/parier-presidentielle.com\/de\/bwin-politik-wahl-2022\/\">Unibet <\/a>und <a href=\"https:\/\/parier-presidentielle.com\/de\/unibet-policy-wahl-2022\/\">Bwin<\/a><\/p>\n\n\n\n<h2 class=\"wp-block-heading\"><span id=\"winamax-en-bref\">Winamax in K\u00fcrze<\/span><\/h2>\n\n\n\n<p><a href=\"https:\/\/parier-presidentielle.com\/de\/winamax-politikwahl-2022\/\">Winamax<\/a>.com LTD wurde 1999 gegr\u00fcndet. Zun\u00e4chst wurde ein Fu\u00dfballmanagerspiel entwickelt und vertrieben. Im Jahr 2000 investierten unter anderem Privatanleger. Der franz\u00f6sisch-schweizerische Unternehmer Robert Louis-Dreyfus investierte zwei Millionen US-Dollar in das Unternehmen, um dessen internationale Entwicklung voranzutreiben. Dreyfus \u00fcbernahm 2004 zusammen mit Alexandre Roos und Christophe Schaming das Unternehmen, das sich fortan auf das Angebot von Sportwetten in Frankreich, Deutschland und England konzentrierte. Seit Mai 2006 bietet Winamax auch Online-Poker an. Seit Juni 2018 ist Schaming alleiniger Eigent\u00fcmer.<\/p>\n\n\n\n<div class=\"wp-block-image\"><figure class=\"aligncenter size-full is-resized\"><img decoding=\"async\" loading=\"lazy\" src=\"https:\/\/parier-presidentielle.com\/wp-content\/uploads\/2022\/03\/winamax-election-presidentielle.jpg\" alt=\"\" class=\"wp-image-1010\" width=\"600\" height=\"300\" srcset=\"https:\/\/parier-presidentielle.com\/wp-content\/uploads\/2022\/03\/winamax-election-presidentielle.jpg 800w, https:\/\/parier-presidentielle.com\/wp-content\/uploads\/2022\/03\/winamax-election-presidentielle-300x150.jpg 300w, https:\/\/parier-presidentielle.com\/wp-content\/uploads\/2022\/03\/winamax-election-presidentielle-768x384.jpg 768w\" sizes=\"(max-width: 600px) 100vw, 600px\" \/><\/figure><\/div>\n\n\n\n<p>Winamax ist die erste Online-Pokerplattform in Frankreich. Im Jahr 2016 erzielte das Unternehmen einen Jahresumsatz von mehr als 135 Millionen Euro, im Jahr 2018 lag der Umsatz bei mehr als 200 Millionen Euro. Es werden jedoch keine Wetten auf die Politik oder die franz\u00f6sischen Wahlen 2022 angeboten.<\/p>\n\n\n\n<h2 class=\"wp-block-heading\"><span id=\"winamax-en-chiffre\">Winamax in Zahlen<\/span><\/h2>\n\n\n\n<h3 class=\"wp-block-heading\"><span id=\"poker-et-paris-sportifs\">Poker und Sportwetten<\/span><\/h3>\n\n\n\n<p>Mit einem Marktanteil von 63,71 TP4T ist Winamax die f\u00fchrende Pokerseite in Frankreich. Im Juli 2018 ist das Unternehmen in den spanischen Markt eingestiegen und expandiert auf dem spanischen Markt. Die auf PC, Mac und Mobilger\u00e4ten verf\u00fcgbare Winamax-Anwendung ist die weltweit erste in ihrem Bereich: regelm\u00e4\u00dfig aktualisiert und die beste Anwendung auf dem Markt seit 2010. Im Jahr 2014, anl\u00e4sslich der Fu\u00dfball-Weltmeisterschaft, er\u00f6ffnete Winamax seine Sportwetten-Website und konnte so insbesondere durch den ausgefallenen, humorvollen Ton und die besten Quoten* den Unterschied in einem kompetitiven Umfeld ausmachen.<\/p>\n\n\n\n<h3 class=\"wp-block-heading\"><span id=\"la-plus-grande-communaute-de-jeu-d8217europe\">Europas gr\u00f6\u00dfte Gaming-Community<\/span><\/h3>\n\n\n\n<p>Der Geist von Winamax ist der Geist einer gro\u00dfen Community von mehr als 5,9 Millionen Spielern in Frankreich und Spanien und wird seit 2006 w\u00f6chentlich in den Wam-Poker-Foren, sozialen Netzwerken und Winamax TV (dem TV-Netzwerk der Marke mit mehr als 40 Programmen) ausgestrahlt Std). Winamax ist auf Twitter, Facebook, Instagram und YouTube pr\u00e4sent und hat Hunderttausende Abonnenten, mit denen das Unternehmen t\u00e4glich interagiert und neue Inhalte liefert, die humorvoll, lehrreich und provokativ sind \u2013 alles, was es braucht <a href=\"https:\/\/parier-presidentielle.com\/de\/\">Wetten auf Politik<\/a> perfekt sein!<\/p>\n\n\n\n<h3 class=\"wp-block-heading\"><span id=\"securite\">Sicherheit<\/span><\/h3>\n\n\n\n<p>Als erster Betreiber, der im Juni 2010 von der Online Gaming Regulatory Authority (ARJEL, inzwischen National Gaming Authority) zugelassen wurde, garantiert Winamax seinen Spielern maximale Sicherheit, von den auf das Konto eingezahlten Geldern bis hin zum Schutz vor Betrug und der Integrit\u00e4t des Kartendurchzugs.<\/p>\n\n\n\n<p class=\"has-text-align-center unibet\" style=\"font-size:25px\"><mark style=\"background-color:rgba(0, 0, 0, 0);color:#0d7a12\" class=\"has-inline-color\"><strong><a href=\"https:\/\/parier-presidentielle.com\/de\/recommends\/unibet\/\">150 \u20ac Bonus, der bei Unibet angeboten wird<br>F\u00fcr Ihre 1. politische oder sportliche Wette: Klicken Sie hier<\/a><\/strong><\/mark><\/p>\n\n\n\n<p><\/p>\n\n\n<div class=\"wp-block-image\">\n<figure class=\"aligncenter is-resized wp-duotone-000097-ff4747-5\"><img decoding=\"async\" loading=\"lazy\" src=\"https:\/\/parier-presidentielle.com\/wp-content\/uploads\/2021\/09\/election-standard-scale-4_00x-gigapixel-1024x623.jpg\" alt=\"Wahl 2022\" style=\"width:256px;height:156px\" width=\"256\" height=\"156\"\/><\/figure><\/div>\n\n\n<p><br><\/p>\n\n\n\n<p><strong>Parier-presidentielle hilft Ihnen, Ihre Wahl zwischen den verschiedenen zu treffen<a href=\"https:\/\/parier-presidentielle.com\/de\/\"> Die Buchmacher Bwin, Unibet und Betclic setzen 2024 auf den zuk\u00fcnftigen amerikanischen Pr\u00e4sidenten<\/a> : <\/strong><br><a href=\"https:\/\/parier-presidentielle.com\/de\/unibet-policy-wahl-2022\/\">Unibet Presidential Buchmacher<\/a> : Detaillierter und kostenloser Leitfaden, um Ihre 1. Wette online mit allen Quoten abzuschlie\u00dfen und wie Sie den angebotenen Bonus nutzen k\u00f6nnen!<\/p>\n\n\n\n<p>Sowie die anderen Online-Wettseiten: <a href=\"https:\/\/parier-presidentielle.com\/de\/unibet-policy-wahl-2022\/\">Bwin<\/a>, <a href=\"https:\/\/parier-presidentielle.com\/de\/netbet-paris-politik-wahl-2022\/\">NetBet<\/a>, <a href=\"https:\/\/parier-presidentielle.com\/de\/betclic-prasidentschafts-2022\/\">Betclic<\/a>, <a href=\"https:\/\/parier-presidentielle.com\/de\/winamax-politikwahl-2022\/\">Winamax<\/a>, Parions Sport, Zebet, Betway, France-Pari, Vbet, Cloudbet, 1Xbit, 1xbet, Betfair, Betwinner\u2026<\/p>\n\n\n\n<div class=\"wp-block-columns is-layout-flex wp-container-10 wp-block-columns-is-layout-flex\">\n<div class=\"wp-block-column is-layout-flow wp-block-column-is-layout-flow\" style=\"flex-basis:33.33%\">\n<p>Sie haben gerade unsere Datei gelesen:<\/p>\n<\/div>\n\n\n\n<div class=\"wp-block-column is-layout-flow wp-block-column-is-layout-flow\" style=\"flex-basis:33.33%\">\n<div class=\"wp-block-group is-layout-flow wp-block-group-is-layout-flow\"><div class=\"wp-block-group__inner-container\"><h4 class=\"has-text-align-center wp-block-post-title\"><span id=\"winamax-parier-sur-la-politique-et-l8217election-presidentielle-2022\"><a href=\"https:\/\/parier-presidentielle.com\/de\/winamax-politikwahl-2022\/\" target=\"_self\" >Winamax: Wetten auf Politik und die Pr\u00e4sidentschaftswahlen 2022<\/a><\/span><\/h4><\/div><\/div>\n<\/div>\n\n\n\n<div class=\"wp-block-column is-layout-flow wp-block-column-is-layout-flow\" style=\"flex-basis:33.33%\">\n<p class=\"has-text-align-right\">Lesen Sie weiter mit unseren anderen exklusiven Dateien,<\/p>\n<\/div>\n<\/div>\n\n\n\n<h3 class=\"wp-block-heading\" id=\"tous-les-pronostics-sondage-et-cotes-pour-parier-sur-le-futur-vainqueur-de-l-election-presidentielle-2022\"><span id=\"tous-les-pronostics-sondage-et-cotes-pour-parier-sur-le-futur-vainqueur-de-l8217election-presidentielle-2024\">Alle Vorhersagen, Umfragen und Quoten, um auf den zuk\u00fcnftigen Gewinner der Pr\u00e4sidentschaftswahl 2024 zu wetten:<\/span><\/h3>\n\n\n\n<ul>\n<li><a href=\"https:\/\/parier-presidentielle.com\/de\/macron-wahl\/\">Setzen Sie auf Emmanuel Macron mit Unibet, Betclic, Bwin<\/a> : Der Favorit von Umfragen und Vorhersagen <\/li>\n\n\n\n<li><a href=\"https:\/\/parier-presidentielle.com\/de\/marine-le-pen-wahl\/\">Marine Le Pen: Ihre Quoten und wie man bei Buchmachern wetten kann<\/a>: Der Herausforderer laut Unibet<\/li>\n<\/ul>\n\n\n\n<p><\/p>\n\n\n\n<center><script type=\"text\/javascript\" charset=\"utf-8\" src=\"https:\/\/www.gambling-affiliation.com\/cpm\/v=AmIMTDSs92QY6b0MzDMvM5laCjJ-ZlA-1oQ-7tKsi.w_GA7331V2\"><\/script><\/center>\n\n\n\n<h3 class=\"wp-block-heading\"><span id=\"donald-trump-vs-joe-biden-la-video-qui-lance-les-paris-en-ligne-sur-l8217election-politique-de-2024\">Donald Trump gegen Joe Biden: Das Video, das Online-Wetten auf die politischen Wahlen 2024 startet<\/span><\/h3>\n\n\n\n<figure class=\"wp-block-embed is-type-video is-provider-youtube wp-block-embed-youtube wp-embed-aspect-16-9 wp-has-aspect-ratio\"><div class=\"wp-block-embed__wrapper\">\n<iframe loading=\"lazy\" title=\"Der fr\u00fchere Pr\u00e4sident Donald Trump startet 2024 das Angebot des Wei\u00dfen Hauses #Short\" width=\"640\" height=\"360\" src=\"https:\/\/www.youtube.com\/embed\/hZykPRVe4Ag?feature=oembed\" frameborder=\"0\" allow=\"accelerometer; autoplay; clipboard-write; encrypted-media; gyroscope; picture-in-picture; web-share\" allowfullscreen><\/iframe>\n<\/div><\/figure>\n\n\n<div class=\"wp-block-image\">\n<figure class=\"aligncenter size-medium\"><a href=\"https:\/\/parier-presidentielle.com\/de\/recommends\/unibet\/\" target=\"_blank\" rel=\"noopener\"><img decoding=\"async\" loading=\"lazy\" width=\"300\" height=\"169\" src=\"https:\/\/parier-presidentielle.com\/wp-content\/uploads\/2022\/04\/unibet-300x169.jpg\" alt=\"\" class=\"wp-image-1252\" srcset=\"https:\/\/parier-presidentielle.com\/wp-content\/uploads\/2022\/04\/unibet-300x169.jpg 300w, https:\/\/parier-presidentielle.com\/wp-content\/uploads\/2022\/04\/unibet-1024x576.jpg 1024w, https:\/\/parier-presidentielle.com\/wp-content\/uploads\/2022\/04\/unibet-768x432.jpg 768w, https:\/\/parier-presidentielle.com\/wp-content\/uploads\/2022\/04\/unibet-18x10.jpg 18w, https:\/\/parier-presidentielle.com\/wp-content\/uploads\/2022\/04\/unibet.jpg 1280w\" sizes=\"(max-width: 300px) 100vw, 300px\" \/><\/a><\/figure><\/div>\n\n\n<p>Finden Sie im Wiki die wichtigsten politischen Nachrichten zu Cannabis und seinen legalen Derivaten: <strong>HHC, H4cbd, Thcp, Thcv, HSD, HHCPO, C4B<\/strong><\/p>\n<div id=\"toc_container\" class=\"no_bullets\"><p class=\"toc_title\">Inhaltsverzeichnis<\/p><ul class=\"toc_list\"><li><\/li><li><\/li><li><ul><li><\/li><li><\/li><li><ul><li><\/li><\/ul><\/li><li><\/li><li><\/li><\/ul><\/li><\/ul><\/div>","protected":false},"excerpt":{"rendered":"<p>Pour le moment Winamax ne propose pas de paris sur l&#8217;\u00e9lection! Vous voulez pariez sur le futur pr\u00e9sident de la France? Si Winamax ne propose de paris sur la politique et la pr\u00e9sidentielle sa sp\u00e9cialit\u00e9 c&#8217;est le poker mais il est possible de parier avec les 2 bookmakers leader du march\u00e9 en France : Unibet &#8230;<\/p>","protected":false},"author":1,"featured_media":0,"parent":0,"menu_order":0,"comment_status":"closed","ping_status":"closed","template":"page-nosidebar.php","meta":{"footnotes":""},"yoast_head":"<!-- This site is optimized with the Yoast SEO Premium plugin v21.0 (Yoast SEO v21.0) - https:\/\/yoast.com\/wordpress\/plugins\/seo\/ -->\n<title>Winamax : Parier sur la politique et l&#039;\u00e9lection Pr\u00e9sidentielle 2022 - Finale Coupe du Monde FIFA<\/title>\n<meta name=\"description\" content=\"Parier avec Winamax 100\u20ac offert pour votre 1er Pari sur la Politique, le Sport! Guide du Bookmaker pour profiter du Bonus de bienvenue...\" \/>\n<meta name=\"robots\" content=\"index, follow, max-snippet:-1, max-image-preview:large, max-video-preview:-1\" \/>\n<link rel=\"canonical\" href=\"https:\/\/parier-presidentielle.com\/de\/winamax-politikwahl-2022\/\" \/>\n<meta property=\"og:locale\" content=\"de_DE\" \/>\n<meta property=\"og:type\" content=\"article\" \/>\n<meta property=\"og:title\" content=\"Winamax : Parier sur la politique et l&#039;\u00e9lection Pr\u00e9sidentielle 2022\" \/>\n<meta property=\"og:description\" content=\"Parier avec Winamax 100\u20ac offert pour votre 1er Pari sur la Politique, le Sport! Guide du Bookmaker pour profiter du Bonus de bienvenue...\" \/>\n<meta property=\"og:url\" content=\"https:\/\/parier-presidentielle.com\/de\/winamax-politikwahl-2022\/\" \/>\n<meta property=\"og:site_name\" content=\"Parier Pr\u00e9sidentielle\" \/>\n<meta property=\"article:modified_time\" content=\"2022-04-24T09:53:58+00:00\" \/>\n<meta property=\"og:image\" content=\"https:\/\/parier-presidentielle.com\/wp-content\/uploads\/2022\/03\/winamax-election-presidentielle.jpg\" \/>\n<meta name=\"twitter:card\" content=\"summary_large_image\" \/>\n<meta name=\"twitter:label1\" content=\"Gesch\u00e4tzte Lesezeit\" \/>\n\t<meta name=\"twitter:data1\" content=\"3 Minuten\" \/>\n<script type=\"application\/ld+json\" class=\"yoast-schema-graph\">{\"@context\":\"https:\/\/schema.org\",\"@graph\":[{\"@type\":\"WebPage\",\"@id\":\"https:\/\/parier-presidentielle.com\/winamax-politique-election-2022\/\",\"url\":\"https:\/\/parier-presidentielle.com\/winamax-politique-election-2022\/\",\"name\":\"Winamax : Parier sur la politique et l'\u00e9lection Pr\u00e9sidentielle 2022 - Finale Coupe du Monde FIFA\",\"isPartOf\":{\"@id\":\"https:\/\/parier-presidentielle.com\/#website\"},\"datePublished\":\"2021-09-14T14:52:08+00:00\",\"dateModified\":\"2022-04-24T09:53:58+00:00\",\"description\":\"Parier avec Winamax 100\u20ac offert pour votre 1er Pari sur la Politique, le Sport! Guide du Bookmaker pour profiter du Bonus de bienvenue...\",\"breadcrumb\":{\"@id\":\"https:\/\/parier-presidentielle.com\/winamax-politique-election-2022\/#breadcrumb\"},\"inLanguage\":\"de-DE\",\"potentialAction\":[{\"@type\":\"ReadAction\",\"target\":[\"https:\/\/parier-presidentielle.com\/winamax-politique-election-2022\/\"]}]},{\"@type\":\"BreadcrumbList\",\"@id\":\"https:\/\/parier-presidentielle.com\/winamax-politique-election-2022\/#breadcrumb\",\"itemListElement\":[{\"@type\":\"ListItem\",\"position\":1,\"name\":\"Accueil\",\"item\":\"https:\/\/parier-presidentielle.com\/\"},{\"@type\":\"ListItem\",\"position\":2,\"name\":\"Winamax : Parier sur la politique et l&#8217;\u00e9lection Pr\u00e9sidentielle 2022\"}]},{\"@type\":\"WebSite\",\"@id\":\"https:\/\/parier-presidentielle.com\/#website\",\"url\":\"https:\/\/parier-presidentielle.com\/\",\"name\":\"Parier Pr\u00e9sidentielle\",\"description\":\"Paris, Pronostics, Wiki sur la Politique, les Elections Am\u00e9ricaines: Joe Biden, Donald Trump avec les Bookmakers en ligne Unibet, Bwin, Betclic, Winamax\",\"potentialAction\":[{\"@type\":\"SearchAction\",\"target\":{\"@type\":\"EntryPoint\",\"urlTemplate\":\"https:\/\/parier-presidentielle.com\/?s={search_term_string}\"},\"query-input\":\"required name=search_term_string\"}],\"inLanguage\":\"de-DE\"}]}<\/script>\n<!-- \/ Yoast SEO Premium plugin. -->","yoast_head_json":{"title":"Winamax : Parier sur la politique et l'\u00e9lection Pr\u00e9sidentielle 2022 - Finale Coupe du Monde FIFA","description":"Parier avec Winamax 100\u20ac offert pour votre 1er Pari sur la Politique, le Sport! Guide du Bookmaker pour profiter du Bonus de bienvenue...","robots":{"index":"index","follow":"follow","max-snippet":"max-snippet:-1","max-image-preview":"max-image-preview:large","max-video-preview":"max-video-preview:-1"},"canonical":"https:\/\/parier-presidentielle.com\/de\/winamax-politikwahl-2022\/","og_locale":"de_DE","og_type":"article","og_title":"Winamax : Parier sur la politique et l'\u00e9lection Pr\u00e9sidentielle 2022","og_description":"Parier avec Winamax 100\u20ac offert pour votre 1er Pari sur la Politique, le Sport! Guide du Bookmaker pour profiter du Bonus de bienvenue...","og_url":"https:\/\/parier-presidentielle.com\/de\/winamax-politikwahl-2022\/","og_site_name":"Parier Pr\u00e9sidentielle","article_modified_time":"2022-04-24T09:53:58+00:00","og_image":[{"url":"https:\/\/parier-presidentielle.com\/wp-content\/uploads\/2022\/03\/winamax-election-presidentielle.jpg"}],"twitter_card":"summary_large_image","twitter_misc":{"Gesch\u00e4tzte Lesezeit":"3 Minuten"},"schema":{"@context":"https:\/\/schema.org","@graph":[{"@type":"WebPage","@id":"https:\/\/parier-presidentielle.com\/winamax-politique-election-2022\/","url":"https:\/\/parier-presidentielle.com\/winamax-politique-election-2022\/","name":"Winamax : Parier sur la politique et l'\u00e9lection Pr\u00e9sidentielle 2022 - Finale Coupe du Monde FIFA","isPartOf":{"@id":"https:\/\/parier-presidentielle.com\/#website"},"datePublished":"2021-09-14T14:52:08+00:00","dateModified":"2022-04-24T09:53:58+00:00","description":"Parier avec Winamax 100\u20ac offert pour votre 1er Pari sur la Politique, le Sport! Guide du Bookmaker pour profiter du Bonus de bienvenue...","breadcrumb":{"@id":"https:\/\/parier-presidentielle.com\/winamax-politique-election-2022\/#breadcrumb"},"inLanguage":"de-DE","potentialAction":[{"@type":"ReadAction","target":["https:\/\/parier-presidentielle.com\/winamax-politique-election-2022\/"]}]},{"@type":"BreadcrumbList","@id":"https:\/\/parier-presidentielle.com\/winamax-politique-election-2022\/#breadcrumb","itemListElement":[{"@type":"ListItem","position":1,"name":"Accueil","item":"https:\/\/parier-presidentielle.com\/"},{"@type":"ListItem","position":2,"name":"Winamax : Parier sur la politique et l&#8217;\u00e9lection Pr\u00e9sidentielle 2022"}]},{"@type":"WebSite","@id":"https:\/\/parier-presidentielle.com\/#website","url":"https:\/\/parier-presidentielle.com\/","name":"Parier Pr\u00e9sidentielle","description":"Paris, Pronostics, Wiki sur la Politique, les Elections Am\u00e9ricaines: Joe Biden, Donald Trump avec les Bookmakers en ligne Unibet, Bwin, Betclic, Winamax","potentialAction":[{"@type":"SearchAction","target":{"@type":"EntryPoint","urlTemplate":"https:\/\/parier-presidentielle.com\/?s={search_term_string}"},"query-input":"required name=search_term_string"}],"inLanguage":"de-DE"}]}},"_links":{"self":[{"href":"https:\/\/parier-presidentielle.com\/de\/wp-json\/wp\/v2\/pages\/257"}],"collection":[{"href":"https:\/\/parier-presidentielle.com\/de\/wp-json\/wp\/v2\/pages"}],"about":[{"href":"https:\/\/parier-presidentielle.com\/de\/wp-json\/wp\/v2\/types\/page"}],"author":[{"embeddable":true,"href":"https:\/\/parier-presidentielle.com\/de\/wp-json\/wp\/v2\/users\/1"}],"replies":[{"embeddable":true,"href":"https:\/\/parier-presidentielle.com\/de\/wp-json\/wp\/v2\/comments?post=257"}],"version-history":[{"count":8,"href":"https:\/\/parier-presidentielle.com\/de\/wp-json\/wp\/v2\/pages\/257\/revisions"}],"predecessor-version":[{"id":1630,"href":"https:\/\/parier-presidentielle.com\/de\/wp-json\/wp\/v2\/pages\/257\/revisions\/1630"}],"wp:attachment":[{"href":"https:\/\/parier-presidentielle.com\/de\/wp-json\/wp\/v2\/media?parent=257"}],"curies":[{"name":"wp","href":"https:\/\/api.w.org\/{rel}","templated":true}]}}