{"id":269,"date":"2021-09-14T17:14:49","date_gmt":"2021-09-14T15:14:49","guid":{"rendered":"https:\/\/parier-presidentielle.com\/?page_id=269"},"modified":"2022-04-22T01:06:24","modified_gmt":"2022-04-21T23:06:24","slug":"bookmaker-election-politique-2022","status":"publish","type":"page","link":"https:\/\/parier-presidentielle.com\/de\/buchmacher-wahl-politik-2022\/","title":{"rendered":"Buchmacher: Wo kann man am besten auf Politik und die Pr\u00e4sidentschaftswahl 2022 wetten?"},"content":{"rendered":"<div class=\"wp-block-columns is-layout-flex wp-container-4 wp-block-columns-is-layout-flex\">\n<div class=\"wp-block-column is-layout-flow wp-block-column-is-layout-flow\" style=\"flex-basis:100%\">\n<div class=\"wp-block-columns is-layout-flex wp-container-2 wp-block-columns-is-layout-flex\">\n<div class=\"wp-block-column is-layout-flow wp-block-column-is-layout-flow\" style=\"flex-basis:100%\">\n<center><script type=\"text\/javascript\" charset=\"utf-8\" src=\"https:\/\/www.gambling-affiliation.com\/cpm\/v=AmIMTDSs92QY6b0MzDMvM5laCjJ-ZlA-1oQ-7tKsi.w_GA7331V2\"><\/script><\/center>\n\n\n\n<p><\/p>\n\n\n\n<div class=\"wp-block-image is-style-default\"><figure class=\"aligncenter size-medium\"><a href=\"https:\/\/parier-presidentielle.com\/de\/recommends\/unibet-logo\/\" target=\"_blank\" rel=\"no follow noopener\"><img decoding=\"async\" loading=\"lazy\" width=\"300\" height=\"169\" src=\"https:\/\/parier-presidentielle.com\/wp-content\/uploads\/2022\/04\/unibet-300x169.jpg\" alt=\"\" class=\"wp-image-1252\" srcset=\"https:\/\/parier-presidentielle.com\/wp-content\/uploads\/2022\/04\/unibet-300x169.jpg 300w, https:\/\/parier-presidentielle.com\/wp-content\/uploads\/2022\/04\/unibet-1024x576.jpg 1024w, https:\/\/parier-presidentielle.com\/wp-content\/uploads\/2022\/04\/unibet-768x432.jpg 768w, https:\/\/parier-presidentielle.com\/wp-content\/uploads\/2022\/04\/unibet-18x10.jpg 18w, https:\/\/parier-presidentielle.com\/wp-content\/uploads\/2022\/04\/unibet.jpg 1280w\" sizes=\"(max-width: 300px) 100vw, 300px\" \/><\/a><\/figure><\/div>\n<\/div>\n<\/div>\n<\/div>\n<\/div>\n\n\n\n<h2 class=\"wp-block-heading\"><span id=\"les-bookmakers-unibet-bwin-betclic-le-top-3\">Buchmacher Unibet, Bwin, Betclic die Top 3!<\/span><\/h2>\n\n\n\n<p>Wetten auf den Gewinner von <a href=\"https:\/\/parier-presidentielle.com\/de\/\">Wahlen 2022<\/a>, nachdem wir Dutzende von Buchmachern getestet haben, scheint es, dass Betclic, Unibet, Bwin die besten sind. Finden Sie unsere exklusive Datei, um Ihre ersten Wetten auf die Richtlinie auch \u00fcber Ihren Computer, Ihr Telefon oder sogar Anwendungen abzuschlie\u00dfen:<\/p>\n\n\n\n<p><a href=\"https:\/\/parier-presidentielle.com\/de\/unibet-policy-wahl-2022\/\">Unibet: Die besten Quoten f\u00fcr die Pr\u00e4sidentschaftswahl<\/a><br><a href=\"https:\/\/parier-presidentielle.com\/de\/bwin-politik-wahl-2022\/\">Bwin: Der Neue bei der Wahl 2022<\/a><br><a href=\"https:\/\/parier-presidentielle.com\/de\/betclic-prasidentschafts-2022\/\">Betclic: Der Fu\u00dfballbuchmacher<\/a><\/p>\n\n\n\n<div class=\"wp-block-image is-style-default wp-duotone-000097-ff4747-5\"><figure class=\"aligncenter size-full is-resized\"><img decoding=\"async\" loading=\"lazy\" src=\"https:\/\/parier-presidentielle.com\/wp-content\/uploads\/2021\/09\/depositphotos_172634272-stock-illustration-bookmakers-men-with-money.jpg\" alt=\"Buchmacher und Politik\" class=\"wp-image-279\" width=\"450\" height=\"314\" srcset=\"https:\/\/parier-presidentielle.com\/wp-content\/uploads\/2021\/09\/depositphotos_172634272-stock-illustration-bookmakers-men-with-money.jpg 600w, https:\/\/parier-presidentielle.com\/wp-content\/uploads\/2021\/09\/depositphotos_172634272-stock-illustration-bookmakers-men-with-money-300x210.jpg 300w\" sizes=\"(max-width: 450px) 100vw, 450px\" \/><\/figure><\/div>\n\n\n\n<p>Politikwetten mit Buchmachern <a href=\"https:\/\/parier-presidentielle.com\/de\/betclic-prasidentschafts-2022\/\">Betclic<\/a>, <a href=\"https:\/\/parier-presidentielle.com\/de\/unibet-policy-wahl-2022\/\">Unibet<\/a>, <a href=\"https:\/\/parier-presidentielle.com\/de\/bwin-politik-wahl-2022\/\">Bwin<\/a>, <a href=\"https:\/\/parier-presidentielle.com\/de\/winamax-politikwahl-2022\/\">Winamax<\/a>\u2026sind ein spannendes und leidenschaftliches Thema! Denn politische Debatten in Frankreich finden t\u00e4glich in den Medien statt und werden mit dem Herannahen der Wahlen immer intensiver.<\/p>\n\n\n\n<p>Wetten auf die Ergebnisse politischer Wahlen sind derzeit bei Unibet verf\u00fcgbar und k\u00f6nnen mehrere Jahre vor dem Wahltermin er\u00f6ffnet werden. Tats\u00e4chlich k\u00f6nnen Sie bereits jetzt auf die amerikanische Pr\u00e4sidentschaftswahl 2024 wetten.<\/p>\n\n\n\n<p>Jede Wahl hat ihre eigenen Regeln und Wetter m\u00fcssen in der Lage sein zu beurteilen, was das Ergebnis jeder Veranstaltung beeinflussen wird, was relativ einzigartig ist.<\/p>\n\n\n\n<h3 class=\"wp-block-heading\"><span id=\"facteurs-qui-influencent-un-pari-politique\">Faktoren, die eine politische Wette beeinflussen<\/span><\/h3>\n\n\n\n<p>Es gibt mehrere Faktoren, die das Ergebnis beeinflussen k\u00f6nnen. Es k\u00f6nnte ein Skandal sein, ein Ger\u00fccht aus dem gegnerischen Lager, eine aktuelle Nachricht, ein schockierender Satz, die Qualit\u00e4t des Anf\u00fchrers, Wahlversprechen, die Partei, die ihn unterst\u00fctzt, die Art und Weise, wie die Medien den Kandidaten pr\u00e4sentieren, die \u00dcberzeugungskraft w\u00e4hrend des Wahlkampfs die Debatten.<\/p>\n\n\n\n<p><\/p>\n\n\n\n<h2 class=\"wp-block-heading\"><span id=\"presentation-de-l8217activite-de-bookmaker\">Pr\u00e4sentation der Buchmachert\u00e4tigkeit <\/span><\/h2>\n\n\n\n<p>Ein Buchmacher ist ein Unternehmen, dessen T\u00e4tigkeit darin besteht, Wetten auf verschiedene bevorstehende Ereignisse (meistens Sportarten) mit vorab vereinbarten Quoten, die durch die Wahrscheinlichkeiten bestimmt werden, sowie die Auszahlung von Gewinnen anzunehmen. Die Buchmacher Bwin, Unibet\u2026 akzeptieren Wetten auf Pferderennen und Rennen, auf die Ergebnisse verschiedener sportlicher, politischer, kultureller, finanzieller, wetterbezogener und anderer Ereignisse. F\u00fcr einen Buchmacher ist es wichtig, die erwarteten Wahrscheinlichkeiten von Ereignissen, auf die Wetten angenommen werden, und die zuk\u00fcnftige Beliebtheit verschiedener Wetten bei potenziellen Kunden gut vorhersagen zu k\u00f6nnen (unabh\u00e4ngig oder auf der Grundlage anderer Vorhersagen).<\/p>\n\n\n\n<h2 class=\"wp-block-heading\"><span id=\"histoire-des-bookmakers\">Geschichte der Buchmacher<\/span><\/h2>\n\n\n\n<p>Der Vorl\u00e4ufer der Buchmacherei war die Auslosung, bei der zun\u00e4chst die Wetten verschiedener Spieler auf dasselbe Ereignis addiert wurden und dann der Gesamtbetrag, bis auf einen bestimmten organisatorischen Prozentsatz, unter denjenigen aufgeteilt wurde, die das gute Ergebnis erraten hatten. Bei Auslosungen war im Gegensatz zur Buchmacherei keine Vorhersage seitens der Veranstalter erforderlich. Traditionell war die Rennstrecke seit jeher der Ort, an dem Sportwetten abgeschlossen wurden. Dies ist seit der Zeit des R\u00f6mischen Reiches der Fall. Nach einer Weile kamen auf der Rennbahn auch Hahnenk\u00e4mpfe hinzu \u2013 Unterhaltung f\u00fcr das Volk. Doch erst im 19. Jahrhundert wurden verschiedene Sportarten zum Thema Wetten. Die Praxis zeigte schnell, dass man auf alles wetten kann, was l\u00e4uft, springt, klettert und fliegt. Hauptsache, dieser Sport hat viele Fans. Der Beruf des Buchmachers entstand als Alternative zum Zeichner. Im Gegensatz zu Gewinnspielen erforderte die Erstellung von Wetten keine aufw\u00e4ndige Organisation des Sammelns von Wetten an einer einzigen Kasse und war daher auch in der Zeit des Gewinnspielverbots und der Verfolgung solcher Veranstaltungen relativ einfach durchzuf\u00fchren. Dies geschah in Gro\u00dfbritannien, das nach wie vor den ersten Platz in der Welt einnimmt <a href=\"https:\/\/parier-presidentielle.com\/de\/buchmacher-wahl-politik-2022\/\">Buchmacher <\/a>und Anzahl der Wettenden.<\/p>\n\n\n\n<p><\/p>\n\n\n\n<h3 class=\"has-text-align-center wp-block-heading\"><span id=\"dossier-special-bookmaker-unibet-bwin-mondial-quatar\"><br>Spezialdatei des Buchmachers Unibet Bwin &amp; Mondial Katar <\/span><\/h3>\n\n\n\n<p>Machen Sie Ihre erste Online-Wette auf Politik und alle Sportarten dank unserer Dateien auf den verschiedenen Seiten: Betclic, Winamax, Unibet, Betclic: <\/p>\n\n\n\n<p>Mithilfe von Online-Buchmachern wie Bwin, Unibet und Betclic k\u00f6nnen Sie auf eine Vielzahl von Wettm\u00e4rkten f\u00fcr das Turnier zugreifen und so die Chance auf gro\u00dfe Gewinne haben. Zusammenfassend l\u00e4sst sich sagen, dass das franz\u00f6sische Team eines der Teams sein k\u00f6nnte, die man bei der Weltmeisterschaft 2022 im Auge behalten sollte Tasse. Mithilfe von Online-Buchmachern wie Bwin, Unibet und Betclic k\u00f6nnen Sie Informationen \u00fcber Portugal sammeln und fundierte Wetten auf deren Leistung bei diesem Turnier abschlie\u00dfen. Warum also nicht die Chance nutzen, im Jahr 2022 m\u00f6glicherweise vom Erfolg Frankreichs zu profitieren?<\/p>\n\n\n\n<p><\/p>\n\n\n\n<p class=\"has-text-align-center unibet\" style=\"font-size:25px\"><mark style=\"background-color:rgba(0, 0, 0, 0);color:#0d7a12\" class=\"has-inline-color\"><strong><a href=\"https:\/\/parier-presidentielle.com\/de\/recommends\/unibet\/\">150 \u20ac Bonus, der bei Unibet angeboten wird<br>F\u00fcr Ihre 1. politische oder sportliche Wette: Klicken Sie hier<\/a><\/strong><\/mark><\/p>\n\n\n\n<p><\/p>\n\n\n<div class=\"wp-block-image\">\n<figure class=\"aligncenter is-resized wp-duotone-000097-ff4747-6\"><img decoding=\"async\" loading=\"lazy\" src=\"https:\/\/parier-presidentielle.com\/wp-content\/uploads\/2021\/09\/election-standard-scale-4_00x-gigapixel-1024x623.jpg\" alt=\"Wahl 2022\" style=\"width:256px;height:156px\" width=\"256\" height=\"156\"\/><\/figure><\/div>\n\n\n<p><br><\/p>\n\n\n\n<p><strong>Parier-presidentielle hilft Ihnen, Ihre Wahl zwischen den verschiedenen zu treffen<a href=\"https:\/\/parier-presidentielle.com\/de\/\"> Die Buchmacher Bwin, Unibet und Betclic setzen 2024 auf den zuk\u00fcnftigen amerikanischen Pr\u00e4sidenten<\/a> : <\/strong><br><a href=\"https:\/\/parier-presidentielle.com\/de\/unibet-policy-wahl-2022\/\">Unibet Presidential Buchmacher<\/a> : Detaillierter und kostenloser Leitfaden, um Ihre 1. Wette online mit allen Quoten abzuschlie\u00dfen und wie Sie den angebotenen Bonus nutzen k\u00f6nnen!<\/p>\n\n\n\n<p>Sowie die anderen Online-Wettseiten: <a href=\"https:\/\/parier-presidentielle.com\/de\/unibet-policy-wahl-2022\/\">Bwin<\/a>, <a href=\"https:\/\/parier-presidentielle.com\/de\/netbet-paris-politik-wahl-2022\/\">NetBet<\/a>, <a href=\"https:\/\/parier-presidentielle.com\/de\/betclic-prasidentschafts-2022\/\">Betclic<\/a>, <a href=\"https:\/\/parier-presidentielle.com\/de\/winamax-politikwahl-2022\/\">Winamax<\/a>, Parions Sport, Zebet, Betway, France-Pari, Vbet, Cloudbet, 1Xbit, 1xbet, Betfair, Betwinner\u2026<\/p>\n\n\n\n<div class=\"wp-block-columns is-layout-flex wp-container-11 wp-block-columns-is-layout-flex\">\n<div class=\"wp-block-column is-layout-flow wp-block-column-is-layout-flow\" style=\"flex-basis:33.33%\">\n<p>Sie haben gerade unsere Datei gelesen:<\/p>\n<\/div>\n\n\n\n<div class=\"wp-block-column is-layout-flow wp-block-column-is-layout-flow\" style=\"flex-basis:33.33%\">\n<div class=\"wp-block-group is-layout-flow wp-block-group-is-layout-flow\"><div class=\"wp-block-group__inner-container\"><h4 class=\"has-text-align-center wp-block-post-title\"><span id=\"bookmaker-quelle-est-le-meilleur-pour-parier-sur-la-politique-et-l8217election-presidentielle-de-2022\"><a href=\"https:\/\/parier-presidentielle.com\/de\/buchmacher-wahl-politik-2022\/\" target=\"_self\" >Buchmacher: Wo kann man am besten auf Politik und die Pr\u00e4sidentschaftswahl 2022 wetten?<\/a><\/span><\/h4><\/div><\/div>\n<\/div>\n\n\n\n<div class=\"wp-block-column is-layout-flow wp-block-column-is-layout-flow\" style=\"flex-basis:33.33%\">\n<p class=\"has-text-align-right\">Lesen Sie weiter mit unseren anderen exklusiven Dateien,<\/p>\n<\/div>\n<\/div>\n\n\n\n<h3 class=\"wp-block-heading\" id=\"tous-les-pronostics-sondage-et-cotes-pour-parier-sur-le-futur-vainqueur-de-l-election-presidentielle-2022\"><span id=\"tous-les-pronostics-sondage-et-cotes-pour-parier-sur-le-futur-vainqueur-de-l8217election-presidentielle-2024\">Alle Vorhersagen, Umfragen und Quoten, um auf den zuk\u00fcnftigen Gewinner der Pr\u00e4sidentschaftswahl 2024 zu wetten:<\/span><\/h3>\n\n\n\n<ul>\n<li><a href=\"https:\/\/parier-presidentielle.com\/de\/macron-wahl\/\">Setzen Sie auf Emmanuel Macron mit Unibet, Betclic, Bwin<\/a> : Der Favorit von Umfragen und Vorhersagen <\/li>\n\n\n\n<li><a href=\"https:\/\/parier-presidentielle.com\/de\/marine-le-pen-wahl\/\">Marine Le Pen: Ihre Quoten und wie man bei Buchmachern wetten kann<\/a>: Der Herausforderer laut Unibet<\/li>\n<\/ul>\n\n\n\n<p><\/p>\n\n\n\n<center><script type=\"text\/javascript\" charset=\"utf-8\" src=\"https:\/\/www.gambling-affiliation.com\/cpm\/v=AmIMTDSs92QY6b0MzDMvM5laCjJ-ZlA-1oQ-7tKsi.w_GA7331V2\"><\/script><\/center>\n\n\n\n<h3 class=\"wp-block-heading\"><span id=\"donald-trump-vs-joe-biden-la-video-qui-lance-les-paris-en-ligne-sur-l8217election-politique-de-2024\">Donald Trump gegen Joe Biden: Das Video, das Online-Wetten auf die politischen Wahlen 2024 startet<\/span><\/h3>\n\n\n\n<figure class=\"wp-block-embed is-type-video is-provider-youtube wp-block-embed-youtube wp-embed-aspect-16-9 wp-has-aspect-ratio\"><div class=\"wp-block-embed__wrapper\">\n<iframe loading=\"lazy\" title=\"Der fr\u00fchere Pr\u00e4sident Donald Trump startet 2024 das Angebot des Wei\u00dfen Hauses #Short\" width=\"640\" height=\"360\" src=\"https:\/\/www.youtube.com\/embed\/hZykPRVe4Ag?feature=oembed\" frameborder=\"0\" allow=\"accelerometer; autoplay; clipboard-write; encrypted-media; gyroscope; picture-in-picture; web-share\" allowfullscreen><\/iframe>\n<\/div><\/figure>\n\n\n<div class=\"wp-block-image\">\n<figure class=\"aligncenter size-medium\"><a href=\"https:\/\/parier-presidentielle.com\/de\/recommends\/unibet\/\" target=\"_blank\" rel=\"noopener\"><img decoding=\"async\" loading=\"lazy\" width=\"300\" height=\"169\" src=\"https:\/\/parier-presidentielle.com\/wp-content\/uploads\/2022\/04\/unibet-300x169.jpg\" alt=\"\" class=\"wp-image-1252\" srcset=\"https:\/\/parier-presidentielle.com\/wp-content\/uploads\/2022\/04\/unibet-300x169.jpg 300w, https:\/\/parier-presidentielle.com\/wp-content\/uploads\/2022\/04\/unibet-1024x576.jpg 1024w, https:\/\/parier-presidentielle.com\/wp-content\/uploads\/2022\/04\/unibet-768x432.jpg 768w, https:\/\/parier-presidentielle.com\/wp-content\/uploads\/2022\/04\/unibet-18x10.jpg 18w, https:\/\/parier-presidentielle.com\/wp-content\/uploads\/2022\/04\/unibet.jpg 1280w\" sizes=\"(max-width: 300px) 100vw, 300px\" \/><\/a><\/figure><\/div>\n\n\n<p>Finden Sie im Wiki die wichtigsten politischen Nachrichten zu Cannabis und seinen legalen Derivaten: <strong>HHC, H4cbd, Thcp, Thcv, HSD, HHCPO, C4B<\/strong><\/p>\n<div id=\"toc_container\" class=\"no_bullets\"><p class=\"toc_title\">Inhaltsverzeichnis<\/p><ul class=\"toc_list\"><li><ul><li><\/li><\/ul><\/li><li><\/li><li><ul><li><ul><li><\/li><\/ul><\/li><li><\/li><li><\/li><\/ul><\/li><\/ul><\/div>","protected":false},"excerpt":{"rendered":"<p>Buchmacher Unibet, Bwin, Betclic die Top 3! Um auf den Sieger der Wahlen 2022 zu wetten, scheint es, nachdem wir Dutzende von Buchmachern getestet haben, dass Betclic, Unibet, Bwin die besten sind. Finden Sie unsere exklusive Datei, um Ihre ersten Wetten auf Politik auch \u00fcber Ihren Computer, Ihr Telefon oder sogar Anwendungen abzuschlie\u00dfen: \u2026<\/p>","protected":false},"author":1,"featured_media":0,"parent":0,"menu_order":0,"comment_status":"closed","ping_status":"closed","template":"page-nosidebar.php","meta":{"footnotes":""},"yoast_head":"<!-- This site is optimized with the Yoast SEO Premium plugin v21.0 (Yoast SEO v21.0) - https:\/\/yoast.com\/wordpress\/plugins\/seo\/ -->\n<title>Bookmaker : Quelle est le meilleur pour parier sur la politique et l&#039;\u00e9lection pr\u00e9sidentielle de 2022? - Finale Coupe du Monde FIFA<\/title>\n<meta name=\"description\" content=\"Comparatif des bookmakers : Unibet, Bwin, Betclic! Qui propose les meilleurs cotes, bonus, pour la Politique et tous les sports?\" \/>\n<meta name=\"robots\" content=\"index, follow, max-snippet:-1, max-image-preview:large, max-video-preview:-1\" \/>\n<link rel=\"canonical\" href=\"https:\/\/parier-presidentielle.com\/de\/buchmacher-wahl-politik-2022\/\" \/>\n<meta property=\"og:locale\" content=\"de_DE\" \/>\n<meta property=\"og:type\" content=\"article\" \/>\n<meta property=\"og:title\" content=\"Bookmaker : Quelle est le meilleur pour parier sur la politique et l&#039;\u00e9lection pr\u00e9sidentielle de 2022?\" \/>\n<meta property=\"og:description\" content=\"Comparatif des bookmakers : Unibet, Bwin, Betclic! Qui propose les meilleurs cotes, bonus, pour la Politique et tous les sports?\" \/>\n<meta property=\"og:url\" content=\"https:\/\/parier-presidentielle.com\/de\/buchmacher-wahl-politik-2022\/\" \/>\n<meta property=\"og:site_name\" content=\"Parier Pr\u00e9sidentielle\" \/>\n<meta property=\"article:modified_time\" content=\"2022-04-21T23:06:24+00:00\" \/>\n<meta property=\"og:image\" content=\"https:\/\/parier-presidentielle.com\/wp-content\/uploads\/2021\/09\/depositphotos_172634272-stock-illustration-bookmakers-men-with-money.jpg\" \/>\n<meta name=\"twitter:card\" content=\"summary_large_image\" \/>\n<meta name=\"twitter:label1\" content=\"Gesch\u00e4tzte Lesezeit\" \/>\n\t<meta name=\"twitter:data1\" content=\"4 Minuten\" \/>\n<script type=\"application\/ld+json\" class=\"yoast-schema-graph\">{\"@context\":\"https:\/\/schema.org\",\"@graph\":[{\"@type\":\"WebPage\",\"@id\":\"https:\/\/parier-presidentielle.com\/bookmaker-election-politique-2022\/\",\"url\":\"https:\/\/parier-presidentielle.com\/bookmaker-election-politique-2022\/\",\"name\":\"Bookmaker : Quelle est le meilleur pour parier sur la politique et l'\u00e9lection pr\u00e9sidentielle de 2022? - Finale Coupe du Monde FIFA\",\"isPartOf\":{\"@id\":\"https:\/\/parier-presidentielle.com\/#website\"},\"datePublished\":\"2021-09-14T15:14:49+00:00\",\"dateModified\":\"2022-04-21T23:06:24+00:00\",\"description\":\"Comparatif des bookmakers : Unibet, Bwin, Betclic! Qui propose les meilleurs cotes, bonus, pour la Politique et tous les sports?\",\"breadcrumb\":{\"@id\":\"https:\/\/parier-presidentielle.com\/bookmaker-election-politique-2022\/#breadcrumb\"},\"inLanguage\":\"de-DE\",\"potentialAction\":[{\"@type\":\"ReadAction\",\"target\":[\"https:\/\/parier-presidentielle.com\/bookmaker-election-politique-2022\/\"]}]},{\"@type\":\"BreadcrumbList\",\"@id\":\"https:\/\/parier-presidentielle.com\/bookmaker-election-politique-2022\/#breadcrumb\",\"itemListElement\":[{\"@type\":\"ListItem\",\"position\":1,\"name\":\"Accueil\",\"item\":\"https:\/\/parier-presidentielle.com\/\"},{\"@type\":\"ListItem\",\"position\":2,\"name\":\"Bookmaker : Quelle est le meilleur pour parier sur la politique et l&#8217;\u00e9lection pr\u00e9sidentielle de 2022?\"}]},{\"@type\":\"WebSite\",\"@id\":\"https:\/\/parier-presidentielle.com\/#website\",\"url\":\"https:\/\/parier-presidentielle.com\/\",\"name\":\"Parier Pr\u00e9sidentielle\",\"description\":\"Paris, Pronostics, Wiki sur la Politique, les Elections Am\u00e9ricaines: Joe Biden, Donald Trump avec les Bookmakers en ligne Unibet, Bwin, Betclic, Winamax\",\"potentialAction\":[{\"@type\":\"SearchAction\",\"target\":{\"@type\":\"EntryPoint\",\"urlTemplate\":\"https:\/\/parier-presidentielle.com\/?s={search_term_string}\"},\"query-input\":\"required name=search_term_string\"}],\"inLanguage\":\"de-DE\"}]}<\/script>\n<!-- \/ Yoast SEO Premium plugin. -->","yoast_head_json":{"title":"Bookmaker : Quelle est le meilleur pour parier sur la politique et l'\u00e9lection pr\u00e9sidentielle de 2022? - Finale Coupe du Monde FIFA","description":"Comparatif des bookmakers : Unibet, Bwin, Betclic! Qui propose les meilleurs cotes, bonus, pour la Politique et tous les sports?","robots":{"index":"index","follow":"follow","max-snippet":"max-snippet:-1","max-image-preview":"max-image-preview:large","max-video-preview":"max-video-preview:-1"},"canonical":"https:\/\/parier-presidentielle.com\/de\/buchmacher-wahl-politik-2022\/","og_locale":"de_DE","og_type":"article","og_title":"Bookmaker : Quelle est le meilleur pour parier sur la politique et l'\u00e9lection pr\u00e9sidentielle de 2022?","og_description":"Comparatif des bookmakers : Unibet, Bwin, Betclic! Qui propose les meilleurs cotes, bonus, pour la Politique et tous les sports?","og_url":"https:\/\/parier-presidentielle.com\/de\/buchmacher-wahl-politik-2022\/","og_site_name":"Parier Pr\u00e9sidentielle","article_modified_time":"2022-04-21T23:06:24+00:00","og_image":[{"url":"https:\/\/parier-presidentielle.com\/wp-content\/uploads\/2021\/09\/depositphotos_172634272-stock-illustration-bookmakers-men-with-money.jpg"}],"twitter_card":"summary_large_image","twitter_misc":{"Gesch\u00e4tzte Lesezeit":"4 Minuten"},"schema":{"@context":"https:\/\/schema.org","@graph":[{"@type":"WebPage","@id":"https:\/\/parier-presidentielle.com\/bookmaker-election-politique-2022\/","url":"https:\/\/parier-presidentielle.com\/bookmaker-election-politique-2022\/","name":"Bookmaker : Quelle est le meilleur pour parier sur la politique et l'\u00e9lection pr\u00e9sidentielle de 2022? - Finale Coupe du Monde FIFA","isPartOf":{"@id":"https:\/\/parier-presidentielle.com\/#website"},"datePublished":"2021-09-14T15:14:49+00:00","dateModified":"2022-04-21T23:06:24+00:00","description":"Comparatif des bookmakers : Unibet, Bwin, Betclic! Qui propose les meilleurs cotes, bonus, pour la Politique et tous les sports?","breadcrumb":{"@id":"https:\/\/parier-presidentielle.com\/bookmaker-election-politique-2022\/#breadcrumb"},"inLanguage":"de-DE","potentialAction":[{"@type":"ReadAction","target":["https:\/\/parier-presidentielle.com\/bookmaker-election-politique-2022\/"]}]},{"@type":"BreadcrumbList","@id":"https:\/\/parier-presidentielle.com\/bookmaker-election-politique-2022\/#breadcrumb","itemListElement":[{"@type":"ListItem","position":1,"name":"Accueil","item":"https:\/\/parier-presidentielle.com\/"},{"@type":"ListItem","position":2,"name":"Bookmaker : Quelle est le meilleur pour parier sur la politique et l&#8217;\u00e9lection pr\u00e9sidentielle de 2022?"}]},{"@type":"WebSite","@id":"https:\/\/parier-presidentielle.com\/#website","url":"https:\/\/parier-presidentielle.com\/","name":"Parier Pr\u00e9sidentielle","description":"Paris, Pronostics, Wiki sur la Politique, les Elections Am\u00e9ricaines: Joe Biden, Donald Trump avec les Bookmakers en ligne Unibet, Bwin, Betclic, Winamax","potentialAction":[{"@type":"SearchAction","target":{"@type":"EntryPoint","urlTemplate":"https:\/\/parier-presidentielle.com\/?s={search_term_string}"},"query-input":"required name=search_term_string"}],"inLanguage":"de-DE"}]}},"_links":{"self":[{"href":"https:\/\/parier-presidentielle.com\/de\/wp-json\/wp\/v2\/pages\/269"}],"collection":[{"href":"https:\/\/parier-presidentielle.com\/de\/wp-json\/wp\/v2\/pages"}],"about":[{"href":"https:\/\/parier-presidentielle.com\/de\/wp-json\/wp\/v2\/types\/page"}],"author":[{"embeddable":true,"href":"https:\/\/parier-presidentielle.com\/de\/wp-json\/wp\/v2\/users\/1"}],"replies":[{"embeddable":true,"href":"https:\/\/parier-presidentielle.com\/de\/wp-json\/wp\/v2\/comments?post=269"}],"version-history":[{"count":10,"href":"https:\/\/parier-presidentielle.com\/de\/wp-json\/wp\/v2\/pages\/269\/revisions"}],"predecessor-version":[{"id":1551,"href":"https:\/\/parier-presidentielle.com\/de\/wp-json\/wp\/v2\/pages\/269\/revisions\/1551"}],"wp:attachment":[{"href":"https:\/\/parier-presidentielle.com\/de\/wp-json\/wp\/v2\/media?parent=269"}],"curies":[{"name":"wp","href":"https:\/\/api.w.org\/{rel}","templated":true}]}}