{"id":281,"date":"2021-09-14T23:03:41","date_gmt":"2021-09-14T21:03:41","guid":{"rendered":"https:\/\/parier-presidentielle.com\/?page_id=281"},"modified":"2023-09-11T13:47:08","modified_gmt":"2023-09-11T11:47:08","slug":"anne-hidalgo-election-2022","status":"publish","type":"page","link":"https:\/\/parier-presidentielle.com\/de\/anne-hidalgo-wahl-2022\/","title":{"rendered":"Wetten Sie auf die Wahl von Anne Hidalgo 2022"},"content":{"rendered":"<h2 class=\"wp-block-heading\" id=\"h-les-cotes-des-bookmakers\"><span id=\"les-cotes-des-bookmakers\">Buchmacherquoten: <\/span><\/h2>\n\n\n\n<h3 class=\"wp-block-heading\" id=\"h-william-hill-propose-une-cote-de-41\"><span id=\"william-hill-propose-une-cote-de-41\">William Hill bietet Quoten von 41<\/span><\/h3>\n\n\n\n<figure class=\"wp-block-image size-large\"><img decoding=\"async\" loading=\"lazy\" width=\"1024\" height=\"42\" src=\"https:\/\/parier-presidentielle.com\/wp-content\/uploads\/2021\/09\/image-1-1024x42.png\" alt=\"Anne Hidalgo bei William Hill\" class=\"wp-image-310\" srcset=\"https:\/\/parier-presidentielle.com\/wp-content\/uploads\/2021\/09\/image-1-1024x42.png 1024w, https:\/\/parier-presidentielle.com\/wp-content\/uploads\/2021\/09\/image-1-300x12.png 300w, https:\/\/parier-presidentielle.com\/wp-content\/uploads\/2021\/09\/image-1-768x32.png 768w, https:\/\/parier-presidentielle.com\/wp-content\/uploads\/2021\/09\/image-1.png 1072w\" sizes=\"(max-width: 1024px) 100vw, 1024px\" \/><\/figure>\n\n\n\n<h3 class=\"wp-block-heading\" id=\"h-betclic-propose-une-cote-de-22\"><span id=\"betclic-propose-une-cote-de-22\">Betclic bietet Quoten von 22<\/span><\/h3>\n\n\n\n<figure class=\"wp-block-image size-full\"><img decoding=\"async\" loading=\"lazy\" width=\"991\" height=\"73\" src=\"https:\/\/parier-presidentielle.com\/wp-content\/uploads\/2021\/09\/image-2.png\" alt=\"\" class=\"wp-image-313\" srcset=\"https:\/\/parier-presidentielle.com\/wp-content\/uploads\/2021\/09\/image-2.png 991w, https:\/\/parier-presidentielle.com\/wp-content\/uploads\/2021\/09\/image-2-300x22.png 300w, https:\/\/parier-presidentielle.com\/wp-content\/uploads\/2021\/09\/image-2-768x57.png 768w\" sizes=\"(max-width: 991px) 100vw, 991px\" \/><\/figure>\n\n\n\n<h3 class=\"wp-block-heading\" id=\"h-unibet-propose-une-cote-de-21\"><span id=\"unibet-propose-une-cote-de-21\">Unibet bietet Quoten von 21<\/span><\/h3>\n\n\n\n<figure class=\"wp-block-image size-full\"><img decoding=\"async\" loading=\"lazy\" width=\"1000\" height=\"64\" src=\"https:\/\/parier-presidentielle.com\/wp-content\/uploads\/2021\/09\/image-3.png\" alt=\"\" class=\"wp-image-314\" srcset=\"https:\/\/parier-presidentielle.com\/wp-content\/uploads\/2021\/09\/image-3.png 1000w, https:\/\/parier-presidentielle.com\/wp-content\/uploads\/2021\/09\/image-3-300x19.png 300w, https:\/\/parier-presidentielle.com\/wp-content\/uploads\/2021\/09\/image-3-768x49.png 768w\" sizes=\"(max-width: 1000px) 100vw, 1000px\" \/><\/figure>\n\n\n\n<p><\/p>\n\n\n\n<h2 class=\"wp-block-heading has-text-align-center\" id=\"h-analyse-amp-pronostics-pour-parier-sur-la-victoire-d-anne-hidalgo\"><span id=\"analyse-pronostics-pour-parier-sur-la-victoire-d8217anne-hidalgo\">Analyse und Vorhersagen, um auf den Sieg von Anne Hidalgo zu wetten<\/span><\/h2>\n\n\n\n<p>Nach seiner Ank\u00fcndigung k\u00f6nnen wir sehen, dass Unibet und Betclic ungef\u00e4hr die gleichen Quoten anbieten, w\u00e4hrend die Quoten beim englischen Buchmacher William Hill bei 41 liegen, also doppelt so hoch! Wir empfehlen Ihnen daher, diesen Buchmacher zu nutzen, um auf die Wahl von Anne Hidalgo zu wetten! <\/p>\n\n\n\n<p><\/p>\n\n\n\n<h3 class=\"wp-block-heading\" id=\"h-la-transformation-d-anne-hidalgo-en-candidate-a-la-presidentielle-en-2022-la-maire-de-paris-qui-ne-voulait-pas-se-presenter-l-election-a-changer-d-avis\"><span id=\"la-transformation-d8217anne-hidalgo-en-candidate-a-la-presidentielle-en-2022-la-maire-de-paris-qui-ne-voulait-pas-se-presenter-l8217election-a-changer-d8217avis8230\">Die Verwandlung von Anne Hidalgo in eine Pr\u00e4sidentschaftskandidatin im Jahr 2022: Die B\u00fcrgermeisterin von Paris, die nicht an der Wahl teilnehmen wollte, hat ihre Meinung ge\u00e4ndert...<\/span><\/h3>\n\n\n\n<p>\u201eIch strebe nichts anderes an, als B\u00fcrgermeister von Paris zu werden: Ich werde bei den Wahlen 2022 nicht kandidieren.\u201c<\/p>\n\n\n\n<p>erkl\u00e4rte Anne Hidalgo in einem Interview. Nach wochenlanger falscher Spannung, die die Buchmacher vorhergesagt hatten, indem sie ihr ihre Quoten nannten und die M\u00f6glichkeit einschlossen, auf ihre Chancen im Elys\u00e9e zu wetten, gab sie am Sonntag, dem 12. September, ihre Kandidatur bekannt<a href=\"https:\/\/parier-presidentielle.com\/de\/\"> die Pr\u00e4sidentschaftswahl 2022.<\/a> \u201eIch habe in diesem Wahlkampf \u00fcberhaupt nicht damit gerechnet, aber ich habe auch viele Frauen und M\u00e4nner, gew\u00e4hlte Beamte, Vertreter von Verb\u00e4nden, Franz\u00f6sinnen und Franz\u00f6sinnen gesehen, die zu mir kamen, um mir zu sagen: \u201aDu kannst dich dieser Verantwortung, die dir geh\u00f6rt, nicht entziehen.\u2018 \u201eWarum also diese \u00c4nderung? Es waren diese Umst\u00e4nde, die sie dazu veranlassten, sich zu \u00e4ndern.\u201c . \u201eDie Herausforderung ist so gro\u00df, dass es keinen anderen Ort gibt\u201c, erkl\u00e4rte ein PS-Senator aus Paris. Vor aller Augen markierte die klare Wiederwahl von Anne Hidalgo am 28. Juni 2020, w\u00e4hrend der zweiten Runde der Kommunalwahlen in der Hauptstadt, ihren ersten pers\u00f6nlichen Schritt in Richtung Pr\u00e4sidentschaftswahl. \u201eEin Sieg, der die Legitimit\u00e4t und das Selbstvertrauen wiederherstellt und das Unm\u00f6gliche m\u00f6glich macht\u201c, erkl\u00e4rte Jean-Fran\u00e7ois Bebat, PS-B\u00fcrgermeister von Bourg-en-Bresse (AIN) und geschlossener Kandidat.<\/p>\n\n\n\n<figure class=\"wp-block-image size-large wp-duotone-000097-ff4747-1\"><img decoding=\"async\" loading=\"lazy\" width=\"1024\" height=\"512\" src=\"https:\/\/parier-presidentielle.com\/wp-content\/uploads\/2021\/09\/Presidentielle-quelle-equipe-pour-accompagner-Anne-Hidalgo-1024x512.jpg\" alt=\"Anne Hidalgo auf dem Weg zur Pr\u00e4sidentschaftswahl\" class=\"wp-image-291\" srcset=\"https:\/\/parier-presidentielle.com\/wp-content\/uploads\/2021\/09\/Presidentielle-quelle-equipe-pour-accompagner-Anne-Hidalgo-1024x512.jpg 1024w, https:\/\/parier-presidentielle.com\/wp-content\/uploads\/2021\/09\/Presidentielle-quelle-equipe-pour-accompagner-Anne-Hidalgo-300x150.jpg 300w, https:\/\/parier-presidentielle.com\/wp-content\/uploads\/2021\/09\/Presidentielle-quelle-equipe-pour-accompagner-Anne-Hidalgo-768x384.jpg 768w, https:\/\/parier-presidentielle.com\/wp-content\/uploads\/2021\/09\/Presidentielle-quelle-equipe-pour-accompagner-Anne-Hidalgo-1536x768.jpg 1536w, https:\/\/parier-presidentielle.com\/wp-content\/uploads\/2021\/09\/Presidentielle-quelle-equipe-pour-accompagner-Anne-Hidalgo.jpg 2000w\" sizes=\"(max-width: 1024px) 100vw, 1024px\" \/><\/figure>\n\n\n\n<h2 class=\"wp-block-heading\" id=\"h-cap-politique-sur-2022\"><span id=\"cap-politique-sur-2022\">Politischer Kurs f\u00fcr 2022<\/span><\/h2>\n\n\n\n<p>Nach den Kommunalwahlen ist Anne Hidalgos Meinung noch sehr vage. Diese politischen Freunde und ihre Unterst\u00fctzung durch die Zivilgesellschaft und andere Verb\u00e4nde veranlassten sie, f\u00fcr ein Amt zu kandidieren. Ab Sommer 2020 lie\u00dfen sie ihn mehrmals das Ziel 2022 h\u00f6ren: \u201eWenn du der Richtige bist, kannst du nicht sagen, dass du in Paris bleibst.\u201c Wir k\u00f6nnen nicht w\u00e4hlen <a href=\"https:\/\/parier-presidentielle.com\/de\/macron-wahl\/\">L\u00e4ngezeichen<\/a> Woher <a href=\"https:\/\/parier-presidentielle.com\/de\/marine-le-pen-wahl\/\">Der Stift <\/a>wie wir es letztes Mal getan haben.\u2018\u201c <\/p>\n\n\n\n<p>Der B\u00fcrgermeister von Paris ist \u00fcberzeugt, dass es notwendig sei, das ber\u00fchmte Duo Le Pen-Macron zu ersetzen. \u201eIch hatte das Gef\u00fchl, dass sie zuh\u00f6rte, aber sie wollte dieses Problem nicht auf eine ganz bestimmte Art und Weise l\u00f6sen\u201c, erinnerte sich ein befreundeter Senator. Der Sommer ist vorbei und der Beginn des Schuljahres markiert die R\u00fcckkehr der Gemeinder\u00e4te in die Medien. Wir sp\u00fcren es schon, der Ton ist anders. \u201eIch kann sehen, dass sich die Wahrnehmung von mir ver\u00e4ndert hat. Ich h\u00f6rte die Stimmen der Kommentatoren und sah die enthusiastische Reaktion der Pariser und Franzosen, die ich diesen Sommer traf.\u201c Sie beschloss, \u201ean der zuk\u00fcnftigen Schlacht teilzunehmen\u201c. Zwei Monate sp\u00e4ter wiederholte sie dieses Versprechen in einem Interview mit Lib\u00e9ration. \u201eHeute auf politischer Ebene: Haben wir es geschafft, unsere fatalen Differenzen zu beseitigen und eine gemeinsame Vision zu entwickeln, die die meisten vereint? Ich will es\u201c, sagte Anne Hidalgo.<\/p>\n\n\n\n<h2 class=\"wp-block-heading\" id=\"h-la-bataille-pour-la-presidentielle\"><span id=\"la-bataille-pour-la-presidentielle\">Der Kampf um das Pr\u00e4sidentenamt<\/span><\/h2>\n\n\n\n<p>Gleichzeitig hofften seine Angeh\u00f6rigen weiter:<\/p>\n\n\n\n<blockquote class=\"wp-block-quote\">\n<p>\u201eIch versichere ihr, dass ich sie unterst\u00fctzen w\u00fcrde, wenn sie f\u00fcr das Pr\u00e4sidentenamt kandidiert.\u201c <\/p>\n<\/blockquote>\n\n\n\n<p>Annie Hidalgo ist jedoch eine Frau, die etwas anderes im Sinn hat. Der ehemalige Assistent von Bertrand Delano\u00eb und derzeitige zweimalige B\u00fcrgermeister von Paris wei\u00df, dass sich der Pr\u00e4sidentschaftskandidat in aller Ruhe vorbereitet. \u201eIch denke, sie ist bereit zu gehen. ein Programm, um zu sehen, ob sie in dieser Situation eine Frau werden kann\u201c, versicherte der PS-B\u00fcrgermeister. Der Pariser B\u00fcrgermeister ist \u00fcberzeugt, dass es bei der \u201eErneuerung der Linken\u201c nur \u201ePolitiker geben wird, die seit 2017 Wahlen gewonnen haben\u201c.<\/p>\n\n\n\n<h2 class=\"wp-block-heading\" id=\"h-la-naissance-d-une-ambition\"><span id=\"la-naissance-d8217une-ambition\">Die Geburt eines Ehrgeizes<\/span><\/h2>\n\n\n\n<p><br>Doch wenn Anne Hidalgo viel Energie in Paris steckt, ist ihr Netzwerk au\u00dferhalb der Hauptstadt sehr schwach. Deshalb muss alles gekl\u00e4rt werden. w\u00f6chentlich, Marc Dupond, Spitzname <strong>\u00ab der Trainer der B\u00fcrgermeister von Frankreich<\/strong> \u00bb, Aussicht auf sie in ganz Frankreich!<\/p>\n\n\n\n<p><\/p>\n\n\n\n<p><\/p>\n\n\n\n<p>Jetzt, unterst\u00fctzt von seinem Kreis, bleibt nur noch der Segen der PS-Elefanten. W\u00e4hrend der Sommerschule der PS wurde Anne Hidalgo, die schon immer weit von sozialistischer (und spaltender) Logik entfernt war, sehr gut aufgenommen. Parteichef Olivier Faure sagte: \u201eIch glaube, dass sie so weitermacht und bei der Pr\u00e4sidentschaftswahl Erfolg haben wird.\u201c Sollte Anne Hidalgo keine offizielle Stellungnahme abgeben, wird sie das Abenteuer f\u00fcr 2022 fortsetzen  <\/p>\n\n\n\n<p>F\u00fcr jeden Teilnehmer des Elys\u00e9e ist es ein weiterer wichtiger Schritt, sein Programmbuch zu schreiben.  <em>\u201eEine Franz\u00f6sin\u201c<\/em> ver\u00f6ffentlicht am 15. September. \u201eAlso ja, sie hat ihre Karriere nicht auf Pr\u00e4sidentschaftsambitionen gegr\u00fcndet, aber ich habe herausgefunden, dass es einen politischen F\u00fchrer gibt. Allerdings: Annie Hidalgo wird in den Umfragen nur von 7 zu 9 % unterst\u00fctzt \u2026<br>Wetten auf Hildago bleiben daher eine riskante Wette!<\/p>\n\n\n\n<p><\/p>\n\n\n\n<p><\/p>\n\n\n\n<p class=\"has-text-align-center unibet\" style=\"font-size:25px\"><mark style=\"background-color:rgba(0, 0, 0, 0);color:#0d7a12\" class=\"has-inline-color\"><strong><a href=\"https:\/\/parier-presidentielle.com\/de\/recommends\/unibet\/\">150 \u20ac Bonus, der bei Unibet angeboten wird<br>F\u00fcr Ihre 1. politische oder sportliche Wette: Klicken Sie hier<\/a><\/strong><\/mark><\/p>\n\n\n\n<p><\/p>\n\n\n<div class=\"wp-block-image\">\n<figure class=\"aligncenter is-resized wp-duotone-000097-ff4747-2\"><img decoding=\"async\" loading=\"lazy\" src=\"https:\/\/parier-presidentielle.com\/wp-content\/uploads\/2021\/09\/election-standard-scale-4_00x-gigapixel-1024x623.jpg\" alt=\"Wahl 2022\" style=\"width:256px;height:156px\" width=\"256\" height=\"156\"\/><\/figure><\/div>\n\n\n<p><br><\/p>\n\n\n\n<p><strong>Parier-presidentielle hilft Ihnen, Ihre Wahl zwischen den verschiedenen zu treffen<a href=\"https:\/\/parier-presidentielle.com\/de\/\"> Die Buchmacher Bwin, Unibet und Betclic setzen 2024 auf den zuk\u00fcnftigen amerikanischen Pr\u00e4sidenten<\/a> : <\/strong><br><a href=\"https:\/\/parier-presidentielle.com\/de\/unibet-policy-wahl-2022\/\">Unibet Presidential Buchmacher<\/a> : Detaillierter und kostenloser Leitfaden, um Ihre 1. Wette online mit allen Quoten abzuschlie\u00dfen und wie Sie den angebotenen Bonus nutzen k\u00f6nnen!<\/p>\n\n\n\n<p>Sowie die anderen Online-Wettseiten: <a href=\"https:\/\/parier-presidentielle.com\/de\/unibet-policy-wahl-2022\/\">Bwin<\/a>, <a href=\"https:\/\/parier-presidentielle.com\/de\/netbet-paris-politik-wahl-2022\/\">NetBet<\/a>, <a href=\"https:\/\/parier-presidentielle.com\/de\/betclic-prasidentschafts-2022\/\">Betclic<\/a>, <a href=\"https:\/\/parier-presidentielle.com\/de\/winamax-politikwahl-2022\/\">Winamax<\/a>, Parions Sport, Zebet, Betway, France-Pari, Vbet, Cloudbet, 1Xbit, 1xbet, Betfair, Betwinner\u2026<\/p>\n\n\n\n<div class=\"wp-block-columns is-layout-flex wp-container-7 wp-block-columns-is-layout-flex\">\n<div class=\"wp-block-column is-layout-flow wp-block-column-is-layout-flow\" style=\"flex-basis:33.33%\">\n<p>Sie haben gerade unsere Datei gelesen:<\/p>\n<\/div>\n\n\n\n<div class=\"wp-block-column is-layout-flow wp-block-column-is-layout-flow\" style=\"flex-basis:33.33%\">\n<div class=\"wp-block-group is-layout-flow wp-block-group-is-layout-flow\"><div class=\"wp-block-group__inner-container\"><h4 class=\"has-text-align-center wp-block-post-title\"><span id=\"parier-sur-lelection-danne-hidalgo-2022\"><a href=\"https:\/\/parier-presidentielle.com\/de\/anne-hidalgo-wahl-2022\/\" target=\"_self\" >Wetten Sie auf die Wahl von Anne Hidalgo 2022<\/a><\/span><\/h4><\/div><\/div>\n<\/div>\n\n\n\n<div class=\"wp-block-column is-layout-flow wp-block-column-is-layout-flow\" style=\"flex-basis:33.33%\">\n<p class=\"has-text-align-right\">Lesen Sie weiter mit unseren anderen exklusiven Dateien,<\/p>\n<\/div>\n<\/div>\n\n\n\n<h3 class=\"wp-block-heading\" id=\"tous-les-pronostics-sondage-et-cotes-pour-parier-sur-le-futur-vainqueur-de-l-election-presidentielle-2022\"><span id=\"tous-les-pronostics-sondage-et-cotes-pour-parier-sur-le-futur-vainqueur-de-l8217election-presidentielle-2024\">Alle Vorhersagen, Umfragen und Quoten, um auf den zuk\u00fcnftigen Gewinner der Pr\u00e4sidentschaftswahl 2024 zu wetten:<\/span><\/h3>\n\n\n\n<ul>\n<li><a href=\"https:\/\/parier-presidentielle.com\/de\/macron-wahl\/\">Setzen Sie auf Emmanuel Macron mit Unibet, Betclic, Bwin<\/a> : Der Favorit von Umfragen und Vorhersagen <\/li>\n\n\n\n<li><a href=\"https:\/\/parier-presidentielle.com\/de\/marine-le-pen-wahl\/\">Marine Le Pen: Ihre Quoten und wie man bei Buchmachern wetten kann<\/a>: Der Herausforderer laut Unibet<\/li>\n<\/ul>\n\n\n\n<p><\/p>\n\n\n\n<center><script type=\"text\/javascript\" charset=\"utf-8\" src=\"https:\/\/www.gambling-affiliation.com\/cpm\/v=AmIMTDSs92QY6b0MzDMvM5laCjJ-ZlA-1oQ-7tKsi.w_GA7331V2\"><\/script><\/center>\n\n\n\n<h3 class=\"wp-block-heading\"><span id=\"donald-trump-vs-joe-biden-la-video-qui-lance-les-paris-en-ligne-sur-l8217election-politique-de-2024\">Donald Trump gegen Joe Biden: Das Video, das Online-Wetten auf die politischen Wahlen 2024 startet<\/span><\/h3>\n\n\n\n<figure class=\"wp-block-embed is-type-video is-provider-youtube wp-block-embed-youtube wp-embed-aspect-16-9 wp-has-aspect-ratio\"><div class=\"wp-block-embed__wrapper\">\n<iframe loading=\"lazy\" title=\"Der fr\u00fchere Pr\u00e4sident Donald Trump startet 2024 das Angebot des Wei\u00dfen Hauses #Short\" width=\"640\" height=\"360\" src=\"https:\/\/www.youtube.com\/embed\/hZykPRVe4Ag?feature=oembed\" frameborder=\"0\" allow=\"accelerometer; autoplay; clipboard-write; encrypted-media; gyroscope; picture-in-picture; web-share\" allowfullscreen><\/iframe>\n<\/div><\/figure>\n\n\n<div class=\"wp-block-image\">\n<figure class=\"aligncenter size-medium\"><a href=\"https:\/\/parier-presidentielle.com\/de\/recommends\/unibet\/\" target=\"_blank\" rel=\"noopener\"><img decoding=\"async\" loading=\"lazy\" width=\"300\" height=\"169\" src=\"https:\/\/parier-presidentielle.com\/wp-content\/uploads\/2022\/04\/unibet-300x169.jpg\" alt=\"\" class=\"wp-image-1252\" srcset=\"https:\/\/parier-presidentielle.com\/wp-content\/uploads\/2022\/04\/unibet-300x169.jpg 300w, https:\/\/parier-presidentielle.com\/wp-content\/uploads\/2022\/04\/unibet-1024x576.jpg 1024w, https:\/\/parier-presidentielle.com\/wp-content\/uploads\/2022\/04\/unibet-768x432.jpg 768w, https:\/\/parier-presidentielle.com\/wp-content\/uploads\/2022\/04\/unibet-18x10.jpg 18w, https:\/\/parier-presidentielle.com\/wp-content\/uploads\/2022\/04\/unibet.jpg 1280w\" sizes=\"(max-width: 300px) 100vw, 300px\" \/><\/a><\/figure><\/div>\n\n\n<p>Finden Sie im Wiki die wichtigsten politischen Nachrichten zu Cannabis und seinen legalen Derivaten: <strong>HHC, H4cbd, Thcp, Thcv, HSD, HHCPO, C4B<\/strong><\/p>\n<div id=\"toc_container\" class=\"no_bullets\"><p class=\"toc_title\">Inhaltsverzeichnis<\/p><ul class=\"toc_list\"><li><ul><li><\/li><li><\/li><li><\/li><\/ul><\/li><li><ul><li><\/li><\/ul><\/li><li><\/li><li><\/li><li><ul><li><ul><li><\/li><\/ul><\/li><li><\/li><li><\/li><\/ul><\/li><\/ul><\/div>","protected":false},"excerpt":{"rendered":"<p>Les cotes des bookmakers : William Hill propose une cote de 41 Betclic propose une cote de 22 Unibet propose une cote de 21 Analyse &amp; Pronostics pour parier sur la victoire d&#8217;Anne Hidalgo Suite \u00e0 son annonce on peut voir qu&#8217;Unibet et Betclic propose sensiblement la m\u00eame cote alors que le bookmaker anglais William &#8230;<\/p>","protected":false},"author":1,"featured_media":0,"parent":0,"menu_order":0,"comment_status":"closed","ping_status":"closed","template":"page-nosidebar.php","meta":{"footnotes":""},"yoast_head":"<!-- This site is optimized with the Yoast SEO Premium plugin v21.0 (Yoast SEO v21.0) - https:\/\/yoast.com\/wordpress\/plugins\/seo\/ -->\n<title>Parier sur l\u2019\u00e9lection d\u2019Anne Hidalgo 2022 - Finale Coupe du Monde FIFA<\/title>\n<meta name=\"description\" content=\"Pariez sur Anne Hidalgo pour l&#039;Election 2022 : Cliquez Ici et Gagnez Gros! Pronostics ,Comparaison des Bookmakers et des meilleurs Cotes.\" \/>\n<meta name=\"robots\" content=\"index, follow, max-snippet:-1, max-image-preview:large, max-video-preview:-1\" \/>\n<link rel=\"canonical\" href=\"https:\/\/parier-presidentielle.com\/de\/anne-hidalgo-wahl-2022\/\" \/>\n<meta property=\"og:locale\" content=\"de_DE\" \/>\n<meta property=\"og:type\" content=\"article\" \/>\n<meta property=\"og:title\" content=\"Parier sur l\u2019\u00e9lection d\u2019Anne Hidalgo 2022\" \/>\n<meta property=\"og:description\" content=\"Pariez sur Anne Hidalgo pour l&#039;Election 2022 : Cliquez Ici et Gagnez Gros! Pronostics ,Comparaison des Bookmakers et des meilleurs Cotes.\" \/>\n<meta property=\"og:url\" content=\"https:\/\/parier-presidentielle.com\/de\/anne-hidalgo-wahl-2022\/\" \/>\n<meta property=\"og:site_name\" content=\"Parier Pr\u00e9sidentielle\" \/>\n<meta property=\"article:modified_time\" content=\"2023-09-11T11:47:08+00:00\" \/>\n<meta property=\"og:image\" content=\"https:\/\/parier-presidentielle.com\/wp-content\/uploads\/2021\/09\/image-1-1024x42.png\" \/>\n<meta name=\"twitter:card\" content=\"summary_large_image\" \/>\n<meta name=\"twitter:label1\" content=\"Gesch\u00e4tzte Lesezeit\" \/>\n\t<meta name=\"twitter:data1\" content=\"5 Minuten\" \/>\n<script type=\"application\/ld+json\" class=\"yoast-schema-graph\">{\"@context\":\"https:\/\/schema.org\",\"@graph\":[{\"@type\":\"WebPage\",\"@id\":\"https:\/\/parier-presidentielle.com\/anne-hidalgo-election-2022\/\",\"url\":\"https:\/\/parier-presidentielle.com\/anne-hidalgo-election-2022\/\",\"name\":\"Parier sur l\u2019\u00e9lection d\u2019Anne Hidalgo 2022 - Finale Coupe du Monde FIFA\",\"isPartOf\":{\"@id\":\"https:\/\/parier-presidentielle.com\/#website\"},\"datePublished\":\"2021-09-14T21:03:41+00:00\",\"dateModified\":\"2023-09-11T11:47:08+00:00\",\"description\":\"Pariez sur Anne Hidalgo pour l'Election 2022 : Cliquez Ici et Gagnez Gros! Pronostics ,Comparaison des Bookmakers et des meilleurs Cotes.\",\"breadcrumb\":{\"@id\":\"https:\/\/parier-presidentielle.com\/anne-hidalgo-election-2022\/#breadcrumb\"},\"inLanguage\":\"de-DE\",\"potentialAction\":[{\"@type\":\"ReadAction\",\"target\":[\"https:\/\/parier-presidentielle.com\/anne-hidalgo-election-2022\/\"]}]},{\"@type\":\"BreadcrumbList\",\"@id\":\"https:\/\/parier-presidentielle.com\/anne-hidalgo-election-2022\/#breadcrumb\",\"itemListElement\":[{\"@type\":\"ListItem\",\"position\":1,\"name\":\"Accueil\",\"item\":\"https:\/\/parier-presidentielle.com\/\"},{\"@type\":\"ListItem\",\"position\":2,\"name\":\"Parier sur l\u2019\u00e9lection d\u2019Anne Hidalgo 2022\"}]},{\"@type\":\"WebSite\",\"@id\":\"https:\/\/parier-presidentielle.com\/#website\",\"url\":\"https:\/\/parier-presidentielle.com\/\",\"name\":\"Parier Pr\u00e9sidentielle\",\"description\":\"Paris, Pronostics, Wiki sur la Politique, les Elections Am\u00e9ricaines: Joe Biden, Donald Trump avec les Bookmakers en ligne Unibet, Bwin, Betclic, Winamax\",\"potentialAction\":[{\"@type\":\"SearchAction\",\"target\":{\"@type\":\"EntryPoint\",\"urlTemplate\":\"https:\/\/parier-presidentielle.com\/?s={search_term_string}\"},\"query-input\":\"required name=search_term_string\"}],\"inLanguage\":\"de-DE\"}]}<\/script>\n<!-- \/ Yoast SEO Premium plugin. -->","yoast_head_json":{"title":"Parier sur l\u2019\u00e9lection d\u2019Anne Hidalgo 2022 - Finale Coupe du Monde FIFA","description":"Pariez sur Anne Hidalgo pour l'Election 2022 : Cliquez Ici et Gagnez Gros! Pronostics ,Comparaison des Bookmakers et des meilleurs Cotes.","robots":{"index":"index","follow":"follow","max-snippet":"max-snippet:-1","max-image-preview":"max-image-preview:large","max-video-preview":"max-video-preview:-1"},"canonical":"https:\/\/parier-presidentielle.com\/de\/anne-hidalgo-wahl-2022\/","og_locale":"de_DE","og_type":"article","og_title":"Parier sur l\u2019\u00e9lection d\u2019Anne Hidalgo 2022","og_description":"Pariez sur Anne Hidalgo pour l'Election 2022 : Cliquez Ici et Gagnez Gros! Pronostics ,Comparaison des Bookmakers et des meilleurs Cotes.","og_url":"https:\/\/parier-presidentielle.com\/de\/anne-hidalgo-wahl-2022\/","og_site_name":"Parier Pr\u00e9sidentielle","article_modified_time":"2023-09-11T11:47:08+00:00","og_image":[{"url":"https:\/\/parier-presidentielle.com\/wp-content\/uploads\/2021\/09\/image-1-1024x42.png"}],"twitter_card":"summary_large_image","twitter_misc":{"Gesch\u00e4tzte Lesezeit":"5 Minuten"},"schema":{"@context":"https:\/\/schema.org","@graph":[{"@type":"WebPage","@id":"https:\/\/parier-presidentielle.com\/anne-hidalgo-election-2022\/","url":"https:\/\/parier-presidentielle.com\/anne-hidalgo-election-2022\/","name":"Parier sur l\u2019\u00e9lection d\u2019Anne Hidalgo 2022 - Finale Coupe du Monde FIFA","isPartOf":{"@id":"https:\/\/parier-presidentielle.com\/#website"},"datePublished":"2021-09-14T21:03:41+00:00","dateModified":"2023-09-11T11:47:08+00:00","description":"Pariez sur Anne Hidalgo pour l'Election 2022 : Cliquez Ici et Gagnez Gros! Pronostics ,Comparaison des Bookmakers et des meilleurs Cotes.","breadcrumb":{"@id":"https:\/\/parier-presidentielle.com\/anne-hidalgo-election-2022\/#breadcrumb"},"inLanguage":"de-DE","potentialAction":[{"@type":"ReadAction","target":["https:\/\/parier-presidentielle.com\/anne-hidalgo-election-2022\/"]}]},{"@type":"BreadcrumbList","@id":"https:\/\/parier-presidentielle.com\/anne-hidalgo-election-2022\/#breadcrumb","itemListElement":[{"@type":"ListItem","position":1,"name":"Accueil","item":"https:\/\/parier-presidentielle.com\/"},{"@type":"ListItem","position":2,"name":"Parier sur l\u2019\u00e9lection d\u2019Anne Hidalgo 2022"}]},{"@type":"WebSite","@id":"https:\/\/parier-presidentielle.com\/#website","url":"https:\/\/parier-presidentielle.com\/","name":"Parier Pr\u00e9sidentielle","description":"Paris, Pronostics, Wiki sur la Politique, les Elections Am\u00e9ricaines: Joe Biden, Donald Trump avec les Bookmakers en ligne Unibet, Bwin, Betclic, Winamax","potentialAction":[{"@type":"SearchAction","target":{"@type":"EntryPoint","urlTemplate":"https:\/\/parier-presidentielle.com\/?s={search_term_string}"},"query-input":"required name=search_term_string"}],"inLanguage":"de-DE"}]}},"_links":{"self":[{"href":"https:\/\/parier-presidentielle.com\/de\/wp-json\/wp\/v2\/pages\/281"}],"collection":[{"href":"https:\/\/parier-presidentielle.com\/de\/wp-json\/wp\/v2\/pages"}],"about":[{"href":"https:\/\/parier-presidentielle.com\/de\/wp-json\/wp\/v2\/types\/page"}],"author":[{"embeddable":true,"href":"https:\/\/parier-presidentielle.com\/de\/wp-json\/wp\/v2\/users\/1"}],"replies":[{"embeddable":true,"href":"https:\/\/parier-presidentielle.com\/de\/wp-json\/wp\/v2\/comments?post=281"}],"version-history":[{"count":21,"href":"https:\/\/parier-presidentielle.com\/de\/wp-json\/wp\/v2\/pages\/281\/revisions"}],"predecessor-version":[{"id":2422,"href":"https:\/\/parier-presidentielle.com\/de\/wp-json\/wp\/v2\/pages\/281\/revisions\/2422"}],"wp:attachment":[{"href":"https:\/\/parier-presidentielle.com\/de\/wp-json\/wp\/v2\/media?parent=281"}],"curies":[{"name":"wp","href":"https:\/\/api.w.org\/{rel}","templated":true}]}}