{"id":31,"date":"2021-09-06T22:20:59","date_gmt":"2021-09-06T20:20:59","guid":{"rendered":"https:\/\/parier-presidentielle.com\/?page_id=31"},"modified":"2022-04-26T15:43:52","modified_gmt":"2022-04-26T13:43:52","slug":"macron-election","status":"publish","type":"page","link":"https:\/\/parier-presidentielle.com\/de\/macron-wahl\/","title":{"rendered":"Wetten Sie auf die Wahl von Emmanuel Macron"},"content":{"rendered":"<div class=\"wp-block-columns is-layout-flex wp-container-4 wp-block-columns-is-layout-flex\">\n<div class=\"wp-block-column is-layout-flow wp-block-column-is-layout-flow\" style=\"flex-basis:100%\">\n<div class=\"wp-block-columns is-layout-flex wp-container-2 wp-block-columns-is-layout-flex\">\n<div class=\"wp-block-column is-layout-flow wp-block-column-is-layout-flow\" style=\"flex-basis:100%\">\n<center><script type=\"text\/javascript\" charset=\"utf-8\" src=\"https:\/\/www.gambling-affiliation.com\/cpm\/v=AmIMTDSs92QY6b0MzDMvM5laCjJ-ZlA-1oQ-7tKsi.w_GA7331V2\"><\/script><\/center>\n\n\n\n<p><\/p>\n\n\n\n<div class=\"wp-block-image is-style-default\"><figure class=\"aligncenter size-medium\"><a href=\"https:\/\/parier-presidentielle.com\/de\/recommends\/unibet-logo\/\" target=\"_blank\" rel=\"no follow noopener\"><img decoding=\"async\" loading=\"lazy\" width=\"300\" height=\"169\" src=\"https:\/\/parier-presidentielle.com\/wp-content\/uploads\/2022\/04\/unibet-300x169.jpg\" alt=\"\" class=\"wp-image-1252\" srcset=\"https:\/\/parier-presidentielle.com\/wp-content\/uploads\/2022\/04\/unibet-300x169.jpg 300w, https:\/\/parier-presidentielle.com\/wp-content\/uploads\/2022\/04\/unibet-1024x576.jpg 1024w, https:\/\/parier-presidentielle.com\/wp-content\/uploads\/2022\/04\/unibet-768x432.jpg 768w, https:\/\/parier-presidentielle.com\/wp-content\/uploads\/2022\/04\/unibet-18x10.jpg 18w, https:\/\/parier-presidentielle.com\/wp-content\/uploads\/2022\/04\/unibet.jpg 1280w\" sizes=\"(max-width: 300px) 100vw, 300px\" \/><\/a><\/figure><\/div>\n<\/div>\n<\/div>\n<\/div>\n<\/div>\n\n\n\n<h2 class=\"wp-block-heading\"><span id=\"cote-et-pronostics-pour-le-candidat-emmanuel-macron-paris-en-ligne-sur-la-politique-et-le-futur-president-de-la-france-de-2022\">Quoten und Vorhersagen f\u00fcr den Kandidaten Emmanuel Macron:<br>Online-Wetten auf Politik und den zuk\u00fcnftigen Pr\u00e4sidenten Frankreichs im Jahr 2022<br><\/span><\/h2>\n\n\n\n<div class=\"wp-block-image wp-duotone-000097-ff4747-5\"><figure class=\"aligncenter size-full is-resized\"><img decoding=\"async\" loading=\"lazy\" src=\"https:\/\/parier-presidentielle.com\/wp-content\/uploads\/2021\/09\/6TNLTJIHZ5EAXMULO2IZVXGGGA.jpg\" alt=\"Kandidat Emmanuel Macron\" class=\"wp-image-388\" width=\"456\" height=\"284\" srcset=\"https:\/\/parier-presidentielle.com\/wp-content\/uploads\/2021\/09\/6TNLTJIHZ5EAXMULO2IZVXGGGA.jpg 932w, https:\/\/parier-presidentielle.com\/wp-content\/uploads\/2021\/09\/6TNLTJIHZ5EAXMULO2IZVXGGGA-300x187.jpg 300w, https:\/\/parier-presidentielle.com\/wp-content\/uploads\/2021\/09\/6TNLTJIHZ5EAXMULO2IZVXGGGA-768x480.jpg 768w\" sizes=\"(max-width: 456px) 100vw, 456px\" \/><\/figure><\/div>\n\n\n\n<h3 class=\"wp-block-heading\" id=\"comment-realiser-son-1-pari-avec-bwin-c\"><span id=\"comment-realiser-son-1er-pari-sur-macron-avec-unibet\">Wie k\u00f6nnen Sie Ihre erste Wette auf Macron bei Unibet abschlie\u00dfen?<\/span><\/h3>\n\n\n\n<p id=\"comment-realiser-son-1-pari-avec-bwin-c\">So wie Sie auf den Sieg Ihrer Lieblingsfu\u00dfballmannschaft wetten k\u00f6nnen, ist es auch m\u00f6glich, schnell und einfach auf den Sieger des Rennens zum Elys\u00e9e zu wetten!<\/p>\n\n\n\n<ol><li>W\u00e4hlen Sie den Kandidaten, auf den Sie wetten m\u00f6chten:<br> in unserem Beispiel ist es Emmanuel Macron!<br><\/li><li>Geben Sie den Einsatz an, den Sie wetten m\u00f6chten:<br>100\u20ac in unserer Simulation<br><\/li><li>Und jetzt ist es vorbei!<br>In unserem Screenshot betr\u00e4gt die Quote 1,14 und der Einsatz 100 \u20ac. Im Falle eines Sieges gewinnen Sie 114 \u20ac!<\/li><\/ol>\n\n\n\n<p><\/p>\n\n\n\n<div class=\"wp-block-image\"><figure class=\"aligncenter size-large is-resized\"><img decoding=\"async\" loading=\"lazy\" src=\"https:\/\/parier-presidentielle.com\/wp-content\/uploads\/2022\/04\/unibet-parier-cote-macron-2022-1024x606.jpg\" alt=\"\" class=\"wp-image-1521\" width=\"768\" height=\"455\" srcset=\"https:\/\/parier-presidentielle.com\/wp-content\/uploads\/2022\/04\/unibet-parier-cote-macron-2022-1024x606.jpg 1024w, https:\/\/parier-presidentielle.com\/wp-content\/uploads\/2022\/04\/unibet-parier-cote-macron-2022-300x178.jpg 300w, https:\/\/parier-presidentielle.com\/wp-content\/uploads\/2022\/04\/unibet-parier-cote-macron-2022-768x455.jpg 768w, https:\/\/parier-presidentielle.com\/wp-content\/uploads\/2022\/04\/unibet-parier-cote-macron-2022-18x12.jpg 18w, https:\/\/parier-presidentielle.com\/wp-content\/uploads\/2022\/04\/unibet-parier-cote-macron-2022.jpg 1247w\" sizes=\"(max-width: 768px) 100vw, 768px\" \/><\/figure><\/div>\n\n\n\n<p class=\"has-text-align-center unibet\" style=\"font-size:25px\"><mark style=\"background-color:rgba(0, 0, 0, 0);color:#0d7a12\" class=\"has-inline-color\"><strong><a href=\"https:\/\/parier-presidentielle.com\/de\/recommends\/unibet-text\/\">100 \u20ac Bonus, der bei Unibet angeboten wird <br>F\u00fcr Ihre 1. Online-Wette: Klicken Sie hier<\/a><\/strong><\/mark><\/p>\n\n\n\n<h2 class=\"wp-block-heading\"><span id=\"pourquoi-parier-avec-les-bookmakers-unibet-bwin-betclic-sur-la-victoire-du-candidat-emmanuel-macron-pour-le-second-tour\">Warum bei Buchmachern wetten: Unibet, Bwin, Betclic auf den Sieg von Kandidat Emmanuel Macron f\u00fcr die zweite Runde?<\/span><\/h2>\n\n\n\n<p><strong>Verpassen Sie nicht Ihre Chance, die Wahl wird durch ein paar Punkte entschieden und Sie k\u00f6nnen diese Chance nutzen, um viel Geld zu gewinnen!<\/strong><\/p>\n\n\n\n<p>Seitenschl\u00fcsselw\u00f6rter: <br><br><br> \u201eRipoliner la fa\u00e7ade\u201c, \u201eFinito\u201c und \u201eC\u2019est pas G\u00e9rard Majax\u201c (eine Debatte zwischen zwei Wendungen mit neuen Ausdr\u00fccken)<\/p>\n\n\n\n<p>Die Chancen, wer die Pr\u00e4sidentschaftswahl 2022 gewinnen wird, zeigen ein sehr enges Rennen zwischen Emmanuel Macron und Marine Le Pen. Wir empfehlen, auf den aktuellen Pr\u00e4sidenten zu wetten!<br>Die gute Nachricht ist: Selbst wenn Sie auf Marine le Pen wetten und mehr Risiko eingehen, um von besseren Quoten zu profitieren, wird Ihnen der Buchmacher von unibet Ihre erste Wette erstatten!<\/p>\n\n\n\n<p><\/p>\n\n\n\n<p>Pr\u00e4sidentschaftswahl: Wettanbieter bieten gute Quoten f\u00fcr Marine Le Pen.<\/p>\n\n\n\n<p>Der Quotenvergleich der Buchmacher zeigt, dass die Konkurrenz zwischen Emmanuel Macron und Marine Le Pen eng ist. Sie k\u00f6nnen daher Ihre Vorhersagen treffen, indem Sie unter anderen Buchmachern online auf Bwin, Unibet oder Betclic wetten. Unsere Auswahl, um die besten Wettseiten f\u00fcr Sport- und Politikwetten zu finden.<\/p>\n\n\n\n<h2 class=\"wp-block-heading\"><span id=\"emmanuel-macron-son-histoire-pour-mieux-parier-avant-le-second-tour-face-a-marine-le-pen\">Emmanuel Macron seine Geschichte, um besser vor der zweiten Runde gegen Marine Le Pen zu wetten<\/span><\/h2>\n\n\n\n<p><\/p>\n\n\n\n<p>Emmanuel Jean-Michel Fr\u00e9d\u00e9ric Macron (franz\u00f6sisch:; geboren am 21. Dezember 1977) ist ein franz\u00f6sischer Politiker, der seit dem 14. Mai 2017 als Pr\u00e4sident Frankreichs amtiert.<\/p>\n\n\n\n<p>Der in Amiens geborene Macron studierte Philosophie an der Universit\u00e4t Paris-Nanterre, erwarb sp\u00e4ter einen Master-Abschluss in \u00f6ffentlichen Angelegenheiten an der Sciences Po und schloss 2004 sein Studium an der \u00c9cole nationale d&#039;administration ab. Anschlie\u00dfend arbeitete er als leitender Beamter bei der Generalinspektion f\u00fcr Finanzen ein Investmentbanker bei Rothschild &amp; Co.<\/p>\n\n\n\n<p>Macron wurde kurz nach seiner Wahl im Mai 2012 von Pr\u00e4sident Fran\u00e7ois Hollande zum stellvertretenden Generalsekret\u00e4r ernannt, was Macron zu einem der wichtigsten Berater Hollandes machte. Anschlie\u00dfend wurde er im August 2014 von Premierminister Manuel Valls als Minister f\u00fcr Wirtschaft, Industrie und Digitales in das franz\u00f6sische Kabinett berufen. In dieser Funktion setzte sich Macron f\u00fcr eine Reihe unternehmensfreundlicher Reformen ein. Im August 2016 trat er aus dem Kabinett zur\u00fcck und startete eine Kampagne f\u00fcr die franz\u00f6sischen Pr\u00e4sidentschaftswahlen 2017. Obwohl Macron von 2006 bis 2009 Mitglied der Sozialistischen Partei war, kandidierte er unter dem Banner von La R\u00e9publique en Marche!, einem zentristischen und demokratischen Politiker proeurop\u00e4ische politische Bewegung, die er im April 2016 gr\u00fcndete.<\/p>\n\n\n\n<p>Unter anderem dank der Fillon-Aff\u00e4re setzte sich Macron im ersten Wahlgang durch und wurde am 7. Mai 2017 mit 66,1 % der Stimmen im zweiten Wahlgang zum Pr\u00e4sidenten Frankreichs gew\u00e4hlt, womit er Marine Le Pen besiegte. Mit 39 Jahren wurde Macron der j\u00fcngste Pr\u00e4sident in der Geschichte Frankreichs. Er ernannte \u00c9douard Philippe zum Premierminister, und bei den franz\u00f6sischen Parlamentswahlen 2017 einen Monat sp\u00e4ter gewann Macrons Partei, die in La R\u00e9publique en Marche (LREM) umbenannt wurde, die Mehrheit in der Nationalversammlung. W\u00e4hrend seiner Pr\u00e4sidentschaft leitete Macron mehrere Arbeitsrechts- und Steuerreformen. Der Widerstand gegen seine Reformen, insbesondere gegen eine vorgeschlagene Kraftstoffsteuer, gipfelte 2018 in den Gelbwesten-Protesten und anderen Demonstrationen. Im Jahr 2020 ernannte er Jean Castex nach dem R\u00fccktritt von Philippe zum Premierminister. Ab 2020 leitet er die laufende Reaktion Frankreichs auf die COVID-19-Pandemie und die Einf\u00fchrung von Impfungen.<br><\/p>\n\n\n\n<h2 class=\"wp-block-heading\"><span id=\"i\"><br><\/span><\/h2>\n\n\n\n<p class=\"has-text-align-center unibet\" style=\"font-size:25px\"><mark style=\"background-color:rgba(0, 0, 0, 0);color:#0d7a12\" class=\"has-inline-color\"><strong><a href=\"https:\/\/parier-presidentielle.com\/de\/recommends\/unibet\/\">150 \u20ac Bonus, der bei Unibet angeboten wird<br>F\u00fcr Ihre 1. politische oder sportliche Wette: Klicken Sie hier<\/a><\/strong><\/mark><\/p>\n\n\n\n<p><\/p>\n\n\n<div class=\"wp-block-image\">\n<figure class=\"aligncenter is-resized wp-duotone-000097-ff4747-6\"><img decoding=\"async\" loading=\"lazy\" src=\"https:\/\/parier-presidentielle.com\/wp-content\/uploads\/2021\/09\/election-standard-scale-4_00x-gigapixel-1024x623.jpg\" alt=\"Wahl 2022\" style=\"width:256px;height:156px\" width=\"256\" height=\"156\"\/><\/figure><\/div>\n\n\n<p><br><\/p>\n\n\n\n<p><strong>Parier-presidentielle hilft Ihnen, Ihre Wahl zwischen den verschiedenen zu treffen<a href=\"https:\/\/parier-presidentielle.com\/de\/\"> Die Buchmacher Bwin, Unibet und Betclic setzen 2024 auf den zuk\u00fcnftigen amerikanischen Pr\u00e4sidenten<\/a> : <\/strong><br><a href=\"https:\/\/parier-presidentielle.com\/de\/unibet-policy-wahl-2022\/\">Unibet Presidential Buchmacher<\/a> : Detaillierter und kostenloser Leitfaden, um Ihre 1. Wette online mit allen Quoten abzuschlie\u00dfen und wie Sie den angebotenen Bonus nutzen k\u00f6nnen!<\/p>\n\n\n\n<p>Sowie die anderen Online-Wettseiten: <a href=\"https:\/\/parier-presidentielle.com\/de\/unibet-policy-wahl-2022\/\">Bwin<\/a>, <a href=\"https:\/\/parier-presidentielle.com\/de\/netbet-paris-politik-wahl-2022\/\">NetBet<\/a>, <a href=\"https:\/\/parier-presidentielle.com\/de\/betclic-prasidentschafts-2022\/\">Betclic<\/a>, <a href=\"https:\/\/parier-presidentielle.com\/de\/winamax-politikwahl-2022\/\">Winamax<\/a>, Parions Sport, Zebet, Betway, France-Pari, Vbet, Cloudbet, 1Xbit, 1xbet, Betfair, Betwinner\u2026<\/p>\n\n\n\n<div class=\"wp-block-columns is-layout-flex wp-container-11 wp-block-columns-is-layout-flex\">\n<div class=\"wp-block-column is-layout-flow wp-block-column-is-layout-flow\" style=\"flex-basis:33.33%\">\n<p>Sie haben gerade unsere Datei gelesen:<\/p>\n<\/div>\n\n\n\n<div class=\"wp-block-column is-layout-flow wp-block-column-is-layout-flow\" style=\"flex-basis:33.33%\">\n<div class=\"wp-block-group is-layout-flow wp-block-group-is-layout-flow\"><div class=\"wp-block-group__inner-container\"><h4 class=\"has-text-align-center wp-block-post-title\"><span id=\"parier-sur-l8217election-d8217emmanuel-macron\"><a href=\"https:\/\/parier-presidentielle.com\/de\/macron-wahl\/\" target=\"_self\" >Wetten Sie auf die Wahl von Emmanuel Macron<\/a><\/span><\/h4><\/div><\/div>\n<\/div>\n\n\n\n<div class=\"wp-block-column is-layout-flow wp-block-column-is-layout-flow\" style=\"flex-basis:33.33%\">\n<p class=\"has-text-align-right\">Lesen Sie weiter mit unseren anderen exklusiven Dateien,<\/p>\n<\/div>\n<\/div>\n\n\n\n<h3 class=\"wp-block-heading\" id=\"tous-les-pronostics-sondage-et-cotes-pour-parier-sur-le-futur-vainqueur-de-l-election-presidentielle-2022\"><span id=\"tous-les-pronostics-sondage-et-cotes-pour-parier-sur-le-futur-vainqueur-de-l8217election-presidentielle-2024\">Alle Vorhersagen, Umfragen und Quoten, um auf den zuk\u00fcnftigen Gewinner der Pr\u00e4sidentschaftswahl 2024 zu wetten:<\/span><\/h3>\n\n\n\n<ul>\n<li><a href=\"https:\/\/parier-presidentielle.com\/de\/macron-wahl\/\">Setzen Sie auf Emmanuel Macron mit Unibet, Betclic, Bwin<\/a> : Der Favorit von Umfragen und Vorhersagen <\/li>\n\n\n\n<li><a href=\"https:\/\/parier-presidentielle.com\/de\/marine-le-pen-wahl\/\">Marine Le Pen: Ihre Quoten und wie man bei Buchmachern wetten kann<\/a>: Der Herausforderer laut Unibet<\/li>\n<\/ul>\n\n\n\n<p><\/p>\n\n\n\n<center><script type=\"text\/javascript\" charset=\"utf-8\" src=\"https:\/\/www.gambling-affiliation.com\/cpm\/v=AmIMTDSs92QY6b0MzDMvM5laCjJ-ZlA-1oQ-7tKsi.w_GA7331V2\"><\/script><\/center>\n\n\n\n<h3 class=\"wp-block-heading\"><span id=\"donald-trump-vs-joe-biden-la-video-qui-lance-les-paris-en-ligne-sur-l8217election-politique-de-2024\">Donald Trump gegen Joe Biden: Das Video, das Online-Wetten auf die politischen Wahlen 2024 startet<\/span><\/h3>\n\n\n\n<figure class=\"wp-block-embed is-type-video is-provider-youtube wp-block-embed-youtube wp-embed-aspect-16-9 wp-has-aspect-ratio\"><div class=\"wp-block-embed__wrapper\">\n<iframe loading=\"lazy\" title=\"Der fr\u00fchere Pr\u00e4sident Donald Trump startet 2024 das Angebot des Wei\u00dfen Hauses #Short\" width=\"640\" height=\"360\" src=\"https:\/\/www.youtube.com\/embed\/hZykPRVe4Ag?feature=oembed\" frameborder=\"0\" allow=\"accelerometer; autoplay; clipboard-write; encrypted-media; gyroscope; picture-in-picture; web-share\" allowfullscreen><\/iframe>\n<\/div><\/figure>\n\n\n<div class=\"wp-block-image\">\n<figure class=\"aligncenter size-medium\"><a href=\"https:\/\/parier-presidentielle.com\/de\/recommends\/unibet\/\" target=\"_blank\" rel=\"noopener\"><img decoding=\"async\" loading=\"lazy\" width=\"300\" height=\"169\" src=\"https:\/\/parier-presidentielle.com\/wp-content\/uploads\/2022\/04\/unibet-300x169.jpg\" alt=\"\" class=\"wp-image-1252\" srcset=\"https:\/\/parier-presidentielle.com\/wp-content\/uploads\/2022\/04\/unibet-300x169.jpg 300w, https:\/\/parier-presidentielle.com\/wp-content\/uploads\/2022\/04\/unibet-1024x576.jpg 1024w, https:\/\/parier-presidentielle.com\/wp-content\/uploads\/2022\/04\/unibet-768x432.jpg 768w, https:\/\/parier-presidentielle.com\/wp-content\/uploads\/2022\/04\/unibet-18x10.jpg 18w, https:\/\/parier-presidentielle.com\/wp-content\/uploads\/2022\/04\/unibet.jpg 1280w\" sizes=\"(max-width: 300px) 100vw, 300px\" \/><\/a><\/figure><\/div>\n\n\n<p>Finden Sie im Wiki die wichtigsten politischen Nachrichten zu Cannabis und seinen legalen Derivaten: <strong>HHC, H4cbd, Thcp, Thcv, HSD, HHCPO, C4B<\/strong><\/p>\n\n\n\n<p>Seitenschl\u00fcsselw\u00f6rter: <br><br><br>#Macron2022, Paris Emanuel Macron, Buchmacher 2022,   <br>Gewinner der franz\u00f6sischen Wahl, Umfrage und Sportwetten (Macron McFly und Carlito, \u201eRipoliner la fa\u00e7ade\u201c, \u201eFinito\u201c und \u201eC&#039;est pas G\u00e9rard Majax\u201c, eine Debatte zwischen zwei Runden mit neuen Ausdr\u00fccken)<\/p>\n<div id=\"toc_container\" class=\"no_bullets\"><p class=\"toc_title\">Inhaltsverzeichnis<\/p><ul class=\"toc_list\"><li><ul><li><\/li><\/ul><\/li><li><\/li><li><\/li><li><ul><li><ul><li><\/li><\/ul><\/li><li><\/li><li><\/li><\/ul><\/li><\/ul><\/div>","protected":false},"excerpt":{"rendered":"<p>Quoten und Vorhersagen f\u00fcr den Kandidaten Emmanuel Macron: Online-Wetten auf Politik und den zuk\u00fcnftigen Pr\u00e4sidenten Frankreichs im Jahr 2022 Wie k\u00f6nnen Sie Ihre erste Wette auf Macron bei Unibet abschlie\u00dfen? So wie Sie auf den Sieg Ihrer Lieblingsfu\u00dfballmannschaft wetten k\u00f6nnen, ist es m\u00f6glich, auf den Sieger von \u2026<\/p>","protected":false},"author":1,"featured_media":0,"parent":0,"menu_order":0,"comment_status":"closed","ping_status":"closed","template":"page-nosidebar.php","meta":{"footnotes":""},"yoast_head":"<!-- This site is optimized with the Yoast SEO Premium plugin v21.0 (Yoast SEO v21.0) - https:\/\/yoast.com\/wordpress\/plugins\/seo\/ -->\n<title>Parier sur l&#039;\u00e9lection d&#039;Emmanuel Macron - Finale Coupe du Monde FIFA<\/title>\n<meta name=\"description\" content=\"Pariez sur Emmanuel Macron pour l&#039;\u00c9lection 2022 : Cliquez Ici et Gagnez Gros! Pronostics ,Comparaison des Bookmakers et des meilleurs Cotes.\" \/>\n<meta name=\"robots\" content=\"index, follow, max-snippet:-1, max-image-preview:large, max-video-preview:-1\" \/>\n<link rel=\"canonical\" href=\"https:\/\/parier-presidentielle.com\/de\/macron-wahl\/\" \/>\n<meta property=\"og:locale\" content=\"de_DE\" \/>\n<meta property=\"og:type\" content=\"article\" \/>\n<meta property=\"og:title\" content=\"Parier sur l&#039;\u00e9lection d&#039;Emmanuel Macron\" \/>\n<meta property=\"og:description\" content=\"Pariez sur Emmanuel Macron pour l&#039;\u00c9lection 2022 : Cliquez Ici et Gagnez Gros! Pronostics ,Comparaison des Bookmakers et des meilleurs Cotes.\" \/>\n<meta property=\"og:url\" content=\"https:\/\/parier-presidentielle.com\/de\/macron-wahl\/\" \/>\n<meta property=\"og:site_name\" content=\"Parier Pr\u00e9sidentielle\" \/>\n<meta property=\"article:modified_time\" content=\"2022-04-26T13:43:52+00:00\" \/>\n<meta property=\"og:image\" content=\"https:\/\/parier-presidentielle.com\/wp-content\/uploads\/2021\/09\/6TNLTJIHZ5EAXMULO2IZVXGGGA.jpg\" \/>\n<meta name=\"twitter:card\" content=\"summary_large_image\" \/>\n<meta name=\"twitter:label1\" content=\"Gesch\u00e4tzte Lesezeit\" \/>\n\t<meta name=\"twitter:data1\" content=\"5 Minuten\" \/>\n<script type=\"application\/ld+json\" class=\"yoast-schema-graph\">{\"@context\":\"https:\/\/schema.org\",\"@graph\":[{\"@type\":\"WebPage\",\"@id\":\"https:\/\/parier-presidentielle.com\/macron-election\/\",\"url\":\"https:\/\/parier-presidentielle.com\/macron-election\/\",\"name\":\"Parier sur l'\u00e9lection d'Emmanuel Macron - Finale Coupe du Monde FIFA\",\"isPartOf\":{\"@id\":\"https:\/\/parier-presidentielle.com\/#website\"},\"datePublished\":\"2021-09-06T20:20:59+00:00\",\"dateModified\":\"2022-04-26T13:43:52+00:00\",\"description\":\"Pariez sur Emmanuel Macron pour l'\u00c9lection 2022 : Cliquez Ici et Gagnez Gros! Pronostics ,Comparaison des Bookmakers et des meilleurs Cotes.\",\"breadcrumb\":{\"@id\":\"https:\/\/parier-presidentielle.com\/macron-election\/#breadcrumb\"},\"inLanguage\":\"de-DE\",\"potentialAction\":[{\"@type\":\"ReadAction\",\"target\":[\"https:\/\/parier-presidentielle.com\/macron-election\/\"]}]},{\"@type\":\"BreadcrumbList\",\"@id\":\"https:\/\/parier-presidentielle.com\/macron-election\/#breadcrumb\",\"itemListElement\":[{\"@type\":\"ListItem\",\"position\":1,\"name\":\"Accueil\",\"item\":\"https:\/\/parier-presidentielle.com\/\"},{\"@type\":\"ListItem\",\"position\":2,\"name\":\"Parier sur l&#8217;\u00e9lection d&#8217;Emmanuel Macron\"}]},{\"@type\":\"WebSite\",\"@id\":\"https:\/\/parier-presidentielle.com\/#website\",\"url\":\"https:\/\/parier-presidentielle.com\/\",\"name\":\"Parier Pr\u00e9sidentielle\",\"description\":\"Paris, Pronostics, Wiki sur la Politique, les Elections Am\u00e9ricaines: Joe Biden, Donald Trump avec les Bookmakers en ligne Unibet, Bwin, Betclic, Winamax\",\"potentialAction\":[{\"@type\":\"SearchAction\",\"target\":{\"@type\":\"EntryPoint\",\"urlTemplate\":\"https:\/\/parier-presidentielle.com\/?s={search_term_string}\"},\"query-input\":\"required name=search_term_string\"}],\"inLanguage\":\"de-DE\"}]}<\/script>\n<!-- \/ Yoast SEO Premium plugin. -->","yoast_head_json":{"title":"Parier sur l'\u00e9lection d'Emmanuel Macron - Finale Coupe du Monde FIFA","description":"Pariez sur Emmanuel Macron pour l'\u00c9lection 2022 : Cliquez Ici et Gagnez Gros! Pronostics ,Comparaison des Bookmakers et des meilleurs Cotes.","robots":{"index":"index","follow":"follow","max-snippet":"max-snippet:-1","max-image-preview":"max-image-preview:large","max-video-preview":"max-video-preview:-1"},"canonical":"https:\/\/parier-presidentielle.com\/de\/macron-wahl\/","og_locale":"de_DE","og_type":"article","og_title":"Parier sur l'\u00e9lection d'Emmanuel Macron","og_description":"Pariez sur Emmanuel Macron pour l'\u00c9lection 2022 : Cliquez Ici et Gagnez Gros! Pronostics ,Comparaison des Bookmakers et des meilleurs Cotes.","og_url":"https:\/\/parier-presidentielle.com\/de\/macron-wahl\/","og_site_name":"Parier Pr\u00e9sidentielle","article_modified_time":"2022-04-26T13:43:52+00:00","og_image":[{"url":"https:\/\/parier-presidentielle.com\/wp-content\/uploads\/2021\/09\/6TNLTJIHZ5EAXMULO2IZVXGGGA.jpg"}],"twitter_card":"summary_large_image","twitter_misc":{"Gesch\u00e4tzte Lesezeit":"5 Minuten"},"schema":{"@context":"https:\/\/schema.org","@graph":[{"@type":"WebPage","@id":"https:\/\/parier-presidentielle.com\/macron-election\/","url":"https:\/\/parier-presidentielle.com\/macron-election\/","name":"Parier sur l'\u00e9lection d'Emmanuel Macron - Finale Coupe du Monde FIFA","isPartOf":{"@id":"https:\/\/parier-presidentielle.com\/#website"},"datePublished":"2021-09-06T20:20:59+00:00","dateModified":"2022-04-26T13:43:52+00:00","description":"Pariez sur Emmanuel Macron pour l'\u00c9lection 2022 : Cliquez Ici et Gagnez Gros! Pronostics ,Comparaison des Bookmakers et des meilleurs Cotes.","breadcrumb":{"@id":"https:\/\/parier-presidentielle.com\/macron-election\/#breadcrumb"},"inLanguage":"de-DE","potentialAction":[{"@type":"ReadAction","target":["https:\/\/parier-presidentielle.com\/macron-election\/"]}]},{"@type":"BreadcrumbList","@id":"https:\/\/parier-presidentielle.com\/macron-election\/#breadcrumb","itemListElement":[{"@type":"ListItem","position":1,"name":"Accueil","item":"https:\/\/parier-presidentielle.com\/"},{"@type":"ListItem","position":2,"name":"Parier sur l&#8217;\u00e9lection d&#8217;Emmanuel Macron"}]},{"@type":"WebSite","@id":"https:\/\/parier-presidentielle.com\/#website","url":"https:\/\/parier-presidentielle.com\/","name":"Parier Pr\u00e9sidentielle","description":"Paris, Pronostics, Wiki sur la Politique, les Elections Am\u00e9ricaines: Joe Biden, Donald Trump avec les Bookmakers en ligne Unibet, Bwin, Betclic, Winamax","potentialAction":[{"@type":"SearchAction","target":{"@type":"EntryPoint","urlTemplate":"https:\/\/parier-presidentielle.com\/?s={search_term_string}"},"query-input":"required name=search_term_string"}],"inLanguage":"de-DE"}]}},"_links":{"self":[{"href":"https:\/\/parier-presidentielle.com\/de\/wp-json\/wp\/v2\/pages\/31"}],"collection":[{"href":"https:\/\/parier-presidentielle.com\/de\/wp-json\/wp\/v2\/pages"}],"about":[{"href":"https:\/\/parier-presidentielle.com\/de\/wp-json\/wp\/v2\/types\/page"}],"author":[{"embeddable":true,"href":"https:\/\/parier-presidentielle.com\/de\/wp-json\/wp\/v2\/users\/1"}],"replies":[{"embeddable":true,"href":"https:\/\/parier-presidentielle.com\/de\/wp-json\/wp\/v2\/comments?post=31"}],"version-history":[{"count":15,"href":"https:\/\/parier-presidentielle.com\/de\/wp-json\/wp\/v2\/pages\/31\/revisions"}],"predecessor-version":[{"id":1532,"href":"https:\/\/parier-presidentielle.com\/de\/wp-json\/wp\/v2\/pages\/31\/revisions\/1532"}],"wp:attachment":[{"href":"https:\/\/parier-presidentielle.com\/de\/wp-json\/wp\/v2\/media?parent=31"}],"curies":[{"name":"wp","href":"https:\/\/api.w.org\/{rel}","templated":true}]}}