{"id":41,"date":"2021-09-06T23:23:21","date_gmt":"2021-09-06T21:23:21","guid":{"rendered":"https:\/\/parier-presidentielle.com\/?page_id=41"},"modified":"2022-04-24T08:46:18","modified_gmt":"2022-04-24T06:46:18","slug":"marine-le-pen-election","status":"publish","type":"page","link":"https:\/\/parier-presidentielle.com\/de\/marine-le-pen-wahl\/","title":{"rendered":"Wetten Sie auf die Wahl von Marine Le Pen"},"content":{"rendered":"<div class=\"wp-block-columns is-layout-flex wp-container-4 wp-block-columns-is-layout-flex\">\n<div class=\"wp-block-column is-layout-flow wp-block-column-is-layout-flow\" style=\"flex-basis:100%\">\n<div class=\"wp-block-columns is-layout-flex wp-container-2 wp-block-columns-is-layout-flex\">\n<div class=\"wp-block-column is-layout-flow wp-block-column-is-layout-flow\" style=\"flex-basis:100%\">\n<center><script type=\"text\/javascript\" charset=\"utf-8\" src=\"https:\/\/www.gambling-affiliation.com\/cpm\/v=AmIMTDSs92QY6b0MzDMvM5laCjJ-ZlA-1oQ-7tKsi.w_GA7331V2\"><\/script><\/center>\n\n\n\n<p><\/p>\n\n\n\n<div class=\"wp-block-image is-style-default\"><figure class=\"aligncenter size-medium\"><a href=\"https:\/\/parier-presidentielle.com\/de\/recommends\/unibet-logo\/\" target=\"_blank\" rel=\"no follow noopener\"><img decoding=\"async\" loading=\"lazy\" width=\"300\" height=\"169\" src=\"https:\/\/parier-presidentielle.com\/wp-content\/uploads\/2022\/04\/unibet-300x169.jpg\" alt=\"\" class=\"wp-image-1252\" srcset=\"https:\/\/parier-presidentielle.com\/wp-content\/uploads\/2022\/04\/unibet-300x169.jpg 300w, https:\/\/parier-presidentielle.com\/wp-content\/uploads\/2022\/04\/unibet-1024x576.jpg 1024w, https:\/\/parier-presidentielle.com\/wp-content\/uploads\/2022\/04\/unibet-768x432.jpg 768w, https:\/\/parier-presidentielle.com\/wp-content\/uploads\/2022\/04\/unibet-18x10.jpg 18w, https:\/\/parier-presidentielle.com\/wp-content\/uploads\/2022\/04\/unibet.jpg 1280w\" sizes=\"(max-width: 300px) 100vw, 300px\" \/><\/a><\/figure><\/div>\n<\/div>\n<\/div>\n<\/div>\n<\/div>\n\n\n\n<h2 class=\"wp-block-heading\"><span id=\"cote-et-pronostics-pour-le-candidat-marine-le-penparis-en-ligne-sur-la-politique-et-le-futur-president-de-la-france-de-2022\">Quoten und Prognosen f\u00fcr Kandidatin Marine Le Pen:<br>Online-Wetten auf Politik und den zuk\u00fcnftigen Pr\u00e4sidenten Frankreichs im Jahr 2022<br><\/span><\/h2>\n\n\n\n<h3 class=\"wp-block-heading\" id=\"comment-realiser-son-1-pari-avec-bwin-c\"><span id=\"comment-realiser-son-1er-pari-sur-marine-le-pen-avec-unibet\">Wie k\u00f6nnen Sie Ihre erste Wette auf Marine Le Pen bei Unibet abschlie\u00dfen?<\/span><\/h3>\n\n\n\n<p id=\"comment-realiser-son-1-pari-avec-bwin-c\">So wie Sie auf den Sieg Ihrer Lieblingsfu\u00dfballmannschaft wetten k\u00f6nnen, ist es auch m\u00f6glich, schnell und einfach auf den Sieger des Rennens zum Elys\u00e9e zu wetten!<\/p>\n\n\n\n<ol><li>W\u00e4hlen Sie den Kandidaten, auf den Sie wetten m\u00f6chten:<br> in unserem Beispiel ist es Marine Le Pen!<br><\/li><li>Geben Sie den Einsatz an, den Sie wetten m\u00f6chten:<br>100\u20ac in unserer Simulation<br><\/li><li>Und jetzt ist es vorbei!<br>In unserem Screenshot betr\u00e4gt die Quote 13 und der Einsatz 10 \u20ac. Im Falle eines Sieges gewinnen Sie 130 \u20ac!<\/li><\/ol>\n\n\n\n<p><\/p>\n\n\n\n<div class=\"wp-block-image\"><figure class=\"aligncenter size-large is-resized\"><img decoding=\"async\" loading=\"lazy\" src=\"https:\/\/parier-presidentielle.com\/wp-content\/uploads\/2022\/04\/unibet-parier-cote-marine-le-pen-2022-1024x612.jpg\" alt=\"\" class=\"wp-image-1582\" width=\"512\" height=\"306\" srcset=\"https:\/\/parier-presidentielle.com\/wp-content\/uploads\/2022\/04\/unibet-parier-cote-marine-le-pen-2022-1024x612.jpg 1024w, https:\/\/parier-presidentielle.com\/wp-content\/uploads\/2022\/04\/unibet-parier-cote-marine-le-pen-2022-300x179.jpg 300w, https:\/\/parier-presidentielle.com\/wp-content\/uploads\/2022\/04\/unibet-parier-cote-marine-le-pen-2022-768x459.jpg 768w, https:\/\/parier-presidentielle.com\/wp-content\/uploads\/2022\/04\/unibet-parier-cote-marine-le-pen-2022-18x12.jpg 18w, https:\/\/parier-presidentielle.com\/wp-content\/uploads\/2022\/04\/unibet-parier-cote-marine-le-pen-2022.jpg 1240w\" sizes=\"(max-width: 512px) 100vw, 512px\" \/><\/figure><\/div>\n\n\n\n<h2 class=\"wp-block-heading\"><span id=\"pourquoi-parier-avec-les-bookmakers-unibet-bwin-betclic-sur-la-victoire-du-candidat-emmanuel-macron-pour-le-second-tour\">Warum bei Buchmachern wetten: Unibet, Bwin, Betclic auf den Sieg von Kandidat Emmanuel Macron f\u00fcr die zweite Runde?<\/span><\/h2>\n\n\n\n<p><strong>Verpassen Sie nicht Ihre Chance, die Wahl wird durch ein paar Punkte entschieden und Sie k\u00f6nnen diese Chance nutzen, um viel Geld zu gewinnen, denn die Umfragen lagen v\u00f6llig daneben!<\/strong><br>Dar\u00fcber hinaus ist Unibet der einzige Buchmacher, der Ihnen bis zu 150 \u20ac f\u00fcr Ihre erste Wette erstattet!<\/p>\n\n\n\n<p class=\"has-text-align-center unibet\" style=\"font-size:25px\"><mark style=\"background-color:rgba(0, 0, 0, 0);color:#0d7a12\" class=\"has-inline-color\"><strong><a href=\"https:\/\/parier-presidentielle.com\/de\/recommends\/unibet-text\/\">100 \u20ac Bonus, der bei Unibet angeboten wird <br>F\u00fcr Ihre 1. Online-Wette: Klicken Sie hier<\/a><\/strong><\/mark><\/p>\n\n\n\n<h2 class=\"wp-block-heading\"><span id=\"cote-et-pronostics-pour-la-candidate-marine-le-pen-paris-en-ligne-sur-la-politique-et-le-futur-president-de-la-france-de-2022\"><br><br>Quoten und Vorhersagen f\u00fcr Kandidatin Marine Le Pen: Online-Wetten auf die Politik und die zuk\u00fcnftige Pr\u00e4sidentin Frankreichs im Jahr 2022<\/span><\/h2>\n\n\n\n<p>Marion Anne Perrine \u201eMarine\u201c Le Pen (franz\u00f6sisch: ; geboren am 5. August 1968) ist eine franz\u00f6sische Anw\u00e4ltin und Politikerin, seit 2011 Pr\u00e4sidentin der Nationalen Rallye (ehemals Front National). Sie war im 11. Pas als Abgeordnete in der Nationalversammlung Wahlkreis -de-Calais seit 2017.<\/p>\n\n\n\n<p>&nbsp;<\/p>\n\n\n\n<div class=\"wp-block-image wp-duotone-000097-ff4747-5\"><figure class=\"aligncenter is-resized\"><img decoding=\"async\" loading=\"lazy\" src=\"https:\/\/parier-presidentielle.com\/wp-content\/uploads\/2021\/09\/Avec-la-presidentielle-en-vue-Marine-Le-Pen-planifie-son-depart-de-la-presidence-du-Rassemblement-national-1024x512.jpg\" alt=\"Kandidatin Marine Le Pen\" width=\"512\" height=\"256\"\/><\/figure><\/div>\n\n\n\n<p>Sie ist die j\u00fcngste Tochter des ehemaligen Parteichefs Jean-Marie Le Pen und die Tante der ehemaligen FN-Abgeordneten Marion Mar\u00e9chal. Le Pen trat 1986 der FN bei. Sie wurde zur Regionalr\u00e4tin f\u00fcr Nord-Pas-de-Calais (1998\u20132004; 2010\u20132015), \u00cele-de-France (2004\u20132010) und Hauts-de-France gew\u00e4hlt. -Frankreich (2015-heute), Mitglied des Europ\u00e4ischen Parlaments (2004-2017) sowie Gemeinderat von H\u00e9nin-Beaumont (2008-2011). Sie gewann 2011 mit 67,6 % der Stimmen den Vorsitz der FN, besiegte Bruno Gollnisch und trat die Nachfolge ihres Vaters an, der seit ihrer Gr\u00fcndung im Jahr 1972 Pr\u00e4sident der Partei war. 2012 belegte sie bei der Pr\u00e4sidentschaftswahl mit 17,91 den dritten Platz TP4T der Stimmen, hinter Fran\u00e7ois Hollande und Nicolas Sarkozy. Bei den Wahlen 2017 bewarb sie sich zum zweiten Mal um die Pr\u00e4sidentschaft. Im ersten Wahlgang belegte sie mit 21,3 % der Stimmen den zweiten Platz und traf auf Emmanuel Macron von der zentristischen Partei En Marche! im zweiten Wahlgang. Am 7. Mai 2017 gab sie nach, nachdem sie im zweiten Wahlgang etwa 33,91 % der Stimmen erhalten hatte. Im Jahr 2020 k\u00fcndigte sie ihre dritte Pr\u00e4sidentschaftskandidatur bei den Wahlen 2022 an.<\/p>\n\n\n\n<h2 class=\"wp-block-heading\"><span id=\"l8217histoire-politique-de-marine-le-pen\"><br>Die politische Geschichte von Marine Le Pen <\/span><\/h2>\n\n\n\n<p>Le Pen wurde als gem\u00e4\u00dfigter als ihr nationalistischer Vater beschrieben und f\u00fchrte eine Bewegung zur \u201eD\u00e4monisierung des Front National\u201c an, um sein Image aufzuweichen, basierend auf erneuerten Positionen und erneuerten Teams sowie dem Ausschluss umstrittener Mitglieder, denen Rassismus, Antisemitismus vorgeworfen wird. oder P\u00e9tainismus. Sie schloss ihren Vater am 20. August 2015 aus der Partei aus, nachdem dieser weitere kontroverse \u00c4u\u00dferungen gemacht hatte. Sie milderte auch einige parteipolitische Positionen ab und pl\u00e4dierte f\u00fcr Lebenspartnerschaften f\u00fcr gleichgeschlechtliche Paare anstelle des fr\u00fcheren Widerstands ihrer Partei gegen die rechtliche Anerkennung gleichgeschlechtlicher Partnerschaften, akzeptierte bedingungslose Abtreibung und strich die Todesstrafe aus seinem Programm. Als leidenschaftliche Gegnerin der USA und der NATO setzt sie sich daf\u00fcr ein, Frankreich aus deren Einflusssph\u00e4ren zu entfernen.<\/p>\n\n\n\n<p>Le Pen wurde von Time in den Jahren 2011 und 2015 als eine der 100 einflussreichsten Personen der Welt aufgef\u00fchrt. Im Jahr 2016 wurde sie von Politico als zweiteinflussreichste Europaabgeordnete im Europ\u00e4ischen Parlament nach dem Pr\u00e4sidenten des Europ\u00e4ischen Parlaments, Martin Schulz, eingestuft .<\/p>\n\n\n<ul class=\"wp-block-latest-posts__list wp-block-latest-posts\"><li><a class=\"wp-block-latest-posts__post-title\" href=\"https:\/\/parier-presidentielle.com\/de\/prasidentschaftswahlen-2022-wetten-rund-um-die-welt-wetten-auf-die-zweite-runde\/\">Pr\u00e4sidentschaftswahlen 2022: Wetter auf der ganzen Welt setzen auf die zweite Runde!<\/a><\/li>\n<li><a class=\"wp-block-latest-posts__post-title\" href=\"https:\/\/parier-presidentielle.com\/de\/franzosische-wahl-wer-sind-die-kandidaten\/\">Wahl in Frankreich: Wer sind die Kandidaten?<\/a><\/li>\n<li><a class=\"wp-block-latest-posts__post-title\" href=\"https:\/\/parier-presidentielle.com\/de\/macron-buchmacher-umfrage\/\">Macron Favorit der Buchmacher nach dem Krieg in der Ukraine<\/a><\/li>\n<\/ul>\n\n\n<p>&nbsp;<\/p>\n\n\n\n<h2 class=\"wp-block-heading\"><span id=\"nbsp\">&nbsp;<\/span><\/h2>\n\n\n\n<p class=\"has-text-align-center unibet\" style=\"font-size:25px\"><mark style=\"background-color:rgba(0, 0, 0, 0);color:#0d7a12\" class=\"has-inline-color\"><strong><a href=\"https:\/\/parier-presidentielle.com\/de\/recommends\/unibet\/\">150 \u20ac Bonus, der bei Unibet angeboten wird<br>F\u00fcr Ihre 1. politische oder sportliche Wette: Klicken Sie hier<\/a><\/strong><\/mark><\/p>\n\n\n\n<p><\/p>\n\n\n<div class=\"wp-block-image\">\n<figure class=\"aligncenter is-resized wp-duotone-000097-ff4747-6\"><img decoding=\"async\" loading=\"lazy\" src=\"https:\/\/parier-presidentielle.com\/wp-content\/uploads\/2021\/09\/election-standard-scale-4_00x-gigapixel-1024x623.jpg\" alt=\"Wahl 2022\" style=\"width:256px;height:156px\" width=\"256\" height=\"156\"\/><\/figure><\/div>\n\n\n<p><br><\/p>\n\n\n\n<p><strong>Parier-presidentielle hilft Ihnen, Ihre Wahl zwischen den verschiedenen zu treffen<a href=\"https:\/\/parier-presidentielle.com\/de\/\"> Die Buchmacher Bwin, Unibet und Betclic setzen 2024 auf den zuk\u00fcnftigen amerikanischen Pr\u00e4sidenten<\/a> : <\/strong><br><a href=\"https:\/\/parier-presidentielle.com\/de\/unibet-policy-wahl-2022\/\">Unibet Presidential Buchmacher<\/a> : Detaillierter und kostenloser Leitfaden, um Ihre 1. Wette online mit allen Quoten abzuschlie\u00dfen und wie Sie den angebotenen Bonus nutzen k\u00f6nnen!<\/p>\n\n\n\n<p>Sowie die anderen Online-Wettseiten: <a href=\"https:\/\/parier-presidentielle.com\/de\/unibet-policy-wahl-2022\/\">Bwin<\/a>, <a href=\"https:\/\/parier-presidentielle.com\/de\/netbet-paris-politik-wahl-2022\/\">NetBet<\/a>, <a href=\"https:\/\/parier-presidentielle.com\/de\/betclic-prasidentschafts-2022\/\">Betclic<\/a>, <a href=\"https:\/\/parier-presidentielle.com\/de\/winamax-politikwahl-2022\/\">Winamax<\/a>, Parions Sport, Zebet, Betway, France-Pari, Vbet, Cloudbet, 1Xbit, 1xbet, Betfair, Betwinner\u2026<\/p>\n\n\n\n<div class=\"wp-block-columns is-layout-flex wp-container-11 wp-block-columns-is-layout-flex\">\n<div class=\"wp-block-column is-layout-flow wp-block-column-is-layout-flow\" style=\"flex-basis:33.33%\">\n<p>Sie haben gerade unsere Datei gelesen:<\/p>\n<\/div>\n\n\n\n<div class=\"wp-block-column is-layout-flow wp-block-column-is-layout-flow\" style=\"flex-basis:33.33%\">\n<div class=\"wp-block-group is-layout-flow wp-block-group-is-layout-flow\"><div class=\"wp-block-group__inner-container\"><h4 class=\"has-text-align-center wp-block-post-title\"><span id=\"parier-sur-l8217election-de-marine-le-pen\"><a href=\"https:\/\/parier-presidentielle.com\/de\/marine-le-pen-wahl\/\" target=\"_self\" >Wetten Sie auf die Wahl von Marine Le Pen<\/a><\/span><\/h4><\/div><\/div>\n<\/div>\n\n\n\n<div class=\"wp-block-column is-layout-flow wp-block-column-is-layout-flow\" style=\"flex-basis:33.33%\">\n<p class=\"has-text-align-right\">Lesen Sie weiter mit unseren anderen exklusiven Dateien,<\/p>\n<\/div>\n<\/div>\n\n\n\n<h3 class=\"wp-block-heading\" id=\"tous-les-pronostics-sondage-et-cotes-pour-parier-sur-le-futur-vainqueur-de-l-election-presidentielle-2022\"><span id=\"tous-les-pronostics-sondage-et-cotes-pour-parier-sur-le-futur-vainqueur-de-l8217election-presidentielle-2024\">Alle Vorhersagen, Umfragen und Quoten, um auf den zuk\u00fcnftigen Gewinner der Pr\u00e4sidentschaftswahl 2024 zu wetten:<\/span><\/h3>\n\n\n\n<ul>\n<li><a href=\"https:\/\/parier-presidentielle.com\/de\/macron-wahl\/\">Setzen Sie auf Emmanuel Macron mit Unibet, Betclic, Bwin<\/a> : Der Favorit von Umfragen und Vorhersagen <\/li>\n\n\n\n<li><a href=\"https:\/\/parier-presidentielle.com\/de\/marine-le-pen-wahl\/\">Marine Le Pen: Ihre Quoten und wie man bei Buchmachern wetten kann<\/a>: Der Herausforderer laut Unibet<\/li>\n<\/ul>\n\n\n\n<p><\/p>\n\n\n\n<center><script type=\"text\/javascript\" charset=\"utf-8\" src=\"https:\/\/www.gambling-affiliation.com\/cpm\/v=AmIMTDSs92QY6b0MzDMvM5laCjJ-ZlA-1oQ-7tKsi.w_GA7331V2\"><\/script><\/center>\n\n\n\n<h3 class=\"wp-block-heading\"><span id=\"donald-trump-vs-joe-biden-la-video-qui-lance-les-paris-en-ligne-sur-l8217election-politique-de-2024\">Donald Trump gegen Joe Biden: Das Video, das Online-Wetten auf die politischen Wahlen 2024 startet<\/span><\/h3>\n\n\n\n<figure class=\"wp-block-embed is-type-video is-provider-youtube wp-block-embed-youtube wp-embed-aspect-16-9 wp-has-aspect-ratio\"><div class=\"wp-block-embed__wrapper\">\n<iframe loading=\"lazy\" title=\"Der fr\u00fchere Pr\u00e4sident Donald Trump startet 2024 das Angebot des Wei\u00dfen Hauses #Short\" width=\"640\" height=\"360\" src=\"https:\/\/www.youtube.com\/embed\/hZykPRVe4Ag?feature=oembed\" frameborder=\"0\" allow=\"accelerometer; autoplay; clipboard-write; encrypted-media; gyroscope; picture-in-picture; web-share\" allowfullscreen><\/iframe>\n<\/div><\/figure>\n\n\n<div class=\"wp-block-image\">\n<figure class=\"aligncenter size-medium\"><a href=\"https:\/\/parier-presidentielle.com\/de\/recommends\/unibet\/\" target=\"_blank\" rel=\"noopener\"><img decoding=\"async\" loading=\"lazy\" width=\"300\" height=\"169\" src=\"https:\/\/parier-presidentielle.com\/wp-content\/uploads\/2022\/04\/unibet-300x169.jpg\" alt=\"\" class=\"wp-image-1252\" srcset=\"https:\/\/parier-presidentielle.com\/wp-content\/uploads\/2022\/04\/unibet-300x169.jpg 300w, https:\/\/parier-presidentielle.com\/wp-content\/uploads\/2022\/04\/unibet-1024x576.jpg 1024w, https:\/\/parier-presidentielle.com\/wp-content\/uploads\/2022\/04\/unibet-768x432.jpg 768w, https:\/\/parier-presidentielle.com\/wp-content\/uploads\/2022\/04\/unibet-18x10.jpg 18w, https:\/\/parier-presidentielle.com\/wp-content\/uploads\/2022\/04\/unibet.jpg 1280w\" sizes=\"(max-width: 300px) 100vw, 300px\" \/><\/a><\/figure><\/div>\n\n\n<p>Finden Sie im Wiki die wichtigsten politischen Nachrichten zu Cannabis und seinen legalen Derivaten: <strong>HHC, H4cbd, Thcp, Thcv, HSD, HHCPO, C4B<\/strong><\/p>\n\n\n\n<p>Seitenschl\u00fcsselw\u00f6rter: <br>#Marine2022, Paris Marine Le Pen, Buchmacher 2022, <br>Gewinner der franz\u00f6sischen Wahl, #LePen2022 Umfrage und Sportwertung<\/p>\n<div id=\"toc_container\" class=\"no_bullets\"><p class=\"toc_title\">Inhaltsverzeichnis<\/p><ul class=\"toc_list\"><li><ul><li><\/li><\/ul><\/li><li><\/li><li><\/li><li><\/li><li><ul><li><ul><li><\/li><\/ul><\/li><li><\/li><li><\/li><\/ul><\/li><\/ul><\/div>","protected":false},"excerpt":{"rendered":"<p>Cote et pronostics pour le candidat Marine Le Pen:Paris en ligne sur la politique et le futur pr\u00e9sident de la France de 2022 Comment r\u00e9aliser son 1er pari sur Marine Le Pen avec Unibet? Tout comme vous pouvez parier sur la victoire de votre \u00e9quipe de foot pr\u00e9f\u00e9r\u00e9, il est possible de parier sur le \u00a0\u2026 <a href=\"https:\/\/parier-presidentielle.com\/de\/marine-le-pen-wahl\/\" rel=\"noopener noreferrer\">Weiterlesen<\/a><\/p>","protected":false},"author":1,"featured_media":0,"parent":0,"menu_order":0,"comment_status":"closed","ping_status":"closed","template":"page-nosidebar.php","meta":{"footnotes":""},"yoast_head":"<!-- This site is optimized with the Yoast SEO Premium plugin v21.0 (Yoast SEO v21.0) - https:\/\/yoast.com\/wordpress\/plugins\/seo\/ -->\n<title>Parier sur l&#039;\u00e9lection de Marine Le Pen - Finale Coupe du Monde FIFA<\/title>\n<meta name=\"description\" content=\"Pariez sur Marine Le Pen pour l&#039;Election 2022 : Cliquez Ici et Gagnez Gros! Pronostics ,Comparaison des Bookmakers et des meilleurs Cotes.\" \/>\n<meta name=\"robots\" content=\"index, follow, max-snippet:-1, max-image-preview:large, max-video-preview:-1\" \/>\n<link rel=\"canonical\" href=\"https:\/\/parier-presidentielle.com\/de\/marine-le-pen-wahl\/\" \/>\n<meta property=\"og:locale\" content=\"de_DE\" \/>\n<meta property=\"og:type\" content=\"article\" \/>\n<meta property=\"og:title\" content=\"Parier sur l&#039;\u00e9lection de Marine Le Pen\" \/>\n<meta property=\"og:description\" content=\"Pariez sur Marine Le Pen pour l&#039;Election 2022 : Cliquez Ici et Gagnez Gros! Pronostics ,Comparaison des Bookmakers et des meilleurs Cotes.\" \/>\n<meta property=\"og:url\" content=\"https:\/\/parier-presidentielle.com\/de\/marine-le-pen-wahl\/\" \/>\n<meta property=\"og:site_name\" content=\"Parier Pr\u00e9sidentielle\" \/>\n<meta property=\"article:modified_time\" content=\"2022-04-24T06:46:18+00:00\" \/>\n<meta property=\"og:image\" content=\"https:\/\/parier-presidentielle.com\/wp-content\/uploads\/2022\/04\/unibet-parier-cote-marine-le-pen-2022-1024x612.jpg\" \/>\n<meta name=\"twitter:card\" content=\"summary_large_image\" \/>\n<meta name=\"twitter:label1\" content=\"Gesch\u00e4tzte Lesezeit\" \/>\n\t<meta name=\"twitter:data1\" content=\"4 Minuten\" \/>\n<script type=\"application\/ld+json\" class=\"yoast-schema-graph\">{\"@context\":\"https:\/\/schema.org\",\"@graph\":[{\"@type\":\"WebPage\",\"@id\":\"https:\/\/parier-presidentielle.com\/marine-le-pen-election\/\",\"url\":\"https:\/\/parier-presidentielle.com\/marine-le-pen-election\/\",\"name\":\"Parier sur l'\u00e9lection de Marine Le Pen - Finale Coupe du Monde FIFA\",\"isPartOf\":{\"@id\":\"https:\/\/parier-presidentielle.com\/#website\"},\"datePublished\":\"2021-09-06T21:23:21+00:00\",\"dateModified\":\"2022-04-24T06:46:18+00:00\",\"description\":\"Pariez sur Marine Le Pen pour l'Election 2022 : Cliquez Ici et Gagnez Gros! Pronostics ,Comparaison des Bookmakers et des meilleurs Cotes.\",\"breadcrumb\":{\"@id\":\"https:\/\/parier-presidentielle.com\/marine-le-pen-election\/#breadcrumb\"},\"inLanguage\":\"de-DE\",\"potentialAction\":[{\"@type\":\"ReadAction\",\"target\":[\"https:\/\/parier-presidentielle.com\/marine-le-pen-election\/\"]}]},{\"@type\":\"BreadcrumbList\",\"@id\":\"https:\/\/parier-presidentielle.com\/marine-le-pen-election\/#breadcrumb\",\"itemListElement\":[{\"@type\":\"ListItem\",\"position\":1,\"name\":\"Accueil\",\"item\":\"https:\/\/parier-presidentielle.com\/\"},{\"@type\":\"ListItem\",\"position\":2,\"name\":\"Parier sur l&#8217;\u00e9lection de Marine Le Pen\"}]},{\"@type\":\"WebSite\",\"@id\":\"https:\/\/parier-presidentielle.com\/#website\",\"url\":\"https:\/\/parier-presidentielle.com\/\",\"name\":\"Parier Pr\u00e9sidentielle\",\"description\":\"Paris, Pronostics, Wiki sur la Politique, les Elections Am\u00e9ricaines: Joe Biden, Donald Trump avec les Bookmakers en ligne Unibet, Bwin, Betclic, Winamax\",\"potentialAction\":[{\"@type\":\"SearchAction\",\"target\":{\"@type\":\"EntryPoint\",\"urlTemplate\":\"https:\/\/parier-presidentielle.com\/?s={search_term_string}\"},\"query-input\":\"required name=search_term_string\"}],\"inLanguage\":\"de-DE\"}]}<\/script>\n<!-- \/ Yoast SEO Premium plugin. -->","yoast_head_json":{"title":"Parier sur l'\u00e9lection de Marine Le Pen - Finale Coupe du Monde FIFA","description":"Pariez sur Marine Le Pen pour l'Election 2022 : Cliquez Ici et Gagnez Gros! Pronostics ,Comparaison des Bookmakers et des meilleurs Cotes.","robots":{"index":"index","follow":"follow","max-snippet":"max-snippet:-1","max-image-preview":"max-image-preview:large","max-video-preview":"max-video-preview:-1"},"canonical":"https:\/\/parier-presidentielle.com\/de\/marine-le-pen-wahl\/","og_locale":"de_DE","og_type":"article","og_title":"Parier sur l'\u00e9lection de Marine Le Pen","og_description":"Pariez sur Marine Le Pen pour l'Election 2022 : Cliquez Ici et Gagnez Gros! Pronostics ,Comparaison des Bookmakers et des meilleurs Cotes.","og_url":"https:\/\/parier-presidentielle.com\/de\/marine-le-pen-wahl\/","og_site_name":"Parier Pr\u00e9sidentielle","article_modified_time":"2022-04-24T06:46:18+00:00","og_image":[{"url":"https:\/\/parier-presidentielle.com\/wp-content\/uploads\/2022\/04\/unibet-parier-cote-marine-le-pen-2022-1024x612.jpg"}],"twitter_card":"summary_large_image","twitter_misc":{"Gesch\u00e4tzte Lesezeit":"4 Minuten"},"schema":{"@context":"https:\/\/schema.org","@graph":[{"@type":"WebPage","@id":"https:\/\/parier-presidentielle.com\/marine-le-pen-election\/","url":"https:\/\/parier-presidentielle.com\/marine-le-pen-election\/","name":"Parier sur l'\u00e9lection de Marine Le Pen - Finale Coupe du Monde FIFA","isPartOf":{"@id":"https:\/\/parier-presidentielle.com\/#website"},"datePublished":"2021-09-06T21:23:21+00:00","dateModified":"2022-04-24T06:46:18+00:00","description":"Pariez sur Marine Le Pen pour l'Election 2022 : Cliquez Ici et Gagnez Gros! Pronostics ,Comparaison des Bookmakers et des meilleurs Cotes.","breadcrumb":{"@id":"https:\/\/parier-presidentielle.com\/marine-le-pen-election\/#breadcrumb"},"inLanguage":"de-DE","potentialAction":[{"@type":"ReadAction","target":["https:\/\/parier-presidentielle.com\/marine-le-pen-election\/"]}]},{"@type":"BreadcrumbList","@id":"https:\/\/parier-presidentielle.com\/marine-le-pen-election\/#breadcrumb","itemListElement":[{"@type":"ListItem","position":1,"name":"Accueil","item":"https:\/\/parier-presidentielle.com\/"},{"@type":"ListItem","position":2,"name":"Parier sur l&#8217;\u00e9lection de Marine Le Pen"}]},{"@type":"WebSite","@id":"https:\/\/parier-presidentielle.com\/#website","url":"https:\/\/parier-presidentielle.com\/","name":"Parier Pr\u00e9sidentielle","description":"Paris, Pronostics, Wiki sur la Politique, les Elections Am\u00e9ricaines: Joe Biden, Donald Trump avec les Bookmakers en ligne Unibet, Bwin, Betclic, Winamax","potentialAction":[{"@type":"SearchAction","target":{"@type":"EntryPoint","urlTemplate":"https:\/\/parier-presidentielle.com\/?s={search_term_string}"},"query-input":"required name=search_term_string"}],"inLanguage":"de-DE"}]}},"_links":{"self":[{"href":"https:\/\/parier-presidentielle.com\/de\/wp-json\/wp\/v2\/pages\/41"}],"collection":[{"href":"https:\/\/parier-presidentielle.com\/de\/wp-json\/wp\/v2\/pages"}],"about":[{"href":"https:\/\/parier-presidentielle.com\/de\/wp-json\/wp\/v2\/types\/page"}],"author":[{"embeddable":true,"href":"https:\/\/parier-presidentielle.com\/de\/wp-json\/wp\/v2\/users\/1"}],"replies":[{"embeddable":true,"href":"https:\/\/parier-presidentielle.com\/de\/wp-json\/wp\/v2\/comments?post=41"}],"version-history":[{"count":19,"href":"https:\/\/parier-presidentielle.com\/de\/wp-json\/wp\/v2\/pages\/41\/revisions"}],"predecessor-version":[{"id":1588,"href":"https:\/\/parier-presidentielle.com\/de\/wp-json\/wp\/v2\/pages\/41\/revisions\/1588"}],"wp:attachment":[{"href":"https:\/\/parier-presidentielle.com\/de\/wp-json\/wp\/v2\/media?parent=41"}],"curies":[{"name":"wp","href":"https:\/\/api.w.org\/{rel}","templated":true}]}}