{"id":422,"date":"2022-01-11T22:54:26","date_gmt":"2022-01-11T21:54:26","guid":{"rendered":"https:\/\/parier-presidentielle.com\/?page_id=422"},"modified":"2022-04-24T09:32:12","modified_gmt":"2022-04-24T07:32:12","slug":"valerie-pecresse-election","status":"publish","type":"page","link":"https:\/\/parier-presidentielle.com\/de\/valerie-pecresse-wahl\/","title":{"rendered":"Wetten Sie auf die Wahl von Val\u00e9rie P\u00e9cresse"},"content":{"rendered":"<h2 class=\"wp-block-heading\"><span id=\"cote-et-pronostics-pour-la-candidate-ump-valerie-pecresse-paris-en-ligne-sur-la-politique-et-la-future-presidente-de-la-france-de-2022\">Quoten und Vorhersagen f\u00fcr UMP-Kandidatin Val\u00e9rie P\u00e9cresse:<br>Online-Wetten auf Politik und den zuk\u00fcnftigen Pr\u00e4sidenten Frankreichs im Jahr 2022<br><br><\/span><\/h2>\n\n\n\n<div class=\"wp-block-image wp-duotone-000097-ff4747-1\"><figure class=\"aligncenter size-large is-resized\"><img decoding=\"async\" loading=\"lazy\" src=\"https:\/\/parier-presidentielle.com\/wp-content\/uploads\/2022\/01\/valerie-pecresse-1024x512.jpeg\" alt=\"Valerie Pecresse\" class=\"wp-image-427\" width=\"526\" height=\"262\" srcset=\"https:\/\/parier-presidentielle.com\/wp-content\/uploads\/2022\/01\/valerie-pecresse-1024x512.jpeg 1024w, https:\/\/parier-presidentielle.com\/wp-content\/uploads\/2022\/01\/valerie-pecresse-300x150.jpeg 300w, https:\/\/parier-presidentielle.com\/wp-content\/uploads\/2022\/01\/valerie-pecresse-768x384.jpeg 768w, https:\/\/parier-presidentielle.com\/wp-content\/uploads\/2022\/01\/valerie-pecresse.jpeg 1440w\" sizes=\"(max-width: 526px) 100vw, 526px\" \/><\/figure><\/div>\n\n\n\n<p><br>Die Pr\u00e4sidentschaftswahlen 2022 stehen bereits im Rampenlicht. Dies wird ein Test f\u00fcr die \u201eneue Normalit\u00e4t\u201c sein. Die Franzosen hatten seit Beginn der Gesundheitskrise noch keine M\u00f6glichkeit zur Stimmabgabe. Sie m\u00fcssen sich an neue Formen der Abstimmung aus der Ferne und mit Masken anpassen. Die Pr\u00e4sidentschaftswahl ist in Frankreich immer ein Gro\u00dfereignis, daher ist es wichtig, die Umfragen zu verfolgen und auf den Kandidaten zu wetten, der am ehesten die Nachfolge Macrons antreten wird.<\/p>\n\n\n\n<p>Dieses Jahr sind viele Kandidaten am Start. Einige sind bekannter als andere. Auf Val\u00e9rie P\u00e9cresse zum Beispiel zu wetten, ist eine sichere Sache, weil sie schon lange in der Politik ist und ihre Unterst\u00fctzer hat. Von 2002 bis 2016 war sie B\u00fcrgermeisterin von Versailles, danach bis 2020 Pr\u00e4sidentin der \u00cele-de-France.<\/p>\n\n\n\n<p>Presidential 2022: Notizen und Vorhersagen von Val\u00e9rie P\u00e9cresse<\/p>\n\n\n\n<p>Val\u00e9rie P\u00e9cresse traf die Entscheidung, f\u00fcr das Pr\u00e4sidentenamt zu kandidieren, nachdem sie im Laufe ihrer Karriere Mitglied mehrerer politischer Parteien war: UDF, UMP und dann Les R\u00e9publicains. Sie war Teil der Regierung von Nicolas Sarkozy, als er 2007 franz\u00f6sischer Pr\u00e4sident wurde. 2017 unterst\u00fctzte sie Emmanuel Macron im Pr\u00e4sidentschaftswahlkampf offen.<\/p>\n\n\n\n<h2 class=\"wp-block-heading\"><span id=\"biographie-de-valerie-pecresse-pour-bien-parier\"> <br>Biografie von Val\u00e9rie P\u00e9cresse, um gut zu wetten!<\/span><\/h2>\n\n\n\n<p><\/p>\n\n\n\n<p><strong>Valerie P\u00e9cresse<\/strong>\u00a0Die geborene Val\u00e9rie Roux (* 14. Juli 1967 in Neuilly-sur-Seine) ist eine franz\u00f6sische Politikerin. Derzeit ist sie Pr\u00e4sidentin des Regionalrats der Ile de France.<\/p>\n\n\n\n<p>Am 4. Dezember 2021 wurde sie von der Republikanischen Partei mit 61 %-Stimmen gegen die 39 %-Stimmen, die Eric Ciotti in der zweiten Runde der Vorwahlen erhalten hatte, zur Kandidatin f\u00fcr die franz\u00f6sischen Pr\u00e4sidentschaftswahlen 2022 gew\u00e4hlt.<\/p>\n\n\n\n<h2 class=\"wp-block-heading\"><span id=\"biographie\">Biografie<\/span><\/h2>\n\n\n\n<p>Seit 1992 ist sie Rechnungspr\u00fcferin beim Staatsrat, war Beraterin von Jacques Chirac und lehrte sechs Jahre lang an der Fakult\u00e4t des Instituts f\u00fcr politische Studien in Paris. Bei den Parlamentswahlen 2002 wurde er zum Stellvertreter von Yvelines gew\u00e4hlt und 2007 und 2012 wiedergew\u00e4hlt. Von 2007 bis 2011 war er Minister f\u00fcr Hochschulbildung und Forschung, leitete die Reform der Universit\u00e4tsautonomie und war Spitzenreiter der UMP-Liste bei den Regionalwahlen 2010 in der Region Ile-de-France. Von 2011 bis 2012 war sie Ministerin f\u00fcr Haushalt, \u00f6ffentliche Finanzen und Staatsreform sowie Regierungssprecherin. Im Dezember 2014 wurde sie zur Koordinatorin der Regionalwahlen 2015 ernannt und war Listenf\u00fchrerin der Partei Les R\u00e9publicains f\u00fcr die Region Ile-de-France, die sie im zweiten Wahlgang gegen den sozialistischen Kandidaten Claude Bartolone gewann.<\/p>\n\n\n\n<p>Er war von 2002 bis 2015 Mitglied der Union for a Popular Movement (UMP) und der Republikaner (LR) bis zum 5. Juni 2019, als er nach dem Scheitern der Europawahlen seinen Austritt aus der Partei bekannt gab. (8,5%-Stimmen) und der R\u00fccktritt von Laurent Wauquiez. P\u00e9cresse \u00e4u\u00dferte daraufhin seinen Wunsch: \u201e&nbsp;&nbsp;<em>Wiederaufbau der Rechten, vom Aussterben bedroht<\/em>&nbsp;\u201eaber von\u201c&nbsp;<em>das \u00c4u\u00dfere<\/em>&nbsp;\u201c, f\u00fchrt seine eigene&nbsp;<em>Lasst uns Freiz\u00fcgigkeit sein<\/em>&nbsp;!.<\/p>\n\n\n\n<h3 class=\"wp-block-heading\"><span id=\"candidat-aux-elections-presidentielles-de-2022\">Kandidat f\u00fcr die Pr\u00e4sidentschaftswahlen 2022<\/span><\/h3>\n\n\n\n<p>Am 22. Juli 2021 k\u00fcndigte Val\u00e9rie P\u00e9cresse ihre Kandidatur f\u00fcr die rechten Vorwahlen im Hinblick auf die Pr\u00e4sidentschaftswahl 2022 an und erkl\u00e4rte, sie wolle \u201eden franz\u00f6sischen Stolz wiederherstellen\u201c und \u201eOrdnung nach Frankreich bringen\u201c. Als Kandidatin f\u00fcr den Republikanischen Kongress mit dem Ziel, den Pr\u00e4sidentschaftskandidaten der Partei zu nominieren, nahm sie im Oktober 2021 ihren Parteiausweis wieder auf. Am 2. Dezember belegte er in der ersten Runde der Vorwahlen des Kongresses mit 25 % den zweiten Platz, weniger als einen Punkt hinter Eric Ciotti (25,59 %). Nachdem die Ergebnisse der ersten Runde vor der zweiten Runde bekannt gegeben wurden, erhielt sie die Unterst\u00fctzung von Xavier Bertrand, Michel Barnier und Philippe Juvin. In der zweiten Runde am 4. Dezember 2021 wurde sie als Kandidatin f\u00fcr die Franzosenwahl 2022 gew\u00e4hlt Pr\u00e4sidentschaftswahl durch die Republikanische Partei, mit 61% gegen 39%, produziert von Eric Ciotti.<\/p>\n\n\n\n<h2 class=\"wp-block-heading\"><span id=\"positions-politiques\">Politische Positionen<\/span><\/h2>\n\n\n\n<p>Als Bef\u00fcrworter des Wirtschaftsliberalismus erkl\u00e4rte er im August 2021, dass dieser \u201ezwei Drittel Merkel, ein Drittel Thatcher\u201c sei.<\/p>\n\n\n\n<p>Da die Pr\u00e4sidentschaftswahlen 2022 n\u00e4her r\u00fcckten, versprach er, die \u00f6ffentlichen Ausgaben und Steuern durch vier gro\u00dfe Reformen zu senken: den Abbau von 150.000 Arbeitspl\u00e4tzen in der \u00f6ffentlichen Verwaltung, den \u00dcbergang in den Ruhestand mit 65 Jahren, die K\u00fcrzung des Arbeitslosengeldes und die Trennung vom Staat. von konkurrierenden Unternehmen, deren Minderheitsaktion\u00e4r sie ist.<\/p>\n\n\n\n<p>Als Gegnerin des Gesetzentwurfs zur gleichgeschlechtlichen Ehe in Frankreich nahm sie zwischen 2012 und 2013 an verschiedenen Demonstrationen gegen gleichgeschlechtliche Ehe und gleichgeschlechtliche Elternschaft teil, insbesondere unter der Leitung von La Manif pour tous. HAT<\/p>\n\n\n\n<p>Im Jahr 2021 pl\u00e4dierte er f\u00fcr einen restriktiveren Umgang mit der Einwanderungsfrage und nannte sie \u201eeine gro\u00dfe Herausforderung f\u00fcr die Gesellschaft\u201c. Sie schl\u00e4gt insbesondere die Festlegung maximaler j\u00e4hrlicher Einwanderungsobergrenzen und strengere Bedingungen f\u00fcr die Erteilung einer Aufenthaltserlaubnis vor, wie etwa \u201eausreichende Mittel\u201c (deren Betrag sich um 25 % erh\u00f6hen w\u00fcrde), \u201eKenntnisse der franz\u00f6sischen Sprache\u201c usw \u201eRespekt vor dem S\u00e4kularismus und den Werten der Republik.\u201c Schlie\u00dflich m\u00f6chten Sie Personen, die seit weniger als f\u00fcnf Jahren in Frankreich wohnen, von der Sozialhilfe ausschlie\u00dfen.<\/p>\n\n\n\n<p><\/p>\n\n\n\n<p><\/p>\n<div id=\"toc_container\" class=\"no_bullets\"><p class=\"toc_title\">Inhaltsverzeichnis<\/p><ul class=\"toc_list\"><li><\/li><li><\/li><li><ul><li><\/li><\/ul><\/li><li><\/li><\/ul><\/div>","protected":false},"excerpt":{"rendered":"<p>Cote et pronostics pour la candidate UMP Val\u00e9rie P\u00e9cresse :Paris en ligne sur la politique et la future pr\u00e9sidente de la France de 2022 Les \u00e9lections pr\u00e9sidentielles de 2022 sont d\u00e9j\u00e0 sous le feu des projecteurs. Il s&#8217;agira d&#8217;un test pour la &#8220;nouvelle normalit\u00e9&#8221;. Les Fran\u00e7ais n&#8217;ont pas encore eu l&#8217;occasion de voter depuis le &#8230;<\/p>","protected":false},"author":1,"featured_media":0,"parent":0,"menu_order":0,"comment_status":"closed","ping_status":"closed","template":"page-nosidebar.php","meta":{"footnotes":""},"yoast_head":"<!-- This site is optimized with the Yoast SEO Premium plugin v21.0 (Yoast SEO v21.0) - https:\/\/yoast.com\/wordpress\/plugins\/seo\/ -->\n<title>Parier sur l\u2019\u00e9lection de Val\u00e9rie P\u00e9cresse - Finale Coupe du Monde FIFA<\/title>\n<meta name=\"description\" content=\"Pariez sur P\u00e9cresse pour l&#039;\u00e9lection 2022 : Cliquez Ici et Gagnez Gros! Pronostics ,Comparaison des Bookmakers et des meilleurs Cotes.\" \/>\n<meta name=\"robots\" content=\"index, follow, max-snippet:-1, max-image-preview:large, max-video-preview:-1\" \/>\n<link rel=\"canonical\" href=\"https:\/\/parier-presidentielle.com\/de\/valerie-pecresse-wahl\/\" \/>\n<meta property=\"og:locale\" content=\"de_DE\" \/>\n<meta property=\"og:type\" content=\"article\" \/>\n<meta property=\"og:title\" content=\"Parier sur l\u2019\u00e9lection de Val\u00e9rie P\u00e9cresse\" \/>\n<meta property=\"og:description\" content=\"Pariez sur P\u00e9cresse pour l&#039;\u00e9lection 2022 : Cliquez Ici et Gagnez Gros! Pronostics ,Comparaison des Bookmakers et des meilleurs Cotes.\" \/>\n<meta property=\"og:url\" content=\"https:\/\/parier-presidentielle.com\/de\/valerie-pecresse-wahl\/\" \/>\n<meta property=\"og:site_name\" content=\"Parier Pr\u00e9sidentielle\" \/>\n<meta property=\"article:modified_time\" content=\"2022-04-24T07:32:12+00:00\" \/>\n<meta property=\"og:image\" content=\"https:\/\/parier-presidentielle.com\/wp-content\/uploads\/2022\/01\/valerie-pecresse-1024x512.jpeg\" \/>\n<meta name=\"twitter:card\" content=\"summary_large_image\" \/>\n<meta name=\"twitter:label1\" content=\"Gesch\u00e4tzte Lesezeit\" \/>\n\t<meta name=\"twitter:data1\" content=\"5 Minuten\" \/>\n<script type=\"application\/ld+json\" class=\"yoast-schema-graph\">{\"@context\":\"https:\/\/schema.org\",\"@graph\":[{\"@type\":\"WebPage\",\"@id\":\"https:\/\/parier-presidentielle.com\/valerie-pecresse-election\/\",\"url\":\"https:\/\/parier-presidentielle.com\/valerie-pecresse-election\/\",\"name\":\"Parier sur l\u2019\u00e9lection de Val\u00e9rie P\u00e9cresse - Finale Coupe du Monde FIFA\",\"isPartOf\":{\"@id\":\"https:\/\/parier-presidentielle.com\/#website\"},\"datePublished\":\"2022-01-11T21:54:26+00:00\",\"dateModified\":\"2022-04-24T07:32:12+00:00\",\"description\":\"Pariez sur P\u00e9cresse pour l'\u00e9lection 2022 : Cliquez Ici et Gagnez Gros! Pronostics ,Comparaison des Bookmakers et des meilleurs Cotes.\",\"breadcrumb\":{\"@id\":\"https:\/\/parier-presidentielle.com\/valerie-pecresse-election\/#breadcrumb\"},\"inLanguage\":\"de-DE\",\"potentialAction\":[{\"@type\":\"ReadAction\",\"target\":[\"https:\/\/parier-presidentielle.com\/valerie-pecresse-election\/\"]}]},{\"@type\":\"BreadcrumbList\",\"@id\":\"https:\/\/parier-presidentielle.com\/valerie-pecresse-election\/#breadcrumb\",\"itemListElement\":[{\"@type\":\"ListItem\",\"position\":1,\"name\":\"Accueil\",\"item\":\"https:\/\/parier-presidentielle.com\/\"},{\"@type\":\"ListItem\",\"position\":2,\"name\":\"Parier sur l\u2019\u00e9lection de Val\u00e9rie P\u00e9cresse\"}]},{\"@type\":\"WebSite\",\"@id\":\"https:\/\/parier-presidentielle.com\/#website\",\"url\":\"https:\/\/parier-presidentielle.com\/\",\"name\":\"Parier Pr\u00e9sidentielle\",\"description\":\"Paris, Pronostics, Wiki sur la Politique, les Elections Am\u00e9ricaines: Joe Biden, Donald Trump avec les Bookmakers en ligne Unibet, Bwin, Betclic, Winamax\",\"potentialAction\":[{\"@type\":\"SearchAction\",\"target\":{\"@type\":\"EntryPoint\",\"urlTemplate\":\"https:\/\/parier-presidentielle.com\/?s={search_term_string}\"},\"query-input\":\"required name=search_term_string\"}],\"inLanguage\":\"de-DE\"}]}<\/script>\n<!-- \/ Yoast SEO Premium plugin. -->","yoast_head_json":{"title":"Parier sur l\u2019\u00e9lection de Val\u00e9rie P\u00e9cresse - Finale Coupe du Monde FIFA","description":"Pariez sur P\u00e9cresse pour l'\u00e9lection 2022 : Cliquez Ici et Gagnez Gros! Pronostics ,Comparaison des Bookmakers et des meilleurs Cotes.","robots":{"index":"index","follow":"follow","max-snippet":"max-snippet:-1","max-image-preview":"max-image-preview:large","max-video-preview":"max-video-preview:-1"},"canonical":"https:\/\/parier-presidentielle.com\/de\/valerie-pecresse-wahl\/","og_locale":"de_DE","og_type":"article","og_title":"Parier sur l\u2019\u00e9lection de Val\u00e9rie P\u00e9cresse","og_description":"Pariez sur P\u00e9cresse pour l'\u00e9lection 2022 : Cliquez Ici et Gagnez Gros! Pronostics ,Comparaison des Bookmakers et des meilleurs Cotes.","og_url":"https:\/\/parier-presidentielle.com\/de\/valerie-pecresse-wahl\/","og_site_name":"Parier Pr\u00e9sidentielle","article_modified_time":"2022-04-24T07:32:12+00:00","og_image":[{"url":"https:\/\/parier-presidentielle.com\/wp-content\/uploads\/2022\/01\/valerie-pecresse-1024x512.jpeg"}],"twitter_card":"summary_large_image","twitter_misc":{"Gesch\u00e4tzte Lesezeit":"5 Minuten"},"schema":{"@context":"https:\/\/schema.org","@graph":[{"@type":"WebPage","@id":"https:\/\/parier-presidentielle.com\/valerie-pecresse-election\/","url":"https:\/\/parier-presidentielle.com\/valerie-pecresse-election\/","name":"Parier sur l\u2019\u00e9lection de Val\u00e9rie P\u00e9cresse - Finale Coupe du Monde FIFA","isPartOf":{"@id":"https:\/\/parier-presidentielle.com\/#website"},"datePublished":"2022-01-11T21:54:26+00:00","dateModified":"2022-04-24T07:32:12+00:00","description":"Pariez sur P\u00e9cresse pour l'\u00e9lection 2022 : Cliquez Ici et Gagnez Gros! Pronostics ,Comparaison des Bookmakers et des meilleurs Cotes.","breadcrumb":{"@id":"https:\/\/parier-presidentielle.com\/valerie-pecresse-election\/#breadcrumb"},"inLanguage":"de-DE","potentialAction":[{"@type":"ReadAction","target":["https:\/\/parier-presidentielle.com\/valerie-pecresse-election\/"]}]},{"@type":"BreadcrumbList","@id":"https:\/\/parier-presidentielle.com\/valerie-pecresse-election\/#breadcrumb","itemListElement":[{"@type":"ListItem","position":1,"name":"Accueil","item":"https:\/\/parier-presidentielle.com\/"},{"@type":"ListItem","position":2,"name":"Parier sur l\u2019\u00e9lection de Val\u00e9rie P\u00e9cresse"}]},{"@type":"WebSite","@id":"https:\/\/parier-presidentielle.com\/#website","url":"https:\/\/parier-presidentielle.com\/","name":"Parier Pr\u00e9sidentielle","description":"Paris, Pronostics, Wiki sur la Politique, les Elections Am\u00e9ricaines: Joe Biden, Donald Trump avec les Bookmakers en ligne Unibet, Bwin, Betclic, Winamax","potentialAction":[{"@type":"SearchAction","target":{"@type":"EntryPoint","urlTemplate":"https:\/\/parier-presidentielle.com\/?s={search_term_string}"},"query-input":"required name=search_term_string"}],"inLanguage":"de-DE"}]}},"_links":{"self":[{"href":"https:\/\/parier-presidentielle.com\/de\/wp-json\/wp\/v2\/pages\/422"}],"collection":[{"href":"https:\/\/parier-presidentielle.com\/de\/wp-json\/wp\/v2\/pages"}],"about":[{"href":"https:\/\/parier-presidentielle.com\/de\/wp-json\/wp\/v2\/types\/page"}],"author":[{"embeddable":true,"href":"https:\/\/parier-presidentielle.com\/de\/wp-json\/wp\/v2\/users\/1"}],"replies":[{"embeddable":true,"href":"https:\/\/parier-presidentielle.com\/de\/wp-json\/wp\/v2\/comments?post=422"}],"version-history":[{"count":7,"href":"https:\/\/parier-presidentielle.com\/de\/wp-json\/wp\/v2\/pages\/422\/revisions"}],"predecessor-version":[{"id":1598,"href":"https:\/\/parier-presidentielle.com\/de\/wp-json\/wp\/v2\/pages\/422\/revisions\/1598"}],"wp:attachment":[{"href":"https:\/\/parier-presidentielle.com\/de\/wp-json\/wp\/v2\/media?parent=422"}],"curies":[{"name":"wp","href":"https:\/\/api.w.org\/{rel}","templated":true}]}}