{"id":525,"date":"2022-02-17T17:17:02","date_gmt":"2022-02-17T16:17:02","guid":{"rendered":"https:\/\/parier-presidentielle.com\/?page_id=525"},"modified":"2022-04-12T00:47:22","modified_gmt":"2022-04-11T22:47:22","slug":"1xbit-politique","status":"publish","type":"page","link":"https:\/\/parier-presidentielle.com\/de\/1xbit-richtlinie\/","title":{"rendered":"1xBit: Auf Politik in Bitcoin wetten"},"content":{"rendered":"<h2 class=\"wp-block-heading\"><span id=\"1xbit-analyse-du-nouveaux-bookmaker-specialise-en-bitcoin\">1xbit: Analyse des neuen auf Bitcoin spezialisierten Buchmachers<\/span><\/h2>\n\n\n\n<p>1xBit ist in der Tat die innovativste Sportwetten-\/Gaming-Website auf der internationalen Szene <strong>Es ist das einzige, das Ein- und Auszahlungen ausschlie\u00dflich \u00fcber Kryptow\u00e4hrungen erlaubt<\/strong>, es ist definitiv eine Neuheit, die die Welt des Online-Gamings ersch\u00fcttert hat. <br>Aufgrund dieser Zahlungsmethode ben\u00f6tigt die Plattform keine spezielle Lizenz, um auf dem Markt t\u00e4tig zu sein. Da der Buchmacher jedoch zur Gruppe \u201e1X Corp NV\u201c geh\u00f6rt, gilt er als sicher und gesch\u00fctzt. Als Inhaber der ber\u00fchmtesten Website 1xBet mit einer internationalen Lizenz nach dem Recht von Curacao und Tausenden von Wettzentren in ganz Europa hat er in den letzten Jahren dank des Sponsorings einiger Weltklasse-Fu\u00dfballmannschaften auch einen betr\u00e4chtlichen Platz erschlossen.<\/p>\n\n\n\n<div class=\"wp-block-image\"><figure class=\"aligncenter size-large is-resized\"><img decoding=\"async\" loading=\"lazy\" src=\"https:\/\/parier-presidentielle.com\/wp-content\/uploads\/2022\/04\/1xBit-pour-parier-sur-la-politique-en-bitcoin-1024x546.jpg\" alt=\"1xbit, um in Bitcoin auf Politik zu wetten\" class=\"wp-image-1223\" width=\"768\" height=\"410\" srcset=\"https:\/\/parier-presidentielle.com\/wp-content\/uploads\/2022\/04\/1xBit-pour-parier-sur-la-politique-en-bitcoin-1024x546.jpg 1024w, https:\/\/parier-presidentielle.com\/wp-content\/uploads\/2022\/04\/1xBit-pour-parier-sur-la-politique-en-bitcoin-300x160.jpg 300w, https:\/\/parier-presidentielle.com\/wp-content\/uploads\/2022\/04\/1xBit-pour-parier-sur-la-politique-en-bitcoin-768x410.jpg 768w, https:\/\/parier-presidentielle.com\/wp-content\/uploads\/2022\/04\/1xBit-pour-parier-sur-la-politique-en-bitcoin-1536x819.jpg 1536w, https:\/\/parier-presidentielle.com\/wp-content\/uploads\/2022\/04\/1xBit-pour-parier-sur-la-politique-en-bitcoin-2048x1092.jpg 2048w, https:\/\/parier-presidentielle.com\/wp-content\/uploads\/2022\/04\/1xBit-pour-parier-sur-la-politique-en-bitcoin-18x10.jpg 18w\" sizes=\"(max-width: 768px) 100vw, 768px\" \/><\/figure><\/div>\n\n\n\n<p>Um auf 1xBit zur\u00fcckzukommen: Wenn es um Sportwetten geht, ist 1xBit f\u00fcr viele Wettende die erste Wahl, da es eine gro\u00dfe Auswahl an Wettarten mit weit \u00fcberdurchschnittlichen Quoten bietet und auch einen hervorragenden Bereich speziell f\u00fcr Live-Events bietet. Sehr einfach zu bedienen, auch diejenigen, die sich mit Sport nicht so gut auskennen, k\u00f6nnen die Emotionen sp\u00fcren, dank des st\u00e4ndig aktualisierten Statistikdienstes, Spielvorschl\u00e4gen und der M\u00f6glichkeit, in Echtzeit mit anderen Spielern zu chatten. Andere Spieler, wenn sie verbunden sind zum Ort. All diese Innovationen machen es zu einer der besten Wettseiten. Mit 1xBit k\u00f6nnen Sie auch viele Live-Events verfolgen, Sie m\u00fcssen lediglich Geld auf Ihrem Spielkonto haben!<\/p>\n\n\n\n<h2 class=\"wp-block-heading\"><span id=\"comment-s8217inscrire-sur-1xbit-et-parier-sur-la-presidentielle\">So registrieren Sie sich bei 1xbit und wetten auf die Pr\u00e4sidentschaftswahl<\/span><\/h2>\n\n\n\n<p>Ein weiteres neues Feature, das sicherlich viele Spieler anlocken wird, ist die Registrierung <strong>sehr schnell und v\u00f6llig anonym<\/strong> Auf der Website erfolgt die Einzahlung tats\u00e4chlich nur in Kryptow\u00e4hrungen, ohne \u00dcbermittlung von Dokumenten und pers\u00f6nlichen Daten, sondern nur mit einer E-Mail- oder Handynummer. Um sich in K\u00fcrze zu registrieren, wird der Einzahlungsvorgang v\u00f6llig anonym sein und die Privatsph\u00e4re des Kunden vollst\u00e4ndig respektieren.<\/p>\n\n\n\n<h2 class=\"wp-block-heading\"><span id=\"bonus-de-bienvenue\">Willkommensbonus<\/span><\/h2>\n\n\n\n<p>Wie alle anderen Wettseiten bietet 1xBit Neukunden einen Willkommensbonus von bis zu 100% von 7 BTC auf die erste Einzahlung. Der angebotene Willkommensbonus gilt sowohl f\u00fcr Sportwetten als auch f\u00fcr das Politik-Casino. Um diese Aktion optimal nutzen zu k\u00f6nnen, empfehlen wir Ihnen, nach der Registrierung die Allgemeinen Gesch\u00e4ftsbedingungen zu lesen.<\/p>\n\n\n\n<p>Hier sind die wichtigsten Punkte erkl\u00e4rt von unserem Team:<\/p>\n\n\n\n<p><\/p>\n\n\n\n<p>Um zu wetten und den Bonus zu erhalten, muss die Wette eine Quote von 1,60 haben, keine Casinospiele und 1xbit, einfach einen beliebigen Betrag setzen.<\/p>\n\n\n\n<p><\/p>\n\n\n\n<p>Wetten Sie auf Politik, aber auch auf das Casino: Spiele, Spielautomaten\u2026<\/p>\n\n\n\n<p>Der Sportkalender beschr\u00e4nkt sich nicht nur auf die Welt des Fu\u00dfballs, sondern erm\u00f6glicht Ihnen auch das Wetten auf viele andere Sportarten und verf\u00fcgt au\u00dferdem \u00fcber einen Bereich f\u00fcr virtuelle Wetten und einen Bereich f\u00fcr E-Sport, sodass Sie von Paris aus aus einer weiten Welt w\u00e4hlen k\u00f6nnen.<\/p>\n\n\n\n<p>Es gibt auch den Casino-Bereich, in dem Sie unz\u00e4hlige Spiele, darunter fantastische Slots, sowie fantastische Jackpots und Boni finden.<\/p>\n\n\n\n<p>Was den Wett- oder Sportbereich betrifft, bietet 1xbit traditionelle Plattformen an (sehr \u00e4hnlich zu Melbet, 1xbet und 22Bet). Allerdings ist das Spielerlebnis sehr angenehm und man findet in der Seitenleiste in der Mitte der Spieleliste die Sportliste mit Quoten und Wettarten.<\/p>\n\n\n\n<p><strong>Eine der St\u00e4rken dieses Buchmachers ist der Zeitplan, die Tatsache, dass 1xBit riesige Quoten bietet,<\/strong> Seien es lokale Turniere oder internationale Sportveranstaltungen, sie sind nicht einmal wettbewerbsf\u00e4hig, aber im Vergleich zu den Wettbewerben hoch.<\/p>\n\n\n\n<p>Ein weiterer bereits erw\u00e4hnter Punkt ist die Seite 1xbit Sport, die interessante Optionen bietet wie:<\/p>\n\n\n\n<p>Ereignisse oder Turniere des Tages: 1xbit w\u00e4hlt die wichtigsten Ereignisse des Tages aus und l\u00e4dt seine Kunden ein, Wetten zu platzieren, im Gegenzug bietet es jeden Tag eine andere Aktion an. (Der Mindesteinsatz betr\u00e4gt 2 Mbt).<\/p>\n\n\n\n<p>Wetten Sie auf Ihre Nationalmannschaft: 1xbet nutzt Ihre IP-Adresse, um Ihnen die Sportarten Ihres Landes bzw. der Nationalmannschaft auf der Homepage aller unterst\u00fctzten Sportarten wie Fu\u00dfball, Tennis, Golf oder anderer Wettbewerbe anzuzeigen.<\/p>\n\n\n\n<p>Auf die besten Turniere wetten: Diese Option ist sehr n\u00fctzlich, sie zeigt mit einem Klick das beste Ligaspiel des Tages mit den h\u00f6chsten Quoten an.<\/p>\n\n\n\n<p>Wetten auf Politik: Dies ist wahrscheinlich einer der wenigen Buchmacher im Internet, der diese Art von Spiel anbietet und verschiedene Wettoptionen f\u00fcr die politische Situation in allen L\u00e4ndern der Welt anbietet. Wetten Sie darauf, wer der neue franz\u00f6sische oder amerikanische Pr\u00e4sident wird<\/p>\n\n\n\n<p><\/p>\n\n\n\n<h2 class=\"wp-block-heading\"><span id=\"service-clients\">Kundendienst <\/span><\/h2>\n\n\n\n<p><br>Die Website ist f\u00fcr ihre Kunden vollst\u00e4ndig verf\u00fcgbar und bietet daher rund um die Uhr Support per Live-Chat oder E-Mail. Boni werden sehr schnell ausgezahlt, sp\u00e4testens 30 Minuten nach Ende der Wette. Die verf\u00fcgbaren Methoden sind: Live-Chat, E-Mail und Telefonnummern sowie Support \u00fcber soziale Netzwerke (1xBit auf Twitter, 1xBit auf Instagram, 1xBit auf dem YouTube-Kanal, 1xBit auf Telegram).<\/p>\n\n\n\n<p>Dar\u00fcber hinaus bietet 1xbit auch einen Unternehmensblog an, der Sie mit interessanten Neuigkeiten und Bonusinformationen versorgt.<\/p>\n\n\n\n<h2 class=\"wp-block-heading\"><span id=\"conclusion-sur-le-bookmaker-1xbit\">Fazit zum 1xbit Buchmacher<\/span><\/h2>\n\n\n\n<p>Diese Seite ist originell! Wenn Sie eine Website besuchen m\u00f6chten, auf der Sie auf fast viele Sportarten oder andere Arten von Spielen wetten k\u00f6nnen, ist dieser Buchmacher genau das Richtige f\u00fcr Sie. 1xBit.com hat unsere Erwartungen erf\u00fcllt und unser Team hat beschlossen, ihm 5 Sterne zu geben, weil es ein hervorragendes Spielerlebnis bietet. Vergessen wir auch nicht den Casino-Bereich, er ist sehr gut gemacht, er bietet mehr als 3.000 Spielautomaten, Spielautomaten und viele Karten Spiele. Der einzige Fehler, den wir fanden, war, dass sie keine Kreditkarten und Online-Bank\u00fcberweisungen akzeptieren.<\/p>\n\n\n\n<h3 class=\"wp-block-heading\"><span id=\"en-resume\"><br><strong>Zusammenfassend<\/strong><\/span><\/h3>\n\n\n\n<p>Vorteil<\/p>\n\n\n\n<ul><li>Die einzige Sportwettenseite, die Bitcoins akzeptiert<\/li><li>Live-Spiele und jede Menge Spielautomaten.<\/li><li>Gro\u00dfe Aktionen und Boni<\/li><li>Kostenlose Ein- und Auszahlungen<\/li><\/ul>\n\n\n\n<p><br>Fehler<\/p>\n\n\n\n<ul><li>Es gibt keine anderen Bankoptionen als Kryptow\u00e4hrungen.<\/li><li>Die Website ben\u00f6tigt einige ergonomische \u00c4nderungen<\/li><\/ul>\n\n\n\n<p class=\"has-text-align-center unibet\" style=\"font-size:25px\"><mark style=\"background-color:rgba(0, 0, 0, 0);color:#0d7a12\" class=\"has-inline-color\"><strong><a href=\"https:\/\/parier-presidentielle.com\/de\/recommends\/unibet\/\">150 \u20ac Bonus, der bei Unibet angeboten wird<br>F\u00fcr Ihre 1. politische oder sportliche Wette: Klicken Sie hier<\/a><\/strong><\/mark><\/p>\n\n\n\n<p><\/p>\n\n\n<div class=\"wp-block-image\">\n<figure class=\"aligncenter is-resized wp-duotone-000097-ff4747-1\"><img decoding=\"async\" loading=\"lazy\" src=\"https:\/\/parier-presidentielle.com\/wp-content\/uploads\/2021\/09\/election-standard-scale-4_00x-gigapixel-1024x623.jpg\" alt=\"Wahl 2022\" style=\"width:256px;height:156px\" width=\"256\" height=\"156\"\/><\/figure><\/div>\n\n\n<p><br><\/p>\n\n\n\n<p><strong>Parier-presidentielle hilft Ihnen, Ihre Wahl zwischen den verschiedenen zu treffen<a href=\"https:\/\/parier-presidentielle.com\/de\/\"> Die Buchmacher Bwin, Unibet und Betclic setzen 2024 auf den zuk\u00fcnftigen amerikanischen Pr\u00e4sidenten<\/a> : <\/strong><br><a href=\"https:\/\/parier-presidentielle.com\/de\/unibet-policy-wahl-2022\/\">Unibet Presidential Buchmacher<\/a> : Detaillierter und kostenloser Leitfaden, um Ihre 1. Wette online mit allen Quoten abzuschlie\u00dfen und wie Sie den angebotenen Bonus nutzen k\u00f6nnen!<\/p>\n\n\n\n<p>Sowie die anderen Online-Wettseiten: <a href=\"https:\/\/parier-presidentielle.com\/de\/unibet-policy-wahl-2022\/\">Bwin<\/a>, <a href=\"https:\/\/parier-presidentielle.com\/de\/netbet-paris-politik-wahl-2022\/\">NetBet<\/a>, <a href=\"https:\/\/parier-presidentielle.com\/de\/betclic-prasidentschafts-2022\/\">Betclic<\/a>, <a href=\"https:\/\/parier-presidentielle.com\/de\/winamax-politikwahl-2022\/\">Winamax<\/a>, Parions Sport, Zebet, Betway, France-Pari, Vbet, Cloudbet, 1Xbit, 1xbet, Betfair, Betwinner\u2026<\/p>\n\n\n\n<div class=\"wp-block-columns is-layout-flex wp-container-6 wp-block-columns-is-layout-flex\">\n<div class=\"wp-block-column is-layout-flow wp-block-column-is-layout-flow\" style=\"flex-basis:33.33%\">\n<p>Sie haben gerade unsere Datei gelesen:<\/p>\n<\/div>\n\n\n\n<div class=\"wp-block-column is-layout-flow wp-block-column-is-layout-flow\" style=\"flex-basis:33.33%\">\n<div class=\"wp-block-group is-layout-flow wp-block-group-is-layout-flow\"><div class=\"wp-block-group__inner-container\"><h4 class=\"has-text-align-center wp-block-post-title\"><span id=\"1xbit-pour-parier-sur-la-politique-en-bitcoin\"><a href=\"https:\/\/parier-presidentielle.com\/de\/1xbit-richtlinie\/\" target=\"_self\" >1xBit: Auf Politik in Bitcoin wetten<\/a><\/span><\/h4><\/div><\/div>\n<\/div>\n\n\n\n<div class=\"wp-block-column is-layout-flow wp-block-column-is-layout-flow\" style=\"flex-basis:33.33%\">\n<p class=\"has-text-align-right\">Lesen Sie weiter mit unseren anderen exklusiven Dateien,<\/p>\n<\/div>\n<\/div>\n\n\n\n<h3 class=\"wp-block-heading\" id=\"tous-les-pronostics-sondage-et-cotes-pour-parier-sur-le-futur-vainqueur-de-l-election-presidentielle-2022\"><span id=\"tous-les-pronostics-sondage-et-cotes-pour-parier-sur-le-futur-vainqueur-de-l8217election-presidentielle-2024\">Alle Vorhersagen, Umfragen und Quoten, um auf den zuk\u00fcnftigen Gewinner der Pr\u00e4sidentschaftswahl 2024 zu wetten:<\/span><\/h3>\n\n\n\n<ul>\n<li><a href=\"https:\/\/parier-presidentielle.com\/de\/macron-wahl\/\">Setzen Sie auf Emmanuel Macron mit Unibet, Betclic, Bwin<\/a> : Der Favorit von Umfragen und Vorhersagen <\/li>\n\n\n\n<li><a href=\"https:\/\/parier-presidentielle.com\/de\/marine-le-pen-wahl\/\">Marine Le Pen: Ihre Quoten und wie man bei Buchmachern wetten kann<\/a>: Der Herausforderer laut Unibet<\/li>\n<\/ul>\n\n\n\n<p><\/p>\n\n\n\n<center><script type=\"text\/javascript\" charset=\"utf-8\" src=\"https:\/\/www.gambling-affiliation.com\/cpm\/v=AmIMTDSs92QY6b0MzDMvM5laCjJ-ZlA-1oQ-7tKsi.w_GA7331V2\"><\/script><\/center>\n\n\n\n<h3 class=\"wp-block-heading\"><span id=\"donald-trump-vs-joe-biden-la-video-qui-lance-les-paris-en-ligne-sur-l8217election-politique-de-2024\">Donald Trump gegen Joe Biden: Das Video, das Online-Wetten auf die politischen Wahlen 2024 startet<\/span><\/h3>\n\n\n\n<figure class=\"wp-block-embed is-type-video is-provider-youtube wp-block-embed-youtube wp-embed-aspect-16-9 wp-has-aspect-ratio\"><div class=\"wp-block-embed__wrapper\">\n<iframe loading=\"lazy\" title=\"Der fr\u00fchere Pr\u00e4sident Donald Trump startet 2024 das Angebot des Wei\u00dfen Hauses #Short\" width=\"640\" height=\"360\" src=\"https:\/\/www.youtube.com\/embed\/hZykPRVe4Ag?feature=oembed\" frameborder=\"0\" allow=\"accelerometer; autoplay; clipboard-write; encrypted-media; gyroscope; picture-in-picture; web-share\" allowfullscreen><\/iframe>\n<\/div><\/figure>\n\n\n<div class=\"wp-block-image\">\n<figure class=\"aligncenter size-medium\"><a href=\"https:\/\/parier-presidentielle.com\/de\/recommends\/unibet\/\" target=\"_blank\" rel=\"noopener\"><img decoding=\"async\" loading=\"lazy\" width=\"300\" height=\"169\" src=\"https:\/\/parier-presidentielle.com\/wp-content\/uploads\/2022\/04\/unibet-300x169.jpg\" alt=\"\" class=\"wp-image-1252\" srcset=\"https:\/\/parier-presidentielle.com\/wp-content\/uploads\/2022\/04\/unibet-300x169.jpg 300w, https:\/\/parier-presidentielle.com\/wp-content\/uploads\/2022\/04\/unibet-1024x576.jpg 1024w, https:\/\/parier-presidentielle.com\/wp-content\/uploads\/2022\/04\/unibet-768x432.jpg 768w, https:\/\/parier-presidentielle.com\/wp-content\/uploads\/2022\/04\/unibet-18x10.jpg 18w, https:\/\/parier-presidentielle.com\/wp-content\/uploads\/2022\/04\/unibet.jpg 1280w\" sizes=\"(max-width: 300px) 100vw, 300px\" \/><\/a><\/figure><\/div>\n\n\n<p>Finden Sie im Wiki die wichtigsten politischen Nachrichten zu Cannabis und seinen legalen Derivaten: <strong>HHC, H4cbd, Thcp, Thcv, HSD, HHCPO, C4B<\/strong><\/p>\n<div id=\"toc_container\" class=\"no_bullets\"><p class=\"toc_title\">Inhaltsverzeichnis<\/p><ul class=\"toc_list\"><li><\/li><li><\/li><li><\/li><li><\/li><li><ul><li><ul><li><\/li><\/ul><\/li><li><\/li><li><\/li><\/ul><\/li><\/ul><\/div>","protected":false},"excerpt":{"rendered":"<p>1xbit : Analyse du nouveaux bookmaker sp\u00e9cialis\u00e9 en Bitcoin 1xBit est le site de Paris Sportifs\/Jeu le plus innovant sur la sc\u00e8ne internationale, en fait c&#8217;est le seul qui n&#8217;autorise que les d\u00e9p\u00f4ts et les retraits via des crypto-monnaies, c&#8217;est d\u00e9finitivement une nouveaut\u00e9 qui a secou\u00e9 le monde du jeu en ligne. En raison de &#8230;<\/p>","protected":false},"author":1,"featured_media":0,"parent":0,"menu_order":0,"comment_status":"closed","ping_status":"closed","template":"page-nosidebar.php","meta":{"footnotes":""},"yoast_head":"<!-- This site is optimized with the Yoast SEO Premium plugin v21.0 (Yoast SEO v21.0) - https:\/\/yoast.com\/wordpress\/plugins\/seo\/ -->\n<title>1xBit : Pour parier sur la Politique en Bitcoin - Finale Coupe du Monde FIFA<\/title>\n<meta name=\"description\" content=\"Parier avec 1xBit : 7 BTC offert pour votre 1er Pari sur la Politique, le Sport! Guide du Bookmaker pour profiter du Bonus de bienvenue...\" \/>\n<meta name=\"robots\" content=\"index, follow, max-snippet:-1, max-image-preview:large, max-video-preview:-1\" \/>\n<link rel=\"canonical\" href=\"https:\/\/parier-presidentielle.com\/de\/1xbit-richtlinie\/\" \/>\n<meta property=\"og:locale\" content=\"de_DE\" \/>\n<meta property=\"og:type\" content=\"article\" \/>\n<meta property=\"og:title\" content=\"1xBit : Pour parier sur la Politique en Bitcoin\" \/>\n<meta property=\"og:description\" content=\"Parier avec 1xBit : 7 BTC offert pour votre 1er Pari sur la Politique, le Sport! Guide du Bookmaker pour profiter du Bonus de bienvenue...\" \/>\n<meta property=\"og:url\" content=\"https:\/\/parier-presidentielle.com\/de\/1xbit-richtlinie\/\" \/>\n<meta property=\"og:site_name\" content=\"Parier Pr\u00e9sidentielle\" \/>\n<meta property=\"article:modified_time\" content=\"2022-04-11T22:47:22+00:00\" \/>\n<meta property=\"og:image\" content=\"https:\/\/parier-presidentielle.com\/wp-content\/uploads\/2022\/04\/1xBit-pour-parier-sur-la-politique-en-bitcoin-1024x546.jpg\" \/>\n<meta name=\"twitter:card\" content=\"summary_large_image\" \/>\n<meta name=\"twitter:label1\" content=\"Gesch\u00e4tzte Lesezeit\" \/>\n\t<meta name=\"twitter:data1\" content=\"6 Minuten\" \/>\n<script type=\"application\/ld+json\" class=\"yoast-schema-graph\">{\"@context\":\"https:\/\/schema.org\",\"@graph\":[{\"@type\":\"WebPage\",\"@id\":\"https:\/\/parier-presidentielle.com\/1xbit-politique\/\",\"url\":\"https:\/\/parier-presidentielle.com\/1xbit-politique\/\",\"name\":\"1xBit : Pour parier sur la Politique en Bitcoin - Finale Coupe du Monde FIFA\",\"isPartOf\":{\"@id\":\"https:\/\/parier-presidentielle.com\/#website\"},\"datePublished\":\"2022-02-17T16:17:02+00:00\",\"dateModified\":\"2022-04-11T22:47:22+00:00\",\"description\":\"Parier avec 1xBit : 7 BTC offert pour votre 1er Pari sur la Politique, le Sport! Guide du Bookmaker pour profiter du Bonus de bienvenue...\",\"breadcrumb\":{\"@id\":\"https:\/\/parier-presidentielle.com\/1xbit-politique\/#breadcrumb\"},\"inLanguage\":\"de-DE\",\"potentialAction\":[{\"@type\":\"ReadAction\",\"target\":[\"https:\/\/parier-presidentielle.com\/1xbit-politique\/\"]}]},{\"@type\":\"BreadcrumbList\",\"@id\":\"https:\/\/parier-presidentielle.com\/1xbit-politique\/#breadcrumb\",\"itemListElement\":[{\"@type\":\"ListItem\",\"position\":1,\"name\":\"Accueil\",\"item\":\"https:\/\/parier-presidentielle.com\/\"},{\"@type\":\"ListItem\",\"position\":2,\"name\":\"1xBit : Pour parier sur la Politique en Bitcoin\"}]},{\"@type\":\"WebSite\",\"@id\":\"https:\/\/parier-presidentielle.com\/#website\",\"url\":\"https:\/\/parier-presidentielle.com\/\",\"name\":\"Parier Pr\u00e9sidentielle\",\"description\":\"Paris, Pronostics, Wiki sur la Politique, les Elections Am\u00e9ricaines: Joe Biden, Donald Trump avec les Bookmakers en ligne Unibet, Bwin, Betclic, Winamax\",\"potentialAction\":[{\"@type\":\"SearchAction\",\"target\":{\"@type\":\"EntryPoint\",\"urlTemplate\":\"https:\/\/parier-presidentielle.com\/?s={search_term_string}\"},\"query-input\":\"required name=search_term_string\"}],\"inLanguage\":\"de-DE\"}]}<\/script>\n<!-- \/ Yoast SEO Premium plugin. -->","yoast_head_json":{"title":"1xBit : Pour parier sur la Politique en Bitcoin - Finale Coupe du Monde FIFA","description":"Parier avec 1xBit : 7 BTC offert pour votre 1er Pari sur la Politique, le Sport! Guide du Bookmaker pour profiter du Bonus de bienvenue...","robots":{"index":"index","follow":"follow","max-snippet":"max-snippet:-1","max-image-preview":"max-image-preview:large","max-video-preview":"max-video-preview:-1"},"canonical":"https:\/\/parier-presidentielle.com\/de\/1xbit-richtlinie\/","og_locale":"de_DE","og_type":"article","og_title":"1xBit : Pour parier sur la Politique en Bitcoin","og_description":"Parier avec 1xBit : 7 BTC offert pour votre 1er Pari sur la Politique, le Sport! Guide du Bookmaker pour profiter du Bonus de bienvenue...","og_url":"https:\/\/parier-presidentielle.com\/de\/1xbit-richtlinie\/","og_site_name":"Parier Pr\u00e9sidentielle","article_modified_time":"2022-04-11T22:47:22+00:00","og_image":[{"url":"https:\/\/parier-presidentielle.com\/wp-content\/uploads\/2022\/04\/1xBit-pour-parier-sur-la-politique-en-bitcoin-1024x546.jpg"}],"twitter_card":"summary_large_image","twitter_misc":{"Gesch\u00e4tzte Lesezeit":"6 Minuten"},"schema":{"@context":"https:\/\/schema.org","@graph":[{"@type":"WebPage","@id":"https:\/\/parier-presidentielle.com\/1xbit-politique\/","url":"https:\/\/parier-presidentielle.com\/1xbit-politique\/","name":"1xBit : Pour parier sur la Politique en Bitcoin - Finale Coupe du Monde FIFA","isPartOf":{"@id":"https:\/\/parier-presidentielle.com\/#website"},"datePublished":"2022-02-17T16:17:02+00:00","dateModified":"2022-04-11T22:47:22+00:00","description":"Parier avec 1xBit : 7 BTC offert pour votre 1er Pari sur la Politique, le Sport! Guide du Bookmaker pour profiter du Bonus de bienvenue...","breadcrumb":{"@id":"https:\/\/parier-presidentielle.com\/1xbit-politique\/#breadcrumb"},"inLanguage":"de-DE","potentialAction":[{"@type":"ReadAction","target":["https:\/\/parier-presidentielle.com\/1xbit-politique\/"]}]},{"@type":"BreadcrumbList","@id":"https:\/\/parier-presidentielle.com\/1xbit-politique\/#breadcrumb","itemListElement":[{"@type":"ListItem","position":1,"name":"Accueil","item":"https:\/\/parier-presidentielle.com\/"},{"@type":"ListItem","position":2,"name":"1xBit : Pour parier sur la Politique en Bitcoin"}]},{"@type":"WebSite","@id":"https:\/\/parier-presidentielle.com\/#website","url":"https:\/\/parier-presidentielle.com\/","name":"Parier Pr\u00e9sidentielle","description":"Paris, Pronostics, Wiki sur la Politique, les Elections Am\u00e9ricaines: Joe Biden, Donald Trump avec les Bookmakers en ligne Unibet, Bwin, Betclic, Winamax","potentialAction":[{"@type":"SearchAction","target":{"@type":"EntryPoint","urlTemplate":"https:\/\/parier-presidentielle.com\/?s={search_term_string}"},"query-input":"required name=search_term_string"}],"inLanguage":"de-DE"}]}},"_links":{"self":[{"href":"https:\/\/parier-presidentielle.com\/de\/wp-json\/wp\/v2\/pages\/525"}],"collection":[{"href":"https:\/\/parier-presidentielle.com\/de\/wp-json\/wp\/v2\/pages"}],"about":[{"href":"https:\/\/parier-presidentielle.com\/de\/wp-json\/wp\/v2\/types\/page"}],"author":[{"embeddable":true,"href":"https:\/\/parier-presidentielle.com\/de\/wp-json\/wp\/v2\/users\/1"}],"replies":[{"embeddable":true,"href":"https:\/\/parier-presidentielle.com\/de\/wp-json\/wp\/v2\/comments?post=525"}],"version-history":[{"count":8,"href":"https:\/\/parier-presidentielle.com\/de\/wp-json\/wp\/v2\/pages\/525\/revisions"}],"predecessor-version":[{"id":1228,"href":"https:\/\/parier-presidentielle.com\/de\/wp-json\/wp\/v2\/pages\/525\/revisions\/1228"}],"wp:attachment":[{"href":"https:\/\/parier-presidentielle.com\/de\/wp-json\/wp\/v2\/media?parent=525"}],"curies":[{"name":"wp","href":"https:\/\/api.w.org\/{rel}","templated":true}]}}