{"id":54,"date":"2021-09-07T00:14:00","date_gmt":"2021-09-06T22:14:00","guid":{"rendered":"https:\/\/parier-presidentielle.com\/?page_id=54"},"modified":"2022-04-24T12:00:40","modified_gmt":"2022-04-24T10:00:40","slug":"bookmakers-election","status":"publish","type":"page","link":"https:\/\/parier-presidentielle.com\/de\/buchmacher-wahl\/","title":{"rendered":"Buchmacher und die Pr\u00e4sidentschaftswahl"},"content":{"rendered":"<div class=\"wp-block-columns is-layout-flex wp-container-4 wp-block-columns-is-layout-flex\">\n<div class=\"wp-block-column is-layout-flow wp-block-column-is-layout-flow\" style=\"flex-basis:100%\">\n<div class=\"wp-block-columns is-layout-flex wp-container-2 wp-block-columns-is-layout-flex\">\n<div class=\"wp-block-column is-layout-flow wp-block-column-is-layout-flow\" style=\"flex-basis:100%\">\n<center><script type=\"text\/javascript\" charset=\"utf-8\" src=\"https:\/\/www.gambling-affiliation.com\/cpm\/v=AmIMTDSs92QY6b0MzDMvM5laCjJ-ZlA-1oQ-7tKsi.w_GA7331V2\"><\/script><\/center>\n\n\n\n<p><\/p>\n\n\n\n<div class=\"wp-block-image is-style-default\"><figure class=\"aligncenter size-medium\"><a href=\"https:\/\/parier-presidentielle.com\/de\/recommends\/unibet-logo\/\" target=\"_blank\" rel=\"no follow noopener\"><img decoding=\"async\" loading=\"lazy\" width=\"300\" height=\"169\" src=\"https:\/\/parier-presidentielle.com\/wp-content\/uploads\/2022\/04\/unibet-300x169.jpg\" alt=\"\" class=\"wp-image-1252\" srcset=\"https:\/\/parier-presidentielle.com\/wp-content\/uploads\/2022\/04\/unibet-300x169.jpg 300w, https:\/\/parier-presidentielle.com\/wp-content\/uploads\/2022\/04\/unibet-1024x576.jpg 1024w, https:\/\/parier-presidentielle.com\/wp-content\/uploads\/2022\/04\/unibet-768x432.jpg 768w, https:\/\/parier-presidentielle.com\/wp-content\/uploads\/2022\/04\/unibet-18x10.jpg 18w, https:\/\/parier-presidentielle.com\/wp-content\/uploads\/2022\/04\/unibet.jpg 1280w\" sizes=\"(max-width: 300px) 100vw, 300px\" \/><\/a><\/figure><\/div>\n<\/div>\n<\/div>\n<\/div>\n<\/div>\n\n\n\n<h2 class=\"wp-block-heading\"><span id=\"les-cote-pour-parier-en-ligne-sur-le-futur-vainqueur-en-france-macron-vs-le-pen\">Die Quoten f\u00fcr Online-Wetten auf den zuk\u00fcnftigen Sieger von Frankreich Macron gegen Le Pen<\/span><\/h2>\n\n\n\n<p>Wenn Sie nach einer Wettseite suchen oder auf Englisch <a href=\"https:\/\/parier-presidentielle.com\/de\/\">Buchmacher <\/a> f\u00fcr die Pr\u00e4sidentschaftswahlen 2022 finden Sie hier die vollst\u00e4ndigsten und detailliertesten Informationen zu Parier-Pr\u00e9sidentielle!<br>Dar\u00fcber hinaus finden wir alle von den Buchmachern angebotenen Wetten inklusive Wettquoten, Live-Ergebnissen\/Trends und anderen Wetten abseits der Politik wie Sportwetten (Fu\u00dfball usw.) oder sogar Poker.<\/p>\n\n\n\n<p>In diesem Artikel stellen wir die Regeln der Pr\u00e4sidentschaftswette 2022 vor und analysieren dann die Kandidaten und die verschiedenen m\u00f6glichen Wetten auf dieses Ereignis der zweiten Runde der Pr\u00e4sidentschaftswahlen 2022 in Frankreich.<\/p>\n\n\n\n<p>Entdecken Sie alle Quoten der Pr\u00e4sidentschaftswahlen 2022 auf <a href=\"https:\/\/parier-presidentielle.com\/de\/unibet-policy-wahl-2022\/\">Unibet<\/a> ! Da Sie nun alles wissen, z\u00f6gern Sie nicht und gehen Sie zu Bwin, Betclic, William Hill, um Ihre Vorhersagen zu treffen!<\/p>\n\n\n\n<p>Meinungsforscher prognostizierten eine sehr knappe zweite Runde mit 52% f\u00fcr Macron und 48% f\u00fcr Le Pen. Der Abstand ist so gering, dass der Sieg auf die eine oder andere Weise innerhalb der Fehlergrenze liegt. Aber es ist auf jeden Fall viel knapper als 2017, als Macron Le Pen mit 66,1 % der Stimmen besiegte.<\/p>\n\n\n\n<p><strong>Wer wird die Pr\u00e4sidentschaftswahl am wahrscheinlichsten gewinnen?<\/strong><\/p>\n\n\n\n<p>Emmanuel Macron mit einer Quote von 1,14 und Marine Le Pen mit einer Quote von 5,3. Damit hat laut Buchmacher der amtierende Pr\u00e4sident die besten Gewinnchancen.<\/p>\n\n\n\n<h2 class=\"wp-block-heading\"><span id=\"une-election-francaise-qui-interesse-le-monde-entier\">Eine franz\u00f6sische Wahl, die die ganze Welt interessiert!<\/span><\/h2>\n\n\n\n<p>Die zweite Runde der Pr\u00e4sidentschaftswahlen in Frankreich faszinierte die Briten. Neben den Medien haben auch die Online-Wettanbieter die neuesten Entwicklungen in der franz\u00f6sischen Kampagne genau unter die Lupe genommen. Die Anzahl der Wetten stellte einen Rekord auf. Geben Sie sich nicht damit zufrieden, auf Pferderennen oder Spiele zu wetten <a href=\"https:\/\/www.foot-parier.com\/\">Fu\u00dfball<\/a>, Briten k\u00f6nnen jetzt wetten auf ... <strong>die franz\u00f6sischen Pr\u00e4sidentschaftswahlen<\/strong> mit ihren zahlreichen Buchmachern. <a href=\"https:\/\/parier-presidentielle.com\/de\/macron-wahl\/\">Emmanuel Macron <\/a>Woher <a href=\"https:\/\/parier-presidentielle.com\/de\/marine-le-pen-wahl\/\">Marine Le Pen<\/a>Dieses Poster fasziniert eindeutig unsere Nachbarn auf der anderen Seite der Meerenge. Bei Betclic, einem der gr\u00f6\u00dften Wettunternehmen im Vereinigten K\u00f6nigreich, ist der Marktf\u00fchrer von En Marche! Der Favorit wird mit einer Quote von 1 zu 8 vergeben. Marine Le Pen sei mit 5 zu 1,5\u2033 Au\u00dfenseiterin, erkl\u00e4rte Rupert Adams gegen\u00fcber der TF1-Redaktion. <\/p>\n\n\n\n<blockquote class=\"wp-block-quote\"><p><\/p><cite>\u201eUnser gr\u00f6\u00dfter Einsatz liegt bei 21.000 Euro, was beispiellos ist. \u201e<\/cite><\/blockquote>\n\n\n\n<div class=\"wp-block-image is-style-default wp-duotone-000097-ff4747-5\"><figure class=\"aligncenter size-large is-resized\"><img decoding=\"async\" loading=\"lazy\" src=\"https:\/\/parier-presidentielle.com\/wp-content\/uploads\/2021\/09\/macron-1024x578.jpeg\" alt=\"Macron bei einer Kundgebung zur Pr\u00e4sidentschaftswahl\" class=\"wp-image-57\" width=\"675\" height=\"381\" srcset=\"https:\/\/parier-presidentielle.com\/wp-content\/uploads\/2021\/09\/macron-1024x578.jpeg 1024w, https:\/\/parier-presidentielle.com\/wp-content\/uploads\/2021\/09\/macron-300x169.jpeg 300w, https:\/\/parier-presidentielle.com\/wp-content\/uploads\/2021\/09\/macron-768x433.jpeg 768w, https:\/\/parier-presidentielle.com\/wp-content\/uploads\/2021\/09\/macron.jpeg 1255w\" sizes=\"(max-width: 675px) 100vw, 675px\" \/><\/figure><\/div>\n\n\n\n<p>Britische Medien berichteten ausf\u00fchrlich dar\u00fcber <a href=\"https:\/\/parier-presidentielle.com\/de\/\"><strong>die franz\u00f6sische Wahl<\/strong><\/a> schien echte Begeisterung zu erzeugen. Zahlreiche Entwicklungen, wie etwa die sehr offenen Umfragen am Vorabend der ersten Runde, haben ihre Neugier verzehnfacht. Alle Informationen zur zweiten Runde der Pr\u00e4sidentschaftswahlen 2022. Die Wahl von Trump und der Brexit haben die Umfragen vereitelt, sodass die Situation in Frankreich erneuert werden kann, daher das Interesse von<a href=\"https:\/\/parier-presidentielle.com\/de\/buchmacher-wahl-politik-2022\/\"> Wetten Sie auf den richtigen Buchmacher<\/a>\u2026 Ganz zu schweigen von dieser neuen Herangehensweise an die Politik: In diesem Bereich sind die Ergebnisse, genau wie bei Sportveranstaltungen, nie vorherbestimmt. In dieser Hinsicht hat der Wahlsieg von Donald Trump oder der Brexit in den Vereinigten Staaten bewiesen, dass \u00c4nderungen in letzter Minute niemals ausgeschlossen werden k\u00f6nnen. Was die \u00d6ffentlichkeit und die Buchmacher in Atem hielt.<\/p>\n\n\n\n<h2 class=\"wp-block-heading\"><span id=\"l8217avis-de-l8217expert-en-paris-sportifs-pour-l8217election\">Die Meinung des Sportwetten-Experten zur Wahl<\/span><\/h2>\n\n\n\n<p>\u201eDiese beiden Dinge haben die Situation ver\u00e4ndert\u201c, betonte Emmanuelle de France von der Website <a href=\"https:\/\/parier-presidentielle.com\/de\/\">Pr\u00e4sidentschaftswetten: Buchmacherwahl Frankreich,<\/a> vom Online-Wettexperten <strong>Bwin <\/strong>. &quot;Alles kann passieren. \u201eDas ist das dritte politische Ereignis, das so gro\u00dfes Interesse geweckt hat\u201c, sagte sie gegen\u00fcber TF1. F\u00fcr diese Gruppe von Buchmachern k\u00f6nnte der Einsatz beim Elys\u00e9e-Spiel 30 Millionen Euro \u00fcbersteigen. Ein noch \u00fcberraschenderes Ergebnis als 2012, bei der letzten franz\u00f6sischen Pr\u00e4sidentschaftswahl,  <strong>Bwin  <\/strong>hatte es nicht f\u00fcr notwendig gehalten, die Veranstaltung f\u00fcr Wettende zu \u00f6ffnen.<\/p>\n\n\n\n<p>F\u00fcr alle Pr\u00e4sidentschaftswahlen 2022 stellt Unibet allen seinen Spielern eine Vielzahl von Wetten zur Verf\u00fcgung, bei denen Sie auf den siegreichen Kandidaten der zweiten Runde der Pr\u00e4sidentschaftswahlen 2022 in Frankreich wetten k\u00f6nnen.<\/p>\n\n\n\n<p>Ab sofort finden Sie dank Unibet alle Quoten f\u00fcr die Pr\u00e4sidentschaftswahl 2022!<\/p>\n\n\n\n<p>Bwin bietet Ihnen ein komplettes Angebot, um auf Politik zu wetten, zum Beispiel mit Wetten auf den n\u00e4chsten Pr\u00e4sidenten von Frankreich.<\/p>\n\n\n\n<p>Tats\u00e4chlich haben viele Spieler bereits ihre Vorhersagen zu diesem zuk\u00fcnftigen Ereignis getroffen, indem sie unter den Kandidaten ausgew\u00e4hlt haben, die bereits in fr\u00fcheren Umfragen erschienen sind.<\/p>\n\n\n\n<p>Sie k\u00f6nnen auf Marine Le Pen (5.30 bei Bwin), Emmanuel Macron (1.14 bei Bwin), Jean-Luc M\u00e9lenchon (15.00 bei Bwin), Beno\u00eet Hamon (50.00 bei Bwin) oder sogar Fran\u00e7ois Baroin (67.00 bei Bwin) wetten.<\/p>\n\n\n\n<p>Finden Sie alle Quoten f\u00fcr die Pr\u00e4sidentschaftswahlen 2022 auf Unibet! Da Sie nun alles wissen, z\u00f6gern Sie nicht und gehen Sie zu bwin, um Ihre Vorhersagen zu treffen!<\/p>\n\n\n\n<p><\/p>\n\n\n\n<h3 class=\"has-text-align-center wp-block-heading\"><span id=\"dossier-special-bookmaker-unibet-bwin-mondial-quatar\"><br>Spezialdatei des Buchmachers Unibet Bwin &amp; Mondial Katar <\/span><\/h3>\n\n\n\n<p>Machen Sie Ihre erste Online-Wette auf Politik und alle Sportarten dank unserer Dateien auf den verschiedenen Seiten: Betclic, Winamax, Unibet, Betclic: <\/p>\n\n\n\n<p>Mithilfe von Online-Buchmachern wie Bwin, Unibet und Betclic k\u00f6nnen Sie auf eine Vielzahl von Wettm\u00e4rkten f\u00fcr das Turnier zugreifen und so die Chance auf gro\u00dfe Gewinne haben. Zusammenfassend l\u00e4sst sich sagen, dass das franz\u00f6sische Team eines der Teams sein k\u00f6nnte, die man bei der Weltmeisterschaft 2022 im Auge behalten sollte Tasse. Mithilfe von Online-Buchmachern wie Bwin, Unibet und Betclic k\u00f6nnen Sie Informationen \u00fcber Portugal sammeln und fundierte Wetten auf deren Leistung bei diesem Turnier abschlie\u00dfen. Warum also nicht die Chance nutzen, im Jahr 2022 m\u00f6glicherweise vom Erfolg Frankreichs zu profitieren?<\/p>\n\n\n\n<p><\/p>\n\n\n\n<p class=\"has-text-align-center unibet\" style=\"font-size:25px\"><mark style=\"background-color:rgba(0, 0, 0, 0);color:#0d7a12\" class=\"has-inline-color\"><strong><a href=\"https:\/\/parier-presidentielle.com\/de\/recommends\/unibet\/\">150 \u20ac Bonus, der bei Unibet angeboten wird<br>F\u00fcr Ihre 1. politische oder sportliche Wette: Klicken Sie hier<\/a><\/strong><\/mark><\/p>\n\n\n\n<p><\/p>\n\n\n<div class=\"wp-block-image\">\n<figure class=\"aligncenter is-resized wp-duotone-000097-ff4747-6\"><img decoding=\"async\" loading=\"lazy\" src=\"https:\/\/parier-presidentielle.com\/wp-content\/uploads\/2021\/09\/election-standard-scale-4_00x-gigapixel-1024x623.jpg\" alt=\"Wahl 2022\" style=\"width:256px;height:156px\" width=\"256\" height=\"156\"\/><\/figure><\/div>\n\n\n<p><br><\/p>\n\n\n\n<p><strong>Parier-presidentielle hilft Ihnen, Ihre Wahl zwischen den verschiedenen zu treffen<a href=\"https:\/\/parier-presidentielle.com\/de\/\"> Die Buchmacher Bwin, Unibet und Betclic setzen 2024 auf den zuk\u00fcnftigen amerikanischen Pr\u00e4sidenten<\/a> : <\/strong><br><a href=\"https:\/\/parier-presidentielle.com\/de\/unibet-policy-wahl-2022\/\">Unibet Presidential Buchmacher<\/a> : Detaillierter und kostenloser Leitfaden, um Ihre 1. Wette online mit allen Quoten abzuschlie\u00dfen und wie Sie den angebotenen Bonus nutzen k\u00f6nnen!<\/p>\n\n\n\n<p>Sowie die anderen Online-Wettseiten: <a href=\"https:\/\/parier-presidentielle.com\/de\/unibet-policy-wahl-2022\/\">Bwin<\/a>, <a href=\"https:\/\/parier-presidentielle.com\/de\/netbet-paris-politik-wahl-2022\/\">NetBet<\/a>, <a href=\"https:\/\/parier-presidentielle.com\/de\/betclic-prasidentschafts-2022\/\">Betclic<\/a>, <a href=\"https:\/\/parier-presidentielle.com\/de\/winamax-politikwahl-2022\/\">Winamax<\/a>, Parions Sport, Zebet, Betway, France-Pari, Vbet, Cloudbet, 1Xbit, 1xbet, Betfair, Betwinner\u2026<\/p>\n\n\n\n<div class=\"wp-block-columns is-layout-flex wp-container-11 wp-block-columns-is-layout-flex\">\n<div class=\"wp-block-column is-layout-flow wp-block-column-is-layout-flow\" style=\"flex-basis:33.33%\">\n<p>Sie haben gerade unsere Datei gelesen:<\/p>\n<\/div>\n\n\n\n<div class=\"wp-block-column is-layout-flow wp-block-column-is-layout-flow\" style=\"flex-basis:33.33%\">\n<div class=\"wp-block-group is-layout-flow wp-block-group-is-layout-flow\"><div class=\"wp-block-group__inner-container\"><h4 class=\"has-text-align-center wp-block-post-title\"><span id=\"les-bookmakers-et-l8217election-presidentielle\"><a href=\"https:\/\/parier-presidentielle.com\/de\/buchmacher-wahl\/\" target=\"_self\" >Buchmacher und die Pr\u00e4sidentschaftswahl<\/a><\/span><\/h4><\/div><\/div>\n<\/div>\n\n\n\n<div class=\"wp-block-column is-layout-flow wp-block-column-is-layout-flow\" style=\"flex-basis:33.33%\">\n<p class=\"has-text-align-right\">Lesen Sie weiter mit unseren anderen exklusiven Dateien,<\/p>\n<\/div>\n<\/div>\n\n\n\n<h3 class=\"wp-block-heading\" id=\"tous-les-pronostics-sondage-et-cotes-pour-parier-sur-le-futur-vainqueur-de-l-election-presidentielle-2022\"><span id=\"tous-les-pronostics-sondage-et-cotes-pour-parier-sur-le-futur-vainqueur-de-l8217election-presidentielle-2024\">Alle Vorhersagen, Umfragen und Quoten, um auf den zuk\u00fcnftigen Gewinner der Pr\u00e4sidentschaftswahl 2024 zu wetten:<\/span><\/h3>\n\n\n\n<ul>\n<li><a href=\"https:\/\/parier-presidentielle.com\/de\/macron-wahl\/\">Setzen Sie auf Emmanuel Macron mit Unibet, Betclic, Bwin<\/a> : Der Favorit von Umfragen und Vorhersagen <\/li>\n\n\n\n<li><a href=\"https:\/\/parier-presidentielle.com\/de\/marine-le-pen-wahl\/\">Marine Le Pen: Ihre Quoten und wie man bei Buchmachern wetten kann<\/a>: Der Herausforderer laut Unibet<\/li>\n<\/ul>\n\n\n\n<p><\/p>\n\n\n\n<center><script type=\"text\/javascript\" charset=\"utf-8\" src=\"https:\/\/www.gambling-affiliation.com\/cpm\/v=AmIMTDSs92QY6b0MzDMvM5laCjJ-ZlA-1oQ-7tKsi.w_GA7331V2\"><\/script><\/center>\n\n\n\n<h3 class=\"wp-block-heading\"><span id=\"donald-trump-vs-joe-biden-la-video-qui-lance-les-paris-en-ligne-sur-l8217election-politique-de-2024\">Donald Trump gegen Joe Biden: Das Video, das Online-Wetten auf die politischen Wahlen 2024 startet<\/span><\/h3>\n\n\n\n<figure class=\"wp-block-embed is-type-video is-provider-youtube wp-block-embed-youtube wp-embed-aspect-16-9 wp-has-aspect-ratio\"><div class=\"wp-block-embed__wrapper\">\n<iframe loading=\"lazy\" title=\"Der fr\u00fchere Pr\u00e4sident Donald Trump startet 2024 das Angebot des Wei\u00dfen Hauses #Short\" width=\"640\" height=\"360\" src=\"https:\/\/www.youtube.com\/embed\/hZykPRVe4Ag?feature=oembed\" frameborder=\"0\" allow=\"accelerometer; autoplay; clipboard-write; encrypted-media; gyroscope; picture-in-picture; web-share\" allowfullscreen><\/iframe>\n<\/div><\/figure>\n\n\n<div class=\"wp-block-image\">\n<figure class=\"aligncenter size-medium\"><a href=\"https:\/\/parier-presidentielle.com\/de\/recommends\/unibet\/\" target=\"_blank\" rel=\"noopener\"><img decoding=\"async\" loading=\"lazy\" width=\"300\" height=\"169\" src=\"https:\/\/parier-presidentielle.com\/wp-content\/uploads\/2022\/04\/unibet-300x169.jpg\" alt=\"\" class=\"wp-image-1252\" srcset=\"https:\/\/parier-presidentielle.com\/wp-content\/uploads\/2022\/04\/unibet-300x169.jpg 300w, https:\/\/parier-presidentielle.com\/wp-content\/uploads\/2022\/04\/unibet-1024x576.jpg 1024w, https:\/\/parier-presidentielle.com\/wp-content\/uploads\/2022\/04\/unibet-768x432.jpg 768w, https:\/\/parier-presidentielle.com\/wp-content\/uploads\/2022\/04\/unibet-18x10.jpg 18w, https:\/\/parier-presidentielle.com\/wp-content\/uploads\/2022\/04\/unibet.jpg 1280w\" sizes=\"(max-width: 300px) 100vw, 300px\" \/><\/a><\/figure><\/div>\n\n\n<p>Finden Sie im Wiki die wichtigsten politischen Nachrichten zu Cannabis und seinen legalen Derivaten: <strong>HHC, H4cbd, Thcp, Thcv, HSD, HHCPO, C4B<\/strong><\/p>\n\n\n\n<p><\/p>\n\n\n\n<p><\/p>\n<div id=\"toc_container\" class=\"no_bullets\"><p class=\"toc_title\">Inhaltsverzeichnis<\/p><ul class=\"toc_list\"><li><\/li><li><\/li><li><ul><li><ul><li><\/li><\/ul><\/li><li><\/li><li><\/li><\/ul><\/li><\/ul><\/div>","protected":false},"excerpt":{"rendered":"<p>Les cote pour parier en ligne sur le futur Vainqueur en France Macron vs Le Pen Si vous \u00eates \u00e0 la recherche d&#8217;un site de paris ou en anglais Bookmaker pour la pr\u00e9sidentielle 2022, vous trouverez ici les informations les plus compl\u00e8tes et d\u00e9taill\u00e9es sur Parier-Pr\u00e9sidentielle!De plus, on y retrouve tous les paris propos\u00e9s par &#8230;<\/p>","protected":false},"author":1,"featured_media":0,"parent":0,"menu_order":0,"comment_status":"closed","ping_status":"closed","template":"page-nosidebar.php","meta":{"footnotes":""},"yoast_head":"<!-- This site is optimized with the Yoast SEO Premium plugin v21.0 (Yoast SEO v21.0) - https:\/\/yoast.com\/wordpress\/plugins\/seo\/ -->\n<title>Les Bookmakers et l&#039;\u00e9lection Pr\u00e9sidentielle - Finale Coupe du Monde FIFA<\/title>\n<meta name=\"description\" content=\"Les cote des sites de paris sur le futur Vainqueur en France Macron vs Le Pen\" \/>\n<meta name=\"robots\" content=\"index, follow, max-snippet:-1, max-image-preview:large, max-video-preview:-1\" \/>\n<link rel=\"canonical\" href=\"https:\/\/parier-presidentielle.com\/de\/buchmacher-wahl\/\" \/>\n<meta property=\"og:locale\" content=\"de_DE\" \/>\n<meta property=\"og:type\" content=\"article\" \/>\n<meta property=\"og:title\" content=\"Les Bookmakers et l&#039;\u00e9lection Pr\u00e9sidentielle\" \/>\n<meta property=\"og:description\" content=\"Les cote des sites de paris sur le futur Vainqueur en France Macron vs Le Pen\" \/>\n<meta property=\"og:url\" content=\"https:\/\/parier-presidentielle.com\/de\/buchmacher-wahl\/\" \/>\n<meta property=\"og:site_name\" content=\"Parier Pr\u00e9sidentielle\" \/>\n<meta property=\"article:modified_time\" content=\"2022-04-24T10:00:40+00:00\" \/>\n<meta property=\"og:image\" content=\"https:\/\/parier-presidentielle.com\/wp-content\/uploads\/2021\/09\/macron-1024x578.jpeg\" \/>\n<meta name=\"twitter:card\" content=\"summary_large_image\" \/>\n<meta name=\"twitter:label1\" content=\"Gesch\u00e4tzte Lesezeit\" \/>\n\t<meta name=\"twitter:data1\" content=\"5 Minuten\" \/>\n<script type=\"application\/ld+json\" class=\"yoast-schema-graph\">{\"@context\":\"https:\/\/schema.org\",\"@graph\":[{\"@type\":\"WebPage\",\"@id\":\"https:\/\/parier-presidentielle.com\/bookmakers-election\/\",\"url\":\"https:\/\/parier-presidentielle.com\/bookmakers-election\/\",\"name\":\"Les Bookmakers et l'\u00e9lection Pr\u00e9sidentielle - Finale Coupe du Monde FIFA\",\"isPartOf\":{\"@id\":\"https:\/\/parier-presidentielle.com\/#website\"},\"datePublished\":\"2021-09-06T22:14:00+00:00\",\"dateModified\":\"2022-04-24T10:00:40+00:00\",\"description\":\"Les cote des sites de paris sur le futur Vainqueur en France Macron vs Le Pen\",\"breadcrumb\":{\"@id\":\"https:\/\/parier-presidentielle.com\/bookmakers-election\/#breadcrumb\"},\"inLanguage\":\"de-DE\",\"potentialAction\":[{\"@type\":\"ReadAction\",\"target\":[\"https:\/\/parier-presidentielle.com\/bookmakers-election\/\"]}]},{\"@type\":\"BreadcrumbList\",\"@id\":\"https:\/\/parier-presidentielle.com\/bookmakers-election\/#breadcrumb\",\"itemListElement\":[{\"@type\":\"ListItem\",\"position\":1,\"name\":\"Accueil\",\"item\":\"https:\/\/parier-presidentielle.com\/\"},{\"@type\":\"ListItem\",\"position\":2,\"name\":\"Les Bookmakers et l&#8217;\u00e9lection Pr\u00e9sidentielle\"}]},{\"@type\":\"WebSite\",\"@id\":\"https:\/\/parier-presidentielle.com\/#website\",\"url\":\"https:\/\/parier-presidentielle.com\/\",\"name\":\"Parier Pr\u00e9sidentielle\",\"description\":\"Paris, Pronostics, Wiki sur la Politique, les Elections Am\u00e9ricaines: Joe Biden, Donald Trump avec les Bookmakers en ligne Unibet, Bwin, Betclic, Winamax\",\"potentialAction\":[{\"@type\":\"SearchAction\",\"target\":{\"@type\":\"EntryPoint\",\"urlTemplate\":\"https:\/\/parier-presidentielle.com\/?s={search_term_string}\"},\"query-input\":\"required name=search_term_string\"}],\"inLanguage\":\"de-DE\"}]}<\/script>\n<!-- \/ Yoast SEO Premium plugin. -->","yoast_head_json":{"title":"Les Bookmakers et l'\u00e9lection Pr\u00e9sidentielle - Finale Coupe du Monde FIFA","description":"Les cote des sites de paris sur le futur Vainqueur en France Macron vs Le Pen","robots":{"index":"index","follow":"follow","max-snippet":"max-snippet:-1","max-image-preview":"max-image-preview:large","max-video-preview":"max-video-preview:-1"},"canonical":"https:\/\/parier-presidentielle.com\/de\/buchmacher-wahl\/","og_locale":"de_DE","og_type":"article","og_title":"Les Bookmakers et l'\u00e9lection Pr\u00e9sidentielle","og_description":"Les cote des sites de paris sur le futur Vainqueur en France Macron vs Le Pen","og_url":"https:\/\/parier-presidentielle.com\/de\/buchmacher-wahl\/","og_site_name":"Parier Pr\u00e9sidentielle","article_modified_time":"2022-04-24T10:00:40+00:00","og_image":[{"url":"https:\/\/parier-presidentielle.com\/wp-content\/uploads\/2021\/09\/macron-1024x578.jpeg"}],"twitter_card":"summary_large_image","twitter_misc":{"Gesch\u00e4tzte Lesezeit":"5 Minuten"},"schema":{"@context":"https:\/\/schema.org","@graph":[{"@type":"WebPage","@id":"https:\/\/parier-presidentielle.com\/bookmakers-election\/","url":"https:\/\/parier-presidentielle.com\/bookmakers-election\/","name":"Les Bookmakers et l'\u00e9lection Pr\u00e9sidentielle - Finale Coupe du Monde FIFA","isPartOf":{"@id":"https:\/\/parier-presidentielle.com\/#website"},"datePublished":"2021-09-06T22:14:00+00:00","dateModified":"2022-04-24T10:00:40+00:00","description":"Les cote des sites de paris sur le futur Vainqueur en France Macron vs Le Pen","breadcrumb":{"@id":"https:\/\/parier-presidentielle.com\/bookmakers-election\/#breadcrumb"},"inLanguage":"de-DE","potentialAction":[{"@type":"ReadAction","target":["https:\/\/parier-presidentielle.com\/bookmakers-election\/"]}]},{"@type":"BreadcrumbList","@id":"https:\/\/parier-presidentielle.com\/bookmakers-election\/#breadcrumb","itemListElement":[{"@type":"ListItem","position":1,"name":"Accueil","item":"https:\/\/parier-presidentielle.com\/"},{"@type":"ListItem","position":2,"name":"Les Bookmakers et l&#8217;\u00e9lection Pr\u00e9sidentielle"}]},{"@type":"WebSite","@id":"https:\/\/parier-presidentielle.com\/#website","url":"https:\/\/parier-presidentielle.com\/","name":"Parier Pr\u00e9sidentielle","description":"Paris, Pronostics, Wiki sur la Politique, les Elections Am\u00e9ricaines: Joe Biden, Donald Trump avec les Bookmakers en ligne Unibet, Bwin, Betclic, Winamax","potentialAction":[{"@type":"SearchAction","target":{"@type":"EntryPoint","urlTemplate":"https:\/\/parier-presidentielle.com\/?s={search_term_string}"},"query-input":"required name=search_term_string"}],"inLanguage":"de-DE"}]}},"_links":{"self":[{"href":"https:\/\/parier-presidentielle.com\/de\/wp-json\/wp\/v2\/pages\/54"}],"collection":[{"href":"https:\/\/parier-presidentielle.com\/de\/wp-json\/wp\/v2\/pages"}],"about":[{"href":"https:\/\/parier-presidentielle.com\/de\/wp-json\/wp\/v2\/types\/page"}],"author":[{"embeddable":true,"href":"https:\/\/parier-presidentielle.com\/de\/wp-json\/wp\/v2\/users\/1"}],"replies":[{"embeddable":true,"href":"https:\/\/parier-presidentielle.com\/de\/wp-json\/wp\/v2\/comments?post=54"}],"version-history":[{"count":26,"href":"https:\/\/parier-presidentielle.com\/de\/wp-json\/wp\/v2\/pages\/54\/revisions"}],"predecessor-version":[{"id":1634,"href":"https:\/\/parier-presidentielle.com\/de\/wp-json\/wp\/v2\/pages\/54\/revisions\/1634"}],"wp:attachment":[{"href":"https:\/\/parier-presidentielle.com\/de\/wp-json\/wp\/v2\/media?parent=54"}],"curies":[{"name":"wp","href":"https:\/\/api.w.org\/{rel}","templated":true}]}}