{"id":557,"date":"2022-02-21T12:38:33","date_gmt":"2022-02-21T11:38:33","guid":{"rendered":"https:\/\/parier-presidentielle.com\/?page_id=557"},"modified":"2022-10-27T08:34:43","modified_gmt":"2022-10-27T06:34:43","slug":"bwin-paris-sur-la-politique","status":"publish","type":"page","link":"https:\/\/parier-presidentielle.com\/de\/bwin-wetten-auf-politik\/","title":{"rendered":"Bwin: Wetten auf Politik"},"content":{"rendered":"<h2 class=\"wp-block-heading\" id=\"l-integralite-des-cotes-de-bwin-france-usa\"><span id=\"l8217integralite-des-cotes-de-bwin-pour-les-elections-en-france-usa8230\">Die vollst\u00e4ndigen Bwin-Quoten f\u00fcr die Wahlen in Frankreich, USA\u2026<\/span><\/h2>\n\n\n\n<p>Wenn Bwin einer der f\u00fchrenden Anbieter von Sportwetten ist, ist es auch der beste Buchmacher im Bereich Politikwetten und Pr\u00e4sidentschaftswahlen, weil es die meisten Wetten auf das politische Leben in Frankreich sowie auf das amerikanische, britische (Premierminister)\u2026<br><\/p>\n\n\n<div class=\"wp-block-image\">\n<figure class=\"aligncenter size-medium is-resized\"><img decoding=\"async\" src=\"https:\/\/parier-presidentielle.com\/wp-content\/uploads\/2022\/02\/bwin-elections-300x175.png\" alt=\"\" class=\"wp-image-559\" width=\"500\" srcset=\"https:\/\/parier-presidentielle.com\/wp-content\/uploads\/2022\/02\/bwin-elections-300x175.png 300w, https:\/\/parier-presidentielle.com\/wp-content\/uploads\/2022\/02\/bwin-elections-1024x597.png 1024w, https:\/\/parier-presidentielle.com\/wp-content\/uploads\/2022\/02\/bwin-elections-768x448.png 768w, https:\/\/parier-presidentielle.com\/wp-content\/uploads\/2022\/02\/bwin-elections-1536x896.png 1536w, https:\/\/parier-presidentielle.com\/wp-content\/uploads\/2022\/02\/bwin-elections.png 1961w\" sizes=\"(max-width: 300px) 100vw, 300px\" \/><\/figure><\/div>\n\n\n<h3 class=\"wp-block-heading\" id=\"prochain-candidat-a-la-cour-supreme-des-etats-unis-les-cotes-de-bwin\"><span id=\"i\"><br><\/span><\/h3>\n\n\n\n<p>W\u00e4hrend die Pr\u00e4sidentschaftswahl n\u00e4her r\u00fcckt, bietet Bwin an, auf die Wahlen zu wetten. Bwin ist ein auf Online-Sportwetten und Live-Wetten spezialisierter Buchmacher. Frankreich wurde am 24. April 2022 zum Pr\u00e4sidenten der Republik gew\u00e4hlt.<\/p>\n\n\n\n<p><strong>Wetten Sie auf die n\u00e4chsten Wahlen<\/strong><\/p>\n\n\n\n<p>Das n\u00e4chste gro\u00dfe politische Ereignis wird die Pr\u00e4sidentschaftswahl in Frankreich sein. In der zweiten Runde am 24. April 2022 stehen zwei Arten von Wetten auf die Politik zur Verf\u00fcgung: Wer wird nach der Wahl der gew\u00e4hlte Pr\u00e4sident? Aber auch welche Partei wird die absolute Mehrheit in der Nationalversammlung erreichen?<\/p>\n\n\n\n<p>Bwin weist darauf hin, dass das Wetten in den letzten Jahren eine neue Dimension angenommen hat. Tats\u00e4chlich konnten viele Politiker aus dieser Art von Wette Kapital schlagen, um ihre Botschaft zu vermitteln. Dar\u00fcber hinaus behaupteten einige Kandidaten sogar, sie h\u00e4tten gewonnen, noch bevor die Wahllokale geschlossen waren! Kurz gesagt, Wetten sind zu einem integralen Bestandteil jedes wichtigen politischen Ereignisses geworden. Wir k\u00f6nnen dies als einen echten Beweis demokratischen Engagements betrachten.<\/p>\n\n\n\n<p>In dieser Hinsicht hat der Sieg von Emmanuel Macron das Interesse an Wetten auf die Politik stark geweckt. Und wenn Sie alles \u00fcber die franz\u00f6sische Politik und ihre Wahlen (Pr\u00e4sidentschafts-, Parlaments- oder Kommunalwahlen) wissen m\u00f6chten, sind Sie hier genau richtig! Buchmacher stellen alle m\u00f6glichen Informationen zur Verf\u00fcgung: Umfragen, Quoten, aber auch Ratschl\u00e4ge und Prognosen f\u00fcr jede Wahl.<\/p>\n\n\n\n<h3 class=\"wp-block-heading\" id=\"prochain-candidat-a-la-cour-supreme-des-etats-unis-les-cotes-de-bwin\"><span id=\"prochain-candidat-a-la-cour-supreme-des-etats-unis-les-cotes-de-bwin\"><a href=\"https:\/\/parier-presidentielle.com\/de\/pariser-kandidat-supreme-court-vereinigte-staaten\/\">N\u00e4chster Kandidat f\u00fcr den Obersten Gerichtshof der Vereinigten Staaten, die Quoten von Bwin<\/a><\/span><\/h3>\n\n\n\n<p id=\"prochain-candidat-a-la-cour-supreme-des-etats-unis01-04-2022-23-00\">Wahltag. 01.04.2022 23:00<br><strong>Wer wird der n\u00e4chste Kandidat f\u00fcr den Obersten Gerichtshof der Vereinigten Staaten?<\/strong> <br>Finden Sie alle Bwin-Quoten, um auf die Kandidaten zu wetten: <br>Ketanji Brown Jackson, Julianna Michelle Childs, Leondra Kruger \u2026<br><\/p>\n\n\n\n<h3 class=\"wp-block-heading\" id=\"prochaine-election-presidentielle-en-france-les-cotes-de-bwin\"><span id=\"prochaine-election-presidentielle-en-france-les-cotes-de-bwin\"><a href=\"https:\/\/parier-presidentielle.com\/de\/bwin-politik-wahl-2022\/\">N\u00e4chste Pr\u00e4sidentschaftswahl in Frankreich, die Quoten von Bwin<\/a><\/span><\/h3>\n\n\n\n<p>Wahltag. 14.05.2022 12:00<br><strong>Wer wird der n\u00e4chste Pr\u00e4sident der Franz\u00f6sischen Republik?<\/strong> <br>Finden Sie alle Bwin-Quoten, um auf die Kandidaten zu wetten: <br><a href=\"https:\/\/parier-presidentielle.com\/de\/macron-wahl\/\">Emmanuel Macron<\/a>, Valerie P\u00e9cresse, Anne Hidalgo, <a href=\"https:\/\/parier-presidentielle.com\/de\/marine-le-pen-wahl\/\">Marine Le Pen<\/a>, Jean-Luc Melenchon, <a href=\"https:\/\/parier-presidentielle.com\/de\/zemmour-wahl\/\">Eric Zemmour<\/a><br><\/p>\n\n\n\n<h3 class=\"wp-block-heading\" id=\"election-presidentielle-americaine-2024-les-cotes-de-bwin\"><span id=\"election-presidentielle-americaine-2024-les-cotes-de-bwin\"><br>US-Pr\u00e4sidentschaftswahl 2024, Bwin Quoten<\/span><\/h3>\n\n\n\n<p>05\/11\/2024 22:00<br>Finden Sie alle Bwin-Quoten, um auf die Kandidaten zu wetten: <br>Donald Trump, Joe Biden, Kamala Harris, Pete Buttigieg, Tucker Carlson, Elizabeth Warren, Hillary Clinton,<br>Alexandria Ocasio-Cortez, Marco Rubio, Ted Cruz, Mike Pompeo, Mitt Romney \u2026<\/p>\n\n\n\n<h3 class=\"wp-block-heading\" id=\"prochain-premier-ministre-du-royaume-uni-les-cotes-de-bwin\"><span id=\"prochain-premier-ministre-du-royaume-uni-les-cotes-de-bwin\"><br><br>N\u00e4chster Premierminister des Vereinigten K\u00f6nigreichs sind die Ratings von Bwin<\/span><\/h3>\n\n\n\n<p><br>01\/01\/2025 10:00<br><\/p>\n\n\n\n<h2 class=\"wp-block-heading\" id=\"sondage-trahison-les-specificite-du-paris-politique\"><span id=\"sondage-trahison-les-specificite-du-paris-politique\">Umfrage, Verrat: Die Besonderheiten des politischen Paris<\/span><\/h2>\n\n\n\n<p><br>Wetten im Voraus kann sich auszahlen: Denn Wetten auf die Ergebnisse politischer Wahlen sind auf m\u00f6glich <a href=\"https:\/\/parier-presidentielle.com\/de\/bwin-politik-wahl-2022\/\"><strong>Bwin<\/strong><\/a> und kann Jahre vor dem Wahltag beginnen. Jede Wahl hat ihre eigenen \u00dcberraschungen und Wettende m\u00fcssen in der Lage sein zu beurteilen, was den endg\u00fcltigen Gewinner beeinflusst, die letzten franz\u00f6sischen und amerikanischen Wahlen haben jedes Mal viele Vorhersagen mit Wendungen und Umkehrungen in letzter Minute vereitelt!<\/p>\n\n\n\n<h3 class=\"wp-block-heading\" id=\"facteurs-affectant-les-paris-politiques\"><span id=\"facteurs-affectant-les-paris-politiques\"> <br>Faktoren, die politische Wetten beeinflussen <\/span><\/h3>\n\n\n\n<p>Mehrere Faktoren k\u00f6nnen das Ergebnis beeinflussen. Es k\u00f6nnte sich um einen Skandal, Ger\u00fcchte aus dem Oppositionslager, aktuelle Ereignisse, eine schockierende Verurteilung, die Qualit\u00e4t der F\u00fchrungskr\u00e4fte, Wahlversprechen, die Partei, die sie unterst\u00fctzt, die Art und Weise, wie die Medien die Kandidaten pr\u00e4sentieren, die St\u00e4rke des Glaubens an die Debatte handeln.<\/p>\n\n\n\n<h3 class=\"wp-block-heading\" id=\"parier-sur-la-prochaine-election\"><span id=\"parier-sur-la-prochaine-election-avec-bwin\"><br>Wetten Sie mit Bwin auf die n\u00e4chste Wahl<\/span><\/h3>\n\n\n\n<p>Das n\u00e4chste gro\u00dfe politische Ereignis werden die franz\u00f6sischen Pr\u00e4sidentschaftswahlen sein (alle Wetten beziehen sich auf die franz\u00f6sischen Pr\u00e4sidentschaftswahlen). W\u00e4hrend die erste Runde am 10. April und die zweite am 24. April 2022 stattfindet, sind zwei Arten von politischen Wetten m\u00f6glich: Wer erreicht die zweite Runde und wer wird am Ende der Abstimmung der gew\u00e4hlte Pr\u00e4sident sein?<br>Ende 2022 finden in Brasilien Pr\u00e4sidentschaftswahlen statt. Die n\u00e4chsten gro\u00dfen Ereignisse werden die US-Pr\u00e4sidentschaftswahlen im Jahr 2024 und der n\u00e4chste Premierminister des Vereinigten K\u00f6nigreichs im Januar 2025 sein. Wetten Sie auf unserer Website darauf, welche Seite der Demokratischen oder Republikanischen Partei die US-Pr\u00e4sidentschaftswahlen gewinnen wird.<\/p>\n<div id=\"toc_container\" class=\"no_bullets\"><p class=\"toc_title\">Inhaltsverzeichnis<\/p><ul class=\"toc_list\"><li><ul><li><\/li><li><\/li><li><\/li><li><\/li><li><\/li><\/ul><\/li><li><ul><li><\/li><li><\/li><\/ul><\/li><\/ul><\/div>","protected":false},"excerpt":{"rendered":"<p>L&#8217;int\u00e9gralit\u00e9 des cotes de Bwin pour les \u00e9lections en France, Usa&#8230; Si Bwin est un des leaders du Paris Sportif il est \u00e9galement le meilleur bookmaker dans le domaine du Pari Politique et des \u00c9lections pr\u00e9sidentielles car il propose le plus de pari aussi bien sur la vie politique Fran\u00e7aise que celle Am\u00e9ricaine, Britannique ( &#8230;<\/p>","protected":false},"author":1,"featured_media":0,"parent":0,"menu_order":0,"comment_status":"closed","ping_status":"closed","template":"page-nosidebar.php","meta":{"footnotes":""},"yoast_head":"<!-- This site is optimized with the Yoast SEO Premium plugin v21.0 (Yoast SEO v21.0) - https:\/\/yoast.com\/wordpress\/plugins\/seo\/ -->\n<title>Bwin : Paris sur la Politique - Finale Coupe du Monde FIFA<\/title>\n<meta name=\"description\" content=\"Parier sur les \u00e9lections Fran\u00e7aise, Am\u00e9ricaine avec le meilleur Bookmaker : Bwin. Int\u00e9gralit\u00e9 des cotes et pronostics pour Parier sur la Politique.\" \/>\n<meta name=\"robots\" content=\"index, follow, max-snippet:-1, max-image-preview:large, max-video-preview:-1\" \/>\n<link rel=\"canonical\" href=\"https:\/\/parier-presidentielle.com\/de\/bwin-wetten-auf-politik\/\" \/>\n<meta property=\"og:locale\" content=\"de_DE\" \/>\n<meta property=\"og:type\" content=\"article\" \/>\n<meta property=\"og:title\" content=\"Bwin : Paris sur la Politique\" \/>\n<meta property=\"og:description\" content=\"Parier sur les \u00e9lections Fran\u00e7aise, Am\u00e9ricaine avec le meilleur Bookmaker : Bwin. Int\u00e9gralit\u00e9 des cotes et pronostics pour Parier sur la Politique.\" \/>\n<meta property=\"og:url\" content=\"https:\/\/parier-presidentielle.com\/de\/bwin-wetten-auf-politik\/\" \/>\n<meta property=\"og:site_name\" content=\"Parier Pr\u00e9sidentielle\" \/>\n<meta property=\"article:modified_time\" content=\"2022-10-27T06:34:43+00:00\" \/>\n<meta property=\"og:image\" content=\"https:\/\/parier-presidentielle.com\/wp-content\/uploads\/2022\/02\/bwin-elections-300x175.png\" \/>\n<meta name=\"twitter:card\" content=\"summary_large_image\" \/>\n<meta name=\"twitter:label1\" content=\"Gesch\u00e4tzte Lesezeit\" \/>\n\t<meta name=\"twitter:data1\" content=\"4 Minuten\" \/>\n<script type=\"application\/ld+json\" class=\"yoast-schema-graph\">{\"@context\":\"https:\/\/schema.org\",\"@graph\":[{\"@type\":\"WebPage\",\"@id\":\"https:\/\/parier-presidentielle.com\/bwin-paris-sur-la-politique\/\",\"url\":\"https:\/\/parier-presidentielle.com\/bwin-paris-sur-la-politique\/\",\"name\":\"Bwin : Paris sur la Politique - Finale Coupe du Monde FIFA\",\"isPartOf\":{\"@id\":\"https:\/\/parier-presidentielle.com\/#website\"},\"datePublished\":\"2022-02-21T11:38:33+00:00\",\"dateModified\":\"2022-10-27T06:34:43+00:00\",\"description\":\"Parier sur les \u00e9lections Fran\u00e7aise, Am\u00e9ricaine avec le meilleur Bookmaker : Bwin. Int\u00e9gralit\u00e9 des cotes et pronostics pour Parier sur la Politique.\",\"breadcrumb\":{\"@id\":\"https:\/\/parier-presidentielle.com\/bwin-paris-sur-la-politique\/#breadcrumb\"},\"inLanguage\":\"de-DE\",\"potentialAction\":[{\"@type\":\"ReadAction\",\"target\":[\"https:\/\/parier-presidentielle.com\/bwin-paris-sur-la-politique\/\"]}]},{\"@type\":\"BreadcrumbList\",\"@id\":\"https:\/\/parier-presidentielle.com\/bwin-paris-sur-la-politique\/#breadcrumb\",\"itemListElement\":[{\"@type\":\"ListItem\",\"position\":1,\"name\":\"Accueil\",\"item\":\"https:\/\/parier-presidentielle.com\/\"},{\"@type\":\"ListItem\",\"position\":2,\"name\":\"Bwin : Paris sur la Politique\"}]},{\"@type\":\"WebSite\",\"@id\":\"https:\/\/parier-presidentielle.com\/#website\",\"url\":\"https:\/\/parier-presidentielle.com\/\",\"name\":\"Parier Pr\u00e9sidentielle\",\"description\":\"Paris, Pronostics, Wiki sur la Politique, les Elections Am\u00e9ricaines: Joe Biden, Donald Trump avec les Bookmakers en ligne Unibet, Bwin, Betclic, Winamax\",\"potentialAction\":[{\"@type\":\"SearchAction\",\"target\":{\"@type\":\"EntryPoint\",\"urlTemplate\":\"https:\/\/parier-presidentielle.com\/?s={search_term_string}\"},\"query-input\":\"required name=search_term_string\"}],\"inLanguage\":\"de-DE\"}]}<\/script>\n<!-- \/ Yoast SEO Premium plugin. -->","yoast_head_json":{"title":"Bwin : Paris sur la Politique - Finale Coupe du Monde FIFA","description":"Parier sur les \u00e9lections Fran\u00e7aise, Am\u00e9ricaine avec le meilleur Bookmaker : Bwin. Int\u00e9gralit\u00e9 des cotes et pronostics pour Parier sur la Politique.","robots":{"index":"index","follow":"follow","max-snippet":"max-snippet:-1","max-image-preview":"max-image-preview:large","max-video-preview":"max-video-preview:-1"},"canonical":"https:\/\/parier-presidentielle.com\/de\/bwin-wetten-auf-politik\/","og_locale":"de_DE","og_type":"article","og_title":"Bwin : Paris sur la Politique","og_description":"Parier sur les \u00e9lections Fran\u00e7aise, Am\u00e9ricaine avec le meilleur Bookmaker : Bwin. Int\u00e9gralit\u00e9 des cotes et pronostics pour Parier sur la Politique.","og_url":"https:\/\/parier-presidentielle.com\/de\/bwin-wetten-auf-politik\/","og_site_name":"Parier Pr\u00e9sidentielle","article_modified_time":"2022-10-27T06:34:43+00:00","og_image":[{"url":"https:\/\/parier-presidentielle.com\/wp-content\/uploads\/2022\/02\/bwin-elections-300x175.png"}],"twitter_card":"summary_large_image","twitter_misc":{"Gesch\u00e4tzte Lesezeit":"4 Minuten"},"schema":{"@context":"https:\/\/schema.org","@graph":[{"@type":"WebPage","@id":"https:\/\/parier-presidentielle.com\/bwin-paris-sur-la-politique\/","url":"https:\/\/parier-presidentielle.com\/bwin-paris-sur-la-politique\/","name":"Bwin : Paris sur la Politique - Finale Coupe du Monde FIFA","isPartOf":{"@id":"https:\/\/parier-presidentielle.com\/#website"},"datePublished":"2022-02-21T11:38:33+00:00","dateModified":"2022-10-27T06:34:43+00:00","description":"Parier sur les \u00e9lections Fran\u00e7aise, Am\u00e9ricaine avec le meilleur Bookmaker : Bwin. Int\u00e9gralit\u00e9 des cotes et pronostics pour Parier sur la Politique.","breadcrumb":{"@id":"https:\/\/parier-presidentielle.com\/bwin-paris-sur-la-politique\/#breadcrumb"},"inLanguage":"de-DE","potentialAction":[{"@type":"ReadAction","target":["https:\/\/parier-presidentielle.com\/bwin-paris-sur-la-politique\/"]}]},{"@type":"BreadcrumbList","@id":"https:\/\/parier-presidentielle.com\/bwin-paris-sur-la-politique\/#breadcrumb","itemListElement":[{"@type":"ListItem","position":1,"name":"Accueil","item":"https:\/\/parier-presidentielle.com\/"},{"@type":"ListItem","position":2,"name":"Bwin : Paris sur la Politique"}]},{"@type":"WebSite","@id":"https:\/\/parier-presidentielle.com\/#website","url":"https:\/\/parier-presidentielle.com\/","name":"Parier Pr\u00e9sidentielle","description":"Paris, Pronostics, Wiki sur la Politique, les Elections Am\u00e9ricaines: Joe Biden, Donald Trump avec les Bookmakers en ligne Unibet, Bwin, Betclic, Winamax","potentialAction":[{"@type":"SearchAction","target":{"@type":"EntryPoint","urlTemplate":"https:\/\/parier-presidentielle.com\/?s={search_term_string}"},"query-input":"required name=search_term_string"}],"inLanguage":"de-DE"}]}},"_links":{"self":[{"href":"https:\/\/parier-presidentielle.com\/de\/wp-json\/wp\/v2\/pages\/557"}],"collection":[{"href":"https:\/\/parier-presidentielle.com\/de\/wp-json\/wp\/v2\/pages"}],"about":[{"href":"https:\/\/parier-presidentielle.com\/de\/wp-json\/wp\/v2\/types\/page"}],"author":[{"embeddable":true,"href":"https:\/\/parier-presidentielle.com\/de\/wp-json\/wp\/v2\/users\/1"}],"replies":[{"embeddable":true,"href":"https:\/\/parier-presidentielle.com\/de\/wp-json\/wp\/v2\/comments?post=557"}],"version-history":[{"count":24,"href":"https:\/\/parier-presidentielle.com\/de\/wp-json\/wp\/v2\/pages\/557\/revisions"}],"predecessor-version":[{"id":1684,"href":"https:\/\/parier-presidentielle.com\/de\/wp-json\/wp\/v2\/pages\/557\/revisions\/1684"}],"wp:attachment":[{"href":"https:\/\/parier-presidentielle.com\/de\/wp-json\/wp\/v2\/media?parent=557"}],"curies":[{"name":"wp","href":"https:\/\/api.w.org\/{rel}","templated":true}]}}