{"id":576,"date":"2022-02-21T13:37:39","date_gmt":"2022-02-21T12:37:39","guid":{"rendered":"https:\/\/parier-presidentielle.com\/?page_id=576"},"modified":"2022-02-24T17:52:41","modified_gmt":"2022-02-24T16:52:41","slug":"paris-candidate-cour-supreme-etats-unis","status":"publish","type":"page","link":"https:\/\/parier-presidentielle.com\/de\/pariser-kandidat-supreme-court-vereinigte-staaten\/","title":{"rendered":"Wetten auf den Kandidaten f\u00fcr den Obersten Gerichtshof der Vereinigten Staaten"},"content":{"rendered":"<div class=\"wp-block-image\"><figure class=\"aligncenter size-large is-resized\"><img decoding=\"async\" loading=\"lazy\" src=\"https:\/\/parier-presidentielle.com\/wp-content\/uploads\/2022\/02\/candidat-a-la-cour-supreme-des-etats-unis-1024x576.jpg\" alt=\"Wetten auf den Kandidaten f\u00fcr den Obersten Gerichtshof der Vereinigten Staaten\" class=\"wp-image-605\" width=\"512\" height=\"288\" srcset=\"https:\/\/parier-presidentielle.com\/wp-content\/uploads\/2022\/02\/candidat-a-la-cour-supreme-des-etats-unis-1024x576.jpg 1024w, https:\/\/parier-presidentielle.com\/wp-content\/uploads\/2022\/02\/candidat-a-la-cour-supreme-des-etats-unis-300x169.jpg 300w, https:\/\/parier-presidentielle.com\/wp-content\/uploads\/2022\/02\/candidat-a-la-cour-supreme-des-etats-unis-768x432.jpg 768w, https:\/\/parier-presidentielle.com\/wp-content\/uploads\/2022\/02\/candidat-a-la-cour-supreme-des-etats-unis-1536x864.jpg 1536w, https:\/\/parier-presidentielle.com\/wp-content\/uploads\/2022\/02\/candidat-a-la-cour-supreme-des-etats-unis-2048x1152.jpg 2048w\" sizes=\"(max-width: 512px) 100vw, 512px\" \/><\/figure><\/div>\n\n\n\n<p><\/p>\n\n\n\n<h2 class=\"wp-block-heading\" id=\"qui-sera-le-prochain-candidat-a-la-cour-supreme-des-etats-unis\"><span id=\"qui-sera-le-prochain-candidat-a-la-cour-supreme-des-etats-unis\">Wer wird der n\u00e4chste Kandidat f\u00fcr den Obersten Gerichtshof der Vereinigten Staaten? <\/span><\/h2>\n\n\n\n<h3 class=\"wp-block-heading\" id=\"les-cotes-de-bwin\"><span id=\"les-cotes-de-bwin\">Bwin Quoten<\/span><\/h3>\n\n\n\n<div class=\"wp-block-columns is-layout-flex wp-container-3 wp-block-columns-is-layout-flex\">\n<div class=\"wp-block-column is-layout-flow wp-block-column-is-layout-flow\" style=\"flex-basis:50%\">\n<ul><li>Ketanji Brown Jackson 1.40 <\/li><li>Julianna Michelle Childs 3,50 <\/li><li>Leondra Kr\u00fcger 7.00 <\/li><li>Wilhelmina Wright 21.00 <\/li><li>Candance Jackson-Akiwumi 26.00<\/li><li>Leslie Abrams Gardner 34.00 <\/li><li>Ojetta Thompson 34.00 <\/li><\/ul>\n<\/div>\n\n\n\n<div class=\"wp-block-column is-layout-flow wp-block-column-is-layout-flow\" style=\"flex-basis:50%\">\n<ul id=\"block-ddd26370-54c6-4d08-b7e1-9017713db613\"><li>Sherrylyn um 34.00 Uhr<\/li><li>Tiffany Cunningham 34.00<\/li><li>Anita Earls 51.00<\/li><li>Eunice Lee 51.00<\/li><li>Kamala Harris 51.00<\/li><li>Hillary Clinton101.00<\/li><\/ul>\n<\/div>\n<\/div>\n\n\n\n<div class=\"wp-block-image\"><figure class=\"aligncenter size-full is-resized\"><img decoding=\"async\" loading=\"lazy\" src=\"https:\/\/parier-presidentielle.com\/wp-content\/uploads\/2022\/02\/bwin-candidate-a-la-cour-supreme-des-etats-unis.png\" alt=\"Bwins Quoten f\u00fcr den n\u00e4chsten Kandidaten f\u00fcr den Obersten Gerichtshof der USA \" class=\"wp-image-622\" width=\"730\" height=\"535\" srcset=\"https:\/\/parier-presidentielle.com\/wp-content\/uploads\/2022\/02\/bwin-candidate-a-la-cour-supreme-des-etats-unis.png 973w, https:\/\/parier-presidentielle.com\/wp-content\/uploads\/2022\/02\/bwin-candidate-a-la-cour-supreme-des-etats-unis-300x220.png 300w, https:\/\/parier-presidentielle.com\/wp-content\/uploads\/2022\/02\/bwin-candidate-a-la-cour-supreme-des-etats-unis-768x563.png 768w\" sizes=\"(max-width: 730px) 100vw, 730px\" \/><\/figure><\/div>\n\n\n\n<p><\/p>\n\n\n\n<h3 class=\"wp-block-heading\" id=\"analyse-et-pronostics\"><span id=\"analyse-et-pronostics\">Analysen und Prognosen<\/span><\/h3>\n\n\n\n<p>Nach der Analyse der aktuellen Ereignisse scheint dies offensichtlich <strong>Ketanji Brown Jackson <\/strong>ist unter allen Kandidaten eindeutig unser Favorit<br><\/p>\n\n\n\n<h3 class=\"wp-block-heading\" id=\"comment-realiser-son-1-pari-avec-bwin-c\"><span id=\"comment-realiser-son-1er-pari-avec-bwin-sur-un-candidat-a-la-cour-supreme-des-etats-unis\">Wie k\u00f6nnen Sie Ihre erste Wette bei Bwin auf einen Kandidaten f\u00fcr den Obersten Gerichtshof der Vereinigten Staaten abschlie\u00dfen?<\/span><\/h3>\n\n\n\n<p id=\"comment-realiser-son-1-pari-avec-bwin-c\">So wie Sie auf den Sieg Ihrer Lieblingsfu\u00dfballmannschaft wetten k\u00f6nnen, ist es auch m\u00f6glich, beim Buchmacher Bwin auf den Sieger der Wahl zum Obersten Gerichtshof der Vereinigten Staaten zu wetten: schnell und einfach!<\/p>\n\n\n\n<ol><li>W\u00e4hlen Sie den Kandidaten, auf den Sie wetten m\u00f6chten:<br>in unserem Beispiel ist es Kamala Harris!<br><\/li><li>Geben Sie den Einsatz an, den Sie wetten m\u00f6chten,<br>10\u20ac in unserer Simulation<br><\/li><li>Und jetzt ist Schluss!<br>In unserem Screenshot betr\u00e4gt die Quote 51 und der Einsatz 10 \u20ac im Falle eines Sieges <strong>Sie gewinnen 510 \u20ac!<\/strong><\/li><\/ol>\n\n\n\n<div class=\"wp-block-image\"><figure class=\"aligncenter size-large is-resized\"><img decoding=\"async\" loading=\"lazy\" src=\"https:\/\/parier-presidentielle.com\/wp-content\/uploads\/2022\/02\/bwin-paris-candidate-a-la-cour-supreme-des-etats-unis-737x1024.png\" alt=\"wie man bei bwin auf den n\u00e4chsten Kandidaten f\u00fcr den Obersten Gerichtshof der Vereinigten Staaten wetten kann \" class=\"wp-image-625\" width=\"369\" height=\"512\" srcset=\"https:\/\/parier-presidentielle.com\/wp-content\/uploads\/2022\/02\/bwin-paris-candidate-a-la-cour-supreme-des-etats-unis-737x1024.png 737w, https:\/\/parier-presidentielle.com\/wp-content\/uploads\/2022\/02\/bwin-paris-candidate-a-la-cour-supreme-des-etats-unis-216x300.png 216w, https:\/\/parier-presidentielle.com\/wp-content\/uploads\/2022\/02\/bwin-paris-candidate-a-la-cour-supreme-des-etats-unis-768x1068.png 768w, https:\/\/parier-presidentielle.com\/wp-content\/uploads\/2022\/02\/bwin-paris-candidate-a-la-cour-supreme-des-etats-unis.png 833w\" sizes=\"(max-width: 369px) 100vw, 369px\" \/><\/figure><\/div>\n\n\n\n<p><\/p>\n\n\n\n<h2 class=\"wp-block-heading\" id=\"l-actualite-des-candidats-cour-supreme-des-etats-unis\"><span id=\"l8217actualite-des-candidats-de-la-cour-supreme-des-etats-unis\">Neuigkeiten von den Nominierten f\u00fcr den Obersten Gerichtshof der Vereinigten Staaten<\/span><\/h2>\n\n\n\n<h3 class=\"wp-block-heading\" id=\"le-depart-du-juge-stephen-breyer\"><span id=\"le-depart-du-juge-stephen-breyer\">Der Abgang von Richter Stephen Breyer<\/span><\/h3>\n\n\n\n<p class=\"has-text-align-left\">Stephen Breyer, 83, Richter am Obersten Gerichtshof, tritt zur\u00fcck und ebnet damit Pr\u00e4sident Joe Biden den Weg, den n\u00e4chsten Richter am Obersten Gerichtshof zu w\u00e4hlen. Sobald die Nachricht bekannt wurde, wetteten die europ\u00e4ischen Buchmacher Bwin, Unibet \u2026 auf potenzielle Kandidaten, die sie f\u00fcr die wahrscheinlichsten Kandidaten f\u00fcr Biden hielten. <\/p>\n\n\n\n<h3 class=\"wp-block-heading\" id=\"les-cotes-des-bookmakers\"><span id=\"les-cotes-des-bookmakers\">Quoten des Buchmachers<\/span><\/h3>\n\n\n\n<p>Im Folgenden erl\u00e4utern wir die aktuellen Quoten, was sie f\u00fcr die Gewinnchancen jedes Teilnehmers bedeuten und wie sich die neuesten Nachrichten auf den Wettmarkt auswirken. Um die Chancen der n\u00e4chsten Kandidaten f\u00fcr den Obersten Gerichtshof in einen Kontext zu setzen, geben wir die impliziten Wahrscheinlichkeiten sowie die Chancen f\u00fcr jeden Kandidaten an, der n\u00e4chste Richter am Obersten Gerichtshof zu werden.<br>Erkl\u00e4rung der Bwin-Quoten f\u00fcr den Obersten Gerichtshof: Ketanji Brown Jacksons Quoten liegen bei 1,40, was sie zur Favoritin macht. Die anderen ernsthaften Kandidaten sind die Richterinnen J. Michelle Childs (+175), Leondra Kruger (+600) und Candance Jackson-Akiwumi (+2000). Justice Childs schlug Justice Kruger bei den Ladbrokes-Quoten auf den zweiten Platz. Ladbrokes hat Quoten f\u00fcr neun weitere prominente Frauen ver\u00f6ffentlicht, darunter zwei bemerkenswerte: Vizepr\u00e4sidentin Kamala Harris (+5.000) und ehemalige Au\u00dfenministerin Hillary Clinton (+10.000). EmpireStakes.com wird diese Seite entsprechend den Anforderungen von Ladbrokes News und Quoten\u00e4nderungen aktualisieren, bis Pr\u00e4sident Biden seine Nominierung vornimmt.<\/p>\n\n\n\n<h3 class=\"wp-block-heading\" id=\"une-annonce-attendus\"><span id=\"une-annonce-attendus\">Eine erwartete Ank\u00fcndigung<\/span><\/h3>\n\n\n\n<p> Der Oberste Gerichtshof ist wieder in den Schlagzeilen, seit der 83-j\u00e4hrige Richter am Obersten Gerichtshof, Stephen Breyer, am 27. Januar offiziell seinen R\u00fccktritt bekannt gab, als er sich Pr\u00e4sident Joe Biden im Wei\u00dfen Haus anschloss. Biden wird nun mit der Auswahl des n\u00e4chsten Richters am Obersten Gerichtshof beginnen und damit den Grundstein f\u00fcr die Erf\u00fcllung seines Wahlversprechens legen, die erste schwarze Frau f\u00fcr den Obersten Gerichtshof zu nominieren. Der Pr\u00e4sident best\u00e4tigte diese Verpflichtung am 27. Januar und bezeichnete eine solch historische Ernennung als \u201el\u00e4ngst \u00fcberf\u00e4llig\u201c. Biden n\u00e4hert sich seiner eigenen Frist f\u00fcr die Nominierung von Kandidaten \u201ebis Ende Februar\u201c. Laut CNN heizt sich der Auswahlprozess f\u00fcr potenzielle Kandidaten auf. Berichten zufolge hat Biden mehrere N\u00e4chte damit verbracht, Aktenschr\u00e4nke zu pr\u00fcfen, die sich auf fr\u00fchere m\u00f6gliche Fallentw\u00fcrfe beziehen. Breyers Nachfolger muss vom Senat best\u00e4tigt werden. Der Senat ist derzeit 50:50 zwischen Demokraten und Republikanern gespalten, aber technisch gesehen haben die Demokraten die Mehrheit, weil Vizepr\u00e4sidentin Kamala Harris alle Bindungen zu ihrer Stimme abbrechen kann. Breyer ist der Richter mit der zweit\u00e4ltesten Amtszeit. Sein Ruhestand beginnt zu Beginn des Sommers, mit dem Ende seiner aktuellen Amtszeit: Wer wei\u00df, ob er selbst online auf seine Nachfolge wetten wird, wie das Sprichwort sagt: \u201eNur in Amerika\u201c!<\/p>\n\n\n\n<p class=\"has-text-align-center unibet\" style=\"font-size:25px\"><mark style=\"background-color:rgba(0, 0, 0, 0);color:#0d7a12\" class=\"has-inline-color\"><strong><a href=\"https:\/\/parier-presidentielle.com\/de\/recommends\/unibet\/\">150 \u20ac Bonus, der bei Unibet angeboten wird<br>F\u00fcr Ihre 1. politische oder sportliche Wette: Klicken Sie hier<\/a><\/strong><\/mark><\/p>\n\n\n\n<p><\/p>\n\n\n<div class=\"wp-block-image\">\n<figure class=\"aligncenter is-resized wp-duotone-000097-ff4747-4\"><img decoding=\"async\" loading=\"lazy\" src=\"https:\/\/parier-presidentielle.com\/wp-content\/uploads\/2021\/09\/election-standard-scale-4_00x-gigapixel-1024x623.jpg\" alt=\"Wahl 2022\" style=\"width:256px;height:156px\" width=\"256\" height=\"156\"\/><\/figure><\/div>\n\n\n<p><br><\/p>\n\n\n\n<p><strong>Parier-presidentielle hilft Ihnen, Ihre Wahl zwischen den verschiedenen zu treffen<a href=\"https:\/\/parier-presidentielle.com\/de\/\"> Die Buchmacher Bwin, Unibet und Betclic setzen 2024 auf den zuk\u00fcnftigen amerikanischen Pr\u00e4sidenten<\/a> : <\/strong><br><a href=\"https:\/\/parier-presidentielle.com\/de\/unibet-policy-wahl-2022\/\">Unibet Presidential Buchmacher<\/a> : Detaillierter und kostenloser Leitfaden, um Ihre 1. Wette online mit allen Quoten abzuschlie\u00dfen und wie Sie den angebotenen Bonus nutzen k\u00f6nnen!<\/p>\n\n\n\n<p>Sowie die anderen Online-Wettseiten: <a href=\"https:\/\/parier-presidentielle.com\/de\/unibet-policy-wahl-2022\/\">Bwin<\/a>, <a href=\"https:\/\/parier-presidentielle.com\/de\/netbet-paris-politik-wahl-2022\/\">NetBet<\/a>, <a href=\"https:\/\/parier-presidentielle.com\/de\/betclic-prasidentschafts-2022\/\">Betclic<\/a>, <a href=\"https:\/\/parier-presidentielle.com\/de\/winamax-politikwahl-2022\/\">Winamax<\/a>, Parions Sport, Zebet, Betway, France-Pari, Vbet, Cloudbet, 1Xbit, 1xbet, Betfair, Betwinner\u2026<\/p>\n\n\n\n<div class=\"wp-block-columns is-layout-flex wp-container-9 wp-block-columns-is-layout-flex\">\n<div class=\"wp-block-column is-layout-flow wp-block-column-is-layout-flow\" style=\"flex-basis:33.33%\">\n<p>Sie haben gerade unsere Datei gelesen:<\/p>\n<\/div>\n\n\n\n<div class=\"wp-block-column is-layout-flow wp-block-column-is-layout-flow\" style=\"flex-basis:33.33%\">\n<div class=\"wp-block-group is-layout-flow wp-block-group-is-layout-flow\"><div class=\"wp-block-group__inner-container\"><h4 class=\"has-text-align-center wp-block-post-title\"><span id=\"paris-sur-la-candidate-a-la-cour-supreme-des-etats-unis\"><a href=\"https:\/\/parier-presidentielle.com\/de\/pariser-kandidat-supreme-court-vereinigte-staaten\/\" target=\"_self\" >Wetten auf den Kandidaten f\u00fcr den Obersten Gerichtshof der Vereinigten Staaten<\/a><\/span><\/h4><\/div><\/div>\n<\/div>\n\n\n\n<div class=\"wp-block-column is-layout-flow wp-block-column-is-layout-flow\" style=\"flex-basis:33.33%\">\n<p class=\"has-text-align-right\">Lesen Sie weiter mit unseren anderen exklusiven Dateien,<\/p>\n<\/div>\n<\/div>\n\n\n\n<h3 class=\"wp-block-heading\" id=\"tous-les-pronostics-sondage-et-cotes-pour-parier-sur-le-futur-vainqueur-de-l-election-presidentielle-2022\"><span id=\"tous-les-pronostics-sondage-et-cotes-pour-parier-sur-le-futur-vainqueur-de-l8217election-presidentielle-2024\">Alle Vorhersagen, Umfragen und Quoten, um auf den zuk\u00fcnftigen Gewinner der Pr\u00e4sidentschaftswahl 2024 zu wetten:<\/span><\/h3>\n\n\n\n<ul>\n<li><a href=\"https:\/\/parier-presidentielle.com\/de\/macron-wahl\/\">Setzen Sie auf Emmanuel Macron mit Unibet, Betclic, Bwin<\/a> : Der Favorit von Umfragen und Vorhersagen <\/li>\n\n\n\n<li><a href=\"https:\/\/parier-presidentielle.com\/de\/marine-le-pen-wahl\/\">Marine Le Pen: Ihre Quoten und wie man bei Buchmachern wetten kann<\/a>: Der Herausforderer laut Unibet<\/li>\n<\/ul>\n\n\n\n<p><\/p>\n\n\n\n<center><script type=\"text\/javascript\" charset=\"utf-8\" src=\"https:\/\/www.gambling-affiliation.com\/cpm\/v=AmIMTDSs92QY6b0MzDMvM5laCjJ-ZlA-1oQ-7tKsi.w_GA7331V2\"><\/script><\/center>\n\n\n\n<h3 class=\"wp-block-heading\"><span id=\"donald-trump-vs-joe-biden-la-video-qui-lance-les-paris-en-ligne-sur-l8217election-politique-de-2024\">Donald Trump gegen Joe Biden: Das Video, das Online-Wetten auf die politischen Wahlen 2024 startet<\/span><\/h3>\n\n\n\n<figure class=\"wp-block-embed is-type-video is-provider-youtube wp-block-embed-youtube wp-embed-aspect-16-9 wp-has-aspect-ratio\"><div class=\"wp-block-embed__wrapper\">\n<iframe loading=\"lazy\" title=\"Der fr\u00fchere Pr\u00e4sident Donald Trump startet 2024 das Angebot des Wei\u00dfen Hauses #Short\" width=\"640\" height=\"360\" src=\"https:\/\/www.youtube.com\/embed\/hZykPRVe4Ag?feature=oembed\" frameborder=\"0\" allow=\"accelerometer; autoplay; clipboard-write; encrypted-media; gyroscope; picture-in-picture; web-share\" allowfullscreen><\/iframe>\n<\/div><\/figure>\n\n\n<div class=\"wp-block-image\">\n<figure class=\"aligncenter size-medium\"><a href=\"https:\/\/parier-presidentielle.com\/de\/recommends\/unibet\/\" target=\"_blank\" rel=\"noopener\"><img decoding=\"async\" loading=\"lazy\" width=\"300\" height=\"169\" src=\"https:\/\/parier-presidentielle.com\/wp-content\/uploads\/2022\/04\/unibet-300x169.jpg\" alt=\"\" class=\"wp-image-1252\" srcset=\"https:\/\/parier-presidentielle.com\/wp-content\/uploads\/2022\/04\/unibet-300x169.jpg 300w, https:\/\/parier-presidentielle.com\/wp-content\/uploads\/2022\/04\/unibet-1024x576.jpg 1024w, https:\/\/parier-presidentielle.com\/wp-content\/uploads\/2022\/04\/unibet-768x432.jpg 768w, https:\/\/parier-presidentielle.com\/wp-content\/uploads\/2022\/04\/unibet-18x10.jpg 18w, https:\/\/parier-presidentielle.com\/wp-content\/uploads\/2022\/04\/unibet.jpg 1280w\" sizes=\"(max-width: 300px) 100vw, 300px\" \/><\/a><\/figure><\/div>\n\n\n<p>Finden Sie im Wiki die wichtigsten politischen Nachrichten zu Cannabis und seinen legalen Derivaten: <strong>HHC, H4cbd, Thcp, Thcv, HSD, HHCPO, C4B<\/strong><\/p>\n<div id=\"toc_container\" class=\"no_bullets\"><p class=\"toc_title\">Inhaltsverzeichnis<\/p><ul class=\"toc_list\"><li><ul><li><\/li><li><\/li><li><\/li><\/ul><\/li><li><ul><li><\/li><li><\/li><li><ul><li><\/li><\/ul><\/li><li><\/li><li><\/li><\/ul><\/li><\/ul><\/div>","protected":false},"excerpt":{"rendered":"<p>Wer wird der n\u00e4chste Kandidat f\u00fcr den Obersten Gerichtshof der Vereinigten Staaten? Bwin Ketanji Brown Jackson 1,40 Julianna Michelle Childs 3,50 Leondra Kruger 7,00 Wilhelmina Wright 21,00 Candance Jackson-Akiwumi 26,00 Leslie Abrams Gardner 34,00 Ojetta Thompson 34,00 Sherrilyn al 34,00 Tiffany Cunningham 34,00 Anita Earls 51,00 Eunice Lee 51,0 \u2026<\/p>","protected":false},"author":1,"featured_media":0,"parent":0,"menu_order":0,"comment_status":"closed","ping_status":"closed","template":"page-nosidebar.php","meta":{"footnotes":""},"yoast_head":"<!-- This site is optimized with the Yoast SEO Premium plugin v21.0 (Yoast SEO v21.0) - https:\/\/yoast.com\/wordpress\/plugins\/seo\/ -->\n<title>Paris sur la Candidate \u00e0 la cour Supr\u00eame des Etats-Unis - Finale Coupe du Monde FIFA<\/title>\n<meta name=\"description\" content=\"Parier sur la Politique : Qui sera le prochain candidat \u00e0 la Cour Supr\u00eame des \u00c9tats-Unis ?\" \/>\n<meta name=\"robots\" content=\"index, follow, max-snippet:-1, max-image-preview:large, max-video-preview:-1\" \/>\n<link rel=\"canonical\" href=\"https:\/\/parier-presidentielle.com\/de\/pariser-kandidat-supreme-court-vereinigte-staaten\/\" \/>\n<meta property=\"og:locale\" content=\"de_DE\" \/>\n<meta property=\"og:type\" content=\"article\" \/>\n<meta property=\"og:title\" content=\"Paris sur la Candidate \u00e0 la cour Supr\u00eame des Etats-Unis\" \/>\n<meta property=\"og:description\" content=\"Parier sur la Politique : Qui sera le prochain candidat \u00e0 la Cour Supr\u00eame des \u00c9tats-Unis ?\" \/>\n<meta property=\"og:url\" content=\"https:\/\/parier-presidentielle.com\/de\/pariser-kandidat-supreme-court-vereinigte-staaten\/\" \/>\n<meta property=\"og:site_name\" content=\"Parier Pr\u00e9sidentielle\" \/>\n<meta property=\"article:modified_time\" content=\"2022-02-24T16:52:41+00:00\" \/>\n<meta property=\"og:image\" content=\"https:\/\/parier-presidentielle.com\/wp-content\/uploads\/2022\/02\/candidat-a-la-cour-supreme-des-etats-unis-1024x576.jpg\" \/>\n<meta name=\"twitter:card\" content=\"summary_large_image\" \/>\n<meta name=\"twitter:label1\" content=\"Gesch\u00e4tzte Lesezeit\" \/>\n\t<meta name=\"twitter:data1\" content=\"4 Minuten\" \/>\n<script type=\"application\/ld+json\" class=\"yoast-schema-graph\">{\"@context\":\"https:\/\/schema.org\",\"@graph\":[{\"@type\":\"WebPage\",\"@id\":\"https:\/\/parier-presidentielle.com\/paris-candidate-cour-supreme-etats-unis\/\",\"url\":\"https:\/\/parier-presidentielle.com\/paris-candidate-cour-supreme-etats-unis\/\",\"name\":\"Paris sur la Candidate \u00e0 la cour Supr\u00eame des Etats-Unis - Finale Coupe du Monde FIFA\",\"isPartOf\":{\"@id\":\"https:\/\/parier-presidentielle.com\/#website\"},\"datePublished\":\"2022-02-21T12:37:39+00:00\",\"dateModified\":\"2022-02-24T16:52:41+00:00\",\"description\":\"Parier sur la Politique : Qui sera le prochain candidat \u00e0 la Cour Supr\u00eame des \u00c9tats-Unis ?\",\"breadcrumb\":{\"@id\":\"https:\/\/parier-presidentielle.com\/paris-candidate-cour-supreme-etats-unis\/#breadcrumb\"},\"inLanguage\":\"de-DE\",\"potentialAction\":[{\"@type\":\"ReadAction\",\"target\":[\"https:\/\/parier-presidentielle.com\/paris-candidate-cour-supreme-etats-unis\/\"]}]},{\"@type\":\"BreadcrumbList\",\"@id\":\"https:\/\/parier-presidentielle.com\/paris-candidate-cour-supreme-etats-unis\/#breadcrumb\",\"itemListElement\":[{\"@type\":\"ListItem\",\"position\":1,\"name\":\"Accueil\",\"item\":\"https:\/\/parier-presidentielle.com\/\"},{\"@type\":\"ListItem\",\"position\":2,\"name\":\"Paris sur la Candidate \u00e0 la cour Supr\u00eame des Etats-Unis\"}]},{\"@type\":\"WebSite\",\"@id\":\"https:\/\/parier-presidentielle.com\/#website\",\"url\":\"https:\/\/parier-presidentielle.com\/\",\"name\":\"Parier Pr\u00e9sidentielle\",\"description\":\"Paris, Pronostics, Wiki sur la Politique, les Elections Am\u00e9ricaines: Joe Biden, Donald Trump avec les Bookmakers en ligne Unibet, Bwin, Betclic, Winamax\",\"potentialAction\":[{\"@type\":\"SearchAction\",\"target\":{\"@type\":\"EntryPoint\",\"urlTemplate\":\"https:\/\/parier-presidentielle.com\/?s={search_term_string}\"},\"query-input\":\"required name=search_term_string\"}],\"inLanguage\":\"de-DE\"}]}<\/script>\n<!-- \/ Yoast SEO Premium plugin. -->","yoast_head_json":{"title":"Paris sur la Candidate \u00e0 la cour Supr\u00eame des Etats-Unis - Finale Coupe du Monde FIFA","description":"Parier sur la Politique : Qui sera le prochain candidat \u00e0 la Cour Supr\u00eame des \u00c9tats-Unis ?","robots":{"index":"index","follow":"follow","max-snippet":"max-snippet:-1","max-image-preview":"max-image-preview:large","max-video-preview":"max-video-preview:-1"},"canonical":"https:\/\/parier-presidentielle.com\/de\/pariser-kandidat-supreme-court-vereinigte-staaten\/","og_locale":"de_DE","og_type":"article","og_title":"Paris sur la Candidate \u00e0 la cour Supr\u00eame des Etats-Unis","og_description":"Parier sur la Politique : Qui sera le prochain candidat \u00e0 la Cour Supr\u00eame des \u00c9tats-Unis ?","og_url":"https:\/\/parier-presidentielle.com\/de\/pariser-kandidat-supreme-court-vereinigte-staaten\/","og_site_name":"Parier Pr\u00e9sidentielle","article_modified_time":"2022-02-24T16:52:41+00:00","og_image":[{"url":"https:\/\/parier-presidentielle.com\/wp-content\/uploads\/2022\/02\/candidat-a-la-cour-supreme-des-etats-unis-1024x576.jpg"}],"twitter_card":"summary_large_image","twitter_misc":{"Gesch\u00e4tzte Lesezeit":"4 Minuten"},"schema":{"@context":"https:\/\/schema.org","@graph":[{"@type":"WebPage","@id":"https:\/\/parier-presidentielle.com\/paris-candidate-cour-supreme-etats-unis\/","url":"https:\/\/parier-presidentielle.com\/paris-candidate-cour-supreme-etats-unis\/","name":"Paris sur la Candidate \u00e0 la cour Supr\u00eame des Etats-Unis - Finale Coupe du Monde FIFA","isPartOf":{"@id":"https:\/\/parier-presidentielle.com\/#website"},"datePublished":"2022-02-21T12:37:39+00:00","dateModified":"2022-02-24T16:52:41+00:00","description":"Parier sur la Politique : Qui sera le prochain candidat \u00e0 la Cour Supr\u00eame des \u00c9tats-Unis ?","breadcrumb":{"@id":"https:\/\/parier-presidentielle.com\/paris-candidate-cour-supreme-etats-unis\/#breadcrumb"},"inLanguage":"de-DE","potentialAction":[{"@type":"ReadAction","target":["https:\/\/parier-presidentielle.com\/paris-candidate-cour-supreme-etats-unis\/"]}]},{"@type":"BreadcrumbList","@id":"https:\/\/parier-presidentielle.com\/paris-candidate-cour-supreme-etats-unis\/#breadcrumb","itemListElement":[{"@type":"ListItem","position":1,"name":"Accueil","item":"https:\/\/parier-presidentielle.com\/"},{"@type":"ListItem","position":2,"name":"Paris sur la Candidate \u00e0 la cour Supr\u00eame des Etats-Unis"}]},{"@type":"WebSite","@id":"https:\/\/parier-presidentielle.com\/#website","url":"https:\/\/parier-presidentielle.com\/","name":"Parier Pr\u00e9sidentielle","description":"Paris, Pronostics, Wiki sur la Politique, les Elections Am\u00e9ricaines: Joe Biden, Donald Trump avec les Bookmakers en ligne Unibet, Bwin, Betclic, Winamax","potentialAction":[{"@type":"SearchAction","target":{"@type":"EntryPoint","urlTemplate":"https:\/\/parier-presidentielle.com\/?s={search_term_string}"},"query-input":"required name=search_term_string"}],"inLanguage":"de-DE"}]}},"_links":{"self":[{"href":"https:\/\/parier-presidentielle.com\/de\/wp-json\/wp\/v2\/pages\/576"}],"collection":[{"href":"https:\/\/parier-presidentielle.com\/de\/wp-json\/wp\/v2\/pages"}],"about":[{"href":"https:\/\/parier-presidentielle.com\/de\/wp-json\/wp\/v2\/types\/page"}],"author":[{"embeddable":true,"href":"https:\/\/parier-presidentielle.com\/de\/wp-json\/wp\/v2\/users\/1"}],"replies":[{"embeddable":true,"href":"https:\/\/parier-presidentielle.com\/de\/wp-json\/wp\/v2\/comments?post=576"}],"version-history":[{"count":25,"href":"https:\/\/parier-presidentielle.com\/de\/wp-json\/wp\/v2\/pages\/576\/revisions"}],"predecessor-version":[{"id":1682,"href":"https:\/\/parier-presidentielle.com\/de\/wp-json\/wp\/v2\/pages\/576\/revisions\/1682"}],"wp:attachment":[{"href":"https:\/\/parier-presidentielle.com\/de\/wp-json\/wp\/v2\/media?parent=576"}],"curies":[{"name":"wp","href":"https:\/\/api.w.org\/{rel}","templated":true}]}}