{"id":898,"date":"2022-03-07T13:10:43","date_gmt":"2022-03-07T12:10:43","guid":{"rendered":"https:\/\/parier-presidentielle.com\/?page_id=898"},"modified":"2023-09-23T21:23:58","modified_gmt":"2023-09-23T19:23:58","slug":"plan","status":"publish","type":"page","link":"https:\/\/parier-presidentielle.com\/de\/planen\/","title":{"rendered":"Sitemaps von Parier-Presidentielle.com"},"content":{"rendered":"<div class=\"wp-block-group is-layout-flow wp-block-group-is-layout-flow\"><div class=\"wp-block-group__inner-container\">\n<div class=\"wp-block-group is-layout-flow wp-block-group-is-layout-flow\"><div class=\"wp-block-group__inner-container\">\n<p>Willkommen auf der Sitemap! Hier finden Sie alle Links zu Ihrem Thema \u201eParis zum Thema Politik\u201c, damit Sie \u00fcber das n\u00f6tige Wissen verf\u00fcgen, um zum ersten Mal wetten zu k\u00f6nnen. So wie Sie alle Chancen aller Wahlen verfolgen k\u00f6nnen: Franz\u00f6sisch, Amerikanisch ...<br><br><br>Franz\u00f6sische Version von Parier-Presidentielle.com:<br><a href=\"https:\/\/parier-presidentielle.com\/de\/\">Betting-Presidential: Leitfaden f\u00fcr Wetten auf die US-Wahl 2024<\/a><br>Englische Version von Parier-Presidentielle.com:<br><a href=\"https:\/\/parier-presidentielle.com\/en\/\">Wettleitfaden f\u00fcr die US-Pr\u00e4sidentschaftswahl 2024<\/a><\/p>\n\n\n\n<p>Spanische Version von Parier-Presidentielle.com: <br><a href=\"https:\/\/parier-presidentielle.com\/es\/\">Apuesta de Elecciones Presidenciales Francia Politica<\/a><\/p>\n<\/div><\/div>\n<\/div><\/div>\n\n\n\n<div class=\"wp-block-group is-layout-flow wp-block-group-is-layout-flow\"><div class=\"wp-block-group__inner-container\">\n<p><\/p>\n<\/div><\/div>\n\n\n\n<div class=\"wsp-container\"><h2 class=\"wsp-pages-title\"><span id=\"pages\">Seiten<\/span><\/h2>\n<ul class=\"wsp-pages-list\">\n<li class=\"page_item page-item-525\"><a href=\"https:\/\/parier-presidentielle.com\/de\/1xbit-richtlinie\/\">1xBit: Auf Politik in Bitcoin wetten<\/a><\/li>\n<li class=\"page_item page-item-1789\"><a href=\"https:\/\/parier-presidentielle.com\/de\/argentinien-frankreich-finale-weltmeisterschaft-2022-unibet-bwin\/\">Argentinien \u2013 Frankreich: Das WM-Finale 2022<\/a><\/li>\n<li class=\"page_item page-item-163\"><a href=\"https:\/\/parier-presidentielle.com\/de\/asselineau-buchmacher\/\">Asselineau Buchmacher: Wetten, Quoten und Prognosen<\/a><\/li>\n<li class=\"page_item page-item-121\"><a href=\"https:\/\/parier-presidentielle.com\/de\/asselineau-buchmacher-unibet-bwin\/\">Asselineau und die Pr\u00e4sidentschaftswahl laut Les Bookmakers Bwin, Unibet<\/a><\/li>\n<li class=\"page_item page-item-709\"><a href=\"https:\/\/parier-presidentielle.com\/de\/betclic-amerikanische-wahl-2024\/\">Betclic: Wetten Sie auf die amerikanische Pr\u00e4sidentschaftswahl 2024<\/a><\/li>\n<li class=\"page_item page-item-235\"><a href=\"https:\/\/parier-presidentielle.com\/de\/betclic-prasidentschafts-2022\/\">Betclic: Wetten Sie auf die Pr\u00e4sidentschaftswahl 2022<\/a><\/li>\n<li class=\"page_item page-item-269\"><a href=\"https:\/\/parier-presidentielle.com\/de\/buchmacher-wahl-politik-2022\/\">Buchmacher: Wo kann man am besten auf Politik und die Pr\u00e4sidentschaftswahl 2022 wetten?<\/a><\/li>\n<li class=\"page_item page-item-195\"><a href=\"https:\/\/parier-presidentielle.com\/de\/buchmacher-politik\/\">Buchmacher und Politik: Paris \u00fcber die franz\u00f6sischen Wahlen<\/a><\/li>\n<li class=\"page_item page-item-250\"><a href=\"https:\/\/parier-presidentielle.com\/de\/bwin-politik-wahl-2022\/\">Bwin: Buchmacher f\u00fcr Wetten auf die Pr\u00e4sidentschaftswahlen 2022<\/a><\/li>\n<li class=\"page_item page-item-557\"><a href=\"https:\/\/parier-presidentielle.com\/de\/bwin-wetten-auf-politik\/\">Bwin: Wetten auf Politik<\/a><\/li>\n<li class=\"page_item page-item-68\"><a href=\"https:\/\/parier-presidentielle.com\/de\/emmanuel-macron-marine-le-pen-eric-zemmour-umfrage\/\">Pr\u00e4sidentschaftswahl 2022: Laut Umfragen stehen Emmanuel Macron und Marine Le Pen im zweiten Wahlgang<\/a><\/li>\n<li class=\"page_item page-item-1946\"><a href=\"https:\/\/parier-presidentielle.com\/de\/joe-biden-cannabis-hhc\/\">Joe Biden und der Cannabismarkt, HHC<\/a><\/li>\n<li class=\"page_item page-item-1956\"><a href=\"https:\/\/parier-presidentielle.com\/de\/donald-trump-auf-dem-cannabis-und-hhc-markt\/\">Die Auswirkungen von Donald Trump auf den Cannabis- und HHC-Markt<\/a><\/li>\n<li class=\"page_item page-item-951\"><a href=\"https:\/\/parier-presidentielle.com\/de\/buchmacher-umfragen-prasidentschaftswahl\/\">Buchmacher: Zuverl\u00e4ssiger als Umfragen zur Pr\u00e4sidentschaftswahl<\/a><\/li>\n<li class=\"page_item page-item-54\"><a href=\"https:\/\/parier-presidentielle.com\/de\/buchmacher-wahl\/\">Buchmacher und die Pr\u00e4sidentschaftswahl<\/a><\/li>\n<li class=\"page_item page-item-208\"><a href=\"https:\/\/parier-presidentielle.com\/de\/buchmacher-macron-le-pen\/\">Die Quoten der Buchmacher: Unibet, Bwin, Betclic setzen auf die zweite Runde Macron \u2013 Le Pen<\/a><\/li>\n<li class=\"page_item page-item-1671\"><a href=\"https:\/\/parier-presidentielle.com\/de\/quoten-buchmacher-zweite-runde-brasilianische-wahlen-lula-bolsonaro\/\">Die Quoten der Buchmacher f\u00fcr die 2. Runde der brasilianischen Wahlen zwischen Lula und Bolsonaro<\/a><\/li>\n<li class=\"page_item page-item-30\"><a href=\"https:\/\/parier-presidentielle.com\/de\/macron-le-pen-buchmacher\/\">Macron \u2013 Le Pen: Die Buchmacher geben ihre Quoten f\u00fcr die zweite Runde der Pr\u00e4sidentschaftswahl ab<\/a><\/li>\n<li class=\"page_item page-item-255\"><a href=\"https:\/\/parier-presidentielle.com\/de\/netbet-paris-politik-wahl-2022\/\">NetBet: Wetten auf Politik und die Pr\u00e4sidentschaftswahlen 2022<\/a><\/li>\n<li class=\"page_item page-item-1738\"><a href=\"https:\/\/parier-presidentielle.com\/de\/unibet-bet-wm-2022\/\">Wetten Sie mit Unibet auf die WM 2022<\/a><\/li>\n<li class=\"page_item page-item-31\"><a href=\"https:\/\/parier-presidentielle.com\/de\/macron-wahl\/\">Wetten Sie auf die Wahl von Emmanuel Macron<\/a><\/li>\n<li class=\"page_item page-item-38\"><a href=\"https:\/\/parier-presidentielle.com\/de\/zemmour-wahl\/\">Wetten Sie auf die Wahl von Eric Zemmour<\/a><\/li>\n<li class=\"page_item page-item-41\"><a href=\"https:\/\/parier-presidentielle.com\/de\/marine-le-pen-wahl\/\">Wetten Sie auf die Wahl von Marine Le Pen<\/a><\/li>\n<li class=\"page_item page-item-281\"><a href=\"https:\/\/parier-presidentielle.com\/de\/anne-hidalgo-wahl-2022\/\">Wetten Sie auf die Wahl von Anne Hidalgo 2022<\/a><\/li>\n<li class=\"page_item page-item-157\"><a href=\"https:\/\/parier-presidentielle.com\/de\/asselineau-wahl\/\">Wetten Sie auf die Wahl von Fran\u00e7ois Asselineau<\/a><\/li>\n<li class=\"page_item page-item-212\"><a href=\"https:\/\/parier-presidentielle.com\/de\/melenchon-wahl\/\">Wetten Sie auf die Wahl von Jean-Luc M\u00e9lenchon<\/a><\/li>\n<li class=\"page_item page-item-422\"><a href=\"https:\/\/parier-presidentielle.com\/de\/valerie-pecresse-wahl\/\">Wetten Sie auf die Wahl von Val\u00e9rie P\u00e9cresse<\/a><\/li>\n<li class=\"page_item page-item-24\"><a href=\"https:\/\/parier-presidentielle.com\/de\/\">Wetten Sie auf Politik und Wahlen mit den besten Buchmachern: Unibet, Bwin<\/a><\/li>\n<li class=\"page_item page-item-576\"><a href=\"https:\/\/parier-presidentielle.com\/de\/pariser-kandidat-supreme-court-vereinigte-staaten\/\">Wetten auf den Kandidaten f\u00fcr den Obersten Gerichtshof der Vereinigten Staaten<\/a><\/li>\n<li class=\"page_item page-item-898\"><a href=\"https:\/\/parier-presidentielle.com\/de\/planen\/\">Sitemaps von Parier-Presidentielle.com<\/a><\/li>\n<li class=\"page_item page-item-2\"><a href=\"https:\/\/parier-presidentielle.com\/de\/unibet-policy-wahl-2022\/\">Unibet: Online-Wetten f\u00fcr die Pr\u00e4sidentschaftswahl 2022<\/a><\/li>\n<li class=\"page_item page-item-1962\"><a href=\"https:\/\/parier-presidentielle.com\/de\/vladimir-putin-welche-meinung-zum-cannabismarkt-und-hhc\/\">Wladimir Putin, welche Meinung zum Cannabis- und HHC-Markt?<\/a><\/li>\n<li class=\"page_item page-item-1459\"><a href=\"https:\/\/parier-presidentielle.com\/de\/william-hill-prasident\/\">William Hill: Englischer Buchmacher f\u00fcr Wetten auf die franz\u00f6sischen Pr\u00e4sidentschaftswahlen 2022<\/a><\/li>\n<li class=\"page_item page-item-257\"><a href=\"https:\/\/parier-presidentielle.com\/de\/winamax-politikwahl-2022\/\">Winamax: Wetten auf Politik und die Pr\u00e4sidentschaftswahlen 2022<\/a><\/li>\n<\/ul>\n<h2 class=\"wsp-posts-title\"><span id=\"posts-by-category\">Beitr\u00e4ge nach Kategorie<\/span><\/h2>\n<ul class=\"wsp-posts-list\">\n\t<li><strong class=\"wsp-category-title\">Kategorie: <a href=\"https:\/\/parier-presidentielle.com\/de\/category\/nicht-klassifiziert\/\">Nicht klassifiziert<\/a><\/strong>\n<ul class=\"wsp-posts-list\">\t\t<li class=\"wsp-post\"><a href=\"https:\/\/parier-presidentielle.com\/de\/prasidentschaftswahlen-2022-wetten-rund-um-die-welt-wetten-auf-die-zweite-runde\/\">Pr\u00e4sidentschaftswahlen 2022: Wetter auf der ganzen Welt setzen auf die zweite Runde!<\/a><\/li>\n\t\t<li class=\"wsp-post\"><a href=\"https:\/\/parier-presidentielle.com\/de\/franzosische-wahl-wer-sind-die-kandidaten\/\">Wahl in Frankreich: Wer sind die Kandidaten?<\/a><\/li>\n\t\t<li class=\"wsp-post\"><a href=\"https:\/\/parier-presidentielle.com\/de\/macron-buchmacher-umfrage\/\">Macron Favorit der Buchmacher nach dem Krieg in der Ukraine<\/a><\/li>\n<\/ul><\/li>\n<\/ul>\n<h2 class=\"wsp-admin_menus-title\"><span id=\"admin-menus\">Admin-Men\u00fcs<\/span><\/h2>\n<ul class=\"wsp-admin_menus-list\">\n<li><a href=\"https:\/\/parier-presidentielle.com\/de\/admin_menu\/mon-menu\/\">Mein Men\u00fc<\/a><\/li>\n<\/ul>\n<h2 class=\"wsp-admin_toolbars-title\"><span id=\"admin-toolbars\">Admin-Symbolleisten<\/span><\/h2>\n<ul class=\"wsp-admin_toolbars-list\">\n<li><a href=\"https:\/\/parier-presidentielle.com\/de\/admin_toolbar\/back-end\/\">Back- und Frontend<\/a><\/li>\n<\/ul>\n<h2 class=\"wsp-hide_plugins-title\"><span id=\"hide-plugins\">Plugins ausblenden<\/span><\/h2>\n<ul class=\"wsp-hide_plugins-list\">\n<li><a href=\"https:\/\/parier-presidentielle.com\/de\/hide_plugin\/hide-plugin\/\">Plugin ausblenden<\/a><\/li>\n<\/ul>\n<\/div>\n\n\n\n<p><\/p>\n<div id=\"toc_container\" class=\"no_bullets\"><p class=\"toc_title\">Inhaltsverzeichnis<\/p><ul class=\"toc_list\"><li><\/li><li><\/li><li><\/li><li><\/li><li><\/li><\/ul><\/div>","protected":false},"excerpt":{"rendered":"<p>Bienvenue sur plan du site! Retrouver l&#8217;int\u00e9gralit\u00e9 des liens ainsi pour vour le Paris sur la politique ainsi vous aurez toutes connaissance n\u00e9cessaire pour r\u00e9aliser parier pour la premiere fois. De meme que vous pourrez suivre toutes les cotes sur toutes les \u00e9lections : Francaises, Am\u00e9ricaines&#8230; Version Francaise de Parier-Presidentielle.com :Parier-Pr\u00e9sidentielle : guide pour parier &#8230;<\/p>","protected":false},"author":1,"featured_media":0,"parent":0,"menu_order":0,"comment_status":"closed","ping_status":"closed","template":"page-nosidebar.php","meta":{"footnotes":""},"yoast_head":"<!-- This site is optimized with the Yoast SEO Premium plugin v21.0 (Yoast SEO v21.0) - https:\/\/yoast.com\/wordpress\/plugins\/seo\/ -->\n<title>Plans du site de Parier-Presidentielle.com - Finale Coupe du Monde FIFA<\/title>\n<meta name=\"description\" content=\"Int\u00e9gralit\u00e9 et guide du site\" \/>\n<meta name=\"robots\" content=\"index, follow, max-snippet:-1, max-image-preview:large, max-video-preview:-1\" \/>\n<link rel=\"canonical\" href=\"https:\/\/parier-presidentielle.com\/de\/planen\/\" \/>\n<meta property=\"og:locale\" content=\"de_DE\" \/>\n<meta property=\"og:type\" content=\"article\" \/>\n<meta property=\"og:title\" content=\"Plans du site de Parier-Presidentielle.com\" \/>\n<meta property=\"og:description\" content=\"Int\u00e9gralit\u00e9 et guide du site\" \/>\n<meta property=\"og:url\" content=\"https:\/\/parier-presidentielle.com\/de\/planen\/\" \/>\n<meta property=\"og:site_name\" content=\"Parier Pr\u00e9sidentielle\" \/>\n<meta property=\"article:modified_time\" content=\"2023-09-23T19:23:58+00:00\" \/>\n<meta name=\"twitter:card\" content=\"summary_large_image\" \/>\n<meta name=\"twitter:label1\" content=\"Gesch\u00e4tzte Lesezeit\" \/>\n\t<meta name=\"twitter:data1\" content=\"1 Minute\" \/>\n<script type=\"application\/ld+json\" class=\"yoast-schema-graph\">{\"@context\":\"https:\/\/schema.org\",\"@graph\":[{\"@type\":\"WebPage\",\"@id\":\"https:\/\/parier-presidentielle.com\/plan\/\",\"url\":\"https:\/\/parier-presidentielle.com\/plan\/\",\"name\":\"Plans du site de Parier-Presidentielle.com - Finale Coupe du Monde FIFA\",\"isPartOf\":{\"@id\":\"https:\/\/parier-presidentielle.com\/#website\"},\"datePublished\":\"2022-03-07T12:10:43+00:00\",\"dateModified\":\"2023-09-23T19:23:58+00:00\",\"description\":\"Int\u00e9gralit\u00e9 et guide du site\",\"breadcrumb\":{\"@id\":\"https:\/\/parier-presidentielle.com\/plan\/#breadcrumb\"},\"inLanguage\":\"de-DE\",\"potentialAction\":[{\"@type\":\"ReadAction\",\"target\":[\"https:\/\/parier-presidentielle.com\/plan\/\"]}]},{\"@type\":\"BreadcrumbList\",\"@id\":\"https:\/\/parier-presidentielle.com\/plan\/#breadcrumb\",\"itemListElement\":[{\"@type\":\"ListItem\",\"position\":1,\"name\":\"Accueil\",\"item\":\"https:\/\/parier-presidentielle.com\/\"},{\"@type\":\"ListItem\",\"position\":2,\"name\":\"Plans du site de Parier-Presidentielle.com\"}]},{\"@type\":\"WebSite\",\"@id\":\"https:\/\/parier-presidentielle.com\/#website\",\"url\":\"https:\/\/parier-presidentielle.com\/\",\"name\":\"Parier Pr\u00e9sidentielle\",\"description\":\"Paris, Pronostics, Wiki sur la Politique, les Elections Am\u00e9ricaines: Joe Biden, Donald Trump avec les Bookmakers en ligne Unibet, Bwin, Betclic, Winamax\",\"potentialAction\":[{\"@type\":\"SearchAction\",\"target\":{\"@type\":\"EntryPoint\",\"urlTemplate\":\"https:\/\/parier-presidentielle.com\/?s={search_term_string}\"},\"query-input\":\"required name=search_term_string\"}],\"inLanguage\":\"de-DE\"}]}<\/script>\n<!-- \/ Yoast SEO Premium plugin. -->","yoast_head_json":{"title":"Plans du site de Parier-Presidentielle.com - Finale Coupe du Monde FIFA","description":"Int\u00e9gralit\u00e9 et guide du site","robots":{"index":"index","follow":"follow","max-snippet":"max-snippet:-1","max-image-preview":"max-image-preview:large","max-video-preview":"max-video-preview:-1"},"canonical":"https:\/\/parier-presidentielle.com\/de\/planen\/","og_locale":"de_DE","og_type":"article","og_title":"Plans du site de Parier-Presidentielle.com","og_description":"Int\u00e9gralit\u00e9 et guide du site","og_url":"https:\/\/parier-presidentielle.com\/de\/planen\/","og_site_name":"Parier Pr\u00e9sidentielle","article_modified_time":"2023-09-23T19:23:58+00:00","twitter_card":"summary_large_image","twitter_misc":{"Gesch\u00e4tzte Lesezeit":"1 Minute"},"schema":{"@context":"https:\/\/schema.org","@graph":[{"@type":"WebPage","@id":"https:\/\/parier-presidentielle.com\/plan\/","url":"https:\/\/parier-presidentielle.com\/plan\/","name":"Plans du site de Parier-Presidentielle.com - Finale Coupe du Monde FIFA","isPartOf":{"@id":"https:\/\/parier-presidentielle.com\/#website"},"datePublished":"2022-03-07T12:10:43+00:00","dateModified":"2023-09-23T19:23:58+00:00","description":"Int\u00e9gralit\u00e9 et guide du site","breadcrumb":{"@id":"https:\/\/parier-presidentielle.com\/plan\/#breadcrumb"},"inLanguage":"de-DE","potentialAction":[{"@type":"ReadAction","target":["https:\/\/parier-presidentielle.com\/plan\/"]}]},{"@type":"BreadcrumbList","@id":"https:\/\/parier-presidentielle.com\/plan\/#breadcrumb","itemListElement":[{"@type":"ListItem","position":1,"name":"Accueil","item":"https:\/\/parier-presidentielle.com\/"},{"@type":"ListItem","position":2,"name":"Plans du site de Parier-Presidentielle.com"}]},{"@type":"WebSite","@id":"https:\/\/parier-presidentielle.com\/#website","url":"https:\/\/parier-presidentielle.com\/","name":"Parier Pr\u00e9sidentielle","description":"Paris, Pronostics, Wiki sur la Politique, les Elections Am\u00e9ricaines: Joe Biden, Donald Trump avec les Bookmakers en ligne Unibet, Bwin, Betclic, Winamax","potentialAction":[{"@type":"SearchAction","target":{"@type":"EntryPoint","urlTemplate":"https:\/\/parier-presidentielle.com\/?s={search_term_string}"},"query-input":"required name=search_term_string"}],"inLanguage":"de-DE"}]}},"_links":{"self":[{"href":"https:\/\/parier-presidentielle.com\/de\/wp-json\/wp\/v2\/pages\/898"}],"collection":[{"href":"https:\/\/parier-presidentielle.com\/de\/wp-json\/wp\/v2\/pages"}],"about":[{"href":"https:\/\/parier-presidentielle.com\/de\/wp-json\/wp\/v2\/types\/page"}],"author":[{"embeddable":true,"href":"https:\/\/parier-presidentielle.com\/de\/wp-json\/wp\/v2\/users\/1"}],"replies":[{"embeddable":true,"href":"https:\/\/parier-presidentielle.com\/de\/wp-json\/wp\/v2\/comments?post=898"}],"version-history":[{"count":12,"href":"https:\/\/parier-presidentielle.com\/de\/wp-json\/wp\/v2\/pages\/898\/revisions"}],"predecessor-version":[{"id":2564,"href":"https:\/\/parier-presidentielle.com\/de\/wp-json\/wp\/v2\/pages\/898\/revisions\/2564"}],"wp:attachment":[{"href":"https:\/\/parier-presidentielle.com\/de\/wp-json\/wp\/v2\/media?parent=898"}],"curies":[{"name":"wp","href":"https:\/\/api.w.org\/{rel}","templated":true}]}}