{"id":951,"date":"2022-03-08T15:51:23","date_gmt":"2022-03-08T14:51:23","guid":{"rendered":"https:\/\/parier-presidentielle.com\/?page_id=951"},"modified":"2022-03-30T23:38:42","modified_gmt":"2022-03-30T21:38:42","slug":"bookmakers-sondages-election-presidentielle","status":"publish","type":"page","link":"https:\/\/parier-presidentielle.com\/de\/buchmacher-umfragen-prasidentschaftswahl\/","title":{"rendered":"Buchmacher: Zuverl\u00e4ssiger als Umfragen zur Pr\u00e4sidentschaftswahl"},"content":{"rendered":"<h2 class=\"wp-block-heading\"><span id=\"le-paradoxe-des-sondages-politiques\">Das Paradox der politischen Umfragen<\/span><\/h2>\n\n\n\n<p><br><em>Je mehr Menschen \u00fcber Umfragetechniken erfuhren und den Ergebnissen ausgesetzt waren, desto voreingenommener wurden die Ergebnisse. Wieso den?<\/em><\/p>\n\n\n\n<figure class=\"wp-block-image size-large wp-duotone-000096-rgba2557171051-1\"><img decoding=\"async\" loading=\"lazy\" width=\"1024\" height=\"545\" src=\"https:\/\/parier-presidentielle.com\/wp-content\/uploads\/2022\/03\/bookmakers-sondages-election-presidentielle-1024x545.jpg\" alt=\"\" class=\"wp-image-965\" srcset=\"https:\/\/parier-presidentielle.com\/wp-content\/uploads\/2022\/03\/bookmakers-sondages-election-presidentielle-1024x545.jpg 1024w, https:\/\/parier-presidentielle.com\/wp-content\/uploads\/2022\/03\/bookmakers-sondages-election-presidentielle-300x160.jpg 300w, https:\/\/parier-presidentielle.com\/wp-content\/uploads\/2022\/03\/bookmakers-sondages-election-presidentielle-768x409.jpg 768w, https:\/\/parier-presidentielle.com\/wp-content\/uploads\/2022\/03\/bookmakers-sondages-election-presidentielle-1536x818.jpg 1536w, https:\/\/parier-presidentielle.com\/wp-content\/uploads\/2022\/03\/bookmakers-sondages-election-presidentielle-2048x1091.jpg 2048w\" sizes=\"(max-width: 1024px) 100vw, 1024px\" \/><\/figure>\n\n\n\n<p>Trotz ihrer langen Geschichte haben Vorwahlumfragen einen gro\u00dfen Fehler: Die Befragten haben den freien Willen, zu l\u00fcgen, ihre Meinung zu \u00e4ndern und bei fr\u00fcheren Abstimmungen zu betr\u00fcgen. Aktuelle Beispiele aus dem Vereinigten K\u00f6nigreich und den Vereinigten Staaten zeigen, dass ein gro\u00dfer Teil der Bev\u00f6lkerung entweder in der befragten Stichprobe nicht vertreten und daher schwer zu korrigieren ist oder seine Wahlabsichten in letzter Minute aufgrund direkter oder freiwilliger (faktenbasierter) Faktoren \u00e4ndert auf statistischen Stichprobenerhebungen macht es schwierig, die Ursache dieser Ver\u00e4nderung nachzuvollziehen). Was bei dieser Wahl ganz deutlich der Fall ist, die Zahl der W\u00e4hler ist rekordverd\u00e4chtig!<\/p>\n\n\n\n<div class=\"wp-block-columns is-layout-flex wp-container-5 wp-block-columns-is-layout-flex\">\n<div class=\"wp-block-column is-layout-flow wp-block-column-is-layout-flow\" style=\"flex-basis:100%\">\n<div class=\"wp-block-columns is-layout-flex wp-container-3 wp-block-columns-is-layout-flex\">\n<div class=\"wp-block-column is-layout-flow wp-block-column-is-layout-flow\" style=\"flex-basis:100%\">\n<center><script type=\"text\/javascript\" charset=\"utf-8\" src=\"https:\/\/www.gambling-affiliation.com\/cpm\/v=AmIMTDSs92QY6b0MzDMvM5laCjJ-ZlA-1oQ-7tKsi.w_GA7331V2\"><\/script><\/center>\n\n\n\n<p><\/p>\n\n\n\n<div class=\"wp-block-image is-style-default\"><figure class=\"aligncenter size-medium\"><a href=\"https:\/\/parier-presidentielle.com\/de\/recommends\/unibet-logo\/\" target=\"_blank\" rel=\"no follow noopener\"><img decoding=\"async\" loading=\"lazy\" width=\"300\" height=\"169\" src=\"https:\/\/parier-presidentielle.com\/wp-content\/uploads\/2022\/04\/unibet-300x169.jpg\" alt=\"\" class=\"wp-image-1252\" srcset=\"https:\/\/parier-presidentielle.com\/wp-content\/uploads\/2022\/04\/unibet-300x169.jpg 300w, https:\/\/parier-presidentielle.com\/wp-content\/uploads\/2022\/04\/unibet-1024x576.jpg 1024w, https:\/\/parier-presidentielle.com\/wp-content\/uploads\/2022\/04\/unibet-768x432.jpg 768w, https:\/\/parier-presidentielle.com\/wp-content\/uploads\/2022\/04\/unibet-18x10.jpg 18w, https:\/\/parier-presidentielle.com\/wp-content\/uploads\/2022\/04\/unibet.jpg 1280w\" sizes=\"(max-width: 300px) 100vw, 300px\" \/><\/a><\/figure><\/div>\n<\/div>\n<\/div>\n<\/div>\n<\/div>\n\n\n\n<p>Was, wenn zu viele Umfragen sie obsolet machen? Und wenn wir mit einem Paradoxon konfrontiert w\u00e4ren, das ich wie folgt definieren w\u00fcrde:<strong> Je mehr Menschen Umfragetechniken verstehen und den Ergebnissen ausgesetzt sind, desto voreingenommener sind die Ergebnisse.\u201c<\/strong> ?<br>Was nicht der Fall ist <a href=\"https:\/\/parier-presidentielle.com\/de\/buchmacher-umfragen-prasidentschaftswahl\/\">Buchmacher<\/a> zum Beispiel Unibet, <a href=\"https:\/\/parier-presidentielle.com\/de\/bwin-politik-wahl-2022\/\">Bwin<\/a>, Betclic\u2026<\/p>\n\n\n\n<div class=\"flourish-embed flourish-chart\" data-src=\"visualisation\/8788732\"><script src=\"https:\/\/public.flourish.studio\/resources\/embed.js\"><\/script><\/div>\n\n\n\n<h2 class=\"wp-block-heading\"><span id=\"les-sondages-politique-face-aux-opinions-et-bulle-informative\">Politische Umfragen versus Meinungen und Informationsblase<\/span><\/h2>\n\n\n\n<p>Dar\u00fcber hinaus kollidiert die kontinuierliche Ver\u00f6ffentlichung und landesweite Verbreitung \u00f6ffentlicher Meinungsforschung mit zwei interagierenden psychologischen Ph\u00e4nomenen: Best\u00e4tigungsverzerrung bedeutet, dass jemand dazu neigt, Informationen in Richtung seiner Gedanken und Annahmen zu bevorzugen; Gleichzeitig f\u00fchren gefilterte Informationsblasen dazu, dass er \u00e4hnliche Informationsquellen bevorzugt und daher tendenziell mit ihm \u00fcbereinstimmt (sei es Freunde in sozialen Netzwerken oder die Auswahl traditioneller Informationsquellen, die der \u00d6ffentlichkeit mit ihren redaktionellen Linien bekannt sind).<\/p>\n\n\n\n<p>Angesichts der Unsicherheit und voreingenommenen Stichproben sind andere Prognosetools erforderlich <a href=\"https:\/\/parier-presidentielle.com\/de\/buchmacher-umfragen-prasidentschaftswahl\/\">Umfragen <\/a>kann auftauchen, und ich denke, das relevanteste ist das, was mir vor einem Jahr unpassend erschien: Online-Gl\u00fccksspiele mit Websites wie Unibet, Bwin, Betclic.<\/p>\n\n\n\n<h3 class=\"wp-block-heading\"><span id=\"les-elections-presidentielles-c8217est-comme-le-pmu\">Pr\u00e4sidentschaftswahlen sind wie die PMU <\/span><\/h3>\n\n\n\n<p>Der erste <a href=\"https:\/\/parier-presidentielle.com\/de\/\">Wetten auf die Wahl <\/a>sieht aus wie das, was man auf einer Rennstrecke sieht. Jeder Kandidat hat einen Rang, der sich st\u00e4ndig \u00e4ndert. Dies wird von Experten mithilfe von Computern berechnet, die Meinungsumfragen, sozio\u00f6konomische Faktoren, aktuelle Ereignisse, die Ergebnisse fr\u00fcherer Konsultationen und bereits erfasste Probleme in ihre Berechnungen einbeziehen k\u00f6nnen.<\/p>\n\n\n\n<p><\/p>\n\n\n\n<p>Wenn ein Wettender beispielsweise an diesem Abend den Betrag setzt, wird er am Abend des 10. April gew\u00e4hlt und stellt seinen urspr\u00fcnglichen Einsatz wieder her, wodurch sich sein Betrag um ungef\u00e4hr erh\u00f6ht (von 5\/6 bis 11\/10, je nach Website). . Wenn er nicht Pr\u00e4sident wird, wird er seine urspr\u00fcngliche Wette nat\u00fcrlich definitiv verlieren. Wenn Nicolas Dupont-Aignan anhand dieser Tabelle gewinnt, kann ein sehr gl\u00fccklicher oder sehr vision\u00e4rer Mensch bis zum 1000-fachen seines Einsatzes gewinnen.<\/p>\n\n\n\n<p>Folglich m\u00fcssen Buchmacher entscheiden, ob sie die Quoten erh\u00f6hen, um potenzielle Wettende auf ihre Websites zu locken, oder ob sie die Quoten senken, um dem Gewinner nicht zu viel zu zahlen und seine Gewinne zu behalten. Der Mechanismus neigt daher zur Selbstregulierung, weshalb wir einen Konsens \u00fcber die Ergebnisse in dieser Tabelle sehen. Der Abstand zwischen den drei am h\u00f6chsten bewerteten Kandidaten ist vernachl\u00e4ssigbar, sodass die Buchmacher Unibet, Bwin und Betclic mit Werbeangeboten und Werbeaktivit\u00e4ten dazwischen konkurrieren ihnen.<\/p>\n\n\n\n<p><\/p>\n\n\n\n<h3 class=\"wp-block-heading\"><span id=\"un-bon-parieur-c8217est-un-bon-trader\">Ein guter B\u00f6rsenspekulant ist ein guter H\u00e4ndler<\/span><\/h3>\n\n\n\n<p>Die zweite Wette, die ich gefunden habe, \u00e4hnelt der Funktionsweise der B\u00f6rse. Die Website ist ein Marktplatz f\u00fcr den Handel mit Produkten, die wie Aktien funktionieren. Ein Ja-Produkt erh\u00e4lt am Wahlabend 1 $, wenn der Kandidat, den es vertritt, die Wahl gewinnt, andernfalls 0. Umgekehrt wird ein Nein-Produkt mit 1 $ bezahlt, wenn es verliert, und wertlos, wenn er gewinnt. Daher kann der Preis zwischen 0 $ und 1 $, ausgedr\u00fcckt in Cent, schwanken. Dabei ist es Sache des Wettenden, den Preis selbst festzulegen. Wenn ein Investor die Aktien eines Kandidaten besitzt und glaubt, dass dieser nicht gew\u00e4hlt wird, kann er sie an eine andere Person verkaufen, solange der Verkaufs- und Kaufpreis vergleichbar sind. Wenn aber alle Verk\u00e4ufer einen Preis wollen, den die K\u00e4ufer nicht zu zahlen bereit sind, wird der Deal nicht zustande kommen. <strong>Somit sind die angezeigten Quoten der Preis des letzten Trades und stellen daher den Marktkonsens \u00fcber die Gewinnwahrscheinlichkeit f\u00fcr diesen oder jenen Kandidaten dar.<\/strong>  <\/p>\n\n\n\n<p>Dadurch k\u00f6nnen Wettende schon lange vor der Wahl Gewinne oder Verluste verbuchen. Wenn ich die Ja-Aktien dieses Kandidaten am 5. Februar kaufe und sie am 21. Februar verkaufe, erhalte ich ungef\u00e4hr die doppelte anf\u00e4ngliche Beteiligung, selbst wenn ich das Ergebnis vom 7. Mai au\u00dfer Acht lasse. Wir k\u00f6nnen also Spiele spielen, indem wir entweder das Endergebnis vorhersagen oder einfach Trends \u00fcber einen bestimmten Zeitraum vorhersagen. <\/p>\n\n\n\n<h2 class=\"wp-block-heading\"><span id=\"mieux-que-les-sondages-vouloir-gagner-son-paris-permet-de-trouver-le-vainqueur-final-de-l8217election-presidentielle\">Besser als die Umfragen, die Sie gewinnen wollen. Paris erm\u00f6glicht es Ihnen, den endg\u00fcltigen Gewinner der Pr\u00e4sidentschaftswahlen zu ermitteln <\/span><\/h2>\n\n\n\n<p>In beiden F\u00e4llen wurden die mit der Umfrage und ihren Ergebnissen verbundenen psychologischen Vorurteile abgewogen, da die Teilnehmer nicht daran interessiert waren, auf das Ergebnis zu wetten, das sie wollten, sondern auf das Ergebnis, von dem sie glaubten, dass es eintreten w\u00fcrde. Daher scheint das auf Gier basierende Vorhersagesystem weniger anf\u00e4llig f\u00fcr Manipulationen zu sein, sei es freiwillig oder unfreiwillig, und Wettende haben kein Interesse daran, das Spiel zu spielen. Dies wirft jedoch die schwierige ethische Frage auf, f\u00fcr Ihre Meinung zu bezahlen.<\/p>\n\n\n\n<p class=\"has-text-align-center unibet\" style=\"font-size:25px\"><mark style=\"background-color:rgba(0, 0, 0, 0);color:#0d7a12\" class=\"has-inline-color\"><strong><a href=\"https:\/\/parier-presidentielle.com\/de\/recommends\/unibet\/\">150 \u20ac Bonus, der bei Unibet angeboten wird<br>F\u00fcr Ihre 1. politische oder sportliche Wette: Klicken Sie hier<\/a><\/strong><\/mark><\/p>\n\n\n\n<p><\/p>\n\n\n<div class=\"wp-block-image\">\n<figure class=\"aligncenter is-resized wp-duotone-000097-ff4747-6\"><img decoding=\"async\" loading=\"lazy\" src=\"https:\/\/parier-presidentielle.com\/wp-content\/uploads\/2021\/09\/election-standard-scale-4_00x-gigapixel-1024x623.jpg\" alt=\"Wahl 2022\" style=\"width:256px;height:156px\" width=\"256\" height=\"156\"\/><\/figure><\/div>\n\n\n<p><br><\/p>\n\n\n\n<p><strong>Parier-presidentielle hilft Ihnen, Ihre Wahl zwischen den verschiedenen zu treffen<a href=\"https:\/\/parier-presidentielle.com\/de\/\"> Die Buchmacher Bwin, Unibet und Betclic setzen 2024 auf den zuk\u00fcnftigen amerikanischen Pr\u00e4sidenten<\/a> : <\/strong><br><a href=\"https:\/\/parier-presidentielle.com\/de\/unibet-policy-wahl-2022\/\">Unibet Presidential Buchmacher<\/a> : Detaillierter und kostenloser Leitfaden, um Ihre 1. Wette online mit allen Quoten abzuschlie\u00dfen und wie Sie den angebotenen Bonus nutzen k\u00f6nnen!<\/p>\n\n\n\n<p>Sowie die anderen Online-Wettseiten: <a href=\"https:\/\/parier-presidentielle.com\/de\/unibet-policy-wahl-2022\/\">Bwin<\/a>, <a href=\"https:\/\/parier-presidentielle.com\/de\/netbet-paris-politik-wahl-2022\/\">NetBet<\/a>, <a href=\"https:\/\/parier-presidentielle.com\/de\/betclic-prasidentschafts-2022\/\">Betclic<\/a>, <a href=\"https:\/\/parier-presidentielle.com\/de\/winamax-politikwahl-2022\/\">Winamax<\/a>, Parions Sport, Zebet, Betway, France-Pari, Vbet, Cloudbet, 1Xbit, 1xbet, Betfair, Betwinner\u2026<\/p>\n\n\n\n<div class=\"wp-block-columns is-layout-flex wp-container-11 wp-block-columns-is-layout-flex\">\n<div class=\"wp-block-column is-layout-flow wp-block-column-is-layout-flow\" style=\"flex-basis:33.33%\">\n<p>Sie haben gerade unsere Datei gelesen:<\/p>\n<\/div>\n\n\n\n<div class=\"wp-block-column is-layout-flow wp-block-column-is-layout-flow\" style=\"flex-basis:33.33%\">\n<div class=\"wp-block-group is-layout-flow wp-block-group-is-layout-flow\"><div class=\"wp-block-group__inner-container\"><h4 class=\"has-text-align-center wp-block-post-title\"><span id=\"les-bookmakers-plus-fiable-que-les-sondages-pour-l8217election-presidentielle\"><a href=\"https:\/\/parier-presidentielle.com\/de\/buchmacher-umfragen-prasidentschaftswahl\/\" target=\"_self\" >Buchmacher: Zuverl\u00e4ssiger als Umfragen zur Pr\u00e4sidentschaftswahl<\/a><\/span><\/h4><\/div><\/div>\n<\/div>\n\n\n\n<div class=\"wp-block-column is-layout-flow wp-block-column-is-layout-flow\" style=\"flex-basis:33.33%\">\n<p class=\"has-text-align-right\">Lesen Sie weiter mit unseren anderen exklusiven Dateien,<\/p>\n<\/div>\n<\/div>\n\n\n\n<h3 class=\"wp-block-heading\" id=\"tous-les-pronostics-sondage-et-cotes-pour-parier-sur-le-futur-vainqueur-de-l-election-presidentielle-2022\"><span id=\"tous-les-pronostics-sondage-et-cotes-pour-parier-sur-le-futur-vainqueur-de-l8217election-presidentielle-2024\">Alle Vorhersagen, Umfragen und Quoten, um auf den zuk\u00fcnftigen Gewinner der Pr\u00e4sidentschaftswahl 2024 zu wetten:<\/span><\/h3>\n\n\n\n<ul>\n<li><a href=\"https:\/\/parier-presidentielle.com\/de\/macron-wahl\/\">Setzen Sie auf Emmanuel Macron mit Unibet, Betclic, Bwin<\/a> : Der Favorit von Umfragen und Vorhersagen <\/li>\n\n\n\n<li><a href=\"https:\/\/parier-presidentielle.com\/de\/marine-le-pen-wahl\/\">Marine Le Pen: Ihre Quoten und wie man bei Buchmachern wetten kann<\/a>: Der Herausforderer laut Unibet<\/li>\n<\/ul>\n\n\n\n<p><\/p>\n\n\n\n<center><script type=\"text\/javascript\" charset=\"utf-8\" src=\"https:\/\/www.gambling-affiliation.com\/cpm\/v=AmIMTDSs92QY6b0MzDMvM5laCjJ-ZlA-1oQ-7tKsi.w_GA7331V2\"><\/script><\/center>\n\n\n\n<h3 class=\"wp-block-heading\"><span id=\"donald-trump-vs-joe-biden-la-video-qui-lance-les-paris-en-ligne-sur-l8217election-politique-de-2024\">Donald Trump gegen Joe Biden: Das Video, das Online-Wetten auf die politischen Wahlen 2024 startet<\/span><\/h3>\n\n\n\n<figure class=\"wp-block-embed is-type-video is-provider-youtube wp-block-embed-youtube wp-embed-aspect-16-9 wp-has-aspect-ratio\"><div class=\"wp-block-embed__wrapper\">\n<iframe loading=\"lazy\" title=\"Der fr\u00fchere Pr\u00e4sident Donald Trump startet 2024 das Angebot des Wei\u00dfen Hauses #Short\" width=\"640\" height=\"360\" src=\"https:\/\/www.youtube.com\/embed\/hZykPRVe4Ag?feature=oembed\" frameborder=\"0\" allow=\"accelerometer; autoplay; clipboard-write; encrypted-media; gyroscope; picture-in-picture; web-share\" allowfullscreen><\/iframe>\n<\/div><\/figure>\n\n\n<div class=\"wp-block-image\">\n<figure class=\"aligncenter size-medium\"><a href=\"https:\/\/parier-presidentielle.com\/de\/recommends\/unibet\/\" target=\"_blank\" rel=\"noopener\"><img decoding=\"async\" loading=\"lazy\" width=\"300\" height=\"169\" src=\"https:\/\/parier-presidentielle.com\/wp-content\/uploads\/2022\/04\/unibet-300x169.jpg\" alt=\"\" class=\"wp-image-1252\" srcset=\"https:\/\/parier-presidentielle.com\/wp-content\/uploads\/2022\/04\/unibet-300x169.jpg 300w, https:\/\/parier-presidentielle.com\/wp-content\/uploads\/2022\/04\/unibet-1024x576.jpg 1024w, https:\/\/parier-presidentielle.com\/wp-content\/uploads\/2022\/04\/unibet-768x432.jpg 768w, https:\/\/parier-presidentielle.com\/wp-content\/uploads\/2022\/04\/unibet-18x10.jpg 18w, https:\/\/parier-presidentielle.com\/wp-content\/uploads\/2022\/04\/unibet.jpg 1280w\" sizes=\"(max-width: 300px) 100vw, 300px\" \/><\/a><\/figure><\/div>\n\n\n<p>Finden Sie im Wiki die wichtigsten politischen Nachrichten zu Cannabis und seinen legalen Derivaten: <strong>HHC, H4cbd, Thcp, Thcv, HSD, HHCPO, C4B<\/strong><\/p>\n\n\n\n<p><\/p>\n<div id=\"toc_container\" class=\"no_bullets\"><p class=\"toc_title\">Inhaltsverzeichnis<\/p><ul class=\"toc_list\"><li><\/li><li><ul><li><\/li><li><\/li><\/ul><\/li><li><ul><li><ul><li><\/li><\/ul><\/li><li><\/li><li><\/li><\/ul><\/li><\/ul><\/div>","protected":false},"excerpt":{"rendered":"<p>Le Paradoxe des sondages politiques Plus les gens apprenaient les techniques de sondage et \u00e9taient expos\u00e9s aux r\u00e9sultats, plus les r\u00e9sultats devenaient biais\u00e9s. Pourquoi? Malgr\u00e9 leur longue histoire, les sondages pr\u00e9\u00e9lectoraux ont un d\u00e9faut majeur\u00a0: les r\u00e9pondants ont le libre arbitre de mentir, de changer d&#8217;avis et de tricher sur les bulletins de vote pass\u00e9s. &#8230;<\/p>","protected":false},"author":1,"featured_media":0,"parent":0,"menu_order":0,"comment_status":"closed","ping_status":"closed","template":"page-nosidebar.php","meta":{"footnotes":""},"yoast_head":"<!-- This site is optimized with the Yoast SEO Premium plugin v21.0 (Yoast SEO v21.0) - https:\/\/yoast.com\/wordpress\/plugins\/seo\/ -->\n<title>Les Bookmakers : plus fiable que les Sondages pour l&#039;\u00e9lection pr\u00e9sidentielle - Finale Coupe du Monde FIFA<\/title>\n<meta name=\"description\" content=\"Les cotes des bookmakers sont plus fiable que les sondage pour la Politique : Pourquoi et comment en profiter?\" \/>\n<meta name=\"robots\" content=\"index, follow, max-snippet:-1, max-image-preview:large, max-video-preview:-1\" \/>\n<link rel=\"canonical\" href=\"https:\/\/parier-presidentielle.com\/de\/buchmacher-umfragen-prasidentschaftswahl\/\" \/>\n<meta property=\"og:locale\" content=\"de_DE\" \/>\n<meta property=\"og:type\" content=\"article\" \/>\n<meta property=\"og:title\" content=\"Les Bookmakers : plus fiable que les Sondages pour l&#039;\u00e9lection pr\u00e9sidentielle\" \/>\n<meta property=\"og:description\" content=\"Les cotes des bookmakers sont plus fiable que les sondage pour la Politique : Pourquoi et comment en profiter?\" \/>\n<meta property=\"og:url\" content=\"https:\/\/parier-presidentielle.com\/de\/buchmacher-umfragen-prasidentschaftswahl\/\" \/>\n<meta property=\"og:site_name\" content=\"Parier Pr\u00e9sidentielle\" \/>\n<meta property=\"article:modified_time\" content=\"2022-03-30T21:38:42+00:00\" \/>\n<meta property=\"og:image\" content=\"https:\/\/parier-presidentielle.com\/wp-content\/uploads\/2022\/03\/bookmakers-sondages-election-presidentielle-1024x545.jpg\" \/>\n<meta name=\"twitter:card\" content=\"summary_large_image\" \/>\n<meta name=\"twitter:label1\" content=\"Gesch\u00e4tzte Lesezeit\" \/>\n\t<meta name=\"twitter:data1\" content=\"5 Minuten\" \/>\n<script type=\"application\/ld+json\" class=\"yoast-schema-graph\">{\"@context\":\"https:\/\/schema.org\",\"@graph\":[{\"@type\":\"WebPage\",\"@id\":\"https:\/\/parier-presidentielle.com\/bookmakers-sondages-election-presidentielle\/\",\"url\":\"https:\/\/parier-presidentielle.com\/bookmakers-sondages-election-presidentielle\/\",\"name\":\"Les Bookmakers : plus fiable que les Sondages pour l'\u00e9lection pr\u00e9sidentielle - Finale Coupe du Monde FIFA\",\"isPartOf\":{\"@id\":\"https:\/\/parier-presidentielle.com\/#website\"},\"datePublished\":\"2022-03-08T14:51:23+00:00\",\"dateModified\":\"2022-03-30T21:38:42+00:00\",\"description\":\"Les cotes des bookmakers sont plus fiable que les sondage pour la Politique : Pourquoi et comment en profiter?\",\"breadcrumb\":{\"@id\":\"https:\/\/parier-presidentielle.com\/bookmakers-sondages-election-presidentielle\/#breadcrumb\"},\"inLanguage\":\"de-DE\",\"potentialAction\":[{\"@type\":\"ReadAction\",\"target\":[\"https:\/\/parier-presidentielle.com\/bookmakers-sondages-election-presidentielle\/\"]}]},{\"@type\":\"BreadcrumbList\",\"@id\":\"https:\/\/parier-presidentielle.com\/bookmakers-sondages-election-presidentielle\/#breadcrumb\",\"itemListElement\":[{\"@type\":\"ListItem\",\"position\":1,\"name\":\"Accueil\",\"item\":\"https:\/\/parier-presidentielle.com\/\"},{\"@type\":\"ListItem\",\"position\":2,\"name\":\"Les Bookmakers : plus fiable que les Sondages pour l&rsquo;\u00e9lection pr\u00e9sidentielle\"}]},{\"@type\":\"WebSite\",\"@id\":\"https:\/\/parier-presidentielle.com\/#website\",\"url\":\"https:\/\/parier-presidentielle.com\/\",\"name\":\"Parier Pr\u00e9sidentielle\",\"description\":\"Paris, Pronostics, Wiki sur la Politique, les Elections Am\u00e9ricaines: Joe Biden, Donald Trump avec les Bookmakers en ligne Unibet, Bwin, Betclic, Winamax\",\"potentialAction\":[{\"@type\":\"SearchAction\",\"target\":{\"@type\":\"EntryPoint\",\"urlTemplate\":\"https:\/\/parier-presidentielle.com\/?s={search_term_string}\"},\"query-input\":\"required name=search_term_string\"}],\"inLanguage\":\"de-DE\"}]}<\/script>\n<!-- \/ Yoast SEO Premium plugin. -->","yoast_head_json":{"title":"Les Bookmakers : plus fiable que les Sondages pour l'\u00e9lection pr\u00e9sidentielle - Finale Coupe du Monde FIFA","description":"Les cotes des bookmakers sont plus fiable que les sondage pour la Politique : Pourquoi et comment en profiter?","robots":{"index":"index","follow":"follow","max-snippet":"max-snippet:-1","max-image-preview":"max-image-preview:large","max-video-preview":"max-video-preview:-1"},"canonical":"https:\/\/parier-presidentielle.com\/de\/buchmacher-umfragen-prasidentschaftswahl\/","og_locale":"de_DE","og_type":"article","og_title":"Les Bookmakers : plus fiable que les Sondages pour l'\u00e9lection pr\u00e9sidentielle","og_description":"Les cotes des bookmakers sont plus fiable que les sondage pour la Politique : Pourquoi et comment en profiter?","og_url":"https:\/\/parier-presidentielle.com\/de\/buchmacher-umfragen-prasidentschaftswahl\/","og_site_name":"Parier Pr\u00e9sidentielle","article_modified_time":"2022-03-30T21:38:42+00:00","og_image":[{"url":"https:\/\/parier-presidentielle.com\/wp-content\/uploads\/2022\/03\/bookmakers-sondages-election-presidentielle-1024x545.jpg"}],"twitter_card":"summary_large_image","twitter_misc":{"Gesch\u00e4tzte Lesezeit":"5 Minuten"},"schema":{"@context":"https:\/\/schema.org","@graph":[{"@type":"WebPage","@id":"https:\/\/parier-presidentielle.com\/bookmakers-sondages-election-presidentielle\/","url":"https:\/\/parier-presidentielle.com\/bookmakers-sondages-election-presidentielle\/","name":"Les Bookmakers : plus fiable que les Sondages pour l'\u00e9lection pr\u00e9sidentielle - Finale Coupe du Monde FIFA","isPartOf":{"@id":"https:\/\/parier-presidentielle.com\/#website"},"datePublished":"2022-03-08T14:51:23+00:00","dateModified":"2022-03-30T21:38:42+00:00","description":"Les cotes des bookmakers sont plus fiable que les sondage pour la Politique : Pourquoi et comment en profiter?","breadcrumb":{"@id":"https:\/\/parier-presidentielle.com\/bookmakers-sondages-election-presidentielle\/#breadcrumb"},"inLanguage":"de-DE","potentialAction":[{"@type":"ReadAction","target":["https:\/\/parier-presidentielle.com\/bookmakers-sondages-election-presidentielle\/"]}]},{"@type":"BreadcrumbList","@id":"https:\/\/parier-presidentielle.com\/bookmakers-sondages-election-presidentielle\/#breadcrumb","itemListElement":[{"@type":"ListItem","position":1,"name":"Accueil","item":"https:\/\/parier-presidentielle.com\/"},{"@type":"ListItem","position":2,"name":"Les Bookmakers : plus fiable que les Sondages pour l&rsquo;\u00e9lection pr\u00e9sidentielle"}]},{"@type":"WebSite","@id":"https:\/\/parier-presidentielle.com\/#website","url":"https:\/\/parier-presidentielle.com\/","name":"Parier Pr\u00e9sidentielle","description":"Paris, Pronostics, Wiki sur la Politique, les Elections Am\u00e9ricaines: Joe Biden, Donald Trump avec les Bookmakers en ligne Unibet, Bwin, Betclic, Winamax","potentialAction":[{"@type":"SearchAction","target":{"@type":"EntryPoint","urlTemplate":"https:\/\/parier-presidentielle.com\/?s={search_term_string}"},"query-input":"required name=search_term_string"}],"inLanguage":"de-DE"}]}},"_links":{"self":[{"href":"https:\/\/parier-presidentielle.com\/de\/wp-json\/wp\/v2\/pages\/951"}],"collection":[{"href":"https:\/\/parier-presidentielle.com\/de\/wp-json\/wp\/v2\/pages"}],"about":[{"href":"https:\/\/parier-presidentielle.com\/de\/wp-json\/wp\/v2\/types\/page"}],"author":[{"embeddable":true,"href":"https:\/\/parier-presidentielle.com\/de\/wp-json\/wp\/v2\/users\/1"}],"replies":[{"embeddable":true,"href":"https:\/\/parier-presidentielle.com\/de\/wp-json\/wp\/v2\/comments?post=951"}],"version-history":[{"count":10,"href":"https:\/\/parier-presidentielle.com\/de\/wp-json\/wp\/v2\/pages\/951\/revisions"}],"predecessor-version":[{"id":1111,"href":"https:\/\/parier-presidentielle.com\/de\/wp-json\/wp\/v2\/pages\/951\/revisions\/1111"}],"wp:attachment":[{"href":"https:\/\/parier-presidentielle.com\/de\/wp-json\/wp\/v2\/media?parent=951"}],"curies":[{"name":"wp","href":"https:\/\/api.w.org\/{rel}","templated":true}]}}