{"id":1671,"date":"2022-10-26T14:33:37","date_gmt":"2022-10-26T12:33:37","guid":{"rendered":"https:\/\/parier-presidentielle.com\/?page_id=1671"},"modified":"2022-10-26T21:53:57","modified_gmt":"2022-10-26T19:53:57","slug":"cotes-bookmakers-second-tour-elections-bresiliennes-lula-bolsonaro","status":"publish","type":"page","link":"https:\/\/parier-presidentielle.com\/el\/\u03c0\u03b9\u03b8\u03b1\u03bd\u03cc\u03c4\u03b7\u03c4\u03b5\u03c2-bookmakers-\u03b4\u03b5\u03cd\u03c4\u03b5\u03c1\u03bf\u03c2-\u03b3\u03cd\u03c1\u03bf\u03c2-\u03b2\u03c1\u03b1\u03b6\u03b9\u03bb\u03af\/","title":{"rendered":"\u039f\u03b9 \u03b1\u03c0\u03bf\u03b4\u03cc\u03c3\u03b5\u03b9\u03c2 \u03c4\u03c9\u03bd bookmakers \u03b3\u03b9\u03b1 \u03c4\u03bf\u03bd \u03b4\u03b5\u03cd\u03c4\u03b5\u03c1\u03bf \u03b3\u03cd\u03c1\u03bf \u03c4\u03c9\u03bd \u03b5\u03ba\u03bb\u03bf\u03b3\u03ce\u03bd \u03c3\u03c4\u03b7 \u0392\u03c1\u03b1\u03b6\u03b9\u03bb\u03af\u03b1 \u03bc\u03b5\u03c4\u03b1\u03be\u03cd \u039b\u03bf\u03cd\u03bb\u03b1 \u03ba\u03b1\u03b9 \u039c\u03c0\u03bf\u03bb\u03c3\u03bf\u03bd\u03ac\u03c1\u03bf"},"content":{"rendered":"<figure class=\"wp-block-image size-large is-style-default\"><img decoding=\"async\" loading=\"lazy\" width=\"1024\" height=\"512\" src=\"https:\/\/parier-presidentielle.com\/wp-content\/uploads\/2022\/10\/lula-bolsonaro-1024x512.jpg\" alt=\"\u039f \u03c0\u03c1\u03ce\u03b7\u03bd \u03c0\u03c1\u03cc\u03b5\u03b4\u03c1\u03bf\u03c2 \u03c4\u03b7\u03c2 \u0392\u03c1\u03b1\u03b6\u03b9\u03bb\u03af\u03b1\u03c2 \u03c5\u03c0\u03bf\u03c8\u03ae\u03c6\u03b9\u03bf\u03c2 \u03b3\u03b9\u03b1 \u03b5\u03c0\u03b1\u03bd\u03b5\u03ba\u03bb\u03bf\u03b3\u03ae Luiz Inacio Lula da Silva, \u03b1\u03c1\u03b9\u03c3\u03c4\u03b5\u03c1\u03ac, \u03b5\u03bc\u03c6\u03b1\u03bd\u03af\u03b6\u03b5\u03c4\u03b1\u03b9 \u03c3\u03c4\u03bf \u03a3\u03ac\u03bf \u03a0\u03ac\u03bf\u03bb\u03bf \u03c4\u03b7\u03c2 \u0392\u03c1\u03b1\u03b6\u03b9\u03bb\u03af\u03b1\u03c2, \u03c3\u03c4\u03b9\u03c2 3 \u0399\u03bf\u03c5\u03bb\u03af\u03bf\u03c5 2022, \u03ba\u03b1\u03b9 \u03bf \u03a0\u03c1\u03cc\u03b5\u03b4\u03c1\u03bf\u03c2 \u03c4\u03b7\u03c2 \u0392\u03c1\u03b1\u03b6\u03b9\u03bb\u03af\u03b1\u03c2 Jair Bolsonaro, \u03b4\u03b5\u03be\u03b9\u03ac, \u03c0\u03b1\u03c1\u03b5\u03c5\u03c1\u03af\u03c3\u03ba\u03b5\u03c4\u03b1\u03b9 \u03c3\u03b5 \u03bc\u03b9\u03b1 \u03c3\u03c5\u03bd\u03ac\u03bd\u03c4\u03b7\u03c3\u03b7 \u03c3\u03c4\u03b9\u03c2 9 \u0399\u03bf\u03c5\u03bd\u03af\u03bf\u03c5 2022 \u03c3\u03c4\u03bf \u039b\u03bf\u03c2 \u0386\u03bd\u03c4\u03b6\u03b5\u03bb\u03b5\u03c2. \u039f\u03b9 \u0392\u03c1\u03b1\u03b6\u03b9\u03bb\u03b9\u03ac\u03bd\u03bf\u03b9 \u03c0\u03b7\u03b3\u03b1\u03af\u03bd\u03bf\u03c5\u03bd \u03c3\u03c4\u03b9\u03c2 \u03ba\u03ac\u03bb\u03c0\u03b5\u03c2 \u03c4\u03bf\u03bd \u039f\u03ba\u03c4\u03ce\u03b2\u03c1\u03b9\u03bf \u03ba\u03b1\u03b9 \u03b8\u03b1 \u03ad\u03c7\u03bf\u03c5\u03bd \u03c4\u03b7\u03bd \u03b5\u03c0\u03b9\u03bb\u03bf\u03b3\u03ae \u03bc\u03b5\u03c4\u03b1\u03be\u03cd \u03c4\u03b7\u03c2 \u03b5\u03c0\u03b1\u03bd\u03b5\u03ba\u03bb\u03bf\u03b3\u03ae\u03c2 \u03c4\u03bf\u03c5 \u039c\u03c0\u03bf\u03bb\u03c3\u03bf\u03bd\u03ac\u03c1\u03bf \u03ae \u03c4\u03b7\u03c2 \u03b5\u03c0\u03b1\u03bd\u03b1\u03c6\u03bf\u03c1\u03ac\u03c2 \u03c4\u03bf\u03c5 \u03c0\u03c1\u03ce\u03b7\u03bd \u03c0\u03c1\u03bf\u03ad\u03b4\u03c1\u03bf\u03c5 \u03bd\u03c4\u03b1 \u03a3\u03af\u03bb\u03b2\u03b1.\" class=\"wp-image-1675\" srcset=\"https:\/\/parier-presidentielle.com\/wp-content\/uploads\/2022\/10\/lula-bolsonaro-1024x512.jpg 1024w, https:\/\/parier-presidentielle.com\/wp-content\/uploads\/2022\/10\/lula-bolsonaro-300x150.jpg 300w, https:\/\/parier-presidentielle.com\/wp-content\/uploads\/2022\/10\/lula-bolsonaro-768x384.jpg 768w, https:\/\/parier-presidentielle.com\/wp-content\/uploads\/2022\/10\/lula-bolsonaro-18x9.jpg 18w, https:\/\/parier-presidentielle.com\/wp-content\/uploads\/2022\/10\/lula-bolsonaro.jpg 1440w\" sizes=\"(max-width: 1024px) 100vw, 1024px\" \/><\/figure>\n\n\n\n<p><\/p>\n\n\n\n<h2 class=\"wp-block-heading\">\u03a0\u03bf\u03bd\u03c4\u03ac\u03c1\u03b5\u03c4\u03b5 \u03c3\u03c4\u03b7 \u03bd\u03af\u03ba\u03b7 \u03c3\u03c4\u03bf\u03bd \u03b4\u03b5\u03cd\u03c4\u03b5\u03c1\u03bf \u03b3\u03cd\u03c1\u03bf \u03c4\u03bf\u03c5 \u039b\u03bf\u03cd\u03bb\u03b1 \u03ae \u03c4\u03bf\u03c5 \u039c\u03c0\u03bf\u03bb\u03c3\u03bf\u03bd\u03ac\u03c1\u03bf<\/h2>\n\n\n\n<p><br>\u039a\u03b1\u03c4\u03ac \u03c4\u03b7 \u03b4\u03b9\u03ac\u03c1\u03ba\u03b5\u03b9\u03b1 \u03b1\u03c5\u03c4\u03ce\u03bd \u03c4\u03c9\u03bd \u03b5\u03ba\u03bb\u03bf\u03b3\u03ce\u03bd, \u03b1\u03c1\u03ba\u03b5\u03c4\u03bf\u03af \u03b4\u03b9\u03b1\u03b4\u03b9\u03ba\u03c4\u03c5\u03b1\u03ba\u03bf\u03af \u03c3\u03c4\u03bf\u03b9\u03c7\u03b7\u03bc\u03b1\u03c4\u03b9\u03c3\u03c4\u03ad\u03c2 \u03c0\u03bf\u03c5 \u03ae\u03c4\u03b1\u03bd \u03b5\u03b3\u03b3\u03b5\u03b3\u03c1\u03b1\u03bc\u03bc\u03ad\u03bd\u03bf\u03b9 \u03c3\u03c4\u03bf \u03b5\u03be\u03c9\u03c4\u03b5\u03c1\u03b9\u03ba\u03cc \u03b5\u03c0\u03ad\u03c4\u03c1\u03b5\u03c8\u03b1\u03bd \u03c3\u03c4\u03bf\u03c5\u03c2 \u03b1\u03bd\u03b8\u03c1\u03ce\u03c0\u03bf\u03c5\u03c2 \u03bd\u03b1 \u03c3\u03c4\u03bf\u03b9\u03c7\u03b7\u03bc\u03b1\u03c4\u03af\u03c3\u03bf\u03c5\u03bd \u03c0\u03bf\u03c3\u03ac \u03c0\u03bf\u03c5 \u03c0\u03af\u03c3\u03c4\u03b5\u03c5\u03b1\u03bd \u03cc\u03c4\u03b9 \u03ad\u03bd\u03b1\u03c2 \u03c3\u03c5\u03b3\u03ba\u03b5\u03ba\u03c1\u03b9\u03bc\u03ad\u03bd\u03bf\u03c2 \u03c5\u03c0\u03bf\u03c8\u03ae\u03c6\u03b9\u03bf\u03c2 \u03b8\u03b1 \u03ba\u03ad\u03c1\u03b4\u03b9\u03b6\u03b5 \u03c3\u03c4\u03b9\u03c2 \u03c0\u03c1\u03bf\u03b5\u03b4\u03c1\u03b9\u03ba\u03ad\u03c2 \u03b5\u03ba\u03bb\u03bf\u03b3\u03ad\u03c2 \u03c4\u03b7\u03c2 \u0392\u03c1\u03b1\u03b6\u03b9\u03bb\u03af\u03b1\u03c2 \u03ba\u03b1\u03b9, \u03b1\u03bd \u03ae\u03c4\u03b1\u03bd \u03c3\u03c9\u03c3\u03c4\u03bf\u03af, \u03b8\u03b1 \u03bc\u03c0\u03bf\u03c1\u03bf\u03cd\u03c3\u03b1\u03bd \u03bd\u03b1 \u03ba\u03b5\u03c1\u03b4\u03af\u03c3\u03bf\u03c5\u03bd \u03bc\u03b9\u03b1 \u03bf\u03b9\u03ba\u03bf\u03bd\u03bf\u03bc\u03b9\u03ba\u03ae \u03b1\u03c0\u03cc\u03b4\u03bf\u03c3\u03b7 \u03b3\u03b9\u03b1 \u03c4\u03bf \u03c0\u03bf\u03c3\u03cc \u03c0\u03bf\u03c5 \u03c3\u03c4\u03bf\u03b9\u03c7\u03b7\u03bc\u03b1\u03c4\u03af\u03c3\u03c4\u03b7\u03ba\u03b5. \u0394\u03b5\u03b4\u03bf\u03bc\u03ad\u03bd\u03bf\u03c5 \u03cc\u03c4\u03b9 \u03c4\u03b1 \u03ba\u03b5\u03c6\u03ac\u03bb\u03b1\u03b9\u03b1 \u03b1\u03c5\u03c4\u03ce\u03bd \u03c4\u03c9\u03bd \u03b5\u03c4\u03b1\u03b9\u03c1\u03b5\u03b9\u03ce\u03bd \u03b2\u03c1\u03af\u03c3\u03ba\u03bf\u03bd\u03c4\u03b1\u03b9 \u03c3\u03b5 \u03ba\u03af\u03bd\u03b4\u03c5\u03bd\u03bf, \u03bf\u03b9 \u03c5\u03c0\u03bf\u03bb\u03bf\u03b3\u03b9\u03c3\u03bc\u03bf\u03af \u03c4\u03bf\u03c5\u03c2 \u03b3\u03b9\u03b1 \u03c4\u03b9\u03c2 \u03b1\u03c0\u03bf\u03b4\u03cc\u03c3\u03b5\u03b9\u03c2 \u03c3\u03c4\u03bf\u03b9\u03c7\u03b7\u03bc\u03ac\u03c4\u03c9\u03bd \u03b5\u03af\u03bd\u03b1\u03b9 \u03c0\u03b5\u03c1\u03af\u03c0\u03bb\u03bf\u03ba\u03bf\u03b9 \u03ba\u03b1\u03b9 \u03bb\u03b1\u03bc\u03b2\u03ac\u03bd\u03bf\u03c5\u03bd \u03c5\u03c0\u03cc\u03c8\u03b7 \u03b1\u03c1\u03ba\u03b5\u03c4\u03bf\u03cd\u03c2 \u03c0\u03b1\u03c1\u03ac\u03b3\u03bf\u03bd\u03c4\u03b5\u03c2 \u03c0\u03bf\u03c5 \u03bc\u03c0\u03bf\u03c1\u03bf\u03cd\u03bd \u03bd\u03b1 \u03b5\u03bb\u03b1\u03c7\u03b9\u03c3\u03c4\u03bf\u03c0\u03bf\u03b9\u03ae\u03c3\u03bf\u03c5\u03bd \u03c4\u03b9\u03c2 \u03b6\u03b7\u03bc\u03af\u03b5\u03c2.<\/p>\n\n\n\n<p>\u0397 VEJA \u03b4\u03b9\u03b5\u03be\u03ae\u03b3\u03b1\u03b3\u03b5 \u03bc\u03b9\u03b1 \u03ad\u03c1\u03b5\u03c5\u03bd\u03b1 \u03c3\u03b5 \u03ad\u03be\u03b9 \u03b5\u03c4\u03b1\u03b9\u03c1\u03b5\u03af\u03b5\u03c2 \u03c4\u03c5\u03c7\u03b5\u03c1\u03ce\u03bd \u03c0\u03b1\u03b9\u03c7\u03bd\u03b9\u03b4\u03b9\u03ce\u03bd \u03bc\u03b5 \u03c4\u03b7 \u03b2\u03bf\u03ae\u03b8\u03b5\u03b9\u03b1 \u03c4\u03bf\u03c5 \u03ba\u03b1\u03b8\u03b7\u03b3\u03b7\u03c4\u03ae F\u00e1bio Machado, \u03b5\u03c0\u03b9\u03ba\u03b5\u03c6\u03b1\u03bb\u03ae\u03c2 \u03c4\u03bf\u03c5 \u03c4\u03bc\u03ae\u03bc\u03b1\u03c4\u03bf\u03c2 \u03c3\u03c4\u03b1\u03c4\u03b9\u03c3\u03c4\u03b9\u03ba\u03ce\u03bd \u03c4\u03bf\u03c5 \u0399\u03bd\u03c3\u03c4\u03b9\u03c4\u03bf\u03cd\u03c4\u03bf\u03c5 \u039c\u03b1\u03b8\u03b7\u03bc\u03b1\u03c4\u03b9\u03ba\u03ce\u03bd \u03ba\u03b1\u03b9 \u03a3\u03c4\u03b1\u03c4\u03b9\u03c3\u03c4\u03b9\u03ba\u03ae\u03c2 \u03c4\u03bf\u03c5 USP, \u03ba\u03b1\u03b9 \u03c4\u03b1 \u03b4\u03b5\u03b4\u03bf\u03bc\u03ad\u03bd\u03b1 \u03b5\u03af\u03bd\u03b1\u03b9 \u03b4\u03b9\u03b1\u03b8\u03ad\u03c3\u03b9\u03bc\u03b1 \u03c3\u03c4\u03bf\u03bd \u03b9\u03c3\u03c4\u03cc\u03c4\u03bf\u03c0\u03bf \u03b1\u03c5\u03c4\u03ae\u03bd \u03c4\u03b7\u03bd \u03a4\u03b5\u03c4\u03ac\u03c1\u03c4\u03b7 5 \u03ad\u03c9\u03c2 11 \u03ce\u03c1\u03b5\u03c2, \u03c0\u03bf\u03c5 \u03b4\u03b5\u03af\u03c7\u03bd\u03bf\u03c5\u03bd \u03c4\u03bf \u03c0\u03bf\u03c3\u03bf\u03c3\u03c4\u03cc \u03ba\u03b1\u03c4\u03ac \u03c0\u03c1\u03bf\u03c3\u03ad\u03b3\u03b3\u03b9\u03c3\u03b7 \u03c0\u03b9\u03b8\u03b1\u03bd\u03cc\u03c4\u03b7\u03c4\u03b1 \u03ba\u03ac\u03b8\u03b5 \u03c5\u03c0\u03bf\u03c8\u03b7\u03c6\u03af\u03bf\u03c5. \u0391\u03c5\u03c4\u03cc \u03b4\u03b5\u03af\u03c7\u03bd\u03b5\u03b9 \u03cc\u03c4\u03b9 \u03ba\u03b1\u03c4\u03ac \u03bc\u03ad\u03c3\u03bf \u03cc\u03c1\u03bf \u03c0\u03b9\u03c3\u03c4\u03b5\u03cd\u03bf\u03c5\u03bd \u03cc\u03c4\u03b9 \u03bf Luiz In\u00e1cio Lula da Silva \u03ad\u03c7\u03b5\u03b9 69,3 % \u03c0\u03b9\u03b8\u03b1\u03bd\u03cc\u03c4\u03b7\u03c4\u03b5\u03c2 \u03bd\u03b1 \u03ba\u03b5\u03c1\u03b4\u03af\u03c3\u03b5\u03b9 \u03c4\u03bf\u03bd \u03b4\u03b5\u03cd\u03c4\u03b5\u03c1\u03bf \u03b3\u03cd\u03c1\u03bf, \u03b5\u03bd\u03ce \u03bf Jair Bolsonaro \u03ad\u03c7\u03b5\u03b9 30,6 % \u03c0\u03b9\u03b8\u03b1\u03bd\u03cc\u03c4\u03b7\u03c4\u03b5\u03c2 \u03bd\u03b1 \u03ba\u03b5\u03c1\u03b4\u03af\u03c3\u03b5\u03b9 \u03c4\u03bf\u03bd \u03b4\u03b5\u03cd\u03c4\u03b5\u03c1\u03bf \u03b3\u03cd\u03c1\u03bf.<\/p>\n\n\n\n<p>\u03a4\u03b1 \u03ba\u03b1\u03b6\u03af\u03bd\u03bf \u03c7\u03c1\u03b7\u03c3\u03b9\u03bc\u03bf\u03c0\u03bf\u03b9\u03bf\u03cd\u03bd \u03bc\u03b9\u03b1 \u03bc\u03ad\u03b8\u03bf\u03b4\u03bf \u03c5\u03c0\u03bf\u03bb\u03bf\u03b3\u03b9\u03c3\u03bc\u03bf\u03cd \u03c4\u03c9\u03bd \u03c3\u03c4\u03bf\u03b9\u03c7\u03b7\u03bc\u03ac\u03c4\u03c9\u03bd \u03c0\u03bf\u03c5 \u03bf\u03bd\u03bf\u03bc\u03ac\u03b6\u03bf\u03c5\u03bd \u03c0\u03b9\u03b8\u03b1\u03bd\u03cc\u03c4\u03b7\u03c4\u03b5\u03c2, \u03b7 \u03bf\u03c0\u03bf\u03af\u03b1 \u03c3\u03c4\u03b7\u03bd \u03c0\u03c1\u03b1\u03b3\u03bc\u03b1\u03c4\u03b9\u03ba\u03cc\u03c4\u03b7\u03c4\u03b1 \u03b4\u03b5\u03bd \u03b5\u03af\u03bd\u03b1\u03b9 \u03c4\u03af\u03c0\u03bf\u03c4\u03b1 \u03c0\u03b5\u03c1\u03b9\u03c3\u03c3\u03cc\u03c4\u03b5\u03c1\u03bf \u03b1\u03c0\u03cc \u03ad\u03bd\u03b1 \u03c0\u03bf\u03bb\u03bb\u03b1\u03c0\u03bb\u03ac\u03c3\u03b9\u03bf \u03c0\u03bf\u03c5 \u03b5\u03c0\u03b7\u03c1\u03b5\u03ac\u03b6\u03b5\u03b9 \u03c4\u03bf \u03c0\u03bf\u03c3\u03cc \u03c4\u03bf\u03c5 \u03c3\u03c4\u03bf\u03b9\u03c7\u03ae\u03bc\u03b1\u03c4\u03bf\u03c2 \u03cc\u03c4\u03b1\u03bd \u03c7\u03c4\u03c5\u03c0\u03ac\u03c4\u03b5 \u03c4\u03b7\u03bd \u03bc\u03c0\u03ac\u03bb\u03b1. \u03a3\u03c4\u03b7\u03bd Unibet \u03b3\u03b9\u03b1 \u03c0\u03b1\u03c1\u03ac\u03b4\u03b5\u03b9\u03b3\u03bc\u03b1, \u03b3\u03b9\u03b1 \u03ba\u03ac\u03b8\u03b5 \u03c3\u03c4\u03bf\u03af\u03c7\u03b7\u03bc\u03b1 1 \u03b5\u03c5\u03c1\u03ce \u03c3\u03c4\u03b7 \u03bd\u03af\u03ba\u03b7 \u03c4\u03bf\u03c5 \u03c5\u03c0\u03bf\u03c8\u03b7\u03c6\u03af\u03bf\u03c5 \u039b\u03bf\u03cd\u03bb\u03b1, \u03bf \u03c0\u03b1\u03af\u03ba\u03c4\u03b7\u03c2 \u03ba\u03b5\u03c1\u03b4\u03af\u03b6\u03b5\u03b9 1,33 \u03b5\u03c5\u03c1\u03ce \u03b5\u03ac\u03bd \u03ba\u03b5\u03c1\u03b4\u03af\u03c3\u03b5\u03b9 \u03c4\u03b9\u03c2 \u03b5\u03ba\u03bb\u03bf\u03b3\u03ad\u03c2 \u03ba\u03b1\u03b9 3,25 \u03b5\u03c5\u03c1\u03ce \u03c3\u03b5 \u03c0\u03b5\u03c1\u03af\u03c0\u03c4\u03c9\u03c3\u03b7 \u03c3\u03c4\u03bf\u03b9\u03c7\u03ae\u03bc\u03b1\u03c4\u03bf\u03c2 \u03ba\u03b1\u03b9 \u039c\u03c0\u03bf\u03bb\u03c3\u03bf\u03bd\u03ac\u03c1\u03bf, \u03c0\u03c1\u03ac\u03b3\u03bc\u03b1 \u03c0\u03bf\u03c5 \u03c3\u03b7\u03bc\u03b1\u03af\u03bd\u03b5\u03b9 \u03cc\u03c4\u03b9 \u03bf \u03c3\u03c4\u03bf\u03b9\u03c7\u03b7\u03bc\u03b1\u03c4\u03b9\u03c3\u03c4\u03ae\u03c2 \u03b8\u03b5\u03c9\u03c1\u03b5\u03af \u03c4\u03bf \u03b3\u03b5\u03b3\u03bf\u03bd\u03cc\u03c2 \u03c9\u03c2 \u03c0\u03b9\u03bf \u03c0\u03b9\u03b8\u03b1\u03bd\u03cc. .<\/p>\n\n\n\n<p>\u00ab\u03a4\u03b1 \u03bc\u03b1\u03b8\u03b7\u03bc\u03b1\u03c4\u03b9\u03ba\u03ac \u03c4\u03c9\u03bd bookmakers \u03c0\u03b5\u03c1\u03b9\u03bb\u03b1\u03bc\u03b2\u03ac\u03bd\u03bf\u03c5\u03bd \u03b5\u03c0\u03af\u03c3\u03b7\u03c2 \u03b5\u03c1\u03bc\u03b7\u03bd\u03b5\u03af\u03b1, \u03b7 \u03bf\u03c0\u03bf\u03af\u03b1 \u03b5\u03af\u03bd\u03b1\u03b9 \u03bc\u03b5\u03c4\u03b1\u03be\u03cd \u03bc\u03b1\u03b8\u03b7\u03bc\u03b1\u03c4\u03b9\u03ba\u03ce\u03bd \u03ba\u03b1\u03b9 \u03b5\u03b9\u03ba\u03b1\u03c3\u03b9\u03ce\u03bd, \u03b1\u03bb\u03bb\u03ac \u03c0\u03b5\u03c1\u03b9\u03bb\u03b1\u03bc\u03b2\u03ac\u03bd\u03b5\u03b9 \u03c4\u03b1 \u03c7\u03c1\u03ae\u03bc\u03b1\u03c4\u03ac \u03c4\u03bf\u03c5\u03c2, \u03b3\u03b9&#039; \u03b1\u03c5\u03c4\u03cc \u03c0\u03c1\u03bf\u03c3\u03c0\u03b1\u03b8\u03bf\u03cd\u03bd \u03bd\u03b1 \u03c6\u03ad\u03c1\u03bf\u03c5\u03bd \u03c4\u03b7\u03bd \u03b1\u03be\u03af\u03b1 \u03c0\u03b9\u03bf \u03ba\u03bf\u03bd\u03c4\u03ac \u03c3\u03c4\u03b7\u03bd \u03c0\u03c1\u03b1\u03b3\u03bc\u03b1\u03c4\u03b9\u03ba\u03cc\u03c4\u03b7\u03c4\u03b1. \u0397 \u03bb\u03bf\u03b3\u03b9\u03ba\u03ae \u03c4\u03c9\u03bd \u03c0\u03b1\u03b9\u03ba\u03c4\u03ce\u03bd \u03ba\u03b1\u03b9 \u03bf \u03b5\u03bd\u03b8\u03bf\u03c5\u03c3\u03b9\u03b1\u03c3\u03bc\u03cc\u03c2 \u03c4\u03c9\u03bd \u03c0\u03bf\u03bb\u03b9\u03c4\u03ce\u03bd \u03b4\u03b5\u03af\u03c7\u03bd\u03bf\u03c5\u03bd \u03ba\u03ac\u03c4\u03b9 \u03b4\u03b9\u03b1\u03c6\u03bf\u03c1\u03b5\u03c4\u03b9\u03ba\u03cc\u00bb, \u03b5\u03af\u03c0\u03b5 \u03bf Machado.<\/p>\n\n\n\n<h2 class=\"wp-block-heading\">\u039f\u03b9 \u03b1\u03c0\u03bf\u03b4\u03cc\u03c3\u03b5\u03b9\u03c2 \u03c4\u03c9\u03bd bookmakers <\/h2>\n\n\n\n<p>\u039f\u03b9 \u03bf\u03af\u03ba\u03bf\u03b9 \u03b4\u03b5\u03bd \u03b4\u03b9\u03b5\u03c5\u03ba\u03c1\u03af\u03bd\u03b9\u03c3\u03b1\u03bd \u03c0\u03ce\u03c2 \u03c5\u03c0\u03bf\u03bb\u03bf\u03b3\u03af\u03c3\u03c4\u03b7\u03ba\u03b1\u03bd \u03bf\u03b9 \u03b2\u03b1\u03b8\u03bc\u03bf\u03bb\u03bf\u03b3\u03af\u03b5\u03c2 \u03c4\u03bf\u03c5\u03c2, \u03ad\u03c4\u03c3\u03b9 \u03b3\u03b9\u03b1 \u03c4\u03b7\u03bd \u03ad\u03c1\u03b5\u03c5\u03bd\u03b1 VEJA, \u03ad\u03b3\u03b9\u03bd\u03b1\u03bd \u03c0\u03c1\u03cc\u03c7\u03b5\u03b9\u03c1\u03b5\u03c2 \u03c0\u03c1\u03bf\u03b2\u03bb\u03ad\u03c8\u03b5\u03b9\u03c2 \u03bc\u03b5 \u03b2\u03ac\u03c3\u03b7 \u03c4\u03b1 \u03c3\u03c4\u03bf\u03b9\u03c7\u03b5\u03af\u03b1 \u03c0\u03bf\u03c5 \u03b5\u03af\u03bd\u03b1\u03b9 \u03b4\u03b9\u03b1\u03b8\u03ad\u03c3\u03b9\u03bc\u03b1 \u03c3\u03b5 \u03ba\u03ac\u03b8\u03b5 \u03c4\u03bf\u03c0\u03bf\u03b8\u03b5\u03c3\u03af\u03b1. &quot;\u03a4\u03b1 \u03c3\u03c4\u03b1\u03c4\u03b9\u03c3\u03c4\u03b9\u03ba\u03ac \u03bb\u03b5\u03b9\u03c4\u03bf\u03c5\u03c1\u03b3\u03bf\u03cd\u03bd \u03c3\u03b5 \u03c4\u03b9\u03bc\u03ad\u03c2 \u03c0\u03b9\u03b8\u03b1\u03bd\u03cc\u03c4\u03b7\u03c4\u03b1\u03c2 \u03b1\u03c0\u03cc 0 \u03ad\u03c9\u03c2 1. \u039f\u03b9 \u03c0\u03b9\u03b8\u03b1\u03bd\u03cc\u03c4\u03b7\u03c4\u03b5\u03c2 \u03bd\u03af\u03ba\u03b7\u03c2 \u03b5\u03bd\u03cc\u03c2 \u03c5\u03c0\u03bf\u03c8\u03b7\u03c6\u03af\u03bf\u03c5 \u03b5\u03af\u03bd\u03b1\u03b9 \u03c4\u03bf \u03b1\u03bd\u03c4\u03af\u03c3\u03c4\u03c1\u03bf\u03c6\u03bf \u03c4\u03c9\u03bd \u03c0\u03b9\u03b8\u03b1\u03bd\u03bf\u03c4\u03ae\u03c4\u03c9\u03bd, \u03b3\u03b9&#039; \u03b1\u03c5\u03c4\u03cc \u03b4\u03b9\u03b1\u03b9\u03c1\u03ce \u03c4\u03bf\u03bd \u03b1\u03c1\u03b9\u03b8\u03bc\u03cc &quot;\u03ad\u03bd\u03b1&quot; \u03bc\u03b5 \u03bc\u03b9\u03b1 &quot;\u03bc\u03bf\u03bd\u03ae&quot; \u03c4\u03b9\u03bc\u03ae. \u03a3\u03c4\u03bf \u03c0\u03c1\u03ce\u03c4\u03bf \u03c0\u03b1\u03c1\u03ac\u03b4\u03b5\u03b9\u03b3\u03bc\u03b1, \u03b4\u03cd\u03bf \u03c5\u03c0\u03bf\u03c8\u03ae\u03c6\u03b9\u03bf\u03b9 \u03a4\u03bf \u03ac\u03b8\u03c1\u03bf\u03b9\u03c3\u03bc\u03b1 \u03b5\u03af\u03bd\u03b1\u03b9 1.059. \u03a3\u03b5 \u03c0\u03bf\u03bb\u03bb\u03ad\u03c2 \u03c0\u03b5\u03c1\u03b9\u03c0\u03c4\u03ce\u03c3\u03b5\u03b9\u03c2, \u03b1\u03c5\u03c4\u03cc \u03c4\u03bf \u03c0\u03bb\u03b5\u03cc\u03bd\u03b1\u03c3\u03bc\u03b1 0,059 \u03bf\u03bd\u03bf\u03bc\u03ac\u03b6\u03b5\u03c4\u03b1\u03b9 Juice, \u03ae \u03c0\u03cc\u03c3\u03b1 \u03ba\u03ad\u03c1\u03b4\u03b9\u03c3\u03b5 \u03c4\u03bf \u03c3\u03c0\u03af\u03c4\u03b9 \u03c3\u03c4\u03bf \u03c3\u03c4\u03bf\u03af\u03c7\u03b7\u03bc\u03b1\u00bb, \u03b5\u03af\u03c0\u03b5 \u03bf Machado. \u00ab\u0393\u03b9\u03b1 \u03bd\u03b1 \u03b2\u03c1\u03c9 \u03c4\u03b1 \u03c0\u03bf\u03c3\u03bf\u03c3\u03c4\u03ac, \u03c0\u03ae\u03c1\u03b1 \u03c4\u03b7\u03bd \u03b1\u03c0\u03cc\u03b4\u03bf\u03c3\u03b7 \u03c4\u03bf\u03c5 \u03c3\u03c0\u03b9\u03c4\u03b9\u03bf\u03cd \u03ba\u03b1\u03b9 \u03b1\u03bd\u03ad\u03c0\u03c4\u03c5\u03be\u03b1 \u03ad\u03bd\u03b1\u03bd \u03ba\u03b1\u03bd\u03cc\u03bd\u03b1 \u03c4\u03c9\u03bd \u03c4\u03c1\u03b9\u03ce\u03bd \u03b3\u03b9\u03b1 \u03bd\u03b1 \u03b4\u03c9 \u03c0\u03ce\u03c2 \u03c4\u03b1\u03af\u03c1\u03b9\u03b1\u03b6\u03b1\u03bd \u03c4\u03b1 \u03b1\u03c0\u03bf\u03c4\u03b5\u03bb\u03ad\u03c3\u03bc\u03b1\u03c4\u03b1 \u03ba\u03ac\u03b8\u03b5 \u03c5\u03c0\u03bf\u03c8\u03b7\u03c6\u03af\u03bf\u03c5<\/p>","protected":false},"excerpt":{"rendered":"<p>Parier sur la victoire au second tour de Lula ou Bolsonaro Au cours de ces \u00e9lections, plusieurs bookmakers en ligne enregistr\u00e9s \u00e0 l&#8217;\u00e9tranger ont permis aux gens de parier des montants qu&#8217;ils pensaient qu&#8217;un certain candidat gagnerait \u00e0 l&#8217;\u00e9lection pr\u00e9sidentielle br\u00e9silienne, et s&#8217;ils avaient raison, pourraient gagner un retour financier sur le montant mis\u00e9. \u00c9tant &#8230;<\/p>","protected":false},"author":1,"featured_media":0,"parent":0,"menu_order":0,"comment_status":"closed","ping_status":"closed","template":"page-nosidebar.php","meta":{"footnotes":""},"yoast_head":"<!-- This site is optimized with the Yoast SEO Premium plugin v21.0 (Yoast SEO v21.0) - https:\/\/yoast.com\/wordpress\/plugins\/seo\/ -->\n<title>Les cotes des bookmakers pour le 2e tour des \u00e9lections br\u00e9siliennes entre Lula et Bolsonaro - Finale Coupe du Monde FIFA<\/title>\n<meta name=\"robots\" content=\"index, follow, max-snippet:-1, max-image-preview:large, max-video-preview:-1\" \/>\n<link rel=\"canonical\" href=\"https:\/\/parier-presidentielle.com\/el\/\u03c0\u03b9\u03b8\u03b1\u03bd\u03cc\u03c4\u03b7\u03c4\u03b5\u03c2-bookmakers-\u03b4\u03b5\u03cd\u03c4\u03b5\u03c1\u03bf\u03c2-\u03b3\u03cd\u03c1\u03bf\u03c2-\u03b2\u03c1\u03b1\u03b6\u03b9\u03bb\u03af\/\" \/>\n<meta property=\"og:locale\" content=\"el_GR\" \/>\n<meta property=\"og:type\" content=\"article\" \/>\n<meta property=\"og:title\" content=\"Les cotes des bookmakers pour le 2e tour des \u00e9lections br\u00e9siliennes entre Lula et Bolsonaro\" \/>\n<meta property=\"og:description\" content=\"Parier sur la victoire au second tour de Lula ou Bolsonaro Au cours de ces \u00e9lections, plusieurs bookmakers en ligne enregistr\u00e9s \u00e0 l&#8217;\u00e9tranger ont permis aux gens de parier des montants qu&#8217;ils pensaient qu&#8217;un certain candidat gagnerait \u00e0 l&#8217;\u00e9lection pr\u00e9sidentielle br\u00e9silienne, et s&#8217;ils avaient raison, pourraient gagner un retour financier sur le montant mis\u00e9. \u00c9tant ...\" \/>\n<meta property=\"og:url\" content=\"https:\/\/parier-presidentielle.com\/el\/\u03c0\u03b9\u03b8\u03b1\u03bd\u03cc\u03c4\u03b7\u03c4\u03b5\u03c2-bookmakers-\u03b4\u03b5\u03cd\u03c4\u03b5\u03c1\u03bf\u03c2-\u03b3\u03cd\u03c1\u03bf\u03c2-\u03b2\u03c1\u03b1\u03b6\u03b9\u03bb\u03af\/\" \/>\n<meta property=\"og:site_name\" content=\"Parier Pr\u00e9sidentielle\" \/>\n<meta property=\"article:modified_time\" content=\"2022-10-26T19:53:57+00:00\" \/>\n<meta property=\"og:image\" content=\"https:\/\/parier-presidentielle.com\/wp-content\/uploads\/2022\/10\/lula-bolsonaro-1024x512.jpg\" \/>\n<meta name=\"twitter:card\" content=\"summary_large_image\" \/>\n<meta name=\"twitter:label1\" content=\"Est. reading time\" \/>\n\t<meta name=\"twitter:data1\" content=\"2 \u03bb\u03b5\u03c0\u03c4\u03ac\" \/>\n<script type=\"application\/ld+json\" class=\"yoast-schema-graph\">{\"@context\":\"https:\/\/schema.org\",\"@graph\":[{\"@type\":\"WebPage\",\"@id\":\"https:\/\/parier-presidentielle.com\/cotes-bookmakers-second-tour-elections-bresiliennes-lula-bolsonaro\/\",\"url\":\"https:\/\/parier-presidentielle.com\/cotes-bookmakers-second-tour-elections-bresiliennes-lula-bolsonaro\/\",\"name\":\"Les cotes des bookmakers pour le 2e tour des \u00e9lections br\u00e9siliennes entre Lula et Bolsonaro - Finale Coupe du Monde FIFA\",\"isPartOf\":{\"@id\":\"https:\/\/parier-presidentielle.com\/#website\"},\"datePublished\":\"2022-10-26T12:33:37+00:00\",\"dateModified\":\"2022-10-26T19:53:57+00:00\",\"breadcrumb\":{\"@id\":\"https:\/\/parier-presidentielle.com\/cotes-bookmakers-second-tour-elections-bresiliennes-lula-bolsonaro\/#breadcrumb\"},\"inLanguage\":\"el\",\"potentialAction\":[{\"@type\":\"ReadAction\",\"target\":[\"https:\/\/parier-presidentielle.com\/cotes-bookmakers-second-tour-elections-bresiliennes-lula-bolsonaro\/\"]}]},{\"@type\":\"BreadcrumbList\",\"@id\":\"https:\/\/parier-presidentielle.com\/cotes-bookmakers-second-tour-elections-bresiliennes-lula-bolsonaro\/#breadcrumb\",\"itemListElement\":[{\"@type\":\"ListItem\",\"position\":1,\"name\":\"Accueil\",\"item\":\"https:\/\/parier-presidentielle.com\/\"},{\"@type\":\"ListItem\",\"position\":2,\"name\":\"Les cotes des bookmakers pour le 2e tour des \u00e9lections br\u00e9siliennes entre Lula et Bolsonaro\"}]},{\"@type\":\"WebSite\",\"@id\":\"https:\/\/parier-presidentielle.com\/#website\",\"url\":\"https:\/\/parier-presidentielle.com\/\",\"name\":\"Parier Pr\u00e9sidentielle\",\"description\":\"Paris, Pronostics, Wiki sur la Politique, les Elections Am\u00e9ricaines: Joe Biden, Donald Trump avec les Bookmakers en ligne Unibet, Bwin, Betclic, Winamax\",\"potentialAction\":[{\"@type\":\"SearchAction\",\"target\":{\"@type\":\"EntryPoint\",\"urlTemplate\":\"https:\/\/parier-presidentielle.com\/?s={search_term_string}\"},\"query-input\":\"required name=search_term_string\"}],\"inLanguage\":\"el\"}]}<\/script>\n<!-- \/ Yoast SEO Premium plugin. -->","yoast_head_json":{"title":"Les cotes des bookmakers pour le 2e tour des \u00e9lections br\u00e9siliennes entre Lula et Bolsonaro - Finale Coupe du Monde FIFA","robots":{"index":"index","follow":"follow","max-snippet":"max-snippet:-1","max-image-preview":"max-image-preview:large","max-video-preview":"max-video-preview:-1"},"canonical":"https:\/\/parier-presidentielle.com\/el\/\u03c0\u03b9\u03b8\u03b1\u03bd\u03cc\u03c4\u03b7\u03c4\u03b5\u03c2-bookmakers-\u03b4\u03b5\u03cd\u03c4\u03b5\u03c1\u03bf\u03c2-\u03b3\u03cd\u03c1\u03bf\u03c2-\u03b2\u03c1\u03b1\u03b6\u03b9\u03bb\u03af\/","og_locale":"el_GR","og_type":"article","og_title":"Les cotes des bookmakers pour le 2e tour des \u00e9lections br\u00e9siliennes entre Lula et Bolsonaro","og_description":"Parier sur la victoire au second tour de Lula ou Bolsonaro Au cours de ces \u00e9lections, plusieurs bookmakers en ligne enregistr\u00e9s \u00e0 l&#8217;\u00e9tranger ont permis aux gens de parier des montants qu&#8217;ils pensaient qu&#8217;un certain candidat gagnerait \u00e0 l&#8217;\u00e9lection pr\u00e9sidentielle br\u00e9silienne, et s&#8217;ils avaient raison, pourraient gagner un retour financier sur le montant mis\u00e9. \u00c9tant ...","og_url":"https:\/\/parier-presidentielle.com\/el\/\u03c0\u03b9\u03b8\u03b1\u03bd\u03cc\u03c4\u03b7\u03c4\u03b5\u03c2-bookmakers-\u03b4\u03b5\u03cd\u03c4\u03b5\u03c1\u03bf\u03c2-\u03b3\u03cd\u03c1\u03bf\u03c2-\u03b2\u03c1\u03b1\u03b6\u03b9\u03bb\u03af\/","og_site_name":"Parier Pr\u00e9sidentielle","article_modified_time":"2022-10-26T19:53:57+00:00","og_image":[{"url":"https:\/\/parier-presidentielle.com\/wp-content\/uploads\/2022\/10\/lula-bolsonaro-1024x512.jpg"}],"twitter_card":"summary_large_image","twitter_misc":{"Est. reading time":"2 \u03bb\u03b5\u03c0\u03c4\u03ac"},"schema":{"@context":"https:\/\/schema.org","@graph":[{"@type":"WebPage","@id":"https:\/\/parier-presidentielle.com\/cotes-bookmakers-second-tour-elections-bresiliennes-lula-bolsonaro\/","url":"https:\/\/parier-presidentielle.com\/cotes-bookmakers-second-tour-elections-bresiliennes-lula-bolsonaro\/","name":"Les cotes des bookmakers pour le 2e tour des \u00e9lections br\u00e9siliennes entre Lula et Bolsonaro - Finale Coupe du Monde FIFA","isPartOf":{"@id":"https:\/\/parier-presidentielle.com\/#website"},"datePublished":"2022-10-26T12:33:37+00:00","dateModified":"2022-10-26T19:53:57+00:00","breadcrumb":{"@id":"https:\/\/parier-presidentielle.com\/cotes-bookmakers-second-tour-elections-bresiliennes-lula-bolsonaro\/#breadcrumb"},"inLanguage":"el","potentialAction":[{"@type":"ReadAction","target":["https:\/\/parier-presidentielle.com\/cotes-bookmakers-second-tour-elections-bresiliennes-lula-bolsonaro\/"]}]},{"@type":"BreadcrumbList","@id":"https:\/\/parier-presidentielle.com\/cotes-bookmakers-second-tour-elections-bresiliennes-lula-bolsonaro\/#breadcrumb","itemListElement":[{"@type":"ListItem","position":1,"name":"Accueil","item":"https:\/\/parier-presidentielle.com\/"},{"@type":"ListItem","position":2,"name":"Les cotes des bookmakers pour le 2e tour des \u00e9lections br\u00e9siliennes entre Lula et Bolsonaro"}]},{"@type":"WebSite","@id":"https:\/\/parier-presidentielle.com\/#website","url":"https:\/\/parier-presidentielle.com\/","name":"Parier Pr\u00e9sidentielle","description":"Paris, Pronostics, Wiki sur la Politique, les Elections Am\u00e9ricaines: Joe Biden, Donald Trump avec les Bookmakers en ligne Unibet, Bwin, Betclic, Winamax","potentialAction":[{"@type":"SearchAction","target":{"@type":"EntryPoint","urlTemplate":"https:\/\/parier-presidentielle.com\/?s={search_term_string}"},"query-input":"required name=search_term_string"}],"inLanguage":"el"}]}},"_links":{"self":[{"href":"https:\/\/parier-presidentielle.com\/el\/wp-json\/wp\/v2\/pages\/1671"}],"collection":[{"href":"https:\/\/parier-presidentielle.com\/el\/wp-json\/wp\/v2\/pages"}],"about":[{"href":"https:\/\/parier-presidentielle.com\/el\/wp-json\/wp\/v2\/types\/page"}],"author":[{"embeddable":true,"href":"https:\/\/parier-presidentielle.com\/el\/wp-json\/wp\/v2\/users\/1"}],"replies":[{"embeddable":true,"href":"https:\/\/parier-presidentielle.com\/el\/wp-json\/wp\/v2\/comments?post=1671"}],"version-history":[{"count":4,"href":"https:\/\/parier-presidentielle.com\/el\/wp-json\/wp\/v2\/pages\/1671\/revisions"}],"predecessor-version":[{"id":1681,"href":"https:\/\/parier-presidentielle.com\/el\/wp-json\/wp\/v2\/pages\/1671\/revisions\/1681"}],"wp:attachment":[{"href":"https:\/\/parier-presidentielle.com\/el\/wp-json\/wp\/v2\/media?parent=1671"}],"curies":[{"name":"wp","href":"https:\/\/api.w.org\/{rel}","templated":true}]}}