{"id":1962,"date":"2023-03-20T17:10:50","date_gmt":"2023-03-20T16:10:50","guid":{"rendered":"https:\/\/parier-presidentielle.com\/?page_id=1962"},"modified":"2023-06-02T11:27:56","modified_gmt":"2023-06-02T09:27:56","slug":"vladimir-poutine-quelle-avis-sur-le-marche-du-cannabis-et-hhc","status":"publish","type":"page","link":"https:\/\/parier-presidentielle.com\/el\/vladimir-poutine-what-opinion-on-the-cannabis-market-and-hhc\/","title":{"rendered":"\u03a0\u03bf\u03b9\u03b1 \u03b5\u03af\u03bd\u03b1\u03b9 \u03b7 \u03b3\u03bd\u03ce\u03bc\u03b7 \u03c4\u03bf\u03c5 \u0392\u03bb\u03b1\u03bd\u03c4\u03b9\u03bc\u03af\u03c1 \u03a0\u03bf\u03cd\u03c4\u03b9\u03bd \u03b3\u03b9\u03b1 \u03c4\u03b7\u03bd \u03b1\u03b3\u03bf\u03c1\u03ac \u03ba\u03ac\u03bd\u03bd\u03b1\u03b2\u03b7\u03c2 \u03ba\u03b1\u03b9 HHC;"},"content":{"rendered":"<p>\u0397 \u03b1\u03b3\u03bf\u03c1\u03ac \u03ba\u03ac\u03bd\u03bd\u03b1\u03b2\u03b7\u03c2 <a href=\"https:\/\/wikihhc.com\/france\/fleurs-hhc\/ou-trouver-fleurs-hhc-france-guide\/\">hhc<\/a>  \u03b1\u03bd\u03b8\u03b5\u03af \u03ba\u03b1\u03b9 \u03c0\u03c1\u03bf\u03c3\u03b5\u03bb\u03ba\u03cd\u03b5\u03b9 \u03c4\u03bf \u03b5\u03bd\u03b4\u03b9\u03b1\u03c6\u03ad\u03c1\u03bf\u03bd \u03bc\u03b5\u03b3\u03ac\u03bb\u03c9\u03bd \u03b7\u03b3\u03b5\u03c4\u03ce\u03bd \u03c3\u03b5 \u03cc\u03bb\u03bf \u03c4\u03bf\u03bd \u03ba\u03cc\u03c3\u03bc\u03bf. \u0388\u03bd\u03b1\u03c2 \u03c4\u03ad\u03c4\u03bf\u03b9\u03bf\u03c2 \u03b7\u03b3\u03ad\u03c4\u03b7\u03c2 \u03b5\u03af\u03bd\u03b1\u03b9 \u03bf \u0392\u03bb\u03b1\u03bd\u03c4\u03b9\u03bc\u03af\u03c1 \u03a0\u03bf\u03cd\u03c4\u03b9\u03bd, \u03bf \u03a1\u03ce\u03c3\u03bf\u03c2 \u03c0\u03c1\u03cc\u03b5\u03b4\u03c1\u03bf\u03c2, \u03bf \u03bf\u03c0\u03bf\u03af\u03bf\u03c2 \u03b5\u03be\u03ad\u03c6\u03c1\u03b1\u03c3\u03b5 \u03c0\u03c1\u03cc\u03c3\u03c6\u03b1\u03c4\u03b1 \u03c4\u03b7\u03bd \u03c5\u03c0\u03bf\u03c3\u03c4\u03ae\u03c1\u03b9\u03be\u03ae \u03c4\u03bf\u03c5 \u03b3\u03b9\u03b1 \u03c4\u03b7 \u03bd\u03bf\u03bc\u03b9\u03bc\u03bf\u03c0\u03bf\u03af\u03b7\u03c3\u03b7 \u03c4\u03b7\u03c2 \u03c7\u03c1\u03ae\u03c3\u03b7\u03c2 \u03ba\u03ac\u03bd\u03bd\u03b1\u03b2\u03b7\u03c2 \u03b3\u03b9\u03b1 \u03b9\u03b1\u03c4\u03c1\u03b9\u03ba\u03bf\u03cd\u03c2 \u03ba\u03b1\u03b9 \u03b2\u03b9\u03bf\u03bc\u03b7\u03c7\u03b1\u03bd\u03b9\u03ba\u03bf\u03cd\u03c2 \u03c3\u03ba\u03bf\u03c0\u03bf\u03cd\u03c2.<\/p>\n\n\n\n<h2 class=\"wp-block-heading\"><span id=\"le-passe-controverse-de-poutine-avec-le-cannabis\">\u03a4\u03bf \u03b1\u03bc\u03c6\u03b9\u03bb\u03b5\u03b3\u03cc\u03bc\u03b5\u03bd\u03bf \u03c0\u03b1\u03c1\u03b5\u03bb\u03b8\u03cc\u03bd \u03c4\u03bf\u03c5 \u03a0\u03bf\u03cd\u03c4\u03b9\u03bd \u03bc\u03b5 \u03c4\u03b7\u03bd \u03ba\u03ac\u03bd\u03bd\u03b1\u03b2\u03b7<\/span><\/h2>\n\n\n\n<p>\u03a0\u03c1\u03b9\u03bd \u03c0\u03c1\u03bf\u03c7\u03c9\u03c1\u03ae\u03c3\u03bf\u03c5\u03bc\u03b5 \u03c3\u03b5 \u03b1\u03c5\u03c4\u03ae \u03c4\u03b7 \u03c3\u03c5\u03b6\u03ae\u03c4\u03b7\u03c3\u03b7, \u03b5\u03af\u03bd\u03b1\u03b9 \u03c3\u03b7\u03bc\u03b1\u03bd\u03c4\u03b9\u03ba\u03cc \u03bd\u03b1 \u03b8\u03c5\u03bc\u03b7\u03b8\u03bf\u03cd\u03bc\u03b5 \u03c4\u03bf \u03b1\u03bc\u03c6\u03b9\u03bb\u03b5\u03b3\u03cc\u03bc\u03b5\u03bd\u03bf \u03c0\u03b1\u03c1\u03b5\u03bb\u03b8\u03cc\u03bd \u03c4\u03bf\u03c5 \u03a0\u03bf\u03cd\u03c4\u03b9\u03bd \u03c3\u03c7\u03b5\u03c4\u03b9\u03ba\u03ac \u03bc\u03b5 \u03c4\u03b7\u03bd \u03ba\u03ac\u03bd\u03bd\u03b1\u03b2\u03b7, \u03cc\u03c0\u03c9\u03c2 \u03c3\u03b7\u03bc\u03b5\u03b9\u03ce\u03bd\u03b5\u03c4\u03b1\u03b9 <a href=\"https:\/\/wikihhc.com\/guide\/hhc\/\">\u0392\u03b9\u03ba\u03b9\u03c0\u03b1\u03af\u03b4\u03b5\u03b9\u03b1<\/a>. \u03a4\u03bf 2006, \u03b7 \u03a1\u03c9\u03c3\u03af\u03b1 \u03be\u03b5\u03ba\u03af\u03bd\u03b7\u03c3\u03b5 \u03ad\u03bd\u03b1\u03bd \u03c0\u03cc\u03bb\u03b5\u03bc\u03bf \u03ba\u03b1\u03c4\u03ac \u03c4\u03c9\u03bd \u03bd\u03b1\u03c1\u03ba\u03c9\u03c4\u03b9\u03ba\u03ce\u03bd, \u03c3\u03c4\u03bf\u03bd \u03bf\u03c0\u03bf\u03af\u03bf \u03bf \u03a0\u03bf\u03cd\u03c4\u03b9\u03bd \u03ad\u03c0\u03b1\u03b9\u03be\u03b5 \u03c3\u03b7\u03bc\u03b1\u03bd\u03c4\u03b9\u03ba\u03cc \u03c1\u03cc\u03bb\u03bf. \u0391\u03c5\u03c4\u03cc \u03bf\u03b4\u03ae\u03b3\u03b7\u03c3\u03b5 \u03c3\u03b5 \u03b1\u03c5\u03be\u03b7\u03bc\u03ad\u03bd\u03b5\u03c2 \u03ba\u03b1\u03c4\u03b1\u03c3\u03c4\u03bf\u03bb\u03ad\u03c2 \u03ba\u03b1\u03c4\u03ac \u03c4\u03b7\u03c2 \u03c7\u03c1\u03ae\u03c3\u03b7\u03c2 \u03bd\u03b1\u03c1\u03ba\u03c9\u03c4\u03b9\u03ba\u03ce\u03bd, \u03c3\u03c5\u03bc\u03c0\u03b5\u03c1\u03b9\u03bb\u03b1\u03bc\u03b2\u03b1\u03bd\u03bf\u03bc\u03ad\u03bd\u03b7\u03c2 \u03c4\u03b7\u03c2 \u03ba\u03ac\u03bd\u03bd\u03b1\u03b2\u03b7\u03c2, \u03ba\u03b1\u03b9 \u03bf\u03b4\u03ae\u03b3\u03b7\u03c3\u03b5 \u03c3\u03c4\u03b7 \u03c6\u03c5\u03bb\u03ac\u03ba\u03b9\u03c3\u03b7 \u03c7\u03b9\u03bb\u03b9\u03ac\u03b4\u03c9\u03bd \u03b1\u03bd\u03b8\u03c1\u03ce\u03c0\u03c9\u03bd.<\/p>\n\n\n\n<p>\u03a9\u03c3\u03c4\u03cc\u03c3\u03bf, \u03c6\u03b1\u03af\u03bd\u03b5\u03c4\u03b1\u03b9 \u03cc\u03c4\u03b9 \u03bf\u03b9 \u03b1\u03c0\u03cc\u03c8\u03b5\u03b9\u03c2 \u03c4\u03bf\u03c5 \u03a0\u03bf\u03cd\u03c4\u03b9\u03bd \u03b3\u03b9\u03b1 \u03c4\u03bf \u03b8\u03ad\u03bc\u03b1 \u03ad\u03c7\u03bf\u03c5\u03bd \u03b5\u03be\u03b5\u03bb\u03b9\u03c7\u03b8\u03b5\u03af \u03bc\u03b5 \u03c4\u03b7\u03bd \u03c0\u03ac\u03c1\u03bf\u03b4\u03bf \u03c4\u03bf\u03c5 \u03c7\u03c1\u03cc\u03bd\u03bf\u03c5. \u03a4\u03bf 2019, \u03b5\u03af\u03c0\u03b5 \u03cc\u03c4\u03b9 \u03b7 \u03a1\u03c9\u03c3\u03af\u03b1 \u03b8\u03b1 \u03c0\u03c1\u03ad\u03c0\u03b5\u03b9 \u03bd\u03b1 \u03b1\u03ba\u03bf\u03bb\u03bf\u03c5\u03b8\u03ae\u03c3\u03b5\u03b9 \u03c4\u03bf \u03c0\u03b1\u03c1\u03ac\u03b4\u03b5\u03b9\u03b3\u03bc\u03b1 \u03bf\u03c1\u03b9\u03c3\u03bc\u03ad\u03bd\u03c9\u03bd \u03c0\u03bf\u03bb\u03b9\u03c4\u03b5\u03b9\u03ce\u03bd \u03c4\u03c9\u03bd \u0397\u03a0\u0391 \u03ba\u03b1\u03b9 \u03bd\u03b1 \u03bd\u03bf\u03bc\u03b9\u03bc\u03bf\u03c0\u03bf\u03b9\u03ae\u03c3\u03b5\u03b9 \u03c4\u03b7\u03bd \u03ba\u03ac\u03bd\u03bd\u03b1\u03b2\u03b7 \u03b3\u03b9\u03b1 \u03b9\u03b1\u03c4\u03c1\u03b9\u03ba\u03bf\u03cd\u03c2 \u03ba\u03b1\u03b9 \u03b2\u03b9\u03bf\u03bc\u03b7\u03c7\u03b1\u03bd\u03b9\u03ba\u03bf\u03cd\u03c2 \u03c3\u03ba\u03bf\u03c0\u03bf\u03cd\u03c2. \u03a4\u03b7 \u03b4\u03ae\u03bb\u03c9\u03c3\u03b7 \u03b1\u03c5\u03c4\u03ae \u03b1\u03ba\u03bf\u03bb\u03bf\u03cd\u03b8\u03b7\u03c3\u03b5 \u03bd\u03bf\u03bc\u03bf\u03b8\u03b5\u03c3\u03af\u03b1 \u03c5\u03c0\u03ad\u03c1 \u03c4\u03b7\u03c2 \u03ba\u03b1\u03bb\u03bb\u03b9\u03ad\u03c1\u03b3\u03b5\u03b9\u03b1\u03c2 \u03b2\u03b9\u03bf\u03bc\u03b7\u03c7\u03b1\u03bd\u03b9\u03ba\u03ae\u03c2 \u03ba\u03ac\u03bd\u03bd\u03b1\u03b2\u03b7\u03c2. \u03a0\u03bf\u03bb\u03bb\u03bf\u03af \u03b9\u03c3\u03c4\u03cc\u03c4\u03bf\u03c0\u03bf\u03b9 \u03c0\u03c1\u03bf\u03c3\u03c6\u03ad\u03c1\u03bf\u03c5\u03bd \u03b5\u03ba\u03c0\u03c4\u03ce\u03c3\u03b5\u03b9\u03c2 \u03c3\u03b5 <a href=\"https:\/\/wikihhc.com\/site\/weecl\/code-promo-coupon-bon-de-reduction-weecl\/\">\u03a4\u03bf CBD \u03ba\u03b1\u03b9 \u03c4\u03bf HHC \u03cc\u03c0\u03c9\u03c2 \u03c4\u03bf Weecl \u03bc\u03b5 \u03ba\u03c9\u03b4\u03b9\u03ba\u03bf\u03cd\u03c2 \u03c0\u03c1\u03bf\u03c3\u03c6\u03bf\u03c1\u03ac\u03c2<\/a>.<\/p>\n\n\n\n<h2 class=\"wp-block-heading\"><span id=\"le-soutien-de-poutine-a-l8217utilisation-medicale-du-cannabis\">\u0397 \u03c5\u03c0\u03bf\u03c3\u03c4\u03ae\u03c1\u03b9\u03be\u03b7 \u03c4\u03bf\u03c5 \u03a0\u03bf\u03cd\u03c4\u03b9\u03bd \u03b3\u03b9\u03b1 \u03c4\u03b7\u03bd \u03b9\u03b1\u03c4\u03c1\u03b9\u03ba\u03ae \u03c7\u03c1\u03ae\u03c3\u03b7 \u03c4\u03b7\u03c2 \u03ba\u03ac\u03bd\u03bd\u03b1\u03b2\u03b7\u03c2<\/span><\/h2>\n\n\n\n<p>\u03a0\u03b9\u03bf \u03c0\u03c1\u03cc\u03c3\u03c6\u03b1\u03c4\u03b1, \u03c4\u03bf\u03bd \u0399\u03b1\u03bd\u03bf\u03c5\u03ac\u03c1\u03b9\u03bf \u03c4\u03bf\u03c5 2022, \u03bf \u03a0\u03bf\u03cd\u03c4\u03b9\u03bd \u03b4\u03ae\u03bb\u03c9\u03c3\u03b5 \u03cc\u03c4\u03b9 \u03c5\u03c0\u03bf\u03c3\u03c4\u03ae\u03c1\u03b9\u03be\u03b5 \u03c4\u03b7\u03bd \u03b9\u03b1\u03c4\u03c1\u03b9\u03ba\u03ae \u03c7\u03c1\u03ae\u03c3\u03b7 \u03c4\u03b7\u03c2 \u03ba\u03ac\u03bd\u03bd\u03b1\u03b2\u03b7\u03c2 \u03ba\u03b1\u03b9 \u03b4\u03b9\u03ad\u03c4\u03b1\u03be\u03b5 \u03c4\u03b7 \u03c1\u03c9\u03c3\u03b9\u03ba\u03ae \u03ba\u03c5\u03b2\u03ad\u03c1\u03bd\u03b7\u03c3\u03b7 \u03bd\u03b1 \u03b1\u03bd\u03b1\u03c0\u03c4\u03cd\u03be\u03b5\u03b9 \u03c0\u03c1\u03bf\u03c4\u03ac\u03c3\u03b5\u03b9\u03c2 \u03b3\u03b9\u03b1 \u03c4\u03b7 \u03c1\u03cd\u03b8\u03bc\u03b9\u03c3\u03b7 \u03c4\u03b7\u03c2 \u03c7\u03c1\u03ae\u03c3\u03b7\u03c2 \u03ba\u03ac\u03bd\u03bd\u03b1\u03b2\u03b7\u03c2 \u03b3\u03b9\u03b1 \u03b9\u03b1\u03c4\u03c1\u03b9\u03ba\u03bf\u03cd\u03c2 \u03c3\u03ba\u03bf\u03c0\u03bf\u03cd\u03c2. \u0391\u03c5\u03c4\u03ae \u03b7 \u03b1\u03c0\u03cc\u03c6\u03b1\u03c3\u03b7 \u03ad\u03b3\u03b9\u03bd\u03b5 \u03b4\u03b5\u03ba\u03c4\u03ae \u03b8\u03b5\u03c4\u03b9\u03ba\u03ac \u03b1\u03c0\u03cc \u03c4\u03bf\u03c5\u03c2 \u03c5\u03c0\u03bf\u03c3\u03c4\u03b7\u03c1\u03b9\u03ba\u03c4\u03ad\u03c2 \u03c4\u03b7\u03c2 \u03bd\u03bf\u03bc\u03b9\u03bc\u03bf\u03c0\u03bf\u03af\u03b7\u03c3\u03b7\u03c2 \u03c4\u03b7\u03c2 \u03ba\u03ac\u03bd\u03bd\u03b1\u03b2\u03b7\u03c2 \u03c3\u03c4\u03b7 \u03a1\u03c9\u03c3\u03af\u03b1 \u03ba\u03b1\u03b9 \u03c0\u03c5\u03c1\u03bf\u03b4\u03cc\u03c4\u03b7\u03c3\u03b5 \u03c3\u03c5\u03b6\u03ae\u03c4\u03b7\u03c3\u03b7 \u03b3\u03b9\u03b1 \u03c4\u03bf \u03b8\u03ad\u03bc\u03b1.<\/p>\n\n\n\n<p>\u039f \u03a0\u03bf\u03cd\u03c4\u03b9\u03bd \u03b5\u03be\u03ad\u03c6\u03c1\u03b1\u03c3\u03b5 \u03b5\u03c0\u03af\u03c3\u03b7\u03c2 \u03c4\u03b7\u03bd \u03c5\u03c0\u03bf\u03c3\u03c4\u03ae\u03c1\u03b9\u03be\u03ae \u03c4\u03bf\u03c5 \u03b3\u03b9\u03b1 \u03c4\u03b7\u03bd \u03c0\u03b1\u03c1\u03b1\u03b3\u03c9\u03b3\u03ae \u03c4\u03bf\u03c5 <a href=\"https:\/\/wikihhc.com\"> \u03c0\u03c1\u03bf\u03ca\u03cc\u03bd \u03c0\u03bf\u03c5 \u03c0\u03b5\u03c1\u03b9\u03ad\u03c7\u03b5\u03b9 HHC<\/a> (Hydrogenated Cannabis Oil), \u03bc\u03b9\u03b1 \u03bc\u03bf\u03c1\u03c6\u03ae \u03ba\u03ac\u03bd\u03bd\u03b1\u03b2\u03b7\u03c2 \u03c0\u03bf\u03c5 \u03ad\u03c7\u03b5\u03b9 \u03b9\u03b1\u03c4\u03c1\u03b9\u03ba\u03ad\u03c2 \u03ba\u03b1\u03b9 \u03b2\u03b9\u03bf\u03bc\u03b7\u03c7\u03b1\u03bd\u03b9\u03ba\u03ad\u03c2 \u03b5\u03c6\u03b1\u03c1\u03bc\u03bf\u03b3\u03ad\u03c2. \u0396\u03ae\u03c4\u03b7\u03c3\u03b5 \u03b1\u03cd\u03be\u03b7\u03c3\u03b7 \u03c4\u03b7\u03c2 \u03c0\u03b1\u03c1\u03b1\u03b3\u03c9\u03b3\u03ae\u03c2 \u03c4\u03b7\u03c2 \u03bf\u03c5\u03c3\u03af\u03b1\u03c2 \u03c3\u03c4\u03b7 \u03a1\u03c9\u03c3\u03af\u03b1, \u03bb\u03ad\u03b3\u03bf\u03bd\u03c4\u03b1\u03c2 \u03cc\u03c4\u03b9 \u03ad\u03c7\u03b5\u03b9 \u03c3\u03b7\u03bc\u03b1\u03bd\u03c4\u03b9\u03ba\u03ad\u03c2 \u03bf\u03b9\u03ba\u03bf\u03bd\u03bf\u03bc\u03b9\u03ba\u03ad\u03c2 \u03b4\u03c5\u03bd\u03b1\u03c4\u03cc\u03c4\u03b7\u03c4\u03b5\u03c2.<\/p>\n\n\n\n<h2 class=\"wp-block-heading\"><span id=\"les-defis-de-la-legalisation-du-cannabis-en-russie\">\u039f\u03b9 \u03c0\u03c1\u03bf\u03ba\u03bb\u03ae\u03c3\u03b5\u03b9\u03c2 \u03c4\u03b7\u03c2 \u03bd\u03bf\u03bc\u03b9\u03bc\u03bf\u03c0\u03bf\u03af\u03b7\u03c3\u03b7\u03c2 \u03c4\u03b7\u03c2 \u03ba\u03ac\u03bd\u03bd\u03b1\u03b2\u03b7\u03c2 \u03c3\u03c4\u03b7 \u03a1\u03c9\u03c3\u03af\u03b1<\/span><\/h2>\n\n\n\n<p>\u03a9\u03c3\u03c4\u03cc\u03c3\u03bf, \u03b7 \u03bd\u03bf\u03bc\u03b9\u03bc\u03bf\u03c0\u03bf\u03af\u03b7\u03c3\u03b7 \u03c4\u03b7\u03c2 \u03ba\u03ac\u03bd\u03bd\u03b1\u03b2\u03b7\u03c2 \u03b3\u03b9\u03b1 \u03b9\u03b1\u03c4\u03c1\u03b9\u03ba\u03bf\u03cd\u03c2 \u03ba\u03b1\u03b9 \u03b2\u03b9\u03bf\u03bc\u03b7\u03c7\u03b1\u03bd\u03b9\u03ba\u03bf\u03cd\u03c2 \u03c3\u03ba\u03bf\u03c0\u03bf\u03cd\u03c2 \u03c3\u03c4\u03b7 \u03a1\u03c9\u03c3\u03af\u03b1 \u03b4\u03b5\u03bd \u03b5\u03af\u03bd\u03b1\u03b9 \u03c7\u03c9\u03c1\u03af\u03c2 \u03c0\u03c1\u03bf\u03ba\u03bb\u03ae\u03c3\u03b5\u03b9\u03c2. \u0397 \u03c4\u03c1\u03ad\u03c7\u03bf\u03c5\u03c3\u03b1 \u03c1\u03c9\u03c3\u03b9\u03ba\u03ae \u03bd\u03bf\u03bc\u03bf\u03b8\u03b5\u03c3\u03af\u03b1 \u03b3\u03b9\u03b1 \u03c4\u03b1 \u03bd\u03b1\u03c1\u03ba\u03c9\u03c4\u03b9\u03ba\u03ac \u03b5\u03af\u03bd\u03b1\u03b9 \u03c0\u03bf\u03bb\u03cd \u03b1\u03c5\u03c3\u03c4\u03b7\u03c1\u03ae \u03ba\u03b1\u03b9 \u03b7 \u03c7\u03c1\u03ae\u03c3\u03b7 \u03ba\u03ac\u03bd\u03bd\u03b1\u03b2\u03b7\u03c2 \u03b5\u03af\u03bd\u03b1\u03b9 \u03c0\u03b1\u03c1\u03ac\u03bd\u03bf\u03bc\u03b7. \u0395\u03c0\u03b9\u03c0\u03bb\u03ad\u03bf\u03bd, \u03b7 \u03a1\u03c9\u03c3\u03af\u03b1 \u03ad\u03c7\u03b5\u03b9 \u03c5\u03c0\u03bf\u03b3\u03c1\u03ac\u03c8\u03b5\u03b9 \u03c0\u03bf\u03bb\u03bb\u03ad\u03c2 \u03b4\u03b9\u03b5\u03b8\u03bd\u03b5\u03af\u03c2 \u03c3\u03c5\u03bc\u03b2\u03ac\u03c3\u03b5\u03b9\u03c2 \u03b3\u03b9\u03b1 \u03c4\u03b1 \u03bd\u03b1\u03c1\u03ba\u03c9\u03c4\u03b9\u03ba\u03ac \u03c0\u03bf\u03c5 \u03b1\u03c0\u03b1\u03b3\u03bf\u03c1\u03b5\u03cd\u03bf\u03c5\u03bd \u03c4\u03b7 \u03c7\u03c1\u03ae\u03c3\u03b7 \u03ba\u03b1\u03b9 \u03c4\u03b7\u03bd \u03c0\u03b1\u03c1\u03b1\u03b3\u03c9\u03b3\u03ae \u03bd\u03b1\u03c1\u03ba\u03c9\u03c4\u03b9\u03ba\u03ce\u03bd, \u03c3\u03c5\u03bc\u03c0\u03b5\u03c1\u03b9\u03bb\u03b1\u03bc\u03b2\u03b1\u03bd\u03bf\u03bc\u03ad\u03bd\u03b7\u03c2 \u03c4\u03b7\u03c2 \u03ba\u03ac\u03bd\u03bd\u03b1\u03b2\u03b7\u03c2.<\/p>\n\n\n\n<p>\u0391\u03c5\u03c4\u03cc \u03c3\u03b7\u03bc\u03b1\u03af\u03bd\u03b5\u03b9 \u03cc\u03c4\u03b9 \u03bf\u03c0\u03bf\u03b9\u03b1\u03b4\u03ae\u03c0\u03bf\u03c4\u03b5 \u03bd\u03bf\u03bc\u03bf\u03b8\u03b5\u03c3\u03af\u03b1 \u03c5\u03c0\u03bf\u03c3\u03c4\u03b7\u03c1\u03af\u03b6\u03b5\u03b9 \u03c4\u03b7 \u03bd\u03bf\u03bc\u03b9\u03bc\u03bf\u03c0\u03bf\u03af\u03b7\u03c3\u03b7 \u03c4\u03b7\u03c2 \u03ba\u03ac\u03bd\u03bd\u03b1\u03b2\u03b7\u03c2 \u03b8\u03b1 \u03c0\u03c1\u03ad\u03c0\u03b5\u03b9 \u03bd\u03b1 \u03b4\u03b7\u03bc\u03b9\u03bf\u03c5\u03c1\u03b3\u03b7\u03b8\u03b5\u03af \u03c0\u03c1\u03bf\u03c3\u03b5\u03ba\u03c4\u03b9\u03ba\u03ac \u03ba\u03b1\u03b9 \u03bd\u03b1 \u03b5\u03c6\u03b1\u03c1\u03bc\u03bf\u03c3\u03c4\u03b5\u03af \u03bc\u03b5 \u03c4\u03c1\u03cc\u03c0\u03bf \u03c0\u03bf\u03c5 \u03bd\u03b1 \u03c3\u03c5\u03bc\u03bc\u03bf\u03c1\u03c6\u03ce\u03bd\u03b5\u03c4\u03b1\u03b9 \u03bc\u03b5 \u03c4\u03b9\u03c2 \u03b4\u03b9\u03b5\u03b8\u03bd\u03b5\u03af\u03c2 \u03c3\u03c5\u03bc\u03b2\u03ac\u03c3\u03b5\u03b9\u03c2 \u03ba\u03b1\u03b9 \u03c4\u03bf\u03c5\u03c2 \u03c1\u03c9\u03c3\u03b9\u03ba\u03bf\u03cd\u03c2 \u03bd\u03cc\u03bc\u03bf\u03c5\u03c2.<\/p>\n\n\n\n<h2 class=\"wp-block-heading\"><span id=\"conclusion\">\u03c3\u03c5\u03bc\u03c0\u03ad\u03c1\u03b1\u03c3\u03bc\u03b1<\/span><\/h2>\n\n\n\n<p>\u03a3\u03c5\u03bc\u03c0\u03b5\u03c1\u03b1\u03c3\u03bc\u03b1\u03c4\u03b9\u03ba\u03ac, \u03b7 \u03c5\u03c0\u03bf\u03c3\u03c4\u03ae\u03c1\u03b9\u03be\u03b7 \u03c4\u03bf\u03c5 \u03a0\u03bf\u03cd\u03c4\u03b9\u03bd \u03b3\u03b9\u03b1 \u03c4\u03b7 \u03bd\u03bf\u03bc\u03b9\u03bc\u03bf\u03c0\u03bf\u03af\u03b7\u03c3\u03b7 \u03c4\u03b7\u03c2 \u03b9\u03b1\u03c4\u03c1\u03b9\u03ba\u03ae\u03c2 \u03ba\u03b1\u03b9 \u03b2\u03b9\u03bf\u03bc\u03b7\u03c7\u03b1\u03bd\u03b9\u03ba\u03ae\u03c2 \u03c7\u03c1\u03ae\u03c3\u03b7\u03c2 \u03c4\u03b7\u03c2 \u03ba\u03ac\u03bd\u03bd\u03b1\u03b2\u03b7\u03c2 \u03c3\u03c4\u03b7 \u03a1\u03c9\u03c3\u03af\u03b1 \u03b5\u03af\u03bd\u03b1\u03b9 \u03bc\u03b9\u03b1 \u03c3\u03b7\u03bc\u03b1\u03bd\u03c4\u03b9\u03ba\u03ae \u03b1\u03c0\u03cc\u03c6\u03b1\u03c3\u03b7 \u03c0\u03bf\u03c5 \u03c0\u03c5\u03c1\u03bf\u03b4\u03bf\u03c4\u03b5\u03af \u03c3\u03c5\u03b6\u03b7\u03c4\u03ae\u03c3\u03b5\u03b9\u03c2 \u03c3\u03c4\u03b7 \u03c7\u03ce\u03c1\u03b1. \u0391\u03bd \u03ba\u03b1\u03b9 \u03c5\u03c0\u03ac\u03c1\u03c7\u03bf\u03c5\u03bd \u03c0\u03c1\u03bf\u03ba\u03bb\u03ae\u03c3\u03b5\u03b9\u03c2 \u03c3\u03c4\u03b7 \u03b8\u03ad\u03c3\u03c0\u03b9\u03c3\u03b7 \u03bd\u03bf\u03bc\u03bf\u03b8\u03b5\u03c3\u03af\u03b1\u03c2 \u03b3\u03b9\u03b1 \u03c4\u03b7 \u03bd\u03bf\u03bc\u03b9\u03bc\u03bf\u03c0\u03bf\u03af\u03b7\u03c3\u03b7 \u03c4\u03b7\u03c2 \u03ba\u03ac\u03bd\u03bd\u03b1\u03b2\u03b7\u03c2, \u03b5\u03af\u03bd\u03b1\u03b9 \u03c3\u03b1\u03c6\u03ad\u03c2 \u03cc\u03c4\u03b9 \u03bf\u03b9 \u03b1\u03c0\u03cc\u03c8\u03b5\u03b9\u03c2 \u03c4\u03bf\u03c5 \u03a0\u03bf\u03cd\u03c4\u03b9\u03bd \u03b3\u03b9\u03b1 \u03c4\u03bf \u03b8\u03ad\u03bc\u03b1 \u03ad\u03c7\u03bf\u03c5\u03bd \u03b5\u03be\u03b5\u03bb\u03b9\u03c7\u03b8\u03b5\u03af \u03bc\u03b5 \u03c4\u03b7\u03bd \u03c0\u03ac\u03c1\u03bf\u03b4\u03bf \u03c4\u03bf\u03c5 \u03c7\u03c1\u03cc\u03bd\u03bf\u03c5. \u0398\u03b1 \u03b5\u03af\u03bd\u03b1\u03b9 \u03b5\u03bd\u03b4\u03b9\u03b1\u03c6\u03ad\u03c1\u03bf\u03bd \u03bd\u03b1 \u03b4\u03bf\u03cd\u03bc\u03b5 \u03c0\u03ce\u03c2 \u03b8\u03b1 \u03b5\u03be\u03b5\u03bb\u03b9\u03c7\u03b8\u03b5\u03af \u03b1\u03c5\u03c4\u03cc \u03c4\u03bf \u03b6\u03ae\u03c4\u03b7\u03bc\u03b1 \u03c3\u03c4\u03b7 \u03a1\u03c9\u03c3\u03af\u03b1 \u03c3\u03c4\u03bf \u03bc\u03ad\u03bb\u03bb\u03bf\u03bd.<\/p>\n\n\n\n<figure class=\"wp-block-embed is-type-video is-provider-youtube wp-block-embed-youtube wp-embed-aspect-16-9 wp-has-aspect-ratio\"><div class=\"wp-block-embed__wrapper\">\n<iframe loading=\"lazy\" title=\"\u0398\u03ad\u03bb\u03bf\u03c5\u03bd \u03bf\u03b9 \u03a1\u03ce\u03c3\u03bf\u03b9 \u03bd\u03b1 \u03bd\u03bf\u03bc\u03b9\u03bc\u03bf\u03c0\u03bf\u03b9\u03b7\u03b8\u03b5\u03af \u03b7 \u03bc\u03b1\u03c1\u03b9\u03c7\u03bf\u03c5\u03ac\u03bd\u03b1;\" width=\"640\" height=\"360\" src=\"https:\/\/www.youtube.com\/embed\/lvfG8jTKhow?feature=oembed\" frameborder=\"0\" allow=\"accelerometer; autoplay; clipboard-write; encrypted-media; gyroscope; picture-in-picture; web-share\" allowfullscreen><\/iframe>\n<\/div><\/figure>\n<div id=\"toc_container\" class=\"no_bullets\"><p class=\"toc_title\">\u03a0\u03b5\u03c1\u03b9\u03b5\u03c7\u03cc\u03bc\u03b5\u03bd\u03b1<\/p><ul class=\"toc_list\"><li><\/li><li><\/li><li><\/li><li><\/li><\/ul><\/div>","protected":false},"excerpt":{"rendered":"<p>Le march\u00e9 du cannabis du hhc est en plein essor et suscite l&#8217;int\u00e9r\u00eat des grands dirigeants du monde entier. L&#8217;un de ces dirigeants est Vladimir Poutine, le pr\u00e9sident russe, qui a r\u00e9cemment exprim\u00e9 son soutien \u00e0 la l\u00e9galisation de l&#8217;utilisation du cannabis \u00e0 des fins m\u00e9dicales et industrielles. Le pass\u00e9 controvers\u00e9 de Poutine avec le &#8230;<\/p>","protected":false},"author":1,"featured_media":1965,"parent":0,"menu_order":0,"comment_status":"closed","ping_status":"closed","template":"page-nosidebar.php","meta":{"footnotes":""},"yoast_head":"<!-- This site is optimized with the Yoast SEO Premium plugin v21.0 (Yoast SEO v21.0) - https:\/\/yoast.com\/wordpress\/plugins\/seo\/ -->\n<title>Vladimir Poutine quelle avis sur le march\u00e9 du Cannabis et HHC? - Finale Coupe du Monde FIFA<\/title>\n<meta name=\"robots\" content=\"index, follow, max-snippet:-1, max-image-preview:large, max-video-preview:-1\" \/>\n<link rel=\"canonical\" href=\"https:\/\/parier-presidentielle.com\/el\/vladimir-poutine-what-opinion-on-the-cannabis-market-and-hhc\/\" \/>\n<meta property=\"og:locale\" content=\"el_GR\" \/>\n<meta property=\"og:type\" content=\"article\" \/>\n<meta property=\"og:title\" content=\"Vladimir Poutine quelle avis sur le march\u00e9 du Cannabis et HHC?\" \/>\n<meta property=\"og:description\" content=\"Le march\u00e9 du cannabis du hhc est en plein essor et suscite l&#8217;int\u00e9r\u00eat des grands dirigeants du monde entier. L&#8217;un de ces dirigeants est Vladimir Poutine, le pr\u00e9sident russe, qui a r\u00e9cemment exprim\u00e9 son soutien \u00e0 la l\u00e9galisation de l&#8217;utilisation du cannabis \u00e0 des fins m\u00e9dicales et industrielles. Le pass\u00e9 controvers\u00e9 de Poutine avec le ...\" \/>\n<meta property=\"og:url\" content=\"https:\/\/parier-presidentielle.com\/el\/vladimir-poutine-what-opinion-on-the-cannabis-market-and-hhc\/\" \/>\n<meta property=\"og:site_name\" content=\"Parier Pr\u00e9sidentielle\" \/>\n<meta property=\"article:modified_time\" content=\"2023-06-02T09:27:56+00:00\" \/>\n<meta property=\"og:image\" content=\"https:\/\/parier-presidentielle.com\/wp-content\/uploads\/2023\/03\/vladimir-poutine-hhc-scaled.jpg\" \/>\n\t<meta property=\"og:image:width\" content=\"2560\" \/>\n\t<meta property=\"og:image:height\" content=\"1302\" \/>\n\t<meta property=\"og:image:type\" content=\"image\/jpeg\" \/>\n<meta name=\"twitter:card\" content=\"summary_large_image\" \/>\n<meta name=\"twitter:label1\" content=\"Est. reading time\" \/>\n\t<meta name=\"twitter:data1\" content=\"3 \u03bb\u03b5\u03c0\u03c4\u03ac\" \/>\n<script type=\"application\/ld+json\" class=\"yoast-schema-graph\">{\"@context\":\"https:\/\/schema.org\",\"@graph\":[{\"@type\":\"WebPage\",\"@id\":\"https:\/\/parier-presidentielle.com\/vladimir-poutine-quelle-avis-sur-le-marche-du-cannabis-et-hhc\/\",\"url\":\"https:\/\/parier-presidentielle.com\/vladimir-poutine-quelle-avis-sur-le-marche-du-cannabis-et-hhc\/\",\"name\":\"Vladimir Poutine quelle avis sur le march\u00e9 du Cannabis et HHC? - Finale Coupe du Monde FIFA\",\"isPartOf\":{\"@id\":\"https:\/\/parier-presidentielle.com\/#website\"},\"datePublished\":\"2023-03-20T16:10:50+00:00\",\"dateModified\":\"2023-06-02T09:27:56+00:00\",\"breadcrumb\":{\"@id\":\"https:\/\/parier-presidentielle.com\/vladimir-poutine-quelle-avis-sur-le-marche-du-cannabis-et-hhc\/#breadcrumb\"},\"inLanguage\":\"el\",\"potentialAction\":[{\"@type\":\"ReadAction\",\"target\":[\"https:\/\/parier-presidentielle.com\/vladimir-poutine-quelle-avis-sur-le-marche-du-cannabis-et-hhc\/\"]}]},{\"@type\":\"BreadcrumbList\",\"@id\":\"https:\/\/parier-presidentielle.com\/vladimir-poutine-quelle-avis-sur-le-marche-du-cannabis-et-hhc\/#breadcrumb\",\"itemListElement\":[{\"@type\":\"ListItem\",\"position\":1,\"name\":\"Accueil\",\"item\":\"https:\/\/parier-presidentielle.com\/\"},{\"@type\":\"ListItem\",\"position\":2,\"name\":\"Vladimir Poutine quelle avis sur le march\u00e9 du Cannabis et HHC?\"}]},{\"@type\":\"WebSite\",\"@id\":\"https:\/\/parier-presidentielle.com\/#website\",\"url\":\"https:\/\/parier-presidentielle.com\/\",\"name\":\"Parier Pr\u00e9sidentielle\",\"description\":\"Paris, Pronostics, Wiki sur la Politique, les Elections Am\u00e9ricaines: Joe Biden, Donald Trump avec les Bookmakers en ligne Unibet, Bwin, Betclic, Winamax\",\"potentialAction\":[{\"@type\":\"SearchAction\",\"target\":{\"@type\":\"EntryPoint\",\"urlTemplate\":\"https:\/\/parier-presidentielle.com\/?s={search_term_string}\"},\"query-input\":\"required name=search_term_string\"}],\"inLanguage\":\"el\"}]}<\/script>\n<!-- \/ Yoast SEO Premium plugin. -->","yoast_head_json":{"title":"Vladimir Poutine quelle avis sur le march\u00e9 du Cannabis et HHC? - Finale Coupe du Monde FIFA","robots":{"index":"index","follow":"follow","max-snippet":"max-snippet:-1","max-image-preview":"max-image-preview:large","max-video-preview":"max-video-preview:-1"},"canonical":"https:\/\/parier-presidentielle.com\/el\/vladimir-poutine-what-opinion-on-the-cannabis-market-and-hhc\/","og_locale":"el_GR","og_type":"article","og_title":"Vladimir Poutine quelle avis sur le march\u00e9 du Cannabis et HHC?","og_description":"Le march\u00e9 du cannabis du hhc est en plein essor et suscite l&#8217;int\u00e9r\u00eat des grands dirigeants du monde entier. L&#8217;un de ces dirigeants est Vladimir Poutine, le pr\u00e9sident russe, qui a r\u00e9cemment exprim\u00e9 son soutien \u00e0 la l\u00e9galisation de l&#8217;utilisation du cannabis \u00e0 des fins m\u00e9dicales et industrielles. Le pass\u00e9 controvers\u00e9 de Poutine avec le ...","og_url":"https:\/\/parier-presidentielle.com\/el\/vladimir-poutine-what-opinion-on-the-cannabis-market-and-hhc\/","og_site_name":"Parier Pr\u00e9sidentielle","article_modified_time":"2023-06-02T09:27:56+00:00","og_image":[{"width":2560,"height":1302,"url":"https:\/\/parier-presidentielle.com\/wp-content\/uploads\/2023\/03\/vladimir-poutine-hhc-scaled.jpg","type":"image\/jpeg"}],"twitter_card":"summary_large_image","twitter_misc":{"Est. reading time":"3 \u03bb\u03b5\u03c0\u03c4\u03ac"},"schema":{"@context":"https:\/\/schema.org","@graph":[{"@type":"WebPage","@id":"https:\/\/parier-presidentielle.com\/vladimir-poutine-quelle-avis-sur-le-marche-du-cannabis-et-hhc\/","url":"https:\/\/parier-presidentielle.com\/vladimir-poutine-quelle-avis-sur-le-marche-du-cannabis-et-hhc\/","name":"Vladimir Poutine quelle avis sur le march\u00e9 du Cannabis et HHC? - Finale Coupe du Monde FIFA","isPartOf":{"@id":"https:\/\/parier-presidentielle.com\/#website"},"datePublished":"2023-03-20T16:10:50+00:00","dateModified":"2023-06-02T09:27:56+00:00","breadcrumb":{"@id":"https:\/\/parier-presidentielle.com\/vladimir-poutine-quelle-avis-sur-le-marche-du-cannabis-et-hhc\/#breadcrumb"},"inLanguage":"el","potentialAction":[{"@type":"ReadAction","target":["https:\/\/parier-presidentielle.com\/vladimir-poutine-quelle-avis-sur-le-marche-du-cannabis-et-hhc\/"]}]},{"@type":"BreadcrumbList","@id":"https:\/\/parier-presidentielle.com\/vladimir-poutine-quelle-avis-sur-le-marche-du-cannabis-et-hhc\/#breadcrumb","itemListElement":[{"@type":"ListItem","position":1,"name":"Accueil","item":"https:\/\/parier-presidentielle.com\/"},{"@type":"ListItem","position":2,"name":"Vladimir Poutine quelle avis sur le march\u00e9 du Cannabis et HHC?"}]},{"@type":"WebSite","@id":"https:\/\/parier-presidentielle.com\/#website","url":"https:\/\/parier-presidentielle.com\/","name":"Parier Pr\u00e9sidentielle","description":"Paris, Pronostics, Wiki sur la Politique, les Elections Am\u00e9ricaines: Joe Biden, Donald Trump avec les Bookmakers en ligne Unibet, Bwin, Betclic, Winamax","potentialAction":[{"@type":"SearchAction","target":{"@type":"EntryPoint","urlTemplate":"https:\/\/parier-presidentielle.com\/?s={search_term_string}"},"query-input":"required name=search_term_string"}],"inLanguage":"el"}]}},"_links":{"self":[{"href":"https:\/\/parier-presidentielle.com\/el\/wp-json\/wp\/v2\/pages\/1962"}],"collection":[{"href":"https:\/\/parier-presidentielle.com\/el\/wp-json\/wp\/v2\/pages"}],"about":[{"href":"https:\/\/parier-presidentielle.com\/el\/wp-json\/wp\/v2\/types\/page"}],"author":[{"embeddable":true,"href":"https:\/\/parier-presidentielle.com\/el\/wp-json\/wp\/v2\/users\/1"}],"replies":[{"embeddable":true,"href":"https:\/\/parier-presidentielle.com\/el\/wp-json\/wp\/v2\/comments?post=1962"}],"version-history":[{"count":4,"href":"https:\/\/parier-presidentielle.com\/el\/wp-json\/wp\/v2\/pages\/1962\/revisions"}],"predecessor-version":[{"id":2002,"href":"https:\/\/parier-presidentielle.com\/el\/wp-json\/wp\/v2\/pages\/1962\/revisions\/2002"}],"wp:featuredmedia":[{"embeddable":true,"href":"https:\/\/parier-presidentielle.com\/el\/wp-json\/wp\/v2\/media\/1965"}],"wp:attachment":[{"href":"https:\/\/parier-presidentielle.com\/el\/wp-json\/wp\/v2\/media?parent=1962"}],"curies":[{"name":"wp","href":"https:\/\/api.w.org\/{rel}","templated":true}]}}