{"id":121,"date":"2021-09-10T13:58:16","date_gmt":"2021-09-10T11:58:16","guid":{"rendered":"https:\/\/parier-presidentielle.com\/?page_id=121"},"modified":"2023-09-09T20:26:39","modified_gmt":"2023-09-09T18:26:39","slug":"asselineau-bookmaker-unibet-bwin","status":"publish","type":"page","link":"https:\/\/parier-presidentielle.com\/en\/asselineau-bookmaker-unibet-bwin\/","title":{"rendered":"Asselineau and the Presidential Election according to Les Bookmakers Bwin, Unibet"},"content":{"rendered":"<h2 class=\"wp-block-heading\" id=\"h-pour-les-parieurs-britanniques-le-candidat-socialiste-etait-deja-en-piteux-etat-a-dix-jours-du-premier-tour-de-la-presidentielle-et-ne-se-presentera-pas-au-terme-de-sa-peine-contrairement-a-francois-asselineau\"><span id=\"pour-les-parieurs-britanniques-le-candidat-socialiste-etait-deja-en-piteux-etat-a-dix-jours-du-premier-tour-de-la-presidentielle-et-ne-se-presentera-pas-au-terme-de-sa-peine-contrairement-a-francois-asselineau\">For British punters, the socialist candidate was already in a sorry state ten days before the first round of the presidential election and will not appear at the end of his sentence, unlike Fran\u00e7ois Asselineau!<\/span><\/h2>\n\n\n\n<p><\/p>\n\n\n\n<p>Less than two weeks before the first round of the presidential election, few observers saw the socialist candidate advance to the second round. The largest shareholder fell to fifth place. He himself seemed to have lost hope, and even mentioned on our antenna the prospect of \u201ca good night&#039;s sleep\u201d in the event of failure on April 23. \u201cBenoit Hamon seems to have internalized his failure,\u201d analyzed journalist Alba Ventura. And the decline could continue.<br><\/p>\n\n\n\n<figure class=\"wp-block-image wp-duotone-000097-ff4747-1\"><img decoding=\"async\" loading=\"lazy\" width=\"752\" height=\"423\" src=\"https:\/\/parier-presidentielle.com\/wp-content\/uploads\/2021\/09\/asselineau.jpg\" alt=\"\" class=\"wp-image-114\" srcset=\"https:\/\/parier-presidentielle.com\/wp-content\/uploads\/2021\/09\/asselineau.jpg 752w, https:\/\/parier-presidentielle.com\/wp-content\/uploads\/2021\/09\/asselineau-300x169.jpg 300w\" sizes=\"(max-width: 752px) 100vw, 752px\" \/><\/figure>\n\n\n\n<h2 class=\"wp-block-heading\" id=\"h-benoit-hamon-vit-une-veritable-chute-aux-enfers-dans-les-sondages-et-donc-egalement-dans-ses-cotes-selon-les-sites-de-paris-en-ligne-bwin-unibet-netbet-betclic-winamax\"><span id=\"benoit-hamon-vit-une-veritable-chute-aux-enfers-dans-les-sondages-et-donc-egalement-dans-ses-cotes-selon-les-sites-de-paris-en-ligne-bwin-unibet-netbet-betclic-winamax\">Beno\u00eet Hamon is experiencing a veritable fall into hell in the polls and therefore also in his odds according to the online betting sites Bwin, Unibet, Netbet, Betclic, Winamax.<\/span><\/h2>\n\n\n\n<p><br>According to the British gaming company, the former education minister could be ousted from fourth place by Fran\u00e7ois Asselineau. The president of the Popular Resistance League demoted the socialist to sixth place with a score of 100\/1, to 200\/1, tied with Nicolas Dupont-Aignan. In an interview with Lib\u00e9ration, Graham Sharpe, spokesperson for William Hill, (equivalent to the bookmakers Bwin, Unibet, Netbet, Betclic, Winamax), one of the largest gaming companies in the Channel, tried to explain this phenomenon by the fact that Fran\u00e7ois Asselineau adopted an anti-European, anti-euro and anti-NATO approach, like many supporters of Brexit. A powerful gambler, His Majesty&#039;s subjects considered <a href=\"https:\/\/parier-presidentielle.com\/en\/macron-election\/\">Emmanuel Macron<\/a> as the big winner of the queen election of 08\/11. &quot; Working ! &quot; Leader ! Just behind is <a href=\"https:\/\/parier-presidentielle.com\/en\/marine-le-pen-election\/\">Marine Le Pen <\/a>(11\/4). Fran\u00e7ois Fillon gets on the podium at 9\/2, ahead of Jean-Luc M\u00e9lanchon (8\/1). However, these predictions should be reserved. However, these predictions should be taken with a pinch of salt. On June 22, 2016, the eve of the British referendum on leaving the European Union, bookmakers had bet on maintaining...<br><br><\/p>\n\n\n\n<p class=\"has-text-align-center unibet\" style=\"font-size:25px\"><mark style=\"background-color:rgba(0, 0, 0, 0);color:#0d7a12\" class=\"has-inline-color\"><strong><a href=\"https:\/\/parier-presidentielle.com\/en\/recommends\/unibet\/\">\u20ac150 Bonus offered with Unibet<br>For your 1st Political or Sporting Bet: Click here<\/a><\/strong><\/mark><\/p>\n\n\n\n<p><\/p>\n\n\n<div class=\"wp-block-image\">\n<figure class=\"aligncenter is-resized wp-duotone-000097-ff4747-2\"><img decoding=\"async\" loading=\"lazy\" src=\"https:\/\/parier-presidentielle.com\/wp-content\/uploads\/2021\/09\/election-standard-scale-4_00x-gigapixel-1024x623.jpg\" alt=\"Election 2022\" style=\"width:256px;height:156px\" width=\"256\" height=\"156\"\/><\/figure><\/div>\n\n\n<p><br><\/p>\n\n\n\n<p><strong>Parier-presidentielle helps you to make your choice between the different<a href=\"https:\/\/parier-presidentielle.com\/en\/\"> Bookmakers Bwin, Unibet, Betclic to Bet on the Future American President in 2024<\/a> : <\/strong><br><a href=\"https:\/\/parier-presidentielle.com\/en\/unibet-politic-election-2022\/\">Unibet Presidential Bookmaker<\/a> : Detailed and free guide to make your 1st bet online with all odds and how to take advantage of the Bonus offered!<\/p>\n\n\n\n<p>As well as the other online betting sites: <a href=\"https:\/\/parier-presidentielle.com\/en\/unibet-politic-election-2022\/\">Bwin<\/a>, <a href=\"https:\/\/parier-presidentielle.com\/en\/netbet-betting-politic-election-2022\/\">NetBet<\/a>, <a href=\"https:\/\/parier-presidentielle.com\/en\/betclic-presidential-2022\/\">Betclic<\/a>, <a href=\"https:\/\/parier-presidentielle.com\/en\/winamax-politic-election-2022\/\">Winamax<\/a>, Parions Sport, Zebet, Betway, France-Pari, Vbet, Cloudbet, 1Xbit, 1xbet, Betfair, Betwinner\u2026<\/p>\n\n\n\n<div class=\"wp-block-columns is-layout-flex wp-container-7 wp-block-columns-is-layout-flex\">\n<div class=\"wp-block-column is-layout-flow wp-block-column-is-layout-flow\" style=\"flex-basis:33.33%\">\n<p>You have just read our file:<\/p>\n<\/div>\n\n\n\n<div class=\"wp-block-column is-layout-flow wp-block-column-is-layout-flow\" style=\"flex-basis:33.33%\">\n<div class=\"wp-block-group is-layout-flow wp-block-group-is-layout-flow\"><div class=\"wp-block-group__inner-container\"><h4 class=\"has-text-align-center wp-block-post-title\"><span id=\"asselineau-et-l8217election-presidentielle-selon-les-bookmakers-bwin-unibet\"><a href=\"https:\/\/parier-presidentielle.com\/en\/asselineau-bookmaker-unibet-bwin\/\" target=\"_self\" >Asselineau and the Presidential Election according to Les Bookmakers Bwin, Unibet<\/a><\/span><\/h4><\/div><\/div>\n<\/div>\n\n\n\n<div class=\"wp-block-column is-layout-flow wp-block-column-is-layout-flow\" style=\"flex-basis:33.33%\">\n<p class=\"has-text-align-right\">Continue reading with our other exclusive files,<\/p>\n<\/div>\n<\/div>\n\n\n\n<h3 class=\"wp-block-heading\" id=\"tous-les-pronostics-sondage-et-cotes-pour-parier-sur-le-futur-vainqueur-de-l-election-presidentielle-2022\"><span id=\"tous-les-pronostics-sondage-et-cotes-pour-parier-sur-le-futur-vainqueur-de-l8217election-presidentielle-2024\">All the Predictions, Surveys and Odds to bet on the future winner of the 2024 Presidential election:<\/span><\/h3>\n\n\n\n<ul>\n<li><a href=\"https:\/\/parier-presidentielle.com\/en\/macron-election\/\">Bet on Emmanuel Macron with Unibet, Betclic, Bwin<\/a> : The favorite of polls and predictions <\/li>\n\n\n\n<li><a href=\"https:\/\/parier-presidentielle.com\/en\/marine-le-pen-election\/\">Marine Le Pen: Her odds and how to bet with Bookmakers<\/a>: The challenger according to Unibet<\/li>\n<\/ul>\n\n\n\n<p><\/p>\n\n\n\n<center><script type=\"text\/javascript\" charset=\"utf-8\" src=\"https:\/\/www.gambling-affiliation.com\/cpm\/v=AmIMTDSs92QY6b0MzDMvM5laCjJ-ZlA-1oQ-7tKsi.w_GA7331V2\"><\/script><\/center>\n\n\n\n<h3 class=\"wp-block-heading\"><span id=\"donald-trump-vs-joe-biden-la-video-qui-lance-les-paris-en-ligne-sur-l8217election-politique-de-2024\">Donald Trump vs Joe Biden: The video that launches online betting on the 2024 political election<\/span><\/h3>\n\n\n\n<figure class=\"wp-block-embed is-type-video is-provider-youtube wp-block-embed-youtube wp-embed-aspect-16-9 wp-has-aspect-ratio\"><div class=\"wp-block-embed__wrapper\">\n<iframe loading=\"lazy\" title=\"Former President Donald Trump launches 2024 White House bid #Short\" width=\"640\" height=\"360\" src=\"https:\/\/www.youtube.com\/embed\/hZykPRVe4Ag?feature=oembed\" frameborder=\"0\" allow=\"accelerometer; autoplay; clipboard-write; encrypted-media; gyroscope; picture-in-picture; web-share\" allowfullscreen><\/iframe>\n<\/div><\/figure>\n\n\n<div class=\"wp-block-image\">\n<figure class=\"aligncenter size-medium\"><a href=\"https:\/\/parier-presidentielle.com\/en\/recommends\/unibet\/\" target=\"_blank\" rel=\"noopener\"><img decoding=\"async\" loading=\"lazy\" width=\"300\" height=\"169\" src=\"https:\/\/parier-presidentielle.com\/wp-content\/uploads\/2022\/04\/unibet-300x169.jpg\" alt=\"\" class=\"wp-image-1252\" srcset=\"https:\/\/parier-presidentielle.com\/wp-content\/uploads\/2022\/04\/unibet-300x169.jpg 300w, https:\/\/parier-presidentielle.com\/wp-content\/uploads\/2022\/04\/unibet-1024x576.jpg 1024w, https:\/\/parier-presidentielle.com\/wp-content\/uploads\/2022\/04\/unibet-768x432.jpg 768w, https:\/\/parier-presidentielle.com\/wp-content\/uploads\/2022\/04\/unibet-18x10.jpg 18w, https:\/\/parier-presidentielle.com\/wp-content\/uploads\/2022\/04\/unibet.jpg 1280w\" sizes=\"(max-width: 300px) 100vw, 300px\" \/><\/a><\/figure><\/div>\n\n\n<p>Find the Wiki, the main political news on Cannabis and its legal derivatives: <strong>HHC, H4cbd, Thcp, Thcv, HSD, HHCPO, C4B<\/strong><\/p>\n<div id=\"toc_container\" class=\"no_bullets\"><p class=\"toc_title\">Table of Contents<\/p><ul class=\"toc_list\"><li><\/li><li><ul><li><ul><li><\/li><\/ul><\/li><li><\/li><li><\/li><\/ul><\/li><\/ul><\/div>","protected":false},"excerpt":{"rendered":"<p>Pour les parieurs britanniques, le candidat socialiste \u00e9tait d\u00e9j\u00e0 en piteux \u00e9tat \u00e0 dix jours du premier tour de la pr\u00e9sidentielle et ne se pr\u00e9sentera pas au terme de sa peine contrairement \u00e0 Fran\u00e7ois Asselineau! A moins de deux semaines du premier tour de l&#8217;\u00e9lection pr\u00e9sidentielle, peu d&#8217;observateurs ont vu le candidat socialiste passer au &#8230;<\/p>","protected":false},"author":1,"featured_media":0,"parent":0,"menu_order":0,"comment_status":"closed","ping_status":"closed","template":"page-nosidebar.php","meta":{"footnotes":""},"yoast_head":"<!-- This site is optimized with the Yoast SEO Premium plugin v21.0 (Yoast SEO v21.0) - https:\/\/yoast.com\/wordpress\/plugins\/seo\/ -->\n<title>Asselineau et l&#039;Election Pr\u00e9sidentielle selon Les Bookmakers Bwin, Unibet - Finale Coupe du Monde FIFA<\/title>\n<meta name=\"description\" content=\"Quellles sont les Cote d&#039;Asselineau selon les sites de paris Bwin, Unibet?\" \/>\n<meta name=\"robots\" content=\"index, follow, max-snippet:-1, max-image-preview:large, max-video-preview:-1\" \/>\n<link rel=\"canonical\" href=\"https:\/\/parier-presidentielle.com\/en\/asselineau-bookmaker-unibet-bwin\/\" \/>\n<meta property=\"og:locale\" content=\"en_GB\" \/>\n<meta property=\"og:type\" content=\"article\" \/>\n<meta property=\"og:title\" content=\"Asselineau et l&#039;Election Pr\u00e9sidentielle selon Les Bookmakers Bwin, Unibet\" \/>\n<meta property=\"og:description\" content=\"Quellles sont les Cote d&#039;Asselineau selon les sites de paris Bwin, Unibet?\" \/>\n<meta property=\"og:url\" content=\"https:\/\/parier-presidentielle.com\/en\/asselineau-bookmaker-unibet-bwin\/\" \/>\n<meta property=\"og:site_name\" content=\"Parier Pr\u00e9sidentielle\" \/>\n<meta property=\"article:modified_time\" content=\"2023-09-09T18:26:39+00:00\" \/>\n<meta property=\"og:image\" content=\"https:\/\/parier-presidentielle.com\/wp-content\/uploads\/2021\/09\/asselineau.jpg\" \/>\n<meta name=\"twitter:card\" content=\"summary_large_image\" \/>\n<meta name=\"twitter:label1\" content=\"Estimated reading time\" \/>\n\t<meta name=\"twitter:data1\" content=\"2 minutes\" \/>\n<script type=\"application\/ld+json\" class=\"yoast-schema-graph\">{\"@context\":\"https:\/\/schema.org\",\"@graph\":[{\"@type\":\"WebPage\",\"@id\":\"https:\/\/parier-presidentielle.com\/asselineau-bookmaker-unibet-bwin\/\",\"url\":\"https:\/\/parier-presidentielle.com\/asselineau-bookmaker-unibet-bwin\/\",\"name\":\"Asselineau et l'Election Pr\u00e9sidentielle selon Les Bookmakers Bwin, Unibet - Finale Coupe du Monde FIFA\",\"isPartOf\":{\"@id\":\"https:\/\/parier-presidentielle.com\/#website\"},\"datePublished\":\"2021-09-10T11:58:16+00:00\",\"dateModified\":\"2023-09-09T18:26:39+00:00\",\"description\":\"Quellles sont les Cote d'Asselineau selon les sites de paris Bwin, Unibet?\",\"breadcrumb\":{\"@id\":\"https:\/\/parier-presidentielle.com\/asselineau-bookmaker-unibet-bwin\/#breadcrumb\"},\"inLanguage\":\"en-GB\",\"potentialAction\":[{\"@type\":\"ReadAction\",\"target\":[\"https:\/\/parier-presidentielle.com\/asselineau-bookmaker-unibet-bwin\/\"]}]},{\"@type\":\"BreadcrumbList\",\"@id\":\"https:\/\/parier-presidentielle.com\/asselineau-bookmaker-unibet-bwin\/#breadcrumb\",\"itemListElement\":[{\"@type\":\"ListItem\",\"position\":1,\"name\":\"Accueil\",\"item\":\"https:\/\/parier-presidentielle.com\/\"},{\"@type\":\"ListItem\",\"position\":2,\"name\":\"Asselineau et l&#8217;Election Pr\u00e9sidentielle selon Les Bookmakers Bwin, Unibet\"}]},{\"@type\":\"WebSite\",\"@id\":\"https:\/\/parier-presidentielle.com\/#website\",\"url\":\"https:\/\/parier-presidentielle.com\/\",\"name\":\"Parier Pr\u00e9sidentielle\",\"description\":\"Paris, Pronostics, Wiki sur la Politique, les Elections Am\u00e9ricaines: Joe Biden, Donald Trump avec les Bookmakers en ligne Unibet, Bwin, Betclic, Winamax\",\"potentialAction\":[{\"@type\":\"SearchAction\",\"target\":{\"@type\":\"EntryPoint\",\"urlTemplate\":\"https:\/\/parier-presidentielle.com\/?s={search_term_string}\"},\"query-input\":\"required name=search_term_string\"}],\"inLanguage\":\"en-GB\"}]}<\/script>\n<!-- \/ Yoast SEO Premium plugin. -->","yoast_head_json":{"title":"Asselineau et l'Election Pr\u00e9sidentielle selon Les Bookmakers Bwin, Unibet - Finale Coupe du Monde FIFA","description":"Quellles sont les Cote d'Asselineau selon les sites de paris Bwin, Unibet?","robots":{"index":"index","follow":"follow","max-snippet":"max-snippet:-1","max-image-preview":"max-image-preview:large","max-video-preview":"max-video-preview:-1"},"canonical":"https:\/\/parier-presidentielle.com\/en\/asselineau-bookmaker-unibet-bwin\/","og_locale":"en_GB","og_type":"article","og_title":"Asselineau et l'Election Pr\u00e9sidentielle selon Les Bookmakers Bwin, Unibet","og_description":"Quellles sont les Cote d'Asselineau selon les sites de paris Bwin, Unibet?","og_url":"https:\/\/parier-presidentielle.com\/en\/asselineau-bookmaker-unibet-bwin\/","og_site_name":"Parier Pr\u00e9sidentielle","article_modified_time":"2023-09-09T18:26:39+00:00","og_image":[{"url":"https:\/\/parier-presidentielle.com\/wp-content\/uploads\/2021\/09\/asselineau.jpg"}],"twitter_card":"summary_large_image","twitter_misc":{"Estimated reading time":"2 minutes"},"schema":{"@context":"https:\/\/schema.org","@graph":[{"@type":"WebPage","@id":"https:\/\/parier-presidentielle.com\/asselineau-bookmaker-unibet-bwin\/","url":"https:\/\/parier-presidentielle.com\/asselineau-bookmaker-unibet-bwin\/","name":"Asselineau et l'Election Pr\u00e9sidentielle selon Les Bookmakers Bwin, Unibet - Finale Coupe du Monde FIFA","isPartOf":{"@id":"https:\/\/parier-presidentielle.com\/#website"},"datePublished":"2021-09-10T11:58:16+00:00","dateModified":"2023-09-09T18:26:39+00:00","description":"Quellles sont les Cote d'Asselineau selon les sites de paris Bwin, Unibet?","breadcrumb":{"@id":"https:\/\/parier-presidentielle.com\/asselineau-bookmaker-unibet-bwin\/#breadcrumb"},"inLanguage":"en-GB","potentialAction":[{"@type":"ReadAction","target":["https:\/\/parier-presidentielle.com\/asselineau-bookmaker-unibet-bwin\/"]}]},{"@type":"BreadcrumbList","@id":"https:\/\/parier-presidentielle.com\/asselineau-bookmaker-unibet-bwin\/#breadcrumb","itemListElement":[{"@type":"ListItem","position":1,"name":"Accueil","item":"https:\/\/parier-presidentielle.com\/"},{"@type":"ListItem","position":2,"name":"Asselineau et l&#8217;Election Pr\u00e9sidentielle selon Les Bookmakers Bwin, Unibet"}]},{"@type":"WebSite","@id":"https:\/\/parier-presidentielle.com\/#website","url":"https:\/\/parier-presidentielle.com\/","name":"Parier Pr\u00e9sidentielle","description":"Paris, Pronostics, Wiki sur la Politique, les Elections Am\u00e9ricaines: Joe Biden, Donald Trump avec les Bookmakers en ligne Unibet, Bwin, Betclic, Winamax","potentialAction":[{"@type":"SearchAction","target":{"@type":"EntryPoint","urlTemplate":"https:\/\/parier-presidentielle.com\/?s={search_term_string}"},"query-input":"required name=search_term_string"}],"inLanguage":"en-GB"}]}},"_links":{"self":[{"href":"https:\/\/parier-presidentielle.com\/en\/wp-json\/wp\/v2\/pages\/121"}],"collection":[{"href":"https:\/\/parier-presidentielle.com\/en\/wp-json\/wp\/v2\/pages"}],"about":[{"href":"https:\/\/parier-presidentielle.com\/en\/wp-json\/wp\/v2\/types\/page"}],"author":[{"embeddable":true,"href":"https:\/\/parier-presidentielle.com\/en\/wp-json\/wp\/v2\/users\/1"}],"replies":[{"embeddable":true,"href":"https:\/\/parier-presidentielle.com\/en\/wp-json\/wp\/v2\/comments?post=121"}],"version-history":[{"count":11,"href":"https:\/\/parier-presidentielle.com\/en\/wp-json\/wp\/v2\/pages\/121\/revisions"}],"predecessor-version":[{"id":2334,"href":"https:\/\/parier-presidentielle.com\/en\/wp-json\/wp\/v2\/pages\/121\/revisions\/2334"}],"wp:attachment":[{"href":"https:\/\/parier-presidentielle.com\/en\/wp-json\/wp\/v2\/media?parent=121"}],"curies":[{"name":"wp","href":"https:\/\/api.w.org\/{rel}","templated":true}]}}