{"id":212,"date":"2021-09-14T13:02:49","date_gmt":"2021-09-14T11:02:49","guid":{"rendered":"https:\/\/parier-presidentielle.com\/?page_id=212"},"modified":"2021-09-14T15:59:08","modified_gmt":"2021-09-14T13:59:08","slug":"melenchon-election","status":"publish","type":"page","link":"https:\/\/parier-presidentielle.com\/en\/melenchon-election\/","title":{"rendered":"Bet on the election of Jean-Luc M\u00e9lenchon"},"content":{"rendered":"<h2 class=\"wp-block-heading\" id=\"block-f005be1c-8637-4455-a388-e82bafcaf460\"><span id=\"cote-et-pronostics-pour-le-candidat-jean-luc-melenchon-paris-en-ligne-sur-la-politique-et-le-futur-president-de-la-france-de-2022\">Odds and predictions for the candidate Jean-Luc M\u00e9lenchon:<br>Online betting on politics and the future president of France in 2022<\/span><\/h2>\n\n\n\n<p><\/p>\n\n\n\n<p><\/p>\n\n\n\n<p>Jean-Luc M\u00e9lenchon (fr. Jean-Luc M\u00e9lenchon, IPA (fr.):; B., Tangier) \u2013 French left-wing statesman and politician, journalist. Minister for Professional Education in the government of Lionel Jospin from 2000 to 2002. Member of the French Senate from the Eson department (1986-2000; 2004-2010). Member of the European Parliament from 2009 to 2017 (European United Left Faction \/ Left-North Green). One of the founders and presidents of the \u201cLeft Party\u201d. Since 2017 \u2013 Member of the French National Assembly for the \u201cUndefeated France\u201d party.<\/p>\n\n\n\n<h2 class=\"wp-block-heading\"><span id=\"biographie-de-jean-luc-melenchon\">Biography of Jean-Luc Melenchon<\/span><\/h2>\n\n\n\n<p><br>Born in Tangier (International Zone of Tangier, today Morocco). The parents are civil servants. In 1962, he moved to France with his mother. A philosopher by training, he studied at the University of Franche-Comt\u00e9. He taught in secondary schools. He was involved very early in the radical left-wing youth movement, was a member of the National Union of French Students and participated in the Red May demonstrations of 1968. Within the French Trotskyist movement, M\u00e9lanchon joined the Lambertists, followers by Pierre Lambert of the International Communist Organization. Participation in union work in Besan\u00e7on.<\/p>\n\n\n\n<p>However, in 1977 he joined the Socialist Party of France, breaking with the Trotskyists. He actively supported French President Fran\u00e7ois Mitterrand. Since 1988, Jean-Luc Melanchon has been elected to the National Council and the National Office of the Socialist Party. Together with like-minded people, he organized the \u201cSocialist Left\u201d (anti-capitalist movement within the ranks of the Socialist Party). From 2000 to 2002, he was Minister Delegate for Vocational Education in the government of socialist Lionel Jospin. He was senator of the department of Eson (1986-2000 and 2004-2010). He also worked at the municipal level in the Eson department.<\/p>\n\n\n\n<p>As part of the referendum on the adoption of the Constitution of the European Union, together with internal left-wing currents of the Socialist Party and other leftists, the organization opposed its ratification, while the party leadership advocated its ratification. Taking part in the campaign against what left-wing politicians saw as the neoliberal EU Constitution brought Melanchon closer to the French Communist Party and the Trotskyists.<\/p>\n\n\n\n<p>In 2008 he left the Socialist Party due to contradictions with its leadership (including S\u00e9gol\u00e8ne Royal), whom he criticized for the social-liberal course and the departure from left-wing ideas. Initiated the creation of the \u201cLeft Party\u201d (on the model of the German \u201clefts\u201d with a reference to the ideas of Jean Jaur\u00e8s); became its first president. His colleague Mark Dole also participated in the work on its creation. In 2010, the party was co-chaired by the leader of the internal faction of the Green Party, who left the party himself \u2013 Martin Billard. In 2009, he was elected MEP on the list of the European United Left\/Left-Greens North group. The Left Party participates in the Left Front coalition; Melanchon is one of its co-presidents.<\/p>\n\n\n\n<h2 class=\"wp-block-heading\"><span id=\"participation-aux-elections-presidentielles-de-2012-de-jean-luc-melenchon\">Participation in the 2012 presidential elections of Jean-Luc M\u00e9lenchon<\/span><\/h2>\n\n\n\n<p><br>As the 2012 presidential elections approached, the French Communist Party intended to present its own candidate (Alain Boquet was most likely). However, during his congress, which was held from June 16 to 18, 2011, Jean-Luc Melanchon collected 59.12 % of the votes of the members of the congress and was designated as a candidate (members of other parties belonging to the Left Front participated Thus, he became a sole candidate of this alliance) According to the results of polls carried out in 2012, before the elections, Melanchon&#039;s rating was 6 to 15 %. Throughout the presidential campaign, according to some polls, he managed to move from fifth to third position among voters ready to vote for Melanchon, thus overtaking Marine Le Pen and Fran\u00e7ois Bayrou.<\/p>\n\n\n\n<p>The main feature of his program was the proclamation of the &quot;Sixth French Republic&quot; by modifying the French constitution. In his speeches, he repeatedly mentioned the history of the French Revolution and the Paris Commune. He called on his supporters for a peaceful \u201ccivil\u201d revolution \u2013 a coup, which is led not by the working class, but by all citizens rooting for their country.<\/p>\n\n\n\n<p>According to the results of the first round, M\u00e9lanchon obtained 3,985,089 votes (11.1 % of the total number of voters), thus taking fourth place. This is significantly more than the Communist Party candidate in 2007 \u2013 Marie-Georges Buffet (her result was 1.93% of the votes).<\/p>\n\n\n\n<p>In the second round, Melanchon supported the candidacy of Fran\u00e7ois Hollande, despite the fact that due to contradictions with him he left the Socialist Party in 2008. On May 6, 2012, Hollande was elected President of France.<\/p>\n\n\n\n<p>Other activites<br>He attempted to become a member of the French National Assembly in 2012 from the 11th electoral district of the Pas-de-Calais department on the &quot;Left Front&quot; list in order to arrest the leader of the National Front, Marine Le Pen, who was running there. However, in the first round of elections, he won 21.48 % of the votes and took third place, losing to both Marine Le Pen (42.36 % of the votes) and Philippe.<\/p>\n\n\n\n<p><\/p>\n\n\n\n<p>Kemel, the socialist candidate (23.5% votes). Thus, Melanchon could not obtain the right to compete for the mandate of deputy.<\/p>\n\n\n\n<h2 class=\"wp-block-heading\"><span id=\"participation-a-l8217election-presidentielle-de-2017-de-jean-luc-melenchon\">Participation in the 2017 presidential election of Jean-Luc M\u00e9lenchon<\/span><\/h2>\n\n\n\n<p><br>In February 2016, Melanchon announced his intention to participate in the 2017 presidential campaign. Refusing to participate in the \u201cleft primaries\u201d, organized by the Socialist Party, he became a candidate for the \u201cUndefeated France\u201d movement created at the same time. . His program was based on his theses of 2012 with a few changes: the establishment of the Sixth Republic (i.e. the adoption of a new Constitution), the redistribution of wealth (the imposition of taxes additional income on excess income, or the reduction of the working week to 32 hours), the lowering of the retirement age to 60, France&#039;s exit from the European Union and NATO . Melanchon formulated his views in the book \u201cL\u2019avenir en commun\u201d (\u201cCommon Future\u201d), distributed in 200,000 copies.<\/p>\n\n\n\n<p>According to Le Figaro, Melanchon&#039;s program, which provides for an increase in budgetary spending of 270 billion euros and tax increases of 120 billion euros, an increase in annual paid leave to six weeks (its duration in 2017 is of five weeks), as well as the confiscation of all income exceeding 400 thousand euros per year, inspired by the ideas of politicians such as former Venezuelan president Hugo Chavez.<\/p>\n\n\n\n<p>On April 4, 2017, a televised debate was organized with the participation of all eleven presidential candidates in France, the winner of which was sensationally Melanchon \u2013 his speech was recognized as the most convincing by 25% of those interviewed (Macron received support from 21% , Fillon \u2013 15%). Moreover, according to the results of a sociological study carried out after the debate, M\u00e9lanchon with 21% support was in second place among the most likely winners of the first round of elections \u2013 after Macron (27%) and ahead of Fillon ( 20% ).<\/p>\n\n\n\n<p>In April 2017, he made a name for himself by using the latest election campaign technologies \u2013 web radio and even his own holographic images during rallies in Nantes, Clermont-Ferrand, Montpellier, Grenoble, Nancy and Reunion.<\/p>\n\n\n\n<p>On April 20, 2017, a number of prominent figures in American culture \u2013 Danny Glover, philosopher Noam Chomsky, playwright and feminist Eve Ensler, actor Mark Ruffalo, Nancy Fraser and Oliver Stone published a petition urging the French to \u201cdo not repeat the Clinton vs. Trump tragedy\u201d, that is to say \u201cdo not force French voters to choose between the liberalism of the corporate establishment and xenophobic right-wing populism\u201d, but \u201cunite in the first round of presidential elections around the left-wing candidate with the most voter support. The authors of the petition also named this candidate \u2013 Melanchon.<\/p>\n\n\n\n<p>On April 23, 2017, he received the support of 19.58 % voters (7,060,885 people) in the first round of voting, taking fourth place among eleven candidates and thus not reaching the second round. The best results turned out to be M\u00e9lenchon&#039;s results in overseas regions: he won in Reunion (24.53 %), in Guyana (24.7 %), in Saint-Pierre and Miquelon (more than 35 % against 17.9 % for the winner of the first round on a national scale \u2013 Emmanuel Macron) and Martinique (27.3%).<\/p>\n\n\n\n<p>Other activities (since 2017)<br>In the legislative elections in France, his party won 17 seats out of 577, becoming the fourth in number of deputies. He himself was elected deputy for one of the communes of Marseille.<\/p>\n\n\n\n<p>On October 16, 2018, the house near M\u00e9lenchon and several buildings of \u201cUndefeated France\u201d were searched as part of the investigation into accusations of fictitious hiring of parliamentary assistants and violation of campaign financing rules, during which there were clashes between activists. and law enforcement officials. On September 20, 2019, the Bobigny court sentenced Melanchon to three months of suspended imprisonment and a fine of 8 thousand euros for obstruction of justice and rebellion, and five other defendants were sentenced to a fine of 2 thousand to 10 thousand euros (trial held two days \u2013 September 19 and 20, and Melanchon immediately called it political persecution).<\/p>\n\n\n\n<p><\/p>\n\n\n\n<p class=\"has-text-align-center unibet\" style=\"font-size:25px\"><mark style=\"background-color:rgba(0, 0, 0, 0);color:#0d7a12\" class=\"has-inline-color\"><strong><a href=\"https:\/\/parier-presidentielle.com\/en\/recommends\/unibet\/\">\u20ac150 Bonus offered with Unibet<br>For your 1st Political or Sporting Bet: Click here<\/a><\/strong><\/mark><\/p>\n\n\n\n<p><\/p>\n\n\n<div class=\"wp-block-image\">\n<figure class=\"aligncenter is-resized wp-duotone-000097-ff4747-1\"><img decoding=\"async\" loading=\"lazy\" src=\"https:\/\/parier-presidentielle.com\/wp-content\/uploads\/2021\/09\/election-standard-scale-4_00x-gigapixel-1024x623.jpg\" alt=\"Election 2022\" style=\"width:256px;height:156px\" width=\"256\" height=\"156\"\/><\/figure><\/div>\n\n\n<p><br><\/p>\n\n\n\n<p><strong>Parier-presidentielle helps you to make your choice between the different<a href=\"https:\/\/parier-presidentielle.com\/en\/\"> Bookmakers Bwin, Unibet, Betclic to Bet on the Future American President in 2024<\/a> : <\/strong><br><a href=\"https:\/\/parier-presidentielle.com\/en\/unibet-politic-election-2022\/\">Unibet Presidential Bookmaker<\/a> : Detailed and free guide to make your 1st bet online with all odds and how to take advantage of the Bonus offered!<\/p>\n\n\n\n<p>As well as the other online betting sites: <a href=\"https:\/\/parier-presidentielle.com\/en\/unibet-politic-election-2022\/\">Bwin<\/a>, <a href=\"https:\/\/parier-presidentielle.com\/en\/netbet-betting-politic-election-2022\/\">NetBet<\/a>, <a href=\"https:\/\/parier-presidentielle.com\/en\/betclic-presidential-2022\/\">Betclic<\/a>, <a href=\"https:\/\/parier-presidentielle.com\/en\/winamax-politic-election-2022\/\">Winamax<\/a>, Parions Sport, Zebet, Betway, France-Pari, Vbet, Cloudbet, 1Xbit, 1xbet, Betfair, Betwinner\u2026<\/p>\n\n\n\n<div class=\"wp-block-columns is-layout-flex wp-container-6 wp-block-columns-is-layout-flex\">\n<div class=\"wp-block-column is-layout-flow wp-block-column-is-layout-flow\" style=\"flex-basis:33.33%\">\n<p>You have just read our file:<\/p>\n<\/div>\n\n\n\n<div class=\"wp-block-column is-layout-flow wp-block-column-is-layout-flow\" style=\"flex-basis:33.33%\">\n<div class=\"wp-block-group is-layout-flow wp-block-group-is-layout-flow\"><div class=\"wp-block-group__inner-container\"><h4 class=\"has-text-align-center wp-block-post-title\"><span id=\"parier-sur-lelection-de-jean-luc-melenchon\"><a href=\"https:\/\/parier-presidentielle.com\/en\/melenchon-election\/\" target=\"_self\" >Bet on the election of Jean-Luc M\u00e9lenchon<\/a><\/span><\/h4><\/div><\/div>\n<\/div>\n\n\n\n<div class=\"wp-block-column is-layout-flow wp-block-column-is-layout-flow\" style=\"flex-basis:33.33%\">\n<p class=\"has-text-align-right\">Continue reading with our other exclusive files,<\/p>\n<\/div>\n<\/div>\n\n\n\n<h3 class=\"wp-block-heading\" id=\"tous-les-pronostics-sondage-et-cotes-pour-parier-sur-le-futur-vainqueur-de-l-election-presidentielle-2022\"><span id=\"tous-les-pronostics-sondage-et-cotes-pour-parier-sur-le-futur-vainqueur-de-l8217election-presidentielle-2024\">All the Predictions, Surveys and Odds to bet on the future winner of the 2024 Presidential election:<\/span><\/h3>\n\n\n\n<ul>\n<li><a href=\"https:\/\/parier-presidentielle.com\/en\/macron-election\/\">Bet on Emmanuel Macron with Unibet, Betclic, Bwin<\/a> : The favorite of polls and predictions <\/li>\n\n\n\n<li><a href=\"https:\/\/parier-presidentielle.com\/en\/marine-le-pen-election\/\">Marine Le Pen: Her odds and how to bet with Bookmakers<\/a>: The challenger according to Unibet<\/li>\n<\/ul>\n\n\n\n<p><\/p>\n\n\n\n<center><script type=\"text\/javascript\" charset=\"utf-8\" src=\"https:\/\/www.gambling-affiliation.com\/cpm\/v=AmIMTDSs92QY6b0MzDMvM5laCjJ-ZlA-1oQ-7tKsi.w_GA7331V2\"><\/script><\/center>\n\n\n\n<h3 class=\"wp-block-heading\"><span id=\"donald-trump-vs-joe-biden-la-video-qui-lance-les-paris-en-ligne-sur-l8217election-politique-de-2024\">Donald Trump vs Joe Biden: The video that launches online betting on the 2024 political election<\/span><\/h3>\n\n\n\n<figure class=\"wp-block-embed is-type-video is-provider-youtube wp-block-embed-youtube wp-embed-aspect-16-9 wp-has-aspect-ratio\"><div class=\"wp-block-embed__wrapper\">\n<iframe loading=\"lazy\" title=\"Former President Donald Trump launches 2024 White House bid #Short\" width=\"640\" height=\"360\" src=\"https:\/\/www.youtube.com\/embed\/hZykPRVe4Ag?feature=oembed\" frameborder=\"0\" allow=\"accelerometer; autoplay; clipboard-write; encrypted-media; gyroscope; picture-in-picture; web-share\" allowfullscreen><\/iframe>\n<\/div><\/figure>\n\n\n<div class=\"wp-block-image\">\n<figure class=\"aligncenter size-medium\"><a href=\"https:\/\/parier-presidentielle.com\/en\/recommends\/unibet\/\" target=\"_blank\" rel=\"noopener\"><img decoding=\"async\" loading=\"lazy\" width=\"300\" height=\"169\" src=\"https:\/\/parier-presidentielle.com\/wp-content\/uploads\/2022\/04\/unibet-300x169.jpg\" alt=\"\" class=\"wp-image-1252\" srcset=\"https:\/\/parier-presidentielle.com\/wp-content\/uploads\/2022\/04\/unibet-300x169.jpg 300w, https:\/\/parier-presidentielle.com\/wp-content\/uploads\/2022\/04\/unibet-1024x576.jpg 1024w, https:\/\/parier-presidentielle.com\/wp-content\/uploads\/2022\/04\/unibet-768x432.jpg 768w, https:\/\/parier-presidentielle.com\/wp-content\/uploads\/2022\/04\/unibet-18x10.jpg 18w, https:\/\/parier-presidentielle.com\/wp-content\/uploads\/2022\/04\/unibet.jpg 1280w\" sizes=\"(max-width: 300px) 100vw, 300px\" \/><\/a><\/figure><\/div>\n\n\n<p>Find the Wiki, the main political news on Cannabis and its legal derivatives: <strong>HHC, H4cbd, Thcp, Thcv, HSD, HHCPO, C4B<\/strong><\/p>\n<div id=\"toc_container\" class=\"no_bullets\"><p class=\"toc_title\">Table of Contents<\/p><ul class=\"toc_list\"><li><\/li><li><\/li><li><\/li><li><ul><li><ul><li><\/li><\/ul><\/li><li><\/li><li><\/li><\/ul><\/li><\/ul><\/div>","protected":false},"excerpt":{"rendered":"<p>Cote et pronostics pour le candidat Jean-Luc M\u00e9lenchon :Paris en ligne sur la politique et le futur pr\u00e9sident de la France de 2022 Jean-Luc M\u00e9lenchon (fr. Jean-Luc M\u00e9lenchon, IPA (fr.):; B., Tanger) &#8211; Homme d&#8217;\u00c9tat et homme politique fran\u00e7ais de gauche, journaliste. Ministre d\u00e9l\u00e9gu\u00e9e \u00e0 l&#8217;Enseignement professionnel dans le gouvernement de Lionel Jospin de 2000 &#8230;<\/p>","protected":false},"author":1,"featured_media":0,"parent":0,"menu_order":0,"comment_status":"closed","ping_status":"closed","template":"page-nosidebar.php","meta":{"footnotes":""},"yoast_head":"<!-- This site is optimized with the Yoast SEO Premium plugin v21.0 (Yoast SEO v21.0) - https:\/\/yoast.com\/wordpress\/plugins\/seo\/ -->\n<title>Parier sur l\u2019\u00e9lection de Jean-Luc M\u00e9lenchon - Finale Coupe du Monde FIFA<\/title>\n<meta name=\"description\" content=\"Pariez sur M\u00e9lenchon pour l&#039;\u00e9lection 2022 : Cliquez Ici et Gagnez Gros! Pronostics ,Comparaison des Bookmakers et des meilleurs Cotes.\" \/>\n<meta name=\"robots\" content=\"index, follow, max-snippet:-1, max-image-preview:large, max-video-preview:-1\" \/>\n<link rel=\"canonical\" href=\"https:\/\/parier-presidentielle.com\/en\/melenchon-election\/\" \/>\n<meta property=\"og:locale\" content=\"en_GB\" \/>\n<meta property=\"og:type\" content=\"article\" \/>\n<meta property=\"og:title\" content=\"Parier sur l\u2019\u00e9lection de Jean-Luc M\u00e9lenchon\" \/>\n<meta property=\"og:description\" content=\"Pariez sur M\u00e9lenchon pour l&#039;\u00e9lection 2022 : Cliquez Ici et Gagnez Gros! Pronostics ,Comparaison des Bookmakers et des meilleurs Cotes.\" \/>\n<meta property=\"og:url\" content=\"https:\/\/parier-presidentielle.com\/en\/melenchon-election\/\" \/>\n<meta property=\"og:site_name\" content=\"Parier Pr\u00e9sidentielle\" \/>\n<meta property=\"article:modified_time\" content=\"2021-09-14T13:59:08+00:00\" \/>\n<meta name=\"twitter:card\" content=\"summary_large_image\" \/>\n<meta name=\"twitter:label1\" content=\"Estimated reading time\" \/>\n\t<meta name=\"twitter:data1\" content=\"7 minutes\" \/>\n<script type=\"application\/ld+json\" class=\"yoast-schema-graph\">{\"@context\":\"https:\/\/schema.org\",\"@graph\":[{\"@type\":\"WebPage\",\"@id\":\"https:\/\/parier-presidentielle.com\/melenchon-election\/\",\"url\":\"https:\/\/parier-presidentielle.com\/melenchon-election\/\",\"name\":\"Parier sur l\u2019\u00e9lection de Jean-Luc M\u00e9lenchon - Finale Coupe du Monde FIFA\",\"isPartOf\":{\"@id\":\"https:\/\/parier-presidentielle.com\/#website\"},\"datePublished\":\"2021-09-14T11:02:49+00:00\",\"dateModified\":\"2021-09-14T13:59:08+00:00\",\"description\":\"Pariez sur M\u00e9lenchon pour l'\u00e9lection 2022 : Cliquez Ici et Gagnez Gros! Pronostics ,Comparaison des Bookmakers et des meilleurs Cotes.\",\"breadcrumb\":{\"@id\":\"https:\/\/parier-presidentielle.com\/melenchon-election\/#breadcrumb\"},\"inLanguage\":\"en-GB\",\"potentialAction\":[{\"@type\":\"ReadAction\",\"target\":[\"https:\/\/parier-presidentielle.com\/melenchon-election\/\"]}]},{\"@type\":\"BreadcrumbList\",\"@id\":\"https:\/\/parier-presidentielle.com\/melenchon-election\/#breadcrumb\",\"itemListElement\":[{\"@type\":\"ListItem\",\"position\":1,\"name\":\"Accueil\",\"item\":\"https:\/\/parier-presidentielle.com\/\"},{\"@type\":\"ListItem\",\"position\":2,\"name\":\"Parier sur l\u2019\u00e9lection de Jean-Luc M\u00e9lenchon\"}]},{\"@type\":\"WebSite\",\"@id\":\"https:\/\/parier-presidentielle.com\/#website\",\"url\":\"https:\/\/parier-presidentielle.com\/\",\"name\":\"Parier Pr\u00e9sidentielle\",\"description\":\"Paris, Pronostics, Wiki sur la Politique, les Elections Am\u00e9ricaines: Joe Biden, Donald Trump avec les Bookmakers en ligne Unibet, Bwin, Betclic, Winamax\",\"potentialAction\":[{\"@type\":\"SearchAction\",\"target\":{\"@type\":\"EntryPoint\",\"urlTemplate\":\"https:\/\/parier-presidentielle.com\/?s={search_term_string}\"},\"query-input\":\"required name=search_term_string\"}],\"inLanguage\":\"en-GB\"}]}<\/script>\n<!-- \/ Yoast SEO Premium plugin. -->","yoast_head_json":{"title":"Parier sur l\u2019\u00e9lection de Jean-Luc M\u00e9lenchon - Finale Coupe du Monde FIFA","description":"Pariez sur M\u00e9lenchon pour l'\u00e9lection 2022 : Cliquez Ici et Gagnez Gros! Pronostics ,Comparaison des Bookmakers et des meilleurs Cotes.","robots":{"index":"index","follow":"follow","max-snippet":"max-snippet:-1","max-image-preview":"max-image-preview:large","max-video-preview":"max-video-preview:-1"},"canonical":"https:\/\/parier-presidentielle.com\/en\/melenchon-election\/","og_locale":"en_GB","og_type":"article","og_title":"Parier sur l\u2019\u00e9lection de Jean-Luc M\u00e9lenchon","og_description":"Pariez sur M\u00e9lenchon pour l'\u00e9lection 2022 : Cliquez Ici et Gagnez Gros! Pronostics ,Comparaison des Bookmakers et des meilleurs Cotes.","og_url":"https:\/\/parier-presidentielle.com\/en\/melenchon-election\/","og_site_name":"Parier Pr\u00e9sidentielle","article_modified_time":"2021-09-14T13:59:08+00:00","twitter_card":"summary_large_image","twitter_misc":{"Estimated reading time":"7 minutes"},"schema":{"@context":"https:\/\/schema.org","@graph":[{"@type":"WebPage","@id":"https:\/\/parier-presidentielle.com\/melenchon-election\/","url":"https:\/\/parier-presidentielle.com\/melenchon-election\/","name":"Parier sur l\u2019\u00e9lection de Jean-Luc M\u00e9lenchon - Finale Coupe du Monde FIFA","isPartOf":{"@id":"https:\/\/parier-presidentielle.com\/#website"},"datePublished":"2021-09-14T11:02:49+00:00","dateModified":"2021-09-14T13:59:08+00:00","description":"Pariez sur M\u00e9lenchon pour l'\u00e9lection 2022 : Cliquez Ici et Gagnez Gros! Pronostics ,Comparaison des Bookmakers et des meilleurs Cotes.","breadcrumb":{"@id":"https:\/\/parier-presidentielle.com\/melenchon-election\/#breadcrumb"},"inLanguage":"en-GB","potentialAction":[{"@type":"ReadAction","target":["https:\/\/parier-presidentielle.com\/melenchon-election\/"]}]},{"@type":"BreadcrumbList","@id":"https:\/\/parier-presidentielle.com\/melenchon-election\/#breadcrumb","itemListElement":[{"@type":"ListItem","position":1,"name":"Accueil","item":"https:\/\/parier-presidentielle.com\/"},{"@type":"ListItem","position":2,"name":"Parier sur l\u2019\u00e9lection de Jean-Luc M\u00e9lenchon"}]},{"@type":"WebSite","@id":"https:\/\/parier-presidentielle.com\/#website","url":"https:\/\/parier-presidentielle.com\/","name":"Parier Pr\u00e9sidentielle","description":"Paris, Pronostics, Wiki sur la Politique, les Elections Am\u00e9ricaines: Joe Biden, Donald Trump avec les Bookmakers en ligne Unibet, Bwin, Betclic, Winamax","potentialAction":[{"@type":"SearchAction","target":{"@type":"EntryPoint","urlTemplate":"https:\/\/parier-presidentielle.com\/?s={search_term_string}"},"query-input":"required name=search_term_string"}],"inLanguage":"en-GB"}]}},"_links":{"self":[{"href":"https:\/\/parier-presidentielle.com\/en\/wp-json\/wp\/v2\/pages\/212"}],"collection":[{"href":"https:\/\/parier-presidentielle.com\/en\/wp-json\/wp\/v2\/pages"}],"about":[{"href":"https:\/\/parier-presidentielle.com\/en\/wp-json\/wp\/v2\/types\/page"}],"author":[{"embeddable":true,"href":"https:\/\/parier-presidentielle.com\/en\/wp-json\/wp\/v2\/users\/1"}],"replies":[{"embeddable":true,"href":"https:\/\/parier-presidentielle.com\/en\/wp-json\/wp\/v2\/comments?post=212"}],"version-history":[{"count":4,"href":"https:\/\/parier-presidentielle.com\/en\/wp-json\/wp\/v2\/pages\/212\/revisions"}],"predecessor-version":[{"id":234,"href":"https:\/\/parier-presidentielle.com\/en\/wp-json\/wp\/v2\/pages\/212\/revisions\/234"}],"wp:attachment":[{"href":"https:\/\/parier-presidentielle.com\/en\/wp-json\/wp\/v2\/media?parent=212"}],"curies":[{"name":"wp","href":"https:\/\/api.w.org\/{rel}","templated":true}]}}