{"id":255,"date":"2021-09-14T16:48:34","date_gmt":"2021-09-14T14:48:34","guid":{"rendered":"https:\/\/parier-presidentielle.com\/?page_id=255"},"modified":"2022-04-14T15:41:15","modified_gmt":"2022-04-14T13:41:15","slug":"netbet-paris-politique-election-2022","status":"publish","type":"page","link":"https:\/\/parier-presidentielle.com\/en\/netbet-betting-politic-election-2022\/","title":{"rendered":"NetBet: Betting on politics and the 2022 Presidential election"},"content":{"rendered":"<p> <\/p>\n\n\n\n<a href=\"https:\/\/banners.livepartners.com\/click.php?z=151480\" target=\"_blank\" rel=\"noopener\"><img decoding=\"async\" loading=\"lazy\" src=\"https:\/\/banners.livepartners.com\/view.php?z=151480\" border=\"0\" width=\"728\" height=\"90\"><\/a>\n\n\n\n\n\n<h2 class=\"wp-block-heading\" id=\"quelle-est-l-offre-du-bookmaker-netbet-2022\"><span id=\"quelle-est-l8217offre-du-bookmaker-netbet-2022\">What is the NetBet Bookmaker 2022 offer?<\/span><\/h2>\n\n\n\n<p class=\"has-text-align-left\">Netbet currently offers the best bonus for betting \u20ac100 online!<br>To access this bonus, simply go through our partner link:<\/p>\n\n\n\n<h2 class=\"has-text-align-center wp-block-heading\" id=\"100-offerts-sur-votre-1er-pari-cliquez-ici\"><span id=\"100e-offerts-sur-votre-1er-pari-cliquez-ici\"><br><a href=\"https:\/\/banners.livepartners.com\/click.php?z=151505\" target=\"_blank\" rel=\"noreferrer noopener nofollow\">\u20ac100 offered on your 1st bet! Click here<\/a><\/span><\/h2>\n\n\n\n<h3 class=\"wp-block-heading\"><span id=\"i\"><br><\/span><\/h3>\n\n\n\n<h2 class=\"wp-block-heading\" id=\"netbet\"><span id=\"netbet\">NetBet<\/span><\/h2>\n\n\n\n<p><br>NetBet is an online gaming operator owned by NetBet Enterprises Ltd. The platform offers live and live sports betting, betting on virtual matches and international lotteries, online casino, online poker and live casino platform. The company operates in several markets including Romania, United Kingdom, Germany, Ireland and South America, Japan and many others. NetBet is available in English, German, Japanese, Spanish, Italian, French, Greek, Romanian, Portuguese and Finnish. NetBet is headquartered in Malta and has offices in the United Kingdom, France, Romania and the United States. It currently has around 500 employees.<\/p>\n\n\n\n<p>NetBet has had a European license in Malta since 2006. NetBet is licensed by the UK Gambling Commission 3637 and is licensed in Ireland, Nigeria, Mexico and Greece. Online casinos in Italy and France also operate under the NetBet Enterprises brand. Also NetBet obtained a license to operate in Romania in 2015, becoming one of the first 3 sites to offer online gambling in Romania.<\/p>\n\n\n\n<p>NetBet Sport offers pre-live and live online sports betting. Players also have the ability to place bets on eSports for certain special markets that cover politics and prizes for movies and TV. To ensure accurate and random 100% results for all games, NetBet separately uses two random number generators: the ISAAC generator and a noise generator. Thus in 2018, the RTP return coefficient to the player was 96.65 %.<\/p>\n\n\n\n<p><\/p>\n\n\n\n<h2 class=\"wp-block-heading\" id=\"histoire-du-bookmaker\"><span id=\"histoire-du-bookmaker\">History of Bookmaker<\/span><\/h2>\n\n\n\n<p><br>Cosmo Gaming was established in July 2006 and began operations in July 2007. It changed its name from Cosmo Gaming Company to NetBet Enterprises Limited in March 2017. In August 2013, gaming provider iSoftBet signed an exclusive agreement with SBTech to provide live sports betting services on the NetBet website.<\/p>\n\n\n\n<p>During UEFA Euro 2016, NetBet launched the Multicultural Championship. The same year, NetBet signed a six-year contract with gaming provider Playtech. This contract provides for the distribution of exclusive Playtech content on the NetBet platform.<\/p>\n\n\n\n<p>During the 2018 World Cup, NetBet Sport launched a new addition to the \u201cMulticultural\u201d series under the name Multicultural Cup.<\/p>\n\n\n\n<p>In 2018, Iron Dog Studio launched its entire suite of games on NetBet Casino through an integration facilitated by NetBet provider iSoftBet.<\/p>\n\n\n\n<p>In 2019, NetBet published an interactive map which traces all the films and anecdotes related to the character of James Bond.<\/p>\n\n\n\n<p>In 2020, NetBet published a study conducted by Blue Claw on the potential fines that car manufacturers could face if they do not meet the carbon targets set by the European Union for 2021.<br><\/p>\n\n\n\n<h3 class=\"wp-block-heading\" id=\"les-partenariats\"><span id=\"les-partenariats\">Partnerships <\/span><\/h3>\n\n\n\n<p>NetBet was the official sponsor or partner of several sports teams, such as OGC Nice in 2014, AS Saint-Etienne and Hamilton Academical in 2016.<\/p>\n\n\n\n<p><\/p>\n\n\n\n<ul><li>In 2015, Netbet signed a stadium advertising contract with West Bromwich Albion Football Club.<\/li><li>In 2017, NetBet sponsored the Falemi Nana Intercartiere Cup, Romania&#039;s most important amateur football competition.<\/li><li>In 2017, NetBet was with explorer Daniel Cinghea, when he conquered the most impressive peaks in South America.<\/li><li>In March 2018, NetBet sponsored the 3rd edition of DanceMasters which took place in Bucharest.<\/li><li>In May 2018, NetBet sponsored the races at Goodwood Racecourse for two days.<\/li><li>On June 5, 2018, NetBet sponsored four races at Fontwell Park Racecourse.<\/li><li>On 9 June 2018, NetBet sponsored a bare-knuckle boxing event, BKB11, at The O2.<\/li><li>On July 21, 2018, NetBet sponsored another fight for Bare Knuckle Boxing at Cwmbran.<\/li><li>On 22 August 2018, NetBet sponsored Ladies Night at Fontwell Park Racecourse.<\/li><li>On September 4, 2018, NetBet sponsored another day of racing at Goodwood Racecourse.<\/li><li>On November 17, 2019, NetBet sponsored the Corsorul Marathon on November 15 in Bra\u0219ov.<\/li><\/ul>\n\n\n\n<p>Finally in 2020, NetBet signed sponsorship contracts with two rally crews entered in the national rally championship. The two sponsored crews consist of driver Dan G\u00eertofan and navigator Tudor M\u00e2rza on a Skoda R5, respectively driver R\u0103zvan Trisnevschi and navigator Traian-Codrut Arsenescu.<\/p>\n\n\n\n<p>Advertising campaigns for taxis and buses<br>In 2019, NetBet launched two mobile advertising campaigns for buses and taxis. The campaign customized the NetBet brand logo, buses and 750 Black Cab cars that ran races through the streets of London.<\/p>\n\n\n\n<p>Ambassadors<br>Alexandre Ruiz is a French sports journalist who works for beIn Sports. He has been an ambassador for NetBet FR since 2014.<\/p>\n\n\n\n<p>Daniel Bravo was a French footballer who played for Paris Saint-Germain, AS Monaco and Olympique de Marseille. He served as NetBet FR ambassador during the period 2012-2014.<\/p>\n\n\n\n<p>Dan Petrescu was the first ambassador of NetBet Romania.<\/p>\n\n\n\n<p>Some products<br>NetBet&#039;s main products include NetBet Casino, NetBet Live, NetBet Vegas, NetBet Loto and NetBet Poker. The casino offers over 1,500 slot machines, card games and table games.<\/p>\n\n\n\n<p>NetBet Sport offers pre-live and live online sports betting. Additionally, players also have the option of placing bets on eSports for certain special markets that cover politics and prizes for movies and TV.<\/p>\n\n\n\n<p>Some of the most popular slot games are Starburst (NetEnt), Gonzo&#039;s Quest (NetEnt) and Who wants to be a Millionaire (NYX) and so on.<\/p>\n\n\n\n<p>Awards<br>In 2015, NetBet won the \u201cBest Customer Relations Site\u201d award at the Casino Life &amp; Business magazine Awards gala.<\/p>\n\n\n\n<p>In 2016, at the Central and Eastern European Gaming Conference Awards (CEEGA), NetBet won the \u201cBest Online Sports Betting Operator\u201d award and their provider, SBTech, won the \u201cBest Sports Betting Provider\u201d award.<\/p>\n\n\n\n<p>In 2016 Blueclaw and GIMO were nominated for the UK Search Awards and Best Use of Search for their work on the NetBet and Premier League of Nations Multicultural Championships.<\/p>\n\n\n\n<p>In 2017, NetBet was nominated for \u201cBest Non-English Affiliate Program\u201d at the iGB Affiliate Award.<\/p>\n\n\n\n<p>In 2019, NetBet was nominated for the EGR Awards in the \u201cCustomer Service Operator\u201d category.<\/p>\n\n\n\n<p>In 2018 and 2019, NetBet received the \u201cBest Online Casino Platform in Romania\u201d trophy at the Casino Inside Awards Gala.<\/p>\n\n\n\n<p>Responsible gaming<br>NetBet works closely with gambling addiction counseling services and allows players to set limits on deposit, withdrawal and warning messages. The site also offers demo versions of the games, which can be played without betting real money. Registration of minors on the NetBet site is prohibited.<\/p>\n\n\n\n<p>NetBet has also implemented a self-assessment tool. This tool consists of a set of 15 questions which, based on the answers, allow players to assess their level of risk. Based on this level of risk, actions such as imposing limits are suggested. Additionally, if the result of a customer survey presents risks of addiction, an alert is sent to the responsible gaming team, who will interact with the customer and start monitoring their activity.<\/p>\n\n\n\n<p><\/p>\n\n\n\n<p class=\"has-text-align-center unibet\" style=\"font-size:25px\"><mark style=\"background-color:rgba(0, 0, 0, 0);color:#0d7a12\" class=\"has-inline-color\"><strong><a href=\"https:\/\/parier-presidentielle.com\/en\/recommends\/unibet\/\">\u20ac150 Bonus offered with Unibet<br>For your 1st Political or Sporting Bet: Click here<\/a><\/strong><\/mark><\/p>\n\n\n\n<p><\/p>\n\n\n<div class=\"wp-block-image\">\n<figure class=\"aligncenter is-resized wp-duotone-000097-ff4747-1\"><img decoding=\"async\" loading=\"lazy\" src=\"https:\/\/parier-presidentielle.com\/wp-content\/uploads\/2021\/09\/election-standard-scale-4_00x-gigapixel-1024x623.jpg\" alt=\"Election 2022\" style=\"width:256px;height:156px\" width=\"256\" height=\"156\"\/><\/figure><\/div>\n\n\n<p><br><\/p>\n\n\n\n<p><strong>Parier-presidentielle helps you to make your choice between the different<a href=\"https:\/\/parier-presidentielle.com\/en\/\"> Bookmakers Bwin, Unibet, Betclic to Bet on the Future American President in 2024<\/a> : <\/strong><br><a href=\"https:\/\/parier-presidentielle.com\/en\/unibet-politic-election-2022\/\">Unibet Presidential Bookmaker<\/a> : Detailed and free guide to make your 1st bet online with all odds and how to take advantage of the Bonus offered!<\/p>\n\n\n\n<p>As well as the other online betting sites: <a href=\"https:\/\/parier-presidentielle.com\/en\/unibet-politic-election-2022\/\">Bwin<\/a>, <a href=\"https:\/\/parier-presidentielle.com\/en\/netbet-betting-politic-election-2022\/\">NetBet<\/a>, <a href=\"https:\/\/parier-presidentielle.com\/en\/betclic-presidential-2022\/\">Betclic<\/a>, <a href=\"https:\/\/parier-presidentielle.com\/en\/winamax-politic-election-2022\/\">Winamax<\/a>, Parions Sport, Zebet, Betway, France-Pari, Vbet, Cloudbet, 1Xbit, 1xbet, Betfair, Betwinner\u2026<\/p>\n\n\n\n<div class=\"wp-block-columns is-layout-flex wp-container-6 wp-block-columns-is-layout-flex\">\n<div class=\"wp-block-column is-layout-flow wp-block-column-is-layout-flow\" style=\"flex-basis:33.33%\">\n<p>You have just read our file:<\/p>\n<\/div>\n\n\n\n<div class=\"wp-block-column is-layout-flow wp-block-column-is-layout-flow\" style=\"flex-basis:33.33%\">\n<div class=\"wp-block-group is-layout-flow wp-block-group-is-layout-flow\"><div class=\"wp-block-group__inner-container\"><h4 class=\"has-text-align-center wp-block-post-title\"><span id=\"netbet-parier-sur-la-politique-et-l8217election-presidentielle-2022\"><a href=\"https:\/\/parier-presidentielle.com\/en\/netbet-betting-politic-election-2022\/\" target=\"_self\" >NetBet: Betting on politics and the 2022 Presidential election<\/a><\/span><\/h4><\/div><\/div>\n<\/div>\n\n\n\n<div class=\"wp-block-column is-layout-flow wp-block-column-is-layout-flow\" style=\"flex-basis:33.33%\">\n<p class=\"has-text-align-right\">Continue reading with our other exclusive files,<\/p>\n<\/div>\n<\/div>\n\n\n\n<h3 class=\"wp-block-heading\" id=\"tous-les-pronostics-sondage-et-cotes-pour-parier-sur-le-futur-vainqueur-de-l-election-presidentielle-2022\"><span id=\"tous-les-pronostics-sondage-et-cotes-pour-parier-sur-le-futur-vainqueur-de-l8217election-presidentielle-2024\">All the Predictions, Surveys and Odds to bet on the future winner of the 2024 Presidential election:<\/span><\/h3>\n\n\n\n<ul>\n<li><a href=\"https:\/\/parier-presidentielle.com\/en\/macron-election\/\">Bet on Emmanuel Macron with Unibet, Betclic, Bwin<\/a> : The favorite of polls and predictions <\/li>\n\n\n\n<li><a href=\"https:\/\/parier-presidentielle.com\/en\/marine-le-pen-election\/\">Marine Le Pen: Her odds and how to bet with Bookmakers<\/a>: The challenger according to Unibet<\/li>\n<\/ul>\n\n\n\n<p><\/p>\n\n\n\n<center><script type=\"text\/javascript\" charset=\"utf-8\" src=\"https:\/\/www.gambling-affiliation.com\/cpm\/v=AmIMTDSs92QY6b0MzDMvM5laCjJ-ZlA-1oQ-7tKsi.w_GA7331V2\"><\/script><\/center>\n\n\n\n<h3 class=\"wp-block-heading\"><span id=\"donald-trump-vs-joe-biden-la-video-qui-lance-les-paris-en-ligne-sur-l8217election-politique-de-2024\">Donald Trump vs Joe Biden: The video that launches online betting on the 2024 political election<\/span><\/h3>\n\n\n\n<figure class=\"wp-block-embed is-type-video is-provider-youtube wp-block-embed-youtube wp-embed-aspect-16-9 wp-has-aspect-ratio\"><div class=\"wp-block-embed__wrapper\">\n<iframe loading=\"lazy\" title=\"Former President Donald Trump launches 2024 White House bid #Short\" width=\"640\" height=\"360\" src=\"https:\/\/www.youtube.com\/embed\/hZykPRVe4Ag?feature=oembed\" frameborder=\"0\" allow=\"accelerometer; autoplay; clipboard-write; encrypted-media; gyroscope; picture-in-picture; web-share\" allowfullscreen><\/iframe>\n<\/div><\/figure>\n\n\n<div class=\"wp-block-image\">\n<figure class=\"aligncenter size-medium\"><a href=\"https:\/\/parier-presidentielle.com\/en\/recommends\/unibet\/\" target=\"_blank\" rel=\"noopener\"><img decoding=\"async\" loading=\"lazy\" width=\"300\" height=\"169\" src=\"https:\/\/parier-presidentielle.com\/wp-content\/uploads\/2022\/04\/unibet-300x169.jpg\" alt=\"\" class=\"wp-image-1252\" srcset=\"https:\/\/parier-presidentielle.com\/wp-content\/uploads\/2022\/04\/unibet-300x169.jpg 300w, https:\/\/parier-presidentielle.com\/wp-content\/uploads\/2022\/04\/unibet-1024x576.jpg 1024w, https:\/\/parier-presidentielle.com\/wp-content\/uploads\/2022\/04\/unibet-768x432.jpg 768w, https:\/\/parier-presidentielle.com\/wp-content\/uploads\/2022\/04\/unibet-18x10.jpg 18w, https:\/\/parier-presidentielle.com\/wp-content\/uploads\/2022\/04\/unibet.jpg 1280w\" sizes=\"(max-width: 300px) 100vw, 300px\" \/><\/a><\/figure><\/div>\n\n\n<p>Find the Wiki, the main political news on Cannabis and its legal derivatives: <strong>HHC, H4cbd, Thcp, Thcv, HSD, HHCPO, C4B<\/strong><\/p>\n\n\n\n<p><br><\/p>\n<div id=\"toc_container\" class=\"no_bullets\"><p class=\"toc_title\">Table of Contents<\/p><ul class=\"toc_list\"><li><\/li><li><ul><li><\/li><\/ul><\/li><li><\/li><li><ul><li><ul><li><\/li><\/ul><\/li><li><\/li><li><\/li><\/ul><\/li><\/ul><\/div>","protected":false},"excerpt":{"rendered":"<p>Quelle est l&#8217;offre du Bookmaker NetBet 2022? Netbet propose actuellement le meilleur bonus pour parier en ligne 100\u20ac!Pour acc\u00e9der \u00e0 ce bonus il suffit de passer par notre lien partenaire : 100\u20ac offerts sur votre 1er Pari! cliquez ici NetBet NetBet est un op\u00e9rateur de jeux en ligne appartenant \u00e0 NetBet Enterprises Ltd. La plate-forme &#8230;<\/p>","protected":false},"author":1,"featured_media":0,"parent":0,"menu_order":0,"comment_status":"closed","ping_status":"closed","template":"page-nosidebar.php","meta":{"footnotes":""},"yoast_head":"<!-- This site is optimized with the Yoast SEO Premium plugin v21.0 (Yoast SEO v21.0) - https:\/\/yoast.com\/wordpress\/plugins\/seo\/ -->\n<title>NetBet : Parier sur la politique et l&#039;\u00e9lection Pr\u00e9sidentielle 2022 - Finale Coupe du Monde FIFA<\/title>\n<meta name=\"description\" content=\"Parier avec Netbet 100\u20ac offert pour votre 1er Pari sur la Politique, le Sport! Guide du Bookmaker pour profiter du Bonus de bienvenue...\" \/>\n<meta name=\"robots\" content=\"index, follow, max-snippet:-1, max-image-preview:large, max-video-preview:-1\" \/>\n<link rel=\"canonical\" href=\"https:\/\/parier-presidentielle.com\/en\/netbet-betting-politic-election-2022\/\" \/>\n<meta property=\"og:locale\" content=\"en_GB\" \/>\n<meta property=\"og:type\" content=\"article\" \/>\n<meta property=\"og:title\" content=\"NetBet : Parier sur la politique et l&#039;\u00e9lection Pr\u00e9sidentielle 2022\" \/>\n<meta property=\"og:description\" content=\"Parier avec Netbet 100\u20ac offert pour votre 1er Pari sur la Politique, le Sport! Guide du Bookmaker pour profiter du Bonus de bienvenue...\" \/>\n<meta property=\"og:url\" content=\"https:\/\/parier-presidentielle.com\/en\/netbet-betting-politic-election-2022\/\" \/>\n<meta property=\"og:site_name\" content=\"Parier Pr\u00e9sidentielle\" \/>\n<meta property=\"article:modified_time\" content=\"2022-04-14T13:41:15+00:00\" \/>\n<meta property=\"og:image\" content=\"https:\/\/banners.livepartners.com\/view.php?z=151480\" \/>\n<meta name=\"twitter:card\" content=\"summary_large_image\" \/>\n<meta name=\"twitter:label1\" content=\"Estimated reading time\" \/>\n\t<meta name=\"twitter:data1\" content=\"7 minutes\" \/>\n<script type=\"application\/ld+json\" class=\"yoast-schema-graph\">{\"@context\":\"https:\/\/schema.org\",\"@graph\":[{\"@type\":\"WebPage\",\"@id\":\"https:\/\/parier-presidentielle.com\/netbet-paris-politique-election-2022\/\",\"url\":\"https:\/\/parier-presidentielle.com\/netbet-paris-politique-election-2022\/\",\"name\":\"NetBet : Parier sur la politique et l'\u00e9lection Pr\u00e9sidentielle 2022 - Finale Coupe du Monde FIFA\",\"isPartOf\":{\"@id\":\"https:\/\/parier-presidentielle.com\/#website\"},\"datePublished\":\"2021-09-14T14:48:34+00:00\",\"dateModified\":\"2022-04-14T13:41:15+00:00\",\"description\":\"Parier avec Netbet 100\u20ac offert pour votre 1er Pari sur la Politique, le Sport! Guide du Bookmaker pour profiter du Bonus de bienvenue...\",\"breadcrumb\":{\"@id\":\"https:\/\/parier-presidentielle.com\/netbet-paris-politique-election-2022\/#breadcrumb\"},\"inLanguage\":\"en-GB\",\"potentialAction\":[{\"@type\":\"ReadAction\",\"target\":[\"https:\/\/parier-presidentielle.com\/netbet-paris-politique-election-2022\/\"]}]},{\"@type\":\"BreadcrumbList\",\"@id\":\"https:\/\/parier-presidentielle.com\/netbet-paris-politique-election-2022\/#breadcrumb\",\"itemListElement\":[{\"@type\":\"ListItem\",\"position\":1,\"name\":\"Accueil\",\"item\":\"https:\/\/parier-presidentielle.com\/\"},{\"@type\":\"ListItem\",\"position\":2,\"name\":\"NetBet : Parier sur la politique et l&#8217;\u00e9lection Pr\u00e9sidentielle 2022\"}]},{\"@type\":\"WebSite\",\"@id\":\"https:\/\/parier-presidentielle.com\/#website\",\"url\":\"https:\/\/parier-presidentielle.com\/\",\"name\":\"Parier Pr\u00e9sidentielle\",\"description\":\"Paris, Pronostics, Wiki sur la Politique, les Elections Am\u00e9ricaines: Joe Biden, Donald Trump avec les Bookmakers en ligne Unibet, Bwin, Betclic, Winamax\",\"potentialAction\":[{\"@type\":\"SearchAction\",\"target\":{\"@type\":\"EntryPoint\",\"urlTemplate\":\"https:\/\/parier-presidentielle.com\/?s={search_term_string}\"},\"query-input\":\"required name=search_term_string\"}],\"inLanguage\":\"en-GB\"}]}<\/script>\n<!-- \/ Yoast SEO Premium plugin. -->","yoast_head_json":{"title":"NetBet : Parier sur la politique et l'\u00e9lection Pr\u00e9sidentielle 2022 - Finale Coupe du Monde FIFA","description":"Parier avec Netbet 100\u20ac offert pour votre 1er Pari sur la Politique, le Sport! Guide du Bookmaker pour profiter du Bonus de bienvenue...","robots":{"index":"index","follow":"follow","max-snippet":"max-snippet:-1","max-image-preview":"max-image-preview:large","max-video-preview":"max-video-preview:-1"},"canonical":"https:\/\/parier-presidentielle.com\/en\/netbet-betting-politic-election-2022\/","og_locale":"en_GB","og_type":"article","og_title":"NetBet : Parier sur la politique et l'\u00e9lection Pr\u00e9sidentielle 2022","og_description":"Parier avec Netbet 100\u20ac offert pour votre 1er Pari sur la Politique, le Sport! Guide du Bookmaker pour profiter du Bonus de bienvenue...","og_url":"https:\/\/parier-presidentielle.com\/en\/netbet-betting-politic-election-2022\/","og_site_name":"Parier Pr\u00e9sidentielle","article_modified_time":"2022-04-14T13:41:15+00:00","og_image":[{"url":"https:\/\/banners.livepartners.com\/view.php?z=151480"}],"twitter_card":"summary_large_image","twitter_misc":{"Estimated reading time":"7 minutes"},"schema":{"@context":"https:\/\/schema.org","@graph":[{"@type":"WebPage","@id":"https:\/\/parier-presidentielle.com\/netbet-paris-politique-election-2022\/","url":"https:\/\/parier-presidentielle.com\/netbet-paris-politique-election-2022\/","name":"NetBet : Parier sur la politique et l'\u00e9lection Pr\u00e9sidentielle 2022 - Finale Coupe du Monde FIFA","isPartOf":{"@id":"https:\/\/parier-presidentielle.com\/#website"},"datePublished":"2021-09-14T14:48:34+00:00","dateModified":"2022-04-14T13:41:15+00:00","description":"Parier avec Netbet 100\u20ac offert pour votre 1er Pari sur la Politique, le Sport! Guide du Bookmaker pour profiter du Bonus de bienvenue...","breadcrumb":{"@id":"https:\/\/parier-presidentielle.com\/netbet-paris-politique-election-2022\/#breadcrumb"},"inLanguage":"en-GB","potentialAction":[{"@type":"ReadAction","target":["https:\/\/parier-presidentielle.com\/netbet-paris-politique-election-2022\/"]}]},{"@type":"BreadcrumbList","@id":"https:\/\/parier-presidentielle.com\/netbet-paris-politique-election-2022\/#breadcrumb","itemListElement":[{"@type":"ListItem","position":1,"name":"Accueil","item":"https:\/\/parier-presidentielle.com\/"},{"@type":"ListItem","position":2,"name":"NetBet : Parier sur la politique et l&#8217;\u00e9lection Pr\u00e9sidentielle 2022"}]},{"@type":"WebSite","@id":"https:\/\/parier-presidentielle.com\/#website","url":"https:\/\/parier-presidentielle.com\/","name":"Parier Pr\u00e9sidentielle","description":"Paris, Pronostics, Wiki sur la Politique, les Elections Am\u00e9ricaines: Joe Biden, Donald Trump avec les Bookmakers en ligne Unibet, Bwin, Betclic, Winamax","potentialAction":[{"@type":"SearchAction","target":{"@type":"EntryPoint","urlTemplate":"https:\/\/parier-presidentielle.com\/?s={search_term_string}"},"query-input":"required name=search_term_string"}],"inLanguage":"en-GB"}]}},"_links":{"self":[{"href":"https:\/\/parier-presidentielle.com\/en\/wp-json\/wp\/v2\/pages\/255"}],"collection":[{"href":"https:\/\/parier-presidentielle.com\/en\/wp-json\/wp\/v2\/pages"}],"about":[{"href":"https:\/\/parier-presidentielle.com\/en\/wp-json\/wp\/v2\/types\/page"}],"author":[{"embeddable":true,"href":"https:\/\/parier-presidentielle.com\/en\/wp-json\/wp\/v2\/users\/1"}],"replies":[{"embeddable":true,"href":"https:\/\/parier-presidentielle.com\/en\/wp-json\/wp\/v2\/comments?post=255"}],"version-history":[{"count":26,"href":"https:\/\/parier-presidentielle.com\/en\/wp-json\/wp\/v2\/pages\/255\/revisions"}],"predecessor-version":[{"id":1412,"href":"https:\/\/parier-presidentielle.com\/en\/wp-json\/wp\/v2\/pages\/255\/revisions\/1412"}],"wp:attachment":[{"href":"https:\/\/parier-presidentielle.com\/en\/wp-json\/wp\/v2\/media?parent=255"}],"curies":[{"name":"wp","href":"https:\/\/api.w.org\/{rel}","templated":true}]}}