{"id":30,"date":"2021-09-06T22:23:37","date_gmt":"2021-09-06T20:23:37","guid":{"rendered":"https:\/\/parier-presidentielle.com\/?page_id=30"},"modified":"2022-04-24T18:08:09","modified_gmt":"2022-04-24T16:08:09","slug":"macron-le-pen-bookmaker","status":"publish","type":"page","link":"https:\/\/parier-presidentielle.com\/en\/macron-le-pen-bookmaker\/","title":{"rendered":"Macron \u2013 Le Pen: the Bookmakers give their Odds for the Second round of the presidential election"},"content":{"rendered":"<div class=\"wp-block-columns is-layout-flex wp-container-4 wp-block-columns-is-layout-flex\">\n<div class=\"wp-block-column is-layout-flow wp-block-column-is-layout-flow\" style=\"flex-basis:100%\">\n<div class=\"wp-block-columns is-layout-flex wp-container-2 wp-block-columns-is-layout-flex\">\n<div class=\"wp-block-column is-layout-flow wp-block-column-is-layout-flow\" style=\"flex-basis:100%\">\n<center><script type=\"text\/javascript\" charset=\"utf-8\" src=\"https:\/\/www.gambling-affiliation.com\/cpm\/v=AmIMTDSs92QY6b0MzDMvM5laCjJ-ZlA-1oQ-7tKsi.w_GA7331V2\"><\/script><\/center>\n\n\n\n<p><\/p>\n\n\n\n<div class=\"wp-block-image is-style-default\"><figure class=\"aligncenter size-medium\"><a href=\"https:\/\/parier-presidentielle.com\/en\/recommends\/unibet-logo\/\" target=\"_blank\" rel=\"no follow noopener\"><img decoding=\"async\" loading=\"lazy\" width=\"300\" height=\"169\" src=\"https:\/\/parier-presidentielle.com\/wp-content\/uploads\/2022\/04\/unibet-300x169.jpg\" alt=\"\" class=\"wp-image-1252\" srcset=\"https:\/\/parier-presidentielle.com\/wp-content\/uploads\/2022\/04\/unibet-300x169.jpg 300w, https:\/\/parier-presidentielle.com\/wp-content\/uploads\/2022\/04\/unibet-1024x576.jpg 1024w, https:\/\/parier-presidentielle.com\/wp-content\/uploads\/2022\/04\/unibet-768x432.jpg 768w, https:\/\/parier-presidentielle.com\/wp-content\/uploads\/2022\/04\/unibet-18x10.jpg 18w, https:\/\/parier-presidentielle.com\/wp-content\/uploads\/2022\/04\/unibet.jpg 1280w\" sizes=\"(max-width: 300px) 100vw, 300px\" \/><\/a><\/figure><\/div>\n<\/div>\n<\/div>\n<\/div>\n<\/div>\n\n\n\n<h2 class=\"wp-block-heading\"><span id=\"emmanuel-macron-gagnant-de-la-presidentielle-face-a-marine-le-pen\">Emmanuel Macron winning the presidential election against Marine Le Pen?<\/span><\/h2>\n\n\n\n<p>Bookmakers or betting sites now offer online betting on the winner of the 2022 presidential election. <strong>In France it is possible to bet only with Unibet on politics.<\/strong> This means that you can bet on their victory or defeat of one of the two candidates until the last moment before the outcome of the election. <br>By \u201cvictory\u201d, we mean victory in the first round or victory in both rounds (the second round takes place two weeks after the first). Odds change over time depending on how far away we are from election day, but also depending on the probability of victory according to polls.<\/p>\n\n\n\n<p>The second round will take place on April 24, 2022. Emmanuel Macron and Marine Le Pen came first in the first round.<br>Pollsters predicted a very close second round, with 55% for Macron and 45% for Le Pen. The gap is so close that victory one way or the other is within the polls&#039; margin of error. So it is in any case much closer than in 2017, when Macron beat Le Pen with 66.1 % of the vote.<\/p>\n\n\n\n<h3 class=\"wp-block-heading\"><span id=\"les-cotes-d8217unibet-pour-le-second-tour\">Unibet odds for the second round<\/span><\/h3>\n\n\n\n<figure class=\"wp-block-image size-large is-resized\"><img decoding=\"async\" loading=\"lazy\" src=\"https:\/\/parier-presidentielle.com\/wp-content\/uploads\/2022\/04\/unibet-cote-macron-le-pen-2022-1024x202.jpg\" alt=\"Unibet odds for the second Round\" class=\"wp-image-1473\" width=\"768\" height=\"152\" srcset=\"https:\/\/parier-presidentielle.com\/wp-content\/uploads\/2022\/04\/unibet-cote-macron-le-pen-2022-1024x202.jpg 1024w, https:\/\/parier-presidentielle.com\/wp-content\/uploads\/2022\/04\/unibet-cote-macron-le-pen-2022-300x59.jpg 300w, https:\/\/parier-presidentielle.com\/wp-content\/uploads\/2022\/04\/unibet-cote-macron-le-pen-2022-768x152.jpg 768w, https:\/\/parier-presidentielle.com\/wp-content\/uploads\/2022\/04\/unibet-cote-macron-le-pen-2022-1536x303.jpg 1536w, https:\/\/parier-presidentielle.com\/wp-content\/uploads\/2022\/04\/unibet-cote-macron-le-pen-2022-2048x404.jpg 2048w, https:\/\/parier-presidentielle.com\/wp-content\/uploads\/2022\/04\/unibet-cote-macron-le-pen-2022-18x4.jpg 18w\" sizes=\"(max-width: 768px) 100vw, 768px\" \/><\/figure>\n\n\n\n<p><\/p>\n\n\n\n<h3 class=\"wp-block-heading\" id=\"comment-realiser-son-1-pari-avec-bwin-c\"><span id=\"comment-realiser-son-1er-pari-avec-unibet\">How to make your first bet with Unibet?<\/span><\/h3>\n\n\n\n<p id=\"comment-realiser-son-1-pari-avec-bwin-c\">Just as you can bet on the victory of your favorite football team, it is possible to bet on the winner of the race to the Elys\u00e9e, it&#039;s quick and easy!<\/p>\n\n\n\n<ol><li>Choose the Candidate on whom you wish to bet:<br> in our example it is the Marine le Pen!<br><\/li><li>Indicate the Stake you wish to bet,<br>100\u20ac in our simulation<br><\/li><li>And now, it&#039;s over!<br>In our screenshot, the Odds being 501 and the stake of \u20ac10 in case of victory you win \u20ac575!<\/li><\/ol>\n\n\n\n<p><\/p>\n\n\n\n<div class=\"wp-block-image\"><figure class=\"aligncenter size-full is-resized\"><img decoding=\"async\" loading=\"lazy\" src=\"https:\/\/parier-presidentielle.com\/wp-content\/uploads\/2022\/04\/unibet-parier-cote-macron-le-pen-2022.jpg\" alt=\"\" class=\"wp-image-1476\" width=\"464\" height=\"277\"\/><\/figure><\/div>\n\n\n\n<p class=\"has-text-align-center unibet\" style=\"font-size:25px\"><mark style=\"background-color:rgba(0, 0, 0, 0);color:#0d7a12\" class=\"has-inline-color\"><strong><a href=\"https:\/\/parier-presidentielle.com\/en\/recommends\/unibet-text\/\">\u20ac100 Bonus offered with Unibet <br>For your 1st online bet: Click here<\/a><\/strong><\/mark><\/p>\n\n\n\n<h2 class=\"wp-block-heading\"><span id=\"emmanuel-macron-ou-marine-le-pen-avec-qui-parier-sur-la-presidentielle\">Emmanuel Macron or Marine Le Pen with whom to bet on the presidential election?<\/span><\/h2>\n\n\n\n<p>In this article, we will present to you the rules for betting on politics, then we will analyze the 2 candidates and the different possible bets on this event of the second round of the 2022 presidential elections in France. Betting on the 2022 French presidential election can be very exciting, just like any other sporting event. For this, it is essential to know the protagonists and their respective odds.<br><br>Voting intention in the first round of the presidential election was reflected in a new 2022 poll conducted by the Elabe Institute on Tuesday. During the Russian invasion of Ukraine, Emmanuel Macron&#039;s approval ratings increased, with the presidential candidate in a large majority. <br><\/p>\n\n\n\n<div class=\"wp-block-image wp-duotone-000097-ff4747-5\"><figure class=\"aligncenter size-full is-resized\"><img decoding=\"async\" loading=\"lazy\" src=\"https:\/\/parier-presidentielle.com\/wp-content\/uploads\/2022\/03\/macron-le-pen-bookmaker.jpg\" alt=\"\" class=\"wp-image-1024\" width=\"600\" height=\"338\" srcset=\"https:\/\/parier-presidentielle.com\/wp-content\/uploads\/2022\/03\/macron-le-pen-bookmaker.jpg 800w, https:\/\/parier-presidentielle.com\/wp-content\/uploads\/2022\/03\/macron-le-pen-bookmaker-300x169.jpg 300w, https:\/\/parier-presidentielle.com\/wp-content\/uploads\/2022\/03\/macron-le-pen-bookmaker-768x432.jpg 768w\" sizes=\"(max-width: 600px) 100vw, 600px\" \/><\/figure><\/div>\n\n\n\n<p>According to the new Opinion 2022 poll, conducted by the Elabe Institute and released Tuesday evening, the number of presidential candidates focusing primarily on the war in Ukraine increased by 8.5 percentage points compared to last week. The Head of State&#039;s voting intention in the first round of voting is currently 33.5%, compared to 25% last week.<\/p>\n\n\n\n<p class=\"has-text-align-center unibet\" style=\"font-size:25px\"><mark style=\"background-color:rgba(0, 0, 0, 0);color:#0d7a12\" class=\"has-inline-color\"><strong><a href=\"https:\/\/parier-presidentielle.com\/en\/recommends\/unibet-text\/\">\u20ac100 Bonus offered with Unibet <br>For your 1st online bet: Click here<\/a><\/strong><\/mark><\/p>\n\n\n\n<h2 class=\"wp-block-heading\"><span id=\"l8217ecart-au-second-tour-se-creuse-en-cas-de-duel-macron-le-pen\">The gap in the second round widens in the event of a Macron-Le Pen duel<\/span><\/h2>\n\n\n\n<p><br>In the second round, if the second round is Macron-Le Pen, the gap between the two candidates will widen. 61% of those surveyed voted for the current head of state, up 3.5% compared to last week.<\/p>\n\n\n\n<p><br>But over the last three years, particularly with Brexit and the American elections, the British and many other countries have become fans of online betting on politics. So, the whole world is betting on the result of the French presidential election. \u201cUsually in elections we only had a few people betting on French politics, a few thousand euros. There, there are already 350,000 euros staked. Marion le Pen will be a disaster for us. <a href=\"https:\/\/parier-presidentielle.com\/en\/macron-election\/\"><strong>Emmanuel Macron<\/strong><\/a>, we&#039;re going to make a lot of money,\u201d explained bookmaker William Hill. <\/p>\n\n\n\n<p>For punters, Marine Le Pen is an underdog, her odds are 4 to 1. This means that if you bet \u00a35,000 on her victory and she wins, you win \u00a320,000.<\/p>\n\n\n\n<h2 class=\"wp-block-heading\"><span id=\"les-societes-de-paris-sportifs-parient-sur-l8217election-presidentielle-francaise-le-premier-et-le-second-tour\"><strong>Sports betting companies are betting on the French presidential election in the first and second rounds!<\/strong><\/span><\/h2>\n\n\n\n<p>The French presidential election unleashes passion on the other side of the strait, where the bets are open... <br>Netbet is located in an upscale area of London and is one of the leading online betting companies like Betclic, Unibet, Winamax. This Bookmaker established in the United Kingdom since 1934: offers horse racing, greyhound racing and major sporting events in 2,350 betting locations in the United Kingdom. <\/p>\n\n\n\n<p><br><\/p>\n\n\n\n<p><\/p>\n\n\n\n<h3 class=\"has-text-align-center wp-block-heading\"><span id=\"dossier-special-bookmaker-unibet-bwin-mondial-quatar\"><br>Bookmaker Special File Unibet Bwin &amp; Mondial Qatar <\/span><\/h3>\n\n\n\n<p>Make your first online bet on Politics and all sports thanks to our files on the different sites: Betclic, Winamax, Unibet, Betclic: <\/p>\n\n\n\n<p>With the help of online bookmakers like Bwin, Unibet and Betclic, you can access a variety of betting markets for the tournament, giving you the chance to win big In conclusion, the French team could be one of the teams to watch during the 2022 World Cup. With the help of online bookmakers like Bwin, Unibet and Betclic, you can gather information about Portugal and make informed bets on their performance in this tournament. So why not take advantage of the opportunity to potentially benefit from France&#039;s success in 2022?<\/p>\n\n\n\n<p><\/p>\n\n\n\n<p class=\"has-text-align-center unibet\" style=\"font-size:25px\"><mark style=\"background-color:rgba(0, 0, 0, 0);color:#0d7a12\" class=\"has-inline-color\"><strong><a href=\"https:\/\/parier-presidentielle.com\/en\/recommends\/unibet\/\">\u20ac150 Bonus offered with Unibet<br>For your 1st Political or Sporting Bet: Click here<\/a><\/strong><\/mark><\/p>\n\n\n\n<p><\/p>\n\n\n<div class=\"wp-block-image\">\n<figure class=\"aligncenter is-resized wp-duotone-000097-ff4747-6\"><img decoding=\"async\" loading=\"lazy\" src=\"https:\/\/parier-presidentielle.com\/wp-content\/uploads\/2021\/09\/election-standard-scale-4_00x-gigapixel-1024x623.jpg\" alt=\"Election 2022\" style=\"width:256px;height:156px\" width=\"256\" height=\"156\"\/><\/figure><\/div>\n\n\n<p><br><\/p>\n\n\n\n<p><strong>Parier-presidentielle helps you to make your choice between the different<a href=\"https:\/\/parier-presidentielle.com\/en\/\"> Bookmakers Bwin, Unibet, Betclic to Bet on the Future American President in 2024<\/a> : <\/strong><br><a href=\"https:\/\/parier-presidentielle.com\/en\/unibet-politic-election-2022\/\">Unibet Presidential Bookmaker<\/a> : Detailed and free guide to make your 1st bet online with all odds and how to take advantage of the Bonus offered!<\/p>\n\n\n\n<p>As well as the other online betting sites: <a href=\"https:\/\/parier-presidentielle.com\/en\/unibet-politic-election-2022\/\">Bwin<\/a>, <a href=\"https:\/\/parier-presidentielle.com\/en\/netbet-betting-politic-election-2022\/\">NetBet<\/a>, <a href=\"https:\/\/parier-presidentielle.com\/en\/betclic-presidential-2022\/\">Betclic<\/a>, <a href=\"https:\/\/parier-presidentielle.com\/en\/winamax-politic-election-2022\/\">Winamax<\/a>, Parions Sport, Zebet, Betway, France-Pari, Vbet, Cloudbet, 1Xbit, 1xbet, Betfair, Betwinner\u2026<\/p>\n\n\n\n<div class=\"wp-block-columns is-layout-flex wp-container-11 wp-block-columns-is-layout-flex\">\n<div class=\"wp-block-column is-layout-flow wp-block-column-is-layout-flow\" style=\"flex-basis:33.33%\">\n<p>You have just read our file:<\/p>\n<\/div>\n\n\n\n<div class=\"wp-block-column is-layout-flow wp-block-column-is-layout-flow\" style=\"flex-basis:33.33%\">\n<div class=\"wp-block-group is-layout-flow wp-block-group-is-layout-flow\"><div class=\"wp-block-group__inner-container\"><h4 class=\"has-text-align-center wp-block-post-title\"><span id=\"macron-8211-le-pen-les-bookmakers-donnent-leur-cotes-pour-le-second-tour-de-l8217election-presidentielle\"><a href=\"https:\/\/parier-presidentielle.com\/en\/macron-le-pen-bookmaker\/\" target=\"_self\" >Macron \u2013 Le Pen: the Bookmakers give their Odds for the Second round of the presidential election<\/a><\/span><\/h4><\/div><\/div>\n<\/div>\n\n\n\n<div class=\"wp-block-column is-layout-flow wp-block-column-is-layout-flow\" style=\"flex-basis:33.33%\">\n<p class=\"has-text-align-right\">Continue reading with our other exclusive files,<\/p>\n<\/div>\n<\/div>\n\n\n\n<h3 class=\"wp-block-heading\" id=\"tous-les-pronostics-sondage-et-cotes-pour-parier-sur-le-futur-vainqueur-de-l-election-presidentielle-2022\"><span id=\"tous-les-pronostics-sondage-et-cotes-pour-parier-sur-le-futur-vainqueur-de-l8217election-presidentielle-2024\">All the Predictions, Surveys and Odds to bet on the future winner of the 2024 Presidential election:<\/span><\/h3>\n\n\n\n<ul>\n<li><a href=\"https:\/\/parier-presidentielle.com\/en\/macron-election\/\">Bet on Emmanuel Macron with Unibet, Betclic, Bwin<\/a> : The favorite of polls and predictions <\/li>\n\n\n\n<li><a href=\"https:\/\/parier-presidentielle.com\/en\/marine-le-pen-election\/\">Marine Le Pen: Her odds and how to bet with Bookmakers<\/a>: The challenger according to Unibet<\/li>\n<\/ul>\n\n\n\n<p><\/p>\n\n\n\n<center><script type=\"text\/javascript\" charset=\"utf-8\" src=\"https:\/\/www.gambling-affiliation.com\/cpm\/v=AmIMTDSs92QY6b0MzDMvM5laCjJ-ZlA-1oQ-7tKsi.w_GA7331V2\"><\/script><\/center>\n\n\n\n<h3 class=\"wp-block-heading\"><span id=\"donald-trump-vs-joe-biden-la-video-qui-lance-les-paris-en-ligne-sur-l8217election-politique-de-2024\">Donald Trump vs Joe Biden: The video that launches online betting on the 2024 political election<\/span><\/h3>\n\n\n\n<figure class=\"wp-block-embed is-type-video is-provider-youtube wp-block-embed-youtube wp-embed-aspect-16-9 wp-has-aspect-ratio\"><div class=\"wp-block-embed__wrapper\">\n<iframe loading=\"lazy\" title=\"Former President Donald Trump launches 2024 White House bid #Short\" width=\"640\" height=\"360\" src=\"https:\/\/www.youtube.com\/embed\/hZykPRVe4Ag?feature=oembed\" frameborder=\"0\" allow=\"accelerometer; autoplay; clipboard-write; encrypted-media; gyroscope; picture-in-picture; web-share\" allowfullscreen><\/iframe>\n<\/div><\/figure>\n\n\n<div class=\"wp-block-image\">\n<figure class=\"aligncenter size-medium\"><a href=\"https:\/\/parier-presidentielle.com\/en\/recommends\/unibet\/\" target=\"_blank\" rel=\"noopener\"><img decoding=\"async\" loading=\"lazy\" width=\"300\" height=\"169\" src=\"https:\/\/parier-presidentielle.com\/wp-content\/uploads\/2022\/04\/unibet-300x169.jpg\" alt=\"\" class=\"wp-image-1252\" srcset=\"https:\/\/parier-presidentielle.com\/wp-content\/uploads\/2022\/04\/unibet-300x169.jpg 300w, https:\/\/parier-presidentielle.com\/wp-content\/uploads\/2022\/04\/unibet-1024x576.jpg 1024w, https:\/\/parier-presidentielle.com\/wp-content\/uploads\/2022\/04\/unibet-768x432.jpg 768w, https:\/\/parier-presidentielle.com\/wp-content\/uploads\/2022\/04\/unibet-18x10.jpg 18w, https:\/\/parier-presidentielle.com\/wp-content\/uploads\/2022\/04\/unibet.jpg 1280w\" sizes=\"(max-width: 300px) 100vw, 300px\" \/><\/a><\/figure><\/div>\n\n\n<p>Find the Wiki, the main political news on Cannabis and its legal derivatives: <strong>HHC, H4cbd, Thcp, Thcv, HSD, HHCPO, C4B<\/strong><\/p>\n<div id=\"toc_container\" class=\"no_bullets\"><p class=\"toc_title\">Table of Contents<\/p><ul class=\"toc_list\"><li><ul><li><\/li><li><\/li><\/ul><\/li><li><\/li><li><\/li><li><ul><li><ul><li><\/li><\/ul><\/li><li><\/li><li><\/li><\/ul><\/li><\/ul><\/div>","protected":false},"excerpt":{"rendered":"<p>Emmanuel Macron gagnant de la pr\u00e9sidentielle face \u00e0 Marine Le Pen? Les bookmakers ou sites de paris proposent d\u00e9sormais de parier en ligne se le vainqueur de l&#8217;\u00e9lection pr\u00e9sidentielle de 2022. En France il est possible de parier seulement avec Unibet sur la politique. Cela signifie que vous pouvez parier sur leur victoire ou leur &#8230;<\/p>","protected":false},"author":1,"featured_media":0,"parent":0,"menu_order":0,"comment_status":"closed","ping_status":"closed","template":"page-nosidebar.php","meta":{"footnotes":""},"yoast_head":"<!-- This site is optimized with the Yoast SEO Premium plugin v21.0 (Yoast SEO v21.0) - https:\/\/yoast.com\/wordpress\/plugins\/seo\/ -->\n<title>Macron - Le Pen : les Bookmakers donnent leur Cotes pour le Second tour de l&#039;\u00e9lection pr\u00e9sidentielle - Finale Coupe du Monde FIFA<\/title>\n<meta name=\"description\" content=\"Les cotes des bookmakers pour parier sur le second tour Macron - Le Pen\" \/>\n<meta name=\"robots\" content=\"index, follow, max-snippet:-1, max-image-preview:large, max-video-preview:-1\" \/>\n<link rel=\"canonical\" href=\"https:\/\/parier-presidentielle.com\/en\/macron-le-pen-bookmaker\/\" \/>\n<meta property=\"og:locale\" content=\"en_GB\" \/>\n<meta property=\"og:type\" content=\"article\" \/>\n<meta property=\"og:title\" content=\"Macron - Le Pen : les Bookmakers donnent leur Cotes pour le Second tour de l&#039;\u00e9lection pr\u00e9sidentielle\" \/>\n<meta property=\"og:description\" content=\"Les cotes des bookmakers pour parier sur le second tour Macron - Le Pen\" \/>\n<meta property=\"og:url\" content=\"https:\/\/parier-presidentielle.com\/en\/macron-le-pen-bookmaker\/\" \/>\n<meta property=\"og:site_name\" content=\"Parier Pr\u00e9sidentielle\" \/>\n<meta property=\"article:modified_time\" content=\"2022-04-24T16:08:09+00:00\" \/>\n<meta property=\"og:image\" content=\"https:\/\/parier-presidentielle.com\/wp-content\/uploads\/2022\/04\/unibet-cote-macron-le-pen-2022-1024x202.jpg\" \/>\n<meta name=\"twitter:card\" content=\"summary_large_image\" \/>\n<meta name=\"twitter:label1\" content=\"Estimated reading time\" \/>\n\t<meta name=\"twitter:data1\" content=\"5 minutes\" \/>\n<script type=\"application\/ld+json\" class=\"yoast-schema-graph\">{\"@context\":\"https:\/\/schema.org\",\"@graph\":[{\"@type\":\"WebPage\",\"@id\":\"https:\/\/parier-presidentielle.com\/macron-le-pen-bookmaker\/\",\"url\":\"https:\/\/parier-presidentielle.com\/macron-le-pen-bookmaker\/\",\"name\":\"Macron - Le Pen : les Bookmakers donnent leur Cotes pour le Second tour de l'\u00e9lection pr\u00e9sidentielle - Finale Coupe du Monde FIFA\",\"isPartOf\":{\"@id\":\"https:\/\/parier-presidentielle.com\/#website\"},\"datePublished\":\"2021-09-06T20:23:37+00:00\",\"dateModified\":\"2022-04-24T16:08:09+00:00\",\"description\":\"Les cotes des bookmakers pour parier sur le second tour Macron - Le Pen\",\"breadcrumb\":{\"@id\":\"https:\/\/parier-presidentielle.com\/macron-le-pen-bookmaker\/#breadcrumb\"},\"inLanguage\":\"en-GB\",\"potentialAction\":[{\"@type\":\"ReadAction\",\"target\":[\"https:\/\/parier-presidentielle.com\/macron-le-pen-bookmaker\/\"]}]},{\"@type\":\"BreadcrumbList\",\"@id\":\"https:\/\/parier-presidentielle.com\/macron-le-pen-bookmaker\/#breadcrumb\",\"itemListElement\":[{\"@type\":\"ListItem\",\"position\":1,\"name\":\"Accueil\",\"item\":\"https:\/\/parier-presidentielle.com\/\"},{\"@type\":\"ListItem\",\"position\":2,\"name\":\"Macron &#8211; Le Pen : les Bookmakers donnent leur Cotes pour le Second tour de l&#8217;\u00e9lection pr\u00e9sidentielle\"}]},{\"@type\":\"WebSite\",\"@id\":\"https:\/\/parier-presidentielle.com\/#website\",\"url\":\"https:\/\/parier-presidentielle.com\/\",\"name\":\"Parier Pr\u00e9sidentielle\",\"description\":\"Paris, Pronostics, Wiki sur la Politique, les Elections Am\u00e9ricaines: Joe Biden, Donald Trump avec les Bookmakers en ligne Unibet, Bwin, Betclic, Winamax\",\"potentialAction\":[{\"@type\":\"SearchAction\",\"target\":{\"@type\":\"EntryPoint\",\"urlTemplate\":\"https:\/\/parier-presidentielle.com\/?s={search_term_string}\"},\"query-input\":\"required name=search_term_string\"}],\"inLanguage\":\"en-GB\"}]}<\/script>\n<!-- \/ Yoast SEO Premium plugin. -->","yoast_head_json":{"title":"Macron - Le Pen : les Bookmakers donnent leur Cotes pour le Second tour de l'\u00e9lection pr\u00e9sidentielle - Finale Coupe du Monde FIFA","description":"Les cotes des bookmakers pour parier sur le second tour Macron - Le Pen","robots":{"index":"index","follow":"follow","max-snippet":"max-snippet:-1","max-image-preview":"max-image-preview:large","max-video-preview":"max-video-preview:-1"},"canonical":"https:\/\/parier-presidentielle.com\/en\/macron-le-pen-bookmaker\/","og_locale":"en_GB","og_type":"article","og_title":"Macron - Le Pen : les Bookmakers donnent leur Cotes pour le Second tour de l'\u00e9lection pr\u00e9sidentielle","og_description":"Les cotes des bookmakers pour parier sur le second tour Macron - Le Pen","og_url":"https:\/\/parier-presidentielle.com\/en\/macron-le-pen-bookmaker\/","og_site_name":"Parier Pr\u00e9sidentielle","article_modified_time":"2022-04-24T16:08:09+00:00","og_image":[{"url":"https:\/\/parier-presidentielle.com\/wp-content\/uploads\/2022\/04\/unibet-cote-macron-le-pen-2022-1024x202.jpg"}],"twitter_card":"summary_large_image","twitter_misc":{"Estimated reading time":"5 minutes"},"schema":{"@context":"https:\/\/schema.org","@graph":[{"@type":"WebPage","@id":"https:\/\/parier-presidentielle.com\/macron-le-pen-bookmaker\/","url":"https:\/\/parier-presidentielle.com\/macron-le-pen-bookmaker\/","name":"Macron - Le Pen : les Bookmakers donnent leur Cotes pour le Second tour de l'\u00e9lection pr\u00e9sidentielle - Finale Coupe du Monde FIFA","isPartOf":{"@id":"https:\/\/parier-presidentielle.com\/#website"},"datePublished":"2021-09-06T20:23:37+00:00","dateModified":"2022-04-24T16:08:09+00:00","description":"Les cotes des bookmakers pour parier sur le second tour Macron - Le Pen","breadcrumb":{"@id":"https:\/\/parier-presidentielle.com\/macron-le-pen-bookmaker\/#breadcrumb"},"inLanguage":"en-GB","potentialAction":[{"@type":"ReadAction","target":["https:\/\/parier-presidentielle.com\/macron-le-pen-bookmaker\/"]}]},{"@type":"BreadcrumbList","@id":"https:\/\/parier-presidentielle.com\/macron-le-pen-bookmaker\/#breadcrumb","itemListElement":[{"@type":"ListItem","position":1,"name":"Accueil","item":"https:\/\/parier-presidentielle.com\/"},{"@type":"ListItem","position":2,"name":"Macron &#8211; Le Pen : les Bookmakers donnent leur Cotes pour le Second tour de l&#8217;\u00e9lection pr\u00e9sidentielle"}]},{"@type":"WebSite","@id":"https:\/\/parier-presidentielle.com\/#website","url":"https:\/\/parier-presidentielle.com\/","name":"Parier Pr\u00e9sidentielle","description":"Paris, Pronostics, Wiki sur la Politique, les Elections Am\u00e9ricaines: Joe Biden, Donald Trump avec les Bookmakers en ligne Unibet, Bwin, Betclic, Winamax","potentialAction":[{"@type":"SearchAction","target":{"@type":"EntryPoint","urlTemplate":"https:\/\/parier-presidentielle.com\/?s={search_term_string}"},"query-input":"required name=search_term_string"}],"inLanguage":"en-GB"}]}},"_links":{"self":[{"href":"https:\/\/parier-presidentielle.com\/en\/wp-json\/wp\/v2\/pages\/30"}],"collection":[{"href":"https:\/\/parier-presidentielle.com\/en\/wp-json\/wp\/v2\/pages"}],"about":[{"href":"https:\/\/parier-presidentielle.com\/en\/wp-json\/wp\/v2\/types\/page"}],"author":[{"embeddable":true,"href":"https:\/\/parier-presidentielle.com\/en\/wp-json\/wp\/v2\/users\/1"}],"replies":[{"embeddable":true,"href":"https:\/\/parier-presidentielle.com\/en\/wp-json\/wp\/v2\/comments?post=30"}],"version-history":[{"count":16,"href":"https:\/\/parier-presidentielle.com\/en\/wp-json\/wp\/v2\/pages\/30\/revisions"}],"predecessor-version":[{"id":1649,"href":"https:\/\/parier-presidentielle.com\/en\/wp-json\/wp\/v2\/pages\/30\/revisions\/1649"}],"wp:attachment":[{"href":"https:\/\/parier-presidentielle.com\/en\/wp-json\/wp\/v2\/media?parent=30"}],"curies":[{"name":"wp","href":"https:\/\/api.w.org\/{rel}","templated":true}]}}