{"id":422,"date":"2022-01-11T22:54:26","date_gmt":"2022-01-11T21:54:26","guid":{"rendered":"https:\/\/parier-presidentielle.com\/?page_id=422"},"modified":"2022-04-24T09:32:12","modified_gmt":"2022-04-24T07:32:12","slug":"valerie-pecresse-election","status":"publish","type":"page","link":"https:\/\/parier-presidentielle.com\/en\/valerie-pecresse-election\/","title":{"rendered":"Bet on the election of Val\u00e9rie P\u00e9cresse"},"content":{"rendered":"<h2 class=\"wp-block-heading\"><span id=\"cote-et-pronostics-pour-la-candidate-ump-valerie-pecresse-paris-en-ligne-sur-la-politique-et-la-future-presidente-de-la-france-de-2022\">Odds and predictions for UMP candidate Val\u00e9rie P\u00e9cresse:<br>Online betting on politics and the future president of France in 2022<br><br><\/span><\/h2>\n\n\n\n<div class=\"wp-block-image wp-duotone-000097-ff4747-1\"><figure class=\"aligncenter size-large is-resized\"><img decoding=\"async\" loading=\"lazy\" src=\"https:\/\/parier-presidentielle.com\/wp-content\/uploads\/2022\/01\/valerie-pecresse-1024x512.jpeg\" alt=\"Valerie Pecresse\" class=\"wp-image-427\" width=\"526\" height=\"262\" srcset=\"https:\/\/parier-presidentielle.com\/wp-content\/uploads\/2022\/01\/valerie-pecresse-1024x512.jpeg 1024w, https:\/\/parier-presidentielle.com\/wp-content\/uploads\/2022\/01\/valerie-pecresse-300x150.jpeg 300w, https:\/\/parier-presidentielle.com\/wp-content\/uploads\/2022\/01\/valerie-pecresse-768x384.jpeg 768w, https:\/\/parier-presidentielle.com\/wp-content\/uploads\/2022\/01\/valerie-pecresse.jpeg 1440w\" sizes=\"(max-width: 526px) 100vw, 526px\" \/><\/figure><\/div>\n\n\n\n<p><br>The 2022 presidential elections are already in the spotlight. This will be a test for the \u201cnew normal\u201d. The French have not yet had the opportunity to vote since the start of the health crisis. They will have to adapt to new ways of voting, remotely and with masks. The presidential election is always a major event in France, so it is important to follow the polls and bet on the candidate who is most likely to succeed Macron.<\/p>\n\n\n\n<p>This year, many candidates are on the starting line. Some are better known than others. Betting on Val\u00e9rie P\u00e9cresse, for example, is a safe bet because she has been in politics for a long time and she has her supporters. She was mayor of Versailles from 2002 to 2016, then president of \u00cele-de-France until 2020.<\/p>\n\n\n\n<p>Presidential 2022: Val\u00e9rie P\u00e9cresse&#039;s notes and predictions<\/p>\n\n\n\n<p>Val\u00e9rie P\u00e9cresse made the decision to run for president after having been a member of several political parties during her career: UDF, UMP then Les R\u00e9publicains. She was part of Nicolas Sarkozy&#039;s government when he became French president in 2007. In 2017, she openly supported Emmanuel Macron during the presidential campaign.<\/p>\n\n\n\n<h2 class=\"wp-block-heading\"><span id=\"biographie-de-valerie-pecresse-pour-bien-parier\"> <br>Biography of Val\u00e9rie P\u00e9cresse to bet well!<\/span><\/h2>\n\n\n\n<p><\/p>\n\n\n\n<p><strong>Valerie P\u00e9cresse<\/strong>\u00a0born Val\u00e9rie Roux (Neuilly-sur-Seine, July 14, 1967) is a French politician. She is currently president of the Ile de France regional council.<\/p>\n\n\n\n<p>On December 4, 2021, she was elected candidate in the 2022 French presidential election by the Republican Party, with 61 % votes against the 39 % obtained by Eric Ciotti in the second round of the primaries.<\/p>\n\n\n\n<h2 class=\"wp-block-heading\"><span id=\"biographie\">Biography<\/span><\/h2>\n\n\n\n<p>Auditor at the Council of State since 1992, she was an advisor to Jacques Chirac and taught at the Faculty of the Institute of Political Studies in Paris for six years. During the 2002 legislative elections, he was elected deputy for Yvelines and re-elected in 2007 and 2012. Minister of Higher Education and Research from 2007 to 2011, led the reform of university autonomy and was head of the UMP list in the 2010 regional elections in the Ile-de-France region. From 2011 to 2012, she was Minister of Budget, Public Accounts and State Reform and Government spokesperson. In December 2014, she was appointed coordinator of the 2015 regional elections and was head of the list of the Les R\u00e9publicains party for the Ile-de-France region, which she won in the second round against the socialist candidate Claude Bartolone.<\/p>\n\n\n\n<p>He was a member of the Union for a Popular Movement (UMP) from 2002 to 2015 and of the Republicans (LR) until June 5, 2019, when he announced that he was leaving the party after the failure in the elections Europeans. (8.5% votes) and the resignation of Laurent Wauquiez. P\u00e9cresse then expressed his desire to \u201c&nbsp;&nbsp;<em>rebuild the right, threatened with extinction<\/em>&nbsp;&quot; but of &quot;&nbsp;<em>outside<\/em>&nbsp;\u201c, leading his own&nbsp;<em>Let&#039;s be free movement<\/em>&nbsp;!.<\/p>\n\n\n\n<h3 class=\"wp-block-heading\"><span id=\"candidat-aux-elections-presidentielles-de-2022\">Candidate for the 2022 presidential elections<\/span><\/h3>\n\n\n\n<p>On July 22, 2021, Val\u00e9rie P\u00e9cresse announced her candidacy for the right-wing primaries with a view to the 2022 presidential election, declaring that she wanted to \u201crestore French pride\u201d and \u201cbring order to France\u201d. Candidate for the Republican Congress with the aim of nominating the party&#039;s presidential candidate, she resumed her party card in October 2021. On December 2, he came in second place in the first round of the congressional primaries, with 25 % of the vote, less than one point behind Eric Ciotti (25.59 %). After the results of the first round were announced before the second round, she received the support of Xavier Bertrand, Michel Barnier, and Philippe Juvin In the second round held on December 4, 2021, she was elected as a candidate for the 2022 French presidential election by the Republican Party, with 61% against 39% produced by Eric Ciotti.<\/p>\n\n\n\n<h2 class=\"wp-block-heading\"><span id=\"positions-politiques\">Political positions<\/span><\/h2>\n\n\n\n<p>Declaring himself in favor of economic liberalism, he asserted in August 2021 that it was &quot;two thirds Merkel, one third Thatcher&quot;.<\/p>\n\n\n\n<p>As the 2022 presidential elections approach, he promised to reduce public spending and taxes through four major reforms: the elimination of 150,000 jobs in public administration, the transition to retirement at 65, the reduction unemployment benefits and separation from the state. from competing companies of which it is a minority shareholder.<\/p>\n\n\n\n<p>Opposed to the bill on same-sex marriage in France, she participated in various demonstrations opposing same-sex marriage and same-sex parenthood between 2012 and 2013, notably led by La Manif pour tous. HAS<\/p>\n\n\n\n<p>In 2021, he advocated for a more restrictive approach to the immigration issue, calling it \u201ca great challenge for society\u201d. In particular, it proposes the establishment of maximum annual immigration ceilings and stricter conditions for the issue of a residence permit, such as having &quot;sufficient resources&quot; (the amount of which would increase by 25 %), &quot;proficiency in the French language\u201d and \u201crespect for secularism and the values of the Republic.\u201d Finally, you wish to exclude from social assistance schemes people who have resided in France for less than five years.<\/p>\n\n\n\n<p><\/p>\n\n\n\n<p><\/p>\n<div id=\"toc_container\" class=\"no_bullets\"><p class=\"toc_title\">Table of Contents<\/p><ul class=\"toc_list\"><li><\/li><li><\/li><li><ul><li><\/li><\/ul><\/li><li><\/li><\/ul><\/div>","protected":false},"excerpt":{"rendered":"<p>Odds and predictions for UMP candidate Val\u00e9rie P\u00e9cresse: Online betting on politics and the future president of France in 2022 The 2022 presidential elections are already in the spotlight. This will be a test for the \u201cnew normal\u201d. The French have not yet had the opportunity to vote since\u2026<\/p>","protected":false},"author":1,"featured_media":0,"parent":0,"menu_order":0,"comment_status":"closed","ping_status":"closed","template":"page-nosidebar.php","meta":{"footnotes":""},"yoast_head":"<!-- This site is optimized with the Yoast SEO Premium plugin v21.0 (Yoast SEO v21.0) - https:\/\/yoast.com\/wordpress\/plugins\/seo\/ -->\n<title>Parier sur l\u2019\u00e9lection de Val\u00e9rie P\u00e9cresse - Finale Coupe du Monde FIFA<\/title>\n<meta name=\"description\" content=\"Pariez sur P\u00e9cresse pour l&#039;\u00e9lection 2022 : Cliquez Ici et Gagnez Gros! Pronostics ,Comparaison des Bookmakers et des meilleurs Cotes.\" \/>\n<meta name=\"robots\" content=\"index, follow, max-snippet:-1, max-image-preview:large, max-video-preview:-1\" \/>\n<link rel=\"canonical\" href=\"https:\/\/parier-presidentielle.com\/en\/valerie-pecresse-election\/\" \/>\n<meta property=\"og:locale\" content=\"en_GB\" \/>\n<meta property=\"og:type\" content=\"article\" \/>\n<meta property=\"og:title\" content=\"Parier sur l\u2019\u00e9lection de Val\u00e9rie P\u00e9cresse\" \/>\n<meta property=\"og:description\" content=\"Pariez sur P\u00e9cresse pour l&#039;\u00e9lection 2022 : Cliquez Ici et Gagnez Gros! Pronostics ,Comparaison des Bookmakers et des meilleurs Cotes.\" \/>\n<meta property=\"og:url\" content=\"https:\/\/parier-presidentielle.com\/en\/valerie-pecresse-election\/\" \/>\n<meta property=\"og:site_name\" content=\"Parier Pr\u00e9sidentielle\" \/>\n<meta property=\"article:modified_time\" content=\"2022-04-24T07:32:12+00:00\" \/>\n<meta property=\"og:image\" content=\"https:\/\/parier-presidentielle.com\/wp-content\/uploads\/2022\/01\/valerie-pecresse-1024x512.jpeg\" \/>\n<meta name=\"twitter:card\" content=\"summary_large_image\" \/>\n<meta name=\"twitter:label1\" content=\"Estimated reading time\" \/>\n\t<meta name=\"twitter:data1\" content=\"5 minutes\" \/>\n<script type=\"application\/ld+json\" class=\"yoast-schema-graph\">{\"@context\":\"https:\/\/schema.org\",\"@graph\":[{\"@type\":\"WebPage\",\"@id\":\"https:\/\/parier-presidentielle.com\/valerie-pecresse-election\/\",\"url\":\"https:\/\/parier-presidentielle.com\/valerie-pecresse-election\/\",\"name\":\"Parier sur l\u2019\u00e9lection de Val\u00e9rie P\u00e9cresse - Finale Coupe du Monde FIFA\",\"isPartOf\":{\"@id\":\"https:\/\/parier-presidentielle.com\/#website\"},\"datePublished\":\"2022-01-11T21:54:26+00:00\",\"dateModified\":\"2022-04-24T07:32:12+00:00\",\"description\":\"Pariez sur P\u00e9cresse pour l'\u00e9lection 2022 : Cliquez Ici et Gagnez Gros! Pronostics ,Comparaison des Bookmakers et des meilleurs Cotes.\",\"breadcrumb\":{\"@id\":\"https:\/\/parier-presidentielle.com\/valerie-pecresse-election\/#breadcrumb\"},\"inLanguage\":\"en-GB\",\"potentialAction\":[{\"@type\":\"ReadAction\",\"target\":[\"https:\/\/parier-presidentielle.com\/valerie-pecresse-election\/\"]}]},{\"@type\":\"BreadcrumbList\",\"@id\":\"https:\/\/parier-presidentielle.com\/valerie-pecresse-election\/#breadcrumb\",\"itemListElement\":[{\"@type\":\"ListItem\",\"position\":1,\"name\":\"Accueil\",\"item\":\"https:\/\/parier-presidentielle.com\/\"},{\"@type\":\"ListItem\",\"position\":2,\"name\":\"Parier sur l\u2019\u00e9lection de Val\u00e9rie P\u00e9cresse\"}]},{\"@type\":\"WebSite\",\"@id\":\"https:\/\/parier-presidentielle.com\/#website\",\"url\":\"https:\/\/parier-presidentielle.com\/\",\"name\":\"Parier Pr\u00e9sidentielle\",\"description\":\"Paris, Pronostics, Wiki sur la Politique, les Elections Am\u00e9ricaines: Joe Biden, Donald Trump avec les Bookmakers en ligne Unibet, Bwin, Betclic, Winamax\",\"potentialAction\":[{\"@type\":\"SearchAction\",\"target\":{\"@type\":\"EntryPoint\",\"urlTemplate\":\"https:\/\/parier-presidentielle.com\/?s={search_term_string}\"},\"query-input\":\"required name=search_term_string\"}],\"inLanguage\":\"en-GB\"}]}<\/script>\n<!-- \/ Yoast SEO Premium plugin. -->","yoast_head_json":{"title":"Parier sur l\u2019\u00e9lection de Val\u00e9rie P\u00e9cresse - Finale Coupe du Monde FIFA","description":"Pariez sur P\u00e9cresse pour l'\u00e9lection 2022 : Cliquez Ici et Gagnez Gros! Pronostics ,Comparaison des Bookmakers et des meilleurs Cotes.","robots":{"index":"index","follow":"follow","max-snippet":"max-snippet:-1","max-image-preview":"max-image-preview:large","max-video-preview":"max-video-preview:-1"},"canonical":"https:\/\/parier-presidentielle.com\/en\/valerie-pecresse-election\/","og_locale":"en_GB","og_type":"article","og_title":"Parier sur l\u2019\u00e9lection de Val\u00e9rie P\u00e9cresse","og_description":"Pariez sur P\u00e9cresse pour l'\u00e9lection 2022 : Cliquez Ici et Gagnez Gros! Pronostics ,Comparaison des Bookmakers et des meilleurs Cotes.","og_url":"https:\/\/parier-presidentielle.com\/en\/valerie-pecresse-election\/","og_site_name":"Parier Pr\u00e9sidentielle","article_modified_time":"2022-04-24T07:32:12+00:00","og_image":[{"url":"https:\/\/parier-presidentielle.com\/wp-content\/uploads\/2022\/01\/valerie-pecresse-1024x512.jpeg"}],"twitter_card":"summary_large_image","twitter_misc":{"Estimated reading time":"5 minutes"},"schema":{"@context":"https:\/\/schema.org","@graph":[{"@type":"WebPage","@id":"https:\/\/parier-presidentielle.com\/valerie-pecresse-election\/","url":"https:\/\/parier-presidentielle.com\/valerie-pecresse-election\/","name":"Parier sur l\u2019\u00e9lection de Val\u00e9rie P\u00e9cresse - Finale Coupe du Monde FIFA","isPartOf":{"@id":"https:\/\/parier-presidentielle.com\/#website"},"datePublished":"2022-01-11T21:54:26+00:00","dateModified":"2022-04-24T07:32:12+00:00","description":"Pariez sur P\u00e9cresse pour l'\u00e9lection 2022 : Cliquez Ici et Gagnez Gros! Pronostics ,Comparaison des Bookmakers et des meilleurs Cotes.","breadcrumb":{"@id":"https:\/\/parier-presidentielle.com\/valerie-pecresse-election\/#breadcrumb"},"inLanguage":"en-GB","potentialAction":[{"@type":"ReadAction","target":["https:\/\/parier-presidentielle.com\/valerie-pecresse-election\/"]}]},{"@type":"BreadcrumbList","@id":"https:\/\/parier-presidentielle.com\/valerie-pecresse-election\/#breadcrumb","itemListElement":[{"@type":"ListItem","position":1,"name":"Accueil","item":"https:\/\/parier-presidentielle.com\/"},{"@type":"ListItem","position":2,"name":"Parier sur l\u2019\u00e9lection de Val\u00e9rie P\u00e9cresse"}]},{"@type":"WebSite","@id":"https:\/\/parier-presidentielle.com\/#website","url":"https:\/\/parier-presidentielle.com\/","name":"Parier Pr\u00e9sidentielle","description":"Paris, Pronostics, Wiki sur la Politique, les Elections Am\u00e9ricaines: Joe Biden, Donald Trump avec les Bookmakers en ligne Unibet, Bwin, Betclic, Winamax","potentialAction":[{"@type":"SearchAction","target":{"@type":"EntryPoint","urlTemplate":"https:\/\/parier-presidentielle.com\/?s={search_term_string}"},"query-input":"required name=search_term_string"}],"inLanguage":"en-GB"}]}},"_links":{"self":[{"href":"https:\/\/parier-presidentielle.com\/en\/wp-json\/wp\/v2\/pages\/422"}],"collection":[{"href":"https:\/\/parier-presidentielle.com\/en\/wp-json\/wp\/v2\/pages"}],"about":[{"href":"https:\/\/parier-presidentielle.com\/en\/wp-json\/wp\/v2\/types\/page"}],"author":[{"embeddable":true,"href":"https:\/\/parier-presidentielle.com\/en\/wp-json\/wp\/v2\/users\/1"}],"replies":[{"embeddable":true,"href":"https:\/\/parier-presidentielle.com\/en\/wp-json\/wp\/v2\/comments?post=422"}],"version-history":[{"count":7,"href":"https:\/\/parier-presidentielle.com\/en\/wp-json\/wp\/v2\/pages\/422\/revisions"}],"predecessor-version":[{"id":1598,"href":"https:\/\/parier-presidentielle.com\/en\/wp-json\/wp\/v2\/pages\/422\/revisions\/1598"}],"wp:attachment":[{"href":"https:\/\/parier-presidentielle.com\/en\/wp-json\/wp\/v2\/media?parent=422"}],"curies":[{"name":"wp","href":"https:\/\/api.w.org\/{rel}","templated":true}]}}