{"id":1459,"date":"2022-04-19T13:25:07","date_gmt":"2022-04-19T11:25:07","guid":{"rendered":"https:\/\/parier-presidentielle.com\/?page_id=1459"},"modified":"2023-09-23T17:06:55","modified_gmt":"2023-09-23T15:06:55","slug":"william-hill-presidentielle","status":"publish","type":"page","link":"https:\/\/parier-presidentielle.com\/es\/william-hill-presidencial\/","title":{"rendered":"William Hill: corredor de apuestas ingl\u00e9s para apostar en las elecciones presidenciales francesas de 2022"},"content":{"rendered":"<p>\u00bfCon qui\u00e9n apostar? William Hill por supuesto<\/p>\n\n\n\n<h2 class=\"wp-block-heading\" id=\"h-parier-l-election-president-2022-avec-le-site-de-paris-en-ligne-william-hill\"><span id=\"parier-l8217election-president-2022-avec-le-site-de-paris-en-ligne-william-hill\">Apueste en las elecciones presidenciales de 2022 con el sitio de apuestas online de William Hill<\/span><\/h2>\n\n\n\n<h4 class=\"wp-block-heading has-text-align-center has-large-font-size\" id=\"h-20-offert-pour-parier-avec-william-hill\"><span id=\"20e-offert-pour-parier-avec-william-hill\"><a href=\"https:\/\/parier-presidentielle.com\/es\/recommends\/william-hill-text\/\">20\u20ac Gratis para apostar con William Hill<\/a><\/span><\/h4>\n\n\n\n<figure class=\"wp-block-image size-large\"><img decoding=\"async\" loading=\"lazy\" width=\"1024\" height=\"265\" src=\"https:\/\/parier-presidentielle.com\/wp-content\/uploads\/2022\/04\/william-hill-macron-le-pen-presidentielle-1024x265.jpg\" alt=\"William Hill apuesta por Macron le pen para las presidenciales de 2022\" class=\"wp-image-1464\" srcset=\"https:\/\/parier-presidentielle.com\/wp-content\/uploads\/2022\/04\/william-hill-macron-le-pen-presidentielle-1024x265.jpg 1024w, https:\/\/parier-presidentielle.com\/wp-content\/uploads\/2022\/04\/william-hill-macron-le-pen-presidentielle-300x78.jpg 300w, https:\/\/parier-presidentielle.com\/wp-content\/uploads\/2022\/04\/william-hill-macron-le-pen-presidentielle-768x199.jpg 768w, https:\/\/parier-presidentielle.com\/wp-content\/uploads\/2022\/04\/william-hill-macron-le-pen-presidentielle-1536x398.jpg 1536w, https:\/\/parier-presidentielle.com\/wp-content\/uploads\/2022\/04\/william-hill-macron-le-pen-presidentielle-2048x530.jpg 2048w, https:\/\/parier-presidentielle.com\/wp-content\/uploads\/2022\/04\/william-hill-macron-le-pen-presidentielle-18x5.jpg 18w\" sizes=\"(max-width: 1024px) 100vw, 1024px\" \/><\/figure>\n\n\n\n<p><br>Las cuotas de William Hill dan al actual presidente Emmanuel Macron un 1,10 frente a Marine Le Pen un 7,50, por lo que estas son las mejores cuotas en comparaci\u00f3n con otras casas de apuestas. <a href=\"https:\/\/parier-presidentielle.com\/es\/unibet-politica-eleccion-2022\/\">Unibet<\/a>, <a href=\"https:\/\/parier-presidentielle.com\/es\/betclic-presidencial-2022\/\">Betclic<\/a>, <a href=\"https:\/\/parier-presidentielle.com\/es\/bwin-politica-eleccion-2022\/\">Bwin<\/a>. Asimismo, las probabilidades son en realidad muy similares a las que eran antes de la primera ronda de votaci\u00f3n.<\/p>\n\n\n\n<p>No es de extra\u00f1ar que William Hill fuera la primera casa de apuestas en abrir apuestas sobre el resultado de las elecciones en Francia, seg\u00fan las cuales ahora ofrecen a las personas que quieran apostar en las elecciones presidenciales. En primer lugar, quedaron dos candidatos en sus predicciones, lo que les permiti\u00f3 decidir qui\u00e9n ser\u00e1 elegido presidente.<\/p>\n\n\n\n<p>Las elecciones francesas fueron unas de las m\u00e1s seguidas hasta el momento, junto con las elecciones de 2017, y fueron seguidas de cerca por apostadores deportivos y pol\u00edticos de todo el mundo.<\/p>\n\n\n\n<p>Con el mercado fluctuando enormemente a lo largo de este a\u00f1o, no sorprende que Paddy Power haya decidido reducir sus posibilidades de que Emmanuel Macron sea elegido presidente de 1\/10 a 1\/12 y pagar anticipadamente todas las apuestas realizadas a su favor.<\/p>\n\n\n\n<p>Es una historia similar con Ladbrokes, que pas\u00f3 de 1\/8 a 1\/10 para Macron, al tiempo que redujo su margen de victoria de 12 % a 7 %.<\/p>\n\n\n\n<p><\/p>\n\n\n\n<p>An\u00e1lisis de la casa de apuestas william hill para apostar en la segunda vuelta de las elecciones presidenciales<\/p>\n\n\n\n<p>Las cuotas de Unibet dan al actual presidente Emmanuel Macron un 1,65 frente a Marine Le Pen un 6, por lo que estas son las mejores cuotas en comparaci\u00f3n con otras casas de apuestas.<\/p>\n\n\n\n<p>\u00a1El candidato de En Marche! es un claro favorito porque es probable que esta vez pueda ganar la primera vuelta de las elecciones con m\u00e1s de 25% de los votos.<\/p>\n\n\n\n<p>No se puede decir lo mismo de su oponente Marine Le Pen, que tiene buenas posibilidades de ganar la primera ronda, pero es poco probable que pueda ganar la segunda ronda.<\/p>\n\n\n\n<p>Todas las encuestas muestran que la candidata del Frente Nacional tiene buenas posibilidades de ganar la primera vuelta, pero en la segunda se enfrentar\u00e1 a un oponente que recibir\u00e1 casi todos los votos de los partidos que no apoyan las ideas de extrema derecha.<\/p>\n\n\n\n<p>La situaci\u00f3n sigue siendo cr\u00edtica, especialmente en Francia, donde hace poco m\u00e1s de un a\u00f1o hubo un ataque terrorista contra el peri\u00f3dico sat\u00edrico Charlie Hebdo, y despu\u00e9s, en noviembre de 2015, hubo otro ataque en Par\u00eds por parte de extremistas del Estado Isl\u00e1mico (EI).<\/p>\n\n\n\n<p>La casa de apuestas brit\u00e1nica William Hill fue la primera en publicar sus cuotas para la segunda vuelta de las elecciones presidenciales en Francia.<\/p>\n\n\n\n<p>William Hill tiene a Macron en 6\/5 y a Le Pen en 4\/6.<\/p>\n\n\n\n<p>Betfred ofrece 7\/10 en Macron y 11\/10 en Le Pen.<\/p>\n\n\n\n<p>Ladbrokes ofrece probabilidades de 10\/11 para Macron y 5\/6 para Le Pen.<\/p>\n\n\n\n<p>Paddy Power tambi\u00e9n tiene probabilidades de 10\/11 en Macron y 5\/6 en Le Pen.<\/p>\n\n\n\n<p>William Hill, las mejores cuotas para apostar en pol\u00edtica<\/p>\n\n\n\n<p>La casa de apuestas brit\u00e1nica en l\u00ednea William Hill es una de las m\u00e1s exitosas de la industria, ya que fue fundada en 1934. Esta empresa tiene m\u00e1s de 2.300 oficinas en el Reino Unido y tambi\u00e9n tiene presencia en Espa\u00f1a e Italia. Decimos esto porque William Hill opera en Francia desde 2012, con una plataforma online que ofrece a sus usuarios apuestas deportivas en vivo con excelentes cuotas, as\u00ed como una amplia variedad de juegos de casino. Adem\u00e1s de todo esto, William Hill tambi\u00e9n es un gran lugar para apostar en pol\u00edtica, especialmente cuando se trata de las elecciones presidenciales francesas. El sitio web le permite hacer sus predicciones comparando las cuotas de otras casas de apuestas.<\/p>\n\n\n\n<p>William Hill es una casa de apuestas confiable que ofrece a sus jugadores muy buenas probabilidades y promociones al apostar en pol\u00edtica o cualquier otra cosa. Es extremadamente f\u00e1cil de usar y no requiere experiencia ni conocimientos t\u00e9cnicos para empezar a apostar.<\/p>\n\n\n\n<p>Marine Le Pen ha nombrado a un nuevo primer ministro en un intento por revivir su tambaleante campa\u00f1a presidencial.<\/p>\n\n\n\n<p><\/p>\n\n\n\n<p>Sus posibilidades de victoria se vieron perjudicadas a\u00fan m\u00e1s por la revelaci\u00f3n del viernes de que hab\u00eda utilizado fondos del Parlamento Europeo para pagarle a un asistente que trabajaba para el partido en su pa\u00eds.<\/p>\n\n\n\n<p>Tambi\u00e9n est\u00e1 bajo investigaci\u00f3n por presunta malversaci\u00f3n de fondos durante su etapa como eurodiputada.<\/p>\n\n\n\n<p class=\"has-text-align-center unibet\" style=\"font-size:25px\"><mark style=\"background-color:rgba(0, 0, 0, 0);color:#0d7a12\" class=\"has-inline-color\"><strong><a href=\"https:\/\/parier-presidentielle.com\/es\/recommends\/unibet\/\">Bono de 150 \u20ac ofrecido con Unibet<br>Para su 1ra Apuesta Pol\u00edtica o Deportiva: Haga clic aqu\u00ed<\/a><\/strong><\/mark><\/p>\n\n\n\n<p><\/p>\n\n\n<div class=\"wp-block-image\">\n<figure class=\"aligncenter is-resized wp-duotone-000097-ff4747-1\"><img decoding=\"async\" loading=\"lazy\" src=\"https:\/\/parier-presidentielle.com\/wp-content\/uploads\/2021\/09\/election-standard-scale-4_00x-gigapixel-1024x623.jpg\" alt=\"Elecci\u00f3n 2022\" style=\"width:256px;height:156px\" width=\"256\" height=\"156\"\/><\/figure><\/div>\n\n\n<p><br><\/p>\n\n\n\n<p><strong>Parier-presidentielle le ayuda a elegir entre los diferentes<a href=\"https:\/\/parier-presidentielle.com\/es\/\"> Casas de apuestas Bwin, Unibet, Betclic apostar\u00e1n por el futuro presidente estadounidense en 2024<\/a> : <\/strong><br><a href=\"https:\/\/parier-presidentielle.com\/es\/unibet-politica-eleccion-2022\/\">Casa de apuestas presidencial de Unibet<\/a> : \u00a1Gu\u00eda detallada y gratuita para hacer su primera apuesta en l\u00ednea con todas las probabilidades y c\u00f3mo aprovechar el bono ofrecido!<\/p>\n\n\n\n<p>As\u00ed como los dem\u00e1s sitios de apuestas en l\u00ednea: <a href=\"https:\/\/parier-presidentielle.com\/es\/unibet-politica-eleccion-2022\/\">Bwin<\/a>, <a href=\"https:\/\/parier-presidentielle.com\/es\/netbet-apuesta-politica-eleccion-2022\/\">NetBet<\/a>, <a href=\"https:\/\/parier-presidentielle.com\/es\/betclic-presidencial-2022\/\">Betclic<\/a>, <a href=\"https:\/\/parier-presidentielle.com\/es\/winamax-politica-eleccion-2022\/\">Winamax<\/a>, Parions Sport, Zebet, Betway, France-Pari, Vbet, Cloudbet, 1Xbit, 1xbet, Betfair, Betwinner\u2026<\/p>\n\n\n\n<div class=\"wp-block-columns is-layout-flex wp-container-6 wp-block-columns-is-layout-flex\">\n<div class=\"wp-block-column is-layout-flow wp-block-column-is-layout-flow\" style=\"flex-basis:33.33%\">\n<p>Acabas de leer nuestro archivo:<\/p>\n<\/div>\n\n\n\n<div class=\"wp-block-column is-layout-flow wp-block-column-is-layout-flow\" style=\"flex-basis:33.33%\">\n<div class=\"wp-block-group is-layout-flow wp-block-group-is-layout-flow\"><div class=\"wp-block-group__inner-container\"><h4 class=\"has-text-align-center wp-block-post-title\"><span id=\"william-hill-bookmaker-anglais-pour-parier-sur-l8217election-presidentielle-francaise-2022\"><a href=\"https:\/\/parier-presidentielle.com\/es\/william-hill-presidencial\/\" target=\"_self\" >William Hill: corredor de apuestas ingl\u00e9s para apostar en las elecciones presidenciales francesas de 2022<\/a><\/span><\/h4><\/div><\/div>\n<\/div>\n\n\n\n<div class=\"wp-block-column is-layout-flow wp-block-column-is-layout-flow\" style=\"flex-basis:33.33%\">\n<p class=\"has-text-align-right\">Contin\u00fae leyendo con nuestros otros archivos exclusivos,<\/p>\n<\/div>\n<\/div>\n\n\n\n<h3 class=\"wp-block-heading\" id=\"tous-les-pronostics-sondage-et-cotes-pour-parier-sur-le-futur-vainqueur-de-l-election-presidentielle-2022\"><span id=\"tous-les-pronostics-sondage-et-cotes-pour-parier-sur-le-futur-vainqueur-de-l8217election-presidentielle-2024\">Todas las Predicciones, Encuestas y Cuotas para apostar sobre el futuro ganador de las elecciones presidenciales de 2024:<\/span><\/h3>\n\n\n\n<ul>\n<li><a href=\"https:\/\/parier-presidentielle.com\/es\/macron-eleccion\/\">Apuesta por Emmanuel Macron con Unibet, Betclic, Bwin<\/a> : El favorito de encuestas y predicciones <\/li>\n\n\n\n<li><a href=\"https:\/\/parier-presidentielle.com\/es\/marine-le-pen-eleccion\/\">Marine Le Pen: sus cuotas y c\u00f3mo apostar con las casas de apuestas<\/a>: El retador seg\u00fan Unibet<\/li>\n<\/ul>\n\n\n\n<p><\/p>\n\n\n\n<center><script type=\"text\/javascript\" charset=\"utf-8\" src=\"https:\/\/www.gambling-affiliation.com\/cpm\/v=AmIMTDSs92QY6b0MzDMvM5laCjJ-ZlA-1oQ-7tKsi.w_GA7331V2\"><\/script><\/center>\n\n\n\n<h3 class=\"wp-block-heading\"><span id=\"donald-trump-vs-joe-biden-la-video-qui-lance-les-paris-en-ligne-sur-l8217election-politique-de-2024\">Donald Trump vs Joe Biden: el v\u00eddeo que lanza las apuestas online sobre las elecciones pol\u00edticas de 2024<\/span><\/h3>\n\n\n\n<figure class=\"wp-block-embed is-type-video is-provider-youtube wp-block-embed-youtube wp-embed-aspect-16-9 wp-has-aspect-ratio\"><div class=\"wp-block-embed__wrapper\">\n<iframe loading=\"lazy\" title=\"El expresidente Donald Trump lanza una candidatura a la Casa Blanca para 2024 #Short\" width=\"640\" height=\"360\" src=\"https:\/\/www.youtube.com\/embed\/hZykPRVe4Ag?feature=oembed\" frameborder=\"0\" allow=\"accelerometer; autoplay; clipboard-write; encrypted-media; gyroscope; picture-in-picture; web-share\" allowfullscreen><\/iframe>\n<\/div><\/figure>\n\n\n<div class=\"wp-block-image\">\n<figure class=\"aligncenter size-medium\"><a href=\"https:\/\/parier-presidentielle.com\/es\/recommends\/unibet\/\" target=\"_blank\" rel=\"noopener\"><img decoding=\"async\" loading=\"lazy\" width=\"300\" height=\"169\" src=\"https:\/\/parier-presidentielle.com\/wp-content\/uploads\/2022\/04\/unibet-300x169.jpg\" alt=\"\" class=\"wp-image-1252\" srcset=\"https:\/\/parier-presidentielle.com\/wp-content\/uploads\/2022\/04\/unibet-300x169.jpg 300w, https:\/\/parier-presidentielle.com\/wp-content\/uploads\/2022\/04\/unibet-1024x576.jpg 1024w, https:\/\/parier-presidentielle.com\/wp-content\/uploads\/2022\/04\/unibet-768x432.jpg 768w, https:\/\/parier-presidentielle.com\/wp-content\/uploads\/2022\/04\/unibet-18x10.jpg 18w, https:\/\/parier-presidentielle.com\/wp-content\/uploads\/2022\/04\/unibet.jpg 1280w\" sizes=\"(max-width: 300px) 100vw, 300px\" \/><\/a><\/figure><\/div>\n\n\n<p>Encuentra en la Wiki, las noticias pol\u00edticas imprescindibles sobre el Cannabis y sus derivados legales: <strong>HHC, H4cbd, Thcp, Thcv, HSD, HHCPO, C4B<\/strong><\/p>\n<div id=\"toc_container\" class=\"no_bullets\"><p class=\"toc_title\">Indice<\/p><ul class=\"toc_list\"><li><ul><li><ul><li><\/li><li><\/li><\/ul><\/li><li><\/li><li><\/li><\/ul><\/li><\/ul><\/div>","protected":false},"excerpt":{"rendered":"<p>\u00bfCon qui\u00e9n apostar? William Hill, por supuesto, apueste las elecciones presidenciales de 2022 con el sitio de apuestas en l\u00ednea William Hill Se ofrecen 20 \u20ac para apostar con William Hill Las cuotas de William Hill le dan al actual presidente Emmanuel Macron 1,10 frente a Marine Le Pen a 7,50, por lo que estas son las mejores cuotas en comparaci\u00f3n con otras...<\/p>","protected":false},"author":1,"featured_media":0,"parent":0,"menu_order":0,"comment_status":"closed","ping_status":"closed","template":"page-nosidebar.php","meta":{"footnotes":""},"yoast_head":"<!-- This site is optimized with the Yoast SEO Premium plugin v21.0 (Yoast SEO v21.0) - https:\/\/yoast.com\/wordpress\/plugins\/seo\/ -->\n<title>William Hill : Bookmaker Anglais pour Parier sur l&#039;election presidentielle fran\u00e7aise 2022 - Finale Coupe du Monde FIFA<\/title>\n<meta name=\"robots\" content=\"index, follow, max-snippet:-1, max-image-preview:large, max-video-preview:-1\" \/>\n<link rel=\"canonical\" href=\"https:\/\/parier-presidentielle.com\/es\/william-hill-presidencial\/\" \/>\n<meta property=\"og:locale\" content=\"es_ES\" \/>\n<meta property=\"og:type\" content=\"article\" \/>\n<meta property=\"og:title\" content=\"William Hill : Bookmaker Anglais pour Parier sur l&#039;election presidentielle fran\u00e7aise 2022\" \/>\n<meta property=\"og:description\" content=\"avec qui parier? William Hill of course Parier l&#8217;\u00e9lection pr\u00e9sident 2022 avec le site de paris en ligne William Hill 20\u20ac Offert pour Parier avec William Hill Les cotes de William Hill donnent l&#8217;actuel pr\u00e9sident Emmanuel Macron \u00e0 1,10 contre Marine Le Pen \u00e0 7.50, ce sont donc les meilleures cotes par rapport aux autres ...\" \/>\n<meta property=\"og:url\" content=\"https:\/\/parier-presidentielle.com\/es\/william-hill-presidencial\/\" \/>\n<meta property=\"og:site_name\" content=\"Parier Pr\u00e9sidentielle\" \/>\n<meta property=\"article:modified_time\" content=\"2023-09-23T15:06:55+00:00\" \/>\n<meta property=\"og:image\" content=\"https:\/\/parier-presidentielle.com\/wp-content\/uploads\/2022\/04\/william-hill-macron-le-pen-presidentielle-1024x265.jpg\" \/>\n<meta name=\"twitter:card\" content=\"summary_large_image\" \/>\n<meta name=\"twitter:label1\" content=\"Tiempo de lectura\" \/>\n\t<meta name=\"twitter:data1\" content=\"4 minutos\" \/>\n<script type=\"application\/ld+json\" class=\"yoast-schema-graph\">{\"@context\":\"https:\/\/schema.org\",\"@graph\":[{\"@type\":\"WebPage\",\"@id\":\"https:\/\/parier-presidentielle.com\/william-hill-presidentielle\/\",\"url\":\"https:\/\/parier-presidentielle.com\/william-hill-presidentielle\/\",\"name\":\"William Hill : Bookmaker Anglais pour Parier sur l'election presidentielle fran\u00e7aise 2022 - Finale Coupe du Monde FIFA\",\"isPartOf\":{\"@id\":\"https:\/\/parier-presidentielle.com\/#website\"},\"datePublished\":\"2022-04-19T11:25:07+00:00\",\"dateModified\":\"2023-09-23T15:06:55+00:00\",\"breadcrumb\":{\"@id\":\"https:\/\/parier-presidentielle.com\/william-hill-presidentielle\/#breadcrumb\"},\"inLanguage\":\"es\",\"potentialAction\":[{\"@type\":\"ReadAction\",\"target\":[\"https:\/\/parier-presidentielle.com\/william-hill-presidentielle\/\"]}]},{\"@type\":\"BreadcrumbList\",\"@id\":\"https:\/\/parier-presidentielle.com\/william-hill-presidentielle\/#breadcrumb\",\"itemListElement\":[{\"@type\":\"ListItem\",\"position\":1,\"name\":\"Accueil\",\"item\":\"https:\/\/parier-presidentielle.com\/\"},{\"@type\":\"ListItem\",\"position\":2,\"name\":\"William Hill : Bookmaker Anglais pour Parier sur l&#8217;election presidentielle fran\u00e7aise 2022\"}]},{\"@type\":\"WebSite\",\"@id\":\"https:\/\/parier-presidentielle.com\/#website\",\"url\":\"https:\/\/parier-presidentielle.com\/\",\"name\":\"Parier Pr\u00e9sidentielle\",\"description\":\"Paris, Pronostics, Wiki sur la Politique, les Elections Am\u00e9ricaines: Joe Biden, Donald Trump avec les Bookmakers en ligne Unibet, Bwin, Betclic, Winamax\",\"potentialAction\":[{\"@type\":\"SearchAction\",\"target\":{\"@type\":\"EntryPoint\",\"urlTemplate\":\"https:\/\/parier-presidentielle.com\/?s={search_term_string}\"},\"query-input\":\"required name=search_term_string\"}],\"inLanguage\":\"es\"}]}<\/script>\n<!-- \/ Yoast SEO Premium plugin. -->","yoast_head_json":{"title":"William Hill : Bookmaker Anglais pour Parier sur l'election presidentielle fran\u00e7aise 2022 - Finale Coupe du Monde FIFA","robots":{"index":"index","follow":"follow","max-snippet":"max-snippet:-1","max-image-preview":"max-image-preview:large","max-video-preview":"max-video-preview:-1"},"canonical":"https:\/\/parier-presidentielle.com\/es\/william-hill-presidencial\/","og_locale":"es_ES","og_type":"article","og_title":"William Hill : Bookmaker Anglais pour Parier sur l'election presidentielle fran\u00e7aise 2022","og_description":"avec qui parier? William Hill of course Parier l&#8217;\u00e9lection pr\u00e9sident 2022 avec le site de paris en ligne William Hill 20\u20ac Offert pour Parier avec William Hill Les cotes de William Hill donnent l&#8217;actuel pr\u00e9sident Emmanuel Macron \u00e0 1,10 contre Marine Le Pen \u00e0 7.50, ce sont donc les meilleures cotes par rapport aux autres ...","og_url":"https:\/\/parier-presidentielle.com\/es\/william-hill-presidencial\/","og_site_name":"Parier Pr\u00e9sidentielle","article_modified_time":"2023-09-23T15:06:55+00:00","og_image":[{"url":"https:\/\/parier-presidentielle.com\/wp-content\/uploads\/2022\/04\/william-hill-macron-le-pen-presidentielle-1024x265.jpg"}],"twitter_card":"summary_large_image","twitter_misc":{"Tiempo de lectura":"4 minutos"},"schema":{"@context":"https:\/\/schema.org","@graph":[{"@type":"WebPage","@id":"https:\/\/parier-presidentielle.com\/william-hill-presidentielle\/","url":"https:\/\/parier-presidentielle.com\/william-hill-presidentielle\/","name":"William Hill : Bookmaker Anglais pour Parier sur l'election presidentielle fran\u00e7aise 2022 - Finale Coupe du Monde FIFA","isPartOf":{"@id":"https:\/\/parier-presidentielle.com\/#website"},"datePublished":"2022-04-19T11:25:07+00:00","dateModified":"2023-09-23T15:06:55+00:00","breadcrumb":{"@id":"https:\/\/parier-presidentielle.com\/william-hill-presidentielle\/#breadcrumb"},"inLanguage":"es","potentialAction":[{"@type":"ReadAction","target":["https:\/\/parier-presidentielle.com\/william-hill-presidentielle\/"]}]},{"@type":"BreadcrumbList","@id":"https:\/\/parier-presidentielle.com\/william-hill-presidentielle\/#breadcrumb","itemListElement":[{"@type":"ListItem","position":1,"name":"Accueil","item":"https:\/\/parier-presidentielle.com\/"},{"@type":"ListItem","position":2,"name":"William Hill : Bookmaker Anglais pour Parier sur l&#8217;election presidentielle fran\u00e7aise 2022"}]},{"@type":"WebSite","@id":"https:\/\/parier-presidentielle.com\/#website","url":"https:\/\/parier-presidentielle.com\/","name":"Parier Pr\u00e9sidentielle","description":"Paris, Pronostics, Wiki sur la Politique, les Elections Am\u00e9ricaines: Joe Biden, Donald Trump avec les Bookmakers en ligne Unibet, Bwin, Betclic, Winamax","potentialAction":[{"@type":"SearchAction","target":{"@type":"EntryPoint","urlTemplate":"https:\/\/parier-presidentielle.com\/?s={search_term_string}"},"query-input":"required name=search_term_string"}],"inLanguage":"es"}]}},"_links":{"self":[{"href":"https:\/\/parier-presidentielle.com\/es\/wp-json\/wp\/v2\/pages\/1459"}],"collection":[{"href":"https:\/\/parier-presidentielle.com\/es\/wp-json\/wp\/v2\/pages"}],"about":[{"href":"https:\/\/parier-presidentielle.com\/es\/wp-json\/wp\/v2\/types\/page"}],"author":[{"embeddable":true,"href":"https:\/\/parier-presidentielle.com\/es\/wp-json\/wp\/v2\/users\/1"}],"replies":[{"embeddable":true,"href":"https:\/\/parier-presidentielle.com\/es\/wp-json\/wp\/v2\/comments?post=1459"}],"version-history":[{"count":32,"href":"https:\/\/parier-presidentielle.com\/es\/wp-json\/wp\/v2\/pages\/1459\/revisions"}],"predecessor-version":[{"id":2561,"href":"https:\/\/parier-presidentielle.com\/es\/wp-json\/wp\/v2\/pages\/1459\/revisions\/2561"}],"wp:attachment":[{"href":"https:\/\/parier-presidentielle.com\/es\/wp-json\/wp\/v2\/media?parent=1459"}],"curies":[{"name":"wp","href":"https:\/\/api.w.org\/{rel}","templated":true}]}}