{"id":163,"date":"2021-09-13T14:41:45","date_gmt":"2021-09-13T12:41:45","guid":{"rendered":"https:\/\/parier-presidentielle.com\/?page_id=163"},"modified":"2023-01-24T18:49:06","modified_gmt":"2023-01-24T17:49:06","slug":"asselineau-bookmakers","status":"publish","type":"page","link":"https:\/\/parier-presidentielle.com\/es\/asselineau-bookmakers-casa-de-apuesta\/","title":{"rendered":"Casas de apuestas de Asselineau: apuestas, cuotas y predicciones"},"content":{"rendered":"<p>La gu\u00eda para apostar por el candidato  <a href=\"https:\/\/parier-presidentielle.com\/es\/eleccion-de-asselineau\/\">Fran\u00e7ois Asselineau<\/a> en 2022, encuentra las mejores cuotas seg\u00fan las casas de apuestas: <span style=\"text-decoration: underline;\"><a href=\"https:\/\/parier-presidentielle.com\/es\/unibet-politica-eleccion-2022\/\">Unibet<\/a><\/span>, Bwin\u2026<\/p>\n\n\n\n<p><\/p>\n\n\n\n<h2 class=\"wp-block-heading\" id=\"parier-sur-francois-asselineau-en-2022-notre-analyse-cotes-et-pronostics\"><span id=\"parier-sur-francois-asselineau-en-2022-notre-analyse-cotes-et-pronostics\">\u00bfApostar por Francois Asselineau en 2022? \u00a1Nuestro an\u00e1lisis, cuotas y predicciones!<br><\/span><\/h2>\n\n\n\n<h1 class=\"wp-block-heading\"><span id=\"parier-sur-francois-asselineau-en-2022-analyse-cotes-et-pronostics\">Apostar por Francois Asselineau en 2022: an\u00e1lisis, cuotas y pron\u00f3sticos<\/span><\/h1>\n\n\n\n<p><em>Francois Asselineau, fundador y presidente de la Union Populaire R\u00e9publicaine (UPR), es un candidato que est\u00e1 atrayendo cada vez m\u00e1s atenci\u00f3n en el panorama pol\u00edtico franc\u00e9s. Surge entonces la pregunta: \u00bfes prudente apostar por \u00e9l para las pr\u00f3ximas elecciones presidenciales de 2022? Intentaremos responder a esta pregunta analizando las probabilidades y predicciones actuales.<\/em><\/p>\n\n\n\n<h2 class=\"wp-block-heading\"><span id=\"les-cotes-actuelles\">Cuotas actuales<\/span><\/h2>\n\n\n\n<p>\nSeg\u00fan las casas de apuestas, las probabilidades para Francois Asselineau en las elecciones presidenciales de 2022 son actualmente bastante bajas. Tiene una calificaci\u00f3n de 100\/1, lo que significa que los profesionales lo consideran un desvalido. Sin embargo, es importante tener en cuenta que estas probabilidades pueden variar dependiendo de los eventos y encuestas que se realicen en los pr\u00f3ximos meses. Por tanto, es posible que las probabilidades para Asselineau aumenten en los pr\u00f3ximos meses.\n\n<\/p>\n\n\n\n<h2 class=\"wp-block-heading\"><span id=\"les-pronostics\">las predicciones<\/span><\/h2>\n\n\n\n<p>\nEs dif\u00edcil hacer una predicci\u00f3n sobre las posibilidades de Francois Asselineau en las elecciones presidenciales de 2022, porque todav\u00eda hay mucha incertidumbre sobre qu\u00e9 candidatos se presentar\u00e1n y c\u00f3mo evolucionar\u00e1 la situaci\u00f3n pol\u00edtica en los pr\u00f3ximos meses. Sin embargo, es importante se\u00f1alar que Fran\u00e7ois Asselineau es un candidato que tiene una fuerte base de apoyo entre los votantes que est\u00e1n insatisfechos con los partidos tradicionales y que buscan una alternativa al establishment. Por lo tanto, es posible que obtenga mejores resultados de lo que sugieren las calificaciones actuales.\n\n<\/p>\n\n\n\n<h2 class=\"wp-block-heading\"><span id=\"analyse\">Analizar<\/span><\/h2>\n\n\n\n<p>\nEst\u00e1 claro que las probabilidades y predicciones actuales para Fran\u00e7ois Asselineau son bastante desfavorables, pero no debemos olvidar que todav\u00eda es muy pronto para predecir los resultados de las elecciones presidenciales de 2022. Es importante seguir la evoluci\u00f3n de la situaci\u00f3n pol\u00edtica y las encuestas. para evaluar las posibilidades de Francois Asselineau. Tambi\u00e9n es importante tener en cuenta su impacto en el electorado insatisfecho con los partidos tradicionales, quienes podr\u00edan brindarle un apoyo significativo. En resumen, puede ser arriesgado por el momento apostar por Fran\u00e7ois Asselineau, pero tampoco debemos descartarlo completamente de la carrera para las elecciones presidenciales de 2022. Es importante seguir la evoluci\u00f3n y las encuestas para evaluar sus posibilidades reales. Tambi\u00e9n es importante recordar que las probabilidades pueden cambiar significativamente en los pr\u00f3ximos meses, as\u00ed que mant\u00e9ngase alerta.<\/p>\n\n\n\n<p>Presidente 2022. Fran\u00e7ois Asselineau fue detenido en febrero de 2021. La investigaci\u00f3n a\u00fan est\u00e1 en curso. Pero \u00bfpor qu\u00e9 los pol\u00edticos siempre se preocupan por la justicia? En febrero de 2021 se produjo un tsunami en la pol\u00edtica: Fran\u00e7ois Asselineau fue detenido por acoso moral, acoso sexual y agresi\u00f3n sexual. La investigaci\u00f3n se llev\u00f3 a cabo en mayo de 2020 con la brigada de lucha contra la delincuencia contra la persona (BRDP) de la polic\u00eda judicial de Par\u00eds. Dos v\u00edctimas distintas que trabajaban para el Examen Peri\u00f3dico Universal (Uni\u00f3n Popular Republicana) de Fran\u00e7ois Asselineau presentaron dos denuncias: una en Aller y la otra en Par\u00eds. Un ex ejecutivo tambi\u00e9n denunci\u00f3 ante el fiscal y ciertos hechos fueron revelados en 2019.<br><\/p>\n\n\n\n<p>Pronto, Fran\u00e7ois Asselineau calific\u00f3 las acusaciones de difamaci\u00f3n y conspiraci\u00f3n para destituirlo de la presidencia del examen peri\u00f3dico universal e impedirle participar en las elecciones presidenciales de 2022: farmacia\u201d, afirm\u00f3 en Facebook. El caso a\u00fan est\u00e1 en curso. Recordemos que en 2020, aunque estas denuncias acaban de publicarse (pero antes de su solicitud de detenci\u00f3n policial), el pol\u00edtico sigue siendo elegido entre los directores de su partido, lo que provoc\u00f3 a activistas no deseados. La agresi\u00f3n sexual se convirti\u00f3 en su presidente. \u00bfQui\u00e9n es Fran\u00e7ois Arcelino? Fran\u00e7ois Asselineau fue inspector financiero antes de entrar en pol\u00edtica. En 2017, reuni\u00f3 a m\u00e1s de 500 patrocinadores y particip\u00f3 en las fallidas elecciones presidenciales de 2012. <\/p>\n\n\n\n<p><\/p>\n\n\n\n<h3 class=\"wp-block-heading\" id=\"la-victoire-francois-asselineau-a-l-election-presidentielle-est-impossible\"><span id=\"la-victoire-francois-asselineau-a-l8217election-presidentielle-est-impossible\">\u00a1La victoria de Fran\u00e7ois Asselineau en las elecciones presidenciales es imposible!<\/span><\/h3>\n\n\n\n<p><strong><span class=\"has-inline-color has-vivid-red-color\">Despu\u00e9s de analizar el perfil de Francois Asselineau, apostar por su victoria es demasiado arriesgado a pesar de las incre\u00edbles probabilidades...<\/span><\/strong><\/p>\n\n\n\n<h2 class=\"wp-block-heading\" id=\"unibet\"><span id=\"unibet\">Unibet<\/span><\/h2>\n\n\n\n<p><br>Las cuotas de Fran\u00e7ois Asselineau en la casa de apuestas Unibet: <\/p>\n\n\n\n<p>101<\/p>\n\n\n\n<p><\/p>\n\n\n\n<h2 class=\"wp-block-heading\" id=\"william-hill\"><span id=\"william-hill\">William Hill<\/span><\/h2>\n\n\n\n<p>Cuotas de Fran\u00e7ois Asselineau en la casa de apuestas William Hill:  <\/p>\n\n\n\n<p>No disponible en este momento<\/p>\n\n\n\n\n\n\n\n<p><\/p>\n\n\n\n<p class=\"has-text-align-center unibet\" style=\"font-size:25px\"><mark style=\"background-color:rgba(0, 0, 0, 0);color:#0d7a12\" class=\"has-inline-color\"><strong><a href=\"https:\/\/parier-presidentielle.com\/es\/recommends\/unibet\/\">Bono de 150 \u20ac ofrecido con Unibet<br>Para su 1ra Apuesta Pol\u00edtica o Deportiva: Haga clic aqu\u00ed<\/a><\/strong><\/mark><\/p>\n\n\n\n<p><\/p>\n\n\n<div class=\"wp-block-image\">\n<figure class=\"aligncenter is-resized wp-duotone-000097-ff4747-1\"><img decoding=\"async\" loading=\"lazy\" src=\"https:\/\/parier-presidentielle.com\/wp-content\/uploads\/2021\/09\/election-standard-scale-4_00x-gigapixel-1024x623.jpg\" alt=\"Elecci\u00f3n 2022\" style=\"width:256px;height:156px\" width=\"256\" height=\"156\"\/><\/figure><\/div>\n\n\n<p><br><\/p>\n\n\n\n<p><strong>Parier-presidentielle le ayuda a elegir entre los diferentes<a href=\"https:\/\/parier-presidentielle.com\/es\/\"> Casas de apuestas Bwin, Unibet, Betclic apostar\u00e1n por el futuro presidente estadounidense en 2024<\/a> : <\/strong><br><a href=\"https:\/\/parier-presidentielle.com\/es\/unibet-politica-eleccion-2022\/\">Casa de apuestas presidencial de Unibet<\/a> : \u00a1Gu\u00eda detallada y gratuita para hacer su primera apuesta en l\u00ednea con todas las probabilidades y c\u00f3mo aprovechar el bono ofrecido!<\/p>\n\n\n\n<p>As\u00ed como los dem\u00e1s sitios de apuestas en l\u00ednea: <a href=\"https:\/\/parier-presidentielle.com\/es\/unibet-politica-eleccion-2022\/\">Bwin<\/a>, <a href=\"https:\/\/parier-presidentielle.com\/es\/netbet-apuesta-politica-eleccion-2022\/\">NetBet<\/a>, <a href=\"https:\/\/parier-presidentielle.com\/es\/betclic-presidencial-2022\/\">Betclic<\/a>, <a href=\"https:\/\/parier-presidentielle.com\/es\/winamax-politica-eleccion-2022\/\">Winamax<\/a>, Parions Sport, Zebet, Betway, France-Pari, Vbet, Cloudbet, 1Xbit, 1xbet, Betfair, Betwinner\u2026<\/p>\n\n\n\n<div class=\"wp-block-columns is-layout-flex wp-container-6 wp-block-columns-is-layout-flex\">\n<div class=\"wp-block-column is-layout-flow wp-block-column-is-layout-flow\" style=\"flex-basis:33.33%\">\n<p>Acabas de leer nuestro archivo:<\/p>\n<\/div>\n\n\n\n<div class=\"wp-block-column is-layout-flow wp-block-column-is-layout-flow\" style=\"flex-basis:33.33%\">\n<div class=\"wp-block-group is-layout-flow wp-block-group-is-layout-flow\"><div class=\"wp-block-group__inner-container\"><h4 class=\"has-text-align-center wp-block-post-title\"><span id=\"asselineau-bookmakers-paris-cote-et-pronostics\"><a href=\"https:\/\/parier-presidentielle.com\/es\/asselineau-bookmakers-casa-de-apuesta\/\" target=\"_self\" >Casas de apuestas de Asselineau: apuestas, cuotas y predicciones<\/a><\/span><\/h4><\/div><\/div>\n<\/div>\n\n\n\n<div class=\"wp-block-column is-layout-flow wp-block-column-is-layout-flow\" style=\"flex-basis:33.33%\">\n<p class=\"has-text-align-right\">Contin\u00fae leyendo con nuestros otros archivos exclusivos,<\/p>\n<\/div>\n<\/div>\n\n\n\n<h3 class=\"wp-block-heading\" id=\"tous-les-pronostics-sondage-et-cotes-pour-parier-sur-le-futur-vainqueur-de-l-election-presidentielle-2022\"><span id=\"tous-les-pronostics-sondage-et-cotes-pour-parier-sur-le-futur-vainqueur-de-l8217election-presidentielle-2024\">Todas las Predicciones, Encuestas y Cuotas para apostar sobre el futuro ganador de las elecciones presidenciales de 2024:<\/span><\/h3>\n\n\n\n<ul>\n<li><a href=\"https:\/\/parier-presidentielle.com\/es\/macron-eleccion\/\">Apuesta por Emmanuel Macron con Unibet, Betclic, Bwin<\/a> : El favorito de encuestas y predicciones <\/li>\n\n\n\n<li><a href=\"https:\/\/parier-presidentielle.com\/es\/marine-le-pen-eleccion\/\">Marine Le Pen: sus cuotas y c\u00f3mo apostar con las casas de apuestas<\/a>: El retador seg\u00fan Unibet<\/li>\n<\/ul>\n\n\n\n<p><\/p>\n\n\n\n<center><script type=\"text\/javascript\" charset=\"utf-8\" src=\"https:\/\/www.gambling-affiliation.com\/cpm\/v=AmIMTDSs92QY6b0MzDMvM5laCjJ-ZlA-1oQ-7tKsi.w_GA7331V2\"><\/script><\/center>\n\n\n\n<h3 class=\"wp-block-heading\"><span id=\"donald-trump-vs-joe-biden-la-video-qui-lance-les-paris-en-ligne-sur-l8217election-politique-de-2024\">Donald Trump vs Joe Biden: el v\u00eddeo que lanza las apuestas online sobre las elecciones pol\u00edticas de 2024<\/span><\/h3>\n\n\n\n<figure class=\"wp-block-embed is-type-video is-provider-youtube wp-block-embed-youtube wp-embed-aspect-16-9 wp-has-aspect-ratio\"><div class=\"wp-block-embed__wrapper\">\n<iframe loading=\"lazy\" title=\"El expresidente Donald Trump lanza una candidatura a la Casa Blanca para 2024 #Short\" width=\"640\" height=\"360\" src=\"https:\/\/www.youtube.com\/embed\/hZykPRVe4Ag?feature=oembed\" frameborder=\"0\" allow=\"accelerometer; autoplay; clipboard-write; encrypted-media; gyroscope; picture-in-picture; web-share\" allowfullscreen><\/iframe>\n<\/div><\/figure>\n\n\n<div class=\"wp-block-image\">\n<figure class=\"aligncenter size-medium\"><a href=\"https:\/\/parier-presidentielle.com\/es\/recommends\/unibet\/\" target=\"_blank\" rel=\"noopener\"><img decoding=\"async\" loading=\"lazy\" width=\"300\" height=\"169\" src=\"https:\/\/parier-presidentielle.com\/wp-content\/uploads\/2022\/04\/unibet-300x169.jpg\" alt=\"\" class=\"wp-image-1252\" srcset=\"https:\/\/parier-presidentielle.com\/wp-content\/uploads\/2022\/04\/unibet-300x169.jpg 300w, https:\/\/parier-presidentielle.com\/wp-content\/uploads\/2022\/04\/unibet-1024x576.jpg 1024w, https:\/\/parier-presidentielle.com\/wp-content\/uploads\/2022\/04\/unibet-768x432.jpg 768w, https:\/\/parier-presidentielle.com\/wp-content\/uploads\/2022\/04\/unibet-18x10.jpg 18w, https:\/\/parier-presidentielle.com\/wp-content\/uploads\/2022\/04\/unibet.jpg 1280w\" sizes=\"(max-width: 300px) 100vw, 300px\" \/><\/a><\/figure><\/div>\n\n\n<p>Encuentra en la Wiki, las noticias pol\u00edticas imprescindibles sobre el Cannabis y sus derivados legales: <strong>HHC, H4cbd, Thcp, Thcv, HSD, HHCPO, C4B<\/strong><\/p>\n\n\n\n<p><\/p>\n<div id=\"toc_container\" class=\"no_bullets\"><p class=\"toc_title\">Indice<\/p><ul class=\"toc_list\"><ul><li><\/li><\/ul><\/li><li><ul><li><\/li><li><\/li><li><ul><li><\/li><\/ul><\/li><li><\/li><li><ul><li><ul><li><\/li><\/ul><\/li><li><\/li><li><\/li><\/ul><\/li><\/ul><\/li><\/ul><\/div>","protected":false},"excerpt":{"rendered":"<p>Le guide pour parier sur le candidat Fran\u00e7ois Asselineau en 2022, retrouver les meilleurs cotes selon les bookmakers : Unibet, Bwin&#8230; Parier sur Francois Asselineau en 2022? Notre analyse, cotes et pronostics! Parier sur Francois Asselineau en 2022 : analyse, cotes et pronostics Francois Asselineau, fondateur et pr\u00e9sident de l&#8217;Union Populaire R\u00e9publicaine (UPR), est un &#8230;<\/p>","protected":false},"author":1,"featured_media":0,"parent":0,"menu_order":0,"comment_status":"closed","ping_status":"closed","template":"page-nosidebar.php","meta":{"footnotes":""},"yoast_head":"<!-- This site is optimized with the Yoast SEO Premium plugin v21.0 (Yoast SEO v21.0) - https:\/\/yoast.com\/wordpress\/plugins\/seo\/ -->\n<title>Asselineau Bookmakers : Paris, Cote et Pronostics - Finale Coupe du Monde FIFA<\/title>\n<meta name=\"description\" content=\"Pariez sur Asselineau pour l&#039;Election 2022 : Cliquez Ici et Gagnez Gros! Pronostics ,Comparaison des Bookmakers et des meilleurs Cotes.\" \/>\n<meta name=\"robots\" content=\"index, follow, max-snippet:-1, max-image-preview:large, max-video-preview:-1\" \/>\n<link rel=\"canonical\" href=\"https:\/\/parier-presidentielle.com\/es\/asselineau-bookmakers-casa-de-apuesta\/\" \/>\n<meta property=\"og:locale\" content=\"es_ES\" \/>\n<meta property=\"og:type\" content=\"article\" \/>\n<meta property=\"og:title\" content=\"Asselineau Bookmakers : Paris, Cote et Pronostics\" \/>\n<meta property=\"og:description\" content=\"Pariez sur Asselineau pour l&#039;Election 2022 : Cliquez Ici et Gagnez Gros! Pronostics ,Comparaison des Bookmakers et des meilleurs Cotes.\" \/>\n<meta property=\"og:url\" content=\"https:\/\/parier-presidentielle.com\/es\/asselineau-bookmakers-casa-de-apuesta\/\" \/>\n<meta property=\"og:site_name\" content=\"Parier Pr\u00e9sidentielle\" \/>\n<meta property=\"article:modified_time\" content=\"2023-01-24T17:49:06+00:00\" \/>\n<meta name=\"twitter:card\" content=\"summary_large_image\" \/>\n<meta name=\"twitter:label1\" content=\"Tiempo de lectura\" \/>\n\t<meta name=\"twitter:data1\" content=\"2 minutos\" \/>\n<script type=\"application\/ld+json\" class=\"yoast-schema-graph\">{\"@context\":\"https:\/\/schema.org\",\"@graph\":[{\"@type\":\"WebPage\",\"@id\":\"https:\/\/parier-presidentielle.com\/asselineau-bookmakers\/\",\"url\":\"https:\/\/parier-presidentielle.com\/asselineau-bookmakers\/\",\"name\":\"Asselineau Bookmakers : Paris, Cote et Pronostics - Finale Coupe du Monde FIFA\",\"isPartOf\":{\"@id\":\"https:\/\/parier-presidentielle.com\/#website\"},\"datePublished\":\"2021-09-13T12:41:45+00:00\",\"dateModified\":\"2023-01-24T17:49:06+00:00\",\"description\":\"Pariez sur Asselineau pour l'Election 2022 : Cliquez Ici et Gagnez Gros! Pronostics ,Comparaison des Bookmakers et des meilleurs Cotes.\",\"breadcrumb\":{\"@id\":\"https:\/\/parier-presidentielle.com\/asselineau-bookmakers\/#breadcrumb\"},\"inLanguage\":\"es\",\"potentialAction\":[{\"@type\":\"ReadAction\",\"target\":[\"https:\/\/parier-presidentielle.com\/asselineau-bookmakers\/\"]}]},{\"@type\":\"BreadcrumbList\",\"@id\":\"https:\/\/parier-presidentielle.com\/asselineau-bookmakers\/#breadcrumb\",\"itemListElement\":[{\"@type\":\"ListItem\",\"position\":1,\"name\":\"Accueil\",\"item\":\"https:\/\/parier-presidentielle.com\/\"},{\"@type\":\"ListItem\",\"position\":2,\"name\":\"Asselineau Bookmakers : Paris, Cote et Pronostics\"}]},{\"@type\":\"WebSite\",\"@id\":\"https:\/\/parier-presidentielle.com\/#website\",\"url\":\"https:\/\/parier-presidentielle.com\/\",\"name\":\"Parier Pr\u00e9sidentielle\",\"description\":\"Paris, Pronostics, Wiki sur la Politique, les Elections Am\u00e9ricaines: Joe Biden, Donald Trump avec les Bookmakers en ligne Unibet, Bwin, Betclic, Winamax\",\"potentialAction\":[{\"@type\":\"SearchAction\",\"target\":{\"@type\":\"EntryPoint\",\"urlTemplate\":\"https:\/\/parier-presidentielle.com\/?s={search_term_string}\"},\"query-input\":\"required name=search_term_string\"}],\"inLanguage\":\"es\"}]}<\/script>\n<!-- \/ Yoast SEO Premium plugin. -->","yoast_head_json":{"title":"Asselineau Bookmakers : Paris, Cote et Pronostics - Finale Coupe du Monde FIFA","description":"Pariez sur Asselineau pour l'Election 2022 : Cliquez Ici et Gagnez Gros! Pronostics ,Comparaison des Bookmakers et des meilleurs Cotes.","robots":{"index":"index","follow":"follow","max-snippet":"max-snippet:-1","max-image-preview":"max-image-preview:large","max-video-preview":"max-video-preview:-1"},"canonical":"https:\/\/parier-presidentielle.com\/es\/asselineau-bookmakers-casa-de-apuesta\/","og_locale":"es_ES","og_type":"article","og_title":"Asselineau Bookmakers : Paris, Cote et Pronostics","og_description":"Pariez sur Asselineau pour l'Election 2022 : Cliquez Ici et Gagnez Gros! Pronostics ,Comparaison des Bookmakers et des meilleurs Cotes.","og_url":"https:\/\/parier-presidentielle.com\/es\/asselineau-bookmakers-casa-de-apuesta\/","og_site_name":"Parier Pr\u00e9sidentielle","article_modified_time":"2023-01-24T17:49:06+00:00","twitter_card":"summary_large_image","twitter_misc":{"Tiempo de lectura":"2 minutos"},"schema":{"@context":"https:\/\/schema.org","@graph":[{"@type":"WebPage","@id":"https:\/\/parier-presidentielle.com\/asselineau-bookmakers\/","url":"https:\/\/parier-presidentielle.com\/asselineau-bookmakers\/","name":"Asselineau Bookmakers : Paris, Cote et Pronostics - Finale Coupe du Monde FIFA","isPartOf":{"@id":"https:\/\/parier-presidentielle.com\/#website"},"datePublished":"2021-09-13T12:41:45+00:00","dateModified":"2023-01-24T17:49:06+00:00","description":"Pariez sur Asselineau pour l'Election 2022 : Cliquez Ici et Gagnez Gros! Pronostics ,Comparaison des Bookmakers et des meilleurs Cotes.","breadcrumb":{"@id":"https:\/\/parier-presidentielle.com\/asselineau-bookmakers\/#breadcrumb"},"inLanguage":"es","potentialAction":[{"@type":"ReadAction","target":["https:\/\/parier-presidentielle.com\/asselineau-bookmakers\/"]}]},{"@type":"BreadcrumbList","@id":"https:\/\/parier-presidentielle.com\/asselineau-bookmakers\/#breadcrumb","itemListElement":[{"@type":"ListItem","position":1,"name":"Accueil","item":"https:\/\/parier-presidentielle.com\/"},{"@type":"ListItem","position":2,"name":"Asselineau Bookmakers : Paris, Cote et Pronostics"}]},{"@type":"WebSite","@id":"https:\/\/parier-presidentielle.com\/#website","url":"https:\/\/parier-presidentielle.com\/","name":"Parier Pr\u00e9sidentielle","description":"Paris, Pronostics, Wiki sur la Politique, les Elections Am\u00e9ricaines: Joe Biden, Donald Trump avec les Bookmakers en ligne Unibet, Bwin, Betclic, Winamax","potentialAction":[{"@type":"SearchAction","target":{"@type":"EntryPoint","urlTemplate":"https:\/\/parier-presidentielle.com\/?s={search_term_string}"},"query-input":"required name=search_term_string"}],"inLanguage":"es"}]}},"_links":{"self":[{"href":"https:\/\/parier-presidentielle.com\/es\/wp-json\/wp\/v2\/pages\/163"}],"collection":[{"href":"https:\/\/parier-presidentielle.com\/es\/wp-json\/wp\/v2\/pages"}],"about":[{"href":"https:\/\/parier-presidentielle.com\/es\/wp-json\/wp\/v2\/types\/page"}],"author":[{"embeddable":true,"href":"https:\/\/parier-presidentielle.com\/es\/wp-json\/wp\/v2\/users\/1"}],"replies":[{"embeddable":true,"href":"https:\/\/parier-presidentielle.com\/es\/wp-json\/wp\/v2\/comments?post=163"}],"version-history":[{"count":22,"href":"https:\/\/parier-presidentielle.com\/es\/wp-json\/wp\/v2\/pages\/163\/revisions"}],"predecessor-version":[{"id":1915,"href":"https:\/\/parier-presidentielle.com\/es\/wp-json\/wp\/v2\/pages\/163\/revisions\/1915"}],"wp:attachment":[{"href":"https:\/\/parier-presidentielle.com\/es\/wp-json\/wp\/v2\/media?parent=163"}],"curies":[{"name":"wp","href":"https:\/\/api.w.org\/{rel}","templated":true}]}}