{"id":1956,"date":"2023-03-20T17:03:39","date_gmt":"2023-03-20T16:03:39","guid":{"rendered":"https:\/\/parier-presidentielle.com\/?page_id=1956"},"modified":"2023-06-02T11:27:55","modified_gmt":"2023-06-02T09:27:55","slug":"donald-trump-sur-le-marche-du-cannabis-et-du-hhc","status":"publish","type":"page","link":"https:\/\/parier-presidentielle.com\/es\/donald-trump-en-el-mercado-de-cannabis-y-hhc\/","title":{"rendered":"El impacto de Donald Trump en el mercado de Cannabis y HHC"},"content":{"rendered":"<p>Desde la toma de posesi\u00f3n de Donald Trump como presidente de los Estados Unidos en 2016, la industria del cannabis y el cannabis <a href=\"https:\/\/wikihhc.com\/en\/\" target=\"_blank\" rel=\"noreferrer noopener\">HHC<\/a> (cannabinoide derivado del c\u00e1\u00f1amo) ha estado en constante evoluci\u00f3n. Las declaraciones del presidente y las pol\u00edticas implementadas han tenido un impacto significativo en este mercado en crecimiento. En este art\u00edculo, exploraremos las decisiones clave tomadas por Trump y c\u00f3mo influyen en el futuro de la industria del cannabis y el HHC. Muchos sitios ofrecen descuentos en <a href=\"https:\/\/wikihhc.com\/site\/weecl\/code-promo-coupon-bon-de-reduction-weecl\/\">CBD y HHC como Weecl con c\u00f3digos promocionales<\/a>.<\/p>\n\n\n\n<h2 class=\"wp-block-heading\"><span id=\"la-position-initiale-de-trump-sur-le-cannabis\">La postura inicial de Trump sobre el cannabis<\/span><\/h2>\n\n\n\n<p>Durante su campa\u00f1a electoral de 2016, Donald Trump adopt\u00f3 una posici\u00f3n bastante vaga sobre la cuesti\u00f3n del cannabis. Dijo que la cuesti\u00f3n deber\u00eda ser resuelta por los estados individuales y que no se opon\u00eda al uso medicinal del cannabis. Sin embargo, tambi\u00e9n expres\u00f3 su preocupaci\u00f3n por el aumento del consumo de cannabis entre los j\u00f3venes y los posibles efectos negativos sobre la salud p\u00fablica.<\/p>\n\n\n\n<h2 class=\"wp-block-heading\"><span id=\"la-nomination-de-jeff-sessions\">La nominaci\u00f3n de Jeff Sessions<\/span><\/h2>\n\n\n\n<p>Una de las primeras decisiones de Trump respecto al cannabis fue el nombramiento de Jeff Sessions como Fiscal General. Sessions era conocido por su firme oposici\u00f3n al cannabis y por su postura de que el cannabis era &quot;peligroso&quot; y deb\u00eda &quot;evitarse a toda costa&quot;. Este nombramiento caus\u00f3 preocupaci\u00f3n dentro de la industria del cannabis y de la HHC, y muchos temieron que llevar\u00eda a una mayor represi\u00f3n contra las empresas de cannabis.<\/p>\n\n\n\n<h2 class=\"wp-block-heading\"><span id=\"le-rescrit-de-cole\">el guion de cole<\/span><\/h2>\n\n\n\n<p>Otra decisi\u00f3n importante de Trump fue la derogaci\u00f3n del fallo Cole en 2018. El fallo fue implementado por la administraci\u00f3n Obama en 2013 para brindar orientaci\u00f3n a los fiscales federales sobre c\u00f3mo manejar las leyes sobre el cannabis en los estados que hab\u00edan legalizado el cannabis con fines m\u00e9dicos y recreativos. . La derogaci\u00f3n de este fallo se consider\u00f3 un rev\u00e9s importante para la industria del cannabis y la HHC, y gener\u00f3 preocupaci\u00f3n sobre una mayor aplicaci\u00f3n de la ley sobre el cannabis a nivel federal.<\/p>\n\n\n\n<h2 class=\"wp-block-heading\"><span id=\"le-farm-bill-de-2018\">La Ley Agr\u00edcola de 2018<\/span><\/h2>\n\n\n\n<p>A pesar de los reveses, la industria HHC experiment\u00f3 un \u00e9xito significativo en 2018 con la Ley Agr\u00edcola. Esta ley legaliz\u00f3 el cultivo, producci\u00f3n y venta de c\u00e1\u00f1amo industrial, definido como cannabis que contiene menos de 0,3 % THC, en todo el pa\u00eds. La medida fue bien recibida por la industria de HHC, que durante mucho tiempo hab\u00eda buscado legalizar el cultivo de c\u00e1\u00f1amo para su producci\u00f3n de CBD.<\/p>\n\n\n\n<h2 class=\"wp-block-heading\"><span id=\"la-pandemie-de-covid-19\">La pandemia de COVID-19<\/span><\/h2>\n\n\n\n<p>La pandemia de COVID-19 tambi\u00e9n ha tenido un impacto significativo en la industria del cannabis y la HHC. Como sector esencial, muchos dispensarios y empresas de cannabis han seguido funcionando a pesar del cierre de empresas en otros sectores. Sin embargo, la pandemia tambi\u00e9n ha provocado una disminuci\u00f3n de la demanda de productos de cannabis, especialmente entre los consumidores.<\/p>\n\n\n\n<p>entusiastas del ocio. Las restricciones de viaje tambi\u00e9n han afectado las cadenas de suministro de la industria del cannabis y del HHC, provocando interrupciones en la producci\u00f3n y distribuci\u00f3n.<\/p>\n\n\n\n<h2 class=\"wp-block-heading\"><span id=\"l8217avenir-de-l8217industrie-du-cannabis-et-du-hhc-sous-l8217administration-biden\">El futuro de la industria del cannabis y el HHC bajo la administraci\u00f3n Biden<\/span><\/h2>\n\n\n\n<p>Con la toma de posesi\u00f3n de Joe Biden en enero de 2021, <a href=\"https:\/\/wikihhc.com\/site\/\">La industria del cannabis y el HHC <\/a>esperaba un cambio de direcci\u00f3n con respecto a las pol\u00edticas implementadas bajo la administraci\u00f3n Trump. Biden ha expresado su apoyo a la legalizaci\u00f3n del uso m\u00e9dico del cannabis y a la eliminaci\u00f3n de las sentencias obligatorias por delitos relacionados con el cannabis. Sin embargo, tambi\u00e9n dijo que apoyar\u00eda la clasificaci\u00f3n actual del cannabis como sustancia de la Lista I, lo que significa que se considera que tiene un alto potencial de abuso y no tiene un uso m\u00e9dico v\u00e1lido.<\/p>\n\n\n\n<p>A pesar de la incertidumbre sobre el futuro de la industria del cannabis y el HHC bajo la administraci\u00f3n Biden, la industria sigue en constante evoluci\u00f3n y sigue creciendo. Los estados contin\u00faan legalizando el cannabis con fines m\u00e9dicos y recreativos, y se est\u00e1n creando nuevas empresas HHC para satisfacer la creciente demanda de productos de CBD. La industria del cannabis y la HHC sigue siendo un sector en crecimiento con numerosas oportunidades para emprendedores e inversores.<\/p>\n\n\n\n<p>En conclusi\u00f3n, el impacto de Donald Trump en la industria del cannabis y el HHC ha sido significativo, pero persisten incertidumbres sobre el futuro de esta industria bajo la administraci\u00f3n Biden. A pesar de esto, la industria contin\u00faa creciendo y evolucionando, brindando numerosas oportunidades para empresas e inversores.<\/p>\n\n\n\n<p><\/p>\n\n\n\n<figure class=\"wp-block-embed is-type-video is-provider-youtube wp-block-embed-youtube wp-embed-aspect-16-9 wp-has-aspect-ratio\"><div class=\"wp-block-embed__wrapper\">\n<iframe loading=\"lazy\" title=\"La victoria de Trump: \u00bfHacia el fin de la prohibici\u00f3n del cannabis? - RTL - RTL\" width=\"640\" height=\"360\" src=\"https:\/\/www.youtube.com\/embed\/j5oDI7O_byY?feature=oembed\" frameborder=\"0\" allow=\"accelerometer; autoplay; clipboard-write; encrypted-media; gyroscope; picture-in-picture; web-share\" allowfullscreen><\/iframe>\n<\/div><\/figure>\n\n\n\n<p>Preguntas frecuentes:<\/p>\n\n\n\n<ol>\n<li>\u00bfQu\u00e9 es el HHC? HHC (cannabinoide derivado del c\u00e1\u00f1amo) es un compuesto cannabinoide derivado del c\u00e1\u00f1amo industrial que contiene menos de 0,3 % de THC.<\/li>\n\n\n\n<li>\u00bfQu\u00e9 estados de EE. UU. han legalizado el cannabis? Hasta la fecha, 36 estados de EE. UU. han legalizado el cannabis con fines m\u00e9dicos y 15 estados han legalizado el cannabis para uso recreativo.<\/li>\n\n\n\n<li>\u00bfCu\u00e1l es el impacto de clasificar el cannabis como una sustancia de la Lista I? La clasificaci\u00f3n del cannabis como sustancia de la Lista I significa que se considera que tiene un alto potencial de abuso y que no tiene un uso m\u00e9dico v\u00e1lido, lo que dificulta a los investigadores realizar estudios sobre sus propiedades medicinales.<\/li>\n\n\n\n<li>\u00bfCu\u00e1les son las perturbaciones en la producci\u00f3n de cannabis causadas por la pandemia de COVID-19? La pandemia de COVID-19 ha provocado interrupciones en las cadenas de suministro de la industria del cannabis y la HHC, lo que ha provocado retrasos en la producci\u00f3n y distribuci\u00f3n.<\/li>\n<\/ol>\n<div id=\"toc_container\" class=\"no_bullets\"><p class=\"toc_title\">Indice<\/p><ul class=\"toc_list\"><li><\/li><li><\/li><li><\/li><li><\/li><li><\/li><li><\/li><\/ul><\/div>","protected":false},"excerpt":{"rendered":"<p>Desde la toma de posesi\u00f3n de Donald Trump como presidente de los Estados Unidos en 2016, la industria del cannabis y del HHC (cannabinoide derivado del c\u00e1\u00f1amo) ha estado en constante evoluci\u00f3n. Las declaraciones del presidente y las pol\u00edticas implementadas han tenido un impacto significativo en este mercado en crecimiento. En este art\u00edculo, exploraremos las decisiones clave...<\/p>","protected":false},"author":1,"featured_media":1959,"parent":0,"menu_order":0,"comment_status":"closed","ping_status":"closed","template":"page-nosidebar.php","meta":{"footnotes":""},"yoast_head":"<!-- This site is optimized with the Yoast SEO Premium plugin v21.0 (Yoast SEO v21.0) - https:\/\/yoast.com\/wordpress\/plugins\/seo\/ -->\n<title>L&#039;impact de Donald Trump sur le march\u00e9 du Cannabis et du HHC - Finale Coupe du Monde FIFA<\/title>\n<meta name=\"robots\" content=\"index, follow, max-snippet:-1, max-image-preview:large, max-video-preview:-1\" \/>\n<link rel=\"canonical\" href=\"https:\/\/parier-presidentielle.com\/es\/donald-trump-en-el-mercado-de-cannabis-y-hhc\/\" \/>\n<meta property=\"og:locale\" content=\"es_ES\" \/>\n<meta property=\"og:type\" content=\"article\" \/>\n<meta property=\"og:title\" content=\"L&#039;impact de Donald Trump sur le march\u00e9 du Cannabis et du HHC\" \/>\n<meta property=\"og:description\" content=\"Depuis l&#8217;investiture de Donald Trump \u00e0 la pr\u00e9sidence des \u00c9tats-Unis en 2016, l&#8217;industrie du cannabis et du HHC (Hemp-derived Cannabinoid) a \u00e9t\u00e9 en constante \u00e9volution. Les d\u00e9clarations du pr\u00e9sident et les politiques mises en place ont eu un impact significatif sur ce march\u00e9 en pleine expansion. Dans cet article, nous allons explorer les d\u00e9cisions cl\u00e9s ...\" \/>\n<meta property=\"og:url\" content=\"https:\/\/parier-presidentielle.com\/es\/donald-trump-en-el-mercado-de-cannabis-y-hhc\/\" \/>\n<meta property=\"og:site_name\" content=\"Parier Pr\u00e9sidentielle\" \/>\n<meta property=\"article:modified_time\" content=\"2023-06-02T09:27:55+00:00\" \/>\n<meta property=\"og:image\" content=\"https:\/\/parier-presidentielle.com\/wp-content\/uploads\/2023\/03\/donald-trump-hhc-scaled.jpg\" \/>\n\t<meta property=\"og:image:width\" content=\"2560\" \/>\n\t<meta property=\"og:image:height\" content=\"1440\" \/>\n\t<meta property=\"og:image:type\" content=\"image\/jpeg\" \/>\n<meta name=\"twitter:card\" content=\"summary_large_image\" \/>\n<meta name=\"twitter:label1\" content=\"Tiempo de lectura\" \/>\n\t<meta name=\"twitter:data1\" content=\"5 minutos\" \/>\n<script type=\"application\/ld+json\" class=\"yoast-schema-graph\">{\"@context\":\"https:\/\/schema.org\",\"@graph\":[{\"@type\":\"WebPage\",\"@id\":\"https:\/\/parier-presidentielle.com\/donald-trump-sur-le-marche-du-cannabis-et-du-hhc\/\",\"url\":\"https:\/\/parier-presidentielle.com\/donald-trump-sur-le-marche-du-cannabis-et-du-hhc\/\",\"name\":\"L'impact de Donald Trump sur le march\u00e9 du Cannabis et du HHC - Finale Coupe du Monde FIFA\",\"isPartOf\":{\"@id\":\"https:\/\/parier-presidentielle.com\/#website\"},\"datePublished\":\"2023-03-20T16:03:39+00:00\",\"dateModified\":\"2023-06-02T09:27:55+00:00\",\"breadcrumb\":{\"@id\":\"https:\/\/parier-presidentielle.com\/donald-trump-sur-le-marche-du-cannabis-et-du-hhc\/#breadcrumb\"},\"inLanguage\":\"es\",\"potentialAction\":[{\"@type\":\"ReadAction\",\"target\":[\"https:\/\/parier-presidentielle.com\/donald-trump-sur-le-marche-du-cannabis-et-du-hhc\/\"]}]},{\"@type\":\"BreadcrumbList\",\"@id\":\"https:\/\/parier-presidentielle.com\/donald-trump-sur-le-marche-du-cannabis-et-du-hhc\/#breadcrumb\",\"itemListElement\":[{\"@type\":\"ListItem\",\"position\":1,\"name\":\"Accueil\",\"item\":\"https:\/\/parier-presidentielle.com\/\"},{\"@type\":\"ListItem\",\"position\":2,\"name\":\"L&#8217;impact de Donald Trump sur le march\u00e9 du Cannabis et du HHC\"}]},{\"@type\":\"WebSite\",\"@id\":\"https:\/\/parier-presidentielle.com\/#website\",\"url\":\"https:\/\/parier-presidentielle.com\/\",\"name\":\"Parier Pr\u00e9sidentielle\",\"description\":\"Paris, Pronostics, Wiki sur la Politique, les Elections Am\u00e9ricaines: Joe Biden, Donald Trump avec les Bookmakers en ligne Unibet, Bwin, Betclic, Winamax\",\"potentialAction\":[{\"@type\":\"SearchAction\",\"target\":{\"@type\":\"EntryPoint\",\"urlTemplate\":\"https:\/\/parier-presidentielle.com\/?s={search_term_string}\"},\"query-input\":\"required name=search_term_string\"}],\"inLanguage\":\"es\"}]}<\/script>\n<!-- \/ Yoast SEO Premium plugin. -->","yoast_head_json":{"title":"L'impact de Donald Trump sur le march\u00e9 du Cannabis et du HHC - Finale Coupe du Monde FIFA","robots":{"index":"index","follow":"follow","max-snippet":"max-snippet:-1","max-image-preview":"max-image-preview:large","max-video-preview":"max-video-preview:-1"},"canonical":"https:\/\/parier-presidentielle.com\/es\/donald-trump-en-el-mercado-de-cannabis-y-hhc\/","og_locale":"es_ES","og_type":"article","og_title":"L'impact de Donald Trump sur le march\u00e9 du Cannabis et du HHC","og_description":"Depuis l&#8217;investiture de Donald Trump \u00e0 la pr\u00e9sidence des \u00c9tats-Unis en 2016, l&#8217;industrie du cannabis et du HHC (Hemp-derived Cannabinoid) a \u00e9t\u00e9 en constante \u00e9volution. Les d\u00e9clarations du pr\u00e9sident et les politiques mises en place ont eu un impact significatif sur ce march\u00e9 en pleine expansion. Dans cet article, nous allons explorer les d\u00e9cisions cl\u00e9s ...","og_url":"https:\/\/parier-presidentielle.com\/es\/donald-trump-en-el-mercado-de-cannabis-y-hhc\/","og_site_name":"Parier Pr\u00e9sidentielle","article_modified_time":"2023-06-02T09:27:55+00:00","og_image":[{"width":2560,"height":1440,"url":"https:\/\/parier-presidentielle.com\/wp-content\/uploads\/2023\/03\/donald-trump-hhc-scaled.jpg","type":"image\/jpeg"}],"twitter_card":"summary_large_image","twitter_misc":{"Tiempo de lectura":"5 minutos"},"schema":{"@context":"https:\/\/schema.org","@graph":[{"@type":"WebPage","@id":"https:\/\/parier-presidentielle.com\/donald-trump-sur-le-marche-du-cannabis-et-du-hhc\/","url":"https:\/\/parier-presidentielle.com\/donald-trump-sur-le-marche-du-cannabis-et-du-hhc\/","name":"L'impact de Donald Trump sur le march\u00e9 du Cannabis et du HHC - Finale Coupe du Monde FIFA","isPartOf":{"@id":"https:\/\/parier-presidentielle.com\/#website"},"datePublished":"2023-03-20T16:03:39+00:00","dateModified":"2023-06-02T09:27:55+00:00","breadcrumb":{"@id":"https:\/\/parier-presidentielle.com\/donald-trump-sur-le-marche-du-cannabis-et-du-hhc\/#breadcrumb"},"inLanguage":"es","potentialAction":[{"@type":"ReadAction","target":["https:\/\/parier-presidentielle.com\/donald-trump-sur-le-marche-du-cannabis-et-du-hhc\/"]}]},{"@type":"BreadcrumbList","@id":"https:\/\/parier-presidentielle.com\/donald-trump-sur-le-marche-du-cannabis-et-du-hhc\/#breadcrumb","itemListElement":[{"@type":"ListItem","position":1,"name":"Accueil","item":"https:\/\/parier-presidentielle.com\/"},{"@type":"ListItem","position":2,"name":"L&#8217;impact de Donald Trump sur le march\u00e9 du Cannabis et du HHC"}]},{"@type":"WebSite","@id":"https:\/\/parier-presidentielle.com\/#website","url":"https:\/\/parier-presidentielle.com\/","name":"Parier Pr\u00e9sidentielle","description":"Paris, Pronostics, Wiki sur la Politique, les Elections Am\u00e9ricaines: Joe Biden, Donald Trump avec les Bookmakers en ligne Unibet, Bwin, Betclic, Winamax","potentialAction":[{"@type":"SearchAction","target":{"@type":"EntryPoint","urlTemplate":"https:\/\/parier-presidentielle.com\/?s={search_term_string}"},"query-input":"required name=search_term_string"}],"inLanguage":"es"}]}},"_links":{"self":[{"href":"https:\/\/parier-presidentielle.com\/es\/wp-json\/wp\/v2\/pages\/1956"}],"collection":[{"href":"https:\/\/parier-presidentielle.com\/es\/wp-json\/wp\/v2\/pages"}],"about":[{"href":"https:\/\/parier-presidentielle.com\/es\/wp-json\/wp\/v2\/types\/page"}],"author":[{"embeddable":true,"href":"https:\/\/parier-presidentielle.com\/es\/wp-json\/wp\/v2\/users\/1"}],"replies":[{"embeddable":true,"href":"https:\/\/parier-presidentielle.com\/es\/wp-json\/wp\/v2\/comments?post=1956"}],"version-history":[{"count":4,"href":"https:\/\/parier-presidentielle.com\/es\/wp-json\/wp\/v2\/pages\/1956\/revisions"}],"predecessor-version":[{"id":2001,"href":"https:\/\/parier-presidentielle.com\/es\/wp-json\/wp\/v2\/pages\/1956\/revisions\/2001"}],"wp:featuredmedia":[{"embeddable":true,"href":"https:\/\/parier-presidentielle.com\/es\/wp-json\/wp\/v2\/media\/1959"}],"wp:attachment":[{"href":"https:\/\/parier-presidentielle.com\/es\/wp-json\/wp\/v2\/media?parent=1956"}],"curies":[{"name":"wp","href":"https:\/\/api.w.org\/{rel}","templated":true}]}}